{"id":44945,"date":"2023-06-20T18:17:48","date_gmt":"2023-06-20T15:17:48","guid":{"rendered":"https:\/\/www.teknocanta.com\/?post_type=product&#038;p=44945"},"modified":"2023-06-20T18:17:48","modified_gmt":"2023-06-20T15:17:48","slug":"bez-canta-modeli-36","status":"publish","type":"product","link":"https:\/\/www.teknocanta.com\/it\/urun\/bez-canta-modeli-36\/","title":{"rendered":"Bez \u00c7anta Modeli 36"},"content":{"rendered":"<p>Tekno \u00c7anta olarak toptan bez \u00e7anta imalat\u0131 yapmaktan gurur duyuyoruz. M\u00fc\u015fterilerimize kaliteli ve \u00e7evre dostu \u00e7anta se\u00e7enekleri sunarak i\u015fletmelerinin ihtiya\u00e7lar\u0131n\u0131 kar\u015f\u0131l\u0131yoruz.<\/p>\n<p>\u00dcr\u00fcnlerimiz, y\u00fcksek kaliteli bez malzemelerden \u00fcretilmektedir. Kuma\u015flar\u0131n dayan\u0131kl\u0131l\u0131\u011f\u0131 ve sa\u011flaml\u0131\u011f\u0131, \u00e7antalar\u0131m\u0131z\u0131n uzun \u00f6m\u00fcrl\u00fc olmas\u0131n\u0131 sa\u011flamaktad\u0131r. Ayr\u0131ca, \u00e7evreye duyarl\u0131l\u0131\u011f\u0131m\u0131z\u0131 g\u00f6stermek amac\u0131yla s\u00fcrd\u00fcr\u00fclebilir kaynaklardan elde edilen malzemeleri tercih ediyoruz.<\/p>\n<p>Toptan bez \u00e7anta \u00fcretimimizde farkl\u0131 modeller ve boyutlar sunuyoruz. Al\u0131\u015fveri\u015f \u00e7antalar\u0131, promosyon \u00e7antalar\u0131, konferans \u00e7antalar\u0131 ve daha bir\u00e7ok \u00e7e\u015fit mevcuttur. \u0130htiya\u00e7lar\u0131n\u0131za ve taleplerinize g\u00f6re \u00f6zelle\u015ftirilebilen \u00e7anta se\u00e7enekleri sunarak, markan\u0131z\u0131n veya etkinli\u011finizin tan\u0131t\u0131m\u0131n\u0131 yapman\u0131za yard\u0131mc\u0131 oluyoruz. \u0130stedi\u011finiz tasar\u0131mlar\u0131n veya logolar\u0131n bask\u0131s\u0131n\u0131 da yapabilmekteyiz.<\/p>\n","protected":false},"excerpt":{"rendered":"<p>Tekno \u00c7anta olarak toptan bez \u00e7anta imalat\u0131 yapmaktan gurur duyuyoruz. M\u00fc\u015fterilerimize kaliteli ve \u00e7evre dostu \u00e7anta se\u00e7enekleri sunarak i\u015fletmelerinin ihtiya\u00e7lar\u0131n\u0131 kar\u015f\u0131l\u0131yoruz. \u00dcr\u00fcnlerimiz, y\u00fcksek kaliteli bez malzemelerden \u00fcretilmektedir. Kuma\u015flar\u0131n dayan\u0131kl\u0131l\u0131\u011f\u0131 ve sa\u011flaml\u0131\u011f\u0131, \u00e7antalar\u0131m\u0131z\u0131n uzun \u00f6m\u00fcrl\u00fc olmas\u0131n\u0131 sa\u011flamaktad\u0131r. Ayr\u0131ca, \u00e7evreye duyarl\u0131l\u0131\u011f\u0131m\u0131z\u0131 g\u00f6stermek amac\u0131yla s\u00fcrd\u00fcr\u00fclebilir kaynaklardan elde edilen malzemeleri tercih ediyoruz. Toptan bez \u00e7anta \u00fcretimimizde farkl\u0131 modeller ve&hellip;<\/p>\n","protected":false},"featured_media":44946,"comment_status":"open","ping_status":"closed","template":"","meta":[],"product_brand":[],"product_cat":[855,223],"product_tag":[],"class_list":{"0":"post-44945","1":"product","2":"type-product","3":"status-publish","4":"has-post-thumbnail","6":"product_cat-tela-bez-canta","7":"product_cat-hambez-canta","8":"description-off","10":"first","11":"instock","12":"shipping-taxable","13":"product-type-simple"},"yoast_head":"<!-- This site is optimized with the Yoast SEO plugin v26.6 - https:\/\/yoast.com\/wordpress\/plugins\/seo\/ -->\n<title>Bez \u00c7anta Modeli 36 - Tekno \u00c7anta - Promosyon Toptan \u00c7anta \u0130malat\u0131<\/title>\n<meta name=\"robots\" content=\"index, follow, max-snippet:-1, max-image-preview:large, max-video-preview:-1\" \/>\n<link rel=\"canonical\" href=\"https:\/\/www.teknocanta.com\/urun\/bez-canta-modeli-36\/\" \/>\n<meta property=\"og:locale\" content=\"it_IT\" \/>\n<meta property=\"og:type\" content=\"article\" \/>\n<meta property=\"og:title\" content=\"Bez \u00c7anta Modeli 36 - Tekno \u00c7anta - Promosyon Toptan \u00c7anta \u0130malat\u0131\" \/>\n<meta property=\"og:description\" content=\"Tekno \u00c7anta olarak toptan bez \u00e7anta imalat\u0131 yapmaktan gurur duyuyoruz. M\u00fc\u015fterilerimize kaliteli ve \u00e7evre dostu \u00e7anta se\u00e7enekleri sunarak i\u015fletmelerinin ihtiya\u00e7lar\u0131n\u0131 kar\u015f\u0131l\u0131yoruz. \u00dcr\u00fcnlerimiz, y\u00fcksek kaliteli bez malzemelerden \u00fcretilmektedir. Kuma\u015flar\u0131n dayan\u0131kl\u0131l\u0131\u011f\u0131 ve sa\u011flaml\u0131\u011f\u0131, \u00e7antalar\u0131m\u0131z\u0131n uzun \u00f6m\u00fcrl\u00fc olmas\u0131n\u0131 sa\u011flamaktad\u0131r. Ayr\u0131ca, \u00e7evreye duyarl\u0131l\u0131\u011f\u0131m\u0131z\u0131 g\u00f6stermek amac\u0131yla s\u00fcrd\u00fcr\u00fclebilir kaynaklardan elde edilen malzemeleri tercih ediyoruz. Toptan bez \u00e7anta \u00fcretimimizde farkl\u0131 modeller ve&hellip;\" \/>\n<meta property=\"og:url\" content=\"https:\/\/www.teknocanta.com\/urun\/bez-canta-modeli-36\/\" \/>\n<meta property=\"og:site_name\" content=\"Tekno \u00c7anta - Promosyon Toptan \u00c7anta \u0130malat\u0131\" \/>\n<meta property=\"og:image\" content=\"https:\/\/www.teknocanta.com\/wp-content\/uploads\/2023\/06\/bez-canta-modeli-38.jpg\" \/>\n\t<meta property=\"og:image:width\" content=\"1081\" \/>\n\t<meta property=\"og:image:height\" content=\"1081\" \/>\n\t<meta property=\"og:image:type\" content=\"image\/jpeg\" \/>\n<meta name=\"twitter:card\" content=\"summary_large_image\" \/>\n<meta name=\"twitter:label1\" content=\"Tempo di lettura stimato\" \/>\n\t<meta name=\"twitter:data1\" content=\"1 minuto\" \/>\n<script type=\"application\/ld+json\" class=\"yoast-schema-graph\">{\"@context\":\"https:\/\/schema.org\",\"@graph\":[{\"@type\":\"WebPage\",\"@id\":\"https:\/\/www.teknocanta.com\/urun\/bez-canta-modeli-36\/\",\"url\":\"https:\/\/www.teknocanta.com\/urun\/bez-canta-modeli-36\/\",\"name\":\"Bez \u00c7anta Modeli 36 - Tekno \u00c7anta - Promosyon Toptan \u00c7anta \u0130malat\u0131\",\"isPartOf\":{\"@id\":\"https:\/\/www.teknocanta.com\/#website\"},\"primaryImageOfPage\":{\"@id\":\"https:\/\/www.teknocanta.com\/urun\/bez-canta-modeli-36\/#primaryimage\"},\"image\":{\"@id\":\"https:\/\/www.teknocanta.com\/urun\/bez-canta-modeli-36\/#primaryimage\"},\"thumbnailUrl\":\"https:\/\/www.teknocanta.com\/wp-content\/uploads\/2023\/06\/bez-canta-modeli-38.jpg\",\"datePublished\":\"2023-06-20T15:17:48+00:00\",\"breadcrumb\":{\"@id\":\"https:\/\/www.teknocanta.com\/urun\/bez-canta-modeli-36\/#breadcrumb\"},\"inLanguage\":\"it-IT\",\"potentialAction\":[{\"@type\":\"ReadAction\",\"target\":[\"https:\/\/www.teknocanta.com\/urun\/bez-canta-modeli-36\/\"]}]},{\"@type\":\"ImageObject\",\"inLanguage\":\"it-IT\",\"@id\":\"https:\/\/www.teknocanta.com\/urun\/bez-canta-modeli-36\/#primaryimage\",\"url\":\"https:\/\/www.teknocanta.com\/wp-content\/uploads\/2023\/06\/bez-canta-modeli-38.jpg\",\"contentUrl\":\"https:\/\/www.teknocanta.com\/wp-content\/uploads\/2023\/06\/bez-canta-modeli-38.jpg\",\"width\":1081,\"height\":1081,\"caption\":\"bez \u00e7anta\"},{\"@type\":\"BreadcrumbList\",\"@id\":\"https:\/\/www.teknocanta.com\/urun\/bez-canta-modeli-36\/#breadcrumb\",\"itemListElement\":[{\"@type\":\"ListItem\",\"position\":1,\"name\":\"Ana sayfa\",\"item\":\"https:\/\/www.teknocanta.com\/it\/\"},{\"@type\":\"ListItem\",\"position\":2,\"name\":\"\u00dcr\u00fcnler\",\"item\":\"https:\/\/www.teknocanta.com\/urunler\/\"},{\"@type\":\"ListItem\",\"position\":3,\"name\":\"Bez \u00c7anta Modeli 36\"}]},{\"@type\":\"WebSite\",\"@id\":\"https:\/\/www.teknocanta.com\/#website\",\"url\":\"https:\/\/www.teknocanta.com\/\",\"name\":\"Tekno \u00c7anta - Promosyon Toptan \u00c7anta \u0130malat\u0131\",\"description\":\"Toptan \u00e7anta imalat\u0131, ham bez \u00e7anta, s\u0131rt \u00e7antalar\u0131, laptop ve evrak \u00e7antalar\u0131, kongre \u00e7antalar\u0131, fuar \u00e7antas\u0131 ve ipli b\u00fczg\u00fcl\u00fc \u00e7anta imalat\u0131 yapmaktay\u0131z.\",\"potentialAction\":[{\"@type\":\"SearchAction\",\"target\":{\"@type\":\"EntryPoint\",\"urlTemplate\":\"https:\/\/www.teknocanta.com\/?s={search_term_string}\"},\"query-input\":{\"@type\":\"PropertyValueSpecification\",\"valueRequired\":true,\"valueName\":\"search_term_string\"}}],\"inLanguage\":\"it-IT\"}]}<\/script>\n<!-- \/ Yoast SEO plugin. -->","yoast_head_json":{"title":"Bez \u00c7anta Modeli 36 - Tekno \u00c7anta - Promosyon Toptan \u00c7anta \u0130malat\u0131","robots":{"index":"index","follow":"follow","max-snippet":"max-snippet:-1","max-image-preview":"max-image-preview:large","max-video-preview":"max-video-preview:-1"},"canonical":"https:\/\/www.teknocanta.com\/urun\/bez-canta-modeli-36\/","og_locale":"it_IT","og_type":"article","og_title":"Bez \u00c7anta Modeli 36 - Tekno \u00c7anta - Promosyon Toptan \u00c7anta \u0130malat\u0131","og_description":"Tekno \u00c7anta olarak toptan bez \u00e7anta imalat\u0131 yapmaktan gurur duyuyoruz. M\u00fc\u015fterilerimize kaliteli ve \u00e7evre dostu \u00e7anta se\u00e7enekleri sunarak i\u015fletmelerinin ihtiya\u00e7lar\u0131n\u0131 kar\u015f\u0131l\u0131yoruz. \u00dcr\u00fcnlerimiz, y\u00fcksek kaliteli bez malzemelerden \u00fcretilmektedir. Kuma\u015flar\u0131n dayan\u0131kl\u0131l\u0131\u011f\u0131 ve sa\u011flaml\u0131\u011f\u0131, \u00e7antalar\u0131m\u0131z\u0131n uzun \u00f6m\u00fcrl\u00fc olmas\u0131n\u0131 sa\u011flamaktad\u0131r. Ayr\u0131ca, \u00e7evreye duyarl\u0131l\u0131\u011f\u0131m\u0131z\u0131 g\u00f6stermek amac\u0131yla s\u00fcrd\u00fcr\u00fclebilir kaynaklardan elde edilen malzemeleri tercih ediyoruz. Toptan bez \u00e7anta \u00fcretimimizde farkl\u0131 modeller ve&hellip;","og_url":"https:\/\/www.teknocanta.com\/urun\/bez-canta-modeli-36\/","og_site_name":"Tekno \u00c7anta - Promosyon Toptan \u00c7anta \u0130malat\u0131","og_image":[{"width":1081,"height":1081,"url":"https:\/\/www.teknocanta.com\/wp-content\/uploads\/2023\/06\/bez-canta-modeli-38.jpg","type":"image\/jpeg"}],"twitter_card":"summary_large_image","twitter_misc":{"Tempo di lettura stimato":"1 minuto"},"schema":{"@context":"https:\/\/schema.org","@graph":[{"@type":"WebPage","@id":"https:\/\/www.teknocanta.com\/urun\/bez-canta-modeli-36\/","url":"https:\/\/www.teknocanta.com\/urun\/bez-canta-modeli-36\/","name":"Bez \u00c7anta Modeli 36 - Tekno \u00c7anta - Promosyon Toptan \u00c7anta \u0130malat\u0131","isPartOf":{"@id":"https:\/\/www.teknocanta.com\/#website"},"primaryImageOfPage":{"@id":"https:\/\/www.teknocanta.com\/urun\/bez-canta-modeli-36\/#primaryimage"},"image":{"@id":"https:\/\/www.teknocanta.com\/urun\/bez-canta-modeli-36\/#primaryimage"},"thumbnailUrl":"https:\/\/www.teknocanta.com\/wp-content\/uploads\/2023\/06\/bez-canta-modeli-38.jpg","datePublished":"2023-06-20T15:17:48+00:00","breadcrumb":{"@id":"https:\/\/www.teknocanta.com\/urun\/bez-canta-modeli-36\/#breadcrumb"},"inLanguage":"it-IT","potentialAction":[{"@type":"ReadAction","target":["https:\/\/www.teknocanta.com\/urun\/bez-canta-modeli-36\/"]}]},{"@type":"ImageObject","inLanguage":"it-IT","@id":"https:\/\/www.teknocanta.com\/urun\/bez-canta-modeli-36\/#primaryimage","url":"https:\/\/www.teknocanta.com\/wp-content\/uploads\/2023\/06\/bez-canta-modeli-38.jpg","contentUrl":"https:\/\/www.teknocanta.com\/wp-content\/uploads\/2023\/06\/bez-canta-modeli-38.jpg","width":1081,"height":1081,"caption":"bez \u00e7anta"},{"@type":"BreadcrumbList","@id":"https:\/\/www.teknocanta.com\/urun\/bez-canta-modeli-36\/#breadcrumb","itemListElement":[{"@type":"ListItem","position":1,"name":"Ana sayfa","item":"https:\/\/www.teknocanta.com\/it\/"},{"@type":"ListItem","position":2,"name":"\u00dcr\u00fcnler","item":"https:\/\/www.teknocanta.com\/urunler\/"},{"@type":"ListItem","position":3,"name":"Bez \u00c7anta Modeli 36"}]},{"@type":"WebSite","@id":"https:\/\/www.teknocanta.com\/#website","url":"https:\/\/www.teknocanta.com\/","name":"Tekno \u00c7anta - Promosyon Toptan \u00c7anta \u0130malat\u0131","description":"Toptan \u00e7anta imalat\u0131, ham bez \u00e7anta, s\u0131rt \u00e7antalar\u0131, laptop ve evrak \u00e7antalar\u0131, kongre \u00e7antalar\u0131, fuar \u00e7antas\u0131 ve ipli b\u00fczg\u00fcl\u00fc \u00e7anta imalat\u0131 yapmaktay\u0131z.","potentialAction":[{"@type":"SearchAction","target":{"@type":"EntryPoint","urlTemplate":"https:\/\/www.teknocanta.com\/?s={search_term_string}"},"query-input":{"@type":"PropertyValueSpecification","valueRequired":true,"valueName":"search_term_string"}}],"inLanguage":"it-IT"}]}},"_links":{"self":[{"href":"https:\/\/www.teknocanta.com\/it\/wp-json\/wp\/v2\/product\/44945","targetHints":{"allow":["GET"]}}],"collection":[{"href":"https:\/\/www.teknocanta.com\/it\/wp-json\/wp\/v2\/product"}],"about":[{"href":"https:\/\/www.teknocanta.com\/it\/wp-json\/wp\/v2\/types\/product"}],"replies":[{"embeddable":true,"href":"https:\/\/www.teknocanta.com\/it\/wp-json\/wp\/v2\/comments?post=44945"}],"wp:featuredmedia":[{"embeddable":true,"href":"https:\/\/www.teknocanta.com\/it\/wp-json\/wp\/v2\/media\/44946"}],"wp:attachment":[{"href":"https:\/\/www.teknocanta.com\/it\/wp-json\/wp\/v2\/media?parent=44945"}],"wp:term":[{"taxonomy":"product_brand","embeddable":true,"href":"https:\/\/www.teknocanta.com\/it\/wp-json\/wp\/v2\/product_brand?post=44945"},{"taxonomy":"product_cat","embeddable":true,"href":"https:\/\/www.teknocanta.com\/it\/wp-json\/wp\/v2\/product_cat?post=44945"},{"taxonomy":"product_tag","embeddable":true,"href":"https:\/\/www.teknocanta.com\/it\/wp-json\/wp\/v2\/product_tag?post=44945"}],"curies":[{"name":"wp","href":"https:\/\/api.w.org\/{rel}","templated":true}]}}