{"id":44754,"date":"2021-10-14T15:52:54","date_gmt":"2021-10-14T12:52:54","guid":{"rendered":"https:\/\/www.teknocanta.com\/zaino-vip\/"},"modified":"2021-10-14T15:52:54","modified_gmt":"2021-10-14T12:52:54","slug":"zaino-vip","status":"publish","type":"product","link":"https:\/\/www.teknocanta.com\/it\/prodotto\/zaino-vip\/","title":{"rendered":"Zaino Vip"},"content":{"rendered":"<div>Zaino Vip promozionale<\/div>\n<div><\/div>\n<div>I prezzi si riferiscono a 500 pezzi. \u00c8 possibile acquistare quantit\u00e0 inferiori. Per le vostre richieste di prezzo in quantit\u00e0 diverse, potete richiedere un prezzo inviando una e-mail al nostro indirizzo di posta elettronica nella sezione contatti. L&#8217;IVA dell&#8217;8% e le spese di stampa non sono incluse nel prezzo. Chiedere il costo della stampa in base all&#8217;immagine da stampare.<\/div>\n<div><\/div>\n<div>Per ordini pari o superiori a 250 pezzi, \u00e8 possibile modificare il colore del tessuto, della fodera o della cerniera. Il tessuto utilizzato all&#8217;esterno della borsa \u00e8 in imperteks idrorepellente da 1900 denari, mentre le fodere interne sono in imperteks da 270 denari.<\/div>\n<div><\/div>\n<div>\u00c7antan\u0131n boyutlar\u0131 44x30x15 cm&#8217;dir. La borsa \u00e8 composta da 3 sezioni con chiusura a zip. All&#8217;interno della borsa \u00e8 presente uno scomparto per il computer portatile.<\/div>\n<div><\/div>\n<div>Il corpo della borsa e lo scomparto interno per il computer portatile sono sostenuti da schiuma spessa 8 mm.&nbsp; Viene utilizzata una cerniera di qualit\u00e0 di tipo 8.<\/div>\n<div><\/div>\n<div>\u00c8 possibile stampare all&#8217;interno o all&#8217;esterno della borsa. Nelle borse per congressi, il nome o il logo del congresso \u00e8 solitamente stampato in un unico colore all&#8217;interno della borsa.<\/div>\n<div><\/div>\n<div>I tempi di produzione degli zaini VIP all&#8217;ingrosso variano in base al numero di ordini e sono in media di 15 giorni; a seconda dell&#8217;importanza del lavoro possono essere concessi prima. I prodotti in stock possono essere consegnati il giorno stesso senza stampa. Se i prodotti in stock vengono stampati, possono essere necessari alcuni giorni a seconda della situazione. Si prega di ottenere informazioni aggiornate sulle scorte.<\/div>\n<div><\/div>\n<div>Gli zaini VIp all&#8217;ingrosso sono un utile prodotto promozionale che potete utilizzare in tutti i tipi di eventi come congressi, simposi, conferenze e seminari a scopo promozionale e che potete regalare ai vostri clienti.<\/div>\n","protected":false},"excerpt":{"rendered":"<p>Zaino Vip promozionale I prezzi si riferiscono a 500 pezzi. \u00c8 possibile acquistare quantit\u00e0 inferiori. Per le vostre richieste di prezzo in quantit\u00e0 diverse, potete richiedere un prezzo inviando una e-mail al nostro indirizzo di posta elettronica nella sezione contatti. L&#8217;IVA dell&#8217;8% e le spese di stampa non sono incluse nel prezzo. Chiedere il costo&hellip;<\/p>\n","protected":false},"featured_media":41466,"comment_status":"open","ping_status":"closed","template":"","meta":[],"product_brand":[],"product_cat":[1364,1377,1375],"product_tag":[2273,1511,2272,2274,1534,1763,1764,2275],"class_list":{"0":"post-44754","1":"product","2":"type-product","3":"status-publish","4":"has-post-thumbnail","6":"product_cat-borsa-per-congressi-e-simposi","7":"product_cat-borse-rifornite","8":"product_cat-zaino","9":"product_tag-buona-qualita-zaino-allingrosso","10":"product_tag-produzione-di-zaini","11":"product_tag-zaino-allingrosso-a-buon-mercato-it","12":"product_tag-zaino-allingrosso-istanbul-it","13":"product_tag-zaino-con-stock","14":"product_tag-zaino-istoc-allingrosso","15":"product_tag-zaino-stampato-con-logo","16":"product_tag-zaino-vip","17":"description-off","19":"first","20":"instock","21":"shipping-taxable","22":"purchasable","23":"product-type-simple"},"yoast_head":"<!-- This site is optimized with the Yoast SEO plugin v26.6 - https:\/\/yoast.com\/wordpress\/plugins\/seo\/ -->\n<title>Zaino Vip - Tekno \u00c7anta - Promosyon Toptan \u00c7anta \u0130malat\u0131<\/title>\n<meta name=\"robots\" content=\"index, follow, max-snippet:-1, max-image-preview:large, max-video-preview:-1\" \/>\n<link rel=\"canonical\" href=\"https:\/\/www.teknocanta.com\/zaino-vip\/\" \/>\n<meta property=\"og:locale\" content=\"it_IT\" \/>\n<meta property=\"og:type\" content=\"article\" \/>\n<meta property=\"og:title\" content=\"Zaino Vip - Tekno \u00c7anta - Promosyon Toptan \u00c7anta \u0130malat\u0131\" \/>\n<meta property=\"og:description\" content=\"Zaino Vip promozionale I prezzi si riferiscono a 500 pezzi. \u00c8 possibile acquistare quantit\u00e0 inferiori. Per le vostre richieste di prezzo in quantit\u00e0 diverse, potete richiedere un prezzo inviando una e-mail al nostro indirizzo di posta elettronica nella sezione contatti. L&#8217;IVA dell&#8217;8% e le spese di stampa non sono incluse nel prezzo. Chiedere il costo&hellip;\" \/>\n<meta property=\"og:url\" content=\"https:\/\/www.teknocanta.com\/zaino-vip\/\" \/>\n<meta property=\"og:site_name\" content=\"Tekno \u00c7anta - Promosyon Toptan \u00c7anta \u0130malat\u0131\" \/>\n<meta name=\"twitter:card\" content=\"summary_large_image\" \/>\n<meta name=\"twitter:label1\" content=\"Tempo di lettura stimato\" \/>\n\t<meta name=\"twitter:data1\" content=\"1 minuto\" \/>\n<script type=\"application\/ld+json\" class=\"yoast-schema-graph\">{\"@context\":\"https:\/\/schema.org\",\"@graph\":[{\"@type\":\"WebPage\",\"@id\":\"https:\/\/www.teknocanta.com\/zaino-vip\/\",\"url\":\"https:\/\/www.teknocanta.com\/zaino-vip\/\",\"name\":\"Zaino Vip - Tekno \u00c7anta - Promosyon Toptan \u00c7anta \u0130malat\u0131\",\"isPartOf\":{\"@id\":\"https:\/\/www.teknocanta.com\/#website\"},\"primaryImageOfPage\":{\"@id\":\"https:\/\/www.teknocanta.com\/zaino-vip\/#primaryimage\"},\"image\":{\"@id\":\"https:\/\/www.teknocanta.com\/zaino-vip\/#primaryimage\"},\"thumbnailUrl\":\"https:\/\/www.teknocanta.com\/wp-content\/uploads\/2021\/10\/vip_sirt_cantasi_anaresim.jpg\",\"datePublished\":\"2021-10-14T12:52:54+00:00\",\"breadcrumb\":{\"@id\":\"https:\/\/www.teknocanta.com\/zaino-vip\/#breadcrumb\"},\"inLanguage\":\"it-IT\",\"potentialAction\":[{\"@type\":\"ReadAction\",\"target\":[\"https:\/\/www.teknocanta.com\/zaino-vip\/\"]}]},{\"@type\":\"ImageObject\",\"inLanguage\":\"it-IT\",\"@id\":\"https:\/\/www.teknocanta.com\/zaino-vip\/#primaryimage\",\"url\":\"https:\/\/www.teknocanta.com\/wp-content\/uploads\/2021\/10\/vip_sirt_cantasi_anaresim.jpg\",\"contentUrl\":\"https:\/\/www.teknocanta.com\/wp-content\/uploads\/2021\/10\/vip_sirt_cantasi_anaresim.jpg\",\"width\":750,\"height\":893},{\"@type\":\"BreadcrumbList\",\"@id\":\"https:\/\/www.teknocanta.com\/zaino-vip\/#breadcrumb\",\"itemListElement\":[{\"@type\":\"ListItem\",\"position\":1,\"name\":\"Ana sayfa\",\"item\":\"https:\/\/www.teknocanta.com\/it\/\"},{\"@type\":\"ListItem\",\"position\":2,\"name\":\"\u00dcr\u00fcnler\",\"item\":\"https:\/\/www.teknocanta.com\/urunler\/\"},{\"@type\":\"ListItem\",\"position\":3,\"name\":\"Zaino Vip\"}]},{\"@type\":\"WebSite\",\"@id\":\"https:\/\/www.teknocanta.com\/#website\",\"url\":\"https:\/\/www.teknocanta.com\/\",\"name\":\"Tekno \u00c7anta - Promosyon Toptan \u00c7anta \u0130malat\u0131\",\"description\":\"Toptan \u00e7anta imalat\u0131, ham bez \u00e7anta, s\u0131rt \u00e7antalar\u0131, laptop ve evrak \u00e7antalar\u0131, kongre \u00e7antalar\u0131, fuar \u00e7antas\u0131 ve ipli b\u00fczg\u00fcl\u00fc \u00e7anta imalat\u0131 yapmaktay\u0131z.\",\"potentialAction\":[{\"@type\":\"SearchAction\",\"target\":{\"@type\":\"EntryPoint\",\"urlTemplate\":\"https:\/\/www.teknocanta.com\/?s={search_term_string}\"},\"query-input\":{\"@type\":\"PropertyValueSpecification\",\"valueRequired\":true,\"valueName\":\"search_term_string\"}}],\"inLanguage\":\"it-IT\"}]}<\/script>\n<!-- \/ Yoast SEO plugin. -->","yoast_head_json":{"title":"Zaino Vip - Tekno \u00c7anta - Promosyon Toptan \u00c7anta \u0130malat\u0131","robots":{"index":"index","follow":"follow","max-snippet":"max-snippet:-1","max-image-preview":"max-image-preview:large","max-video-preview":"max-video-preview:-1"},"canonical":"https:\/\/www.teknocanta.com\/zaino-vip\/","og_locale":"it_IT","og_type":"article","og_title":"Zaino Vip - Tekno \u00c7anta - Promosyon Toptan \u00c7anta \u0130malat\u0131","og_description":"Zaino Vip promozionale I prezzi si riferiscono a 500 pezzi. \u00c8 possibile acquistare quantit\u00e0 inferiori. Per le vostre richieste di prezzo in quantit\u00e0 diverse, potete richiedere un prezzo inviando una e-mail al nostro indirizzo di posta elettronica nella sezione contatti. L&#8217;IVA dell&#8217;8% e le spese di stampa non sono incluse nel prezzo. Chiedere il costo&hellip;","og_url":"https:\/\/www.teknocanta.com\/zaino-vip\/","og_site_name":"Tekno \u00c7anta - Promosyon Toptan \u00c7anta \u0130malat\u0131","twitter_card":"summary_large_image","twitter_misc":{"Tempo di lettura stimato":"1 minuto"},"schema":{"@context":"https:\/\/schema.org","@graph":[{"@type":"WebPage","@id":"https:\/\/www.teknocanta.com\/zaino-vip\/","url":"https:\/\/www.teknocanta.com\/zaino-vip\/","name":"Zaino Vip - Tekno \u00c7anta - Promosyon Toptan \u00c7anta \u0130malat\u0131","isPartOf":{"@id":"https:\/\/www.teknocanta.com\/#website"},"primaryImageOfPage":{"@id":"https:\/\/www.teknocanta.com\/zaino-vip\/#primaryimage"},"image":{"@id":"https:\/\/www.teknocanta.com\/zaino-vip\/#primaryimage"},"thumbnailUrl":"https:\/\/www.teknocanta.com\/wp-content\/uploads\/2021\/10\/vip_sirt_cantasi_anaresim.jpg","datePublished":"2021-10-14T12:52:54+00:00","breadcrumb":{"@id":"https:\/\/www.teknocanta.com\/zaino-vip\/#breadcrumb"},"inLanguage":"it-IT","potentialAction":[{"@type":"ReadAction","target":["https:\/\/www.teknocanta.com\/zaino-vip\/"]}]},{"@type":"ImageObject","inLanguage":"it-IT","@id":"https:\/\/www.teknocanta.com\/zaino-vip\/#primaryimage","url":"https:\/\/www.teknocanta.com\/wp-content\/uploads\/2021\/10\/vip_sirt_cantasi_anaresim.jpg","contentUrl":"https:\/\/www.teknocanta.com\/wp-content\/uploads\/2021\/10\/vip_sirt_cantasi_anaresim.jpg","width":750,"height":893},{"@type":"BreadcrumbList","@id":"https:\/\/www.teknocanta.com\/zaino-vip\/#breadcrumb","itemListElement":[{"@type":"ListItem","position":1,"name":"Ana sayfa","item":"https:\/\/www.teknocanta.com\/it\/"},{"@type":"ListItem","position":2,"name":"\u00dcr\u00fcnler","item":"https:\/\/www.teknocanta.com\/urunler\/"},{"@type":"ListItem","position":3,"name":"Zaino Vip"}]},{"@type":"WebSite","@id":"https:\/\/www.teknocanta.com\/#website","url":"https:\/\/www.teknocanta.com\/","name":"Tekno \u00c7anta - Promosyon Toptan \u00c7anta \u0130malat\u0131","description":"Toptan \u00e7anta imalat\u0131, ham bez \u00e7anta, s\u0131rt \u00e7antalar\u0131, laptop ve evrak \u00e7antalar\u0131, kongre \u00e7antalar\u0131, fuar \u00e7antas\u0131 ve ipli b\u00fczg\u00fcl\u00fc \u00e7anta imalat\u0131 yapmaktay\u0131z.","potentialAction":[{"@type":"SearchAction","target":{"@type":"EntryPoint","urlTemplate":"https:\/\/www.teknocanta.com\/?s={search_term_string}"},"query-input":{"@type":"PropertyValueSpecification","valueRequired":true,"valueName":"search_term_string"}}],"inLanguage":"it-IT"}]}},"_links":{"self":[{"href":"https:\/\/www.teknocanta.com\/it\/wp-json\/wp\/v2\/product\/44754","targetHints":{"allow":["GET"]}}],"collection":[{"href":"https:\/\/www.teknocanta.com\/it\/wp-json\/wp\/v2\/product"}],"about":[{"href":"https:\/\/www.teknocanta.com\/it\/wp-json\/wp\/v2\/types\/product"}],"replies":[{"embeddable":true,"href":"https:\/\/www.teknocanta.com\/it\/wp-json\/wp\/v2\/comments?post=44754"}],"wp:featuredmedia":[{"embeddable":true,"href":"https:\/\/www.teknocanta.com\/it\/wp-json\/wp\/v2\/media\/41466"}],"wp:attachment":[{"href":"https:\/\/www.teknocanta.com\/it\/wp-json\/wp\/v2\/media?parent=44754"}],"wp:term":[{"taxonomy":"product_brand","embeddable":true,"href":"https:\/\/www.teknocanta.com\/it\/wp-json\/wp\/v2\/product_brand?post=44754"},{"taxonomy":"product_cat","embeddable":true,"href":"https:\/\/www.teknocanta.com\/it\/wp-json\/wp\/v2\/product_cat?post=44754"},{"taxonomy":"product_tag","embeddable":true,"href":"https:\/\/www.teknocanta.com\/it\/wp-json\/wp\/v2\/product_tag?post=44754"}],"curies":[{"name":"wp","href":"https:\/\/api.w.org\/{rel}","templated":true}]}}