{"id":44751,"date":"2021-10-14T15:52:55","date_gmt":"2021-10-14T12:52:55","guid":{"rendered":"https:\/\/www.teknocanta.com\/zaino-con-scomparto-per-laptop\/"},"modified":"2021-10-14T15:52:55","modified_gmt":"2021-10-14T12:52:55","slug":"borsa-portatile-schienale-borsa","status":"publish","type":"product","link":"https:\/\/www.teknocanta.com\/it\/prodotto\/borsa-portatile-schienale-borsa\/","title":{"rendered":"Zaino con scomparto per laptop"},"content":{"rendered":"<div>Il prezzo \u00e8 valido per 500 pezzi. \u00c8 possibile ordinare anche piccole quantit\u00e0. I prezzi variano per quantit\u00e0 inferiori o superiori. Per le vostre richieste di prezzo in quantit\u00e0 diverse, potete richiedere un prezzo inviando una e-mail al nostro indirizzo di posta elettronica nella sezione contatti. L&#8217;IVA dell&#8217;8% e le spese di stampa non sono incluse nel prezzo.<\/div>\n<div><\/div>\n<div>Per ordini pari o superiori a 250 pezzi, \u00e8 possibile modificare il colore del tessuto, della fodera o della cerniera. La borsa \u00e8 realizzata in impertex di lino, le fodere interne sono in impertex 270 denari.<\/div>\n<div><\/div>\n<div>Le dimensioni della borsa sono 40x30x15 cm La borsa \u00e8 composta da 3 sezioni con chiusura a zip. All&#8217;interno della borsa \u00e8 presente uno scomparto per il computer portatile.<\/div>\n<div><\/div>\n<div>Il corpo della borsa e lo scomparto interno per il computer portatile sono sostenuti da schiuma spessa 8 mm.&nbsp; Viene utilizzata una cerniera di qualit\u00e0 di tipo 8.<\/div>\n<div><\/div>\n<div>\u00c8 possibile realizzare stampe colorate all&#8217;interno o all&#8217;esterno della borsa. Opzionalmente, si pu\u00f2 anche stampare un ricamo. Nelle borse per congressi, il nome o il logo del congresso \u00e8 solitamente stampato in un unico colore all&#8217;interno della borsa. I costi di stampa variano in base al numero di colori dell&#8217;immagine da stampare.<\/div>\n<div><\/div>\n<div>I tempi di produzione degli zaini all&#8217;ingrosso variano in base al numero di ordini e sono in media di 15 giorni; a seconda dell&#8217;importanza del lavoro possono essere concessi prima. I prodotti in stock possono essere consegnati il giorno stesso senza stampa. Se i prodotti in stock vengono stampati, possono essere necessari alcuni giorni a seconda della situazione. Si prega di ottenere informazioni aggiornate sulle scorte.<\/div>\n<div><\/div>\n<div>Gli zaini da congresso sono un utile prodotto promozionale che potete utilizzare in tutti i tipi di eventi come congressi, simposi, conferenze e seminari per scopi promozionali e che potete regalare ai vostri clienti.<\/div>\n","protected":false},"excerpt":{"rendered":"<p>Il prezzo \u00e8 valido per 500 pezzi. \u00c8 possibile ordinare anche piccole quantit\u00e0. I prezzi variano per quantit\u00e0 inferiori o superiori. Per le vostre richieste di prezzo in quantit\u00e0 diverse, potete richiedere un prezzo inviando una e-mail al nostro indirizzo di posta elettronica nella sezione contatti. L&#8217;IVA dell&#8217;8% e le spese di stampa non sono&hellip;<\/p>\n","protected":false},"featured_media":41637,"comment_status":"open","ping_status":"closed","template":"","meta":[],"product_brand":[],"product_cat":[1364,1375],"product_tag":[1698,1840,1839,1831,1835,1827,1829,2003,1832,2005,1450,1872,2137,1837,1841,1830,1842,1836,1828],"class_list":{"0":"post-44751","1":"product","2":"type-product","3":"status-publish","4":"has-post-thumbnail","6":"product_cat-borsa-per-congressi-e-simposi","7":"product_cat-zaino","8":"product_tag-borsa-allingrosso-istoc","9":"product_tag-borsa-congressi-istanbul","10":"product_tag-borsa-da-conferenza","11":"product_tag-borsa-del-congresso","12":"product_tag-borsa-del-simposio","13":"product_tag-borsa-per-seminari","14":"product_tag-borsa-promozionale-per-congressi","15":"product_tag-borse-promozionali-allingrosso","16":"product_tag-prezzi-degli-zaini-promozionali","17":"product_tag-prezzi-delle-borse-allingrosso-istoc","18":"product_tag-produttori-di-borse","19":"product_tag-produttori-di-borse-istanbul-it","20":"product_tag-produzione-di-borse-allingrosso-it","21":"product_tag-stampa-della-borsa-dello-zaino","22":"product_tag-zaino-con-scomparto-per-laptop-a-buon-mercato","23":"product_tag-zaino-del-congresso","24":"product_tag-zaino-istoc","25":"product_tag-zaino-per-laptop-it","26":"product_tag-zaino-promozionale","27":"description-off","29":"first","30":"instock","31":"shipping-taxable","32":"purchasable","33":"product-type-simple"},"yoast_head":"<!-- This site is optimized with the Yoast SEO plugin v26.6 - https:\/\/yoast.com\/wordpress\/plugins\/seo\/ -->\n<title>Zaino con scomparto per laptop - Tekno \u00c7anta - Promosyon Toptan \u00c7anta \u0130malat\u0131<\/title>\n<meta name=\"robots\" content=\"index, follow, max-snippet:-1, max-image-preview:large, max-video-preview:-1\" \/>\n<link rel=\"canonical\" href=\"https:\/\/www.teknocanta.com\/zaino-con-scomparto-per-laptop\/\" \/>\n<meta property=\"og:locale\" content=\"it_IT\" \/>\n<meta property=\"og:type\" content=\"article\" \/>\n<meta property=\"og:title\" content=\"Zaino con scomparto per laptop - Tekno \u00c7anta - Promosyon Toptan \u00c7anta \u0130malat\u0131\" \/>\n<meta property=\"og:description\" content=\"Il prezzo \u00e8 valido per 500 pezzi. \u00c8 possibile ordinare anche piccole quantit\u00e0. I prezzi variano per quantit\u00e0 inferiori o superiori. Per le vostre richieste di prezzo in quantit\u00e0 diverse, potete richiedere un prezzo inviando una e-mail al nostro indirizzo di posta elettronica nella sezione contatti. L&#8217;IVA dell&#8217;8% e le spese di stampa non sono&hellip;\" \/>\n<meta property=\"og:url\" content=\"https:\/\/www.teknocanta.com\/zaino-con-scomparto-per-laptop\/\" \/>\n<meta property=\"og:site_name\" content=\"Tekno \u00c7anta - Promosyon Toptan \u00c7anta \u0130malat\u0131\" \/>\n<meta name=\"twitter:card\" content=\"summary_large_image\" \/>\n<meta name=\"twitter:label1\" content=\"Tempo di lettura stimato\" \/>\n\t<meta name=\"twitter:data1\" content=\"1 minuto\" \/>\n<script type=\"application\/ld+json\" class=\"yoast-schema-graph\">{\"@context\":\"https:\/\/schema.org\",\"@graph\":[{\"@type\":\"WebPage\",\"@id\":\"https:\/\/www.teknocanta.com\/zaino-con-scomparto-per-laptop\/\",\"url\":\"https:\/\/www.teknocanta.com\/zaino-con-scomparto-per-laptop\/\",\"name\":\"Zaino con scomparto per laptop - Tekno \u00c7anta - Promosyon Toptan \u00c7anta \u0130malat\u0131\",\"isPartOf\":{\"@id\":\"https:\/\/www.teknocanta.com\/#website\"},\"primaryImageOfPage\":{\"@id\":\"https:\/\/www.teknocanta.com\/zaino-con-scomparto-per-laptop\/#primaryimage\"},\"image\":{\"@id\":\"https:\/\/www.teknocanta.com\/zaino-con-scomparto-per-laptop\/#primaryimage\"},\"thumbnailUrl\":\"https:\/\/www.teknocanta.com\/wp-content\/uploads\/2021\/10\/laptop_bolmeli_sirt_cantasi_yeni_ana_9.jpg\",\"datePublished\":\"2021-10-14T12:52:55+00:00\",\"breadcrumb\":{\"@id\":\"https:\/\/www.teknocanta.com\/zaino-con-scomparto-per-laptop\/#breadcrumb\"},\"inLanguage\":\"it-IT\",\"potentialAction\":[{\"@type\":\"ReadAction\",\"target\":[\"https:\/\/www.teknocanta.com\/zaino-con-scomparto-per-laptop\/\"]}]},{\"@type\":\"ImageObject\",\"inLanguage\":\"it-IT\",\"@id\":\"https:\/\/www.teknocanta.com\/zaino-con-scomparto-per-laptop\/#primaryimage\",\"url\":\"https:\/\/www.teknocanta.com\/wp-content\/uploads\/2021\/10\/laptop_bolmeli_sirt_cantasi_yeni_ana_9.jpg\",\"contentUrl\":\"https:\/\/www.teknocanta.com\/wp-content\/uploads\/2021\/10\/laptop_bolmeli_sirt_cantasi_yeni_ana_9.jpg\",\"width\":966,\"height\":1176},{\"@type\":\"BreadcrumbList\",\"@id\":\"https:\/\/www.teknocanta.com\/zaino-con-scomparto-per-laptop\/#breadcrumb\",\"itemListElement\":[{\"@type\":\"ListItem\",\"position\":1,\"name\":\"Ana sayfa\",\"item\":\"https:\/\/www.teknocanta.com\/it\/\"},{\"@type\":\"ListItem\",\"position\":2,\"name\":\"\u00dcr\u00fcnler\",\"item\":\"https:\/\/www.teknocanta.com\/urunler\/\"},{\"@type\":\"ListItem\",\"position\":3,\"name\":\"Zaino con scomparto per laptop\"}]},{\"@type\":\"WebSite\",\"@id\":\"https:\/\/www.teknocanta.com\/#website\",\"url\":\"https:\/\/www.teknocanta.com\/\",\"name\":\"Tekno \u00c7anta - Promosyon Toptan \u00c7anta \u0130malat\u0131\",\"description\":\"Toptan \u00e7anta imalat\u0131, ham bez \u00e7anta, s\u0131rt \u00e7antalar\u0131, laptop ve evrak \u00e7antalar\u0131, kongre \u00e7antalar\u0131, fuar \u00e7antas\u0131 ve ipli b\u00fczg\u00fcl\u00fc \u00e7anta imalat\u0131 yapmaktay\u0131z.\",\"potentialAction\":[{\"@type\":\"SearchAction\",\"target\":{\"@type\":\"EntryPoint\",\"urlTemplate\":\"https:\/\/www.teknocanta.com\/?s={search_term_string}\"},\"query-input\":{\"@type\":\"PropertyValueSpecification\",\"valueRequired\":true,\"valueName\":\"search_term_string\"}}],\"inLanguage\":\"it-IT\"}]}<\/script>\n<!-- \/ Yoast SEO plugin. -->","yoast_head_json":{"title":"Zaino con scomparto per laptop - Tekno \u00c7anta - Promosyon Toptan \u00c7anta \u0130malat\u0131","robots":{"index":"index","follow":"follow","max-snippet":"max-snippet:-1","max-image-preview":"max-image-preview:large","max-video-preview":"max-video-preview:-1"},"canonical":"https:\/\/www.teknocanta.com\/zaino-con-scomparto-per-laptop\/","og_locale":"it_IT","og_type":"article","og_title":"Zaino con scomparto per laptop - Tekno \u00c7anta - Promosyon Toptan \u00c7anta \u0130malat\u0131","og_description":"Il prezzo \u00e8 valido per 500 pezzi. \u00c8 possibile ordinare anche piccole quantit\u00e0. I prezzi variano per quantit\u00e0 inferiori o superiori. Per le vostre richieste di prezzo in quantit\u00e0 diverse, potete richiedere un prezzo inviando una e-mail al nostro indirizzo di posta elettronica nella sezione contatti. L&#8217;IVA dell&#8217;8% e le spese di stampa non sono&hellip;","og_url":"https:\/\/www.teknocanta.com\/zaino-con-scomparto-per-laptop\/","og_site_name":"Tekno \u00c7anta - Promosyon Toptan \u00c7anta \u0130malat\u0131","twitter_card":"summary_large_image","twitter_misc":{"Tempo di lettura stimato":"1 minuto"},"schema":{"@context":"https:\/\/schema.org","@graph":[{"@type":"WebPage","@id":"https:\/\/www.teknocanta.com\/zaino-con-scomparto-per-laptop\/","url":"https:\/\/www.teknocanta.com\/zaino-con-scomparto-per-laptop\/","name":"Zaino con scomparto per laptop - Tekno \u00c7anta - Promosyon Toptan \u00c7anta \u0130malat\u0131","isPartOf":{"@id":"https:\/\/www.teknocanta.com\/#website"},"primaryImageOfPage":{"@id":"https:\/\/www.teknocanta.com\/zaino-con-scomparto-per-laptop\/#primaryimage"},"image":{"@id":"https:\/\/www.teknocanta.com\/zaino-con-scomparto-per-laptop\/#primaryimage"},"thumbnailUrl":"https:\/\/www.teknocanta.com\/wp-content\/uploads\/2021\/10\/laptop_bolmeli_sirt_cantasi_yeni_ana_9.jpg","datePublished":"2021-10-14T12:52:55+00:00","breadcrumb":{"@id":"https:\/\/www.teknocanta.com\/zaino-con-scomparto-per-laptop\/#breadcrumb"},"inLanguage":"it-IT","potentialAction":[{"@type":"ReadAction","target":["https:\/\/www.teknocanta.com\/zaino-con-scomparto-per-laptop\/"]}]},{"@type":"ImageObject","inLanguage":"it-IT","@id":"https:\/\/www.teknocanta.com\/zaino-con-scomparto-per-laptop\/#primaryimage","url":"https:\/\/www.teknocanta.com\/wp-content\/uploads\/2021\/10\/laptop_bolmeli_sirt_cantasi_yeni_ana_9.jpg","contentUrl":"https:\/\/www.teknocanta.com\/wp-content\/uploads\/2021\/10\/laptop_bolmeli_sirt_cantasi_yeni_ana_9.jpg","width":966,"height":1176},{"@type":"BreadcrumbList","@id":"https:\/\/www.teknocanta.com\/zaino-con-scomparto-per-laptop\/#breadcrumb","itemListElement":[{"@type":"ListItem","position":1,"name":"Ana sayfa","item":"https:\/\/www.teknocanta.com\/it\/"},{"@type":"ListItem","position":2,"name":"\u00dcr\u00fcnler","item":"https:\/\/www.teknocanta.com\/urunler\/"},{"@type":"ListItem","position":3,"name":"Zaino con scomparto per laptop"}]},{"@type":"WebSite","@id":"https:\/\/www.teknocanta.com\/#website","url":"https:\/\/www.teknocanta.com\/","name":"Tekno \u00c7anta - Promosyon Toptan \u00c7anta \u0130malat\u0131","description":"Toptan \u00e7anta imalat\u0131, ham bez \u00e7anta, s\u0131rt \u00e7antalar\u0131, laptop ve evrak \u00e7antalar\u0131, kongre \u00e7antalar\u0131, fuar \u00e7antas\u0131 ve ipli b\u00fczg\u00fcl\u00fc \u00e7anta imalat\u0131 yapmaktay\u0131z.","potentialAction":[{"@type":"SearchAction","target":{"@type":"EntryPoint","urlTemplate":"https:\/\/www.teknocanta.com\/?s={search_term_string}"},"query-input":{"@type":"PropertyValueSpecification","valueRequired":true,"valueName":"search_term_string"}}],"inLanguage":"it-IT"}]}},"_links":{"self":[{"href":"https:\/\/www.teknocanta.com\/it\/wp-json\/wp\/v2\/product\/44751","targetHints":{"allow":["GET"]}}],"collection":[{"href":"https:\/\/www.teknocanta.com\/it\/wp-json\/wp\/v2\/product"}],"about":[{"href":"https:\/\/www.teknocanta.com\/it\/wp-json\/wp\/v2\/types\/product"}],"replies":[{"embeddable":true,"href":"https:\/\/www.teknocanta.com\/it\/wp-json\/wp\/v2\/comments?post=44751"}],"wp:featuredmedia":[{"embeddable":true,"href":"https:\/\/www.teknocanta.com\/it\/wp-json\/wp\/v2\/media\/41637"}],"wp:attachment":[{"href":"https:\/\/www.teknocanta.com\/it\/wp-json\/wp\/v2\/media?parent=44751"}],"wp:term":[{"taxonomy":"product_brand","embeddable":true,"href":"https:\/\/www.teknocanta.com\/it\/wp-json\/wp\/v2\/product_brand?post=44751"},{"taxonomy":"product_cat","embeddable":true,"href":"https:\/\/www.teknocanta.com\/it\/wp-json\/wp\/v2\/product_cat?post=44751"},{"taxonomy":"product_tag","embeddable":true,"href":"https:\/\/www.teknocanta.com\/it\/wp-json\/wp\/v2\/product_tag?post=44751"}],"curies":[{"name":"wp","href":"https:\/\/api.w.org\/{rel}","templated":true}]}}