{"id":44748,"date":"2021-10-14T15:52:55","date_gmt":"2021-10-14T12:52:55","guid":{"rendered":"https:\/\/www.teknocanta.com\/borsa-per-la-scuola\/"},"modified":"2021-10-14T15:52:55","modified_gmt":"2021-10-14T12:52:55","slug":"borsa-scuola","status":"publish","type":"product","link":"https:\/\/www.teknocanta.com\/it\/prodotto\/borsa-scuola\/","title":{"rendered":"Borsa per la scuola"},"content":{"rendered":"<div>I prezzi si riferiscono a 500 pezzi. \u00c8 possibile ordinare anche piccole quantit\u00e0. I prezzi variano per quantit\u00e0 inferiori o superiori. Per le vostre richieste di prezzo in quantit\u00e0 diverse, potete richiedere un prezzo inviando una e-mail al nostro indirizzo di posta elettronica nella sezione contatti. L&#8217;IVA dell&#8217;8% e le spese di stampa non sono incluse nel prezzo.<\/div>\n<div><\/div>\n<div>Per ordini pari o superiori a 200 pezzi, \u00e8 possibile modificare il colore del tessuto, della fodera o della cerniera. Le tasche sul fronte della borsa e sui lati possono essere realizzate in diversi colori. Le parti esterne della borsa sono realizzate in tessuto impermeabile imperteks 600 denari e le fodere in tessuto imperteks 270 denari.<\/div>\n<div><\/div>\n<div>Le dimensioni della borsa sono 30x40x15 cm. El bolso consta de 1 parte delantera y 1 parte superior con cierre de cremallera. Ai lati della borsa \u00e8 presente un abbeveratoio a rete. All&#8217;interno della borsa \u00e8 presente uno scomparto per il computer portatile e un&#8217;ulteriore tasca con zip. Le caratteristiche funzionali possono essere aggiunte all&#8217;interno o all&#8217;esterno della borsa a un costo aggiuntivo. Pu\u00f2 essere utilizzato in tessuti di migliore qualit\u00e0 o pi\u00f9 economici, a seconda del budget del cliente.<\/div>\n<div><\/div>\n<div>I corpi dei sacchi sono supportati da schiuma di 8 mm di spessore. Viene utilizzata una cerniera di qualit\u00e0 di tipo 8.<\/div>\n<div><\/div>\n<div>\u00c8 possibile effettuare il trasferimento del colore o la stampa serigrafica all&#8217;interno o all&#8217;esterno della borsa. Opzionalmente, si pu\u00f2 anche stampare un ricamo. I costi di stampa variano in base al numero di colori dell&#8217;immagine da stampare e al numero di ordini.<\/div>\n<div><\/div>\n<div>I tempi di produzione degli zaini promozionali variano a seconda del numero di ordini e il tempo medio di produzione \u00e8 di 15 giorni, ma pu\u00f2 essere anticipato a seconda dell&#8217;importanza del lavoro. I sacchetti in stock possono essere consegnati il giorno stesso senza stampa. Se i prodotti in stock sono da preferire come stampati, i tempi di stampa possono richiedere alcuni giorni a seconda dell&#8217;intensit\u00e0.<\/div>\n<div><\/div>\n<div>Si prega di ottenere informazioni aggiornate sulle scorte.<\/div>\n<div><\/div>\n<div>Gli zaini scolastici promozionali sono utilizzati in istituzioni educative private come scuole e aule per scopi pubblicitari e vengono regalati agli studenti. Le borse possono essere utilizzate dagli studenti della scuola materna, elementare e superiore a seconda delle dimensioni e dei colori.&nbsp;&nbsp;<\/div>\n","protected":false},"excerpt":{"rendered":"<p>I prezzi si riferiscono a 500 pezzi. \u00c8 possibile ordinare anche piccole quantit\u00e0. I prezzi variano per quantit\u00e0 inferiori o superiori. Per le vostre richieste di prezzo in quantit\u00e0 diverse, potete richiedere un prezzo inviando una e-mail al nostro indirizzo di posta elettronica nella sezione contatti. L&#8217;IVA dell&#8217;8% e le spese di stampa non sono&hellip;<\/p>\n","protected":false},"featured_media":41595,"comment_status":"open","ping_status":"closed","template":"","meta":[],"product_brand":[],"product_cat":[1364,1375],"product_tag":[2260,2181,2256,2262,2255,2258,2263,2259,2257,1828,2261,2158],"class_list":{"0":"post-44748","1":"product","2":"type-product","3":"status-publish","4":"has-post-thumbnail","6":"product_cat-borsa-per-congressi-e-simposi","7":"product_cat-zaino","8":"product_tag-borsa-promozionale-per-studenti","9":"product_tag-borsa-scuola-allingrosso","10":"product_tag-borsa-scuola-allingrosso-stampata-con-logo","11":"product_tag-borsa-scuola-personalizzata-allingrosso","12":"product_tag-prezzi-degli-zaini-scolastici","13":"product_tag-produzione-di-zaini-scolastici","14":"product_tag-produzione-di-zaini-scolastici-a-basso-costo","15":"product_tag-produzione-di-zaini-scolastici-a-istanbul","16":"product_tag-tipi-di-zaini-scolastici","17":"product_tag-zaino-promozionale","18":"product_tag-zaino-promozionale-per-studenti","19":"product_tag-zaino-scolastico-promozionale","20":"description-off","22":"first","23":"instock","24":"shipping-taxable","25":"purchasable","26":"product-type-simple"},"yoast_head":"<!-- This site is optimized with the Yoast SEO plugin v26.6 - https:\/\/yoast.com\/wordpress\/plugins\/seo\/ -->\n<title>Borsa per la scuola - Tekno \u00c7anta - Promosyon Toptan \u00c7anta \u0130malat\u0131<\/title>\n<meta name=\"robots\" content=\"index, follow, max-snippet:-1, max-image-preview:large, max-video-preview:-1\" \/>\n<link rel=\"canonical\" href=\"https:\/\/www.teknocanta.com\/borsa-per-la-scuola\/\" \/>\n<meta property=\"og:locale\" content=\"it_IT\" \/>\n<meta property=\"og:type\" content=\"article\" \/>\n<meta property=\"og:title\" content=\"Borsa per la scuola - Tekno \u00c7anta - Promosyon Toptan \u00c7anta \u0130malat\u0131\" \/>\n<meta property=\"og:description\" content=\"I prezzi si riferiscono a 500 pezzi. \u00c8 possibile ordinare anche piccole quantit\u00e0. I prezzi variano per quantit\u00e0 inferiori o superiori. Per le vostre richieste di prezzo in quantit\u00e0 diverse, potete richiedere un prezzo inviando una e-mail al nostro indirizzo di posta elettronica nella sezione contatti. L&#8217;IVA dell&#8217;8% e le spese di stampa non sono&hellip;\" \/>\n<meta property=\"og:url\" content=\"https:\/\/www.teknocanta.com\/borsa-per-la-scuola\/\" \/>\n<meta property=\"og:site_name\" content=\"Tekno \u00c7anta - Promosyon Toptan \u00c7anta \u0130malat\u0131\" \/>\n<meta name=\"twitter:card\" content=\"summary_large_image\" \/>\n<meta name=\"twitter:label1\" content=\"Tempo di lettura stimato\" \/>\n\t<meta name=\"twitter:data1\" content=\"2 minuti\" \/>\n<script type=\"application\/ld+json\" class=\"yoast-schema-graph\">{\"@context\":\"https:\/\/schema.org\",\"@graph\":[{\"@type\":\"WebPage\",\"@id\":\"https:\/\/www.teknocanta.com\/borsa-per-la-scuola\/\",\"url\":\"https:\/\/www.teknocanta.com\/borsa-per-la-scuola\/\",\"name\":\"Borsa per la scuola - Tekno \u00c7anta - Promosyon Toptan \u00c7anta \u0130malat\u0131\",\"isPartOf\":{\"@id\":\"https:\/\/www.teknocanta.com\/#website\"},\"primaryImageOfPage\":{\"@id\":\"https:\/\/www.teknocanta.com\/borsa-per-la-scuola\/#primaryimage\"},\"image\":{\"@id\":\"https:\/\/www.teknocanta.com\/borsa-per-la-scuola\/#primaryimage\"},\"thumbnailUrl\":\"https:\/\/www.teknocanta.com\/wp-content\/uploads\/2021\/10\/promosyonokulcantasianaresim1.jpg\",\"datePublished\":\"2021-10-14T12:52:55+00:00\",\"breadcrumb\":{\"@id\":\"https:\/\/www.teknocanta.com\/borsa-per-la-scuola\/#breadcrumb\"},\"inLanguage\":\"it-IT\",\"potentialAction\":[{\"@type\":\"ReadAction\",\"target\":[\"https:\/\/www.teknocanta.com\/borsa-per-la-scuola\/\"]}]},{\"@type\":\"ImageObject\",\"inLanguage\":\"it-IT\",\"@id\":\"https:\/\/www.teknocanta.com\/borsa-per-la-scuola\/#primaryimage\",\"url\":\"https:\/\/www.teknocanta.com\/wp-content\/uploads\/2021\/10\/promosyonokulcantasianaresim1.jpg\",\"contentUrl\":\"https:\/\/www.teknocanta.com\/wp-content\/uploads\/2021\/10\/promosyonokulcantasianaresim1.jpg\",\"width\":799,\"height\":1007},{\"@type\":\"BreadcrumbList\",\"@id\":\"https:\/\/www.teknocanta.com\/borsa-per-la-scuola\/#breadcrumb\",\"itemListElement\":[{\"@type\":\"ListItem\",\"position\":1,\"name\":\"Ana sayfa\",\"item\":\"https:\/\/www.teknocanta.com\/it\/\"},{\"@type\":\"ListItem\",\"position\":2,\"name\":\"\u00dcr\u00fcnler\",\"item\":\"https:\/\/www.teknocanta.com\/urunler\/\"},{\"@type\":\"ListItem\",\"position\":3,\"name\":\"Borsa per la scuola\"}]},{\"@type\":\"WebSite\",\"@id\":\"https:\/\/www.teknocanta.com\/#website\",\"url\":\"https:\/\/www.teknocanta.com\/\",\"name\":\"Tekno \u00c7anta - Promosyon Toptan \u00c7anta \u0130malat\u0131\",\"description\":\"Toptan \u00e7anta imalat\u0131, ham bez \u00e7anta, s\u0131rt \u00e7antalar\u0131, laptop ve evrak \u00e7antalar\u0131, kongre \u00e7antalar\u0131, fuar \u00e7antas\u0131 ve ipli b\u00fczg\u00fcl\u00fc \u00e7anta imalat\u0131 yapmaktay\u0131z.\",\"potentialAction\":[{\"@type\":\"SearchAction\",\"target\":{\"@type\":\"EntryPoint\",\"urlTemplate\":\"https:\/\/www.teknocanta.com\/?s={search_term_string}\"},\"query-input\":{\"@type\":\"PropertyValueSpecification\",\"valueRequired\":true,\"valueName\":\"search_term_string\"}}],\"inLanguage\":\"it-IT\"}]}<\/script>\n<!-- \/ Yoast SEO plugin. -->","yoast_head_json":{"title":"Borsa per la scuola - Tekno \u00c7anta - Promosyon Toptan \u00c7anta \u0130malat\u0131","robots":{"index":"index","follow":"follow","max-snippet":"max-snippet:-1","max-image-preview":"max-image-preview:large","max-video-preview":"max-video-preview:-1"},"canonical":"https:\/\/www.teknocanta.com\/borsa-per-la-scuola\/","og_locale":"it_IT","og_type":"article","og_title":"Borsa per la scuola - Tekno \u00c7anta - Promosyon Toptan \u00c7anta \u0130malat\u0131","og_description":"I prezzi si riferiscono a 500 pezzi. \u00c8 possibile ordinare anche piccole quantit\u00e0. I prezzi variano per quantit\u00e0 inferiori o superiori. Per le vostre richieste di prezzo in quantit\u00e0 diverse, potete richiedere un prezzo inviando una e-mail al nostro indirizzo di posta elettronica nella sezione contatti. L&#8217;IVA dell&#8217;8% e le spese di stampa non sono&hellip;","og_url":"https:\/\/www.teknocanta.com\/borsa-per-la-scuola\/","og_site_name":"Tekno \u00c7anta - Promosyon Toptan \u00c7anta \u0130malat\u0131","twitter_card":"summary_large_image","twitter_misc":{"Tempo di lettura stimato":"2 minuti"},"schema":{"@context":"https:\/\/schema.org","@graph":[{"@type":"WebPage","@id":"https:\/\/www.teknocanta.com\/borsa-per-la-scuola\/","url":"https:\/\/www.teknocanta.com\/borsa-per-la-scuola\/","name":"Borsa per la scuola - Tekno \u00c7anta - Promosyon Toptan \u00c7anta \u0130malat\u0131","isPartOf":{"@id":"https:\/\/www.teknocanta.com\/#website"},"primaryImageOfPage":{"@id":"https:\/\/www.teknocanta.com\/borsa-per-la-scuola\/#primaryimage"},"image":{"@id":"https:\/\/www.teknocanta.com\/borsa-per-la-scuola\/#primaryimage"},"thumbnailUrl":"https:\/\/www.teknocanta.com\/wp-content\/uploads\/2021\/10\/promosyonokulcantasianaresim1.jpg","datePublished":"2021-10-14T12:52:55+00:00","breadcrumb":{"@id":"https:\/\/www.teknocanta.com\/borsa-per-la-scuola\/#breadcrumb"},"inLanguage":"it-IT","potentialAction":[{"@type":"ReadAction","target":["https:\/\/www.teknocanta.com\/borsa-per-la-scuola\/"]}]},{"@type":"ImageObject","inLanguage":"it-IT","@id":"https:\/\/www.teknocanta.com\/borsa-per-la-scuola\/#primaryimage","url":"https:\/\/www.teknocanta.com\/wp-content\/uploads\/2021\/10\/promosyonokulcantasianaresim1.jpg","contentUrl":"https:\/\/www.teknocanta.com\/wp-content\/uploads\/2021\/10\/promosyonokulcantasianaresim1.jpg","width":799,"height":1007},{"@type":"BreadcrumbList","@id":"https:\/\/www.teknocanta.com\/borsa-per-la-scuola\/#breadcrumb","itemListElement":[{"@type":"ListItem","position":1,"name":"Ana sayfa","item":"https:\/\/www.teknocanta.com\/it\/"},{"@type":"ListItem","position":2,"name":"\u00dcr\u00fcnler","item":"https:\/\/www.teknocanta.com\/urunler\/"},{"@type":"ListItem","position":3,"name":"Borsa per la scuola"}]},{"@type":"WebSite","@id":"https:\/\/www.teknocanta.com\/#website","url":"https:\/\/www.teknocanta.com\/","name":"Tekno \u00c7anta - Promosyon Toptan \u00c7anta \u0130malat\u0131","description":"Toptan \u00e7anta imalat\u0131, ham bez \u00e7anta, s\u0131rt \u00e7antalar\u0131, laptop ve evrak \u00e7antalar\u0131, kongre \u00e7antalar\u0131, fuar \u00e7antas\u0131 ve ipli b\u00fczg\u00fcl\u00fc \u00e7anta imalat\u0131 yapmaktay\u0131z.","potentialAction":[{"@type":"SearchAction","target":{"@type":"EntryPoint","urlTemplate":"https:\/\/www.teknocanta.com\/?s={search_term_string}"},"query-input":{"@type":"PropertyValueSpecification","valueRequired":true,"valueName":"search_term_string"}}],"inLanguage":"it-IT"}]}},"_links":{"self":[{"href":"https:\/\/www.teknocanta.com\/it\/wp-json\/wp\/v2\/product\/44748","targetHints":{"allow":["GET"]}}],"collection":[{"href":"https:\/\/www.teknocanta.com\/it\/wp-json\/wp\/v2\/product"}],"about":[{"href":"https:\/\/www.teknocanta.com\/it\/wp-json\/wp\/v2\/types\/product"}],"replies":[{"embeddable":true,"href":"https:\/\/www.teknocanta.com\/it\/wp-json\/wp\/v2\/comments?post=44748"}],"wp:featuredmedia":[{"embeddable":true,"href":"https:\/\/www.teknocanta.com\/it\/wp-json\/wp\/v2\/media\/41595"}],"wp:attachment":[{"href":"https:\/\/www.teknocanta.com\/it\/wp-json\/wp\/v2\/media?parent=44748"}],"wp:term":[{"taxonomy":"product_brand","embeddable":true,"href":"https:\/\/www.teknocanta.com\/it\/wp-json\/wp\/v2\/product_brand?post=44748"},{"taxonomy":"product_cat","embeddable":true,"href":"https:\/\/www.teknocanta.com\/it\/wp-json\/wp\/v2\/product_cat?post=44748"},{"taxonomy":"product_tag","embeddable":true,"href":"https:\/\/www.teknocanta.com\/it\/wp-json\/wp\/v2\/product_tag?post=44748"}],"curies":[{"name":"wp","href":"https:\/\/api.w.org\/{rel}","templated":true}]}}