{"id":44745,"date":"2021-10-14T15:52:55","date_gmt":"2021-10-14T12:52:55","guid":{"rendered":"https:\/\/www.teknocanta.com\/zaino-impertex\/"},"modified":"2021-10-14T15:52:55","modified_gmt":"2021-10-14T12:52:55","slug":"borsa-impermeabile","status":"publish","type":"product","link":"https:\/\/www.teknocanta.com\/it\/prodotto\/borsa-impermeabile\/","title":{"rendered":"Zaino Impertex"},"content":{"rendered":"<div><span style=\"font-size: 13.3333px;\">Zaino Impertex<\/span><\/div>\n<div><span style=\"font-size: 13.3333px;\">Le spese di stampa e l&#8217;IVA dell&#8217;8% non sono incluse nel prezzo. I prezzi delle borse variano a seconda della quantit\u00e0 ordinata.<\/span><\/div>\n<div><span style=\"font-size: 13.3333px;\"><br \/><\/span><\/div>\n<div><span style=\"font-size: 13.3333px;\">Si tratta di un prodotto in stock, il colore della borsa in stock \u00e8 quello mostrato nell&#8217;immagine. Si prega di ottenere informazioni aggiornate sui colori e sulle scorte.<\/span><\/div>\n<div><span style=\"font-size: 13.3333px;\"><br \/><\/span><\/div>\n<div><span style=\"font-size: 13.3333px;\"><b><u>Quantit\u00e0 minima di produzione<\/u><\/b><\/span><\/div>\n<div><span style=\"font-size: 13.3333px;\">\u00c8 possibile ordinare la quantit\u00e0 desiderata dai sacchi gi\u00e0 pronti disponibili nel nostro magazzino. Per gli ordini di borse di colore speciale e di dimensioni speciali diverse da quelle gi\u00e0 pronte in magazzino, la quantit\u00e0 minima ordinabile \u00e8 di 200 pezzi.&nbsp; Per ordini speciali di almeno 200 pezzi, \u00e8 possibile modificare il colore del tessuto, della fodera interna o della cerniera.&nbsp;<\/span><\/div>\n<div><span style=\"font-size: 13.3333px;\"><br \/><\/span><\/div>\n<div><span style=\"font-size: 13.3333px;\"><b><u>Materiale, dettaglio<\/u><\/b><\/span><\/div>\n<div><span style=\"font-size: 13.3333px;\">Il tessuto esterno della borsa \u00e8 in lino grigio e nero, mentre la fodera interna \u00e8 in tessuto impermeabile di lusso da 270 denari, privo di ftalati. Il materiale Airteks \u00e8 utilizzato sulle spalline posteriori per garantire il comfort del trasporto. I corpi dei sacchi sono supportati da schiuma di 8 mm di spessore. Vengono utilizzate cerniere di qualit\u00e0 di tipo 8 e maniglie in metallo artificiale. L&#8217;interno della borsa \u00e8 dotato di uno scomparto per il computer portatile e di una piccola tasca separata per il materiale del computer portatile. La parte esterna della borsa \u00e8 composta da 1 tasca superiore e 2 anteriori con chiusura a zip. Ai lati della borsa sono presenti tasche per materiali come bottiglie di animali o ombrelli.&nbsp;<\/span><\/div>\n<div><span style=\"font-size: 13.3333px;\"><br \/><\/span><\/div>\n<div><span style=\"font-size: 13.3333px;\"><b><u>Dimensione<\/u><\/b><\/span><\/div>\n<div><span style=\"font-size: 13.3333px;\">Le dimensioni della borsa sono 32x42x12 cm. \u00c8 possibile produrre sacchi di dimensioni speciali.&nbsp;<\/span><\/div>\n<div><span style=\"font-size: 13.3333px;\"><br \/><\/span><\/div>\n<div><span style=\"font-size: 13.3333px;\"><u><b>Tipi di stampa, costi di stampa e tempi di consegna per la produzione di sacchetti<\/b><\/u><\/span><\/div>\n<div><span style=\"font-size: 13.3333px;\">\u00c8 tecnicamente possibile stampare qualsiasi tipo di stampa su qualsiasi parte desiderata della borsa; i tipi di stampa sono la serigrafia classica monocromatica o multicolore, la stampa a trasferimento, la marcatura laser su piastra metallica e la stampa a ricamo. I costi di stampa variano in base al numero di colori dell&#8217;immagine da stampare, al formato, alla quantit\u00e0 e al tipo di stampa. I tempi di produzione variano in base alla quantit\u00e0 dell&#8217;ordine e il tempo medio di produzione \u00e8 di 7-15 giorni per ordini tra 200-500 pezzi.<\/span><\/div>\n<div><span style=\"font-size: 13.3333px;\"><br \/><\/span><\/div>\n<div><span style=\"font-size: 13.3333px;\"><b><u>Tipi di stampa, costi di stampa e tempi di consegna per le borse Stock Ready&nbsp;<\/u><\/b><\/span><\/div>\n<div><span style=\"font-size: 13.3333px;\">Non disponiamo di un servizio di stampa per gli ordini di borse inferiori a 50 pezzi. Non \u00e8 tecnicamente possibile realizzare una stampa a ricamo su borse gi\u00e0 pronte. Sono possibili solo la serigrafia a un colore, la marcatura laser su lastre metalliche e le tecniche di stampa transfer. I costi di stampa variano in base al numero di colori dell&#8217;immagine da stampare, al formato, alla quantit\u00e0 e al tipo di stampa. Le borse pronte in magazzino non stampate possono essere consegnate in giornata, mentre quelle stampate possono essere consegnate in 2-7 giorni a seconda del tipo di stampa e della quantit\u00e0 ordinata.<\/span><\/div>\n<div><span style=\"font-size: 13.3333px;\"><br \/><\/span><\/div>\n<div><span style=\"font-size: 13.3333px;\"><u><b>Aree di utilizzo<\/b><\/u><\/span><\/div>\n<div><span style=\"font-size: 13.3333px;\">Lo zaino promozionale all&#8217;ingrosso \u00e8 un prodotto promozionale e pubblicitario utile e duraturo che potete presentare ai vostri visitatori in tutti i tipi di eventi come congressi, simposi, conferenze e seminari, nonch\u00e9 nelle fiere settoriali a cui partecipate. Gli studenti possono utilizzarlo come zaino scolastico promozionale, adatto anche all&#8217;uso quotidiano per donne e uomini.&nbsp;<\/span><\/div>\n<div><span style=\"font-size: 13.3333px;\"><br \/><\/span><\/div>\n<div><span style=\"font-size: 13.3333px;\"><u><b>Consegna<\/b><\/u><\/span><\/div>\n<div><span style=\"font-size: 13.3333px;\">Forniamo spedizioni ai nostri clienti che ordinano da fuori Istanbul a prezzi convenienti con la compagnia di trasporto o le compagnie di trasporto con cui abbiamo stipulato un contratto. I nostri clienti di Istanbul possono ritirare personalmente i prodotti presso la nostra officina o l&#8217;ufficio vendite di \u0130sto\u00e7, noi possiamo spedirli via cargo o tramite le nostre societ\u00e0 di trasporto convenzionate.<\/span><\/div>\n","protected":false},"excerpt":{"rendered":"<p>Zaino Impertex Le spese di stampa e l&#8217;IVA dell&#8217;8% non sono incluse nel prezzo. I prezzi delle borse variano a seconda della quantit\u00e0 ordinata. Si tratta di un prodotto in stock, il colore della borsa in stock \u00e8 quello mostrato nell&#8217;immagine. Si prega di ottenere informazioni aggiornate sui colori e sulle scorte. Quantit\u00e0 minima di&hellip;<\/p>\n","protected":false},"featured_media":41607,"comment_status":"open","ping_status":"closed","template":"","meta":[],"product_brand":[],"product_cat":[1364,1377,1375],"product_tag":[1833,1698,1840,1839,1831,1827,1829,1838,2236,1962,1832,2005,2004,1461,1837,1487,1841,1830,1836,1828],"class_list":{"0":"post-44745","1":"product","2":"type-product","3":"status-publish","4":"has-post-thumbnail","6":"product_cat-borsa-per-congressi-e-simposi","7":"product_cat-borse-rifornite","8":"product_cat-zaino","9":"product_tag-aziende-di-borse-promozionali","10":"product_tag-borsa-allingrosso-istoc","11":"product_tag-borsa-congressi-istanbul","12":"product_tag-borsa-da-conferenza","13":"product_tag-borsa-del-congresso","14":"product_tag-borsa-per-seminari","15":"product_tag-borsa-promozionale-per-congressi","16":"product_tag-borse-di-qualita-allingrosso-it","17":"product_tag-borse-economiche-allingrosso","18":"product_tag-borse-promozionali-istanbul","19":"product_tag-prezzi-degli-zaini-promozionali","20":"product_tag-prezzi-delle-borse-allingrosso-istoc","21":"product_tag-prezzi-delle-borse-promozionali","22":"product_tag-produttori-di-borse-it","23":"product_tag-stampa-della-borsa-dello-zaino","24":"product_tag-zaino-allingrosso","25":"product_tag-zaino-con-scomparto-per-laptop-a-buon-mercato","26":"product_tag-zaino-del-congresso","27":"product_tag-zaino-per-laptop-it","28":"product_tag-zaino-promozionale","29":"description-off","31":"first","32":"instock","33":"shipping-taxable","34":"purchasable","35":"product-type-simple"},"yoast_head":"<!-- This site is optimized with the Yoast SEO plugin v26.6 - https:\/\/yoast.com\/wordpress\/plugins\/seo\/ -->\n<title>Zaino Impertex - Tekno \u00c7anta - Promosyon Toptan \u00c7anta \u0130malat\u0131<\/title>\n<meta name=\"robots\" content=\"index, follow, max-snippet:-1, max-image-preview:large, max-video-preview:-1\" \/>\n<link rel=\"canonical\" href=\"https:\/\/www.teknocanta.com\/zaino-impertex\/\" \/>\n<meta property=\"og:locale\" content=\"it_IT\" \/>\n<meta property=\"og:type\" content=\"article\" \/>\n<meta property=\"og:title\" content=\"Zaino Impertex - Tekno \u00c7anta - Promosyon Toptan \u00c7anta \u0130malat\u0131\" \/>\n<meta property=\"og:description\" content=\"Zaino Impertex Le spese di stampa e l&#8217;IVA dell&#8217;8% non sono incluse nel prezzo. I prezzi delle borse variano a seconda della quantit\u00e0 ordinata. Si tratta di un prodotto in stock, il colore della borsa in stock \u00e8 quello mostrato nell&#8217;immagine. Si prega di ottenere informazioni aggiornate sui colori e sulle scorte. Quantit\u00e0 minima di&hellip;\" \/>\n<meta property=\"og:url\" content=\"https:\/\/www.teknocanta.com\/zaino-impertex\/\" \/>\n<meta property=\"og:site_name\" content=\"Tekno \u00c7anta - Promosyon Toptan \u00c7anta \u0130malat\u0131\" \/>\n<meta name=\"twitter:card\" content=\"summary_large_image\" \/>\n<meta name=\"twitter:label1\" content=\"Tempo di lettura stimato\" \/>\n\t<meta name=\"twitter:data1\" content=\"3 minuti\" \/>\n<script type=\"application\/ld+json\" class=\"yoast-schema-graph\">{\"@context\":\"https:\/\/schema.org\",\"@graph\":[{\"@type\":\"WebPage\",\"@id\":\"https:\/\/www.teknocanta.com\/zaino-impertex\/\",\"url\":\"https:\/\/www.teknocanta.com\/zaino-impertex\/\",\"name\":\"Zaino Impertex - Tekno \u00c7anta - Promosyon Toptan \u00c7anta \u0130malat\u0131\",\"isPartOf\":{\"@id\":\"https:\/\/www.teknocanta.com\/#website\"},\"primaryImageOfPage\":{\"@id\":\"https:\/\/www.teknocanta.com\/zaino-impertex\/#primaryimage\"},\"image\":{\"@id\":\"https:\/\/www.teknocanta.com\/zaino-impertex\/#primaryimage\"},\"thumbnailUrl\":\"https:\/\/www.teknocanta.com\/wp-content\/uploads\/2021\/10\/sirtcantasiimperteksanaresim11.jpg\",\"datePublished\":\"2021-10-14T12:52:55+00:00\",\"breadcrumb\":{\"@id\":\"https:\/\/www.teknocanta.com\/zaino-impertex\/#breadcrumb\"},\"inLanguage\":\"it-IT\",\"potentialAction\":[{\"@type\":\"ReadAction\",\"target\":[\"https:\/\/www.teknocanta.com\/zaino-impertex\/\"]}]},{\"@type\":\"ImageObject\",\"inLanguage\":\"it-IT\",\"@id\":\"https:\/\/www.teknocanta.com\/zaino-impertex\/#primaryimage\",\"url\":\"https:\/\/www.teknocanta.com\/wp-content\/uploads\/2021\/10\/sirtcantasiimperteksanaresim11.jpg\",\"contentUrl\":\"https:\/\/www.teknocanta.com\/wp-content\/uploads\/2021\/10\/sirtcantasiimperteksanaresim11.jpg\",\"width\":546,\"height\":729},{\"@type\":\"BreadcrumbList\",\"@id\":\"https:\/\/www.teknocanta.com\/zaino-impertex\/#breadcrumb\",\"itemListElement\":[{\"@type\":\"ListItem\",\"position\":1,\"name\":\"Ana sayfa\",\"item\":\"https:\/\/www.teknocanta.com\/it\/\"},{\"@type\":\"ListItem\",\"position\":2,\"name\":\"\u00dcr\u00fcnler\",\"item\":\"https:\/\/www.teknocanta.com\/urunler\/\"},{\"@type\":\"ListItem\",\"position\":3,\"name\":\"Zaino Impertex\"}]},{\"@type\":\"WebSite\",\"@id\":\"https:\/\/www.teknocanta.com\/#website\",\"url\":\"https:\/\/www.teknocanta.com\/\",\"name\":\"Tekno \u00c7anta - Promosyon Toptan \u00c7anta \u0130malat\u0131\",\"description\":\"Toptan \u00e7anta imalat\u0131, ham bez \u00e7anta, s\u0131rt \u00e7antalar\u0131, laptop ve evrak \u00e7antalar\u0131, kongre \u00e7antalar\u0131, fuar \u00e7antas\u0131 ve ipli b\u00fczg\u00fcl\u00fc \u00e7anta imalat\u0131 yapmaktay\u0131z.\",\"potentialAction\":[{\"@type\":\"SearchAction\",\"target\":{\"@type\":\"EntryPoint\",\"urlTemplate\":\"https:\/\/www.teknocanta.com\/?s={search_term_string}\"},\"query-input\":{\"@type\":\"PropertyValueSpecification\",\"valueRequired\":true,\"valueName\":\"search_term_string\"}}],\"inLanguage\":\"it-IT\"}]}<\/script>\n<!-- \/ Yoast SEO plugin. -->","yoast_head_json":{"title":"Zaino Impertex - Tekno \u00c7anta - Promosyon Toptan \u00c7anta \u0130malat\u0131","robots":{"index":"index","follow":"follow","max-snippet":"max-snippet:-1","max-image-preview":"max-image-preview:large","max-video-preview":"max-video-preview:-1"},"canonical":"https:\/\/www.teknocanta.com\/zaino-impertex\/","og_locale":"it_IT","og_type":"article","og_title":"Zaino Impertex - Tekno \u00c7anta - Promosyon Toptan \u00c7anta \u0130malat\u0131","og_description":"Zaino Impertex Le spese di stampa e l&#8217;IVA dell&#8217;8% non sono incluse nel prezzo. I prezzi delle borse variano a seconda della quantit\u00e0 ordinata. Si tratta di un prodotto in stock, il colore della borsa in stock \u00e8 quello mostrato nell&#8217;immagine. Si prega di ottenere informazioni aggiornate sui colori e sulle scorte. Quantit\u00e0 minima di&hellip;","og_url":"https:\/\/www.teknocanta.com\/zaino-impertex\/","og_site_name":"Tekno \u00c7anta - Promosyon Toptan \u00c7anta \u0130malat\u0131","twitter_card":"summary_large_image","twitter_misc":{"Tempo di lettura stimato":"3 minuti"},"schema":{"@context":"https:\/\/schema.org","@graph":[{"@type":"WebPage","@id":"https:\/\/www.teknocanta.com\/zaino-impertex\/","url":"https:\/\/www.teknocanta.com\/zaino-impertex\/","name":"Zaino Impertex - Tekno \u00c7anta - Promosyon Toptan \u00c7anta \u0130malat\u0131","isPartOf":{"@id":"https:\/\/www.teknocanta.com\/#website"},"primaryImageOfPage":{"@id":"https:\/\/www.teknocanta.com\/zaino-impertex\/#primaryimage"},"image":{"@id":"https:\/\/www.teknocanta.com\/zaino-impertex\/#primaryimage"},"thumbnailUrl":"https:\/\/www.teknocanta.com\/wp-content\/uploads\/2021\/10\/sirtcantasiimperteksanaresim11.jpg","datePublished":"2021-10-14T12:52:55+00:00","breadcrumb":{"@id":"https:\/\/www.teknocanta.com\/zaino-impertex\/#breadcrumb"},"inLanguage":"it-IT","potentialAction":[{"@type":"ReadAction","target":["https:\/\/www.teknocanta.com\/zaino-impertex\/"]}]},{"@type":"ImageObject","inLanguage":"it-IT","@id":"https:\/\/www.teknocanta.com\/zaino-impertex\/#primaryimage","url":"https:\/\/www.teknocanta.com\/wp-content\/uploads\/2021\/10\/sirtcantasiimperteksanaresim11.jpg","contentUrl":"https:\/\/www.teknocanta.com\/wp-content\/uploads\/2021\/10\/sirtcantasiimperteksanaresim11.jpg","width":546,"height":729},{"@type":"BreadcrumbList","@id":"https:\/\/www.teknocanta.com\/zaino-impertex\/#breadcrumb","itemListElement":[{"@type":"ListItem","position":1,"name":"Ana sayfa","item":"https:\/\/www.teknocanta.com\/it\/"},{"@type":"ListItem","position":2,"name":"\u00dcr\u00fcnler","item":"https:\/\/www.teknocanta.com\/urunler\/"},{"@type":"ListItem","position":3,"name":"Zaino Impertex"}]},{"@type":"WebSite","@id":"https:\/\/www.teknocanta.com\/#website","url":"https:\/\/www.teknocanta.com\/","name":"Tekno \u00c7anta - Promosyon Toptan \u00c7anta \u0130malat\u0131","description":"Toptan \u00e7anta imalat\u0131, ham bez \u00e7anta, s\u0131rt \u00e7antalar\u0131, laptop ve evrak \u00e7antalar\u0131, kongre \u00e7antalar\u0131, fuar \u00e7antas\u0131 ve ipli b\u00fczg\u00fcl\u00fc \u00e7anta imalat\u0131 yapmaktay\u0131z.","potentialAction":[{"@type":"SearchAction","target":{"@type":"EntryPoint","urlTemplate":"https:\/\/www.teknocanta.com\/?s={search_term_string}"},"query-input":{"@type":"PropertyValueSpecification","valueRequired":true,"valueName":"search_term_string"}}],"inLanguage":"it-IT"}]}},"_links":{"self":[{"href":"https:\/\/www.teknocanta.com\/it\/wp-json\/wp\/v2\/product\/44745","targetHints":{"allow":["GET"]}}],"collection":[{"href":"https:\/\/www.teknocanta.com\/it\/wp-json\/wp\/v2\/product"}],"about":[{"href":"https:\/\/www.teknocanta.com\/it\/wp-json\/wp\/v2\/types\/product"}],"replies":[{"embeddable":true,"href":"https:\/\/www.teknocanta.com\/it\/wp-json\/wp\/v2\/comments?post=44745"}],"wp:featuredmedia":[{"embeddable":true,"href":"https:\/\/www.teknocanta.com\/it\/wp-json\/wp\/v2\/media\/41607"}],"wp:attachment":[{"href":"https:\/\/www.teknocanta.com\/it\/wp-json\/wp\/v2\/media?parent=44745"}],"wp:term":[{"taxonomy":"product_brand","embeddable":true,"href":"https:\/\/www.teknocanta.com\/it\/wp-json\/wp\/v2\/product_brand?post=44745"},{"taxonomy":"product_cat","embeddable":true,"href":"https:\/\/www.teknocanta.com\/it\/wp-json\/wp\/v2\/product_cat?post=44745"},{"taxonomy":"product_tag","embeddable":true,"href":"https:\/\/www.teknocanta.com\/it\/wp-json\/wp\/v2\/product_tag?post=44745"}],"curies":[{"name":"wp","href":"https:\/\/api.w.org\/{rel}","templated":true}]}}