{"id":44739,"date":"2021-10-14T15:52:55","date_gmt":"2021-10-14T12:52:55","guid":{"rendered":"https:\/\/www.teknocanta.com\/zaino-a-valigetta-per-computer-portatile\/"},"modified":"2021-10-14T15:52:55","modified_gmt":"2021-10-14T12:52:55","slug":"zaino-per-laptop-documenti","status":"publish","type":"product","link":"https:\/\/www.teknocanta.com\/it\/prodotto\/zaino-per-laptop-documenti\/","title":{"rendered":"Zaino a valigetta per computer portatile"},"content":{"rendered":"<div>Questo \u00e8 un prodotto in stock. Il colore della borsa in stock \u00e8 grigio. L&#8217;IVA 8% e le spese di stampa non sono incluse nel prezzo.&nbsp;<\/div>\n<div>L&#8217;esterno della borsa \u00e8 realizzato in tessuto Oxford impermeabile con propriet\u00e0 idrorepellenti, mentre la fodera interna \u00e8 realizzata in tessuto impertex 270 d lusso. La superficie posteriore della borsa \u00e8 supportata da Airteks e spugna. Gli spallacci sono ergonomici e confortevoli. Viene utilizzata la cerniera T8.&nbsp;<\/div>\n<div><\/div>\n<div>Dimensioni della borsa 45 x 33 x 16 cm, peso 850 grammi. La borsa \u00e8 sufficientemente capiente per ospitare computer portatili da 17 pollici. Si compone di 2 sezioni anteriori e 2 superiori. La borsa \u00e8 dotata di uno scomparto per il computer portatile e di piccole tasche per i piccoli oggetti di uso quotidiano, come le penne.&nbsp;<\/div>\n<div><\/div>\n<div>La borsa \u00e8 progettata e realizzata per essere complessivamente comoda, elegante, ultraleggera e resistente. Ideale per tutte le attivit\u00e0 all&#8217;aperto, come escursioni, universit\u00e0, lavoro e shopping, viaggi e campeggi, come borsa sportiva e da ciclismo e per l&#8217;alpinismo. \u00c8 uno zaino adatto a uomini, donne o amanti dei viaggi.<\/div>\n<div><\/div>\n<div>Kuma\u015f y\u00fczeyi teknik a\u00e7\u0131dan her t\u00fcrl\u00fc bask\u0131 i\u00e7in uygundur. La stampa a trasferimento, la serigrafia o la stampa a ricamo possono essere effettuate su qualsiasi area interna o esterna della borsa. Se lo desiderate, il vostro logo pu\u00f2 essere stampato sulla piastra metallica con tecnica di stampa laser e montato sulla borsa.<\/div>\n<div><\/div>\n<div>Per ordini pari o superiori a 200 pezzi, \u00e8 possibile cambiare il colore del tessuto, della fodera e della cerniera.&nbsp;<\/div>\n<div>La stampa a ricamo \u00e8 possibile per ordini pari o superiori a 200 pezzi, la stampa serigrafica monocolore o la stampa transfer \u00e8 possibile su borse gi\u00e0 pronte.<\/div>\n<div><\/div>\n<div>Per gli ordini di produzione speciale, i tempi di produzione sono di almeno una settimana a seconda della quantit\u00e0. I prodotti pronti in magazzino possono essere consegnati il giorno stesso senza stampa. I tempi di stampa per i prodotti in stock sono di qualche giorno.<\/div>\n<div><\/div>\n<div>La sede di produzione di Avrupa Bag \u00e8 Istanbul ed \u00e8 un prodotto al 100% nazionale. La nostra officina si trova nel distretto di K\u00fc\u00e7\u00fck\u00e7ekmece, il nostro ufficio vendite e lo showroom sono nel distretto di Ba\u011fc\u0131lar, nel sito dei grossisti di Istoc.<\/div>\n<div><\/div>\n<div>I nostri prodotti possono essere spediti in tutta la Turchia a prezzi economici con le nostre societ\u00e0 di trasporto o di magazzino dal nostro indirizzo di isto\u00e7.<\/div>\n","protected":false},"excerpt":{"rendered":"<p>Questo \u00e8 un prodotto in stock. Il colore della borsa in stock \u00e8 grigio. L&#8217;IVA 8% e le spese di stampa non sono incluse nel prezzo.&nbsp; L&#8217;esterno della borsa \u00e8 realizzato in tessuto Oxford impermeabile con propriet\u00e0 idrorepellenti, mentre la fodera interna \u00e8 realizzata in tessuto impertex 270 d lusso. La superficie posteriore della borsa&hellip;<\/p>\n","protected":false},"featured_media":41544,"comment_status":"open","ping_status":"closed","template":"","meta":[],"product_brand":[],"product_cat":[1364,1377,1375],"product_tag":[1698,1840,1839,1831,1835,1827,1829,2003,1962,1832,2005,2004,1450,1872,2162,1837,1841,1836,1828],"class_list":{"0":"post-44739","1":"product","2":"type-product","3":"status-publish","4":"has-post-thumbnail","6":"product_cat-borsa-per-congressi-e-simposi","7":"product_cat-borse-rifornite","8":"product_cat-zaino","9":"product_tag-borsa-allingrosso-istoc","10":"product_tag-borsa-congressi-istanbul","11":"product_tag-borsa-da-conferenza","12":"product_tag-borsa-del-congresso","13":"product_tag-borsa-del-simposio","14":"product_tag-borsa-per-seminari","15":"product_tag-borsa-promozionale-per-congressi","16":"product_tag-borse-promozionali-allingrosso","17":"product_tag-borse-promozionali-istanbul","18":"product_tag-prezzi-degli-zaini-promozionali","19":"product_tag-prezzi-delle-borse-allingrosso-istoc","20":"product_tag-prezzi-delle-borse-promozionali","21":"product_tag-produttori-di-borse","22":"product_tag-produttori-di-borse-istanbul-it","23":"product_tag-produttori-di-borse-zeytinburnu","24":"product_tag-stampa-della-borsa-dello-zaino","25":"product_tag-zaino-con-scomparto-per-laptop-a-buon-mercato","26":"product_tag-zaino-per-laptop-it","27":"product_tag-zaino-promozionale","28":"description-off","30":"first","31":"instock","32":"shipping-taxable","33":"purchasable","34":"product-type-simple"},"yoast_head":"<!-- This site is optimized with the Yoast SEO plugin v26.6 - https:\/\/yoast.com\/wordpress\/plugins\/seo\/ -->\n<title>Zaino a valigetta per computer portatile - Tekno \u00c7anta - Promosyon Toptan \u00c7anta \u0130malat\u0131<\/title>\n<meta name=\"robots\" content=\"index, follow, max-snippet:-1, max-image-preview:large, max-video-preview:-1\" \/>\n<link rel=\"canonical\" href=\"https:\/\/www.teknocanta.com\/zaino-a-valigetta-per-computer-portatile\/\" \/>\n<meta property=\"og:locale\" content=\"it_IT\" \/>\n<meta property=\"og:type\" content=\"article\" \/>\n<meta property=\"og:title\" content=\"Zaino a valigetta per computer portatile - Tekno \u00c7anta - Promosyon Toptan \u00c7anta \u0130malat\u0131\" \/>\n<meta property=\"og:description\" content=\"Questo \u00e8 un prodotto in stock. Il colore della borsa in stock \u00e8 grigio. L&#8217;IVA 8% e le spese di stampa non sono incluse nel prezzo.&nbsp; L&#8217;esterno della borsa \u00e8 realizzato in tessuto Oxford impermeabile con propriet\u00e0 idrorepellenti, mentre la fodera interna \u00e8 realizzata in tessuto impertex 270 d lusso. La superficie posteriore della borsa&hellip;\" \/>\n<meta property=\"og:url\" content=\"https:\/\/www.teknocanta.com\/zaino-a-valigetta-per-computer-portatile\/\" \/>\n<meta property=\"og:site_name\" content=\"Tekno \u00c7anta - Promosyon Toptan \u00c7anta \u0130malat\u0131\" \/>\n<meta name=\"twitter:card\" content=\"summary_large_image\" \/>\n<meta name=\"twitter:label1\" content=\"Tempo di lettura stimato\" \/>\n\t<meta name=\"twitter:data1\" content=\"2 minuti\" \/>\n<script type=\"application\/ld+json\" class=\"yoast-schema-graph\">{\"@context\":\"https:\/\/schema.org\",\"@graph\":[{\"@type\":\"WebPage\",\"@id\":\"https:\/\/www.teknocanta.com\/zaino-a-valigetta-per-computer-portatile\/\",\"url\":\"https:\/\/www.teknocanta.com\/zaino-a-valigetta-per-computer-portatile\/\",\"name\":\"Zaino a valigetta per computer portatile - Tekno \u00c7anta - Promosyon Toptan \u00c7anta \u0130malat\u0131\",\"isPartOf\":{\"@id\":\"https:\/\/www.teknocanta.com\/#website\"},\"primaryImageOfPage\":{\"@id\":\"https:\/\/www.teknocanta.com\/zaino-a-valigetta-per-computer-portatile\/#primaryimage\"},\"image\":{\"@id\":\"https:\/\/www.teknocanta.com\/zaino-a-valigetta-per-computer-portatile\/#primaryimage\"},\"thumbnailUrl\":\"https:\/\/www.teknocanta.com\/wp-content\/uploads\/2021\/10\/sirt_cantasi_toptan_siyah_ana_resim_1.jpg\",\"datePublished\":\"2021-10-14T12:52:55+00:00\",\"breadcrumb\":{\"@id\":\"https:\/\/www.teknocanta.com\/zaino-a-valigetta-per-computer-portatile\/#breadcrumb\"},\"inLanguage\":\"it-IT\",\"potentialAction\":[{\"@type\":\"ReadAction\",\"target\":[\"https:\/\/www.teknocanta.com\/zaino-a-valigetta-per-computer-portatile\/\"]}]},{\"@type\":\"ImageObject\",\"inLanguage\":\"it-IT\",\"@id\":\"https:\/\/www.teknocanta.com\/zaino-a-valigetta-per-computer-portatile\/#primaryimage\",\"url\":\"https:\/\/www.teknocanta.com\/wp-content\/uploads\/2021\/10\/sirt_cantasi_toptan_siyah_ana_resim_1.jpg\",\"contentUrl\":\"https:\/\/www.teknocanta.com\/wp-content\/uploads\/2021\/10\/sirt_cantasi_toptan_siyah_ana_resim_1.jpg\",\"width\":943,\"height\":1034},{\"@type\":\"BreadcrumbList\",\"@id\":\"https:\/\/www.teknocanta.com\/zaino-a-valigetta-per-computer-portatile\/#breadcrumb\",\"itemListElement\":[{\"@type\":\"ListItem\",\"position\":1,\"name\":\"Ana sayfa\",\"item\":\"https:\/\/www.teknocanta.com\/it\/\"},{\"@type\":\"ListItem\",\"position\":2,\"name\":\"\u00dcr\u00fcnler\",\"item\":\"https:\/\/www.teknocanta.com\/urunler\/\"},{\"@type\":\"ListItem\",\"position\":3,\"name\":\"Zaino a valigetta per computer portatile\"}]},{\"@type\":\"WebSite\",\"@id\":\"https:\/\/www.teknocanta.com\/#website\",\"url\":\"https:\/\/www.teknocanta.com\/\",\"name\":\"Tekno \u00c7anta - Promosyon Toptan \u00c7anta \u0130malat\u0131\",\"description\":\"Toptan \u00e7anta imalat\u0131, ham bez \u00e7anta, s\u0131rt \u00e7antalar\u0131, laptop ve evrak \u00e7antalar\u0131, kongre \u00e7antalar\u0131, fuar \u00e7antas\u0131 ve ipli b\u00fczg\u00fcl\u00fc \u00e7anta imalat\u0131 yapmaktay\u0131z.\",\"potentialAction\":[{\"@type\":\"SearchAction\",\"target\":{\"@type\":\"EntryPoint\",\"urlTemplate\":\"https:\/\/www.teknocanta.com\/?s={search_term_string}\"},\"query-input\":{\"@type\":\"PropertyValueSpecification\",\"valueRequired\":true,\"valueName\":\"search_term_string\"}}],\"inLanguage\":\"it-IT\"}]}<\/script>\n<!-- \/ Yoast SEO plugin. -->","yoast_head_json":{"title":"Zaino a valigetta per computer portatile - Tekno \u00c7anta - Promosyon Toptan \u00c7anta \u0130malat\u0131","robots":{"index":"index","follow":"follow","max-snippet":"max-snippet:-1","max-image-preview":"max-image-preview:large","max-video-preview":"max-video-preview:-1"},"canonical":"https:\/\/www.teknocanta.com\/zaino-a-valigetta-per-computer-portatile\/","og_locale":"it_IT","og_type":"article","og_title":"Zaino a valigetta per computer portatile - Tekno \u00c7anta - Promosyon Toptan \u00c7anta \u0130malat\u0131","og_description":"Questo \u00e8 un prodotto in stock. Il colore della borsa in stock \u00e8 grigio. L&#8217;IVA 8% e le spese di stampa non sono incluse nel prezzo.&nbsp; L&#8217;esterno della borsa \u00e8 realizzato in tessuto Oxford impermeabile con propriet\u00e0 idrorepellenti, mentre la fodera interna \u00e8 realizzata in tessuto impertex 270 d lusso. La superficie posteriore della borsa&hellip;","og_url":"https:\/\/www.teknocanta.com\/zaino-a-valigetta-per-computer-portatile\/","og_site_name":"Tekno \u00c7anta - Promosyon Toptan \u00c7anta \u0130malat\u0131","twitter_card":"summary_large_image","twitter_misc":{"Tempo di lettura stimato":"2 minuti"},"schema":{"@context":"https:\/\/schema.org","@graph":[{"@type":"WebPage","@id":"https:\/\/www.teknocanta.com\/zaino-a-valigetta-per-computer-portatile\/","url":"https:\/\/www.teknocanta.com\/zaino-a-valigetta-per-computer-portatile\/","name":"Zaino a valigetta per computer portatile - Tekno \u00c7anta - Promosyon Toptan \u00c7anta \u0130malat\u0131","isPartOf":{"@id":"https:\/\/www.teknocanta.com\/#website"},"primaryImageOfPage":{"@id":"https:\/\/www.teknocanta.com\/zaino-a-valigetta-per-computer-portatile\/#primaryimage"},"image":{"@id":"https:\/\/www.teknocanta.com\/zaino-a-valigetta-per-computer-portatile\/#primaryimage"},"thumbnailUrl":"https:\/\/www.teknocanta.com\/wp-content\/uploads\/2021\/10\/sirt_cantasi_toptan_siyah_ana_resim_1.jpg","datePublished":"2021-10-14T12:52:55+00:00","breadcrumb":{"@id":"https:\/\/www.teknocanta.com\/zaino-a-valigetta-per-computer-portatile\/#breadcrumb"},"inLanguage":"it-IT","potentialAction":[{"@type":"ReadAction","target":["https:\/\/www.teknocanta.com\/zaino-a-valigetta-per-computer-portatile\/"]}]},{"@type":"ImageObject","inLanguage":"it-IT","@id":"https:\/\/www.teknocanta.com\/zaino-a-valigetta-per-computer-portatile\/#primaryimage","url":"https:\/\/www.teknocanta.com\/wp-content\/uploads\/2021\/10\/sirt_cantasi_toptan_siyah_ana_resim_1.jpg","contentUrl":"https:\/\/www.teknocanta.com\/wp-content\/uploads\/2021\/10\/sirt_cantasi_toptan_siyah_ana_resim_1.jpg","width":943,"height":1034},{"@type":"BreadcrumbList","@id":"https:\/\/www.teknocanta.com\/zaino-a-valigetta-per-computer-portatile\/#breadcrumb","itemListElement":[{"@type":"ListItem","position":1,"name":"Ana sayfa","item":"https:\/\/www.teknocanta.com\/it\/"},{"@type":"ListItem","position":2,"name":"\u00dcr\u00fcnler","item":"https:\/\/www.teknocanta.com\/urunler\/"},{"@type":"ListItem","position":3,"name":"Zaino a valigetta per computer portatile"}]},{"@type":"WebSite","@id":"https:\/\/www.teknocanta.com\/#website","url":"https:\/\/www.teknocanta.com\/","name":"Tekno \u00c7anta - Promosyon Toptan \u00c7anta \u0130malat\u0131","description":"Toptan \u00e7anta imalat\u0131, ham bez \u00e7anta, s\u0131rt \u00e7antalar\u0131, laptop ve evrak \u00e7antalar\u0131, kongre \u00e7antalar\u0131, fuar \u00e7antas\u0131 ve ipli b\u00fczg\u00fcl\u00fc \u00e7anta imalat\u0131 yapmaktay\u0131z.","potentialAction":[{"@type":"SearchAction","target":{"@type":"EntryPoint","urlTemplate":"https:\/\/www.teknocanta.com\/?s={search_term_string}"},"query-input":{"@type":"PropertyValueSpecification","valueRequired":true,"valueName":"search_term_string"}}],"inLanguage":"it-IT"}]}},"_links":{"self":[{"href":"https:\/\/www.teknocanta.com\/it\/wp-json\/wp\/v2\/product\/44739","targetHints":{"allow":["GET"]}}],"collection":[{"href":"https:\/\/www.teknocanta.com\/it\/wp-json\/wp\/v2\/product"}],"about":[{"href":"https:\/\/www.teknocanta.com\/it\/wp-json\/wp\/v2\/types\/product"}],"replies":[{"embeddable":true,"href":"https:\/\/www.teknocanta.com\/it\/wp-json\/wp\/v2\/comments?post=44739"}],"wp:featuredmedia":[{"embeddable":true,"href":"https:\/\/www.teknocanta.com\/it\/wp-json\/wp\/v2\/media\/41544"}],"wp:attachment":[{"href":"https:\/\/www.teknocanta.com\/it\/wp-json\/wp\/v2\/media?parent=44739"}],"wp:term":[{"taxonomy":"product_brand","embeddable":true,"href":"https:\/\/www.teknocanta.com\/it\/wp-json\/wp\/v2\/product_brand?post=44739"},{"taxonomy":"product_cat","embeddable":true,"href":"https:\/\/www.teknocanta.com\/it\/wp-json\/wp\/v2\/product_cat?post=44739"},{"taxonomy":"product_tag","embeddable":true,"href":"https:\/\/www.teknocanta.com\/it\/wp-json\/wp\/v2\/product_tag?post=44739"}],"curies":[{"name":"wp","href":"https:\/\/api.w.org\/{rel}","templated":true}]}}