{"id":44718,"date":"2021-10-14T15:53:18","date_gmt":"2021-10-14T12:53:18","guid":{"rendered":"https:\/\/www.teknocanta.com\/borsa-per-laptop-del-congresso\/"},"modified":"2021-10-14T15:53:18","modified_gmt":"2021-10-14T12:53:18","slug":"custodia-per-laptop-da-congresso","status":"publish","type":"product","link":"https:\/\/www.teknocanta.com\/it\/prodotto\/custodia-per-laptop-da-congresso\/","title":{"rendered":"Borsa per laptop del Congresso"},"content":{"rendered":"<div><font color=\"#222222\">Per le vostre richieste di prezzo in quantit\u00e0 diverse, potete richiedere un prezzo inviando una e-mail al nostro indirizzo di posta elettronica nella sezione contatti. L&#8217;IVA dell&#8217;8% e le spese di stampa non sono incluse nel prezzo.<\/font><\/div>\n<div><font color=\"#222222\"><br \/><\/font><\/div>\n<div><font color=\"#222222\">La combinazione rossa viene applicata utilizzando fili di cucitura rossi insieme alla fodera e alla cerniera della borsa. In questo modo, per ordini di almeno 200 pezzi, \u00e8 possibile combinare i colori desiderati cambiando il colore del tessuto, della fodera o della cerniera. Le parti esterne della borsa sono realizzate in tessuto impermeabile di lino imperteks e le fodere in tessuto imperteks 270 denari.<\/font><\/div>\n<div><font color=\"#222222\"><br \/><\/font><\/div>\n<div><font color=\"#222222\">Le dimensioni della borsa sono 30x40x8 cm. La borsa \u00e8 composta da 2 sezioni anteriori e 1 superiore. All&#8217;interno della borsa \u00e8 presente uno scomparto per il computer portatile.<\/font><\/div>\n<div><font color=\"#222222\"><br \/><\/font><\/div>\n<div><font color=\"#222222\">I corpi dei sacchi sono supportati da schiuma di 8 mm di spessore. Viene utilizzata una cerniera di qualit\u00e0 di tipo 8.<\/font><\/div>\n<div><font color=\"#222222\"><br \/><\/font><\/div>\n<div><font color=\"#222222\">\u00c8 possibile realizzare stampe colorate all&#8217;interno o all&#8217;esterno della borsa. Opzionalmente, si pu\u00f2 anche stampare un ricamo. I costi di stampa variano in base al numero di colori dell&#8217;immagine da stampare.<\/font><\/div>\n<div><font color=\"#222222\"><br \/><\/font><\/div>\n<div><font color=\"#222222\">I tempi di produzione delle borse promozionali per laptop del Congresso variano in base al numero di ordini e il tempo medio di produzione \u00e8 di 15 giorni, ma pu\u00f2 essere anticipato a seconda dell&#8217;importanza del lavoro. I sacchetti in stock possono essere consegnati il giorno stesso senza stampa. Se i prodotti in stock sono da preferire come stampati, i tempi di stampa possono richiedere alcuni giorni a seconda dell&#8217;intensit\u00e0.<\/font><\/div>\n<div><font color=\"#222222\"><br \/><\/font><\/div>\n<div><font color=\"#222222\">Si prega di ottenere informazioni aggiornate sulle scorte.<\/font><\/div>\n<div><font color=\"#222222\"><br \/><\/font><\/div>\n<div><font color=\"#222222\">Le borse per laptop promozionali per congressi sono generalmente un prodotto promozionale utile che potete utilizzare in tutti i tipi di eventi come congressi, simposi, conferenze e seminari e che potete regalare ai vostri clienti.<\/font><\/div>\n","protected":false},"excerpt":{"rendered":"<p>Per le vostre richieste di prezzo in quantit\u00e0 diverse, potete richiedere un prezzo inviando una e-mail al nostro indirizzo di posta elettronica nella sezione contatti. L&#8217;IVA dell&#8217;8% e le spese di stampa non sono incluse nel prezzo. La combinazione rossa viene applicata utilizzando fili di cucitura rossi insieme alla fodera e alla cerniera della borsa.&hellip;<\/p>\n","protected":false},"featured_media":41865,"comment_status":"open","ping_status":"closed","template":"","meta":[],"product_brand":[],"product_cat":[1364,1377,1366],"product_tag":[1698,1961,1835,2106,2032,2107,2102,1827,1829,2104,1535,1838,1962,2103,2100,2101,1837,2105],"class_list":{"0":"post-44718","1":"product","2":"type-product","3":"status-publish","4":"has-post-thumbnail","6":"product_cat-borsa-per-congressi-e-simposi","7":"product_cat-borse-rifornite","8":"product_cat-computer-portatile-e-valigetta","9":"product_tag-borsa-allingrosso-istoc","10":"product_tag-borsa-ankara","11":"product_tag-borsa-del-simposio","12":"product_tag-borsa-per-computer-portatile-del-congresso-con-stock","13":"product_tag-borsa-per-laptop-del-congresso","14":"product_tag-borsa-per-laptop-del-congresso-allingrosso","15":"product_tag-borsa-per-laptop-del-congresso-istanbul","16":"product_tag-borsa-per-seminari","17":"product_tag-borsa-promozionale-per-congressi","18":"product_tag-borsa-promozionale-per-laptop-da-congresso","19":"product_tag-borsa-rifornita","20":"product_tag-borse-di-qualita-allingrosso-it","21":"product_tag-borse-promozionali-istanbul","22":"product_tag-modelli-di-borse-per-computer-portatili-del-congresso","23":"product_tag-prezzi-della-borsa-per-laptop-del-congresso","24":"product_tag-produzione-di-borse-per-computer-portatili-del-congresso","25":"product_tag-stampa-della-borsa-dello-zaino","26":"product_tag-zaino-promozionale-per-laptop-da-congresso","27":"description-off","29":"first","30":"instock","31":"shipping-taxable","32":"purchasable","33":"product-type-simple"},"yoast_head":"<!-- This site is optimized with the Yoast SEO plugin v26.6 - https:\/\/yoast.com\/wordpress\/plugins\/seo\/ -->\n<title>Borsa per laptop del Congresso - Tekno \u00c7anta - Promosyon Toptan \u00c7anta \u0130malat\u0131<\/title>\n<meta name=\"robots\" content=\"index, follow, max-snippet:-1, max-image-preview:large, max-video-preview:-1\" \/>\n<link rel=\"canonical\" href=\"https:\/\/www.teknocanta.com\/borsa-per-laptop-del-congresso\/\" \/>\n<meta property=\"og:locale\" content=\"it_IT\" \/>\n<meta property=\"og:type\" content=\"article\" \/>\n<meta property=\"og:title\" content=\"Borsa per laptop del Congresso - Tekno \u00c7anta - Promosyon Toptan \u00c7anta \u0130malat\u0131\" \/>\n<meta property=\"og:description\" content=\"Per le vostre richieste di prezzo in quantit\u00e0 diverse, potete richiedere un prezzo inviando una e-mail al nostro indirizzo di posta elettronica nella sezione contatti. L&#8217;IVA dell&#8217;8% e le spese di stampa non sono incluse nel prezzo. La combinazione rossa viene applicata utilizzando fili di cucitura rossi insieme alla fodera e alla cerniera della borsa.&hellip;\" \/>\n<meta property=\"og:url\" content=\"https:\/\/www.teknocanta.com\/borsa-per-laptop-del-congresso\/\" \/>\n<meta property=\"og:site_name\" content=\"Tekno \u00c7anta - Promosyon Toptan \u00c7anta \u0130malat\u0131\" \/>\n<meta name=\"twitter:card\" content=\"summary_large_image\" \/>\n<meta name=\"twitter:label1\" content=\"Tempo di lettura stimato\" \/>\n\t<meta name=\"twitter:data1\" content=\"1 minuto\" \/>\n<script type=\"application\/ld+json\" class=\"yoast-schema-graph\">{\"@context\":\"https:\/\/schema.org\",\"@graph\":[{\"@type\":\"WebPage\",\"@id\":\"https:\/\/www.teknocanta.com\/borsa-per-laptop-del-congresso\/\",\"url\":\"https:\/\/www.teknocanta.com\/borsa-per-laptop-del-congresso\/\",\"name\":\"Borsa per laptop del Congresso - Tekno \u00c7anta - Promosyon Toptan \u00c7anta \u0130malat\u0131\",\"isPartOf\":{\"@id\":\"https:\/\/www.teknocanta.com\/#website\"},\"primaryImageOfPage\":{\"@id\":\"https:\/\/www.teknocanta.com\/borsa-per-laptop-del-congresso\/#primaryimage\"},\"image\":{\"@id\":\"https:\/\/www.teknocanta.com\/borsa-per-laptop-del-congresso\/#primaryimage\"},\"thumbnailUrl\":\"https:\/\/www.teknocanta.com\/wp-content\/uploads\/2021\/10\/kongre_laptop_cantasi_son_ana.jpg\",\"datePublished\":\"2021-10-14T12:53:18+00:00\",\"breadcrumb\":{\"@id\":\"https:\/\/www.teknocanta.com\/borsa-per-laptop-del-congresso\/#breadcrumb\"},\"inLanguage\":\"it-IT\",\"potentialAction\":[{\"@type\":\"ReadAction\",\"target\":[\"https:\/\/www.teknocanta.com\/borsa-per-laptop-del-congresso\/\"]}]},{\"@type\":\"ImageObject\",\"inLanguage\":\"it-IT\",\"@id\":\"https:\/\/www.teknocanta.com\/borsa-per-laptop-del-congresso\/#primaryimage\",\"url\":\"https:\/\/www.teknocanta.com\/wp-content\/uploads\/2021\/10\/kongre_laptop_cantasi_son_ana.jpg\",\"contentUrl\":\"https:\/\/www.teknocanta.com\/wp-content\/uploads\/2021\/10\/kongre_laptop_cantasi_son_ana.jpg\",\"width\":1000,\"height\":899},{\"@type\":\"BreadcrumbList\",\"@id\":\"https:\/\/www.teknocanta.com\/borsa-per-laptop-del-congresso\/#breadcrumb\",\"itemListElement\":[{\"@type\":\"ListItem\",\"position\":1,\"name\":\"Ana sayfa\",\"item\":\"https:\/\/www.teknocanta.com\/it\/\"},{\"@type\":\"ListItem\",\"position\":2,\"name\":\"\u00dcr\u00fcnler\",\"item\":\"https:\/\/www.teknocanta.com\/urunler\/\"},{\"@type\":\"ListItem\",\"position\":3,\"name\":\"Borsa per laptop del Congresso\"}]},{\"@type\":\"WebSite\",\"@id\":\"https:\/\/www.teknocanta.com\/#website\",\"url\":\"https:\/\/www.teknocanta.com\/\",\"name\":\"Tekno \u00c7anta - Promosyon Toptan \u00c7anta \u0130malat\u0131\",\"description\":\"Toptan \u00e7anta imalat\u0131, ham bez \u00e7anta, s\u0131rt \u00e7antalar\u0131, laptop ve evrak \u00e7antalar\u0131, kongre \u00e7antalar\u0131, fuar \u00e7antas\u0131 ve ipli b\u00fczg\u00fcl\u00fc \u00e7anta imalat\u0131 yapmaktay\u0131z.\",\"potentialAction\":[{\"@type\":\"SearchAction\",\"target\":{\"@type\":\"EntryPoint\",\"urlTemplate\":\"https:\/\/www.teknocanta.com\/?s={search_term_string}\"},\"query-input\":{\"@type\":\"PropertyValueSpecification\",\"valueRequired\":true,\"valueName\":\"search_term_string\"}}],\"inLanguage\":\"it-IT\"}]}<\/script>\n<!-- \/ Yoast SEO plugin. -->","yoast_head_json":{"title":"Borsa per laptop del Congresso - Tekno \u00c7anta - Promosyon Toptan \u00c7anta \u0130malat\u0131","robots":{"index":"index","follow":"follow","max-snippet":"max-snippet:-1","max-image-preview":"max-image-preview:large","max-video-preview":"max-video-preview:-1"},"canonical":"https:\/\/www.teknocanta.com\/borsa-per-laptop-del-congresso\/","og_locale":"it_IT","og_type":"article","og_title":"Borsa per laptop del Congresso - Tekno \u00c7anta - Promosyon Toptan \u00c7anta \u0130malat\u0131","og_description":"Per le vostre richieste di prezzo in quantit\u00e0 diverse, potete richiedere un prezzo inviando una e-mail al nostro indirizzo di posta elettronica nella sezione contatti. L&#8217;IVA dell&#8217;8% e le spese di stampa non sono incluse nel prezzo. La combinazione rossa viene applicata utilizzando fili di cucitura rossi insieme alla fodera e alla cerniera della borsa.&hellip;","og_url":"https:\/\/www.teknocanta.com\/borsa-per-laptop-del-congresso\/","og_site_name":"Tekno \u00c7anta - Promosyon Toptan \u00c7anta \u0130malat\u0131","twitter_card":"summary_large_image","twitter_misc":{"Tempo di lettura stimato":"1 minuto"},"schema":{"@context":"https:\/\/schema.org","@graph":[{"@type":"WebPage","@id":"https:\/\/www.teknocanta.com\/borsa-per-laptop-del-congresso\/","url":"https:\/\/www.teknocanta.com\/borsa-per-laptop-del-congresso\/","name":"Borsa per laptop del Congresso - Tekno \u00c7anta - Promosyon Toptan \u00c7anta \u0130malat\u0131","isPartOf":{"@id":"https:\/\/www.teknocanta.com\/#website"},"primaryImageOfPage":{"@id":"https:\/\/www.teknocanta.com\/borsa-per-laptop-del-congresso\/#primaryimage"},"image":{"@id":"https:\/\/www.teknocanta.com\/borsa-per-laptop-del-congresso\/#primaryimage"},"thumbnailUrl":"https:\/\/www.teknocanta.com\/wp-content\/uploads\/2021\/10\/kongre_laptop_cantasi_son_ana.jpg","datePublished":"2021-10-14T12:53:18+00:00","breadcrumb":{"@id":"https:\/\/www.teknocanta.com\/borsa-per-laptop-del-congresso\/#breadcrumb"},"inLanguage":"it-IT","potentialAction":[{"@type":"ReadAction","target":["https:\/\/www.teknocanta.com\/borsa-per-laptop-del-congresso\/"]}]},{"@type":"ImageObject","inLanguage":"it-IT","@id":"https:\/\/www.teknocanta.com\/borsa-per-laptop-del-congresso\/#primaryimage","url":"https:\/\/www.teknocanta.com\/wp-content\/uploads\/2021\/10\/kongre_laptop_cantasi_son_ana.jpg","contentUrl":"https:\/\/www.teknocanta.com\/wp-content\/uploads\/2021\/10\/kongre_laptop_cantasi_son_ana.jpg","width":1000,"height":899},{"@type":"BreadcrumbList","@id":"https:\/\/www.teknocanta.com\/borsa-per-laptop-del-congresso\/#breadcrumb","itemListElement":[{"@type":"ListItem","position":1,"name":"Ana sayfa","item":"https:\/\/www.teknocanta.com\/it\/"},{"@type":"ListItem","position":2,"name":"\u00dcr\u00fcnler","item":"https:\/\/www.teknocanta.com\/urunler\/"},{"@type":"ListItem","position":3,"name":"Borsa per laptop del Congresso"}]},{"@type":"WebSite","@id":"https:\/\/www.teknocanta.com\/#website","url":"https:\/\/www.teknocanta.com\/","name":"Tekno \u00c7anta - Promosyon Toptan \u00c7anta \u0130malat\u0131","description":"Toptan \u00e7anta imalat\u0131, ham bez \u00e7anta, s\u0131rt \u00e7antalar\u0131, laptop ve evrak \u00e7antalar\u0131, kongre \u00e7antalar\u0131, fuar \u00e7antas\u0131 ve ipli b\u00fczg\u00fcl\u00fc \u00e7anta imalat\u0131 yapmaktay\u0131z.","potentialAction":[{"@type":"SearchAction","target":{"@type":"EntryPoint","urlTemplate":"https:\/\/www.teknocanta.com\/?s={search_term_string}"},"query-input":{"@type":"PropertyValueSpecification","valueRequired":true,"valueName":"search_term_string"}}],"inLanguage":"it-IT"}]}},"_links":{"self":[{"href":"https:\/\/www.teknocanta.com\/it\/wp-json\/wp\/v2\/product\/44718","targetHints":{"allow":["GET"]}}],"collection":[{"href":"https:\/\/www.teknocanta.com\/it\/wp-json\/wp\/v2\/product"}],"about":[{"href":"https:\/\/www.teknocanta.com\/it\/wp-json\/wp\/v2\/types\/product"}],"replies":[{"embeddable":true,"href":"https:\/\/www.teknocanta.com\/it\/wp-json\/wp\/v2\/comments?post=44718"}],"wp:featuredmedia":[{"embeddable":true,"href":"https:\/\/www.teknocanta.com\/it\/wp-json\/wp\/v2\/media\/41865"}],"wp:attachment":[{"href":"https:\/\/www.teknocanta.com\/it\/wp-json\/wp\/v2\/media?parent=44718"}],"wp:term":[{"taxonomy":"product_brand","embeddable":true,"href":"https:\/\/www.teknocanta.com\/it\/wp-json\/wp\/v2\/product_brand?post=44718"},{"taxonomy":"product_cat","embeddable":true,"href":"https:\/\/www.teknocanta.com\/it\/wp-json\/wp\/v2\/product_cat?post=44718"},{"taxonomy":"product_tag","embeddable":true,"href":"https:\/\/www.teknocanta.com\/it\/wp-json\/wp\/v2\/product_tag?post=44718"}],"curies":[{"name":"wp","href":"https:\/\/api.w.org\/{rel}","templated":true}]}}