{"id":44715,"date":"2021-10-14T15:54:07","date_gmt":"2021-10-14T12:54:07","guid":{"rendered":"https:\/\/www.teknocanta.com\/produzione-di-borse-promozionali\/"},"modified":"2021-10-14T15:54:07","modified_gmt":"2021-10-14T12:54:07","slug":"produzione-di-borse-promozionali","status":"publish","type":"product","link":"https:\/\/www.teknocanta.com\/it\/prodotto\/produzione-di-borse-promozionali\/","title":{"rendered":"Produzione di borse promozionali"},"content":{"rendered":"<p>Produzione di borse promozionali<\/p>\n<p>\u00c8 possibile ordinare borse stampate o non stampate nella quantit\u00e0 desiderata: I prezzi delle borse variano a seconda del numero di ordini e della stampa sulla borsa. I prezzi si riferiscono a 500 pezzi. Il costo della stampa non \u00e8 incluso nel prezzo. <\/p>\n<p>Il nostro modello di zaino promozionale \u00e8 disponibile in magazzino come scorta, si pu\u00f2 ordinare stampato o non stampato. Si prega di chiedere una scadenza per i prodotti esauriti. <br \/>Per ordini pari o superiori a 200 pezzi, il colore e il tipo di tessuto, il colore della fodera interna o il colore della cerniera della borsa possono essere modificati con una produzione speciale. <\/p>\n<p>Le parti esterne della borsa sono realizzate in tessuto imperteks di lino e le fodere in tessuto imperteks 270 denari e le dimensioni della borsa sono 40x27x10 cm. La borsa \u00e8 composta da 2 tasche frontali incrociate con chiusura a zip e 2 scomparti superiori; all&#8217;interno della borsa \u00e8 presente uno scomparto per laptop con supporto in schiuma. I corpi dei sacchi sono supportati da una spugna di 8 mm di spessore. Viene utilizzata una cerniera di qualit\u00e0 di tipo 8.<\/p>\n<p>\u00c8 possibile realizzare stampe del logo all&#8217;interno o all&#8217;esterno della borsa nell&#8217;area desiderata. Sulla borsa possono essere applicati anche il ricamo, la stampa a trasferimento, la serigrafia classica o la fibbia metallica stampata al laser. Inoltre, pu\u00f2 essere cucito sulla borsa durante la produzione mediante stampa a caldo in rilievo su pelle artificiale. I costi di stampa variano in base al numero di colori dell&#8217;immagine da stampare, alla tecnica di stampa e al numero di ordini. Tecnicamente, la stampa del logo o la stampa transfer a 1 colore possono essere effettuate solo su borse gi\u00e0 pronte in magazzino. <\/p>\n<p>I tempi di produzione delle borse promozionali variano a seconda del numero di ordini e del modello di borsa. I sacchetti pronti in magazzino possono essere consegnati il giorno stesso senza stampa, mentre se si preferisce stampare i modelli di sacchetti in magazzino, il tempo di stampa pu\u00f2 richiedere alcuni giorni a seconda dell&#8217;intensit\u00e0. <br \/>Si prega di controllare lo stock attuale e&nbsp;tempo di produzione&nbsp;informazioni.<\/p>\n<p>Le aziende produttrici di borse promozionali sono generalmente societ\u00e0 di organizzazione di congressi, associazioni o imprese. La produzione di zaini promozionali \u00e8 uno strumento promozionale efficace e permanente a lungo termine. <\/p>\n<p>Potete vedere i modelli di borse promozionali che produciamo venendo presso il nostro ufficio vendite Avrupa \u00c7anta nel sito dei grossisti di ISTOC e potete richiedere un campione prima di ordinare per i vostri acquisti all&#8217;ingrosso. \u00c8 inoltre possibile seguire le fasi di produzione e stampa visitando il nostro laboratorio di produzione di borse a Zeytinburnu, Istanbul.&nbsp; <\/p>\n<p>La nostra azienda, che produce borse promozionali, continua a produrre borse per tutti i vostri eventi come fiere, congressi e simposi. Spediamo le borse che produciamo a prezzi convenienti con le societ\u00e0 di spedizione o di trasporto con cui abbiamo stipulato un contratto all&#8217;interno e all&#8217;esterno di Istanbul.<\/p><\/p>\n","protected":false},"excerpt":{"rendered":"<p>Produzione di borse promozionali \u00c8 possibile ordinare borse stampate o non stampate nella quantit\u00e0 desiderata: I prezzi delle borse variano a seconda del numero di ordini e della stampa sulla borsa. I prezzi si riferiscono a 500 pezzi. Il costo della stampa non \u00e8 incluso nel prezzo. Il nostro modello di zaino promozionale \u00e8 disponibile&hellip;<\/p>\n","protected":false},"featured_media":41991,"comment_status":"open","ping_status":"closed","template":"","meta":[],"product_brand":[],"product_cat":[1364,1377,1375],"product_tag":[1863,1578,1762,2081,1864,1534,2082,2083,1830,2080,1836,1862,1537],"class_list":{"0":"post-44715","1":"product","2":"type-product","3":"status-publish","4":"has-post-thumbnail","6":"product_cat-borsa-per-congressi-e-simposi","7":"product_cat-borse-rifornite","8":"product_cat-zaino","9":"product_tag-borsa-promozionale-produttori-istanbul","10":"product_tag-produttori-di-zaini","11":"product_tag-produzione-di-borse-promozionali-it","12":"product_tag-promozione-zaino","13":"product_tag-zaino-allingrosso-istanbul","14":"product_tag-zaino-con-stock","15":"product_tag-zaino-da-conferenza","16":"product_tag-zaino-da-congresso-con-stock","17":"product_tag-zaino-del-congresso","18":"product_tag-zaino-del-simposio","19":"product_tag-zaino-per-laptop-it","20":"product_tag-zaino-regalo-allingrosso","21":"product_tag-zaino-stampato","22":"description-off","24":"first","25":"instock","26":"shipping-taxable","27":"purchasable","28":"product-type-simple"},"yoast_head":"<!-- This site is optimized with the Yoast SEO plugin v26.6 - https:\/\/yoast.com\/wordpress\/plugins\/seo\/ -->\n<title>Produzione di borse promozionali - Tekno \u00c7anta - Promosyon Toptan \u00c7anta \u0130malat\u0131<\/title>\n<meta name=\"robots\" content=\"index, follow, max-snippet:-1, max-image-preview:large, max-video-preview:-1\" \/>\n<link rel=\"canonical\" href=\"https:\/\/www.teknocanta.com\/produzione-di-borse-promozionali\/\" \/>\n<meta property=\"og:locale\" content=\"it_IT\" \/>\n<meta property=\"og:type\" content=\"article\" \/>\n<meta property=\"og:title\" content=\"Produzione di borse promozionali - Tekno \u00c7anta - Promosyon Toptan \u00c7anta \u0130malat\u0131\" \/>\n<meta property=\"og:description\" content=\"Produzione di borse promozionali \u00c8 possibile ordinare borse stampate o non stampate nella quantit\u00e0 desiderata: I prezzi delle borse variano a seconda del numero di ordini e della stampa sulla borsa. I prezzi si riferiscono a 500 pezzi. Il costo della stampa non \u00e8 incluso nel prezzo. Il nostro modello di zaino promozionale \u00e8 disponibile&hellip;\" \/>\n<meta property=\"og:url\" content=\"https:\/\/www.teknocanta.com\/produzione-di-borse-promozionali\/\" \/>\n<meta property=\"og:site_name\" content=\"Tekno \u00c7anta - Promosyon Toptan \u00c7anta \u0130malat\u0131\" \/>\n<meta name=\"twitter:card\" content=\"summary_large_image\" \/>\n<meta name=\"twitter:label1\" content=\"Tempo di lettura stimato\" \/>\n\t<meta name=\"twitter:data1\" content=\"2 minuti\" \/>\n<script type=\"application\/ld+json\" class=\"yoast-schema-graph\">{\"@context\":\"https:\/\/schema.org\",\"@graph\":[{\"@type\":\"WebPage\",\"@id\":\"https:\/\/www.teknocanta.com\/produzione-di-borse-promozionali\/\",\"url\":\"https:\/\/www.teknocanta.com\/produzione-di-borse-promozionali\/\",\"name\":\"Produzione di borse promozionali - Tekno \u00c7anta - Promosyon Toptan \u00c7anta \u0130malat\u0131\",\"isPartOf\":{\"@id\":\"https:\/\/www.teknocanta.com\/#website\"},\"primaryImageOfPage\":{\"@id\":\"https:\/\/www.teknocanta.com\/produzione-di-borse-promozionali\/#primaryimage\"},\"image\":{\"@id\":\"https:\/\/www.teknocanta.com\/produzione-di-borse-promozionali\/#primaryimage\"},\"thumbnailUrl\":\"https:\/\/www.teknocanta.com\/wp-content\/uploads\/2021\/10\/promosyon_canta_imalati_yeni_ana_1.jpg\",\"datePublished\":\"2021-10-14T12:54:07+00:00\",\"breadcrumb\":{\"@id\":\"https:\/\/www.teknocanta.com\/produzione-di-borse-promozionali\/#breadcrumb\"},\"inLanguage\":\"it-IT\",\"potentialAction\":[{\"@type\":\"ReadAction\",\"target\":[\"https:\/\/www.teknocanta.com\/produzione-di-borse-promozionali\/\"]}]},{\"@type\":\"ImageObject\",\"inLanguage\":\"it-IT\",\"@id\":\"https:\/\/www.teknocanta.com\/produzione-di-borse-promozionali\/#primaryimage\",\"url\":\"https:\/\/www.teknocanta.com\/wp-content\/uploads\/2021\/10\/promosyon_canta_imalati_yeni_ana_1.jpg\",\"contentUrl\":\"https:\/\/www.teknocanta.com\/wp-content\/uploads\/2021\/10\/promosyon_canta_imalati_yeni_ana_1.jpg\",\"width\":623,\"height\":797},{\"@type\":\"BreadcrumbList\",\"@id\":\"https:\/\/www.teknocanta.com\/produzione-di-borse-promozionali\/#breadcrumb\",\"itemListElement\":[{\"@type\":\"ListItem\",\"position\":1,\"name\":\"Ana sayfa\",\"item\":\"https:\/\/www.teknocanta.com\/it\/\"},{\"@type\":\"ListItem\",\"position\":2,\"name\":\"\u00dcr\u00fcnler\",\"item\":\"https:\/\/www.teknocanta.com\/urunler\/\"},{\"@type\":\"ListItem\",\"position\":3,\"name\":\"Produzione di borse promozionali\"}]},{\"@type\":\"WebSite\",\"@id\":\"https:\/\/www.teknocanta.com\/#website\",\"url\":\"https:\/\/www.teknocanta.com\/\",\"name\":\"Tekno \u00c7anta - Promosyon Toptan \u00c7anta \u0130malat\u0131\",\"description\":\"Toptan \u00e7anta imalat\u0131, ham bez \u00e7anta, s\u0131rt \u00e7antalar\u0131, laptop ve evrak \u00e7antalar\u0131, kongre \u00e7antalar\u0131, fuar \u00e7antas\u0131 ve ipli b\u00fczg\u00fcl\u00fc \u00e7anta imalat\u0131 yapmaktay\u0131z.\",\"potentialAction\":[{\"@type\":\"SearchAction\",\"target\":{\"@type\":\"EntryPoint\",\"urlTemplate\":\"https:\/\/www.teknocanta.com\/?s={search_term_string}\"},\"query-input\":{\"@type\":\"PropertyValueSpecification\",\"valueRequired\":true,\"valueName\":\"search_term_string\"}}],\"inLanguage\":\"it-IT\"}]}<\/script>\n<!-- \/ Yoast SEO plugin. -->","yoast_head_json":{"title":"Produzione di borse promozionali - Tekno \u00c7anta - Promosyon Toptan \u00c7anta \u0130malat\u0131","robots":{"index":"index","follow":"follow","max-snippet":"max-snippet:-1","max-image-preview":"max-image-preview:large","max-video-preview":"max-video-preview:-1"},"canonical":"https:\/\/www.teknocanta.com\/produzione-di-borse-promozionali\/","og_locale":"it_IT","og_type":"article","og_title":"Produzione di borse promozionali - Tekno \u00c7anta - Promosyon Toptan \u00c7anta \u0130malat\u0131","og_description":"Produzione di borse promozionali \u00c8 possibile ordinare borse stampate o non stampate nella quantit\u00e0 desiderata: I prezzi delle borse variano a seconda del numero di ordini e della stampa sulla borsa. I prezzi si riferiscono a 500 pezzi. Il costo della stampa non \u00e8 incluso nel prezzo. Il nostro modello di zaino promozionale \u00e8 disponibile&hellip;","og_url":"https:\/\/www.teknocanta.com\/produzione-di-borse-promozionali\/","og_site_name":"Tekno \u00c7anta - Promosyon Toptan \u00c7anta \u0130malat\u0131","twitter_card":"summary_large_image","twitter_misc":{"Tempo di lettura stimato":"2 minuti"},"schema":{"@context":"https:\/\/schema.org","@graph":[{"@type":"WebPage","@id":"https:\/\/www.teknocanta.com\/produzione-di-borse-promozionali\/","url":"https:\/\/www.teknocanta.com\/produzione-di-borse-promozionali\/","name":"Produzione di borse promozionali - Tekno \u00c7anta - Promosyon Toptan \u00c7anta \u0130malat\u0131","isPartOf":{"@id":"https:\/\/www.teknocanta.com\/#website"},"primaryImageOfPage":{"@id":"https:\/\/www.teknocanta.com\/produzione-di-borse-promozionali\/#primaryimage"},"image":{"@id":"https:\/\/www.teknocanta.com\/produzione-di-borse-promozionali\/#primaryimage"},"thumbnailUrl":"https:\/\/www.teknocanta.com\/wp-content\/uploads\/2021\/10\/promosyon_canta_imalati_yeni_ana_1.jpg","datePublished":"2021-10-14T12:54:07+00:00","breadcrumb":{"@id":"https:\/\/www.teknocanta.com\/produzione-di-borse-promozionali\/#breadcrumb"},"inLanguage":"it-IT","potentialAction":[{"@type":"ReadAction","target":["https:\/\/www.teknocanta.com\/produzione-di-borse-promozionali\/"]}]},{"@type":"ImageObject","inLanguage":"it-IT","@id":"https:\/\/www.teknocanta.com\/produzione-di-borse-promozionali\/#primaryimage","url":"https:\/\/www.teknocanta.com\/wp-content\/uploads\/2021\/10\/promosyon_canta_imalati_yeni_ana_1.jpg","contentUrl":"https:\/\/www.teknocanta.com\/wp-content\/uploads\/2021\/10\/promosyon_canta_imalati_yeni_ana_1.jpg","width":623,"height":797},{"@type":"BreadcrumbList","@id":"https:\/\/www.teknocanta.com\/produzione-di-borse-promozionali\/#breadcrumb","itemListElement":[{"@type":"ListItem","position":1,"name":"Ana sayfa","item":"https:\/\/www.teknocanta.com\/it\/"},{"@type":"ListItem","position":2,"name":"\u00dcr\u00fcnler","item":"https:\/\/www.teknocanta.com\/urunler\/"},{"@type":"ListItem","position":3,"name":"Produzione di borse promozionali"}]},{"@type":"WebSite","@id":"https:\/\/www.teknocanta.com\/#website","url":"https:\/\/www.teknocanta.com\/","name":"Tekno \u00c7anta - Promosyon Toptan \u00c7anta \u0130malat\u0131","description":"Toptan \u00e7anta imalat\u0131, ham bez \u00e7anta, s\u0131rt \u00e7antalar\u0131, laptop ve evrak \u00e7antalar\u0131, kongre \u00e7antalar\u0131, fuar \u00e7antas\u0131 ve ipli b\u00fczg\u00fcl\u00fc \u00e7anta imalat\u0131 yapmaktay\u0131z.","potentialAction":[{"@type":"SearchAction","target":{"@type":"EntryPoint","urlTemplate":"https:\/\/www.teknocanta.com\/?s={search_term_string}"},"query-input":{"@type":"PropertyValueSpecification","valueRequired":true,"valueName":"search_term_string"}}],"inLanguage":"it-IT"}]}},"_links":{"self":[{"href":"https:\/\/www.teknocanta.com\/it\/wp-json\/wp\/v2\/product\/44715","targetHints":{"allow":["GET"]}}],"collection":[{"href":"https:\/\/www.teknocanta.com\/it\/wp-json\/wp\/v2\/product"}],"about":[{"href":"https:\/\/www.teknocanta.com\/it\/wp-json\/wp\/v2\/types\/product"}],"replies":[{"embeddable":true,"href":"https:\/\/www.teknocanta.com\/it\/wp-json\/wp\/v2\/comments?post=44715"}],"wp:featuredmedia":[{"embeddable":true,"href":"https:\/\/www.teknocanta.com\/it\/wp-json\/wp\/v2\/media\/41991"}],"wp:attachment":[{"href":"https:\/\/www.teknocanta.com\/it\/wp-json\/wp\/v2\/media?parent=44715"}],"wp:term":[{"taxonomy":"product_brand","embeddable":true,"href":"https:\/\/www.teknocanta.com\/it\/wp-json\/wp\/v2\/product_brand?post=44715"},{"taxonomy":"product_cat","embeddable":true,"href":"https:\/\/www.teknocanta.com\/it\/wp-json\/wp\/v2\/product_cat?post=44715"},{"taxonomy":"product_tag","embeddable":true,"href":"https:\/\/www.teknocanta.com\/it\/wp-json\/wp\/v2\/product_tag?post=44715"}],"curies":[{"name":"wp","href":"https:\/\/api.w.org\/{rel}","templated":true}]}}