{"id":44712,"date":"2021-10-14T15:54:07","date_gmt":"2021-10-14T12:54:07","guid":{"rendered":"https:\/\/www.teknocanta.com\/promozione-cartella-di-lusso\/"},"modified":"2021-10-14T15:54:07","modified_gmt":"2021-10-14T12:54:07","slug":"borsa-promozionale-di-lusso-per-documenti","status":"publish","type":"product","link":"https:\/\/www.teknocanta.com\/it\/prodotto\/borsa-promozionale-di-lusso-per-documenti\/","title":{"rendered":"Promozione Cartella di lusso"},"content":{"rendered":"<p>Promozione Cartella di lusso<\/p>\n<p>Prezzi per 500 pezzi<br \/>\nrealizzati su ordinazione. \u00c8 possibile acquistare quantit\u00e0 inferiori. Di pi\u00f9<br \/>\n Per informazioni sui prezzi in quantit\u00e0 inferiori o superiori, si prega di contattare il nostro ufficio di presidenza.<br \/>\nRichiedete il listino prezzi aggiornato.&nbsp;<\/p>\n<p>L&#8217;IVA dell&#8217;8% e le spese di stampa non sono incluse nel prezzo.&nbsp;<\/p>\n<p>Per ordini pari o superiori a 200 pezzi, il tipo di tessuto, il colore del tessuto, il colore della fodera o il colore della cerniera possono cambiare.<\/p>\n<p>La tua borsa<br \/>\n impertex di lino e parti esterne prive di sostanze cancerogene<br \/>\nIl tessuto e le fodere interne sono in tessuto imperteks 270 denari.<br \/>\nLe parti nere utilizzate per la maniglia e le parti esterne della borsa sono opache.<br \/>\npelle artificiale di qualit\u00e0.<\/p>\n<p>Le dimensioni della borsa sono 30x40x5 cm.<br \/>\nLa borsa \u00e8 composta da 1 sezione superiore con chiusura a zip. L&#8217;interno della borsa contiene anche<br \/>\n Non c&#8217;\u00e8 uno scomparto per il computer portatile, ma una tasca per il mouse e il capblo.&nbsp;<\/p>\n<p>I corpi dei sacchi sono supportati da schiuma di 8 mm di spessore. Viene utilizzata una cerniera di qualit\u00e0 di tipo 8.<\/p>\n<p>La tua borsa<br \/>\n I ricami o le stampe di vernice colorata possono essere realizzati all&#8217;interno o all&#8217;esterno. Stampa<br \/>\na seconda del numero di colori dell&#8217;immagine da stampare e del tipo di stampa da effettuare.<br \/>\nvaria a seconda della tecnica. Il tipo di stampa pi\u00f9 economico \u00e8 quello a un colore<br \/>\nserigrafia. Stampa a ricamo e tecnica di stampa a trasferimento, stampa<br \/>\nvaria con le dimensioni ed \u00e8 in parte pi\u00f9 favorevole rispetto all&#8217;altro tipo di aspetto.<br \/>\ncostoso.<\/p>\n<p>Tempi di produzione delle valigette promozionali di lusso<br \/>\nVaria in base al numero di ordini e il tempo medio di produzione \u00e8 di 15 giorni,<br \/>\nPu\u00f2 anche essere dato prima, a seconda dell&#8217;importanza del lavoro. Borse in stock<br \/>\npossono essere somministrati il giorno stesso senza essere stampati. Prodotti in stock come stampati<br \/>\nSe si preferisce, il tempo di stampa pu\u00f2 richiedere alcuni giorni a seconda dell&#8217;intensit\u00e0.<\/p>\n<p>Si prega di chiedere lo stock attuale e il listino prezzi.<\/p>\n<p>Promozione<br \/>\n Le valigette di lusso sono solitamente utilizzate per congressi, simposi, conferenze e seminari.<br \/>\n si pu\u00f2 utilizzare in tutti i tipi di eventi, come ad esempio per i vostri clienti<br \/>\n\u00e8 un prodotto promozionale utile e permanente che potete regalare.<\/p>\n","protected":false},"excerpt":{"rendered":"<p>Promozione Cartella di lusso Prezzi per 500 pezzi realizzati su ordinazione. \u00c8 possibile acquistare quantit\u00e0 inferiori. Di pi\u00f9 Per informazioni sui prezzi in quantit\u00e0 inferiori o superiori, si prega di contattare il nostro ufficio di presidenza. Richiedete il listino prezzi aggiornato.&nbsp; L&#8217;IVA dell&#8217;8% e le spese di stampa non sono incluse nel prezzo.&nbsp; Per ordini&hellip;<\/p>\n","protected":false},"featured_media":42030,"comment_status":"open","ping_status":"closed","template":"","meta":[],"product_brand":[],"product_cat":[1399],"product_tag":[1614,1834,2071],"class_list":{"0":"post-44712","1":"product","2":"type-product","3":"status-publish","4":"has-post-thumbnail","6":"product_cat-nuovi-prodotti","7":"product_tag-borsa-istoc-it","8":"product_tag-borse-promozionali","9":"product_tag-borse-promozionali-istoc","10":"description-off","12":"first","13":"instock","14":"shipping-taxable","15":"purchasable","16":"product-type-simple"},"yoast_head":"<!-- This site is optimized with the Yoast SEO plugin v26.6 - https:\/\/yoast.com\/wordpress\/plugins\/seo\/ -->\n<title>Promozione Cartella di lusso - Tekno \u00c7anta - Promosyon Toptan \u00c7anta \u0130malat\u0131<\/title>\n<meta name=\"robots\" content=\"index, follow, max-snippet:-1, max-image-preview:large, max-video-preview:-1\" \/>\n<link rel=\"canonical\" href=\"https:\/\/www.teknocanta.com\/promozione-cartella-di-lusso\/\" \/>\n<meta property=\"og:locale\" content=\"it_IT\" \/>\n<meta property=\"og:type\" content=\"article\" \/>\n<meta property=\"og:title\" content=\"Promozione Cartella di lusso - Tekno \u00c7anta - Promosyon Toptan \u00c7anta \u0130malat\u0131\" \/>\n<meta property=\"og:description\" content=\"Promozione Cartella di lusso Prezzi per 500 pezzi realizzati su ordinazione. \u00c8 possibile acquistare quantit\u00e0 inferiori. Di pi\u00f9 Per informazioni sui prezzi in quantit\u00e0 inferiori o superiori, si prega di contattare il nostro ufficio di presidenza. Richiedete il listino prezzi aggiornato.&nbsp; L&#8217;IVA dell&#8217;8% e le spese di stampa non sono incluse nel prezzo.&nbsp; Per ordini&hellip;\" \/>\n<meta property=\"og:url\" content=\"https:\/\/www.teknocanta.com\/promozione-cartella-di-lusso\/\" \/>\n<meta property=\"og:site_name\" content=\"Tekno \u00c7anta - Promosyon Toptan \u00c7anta \u0130malat\u0131\" \/>\n<meta name=\"twitter:card\" content=\"summary_large_image\" \/>\n<meta name=\"twitter:label1\" content=\"Tempo di lettura stimato\" \/>\n\t<meta name=\"twitter:data1\" content=\"2 minuti\" \/>\n<script type=\"application\/ld+json\" class=\"yoast-schema-graph\">{\"@context\":\"https:\/\/schema.org\",\"@graph\":[{\"@type\":\"WebPage\",\"@id\":\"https:\/\/www.teknocanta.com\/promozione-cartella-di-lusso\/\",\"url\":\"https:\/\/www.teknocanta.com\/promozione-cartella-di-lusso\/\",\"name\":\"Promozione Cartella di lusso - Tekno \u00c7anta - Promosyon Toptan \u00c7anta \u0130malat\u0131\",\"isPartOf\":{\"@id\":\"https:\/\/www.teknocanta.com\/#website\"},\"primaryImageOfPage\":{\"@id\":\"https:\/\/www.teknocanta.com\/promozione-cartella-di-lusso\/#primaryimage\"},\"image\":{\"@id\":\"https:\/\/www.teknocanta.com\/promozione-cartella-di-lusso\/#primaryimage\"},\"thumbnailUrl\":\"https:\/\/www.teknocanta.com\/wp-content\/uploads\/2021\/10\/AV6454_promosyon_luks_evrak_cantasi_1.jpeg\",\"datePublished\":\"2021-10-14T12:54:07+00:00\",\"breadcrumb\":{\"@id\":\"https:\/\/www.teknocanta.com\/promozione-cartella-di-lusso\/#breadcrumb\"},\"inLanguage\":\"it-IT\",\"potentialAction\":[{\"@type\":\"ReadAction\",\"target\":[\"https:\/\/www.teknocanta.com\/promozione-cartella-di-lusso\/\"]}]},{\"@type\":\"ImageObject\",\"inLanguage\":\"it-IT\",\"@id\":\"https:\/\/www.teknocanta.com\/promozione-cartella-di-lusso\/#primaryimage\",\"url\":\"https:\/\/www.teknocanta.com\/wp-content\/uploads\/2021\/10\/AV6454_promosyon_luks_evrak_cantasi_1.jpeg\",\"contentUrl\":\"https:\/\/www.teknocanta.com\/wp-content\/uploads\/2021\/10\/AV6454_promosyon_luks_evrak_cantasi_1.jpeg\",\"width\":600,\"height\":600},{\"@type\":\"BreadcrumbList\",\"@id\":\"https:\/\/www.teknocanta.com\/promozione-cartella-di-lusso\/#breadcrumb\",\"itemListElement\":[{\"@type\":\"ListItem\",\"position\":1,\"name\":\"Ana sayfa\",\"item\":\"https:\/\/www.teknocanta.com\/it\/\"},{\"@type\":\"ListItem\",\"position\":2,\"name\":\"\u00dcr\u00fcnler\",\"item\":\"https:\/\/www.teknocanta.com\/urunler\/\"},{\"@type\":\"ListItem\",\"position\":3,\"name\":\"Promozione Cartella di lusso\"}]},{\"@type\":\"WebSite\",\"@id\":\"https:\/\/www.teknocanta.com\/#website\",\"url\":\"https:\/\/www.teknocanta.com\/\",\"name\":\"Tekno \u00c7anta - Promosyon Toptan \u00c7anta \u0130malat\u0131\",\"description\":\"Toptan \u00e7anta imalat\u0131, ham bez \u00e7anta, s\u0131rt \u00e7antalar\u0131, laptop ve evrak \u00e7antalar\u0131, kongre \u00e7antalar\u0131, fuar \u00e7antas\u0131 ve ipli b\u00fczg\u00fcl\u00fc \u00e7anta imalat\u0131 yapmaktay\u0131z.\",\"potentialAction\":[{\"@type\":\"SearchAction\",\"target\":{\"@type\":\"EntryPoint\",\"urlTemplate\":\"https:\/\/www.teknocanta.com\/?s={search_term_string}\"},\"query-input\":{\"@type\":\"PropertyValueSpecification\",\"valueRequired\":true,\"valueName\":\"search_term_string\"}}],\"inLanguage\":\"it-IT\"}]}<\/script>\n<!-- \/ Yoast SEO plugin. -->","yoast_head_json":{"title":"Promozione Cartella di lusso - Tekno \u00c7anta - Promosyon Toptan \u00c7anta \u0130malat\u0131","robots":{"index":"index","follow":"follow","max-snippet":"max-snippet:-1","max-image-preview":"max-image-preview:large","max-video-preview":"max-video-preview:-1"},"canonical":"https:\/\/www.teknocanta.com\/promozione-cartella-di-lusso\/","og_locale":"it_IT","og_type":"article","og_title":"Promozione Cartella di lusso - Tekno \u00c7anta - Promosyon Toptan \u00c7anta \u0130malat\u0131","og_description":"Promozione Cartella di lusso Prezzi per 500 pezzi realizzati su ordinazione. \u00c8 possibile acquistare quantit\u00e0 inferiori. Di pi\u00f9 Per informazioni sui prezzi in quantit\u00e0 inferiori o superiori, si prega di contattare il nostro ufficio di presidenza. Richiedete il listino prezzi aggiornato.&nbsp; L&#8217;IVA dell&#8217;8% e le spese di stampa non sono incluse nel prezzo.&nbsp; Per ordini&hellip;","og_url":"https:\/\/www.teknocanta.com\/promozione-cartella-di-lusso\/","og_site_name":"Tekno \u00c7anta - Promosyon Toptan \u00c7anta \u0130malat\u0131","twitter_card":"summary_large_image","twitter_misc":{"Tempo di lettura stimato":"2 minuti"},"schema":{"@context":"https:\/\/schema.org","@graph":[{"@type":"WebPage","@id":"https:\/\/www.teknocanta.com\/promozione-cartella-di-lusso\/","url":"https:\/\/www.teknocanta.com\/promozione-cartella-di-lusso\/","name":"Promozione Cartella di lusso - Tekno \u00c7anta - Promosyon Toptan \u00c7anta \u0130malat\u0131","isPartOf":{"@id":"https:\/\/www.teknocanta.com\/#website"},"primaryImageOfPage":{"@id":"https:\/\/www.teknocanta.com\/promozione-cartella-di-lusso\/#primaryimage"},"image":{"@id":"https:\/\/www.teknocanta.com\/promozione-cartella-di-lusso\/#primaryimage"},"thumbnailUrl":"https:\/\/www.teknocanta.com\/wp-content\/uploads\/2021\/10\/AV6454_promosyon_luks_evrak_cantasi_1.jpeg","datePublished":"2021-10-14T12:54:07+00:00","breadcrumb":{"@id":"https:\/\/www.teknocanta.com\/promozione-cartella-di-lusso\/#breadcrumb"},"inLanguage":"it-IT","potentialAction":[{"@type":"ReadAction","target":["https:\/\/www.teknocanta.com\/promozione-cartella-di-lusso\/"]}]},{"@type":"ImageObject","inLanguage":"it-IT","@id":"https:\/\/www.teknocanta.com\/promozione-cartella-di-lusso\/#primaryimage","url":"https:\/\/www.teknocanta.com\/wp-content\/uploads\/2021\/10\/AV6454_promosyon_luks_evrak_cantasi_1.jpeg","contentUrl":"https:\/\/www.teknocanta.com\/wp-content\/uploads\/2021\/10\/AV6454_promosyon_luks_evrak_cantasi_1.jpeg","width":600,"height":600},{"@type":"BreadcrumbList","@id":"https:\/\/www.teknocanta.com\/promozione-cartella-di-lusso\/#breadcrumb","itemListElement":[{"@type":"ListItem","position":1,"name":"Ana sayfa","item":"https:\/\/www.teknocanta.com\/it\/"},{"@type":"ListItem","position":2,"name":"\u00dcr\u00fcnler","item":"https:\/\/www.teknocanta.com\/urunler\/"},{"@type":"ListItem","position":3,"name":"Promozione Cartella di lusso"}]},{"@type":"WebSite","@id":"https:\/\/www.teknocanta.com\/#website","url":"https:\/\/www.teknocanta.com\/","name":"Tekno \u00c7anta - Promosyon Toptan \u00c7anta \u0130malat\u0131","description":"Toptan \u00e7anta imalat\u0131, ham bez \u00e7anta, s\u0131rt \u00e7antalar\u0131, laptop ve evrak \u00e7antalar\u0131, kongre \u00e7antalar\u0131, fuar \u00e7antas\u0131 ve ipli b\u00fczg\u00fcl\u00fc \u00e7anta imalat\u0131 yapmaktay\u0131z.","potentialAction":[{"@type":"SearchAction","target":{"@type":"EntryPoint","urlTemplate":"https:\/\/www.teknocanta.com\/?s={search_term_string}"},"query-input":{"@type":"PropertyValueSpecification","valueRequired":true,"valueName":"search_term_string"}}],"inLanguage":"it-IT"}]}},"_links":{"self":[{"href":"https:\/\/www.teknocanta.com\/it\/wp-json\/wp\/v2\/product\/44712","targetHints":{"allow":["GET"]}}],"collection":[{"href":"https:\/\/www.teknocanta.com\/it\/wp-json\/wp\/v2\/product"}],"about":[{"href":"https:\/\/www.teknocanta.com\/it\/wp-json\/wp\/v2\/types\/product"}],"replies":[{"embeddable":true,"href":"https:\/\/www.teknocanta.com\/it\/wp-json\/wp\/v2\/comments?post=44712"}],"wp:featuredmedia":[{"embeddable":true,"href":"https:\/\/www.teknocanta.com\/it\/wp-json\/wp\/v2\/media\/42030"}],"wp:attachment":[{"href":"https:\/\/www.teknocanta.com\/it\/wp-json\/wp\/v2\/media?parent=44712"}],"wp:term":[{"taxonomy":"product_brand","embeddable":true,"href":"https:\/\/www.teknocanta.com\/it\/wp-json\/wp\/v2\/product_brand?post=44712"},{"taxonomy":"product_cat","embeddable":true,"href":"https:\/\/www.teknocanta.com\/it\/wp-json\/wp\/v2\/product_cat?post=44712"},{"taxonomy":"product_tag","embeddable":true,"href":"https:\/\/www.teknocanta.com\/it\/wp-json\/wp\/v2\/product_tag?post=44712"}],"curies":[{"name":"wp","href":"https:\/\/api.w.org\/{rel}","templated":true}]}}