{"id":44709,"date":"2021-10-14T15:54:29","date_gmt":"2021-10-14T12:54:29","guid":{"rendered":"https:\/\/www.teknocanta.com\/produzione-di-zaini\/"},"modified":"2021-10-14T15:54:29","modified_gmt":"2021-10-14T12:54:29","slug":"produzione-di-sacchi-posteriori","status":"publish","type":"product","link":"https:\/\/www.teknocanta.com\/it\/prodotto\/produzione-di-sacchi-posteriori\/","title":{"rendered":"Produzione di zaini"},"content":{"rendered":"<p>Produzione di zaini<\/p>\n<p>I prezzi si riferiscono a 500 pezzi. \u00c8 possibile acquistare quantit\u00e0 inferiori. Per le vostre richieste di prezzo in quantit\u00e0 diverse, potete richiedere un prezzo inviando una e-mail al nostro indirizzo di posta elettronica nella sezione contatti. L&#8217;IVA dell&#8217;8% e le spese di stampa non sono incluse nel prezzo. Chiedere il costo della stampa in base all&#8217;immagine da stampare.<\/p>\n<p>Per ordini pari o superiori a 250 pezzi, \u00e8 possibile modificare il colore del tessuto, della fodera o della cerniera. Il tessuto utilizzato all&#8217;esterno della borsa \u00e8 in imperteks idrorepellente da 1900 denari, mentre le fodere interne sono in imperteks da 270 denari.<\/p>\n<p>La borsa \u00e8 progettata per essere utilizzata sia lateralmente che in posizione verticale. Sul retro \u00e8 presente uno scomparto nascosto per nascondere le bretelle. Borsa in orizzontale&nbsp; Quando si desidera utilizzarlo, gli spallacci sul retro possono essere riposti nel vano nascosto. Le dimensioni della borsa sono 42x32x15 cm. La borsa \u00e8 composta da 3 sezioni con chiusura a zip. All&#8217;interno della borsa sono presenti uno scomparto per il computer portatile e parti organizzative.<\/p>\n<p>Il corpo della borsa e lo scomparto interno per il computer portatile sono sostenuti da schiuma spessa 8 mm.&nbsp; Viene utilizzata una cerniera di qualit\u00e0 di tipo 8.<\/p>\n<p>\u00c8 possibile stampare all&#8217;interno o all&#8217;esterno della borsa. Nelle borse per congressi, il nome o il logo del congresso \u00e8 solitamente stampato in un unico colore all&#8217;interno della borsa.<\/p>\n<p>I tempi di produzione degli zaini variano in base al numero di ordini e sono in media di 15 giorni; a seconda dell&#8217;importanza del lavoro possono essere concessi prima. I prodotti in stock possono essere consegnati il giorno stesso senza stampa. Se i prodotti in stock vengono stampati, possono essere necessari alcuni giorni a seconda della situazione. Si prega di ottenere informazioni aggiornate sulle scorte.<\/p>\n<p>zaini \u00c8 un prodotto promozionale utile che potete utilizzare in tutti i tipi di eventi come congressi, simposi, conferenze e seminari a scopo promozionale e che potete regalare ai vostri clienti.<\/p>\n","protected":false},"excerpt":{"rendered":"<p>Produzione di zaini I prezzi si riferiscono a 500 pezzi. \u00c8 possibile acquistare quantit\u00e0 inferiori. Per le vostre richieste di prezzo in quantit\u00e0 diverse, potete richiedere un prezzo inviando una e-mail al nostro indirizzo di posta elettronica nella sezione contatti. L&#8217;IVA dell&#8217;8% e le spese di stampa non sono incluse nel prezzo. Chiedere il costo&hellip;<\/p>\n","protected":false},"featured_media":42084,"comment_status":"open","ping_status":"closed","template":"","meta":[],"product_brand":[],"product_cat":[1399],"product_tag":[2068,2066,2064,2067,1497,2065,1518],"class_list":{"0":"post-44709","1":"product","2":"type-product","3":"status-publish","4":"has-post-thumbnail","6":"product_cat-nuovi-prodotti","7":"product_tag-borsa-scuola-allingrosso-izmir","8":"product_tag-borsa-scuola-prezzi-allingrosso","9":"product_tag-prezzi-degli-zaini-allingrosso","10":"product_tag-prezzi-delle-borse-allingrosso-beyazit","11":"product_tag-produttori-di-borse-bayrampasa","12":"product_tag-produttori-di-borse-gedikpasa","13":"product_tag-produttori-di-sacchi-a-contratto","14":"description-off","16":"first","17":"instock","18":"shipping-taxable","19":"purchasable","20":"product-type-simple"},"yoast_head":"<!-- This site is optimized with the Yoast SEO plugin v26.6 - https:\/\/yoast.com\/wordpress\/plugins\/seo\/ -->\n<title>Produzione di zaini - Tekno \u00c7anta - Promosyon Toptan \u00c7anta \u0130malat\u0131<\/title>\n<meta name=\"robots\" content=\"index, follow, max-snippet:-1, max-image-preview:large, max-video-preview:-1\" \/>\n<link rel=\"canonical\" href=\"https:\/\/www.teknocanta.com\/produzione-di-zaini\/\" \/>\n<meta property=\"og:locale\" content=\"it_IT\" \/>\n<meta property=\"og:type\" content=\"article\" \/>\n<meta property=\"og:title\" content=\"Produzione di zaini - Tekno \u00c7anta - Promosyon Toptan \u00c7anta \u0130malat\u0131\" \/>\n<meta property=\"og:description\" content=\"Produzione di zaini I prezzi si riferiscono a 500 pezzi. \u00c8 possibile acquistare quantit\u00e0 inferiori. Per le vostre richieste di prezzo in quantit\u00e0 diverse, potete richiedere un prezzo inviando una e-mail al nostro indirizzo di posta elettronica nella sezione contatti. L&#8217;IVA dell&#8217;8% e le spese di stampa non sono incluse nel prezzo. Chiedere il costo&hellip;\" \/>\n<meta property=\"og:url\" content=\"https:\/\/www.teknocanta.com\/produzione-di-zaini\/\" \/>\n<meta property=\"og:site_name\" content=\"Tekno \u00c7anta - Promosyon Toptan \u00c7anta \u0130malat\u0131\" \/>\n<meta name=\"twitter:card\" content=\"summary_large_image\" \/>\n<meta name=\"twitter:label1\" content=\"Tempo di lettura stimato\" \/>\n\t<meta name=\"twitter:data1\" content=\"2 minuti\" \/>\n<script type=\"application\/ld+json\" class=\"yoast-schema-graph\">{\"@context\":\"https:\/\/schema.org\",\"@graph\":[{\"@type\":\"WebPage\",\"@id\":\"https:\/\/www.teknocanta.com\/produzione-di-zaini\/\",\"url\":\"https:\/\/www.teknocanta.com\/produzione-di-zaini\/\",\"name\":\"Produzione di zaini - Tekno \u00c7anta - Promosyon Toptan \u00c7anta \u0130malat\u0131\",\"isPartOf\":{\"@id\":\"https:\/\/www.teknocanta.com\/#website\"},\"primaryImageOfPage\":{\"@id\":\"https:\/\/www.teknocanta.com\/produzione-di-zaini\/#primaryimage\"},\"image\":{\"@id\":\"https:\/\/www.teknocanta.com\/produzione-di-zaini\/#primaryimage\"},\"thumbnailUrl\":\"https:\/\/www.teknocanta.com\/wp-content\/uploads\/2021\/10\/AV005_sirt_cantasi_imalat_1.jpg\",\"datePublished\":\"2021-10-14T12:54:29+00:00\",\"breadcrumb\":{\"@id\":\"https:\/\/www.teknocanta.com\/produzione-di-zaini\/#breadcrumb\"},\"inLanguage\":\"it-IT\",\"potentialAction\":[{\"@type\":\"ReadAction\",\"target\":[\"https:\/\/www.teknocanta.com\/produzione-di-zaini\/\"]}]},{\"@type\":\"ImageObject\",\"inLanguage\":\"it-IT\",\"@id\":\"https:\/\/www.teknocanta.com\/produzione-di-zaini\/#primaryimage\",\"url\":\"https:\/\/www.teknocanta.com\/wp-content\/uploads\/2021\/10\/AV005_sirt_cantasi_imalat_1.jpg\",\"contentUrl\":\"https:\/\/www.teknocanta.com\/wp-content\/uploads\/2021\/10\/AV005_sirt_cantasi_imalat_1.jpg\",\"width\":600,\"height\":600},{\"@type\":\"BreadcrumbList\",\"@id\":\"https:\/\/www.teknocanta.com\/produzione-di-zaini\/#breadcrumb\",\"itemListElement\":[{\"@type\":\"ListItem\",\"position\":1,\"name\":\"Ana sayfa\",\"item\":\"https:\/\/www.teknocanta.com\/it\/\"},{\"@type\":\"ListItem\",\"position\":2,\"name\":\"\u00dcr\u00fcnler\",\"item\":\"https:\/\/www.teknocanta.com\/urunler\/\"},{\"@type\":\"ListItem\",\"position\":3,\"name\":\"Produzione di zaini\"}]},{\"@type\":\"WebSite\",\"@id\":\"https:\/\/www.teknocanta.com\/#website\",\"url\":\"https:\/\/www.teknocanta.com\/\",\"name\":\"Tekno \u00c7anta - Promosyon Toptan \u00c7anta \u0130malat\u0131\",\"description\":\"Toptan \u00e7anta imalat\u0131, ham bez \u00e7anta, s\u0131rt \u00e7antalar\u0131, laptop ve evrak \u00e7antalar\u0131, kongre \u00e7antalar\u0131, fuar \u00e7antas\u0131 ve ipli b\u00fczg\u00fcl\u00fc \u00e7anta imalat\u0131 yapmaktay\u0131z.\",\"potentialAction\":[{\"@type\":\"SearchAction\",\"target\":{\"@type\":\"EntryPoint\",\"urlTemplate\":\"https:\/\/www.teknocanta.com\/?s={search_term_string}\"},\"query-input\":{\"@type\":\"PropertyValueSpecification\",\"valueRequired\":true,\"valueName\":\"search_term_string\"}}],\"inLanguage\":\"it-IT\"}]}<\/script>\n<!-- \/ Yoast SEO plugin. -->","yoast_head_json":{"title":"Produzione di zaini - Tekno \u00c7anta - Promosyon Toptan \u00c7anta \u0130malat\u0131","robots":{"index":"index","follow":"follow","max-snippet":"max-snippet:-1","max-image-preview":"max-image-preview:large","max-video-preview":"max-video-preview:-1"},"canonical":"https:\/\/www.teknocanta.com\/produzione-di-zaini\/","og_locale":"it_IT","og_type":"article","og_title":"Produzione di zaini - Tekno \u00c7anta - Promosyon Toptan \u00c7anta \u0130malat\u0131","og_description":"Produzione di zaini I prezzi si riferiscono a 500 pezzi. \u00c8 possibile acquistare quantit\u00e0 inferiori. Per le vostre richieste di prezzo in quantit\u00e0 diverse, potete richiedere un prezzo inviando una e-mail al nostro indirizzo di posta elettronica nella sezione contatti. L&#8217;IVA dell&#8217;8% e le spese di stampa non sono incluse nel prezzo. Chiedere il costo&hellip;","og_url":"https:\/\/www.teknocanta.com\/produzione-di-zaini\/","og_site_name":"Tekno \u00c7anta - Promosyon Toptan \u00c7anta \u0130malat\u0131","twitter_card":"summary_large_image","twitter_misc":{"Tempo di lettura stimato":"2 minuti"},"schema":{"@context":"https:\/\/schema.org","@graph":[{"@type":"WebPage","@id":"https:\/\/www.teknocanta.com\/produzione-di-zaini\/","url":"https:\/\/www.teknocanta.com\/produzione-di-zaini\/","name":"Produzione di zaini - Tekno \u00c7anta - Promosyon Toptan \u00c7anta \u0130malat\u0131","isPartOf":{"@id":"https:\/\/www.teknocanta.com\/#website"},"primaryImageOfPage":{"@id":"https:\/\/www.teknocanta.com\/produzione-di-zaini\/#primaryimage"},"image":{"@id":"https:\/\/www.teknocanta.com\/produzione-di-zaini\/#primaryimage"},"thumbnailUrl":"https:\/\/www.teknocanta.com\/wp-content\/uploads\/2021\/10\/AV005_sirt_cantasi_imalat_1.jpg","datePublished":"2021-10-14T12:54:29+00:00","breadcrumb":{"@id":"https:\/\/www.teknocanta.com\/produzione-di-zaini\/#breadcrumb"},"inLanguage":"it-IT","potentialAction":[{"@type":"ReadAction","target":["https:\/\/www.teknocanta.com\/produzione-di-zaini\/"]}]},{"@type":"ImageObject","inLanguage":"it-IT","@id":"https:\/\/www.teknocanta.com\/produzione-di-zaini\/#primaryimage","url":"https:\/\/www.teknocanta.com\/wp-content\/uploads\/2021\/10\/AV005_sirt_cantasi_imalat_1.jpg","contentUrl":"https:\/\/www.teknocanta.com\/wp-content\/uploads\/2021\/10\/AV005_sirt_cantasi_imalat_1.jpg","width":600,"height":600},{"@type":"BreadcrumbList","@id":"https:\/\/www.teknocanta.com\/produzione-di-zaini\/#breadcrumb","itemListElement":[{"@type":"ListItem","position":1,"name":"Ana sayfa","item":"https:\/\/www.teknocanta.com\/it\/"},{"@type":"ListItem","position":2,"name":"\u00dcr\u00fcnler","item":"https:\/\/www.teknocanta.com\/urunler\/"},{"@type":"ListItem","position":3,"name":"Produzione di zaini"}]},{"@type":"WebSite","@id":"https:\/\/www.teknocanta.com\/#website","url":"https:\/\/www.teknocanta.com\/","name":"Tekno \u00c7anta - Promosyon Toptan \u00c7anta \u0130malat\u0131","description":"Toptan \u00e7anta imalat\u0131, ham bez \u00e7anta, s\u0131rt \u00e7antalar\u0131, laptop ve evrak \u00e7antalar\u0131, kongre \u00e7antalar\u0131, fuar \u00e7antas\u0131 ve ipli b\u00fczg\u00fcl\u00fc \u00e7anta imalat\u0131 yapmaktay\u0131z.","potentialAction":[{"@type":"SearchAction","target":{"@type":"EntryPoint","urlTemplate":"https:\/\/www.teknocanta.com\/?s={search_term_string}"},"query-input":{"@type":"PropertyValueSpecification","valueRequired":true,"valueName":"search_term_string"}}],"inLanguage":"it-IT"}]}},"_links":{"self":[{"href":"https:\/\/www.teknocanta.com\/it\/wp-json\/wp\/v2\/product\/44709","targetHints":{"allow":["GET"]}}],"collection":[{"href":"https:\/\/www.teknocanta.com\/it\/wp-json\/wp\/v2\/product"}],"about":[{"href":"https:\/\/www.teknocanta.com\/it\/wp-json\/wp\/v2\/types\/product"}],"replies":[{"embeddable":true,"href":"https:\/\/www.teknocanta.com\/it\/wp-json\/wp\/v2\/comments?post=44709"}],"wp:featuredmedia":[{"embeddable":true,"href":"https:\/\/www.teknocanta.com\/it\/wp-json\/wp\/v2\/media\/42084"}],"wp:attachment":[{"href":"https:\/\/www.teknocanta.com\/it\/wp-json\/wp\/v2\/media?parent=44709"}],"wp:term":[{"taxonomy":"product_brand","embeddable":true,"href":"https:\/\/www.teknocanta.com\/it\/wp-json\/wp\/v2\/product_brand?post=44709"},{"taxonomy":"product_cat","embeddable":true,"href":"https:\/\/www.teknocanta.com\/it\/wp-json\/wp\/v2\/product_cat?post=44709"},{"taxonomy":"product_tag","embeddable":true,"href":"https:\/\/www.teknocanta.com\/it\/wp-json\/wp\/v2\/product_tag?post=44709"}],"curies":[{"name":"wp","href":"https:\/\/api.w.org\/{rel}","templated":true}]}}