{"id":44706,"date":"2021-10-14T15:54:29","date_gmt":"2021-10-14T12:54:29","guid":{"rendered":"https:\/\/www.teknocanta.com\/mochila-para-seminarios\/"},"modified":"2021-10-14T15:54:29","modified_gmt":"2021-10-14T12:54:29","slug":"seminario-mochila","status":"publish","type":"product","link":"https:\/\/www.teknocanta.com\/it\/prodotto\/seminario-mochila\/","title":{"rendered":"Mochila para seminarios"},"content":{"rendered":"<div>Mochila para seminarios<\/div>\n<div>I prezzi si riferiscono a 500 pezzi. \u00c8 possibile ordinare anche piccole quantit\u00e0. I prezzi variano per quantit\u00e0 inferiori o superiori. Per le vostre richieste di prezzo in quantit\u00e0 diverse, potete richiedere un prezzo inviando una e-mail al nostro indirizzo di posta elettronica nella sezione contatti. L&#8217;IVA dell&#8217;8% e le spese di stampa non sono incluse nel prezzo.<\/div>\n<div><\/div>\n<div>Per ordini pari o superiori a 200 pezzi, \u00e8 possibile modificare il colore del tessuto, della fodera o della cerniera. Le parti esterne della borsa sono realizzate in tessuto impermeabile di lino imperteks e le fodere in tessuto imperteks 270 denari.<\/div>\n<div><\/div>\n<div>Le dimensioni della borsa sono 30x40x10 cm. El bolso consta de 1 parte delantera y 1 parte superior con cierre de cremallera. Hay un bebedero en el lateral de la bolsa. All&#8217;interno della borsa \u00e8 presente uno scomparto per il computer portatile.<\/div>\n<div><\/div>\n<div>I corpi dei sacchi sono supportati da schiuma di 8 mm di spessore. Viene utilizzata una cerniera di qualit\u00e0 di tipo 8.<\/div>\n<div><\/div>\n<div>\u00c8 possibile realizzare stampe colorate all&#8217;interno o all&#8217;esterno della borsa. Opzionalmente, si pu\u00f2 anche stampare un ricamo. I costi di stampa variano in base al numero di colori dell&#8217;immagine da stampare.<\/div>\n<div><\/div>\n<div>Los plazos de fabricaci\u00f3n de Bolsas promocionales para seminarios var\u00edan en funci\u00f3n del n\u00famero de pedidos y el plazo medio de fabricaci\u00f3n es de 15 d\u00edas, puede darse antes en funci\u00f3n de la importancia del trabajo. I sacchetti in stock possono essere consegnati il giorno stesso senza stampa. Se i prodotti in stock sono da preferire come stampati, i tempi di stampa possono richiedere alcuni giorni a seconda dell&#8217;intensit\u00e0.<\/div>\n<div><\/div>\n<div>Si prega di ottenere informazioni aggiornate sulle scorte.<\/div>\n<div><\/div>\n<div>Las bolsas promocionales para seminarios suelen ser un producto promocional \u00fatil que puede utilizar en todo tipo de eventos, como congresos, simposios, conferencias y seminarios, y que puede regalar a sus clientes.<\/div>\n","protected":false},"excerpt":{"rendered":"<p>Mochila para seminarios I prezzi si riferiscono a 500 pezzi. \u00c8 possibile ordinare anche piccole quantit\u00e0. I prezzi variano per quantit\u00e0 inferiori o superiori. Per le vostre richieste di prezzo in quantit\u00e0 diverse, potete richiedere un prezzo inviando una e-mail al nostro indirizzo di posta elettronica nella sezione contatti. L&#8217;IVA dell&#8217;8% e le spese di&hellip;<\/p>\n","protected":false},"featured_media":42072,"comment_status":"open","ping_status":"closed","template":"","meta":[],"product_brand":[],"product_cat":[1399],"product_tag":[2052,2053,1990],"class_list":{"0":"post-44706","1":"product","2":"type-product","3":"status-publish","4":"has-post-thumbnail","6":"product_cat-nuovi-prodotti","7":"product_tag-fabricacion-de-bolsas-para-seminarios","8":"product_tag-mochila-para-seminarios","9":"product_tag-produzione-di-borse-per-conferenze","10":"description-off","12":"first","13":"instock","14":"shipping-taxable","15":"purchasable","16":"product-type-simple"},"yoast_head":"<!-- This site is optimized with the Yoast SEO plugin v26.6 - https:\/\/yoast.com\/wordpress\/plugins\/seo\/ -->\n<title>Mochila para seminarios - Tekno \u00c7anta - Promosyon Toptan \u00c7anta \u0130malat\u0131<\/title>\n<meta name=\"robots\" content=\"index, follow, max-snippet:-1, max-image-preview:large, max-video-preview:-1\" \/>\n<link rel=\"canonical\" href=\"https:\/\/www.teknocanta.com\/mochila-para-seminarios\/\" \/>\n<meta property=\"og:locale\" content=\"it_IT\" \/>\n<meta property=\"og:type\" content=\"article\" \/>\n<meta property=\"og:title\" content=\"Mochila para seminarios - Tekno \u00c7anta - Promosyon Toptan \u00c7anta \u0130malat\u0131\" \/>\n<meta property=\"og:description\" content=\"Mochila para seminarios I prezzi si riferiscono a 500 pezzi. \u00c8 possibile ordinare anche piccole quantit\u00e0. I prezzi variano per quantit\u00e0 inferiori o superiori. Per le vostre richieste di prezzo in quantit\u00e0 diverse, potete richiedere un prezzo inviando una e-mail al nostro indirizzo di posta elettronica nella sezione contatti. L&#8217;IVA dell&#8217;8% e le spese di&hellip;\" \/>\n<meta property=\"og:url\" content=\"https:\/\/www.teknocanta.com\/mochila-para-seminarios\/\" \/>\n<meta property=\"og:site_name\" content=\"Tekno \u00c7anta - Promosyon Toptan \u00c7anta \u0130malat\u0131\" \/>\n<meta name=\"twitter:card\" content=\"summary_large_image\" \/>\n<meta name=\"twitter:label1\" content=\"Tempo di lettura stimato\" \/>\n\t<meta name=\"twitter:data1\" content=\"2 minuti\" \/>\n<script type=\"application\/ld+json\" class=\"yoast-schema-graph\">{\"@context\":\"https:\/\/schema.org\",\"@graph\":[{\"@type\":\"WebPage\",\"@id\":\"https:\/\/www.teknocanta.com\/mochila-para-seminarios\/\",\"url\":\"https:\/\/www.teknocanta.com\/mochila-para-seminarios\/\",\"name\":\"Mochila para seminarios - Tekno \u00c7anta - Promosyon Toptan \u00c7anta \u0130malat\u0131\",\"isPartOf\":{\"@id\":\"https:\/\/www.teknocanta.com\/#website\"},\"primaryImageOfPage\":{\"@id\":\"https:\/\/www.teknocanta.com\/mochila-para-seminarios\/#primaryimage\"},\"image\":{\"@id\":\"https:\/\/www.teknocanta.com\/mochila-para-seminarios\/#primaryimage\"},\"thumbnailUrl\":\"https:\/\/www.teknocanta.com\/wp-content\/uploads\/2021\/10\/AV181_konferans_sirt_cantasi_1.jpeg\",\"datePublished\":\"2021-10-14T12:54:29+00:00\",\"breadcrumb\":{\"@id\":\"https:\/\/www.teknocanta.com\/mochila-para-seminarios\/#breadcrumb\"},\"inLanguage\":\"it-IT\",\"potentialAction\":[{\"@type\":\"ReadAction\",\"target\":[\"https:\/\/www.teknocanta.com\/mochila-para-seminarios\/\"]}]},{\"@type\":\"ImageObject\",\"inLanguage\":\"it-IT\",\"@id\":\"https:\/\/www.teknocanta.com\/mochila-para-seminarios\/#primaryimage\",\"url\":\"https:\/\/www.teknocanta.com\/wp-content\/uploads\/2021\/10\/AV181_konferans_sirt_cantasi_1.jpeg\",\"contentUrl\":\"https:\/\/www.teknocanta.com\/wp-content\/uploads\/2021\/10\/AV181_konferans_sirt_cantasi_1.jpeg\",\"width\":600,\"height\":600},{\"@type\":\"BreadcrumbList\",\"@id\":\"https:\/\/www.teknocanta.com\/mochila-para-seminarios\/#breadcrumb\",\"itemListElement\":[{\"@type\":\"ListItem\",\"position\":1,\"name\":\"Ana sayfa\",\"item\":\"https:\/\/www.teknocanta.com\/it\/\"},{\"@type\":\"ListItem\",\"position\":2,\"name\":\"\u00dcr\u00fcnler\",\"item\":\"https:\/\/www.teknocanta.com\/urunler\/\"},{\"@type\":\"ListItem\",\"position\":3,\"name\":\"Mochila para seminarios\"}]},{\"@type\":\"WebSite\",\"@id\":\"https:\/\/www.teknocanta.com\/#website\",\"url\":\"https:\/\/www.teknocanta.com\/\",\"name\":\"Tekno \u00c7anta - Promosyon Toptan \u00c7anta \u0130malat\u0131\",\"description\":\"Toptan \u00e7anta imalat\u0131, ham bez \u00e7anta, s\u0131rt \u00e7antalar\u0131, laptop ve evrak \u00e7antalar\u0131, kongre \u00e7antalar\u0131, fuar \u00e7antas\u0131 ve ipli b\u00fczg\u00fcl\u00fc \u00e7anta imalat\u0131 yapmaktay\u0131z.\",\"potentialAction\":[{\"@type\":\"SearchAction\",\"target\":{\"@type\":\"EntryPoint\",\"urlTemplate\":\"https:\/\/www.teknocanta.com\/?s={search_term_string}\"},\"query-input\":{\"@type\":\"PropertyValueSpecification\",\"valueRequired\":true,\"valueName\":\"search_term_string\"}}],\"inLanguage\":\"it-IT\"}]}<\/script>\n<!-- \/ Yoast SEO plugin. -->","yoast_head_json":{"title":"Mochila para seminarios - Tekno \u00c7anta - Promosyon Toptan \u00c7anta \u0130malat\u0131","robots":{"index":"index","follow":"follow","max-snippet":"max-snippet:-1","max-image-preview":"max-image-preview:large","max-video-preview":"max-video-preview:-1"},"canonical":"https:\/\/www.teknocanta.com\/mochila-para-seminarios\/","og_locale":"it_IT","og_type":"article","og_title":"Mochila para seminarios - Tekno \u00c7anta - Promosyon Toptan \u00c7anta \u0130malat\u0131","og_description":"Mochila para seminarios I prezzi si riferiscono a 500 pezzi. \u00c8 possibile ordinare anche piccole quantit\u00e0. I prezzi variano per quantit\u00e0 inferiori o superiori. Per le vostre richieste di prezzo in quantit\u00e0 diverse, potete richiedere un prezzo inviando una e-mail al nostro indirizzo di posta elettronica nella sezione contatti. L&#8217;IVA dell&#8217;8% e le spese di&hellip;","og_url":"https:\/\/www.teknocanta.com\/mochila-para-seminarios\/","og_site_name":"Tekno \u00c7anta - Promosyon Toptan \u00c7anta \u0130malat\u0131","twitter_card":"summary_large_image","twitter_misc":{"Tempo di lettura stimato":"2 minuti"},"schema":{"@context":"https:\/\/schema.org","@graph":[{"@type":"WebPage","@id":"https:\/\/www.teknocanta.com\/mochila-para-seminarios\/","url":"https:\/\/www.teknocanta.com\/mochila-para-seminarios\/","name":"Mochila para seminarios - Tekno \u00c7anta - Promosyon Toptan \u00c7anta \u0130malat\u0131","isPartOf":{"@id":"https:\/\/www.teknocanta.com\/#website"},"primaryImageOfPage":{"@id":"https:\/\/www.teknocanta.com\/mochila-para-seminarios\/#primaryimage"},"image":{"@id":"https:\/\/www.teknocanta.com\/mochila-para-seminarios\/#primaryimage"},"thumbnailUrl":"https:\/\/www.teknocanta.com\/wp-content\/uploads\/2021\/10\/AV181_konferans_sirt_cantasi_1.jpeg","datePublished":"2021-10-14T12:54:29+00:00","breadcrumb":{"@id":"https:\/\/www.teknocanta.com\/mochila-para-seminarios\/#breadcrumb"},"inLanguage":"it-IT","potentialAction":[{"@type":"ReadAction","target":["https:\/\/www.teknocanta.com\/mochila-para-seminarios\/"]}]},{"@type":"ImageObject","inLanguage":"it-IT","@id":"https:\/\/www.teknocanta.com\/mochila-para-seminarios\/#primaryimage","url":"https:\/\/www.teknocanta.com\/wp-content\/uploads\/2021\/10\/AV181_konferans_sirt_cantasi_1.jpeg","contentUrl":"https:\/\/www.teknocanta.com\/wp-content\/uploads\/2021\/10\/AV181_konferans_sirt_cantasi_1.jpeg","width":600,"height":600},{"@type":"BreadcrumbList","@id":"https:\/\/www.teknocanta.com\/mochila-para-seminarios\/#breadcrumb","itemListElement":[{"@type":"ListItem","position":1,"name":"Ana sayfa","item":"https:\/\/www.teknocanta.com\/it\/"},{"@type":"ListItem","position":2,"name":"\u00dcr\u00fcnler","item":"https:\/\/www.teknocanta.com\/urunler\/"},{"@type":"ListItem","position":3,"name":"Mochila para seminarios"}]},{"@type":"WebSite","@id":"https:\/\/www.teknocanta.com\/#website","url":"https:\/\/www.teknocanta.com\/","name":"Tekno \u00c7anta - Promosyon Toptan \u00c7anta \u0130malat\u0131","description":"Toptan \u00e7anta imalat\u0131, ham bez \u00e7anta, s\u0131rt \u00e7antalar\u0131, laptop ve evrak \u00e7antalar\u0131, kongre \u00e7antalar\u0131, fuar \u00e7antas\u0131 ve ipli b\u00fczg\u00fcl\u00fc \u00e7anta imalat\u0131 yapmaktay\u0131z.","potentialAction":[{"@type":"SearchAction","target":{"@type":"EntryPoint","urlTemplate":"https:\/\/www.teknocanta.com\/?s={search_term_string}"},"query-input":{"@type":"PropertyValueSpecification","valueRequired":true,"valueName":"search_term_string"}}],"inLanguage":"it-IT"}]}},"_links":{"self":[{"href":"https:\/\/www.teknocanta.com\/it\/wp-json\/wp\/v2\/product\/44706","targetHints":{"allow":["GET"]}}],"collection":[{"href":"https:\/\/www.teknocanta.com\/it\/wp-json\/wp\/v2\/product"}],"about":[{"href":"https:\/\/www.teknocanta.com\/it\/wp-json\/wp\/v2\/types\/product"}],"replies":[{"embeddable":true,"href":"https:\/\/www.teknocanta.com\/it\/wp-json\/wp\/v2\/comments?post=44706"}],"wp:featuredmedia":[{"embeddable":true,"href":"https:\/\/www.teknocanta.com\/it\/wp-json\/wp\/v2\/media\/42072"}],"wp:attachment":[{"href":"https:\/\/www.teknocanta.com\/it\/wp-json\/wp\/v2\/media?parent=44706"}],"wp:term":[{"taxonomy":"product_brand","embeddable":true,"href":"https:\/\/www.teknocanta.com\/it\/wp-json\/wp\/v2\/product_brand?post=44706"},{"taxonomy":"product_cat","embeddable":true,"href":"https:\/\/www.teknocanta.com\/it\/wp-json\/wp\/v2\/product_cat?post=44706"},{"taxonomy":"product_tag","embeddable":true,"href":"https:\/\/www.teknocanta.com\/it\/wp-json\/wp\/v2\/product_tag?post=44706"}],"curies":[{"name":"wp","href":"https:\/\/api.w.org\/{rel}","templated":true}]}}