{"id":44694,"date":"2021-10-14T15:54:51","date_gmt":"2021-10-14T12:54:51","guid":{"rendered":"https:\/\/www.teknocanta.com\/zaino-per-laptop-del-congresso\/"},"modified":"2021-10-14T15:54:51","modified_gmt":"2021-10-14T12:54:51","slug":"zaino-per-laptop-da-congresso","status":"publish","type":"product","link":"https:\/\/www.teknocanta.com\/it\/prodotto\/zaino-per-laptop-da-congresso\/","title":{"rendered":"Zaino per laptop del Congresso"},"content":{"rendered":"<div>Il prezzo \u00e8 valido per 500 pezzi. \u00c8 possibile ordinare anche piccole quantit\u00e0. I prezzi variano per quantit\u00e0 inferiori o superiori. Per le vostre richieste di prezzo in quantit\u00e0 diverse, potete richiedere un prezzo inviando una e-mail al nostro indirizzo di posta elettronica nella sezione contatti. L&#8217;IVA dell&#8217;8% e le spese di stampa non sono incluse nel prezzo.<\/div>\n<div><\/div>\n<div>Per ordini pari o superiori a 250 pezzi, \u00e8 possibile modificare il colore del tessuto, della fodera o della cerniera.&nbsp;<\/div>\n<div><\/div>\n<div>La parte esterna della borsa \u00e8 realizzata in tessuto impertex 630 denari, impermeabile e resistente. Il tessuto imperteks 270 denari \u00e8 utilizzato per le fodere interne. Le dimensioni della borsa sono 40x30x15 cm La borsa \u00e8 composta da 3 sezioni con chiusura a zip. All&#8217;interno della borsa \u00e8 presente uno scomparto per il computer portatile. Il corpo della borsa e lo scomparto interno per il computer portatile sono sostenuti da schiuma spessa 8 mm.&nbsp; Viene utilizzata una cerniera di qualit\u00e0 di tipo 8.<\/div>\n<div><\/div>\n<div>\u00c8 possibile realizzare stampe colorate all&#8217;interno o all&#8217;esterno della borsa. Opzionalmente, si pu\u00f2 anche stampare un ricamo. Negli zaini da congresso, il logo del congresso \u00e8 generalmente stampato sulla fodera interna della borsa insieme al suo nome. Se gli zaini distribuiti come regalo ai congressi sono stampati all&#8217;esterno, la persona che li riceve in dono potrebbe non volerli utilizzare. I costi di stampa variano in base al numero di colori dell&#8217;immagine da stampare.<\/div>\n<div><\/div>\n<div>I tempi di produzione degli zaini congressuali all&#8217;ingrosso variano in base al numero di ordini e il tempo medio di produzione \u00e8 di 15 giorni, ma pu\u00f2 essere anticipato a seconda dell&#8217;importanza del lavoro. I sacchetti in stock possono essere consegnati il giorno stesso senza stampa. Se i prodotti in stock sono da preferire come stampati, i tempi di stampa possono richiedere alcuni giorni a seconda dell&#8217;intensit\u00e0.<\/div>\n<div><\/div>\n<div>Si prega di ottenere informazioni aggiornate sulle scorte.<\/div>\n<div><\/div>\n<div>Gli zaini per laptop da congresso sono un utile prodotto promozionale che potete utilizzare in tutti i tipi di eventi come congressi, simposi, conferenze e seminari a scopo promozionale e che potete regalare ai vostri clienti.<\/div>\n<div><\/div>\n","protected":false},"excerpt":{"rendered":"<p>Il prezzo \u00e8 valido per 500 pezzi. \u00c8 possibile ordinare anche piccole quantit\u00e0. I prezzi variano per quantit\u00e0 inferiori o superiori. Per le vostre richieste di prezzo in quantit\u00e0 diverse, potete richiedere un prezzo inviando una e-mail al nostro indirizzo di posta elettronica nella sezione contatti. L&#8217;IVA dell&#8217;8% e le spese di stampa non sono&hellip;<\/p>\n","protected":false},"featured_media":42123,"comment_status":"open","ping_status":"closed","template":"","meta":[],"product_brand":[],"product_cat":[1399],"product_tag":[1698,1840,1839,1831,1835,1827,1829,2003,1962,1832,2005,2004,1450,1872,1487,1830,1842,1836,1828],"class_list":{"0":"post-44694","1":"product","2":"type-product","3":"status-publish","4":"has-post-thumbnail","6":"product_cat-nuovi-prodotti","7":"product_tag-borsa-allingrosso-istoc","8":"product_tag-borsa-congressi-istanbul","9":"product_tag-borsa-da-conferenza","10":"product_tag-borsa-del-congresso","11":"product_tag-borsa-del-simposio","12":"product_tag-borsa-per-seminari","13":"product_tag-borsa-promozionale-per-congressi","14":"product_tag-borse-promozionali-allingrosso","15":"product_tag-borse-promozionali-istanbul","16":"product_tag-prezzi-degli-zaini-promozionali","17":"product_tag-prezzi-delle-borse-allingrosso-istoc","18":"product_tag-prezzi-delle-borse-promozionali","19":"product_tag-produttori-di-borse","20":"product_tag-produttori-di-borse-istanbul-it","21":"product_tag-zaino-allingrosso","22":"product_tag-zaino-del-congresso","23":"product_tag-zaino-istoc","24":"product_tag-zaino-per-laptop-it","25":"product_tag-zaino-promozionale","26":"description-off","28":"first","29":"instock","30":"shipping-taxable","31":"purchasable","32":"product-type-simple"},"yoast_head":"<!-- This site is optimized with the Yoast SEO plugin v26.6 - https:\/\/yoast.com\/wordpress\/plugins\/seo\/ -->\n<title>Zaino per laptop del Congresso - Tekno \u00c7anta - Promosyon Toptan \u00c7anta \u0130malat\u0131<\/title>\n<meta name=\"robots\" content=\"index, follow, max-snippet:-1, max-image-preview:large, max-video-preview:-1\" \/>\n<link rel=\"canonical\" href=\"https:\/\/www.teknocanta.com\/zaino-per-laptop-del-congresso\/\" \/>\n<meta property=\"og:locale\" content=\"it_IT\" \/>\n<meta property=\"og:type\" content=\"article\" \/>\n<meta property=\"og:title\" content=\"Zaino per laptop del Congresso - Tekno \u00c7anta - Promosyon Toptan \u00c7anta \u0130malat\u0131\" \/>\n<meta property=\"og:description\" content=\"Il prezzo \u00e8 valido per 500 pezzi. \u00c8 possibile ordinare anche piccole quantit\u00e0. I prezzi variano per quantit\u00e0 inferiori o superiori. Per le vostre richieste di prezzo in quantit\u00e0 diverse, potete richiedere un prezzo inviando una e-mail al nostro indirizzo di posta elettronica nella sezione contatti. L&#8217;IVA dell&#8217;8% e le spese di stampa non sono&hellip;\" \/>\n<meta property=\"og:url\" content=\"https:\/\/www.teknocanta.com\/zaino-per-laptop-del-congresso\/\" \/>\n<meta property=\"og:site_name\" content=\"Tekno \u00c7anta - Promosyon Toptan \u00c7anta \u0130malat\u0131\" \/>\n<meta name=\"twitter:card\" content=\"summary_large_image\" \/>\n<meta name=\"twitter:label1\" content=\"Tempo di lettura stimato\" \/>\n\t<meta name=\"twitter:data1\" content=\"2 minuti\" \/>\n<script type=\"application\/ld+json\" class=\"yoast-schema-graph\">{\"@context\":\"https:\/\/schema.org\",\"@graph\":[{\"@type\":\"WebPage\",\"@id\":\"https:\/\/www.teknocanta.com\/zaino-per-laptop-del-congresso\/\",\"url\":\"https:\/\/www.teknocanta.com\/zaino-per-laptop-del-congresso\/\",\"name\":\"Zaino per laptop del Congresso - Tekno \u00c7anta - Promosyon Toptan \u00c7anta \u0130malat\u0131\",\"isPartOf\":{\"@id\":\"https:\/\/www.teknocanta.com\/#website\"},\"primaryImageOfPage\":{\"@id\":\"https:\/\/www.teknocanta.com\/zaino-per-laptop-del-congresso\/#primaryimage\"},\"image\":{\"@id\":\"https:\/\/www.teknocanta.com\/zaino-per-laptop-del-congresso\/#primaryimage\"},\"thumbnailUrl\":\"https:\/\/www.teknocanta.com\/wp-content\/uploads\/2021\/10\/av2350_kongre_laptop_sirt_cantasi_1.jpeg\",\"datePublished\":\"2021-10-14T12:54:51+00:00\",\"breadcrumb\":{\"@id\":\"https:\/\/www.teknocanta.com\/zaino-per-laptop-del-congresso\/#breadcrumb\"},\"inLanguage\":\"it-IT\",\"potentialAction\":[{\"@type\":\"ReadAction\",\"target\":[\"https:\/\/www.teknocanta.com\/zaino-per-laptop-del-congresso\/\"]}]},{\"@type\":\"ImageObject\",\"inLanguage\":\"it-IT\",\"@id\":\"https:\/\/www.teknocanta.com\/zaino-per-laptop-del-congresso\/#primaryimage\",\"url\":\"https:\/\/www.teknocanta.com\/wp-content\/uploads\/2021\/10\/av2350_kongre_laptop_sirt_cantasi_1.jpeg\",\"contentUrl\":\"https:\/\/www.teknocanta.com\/wp-content\/uploads\/2021\/10\/av2350_kongre_laptop_sirt_cantasi_1.jpeg\",\"width\":600,\"height\":600},{\"@type\":\"BreadcrumbList\",\"@id\":\"https:\/\/www.teknocanta.com\/zaino-per-laptop-del-congresso\/#breadcrumb\",\"itemListElement\":[{\"@type\":\"ListItem\",\"position\":1,\"name\":\"Ana sayfa\",\"item\":\"https:\/\/www.teknocanta.com\/it\/\"},{\"@type\":\"ListItem\",\"position\":2,\"name\":\"\u00dcr\u00fcnler\",\"item\":\"https:\/\/www.teknocanta.com\/urunler\/\"},{\"@type\":\"ListItem\",\"position\":3,\"name\":\"Zaino per laptop del Congresso\"}]},{\"@type\":\"WebSite\",\"@id\":\"https:\/\/www.teknocanta.com\/#website\",\"url\":\"https:\/\/www.teknocanta.com\/\",\"name\":\"Tekno \u00c7anta - Promosyon Toptan \u00c7anta \u0130malat\u0131\",\"description\":\"Toptan \u00e7anta imalat\u0131, ham bez \u00e7anta, s\u0131rt \u00e7antalar\u0131, laptop ve evrak \u00e7antalar\u0131, kongre \u00e7antalar\u0131, fuar \u00e7antas\u0131 ve ipli b\u00fczg\u00fcl\u00fc \u00e7anta imalat\u0131 yapmaktay\u0131z.\",\"potentialAction\":[{\"@type\":\"SearchAction\",\"target\":{\"@type\":\"EntryPoint\",\"urlTemplate\":\"https:\/\/www.teknocanta.com\/?s={search_term_string}\"},\"query-input\":{\"@type\":\"PropertyValueSpecification\",\"valueRequired\":true,\"valueName\":\"search_term_string\"}}],\"inLanguage\":\"it-IT\"}]}<\/script>\n<!-- \/ Yoast SEO plugin. -->","yoast_head_json":{"title":"Zaino per laptop del Congresso - Tekno \u00c7anta - Promosyon Toptan \u00c7anta \u0130malat\u0131","robots":{"index":"index","follow":"follow","max-snippet":"max-snippet:-1","max-image-preview":"max-image-preview:large","max-video-preview":"max-video-preview:-1"},"canonical":"https:\/\/www.teknocanta.com\/zaino-per-laptop-del-congresso\/","og_locale":"it_IT","og_type":"article","og_title":"Zaino per laptop del Congresso - Tekno \u00c7anta - Promosyon Toptan \u00c7anta \u0130malat\u0131","og_description":"Il prezzo \u00e8 valido per 500 pezzi. \u00c8 possibile ordinare anche piccole quantit\u00e0. I prezzi variano per quantit\u00e0 inferiori o superiori. Per le vostre richieste di prezzo in quantit\u00e0 diverse, potete richiedere un prezzo inviando una e-mail al nostro indirizzo di posta elettronica nella sezione contatti. L&#8217;IVA dell&#8217;8% e le spese di stampa non sono&hellip;","og_url":"https:\/\/www.teknocanta.com\/zaino-per-laptop-del-congresso\/","og_site_name":"Tekno \u00c7anta - Promosyon Toptan \u00c7anta \u0130malat\u0131","twitter_card":"summary_large_image","twitter_misc":{"Tempo di lettura stimato":"2 minuti"},"schema":{"@context":"https:\/\/schema.org","@graph":[{"@type":"WebPage","@id":"https:\/\/www.teknocanta.com\/zaino-per-laptop-del-congresso\/","url":"https:\/\/www.teknocanta.com\/zaino-per-laptop-del-congresso\/","name":"Zaino per laptop del Congresso - Tekno \u00c7anta - Promosyon Toptan \u00c7anta \u0130malat\u0131","isPartOf":{"@id":"https:\/\/www.teknocanta.com\/#website"},"primaryImageOfPage":{"@id":"https:\/\/www.teknocanta.com\/zaino-per-laptop-del-congresso\/#primaryimage"},"image":{"@id":"https:\/\/www.teknocanta.com\/zaino-per-laptop-del-congresso\/#primaryimage"},"thumbnailUrl":"https:\/\/www.teknocanta.com\/wp-content\/uploads\/2021\/10\/av2350_kongre_laptop_sirt_cantasi_1.jpeg","datePublished":"2021-10-14T12:54:51+00:00","breadcrumb":{"@id":"https:\/\/www.teknocanta.com\/zaino-per-laptop-del-congresso\/#breadcrumb"},"inLanguage":"it-IT","potentialAction":[{"@type":"ReadAction","target":["https:\/\/www.teknocanta.com\/zaino-per-laptop-del-congresso\/"]}]},{"@type":"ImageObject","inLanguage":"it-IT","@id":"https:\/\/www.teknocanta.com\/zaino-per-laptop-del-congresso\/#primaryimage","url":"https:\/\/www.teknocanta.com\/wp-content\/uploads\/2021\/10\/av2350_kongre_laptop_sirt_cantasi_1.jpeg","contentUrl":"https:\/\/www.teknocanta.com\/wp-content\/uploads\/2021\/10\/av2350_kongre_laptop_sirt_cantasi_1.jpeg","width":600,"height":600},{"@type":"BreadcrumbList","@id":"https:\/\/www.teknocanta.com\/zaino-per-laptop-del-congresso\/#breadcrumb","itemListElement":[{"@type":"ListItem","position":1,"name":"Ana sayfa","item":"https:\/\/www.teknocanta.com\/it\/"},{"@type":"ListItem","position":2,"name":"\u00dcr\u00fcnler","item":"https:\/\/www.teknocanta.com\/urunler\/"},{"@type":"ListItem","position":3,"name":"Zaino per laptop del Congresso"}]},{"@type":"WebSite","@id":"https:\/\/www.teknocanta.com\/#website","url":"https:\/\/www.teknocanta.com\/","name":"Tekno \u00c7anta - Promosyon Toptan \u00c7anta \u0130malat\u0131","description":"Toptan \u00e7anta imalat\u0131, ham bez \u00e7anta, s\u0131rt \u00e7antalar\u0131, laptop ve evrak \u00e7antalar\u0131, kongre \u00e7antalar\u0131, fuar \u00e7antas\u0131 ve ipli b\u00fczg\u00fcl\u00fc \u00e7anta imalat\u0131 yapmaktay\u0131z.","potentialAction":[{"@type":"SearchAction","target":{"@type":"EntryPoint","urlTemplate":"https:\/\/www.teknocanta.com\/?s={search_term_string}"},"query-input":{"@type":"PropertyValueSpecification","valueRequired":true,"valueName":"search_term_string"}}],"inLanguage":"it-IT"}]}},"_links":{"self":[{"href":"https:\/\/www.teknocanta.com\/it\/wp-json\/wp\/v2\/product\/44694","targetHints":{"allow":["GET"]}}],"collection":[{"href":"https:\/\/www.teknocanta.com\/it\/wp-json\/wp\/v2\/product"}],"about":[{"href":"https:\/\/www.teknocanta.com\/it\/wp-json\/wp\/v2\/types\/product"}],"replies":[{"embeddable":true,"href":"https:\/\/www.teknocanta.com\/it\/wp-json\/wp\/v2\/comments?post=44694"}],"wp:featuredmedia":[{"embeddable":true,"href":"https:\/\/www.teknocanta.com\/it\/wp-json\/wp\/v2\/media\/42123"}],"wp:attachment":[{"href":"https:\/\/www.teknocanta.com\/it\/wp-json\/wp\/v2\/media?parent=44694"}],"wp:term":[{"taxonomy":"product_brand","embeddable":true,"href":"https:\/\/www.teknocanta.com\/it\/wp-json\/wp\/v2\/product_brand?post=44694"},{"taxonomy":"product_cat","embeddable":true,"href":"https:\/\/www.teknocanta.com\/it\/wp-json\/wp\/v2\/product_cat?post=44694"},{"taxonomy":"product_tag","embeddable":true,"href":"https:\/\/www.teknocanta.com\/it\/wp-json\/wp\/v2\/product_tag?post=44694"}],"curies":[{"name":"wp","href":"https:\/\/api.w.org\/{rel}","templated":true}]}}