{"id":44685,"date":"2021-10-14T15:55:18","date_gmt":"2021-10-14T12:55:18","guid":{"rendered":"https:\/\/www.teknocanta.com\/cartella-promozionale\/"},"modified":"2021-10-14T15:55:18","modified_gmt":"2021-10-14T12:55:18","slug":"borsa-portadocumenti-promozionale","status":"publish","type":"product","link":"https:\/\/www.teknocanta.com\/it\/prodotto\/borsa-portadocumenti-promozionale\/","title":{"rendered":"Cartella promozionale"},"content":{"rendered":"<div>Cartella promozionale<\/div>\n<div>I prezzi si riferiscono a ordini di 500 pezzi. \u00c8 possibile acquistare quantit\u00e0 inferiori. Per informazioni sui prezzi in quantit\u00e0 inferiori o superiori, si prega di richiedere un listino prezzi aggiornato.&nbsp;<\/div>\n<div><\/div>\n<div>L&#8217;IVA dell&#8217;8% e le spese di stampa non sono incluse nel prezzo.&nbsp;<\/div>\n<div><\/div>\n<div>Per ordini pari o superiori a 200 pezzi, il tipo di tessuto, il colore del tessuto, il colore della fodera o il colore della cerniera possono cambiare.<\/div>\n<div><\/div>\n<div>Le parti esterne della borsa sono realizzate in lino impertex e tessuto privo di sostanze cancerogene, mentre le fodere interne sono in tessuto impertex 270 denari.&nbsp;<\/div>\n<div><\/div>\n<div>Le dimensioni della borsa sono 30x40x5 cm. La borsa \u00e8 composta da 1 sezione superiore e 1 anteriore con chiusura a zip. All&#8217;interno della borsa \u00e8 presente anche uno scomparto per il computer portatile.<\/div>\n<div>I corpi dei sacchi sono supportati da schiuma di 8 mm di spessore. Viene utilizzata una cerniera di qualit\u00e0 di tipo 8.<\/div>\n<div><\/div>\n<div>All&#8217;interno o all&#8217;esterno della borsa si possono realizzare ricami o stampe di vernice colorata. I costi di stampa variano in base al numero di colori dell&#8217;immagine da stampare e alla tecnica di stampa da utilizzare. Il tipo di stampa pi\u00f9 economico \u00e8 la serigrafia a un colore. Le tecniche di stampa a ricamo e di stampa a trasferimento variano in base alle dimensioni della stampa e sono leggermente pi\u00f9 costose di altri tipi di stampa.<\/div>\n<div><\/div>\n<div>Cartella promozionale I tempi di produzione variano a seconda del numero di ordini e il tempo medio di produzione \u00e8 di 15 giorni, ma pu\u00f2 essere anticipato a seconda dell&#8217;importanza del lavoro. I sacchetti in stock possono essere consegnati il giorno stesso senza stampa. Se i prodotti in stock sono da preferire come stampati, i tempi di stampa possono richiedere alcuni giorni a seconda dell&#8217;intensit\u00e0.<\/div>\n<div>Si prega di chiedere lo stock attuale e il listino prezzi.<\/div>\n<div><\/div>\n<div>La valigetta promozionale \u00e8 un prodotto promozionale utile e permanente che potete utilizzare in tutti i tipi di eventi come congressi, simposi, conferenze e seminari e che potete regalare ai vostri clienti.<\/div>\n<div><\/div>\n","protected":false},"excerpt":{"rendered":"<p>Cartella promozionale I prezzi si riferiscono a ordini di 500 pezzi. \u00c8 possibile acquistare quantit\u00e0 inferiori. Per informazioni sui prezzi in quantit\u00e0 inferiori o superiori, si prega di richiedere un listino prezzi aggiornato.&nbsp; L&#8217;IVA dell&#8217;8% e le spese di stampa non sono incluse nel prezzo.&nbsp; Per ordini pari o superiori a 200 pezzi, il tipo&hellip;<\/p>\n","protected":false},"featured_media":42189,"comment_status":"open","ping_status":"closed","template":"","meta":[],"product_brand":[],"product_cat":[1364,1377,1366],"product_tag":[1834,1933,1665],"class_list":{"0":"post-44685","1":"product","2":"type-product","3":"status-publish","4":"has-post-thumbnail","6":"product_cat-borsa-per-congressi-e-simposi","7":"product_cat-borse-rifornite","8":"product_cat-computer-portatile-e-valigetta","9":"product_tag-borse-promozionali","10":"product_tag-cartella-allingrosso","11":"product_tag-produttori-di-borse-istoc","12":"description-off","14":"first","15":"instock","16":"shipping-taxable","17":"purchasable","18":"product-type-simple"},"yoast_head":"<!-- This site is optimized with the Yoast SEO plugin v26.6 - https:\/\/yoast.com\/wordpress\/plugins\/seo\/ -->\n<title>Cartella promozionale - Tekno \u00c7anta - Promosyon Toptan \u00c7anta \u0130malat\u0131<\/title>\n<meta name=\"robots\" content=\"index, follow, max-snippet:-1, max-image-preview:large, max-video-preview:-1\" \/>\n<link rel=\"canonical\" href=\"https:\/\/www.teknocanta.com\/cartella-promozionale\/\" \/>\n<meta property=\"og:locale\" content=\"it_IT\" \/>\n<meta property=\"og:type\" content=\"article\" \/>\n<meta property=\"og:title\" content=\"Cartella promozionale - Tekno \u00c7anta - Promosyon Toptan \u00c7anta \u0130malat\u0131\" \/>\n<meta property=\"og:description\" content=\"Cartella promozionale I prezzi si riferiscono a ordini di 500 pezzi. \u00c8 possibile acquistare quantit\u00e0 inferiori. Per informazioni sui prezzi in quantit\u00e0 inferiori o superiori, si prega di richiedere un listino prezzi aggiornato.&nbsp; L&#8217;IVA dell&#8217;8% e le spese di stampa non sono incluse nel prezzo.&nbsp; Per ordini pari o superiori a 200 pezzi, il tipo&hellip;\" \/>\n<meta property=\"og:url\" content=\"https:\/\/www.teknocanta.com\/cartella-promozionale\/\" \/>\n<meta property=\"og:site_name\" content=\"Tekno \u00c7anta - Promosyon Toptan \u00c7anta \u0130malat\u0131\" \/>\n<meta name=\"twitter:card\" content=\"summary_large_image\" \/>\n<meta name=\"twitter:label1\" content=\"Tempo di lettura stimato\" \/>\n\t<meta name=\"twitter:data1\" content=\"2 minuti\" \/>\n<script type=\"application\/ld+json\" class=\"yoast-schema-graph\">{\"@context\":\"https:\/\/schema.org\",\"@graph\":[{\"@type\":\"WebPage\",\"@id\":\"https:\/\/www.teknocanta.com\/cartella-promozionale\/\",\"url\":\"https:\/\/www.teknocanta.com\/cartella-promozionale\/\",\"name\":\"Cartella promozionale - Tekno \u00c7anta - Promosyon Toptan \u00c7anta \u0130malat\u0131\",\"isPartOf\":{\"@id\":\"https:\/\/www.teknocanta.com\/#website\"},\"primaryImageOfPage\":{\"@id\":\"https:\/\/www.teknocanta.com\/cartella-promozionale\/#primaryimage\"},\"image\":{\"@id\":\"https:\/\/www.teknocanta.com\/cartella-promozionale\/#primaryimage\"},\"thumbnailUrl\":\"https:\/\/www.teknocanta.com\/wp-content\/uploads\/2021\/10\/promosyon_evrak_cantasi_son_ana_resim.jpg\",\"datePublished\":\"2021-10-14T12:55:18+00:00\",\"breadcrumb\":{\"@id\":\"https:\/\/www.teknocanta.com\/cartella-promozionale\/#breadcrumb\"},\"inLanguage\":\"it-IT\",\"potentialAction\":[{\"@type\":\"ReadAction\",\"target\":[\"https:\/\/www.teknocanta.com\/cartella-promozionale\/\"]}]},{\"@type\":\"ImageObject\",\"inLanguage\":\"it-IT\",\"@id\":\"https:\/\/www.teknocanta.com\/cartella-promozionale\/#primaryimage\",\"url\":\"https:\/\/www.teknocanta.com\/wp-content\/uploads\/2021\/10\/promosyon_evrak_cantasi_son_ana_resim.jpg\",\"contentUrl\":\"https:\/\/www.teknocanta.com\/wp-content\/uploads\/2021\/10\/promosyon_evrak_cantasi_son_ana_resim.jpg\",\"width\":1029,\"height\":871},{\"@type\":\"BreadcrumbList\",\"@id\":\"https:\/\/www.teknocanta.com\/cartella-promozionale\/#breadcrumb\",\"itemListElement\":[{\"@type\":\"ListItem\",\"position\":1,\"name\":\"Ana sayfa\",\"item\":\"https:\/\/www.teknocanta.com\/it\/\"},{\"@type\":\"ListItem\",\"position\":2,\"name\":\"\u00dcr\u00fcnler\",\"item\":\"https:\/\/www.teknocanta.com\/urunler\/\"},{\"@type\":\"ListItem\",\"position\":3,\"name\":\"Cartella promozionale\"}]},{\"@type\":\"WebSite\",\"@id\":\"https:\/\/www.teknocanta.com\/#website\",\"url\":\"https:\/\/www.teknocanta.com\/\",\"name\":\"Tekno \u00c7anta - Promosyon Toptan \u00c7anta \u0130malat\u0131\",\"description\":\"Toptan \u00e7anta imalat\u0131, ham bez \u00e7anta, s\u0131rt \u00e7antalar\u0131, laptop ve evrak \u00e7antalar\u0131, kongre \u00e7antalar\u0131, fuar \u00e7antas\u0131 ve ipli b\u00fczg\u00fcl\u00fc \u00e7anta imalat\u0131 yapmaktay\u0131z.\",\"potentialAction\":[{\"@type\":\"SearchAction\",\"target\":{\"@type\":\"EntryPoint\",\"urlTemplate\":\"https:\/\/www.teknocanta.com\/?s={search_term_string}\"},\"query-input\":{\"@type\":\"PropertyValueSpecification\",\"valueRequired\":true,\"valueName\":\"search_term_string\"}}],\"inLanguage\":\"it-IT\"}]}<\/script>\n<!-- \/ Yoast SEO plugin. -->","yoast_head_json":{"title":"Cartella promozionale - Tekno \u00c7anta - Promosyon Toptan \u00c7anta \u0130malat\u0131","robots":{"index":"index","follow":"follow","max-snippet":"max-snippet:-1","max-image-preview":"max-image-preview:large","max-video-preview":"max-video-preview:-1"},"canonical":"https:\/\/www.teknocanta.com\/cartella-promozionale\/","og_locale":"it_IT","og_type":"article","og_title":"Cartella promozionale - Tekno \u00c7anta - Promosyon Toptan \u00c7anta \u0130malat\u0131","og_description":"Cartella promozionale I prezzi si riferiscono a ordini di 500 pezzi. \u00c8 possibile acquistare quantit\u00e0 inferiori. Per informazioni sui prezzi in quantit\u00e0 inferiori o superiori, si prega di richiedere un listino prezzi aggiornato.&nbsp; L&#8217;IVA dell&#8217;8% e le spese di stampa non sono incluse nel prezzo.&nbsp; Per ordini pari o superiori a 200 pezzi, il tipo&hellip;","og_url":"https:\/\/www.teknocanta.com\/cartella-promozionale\/","og_site_name":"Tekno \u00c7anta - Promosyon Toptan \u00c7anta \u0130malat\u0131","twitter_card":"summary_large_image","twitter_misc":{"Tempo di lettura stimato":"2 minuti"},"schema":{"@context":"https:\/\/schema.org","@graph":[{"@type":"WebPage","@id":"https:\/\/www.teknocanta.com\/cartella-promozionale\/","url":"https:\/\/www.teknocanta.com\/cartella-promozionale\/","name":"Cartella promozionale - Tekno \u00c7anta - Promosyon Toptan \u00c7anta \u0130malat\u0131","isPartOf":{"@id":"https:\/\/www.teknocanta.com\/#website"},"primaryImageOfPage":{"@id":"https:\/\/www.teknocanta.com\/cartella-promozionale\/#primaryimage"},"image":{"@id":"https:\/\/www.teknocanta.com\/cartella-promozionale\/#primaryimage"},"thumbnailUrl":"https:\/\/www.teknocanta.com\/wp-content\/uploads\/2021\/10\/promosyon_evrak_cantasi_son_ana_resim.jpg","datePublished":"2021-10-14T12:55:18+00:00","breadcrumb":{"@id":"https:\/\/www.teknocanta.com\/cartella-promozionale\/#breadcrumb"},"inLanguage":"it-IT","potentialAction":[{"@type":"ReadAction","target":["https:\/\/www.teknocanta.com\/cartella-promozionale\/"]}]},{"@type":"ImageObject","inLanguage":"it-IT","@id":"https:\/\/www.teknocanta.com\/cartella-promozionale\/#primaryimage","url":"https:\/\/www.teknocanta.com\/wp-content\/uploads\/2021\/10\/promosyon_evrak_cantasi_son_ana_resim.jpg","contentUrl":"https:\/\/www.teknocanta.com\/wp-content\/uploads\/2021\/10\/promosyon_evrak_cantasi_son_ana_resim.jpg","width":1029,"height":871},{"@type":"BreadcrumbList","@id":"https:\/\/www.teknocanta.com\/cartella-promozionale\/#breadcrumb","itemListElement":[{"@type":"ListItem","position":1,"name":"Ana sayfa","item":"https:\/\/www.teknocanta.com\/it\/"},{"@type":"ListItem","position":2,"name":"\u00dcr\u00fcnler","item":"https:\/\/www.teknocanta.com\/urunler\/"},{"@type":"ListItem","position":3,"name":"Cartella promozionale"}]},{"@type":"WebSite","@id":"https:\/\/www.teknocanta.com\/#website","url":"https:\/\/www.teknocanta.com\/","name":"Tekno \u00c7anta - Promosyon Toptan \u00c7anta \u0130malat\u0131","description":"Toptan \u00e7anta imalat\u0131, ham bez \u00e7anta, s\u0131rt \u00e7antalar\u0131, laptop ve evrak \u00e7antalar\u0131, kongre \u00e7antalar\u0131, fuar \u00e7antas\u0131 ve ipli b\u00fczg\u00fcl\u00fc \u00e7anta imalat\u0131 yapmaktay\u0131z.","potentialAction":[{"@type":"SearchAction","target":{"@type":"EntryPoint","urlTemplate":"https:\/\/www.teknocanta.com\/?s={search_term_string}"},"query-input":{"@type":"PropertyValueSpecification","valueRequired":true,"valueName":"search_term_string"}}],"inLanguage":"it-IT"}]}},"_links":{"self":[{"href":"https:\/\/www.teknocanta.com\/it\/wp-json\/wp\/v2\/product\/44685","targetHints":{"allow":["GET"]}}],"collection":[{"href":"https:\/\/www.teknocanta.com\/it\/wp-json\/wp\/v2\/product"}],"about":[{"href":"https:\/\/www.teknocanta.com\/it\/wp-json\/wp\/v2\/types\/product"}],"replies":[{"embeddable":true,"href":"https:\/\/www.teknocanta.com\/it\/wp-json\/wp\/v2\/comments?post=44685"}],"wp:featuredmedia":[{"embeddable":true,"href":"https:\/\/www.teknocanta.com\/it\/wp-json\/wp\/v2\/media\/42189"}],"wp:attachment":[{"href":"https:\/\/www.teknocanta.com\/it\/wp-json\/wp\/v2\/media?parent=44685"}],"wp:term":[{"taxonomy":"product_brand","embeddable":true,"href":"https:\/\/www.teknocanta.com\/it\/wp-json\/wp\/v2\/product_brand?post=44685"},{"taxonomy":"product_cat","embeddable":true,"href":"https:\/\/www.teknocanta.com\/it\/wp-json\/wp\/v2\/product_cat?post=44685"},{"taxonomy":"product_tag","embeddable":true,"href":"https:\/\/www.teknocanta.com\/it\/wp-json\/wp\/v2\/product_tag?post=44685"}],"curies":[{"name":"wp","href":"https:\/\/api.w.org\/{rel}","templated":true}]}}