{"id":44682,"date":"2021-10-14T15:55:39","date_gmt":"2021-10-14T12:55:39","guid":{"rendered":"https:\/\/www.teknocanta.com\/borsa-da-sella-postman\/"},"modified":"2021-10-14T15:55:39","modified_gmt":"2021-10-14T12:55:39","slug":"postino-tipo-di-borsa","status":"publish","type":"product","link":"https:\/\/www.teknocanta.com\/it\/prodotto\/postino-tipo-di-borsa\/","title":{"rendered":"Borsa da sella Postman"},"content":{"rendered":"<p>Postino &#8211; Borsa da sella<\/p>\n<p>Realizzato in tessuto impermeabile imperteks 600 denari. <\/p>\n<p>Pu\u00f2 essere prodotto in diversi colori. Lo stesso modello pu\u00f2 essere prodotto in tessuto grezzo o in fibra.\n<\/p>\n<p>Dimensioni del prodotto: 38 cm x 28 cm<\/p>\n<p>Pu\u00f2 essere prodotto in dimensioni pi\u00f9 piccole o pi\u00f9 grandi a seconda delle esigenze. \u00c8 possibile stampare qualsiasi colore all&#8217;interno o all&#8217;esterno della borsa. <\/p>\n<p>La quantit\u00e0 minima di produzione \u00e8 di 500 unit\u00e0. Il prezzo \u00e8 indicato per 500 pezzi.<\/p>\n","protected":false},"excerpt":{"rendered":"<p>Postino &#8211; Borsa da sella Realizzato in tessuto impermeabile imperteks 600 denari. Pu\u00f2 essere prodotto in diversi colori. Lo stesso modello pu\u00f2 essere prodotto in tessuto grezzo o in fibra. Dimensioni del prodotto: 38 cm x 28 cm Pu\u00f2 essere prodotto in dimensioni pi\u00f9 piccole o pi\u00f9 grandi a seconda delle esigenze. \u00c8 possibile stampare&hellip;<\/p>\n","protected":false},"featured_media":42252,"comment_status":"open","ping_status":"closed","template":"","meta":[],"product_brand":[],"product_cat":[1399],"product_tag":[1925,1927,1929,1913,1930,1916,1922,1920,1921,1919,1917,1924,1717,1914,1915,1834,1926,1912,1928,1923,1918],"class_list":{"0":"post-44682","1":"product","2":"type-product","3":"status-publish","4":"has-post-thumbnail","6":"product_cat-nuovi-prodotti","7":"product_tag-borsa-a-tracolla-in-tessuto","8":"product_tag-borsa-a-tracolla-promozionale","9":"product_tag-borsa-da-postino","10":"product_tag-borsa-in-lino-grezzo","11":"product_tag-borsa-interfoderata-modello-postino","12":"product_tag-borsa-messenger","13":"product_tag-borsa-messenger-allingrosso","14":"product_tag-borsa-messenger-con-fodera","15":"product_tag-borsa-messenger-in-tela-grezza","16":"product_tag-borsa-messenger-in-tessuto","17":"product_tag-borsa-modello-postino","18":"product_tag-borsa-modello-postino-allingrosso","19":"product_tag-borse-allingrosso-istanbul","20":"product_tag-borse-di-tela-grezza-allingrosso","21":"product_tag-borse-in-tessuto","22":"product_tag-borse-promozionali","23":"product_tag-modelli-di-borse-a-tracolla","24":"product_tag-modelli-di-zaini-in-tessuto","25":"product_tag-prezzi-delle-borse-cross-body","26":"product_tag-prezzi-delle-borse-di-stoffa","27":"product_tag-promozione-borsa-postino","28":"description-off","30":"first","31":"instock","32":"shipping-taxable","33":"purchasable","34":"product-type-simple"},"yoast_head":"<!-- This site is optimized with the Yoast SEO plugin v26.6 - https:\/\/yoast.com\/wordpress\/plugins\/seo\/ -->\n<title>Borsa da sella Postman - Tekno \u00c7anta - Promosyon Toptan \u00c7anta \u0130malat\u0131<\/title>\n<meta name=\"robots\" content=\"index, follow, max-snippet:-1, max-image-preview:large, max-video-preview:-1\" \/>\n<link rel=\"canonical\" href=\"https:\/\/www.teknocanta.com\/borsa-da-sella-postman\/\" \/>\n<meta property=\"og:locale\" content=\"it_IT\" \/>\n<meta property=\"og:type\" content=\"article\" \/>\n<meta property=\"og:title\" content=\"Borsa da sella Postman - Tekno \u00c7anta - Promosyon Toptan \u00c7anta \u0130malat\u0131\" \/>\n<meta property=\"og:description\" content=\"Postino &#8211; Borsa da sella Realizzato in tessuto impermeabile imperteks 600 denari. Pu\u00f2 essere prodotto in diversi colori. Lo stesso modello pu\u00f2 essere prodotto in tessuto grezzo o in fibra. Dimensioni del prodotto: 38 cm x 28 cm Pu\u00f2 essere prodotto in dimensioni pi\u00f9 piccole o pi\u00f9 grandi a seconda delle esigenze. \u00c8 possibile stampare&hellip;\" \/>\n<meta property=\"og:url\" content=\"https:\/\/www.teknocanta.com\/borsa-da-sella-postman\/\" \/>\n<meta property=\"og:site_name\" content=\"Tekno \u00c7anta - Promosyon Toptan \u00c7anta \u0130malat\u0131\" \/>\n<meta name=\"twitter:card\" content=\"summary_large_image\" \/>\n<script type=\"application\/ld+json\" class=\"yoast-schema-graph\">{\"@context\":\"https:\/\/schema.org\",\"@graph\":[{\"@type\":\"WebPage\",\"@id\":\"https:\/\/www.teknocanta.com\/borsa-da-sella-postman\/\",\"url\":\"https:\/\/www.teknocanta.com\/borsa-da-sella-postman\/\",\"name\":\"Borsa da sella Postman - Tekno \u00c7anta - Promosyon Toptan \u00c7anta \u0130malat\u0131\",\"isPartOf\":{\"@id\":\"https:\/\/www.teknocanta.com\/#website\"},\"primaryImageOfPage\":{\"@id\":\"https:\/\/www.teknocanta.com\/borsa-da-sella-postman\/#primaryimage\"},\"image\":{\"@id\":\"https:\/\/www.teknocanta.com\/borsa-da-sella-postman\/#primaryimage\"},\"thumbnailUrl\":\"https:\/\/www.teknocanta.com\/wp-content\/uploads\/2021\/10\/AV010_postacheybetipicanta.jpg\",\"datePublished\":\"2021-10-14T12:55:39+00:00\",\"breadcrumb\":{\"@id\":\"https:\/\/www.teknocanta.com\/borsa-da-sella-postman\/#breadcrumb\"},\"inLanguage\":\"it-IT\",\"potentialAction\":[{\"@type\":\"ReadAction\",\"target\":[\"https:\/\/www.teknocanta.com\/borsa-da-sella-postman\/\"]}]},{\"@type\":\"ImageObject\",\"inLanguage\":\"it-IT\",\"@id\":\"https:\/\/www.teknocanta.com\/borsa-da-sella-postman\/#primaryimage\",\"url\":\"https:\/\/www.teknocanta.com\/wp-content\/uploads\/2021\/10\/AV010_postacheybetipicanta.jpg\",\"contentUrl\":\"https:\/\/www.teknocanta.com\/wp-content\/uploads\/2021\/10\/AV010_postacheybetipicanta.jpg\",\"width\":600,\"height\":600},{\"@type\":\"BreadcrumbList\",\"@id\":\"https:\/\/www.teknocanta.com\/borsa-da-sella-postman\/#breadcrumb\",\"itemListElement\":[{\"@type\":\"ListItem\",\"position\":1,\"name\":\"Ana sayfa\",\"item\":\"https:\/\/www.teknocanta.com\/it\/\"},{\"@type\":\"ListItem\",\"position\":2,\"name\":\"\u00dcr\u00fcnler\",\"item\":\"https:\/\/www.teknocanta.com\/urunler\/\"},{\"@type\":\"ListItem\",\"position\":3,\"name\":\"Borsa da sella Postman\"}]},{\"@type\":\"WebSite\",\"@id\":\"https:\/\/www.teknocanta.com\/#website\",\"url\":\"https:\/\/www.teknocanta.com\/\",\"name\":\"Tekno \u00c7anta - Promosyon Toptan \u00c7anta \u0130malat\u0131\",\"description\":\"Toptan \u00e7anta imalat\u0131, ham bez \u00e7anta, s\u0131rt \u00e7antalar\u0131, laptop ve evrak \u00e7antalar\u0131, kongre \u00e7antalar\u0131, fuar \u00e7antas\u0131 ve ipli b\u00fczg\u00fcl\u00fc \u00e7anta imalat\u0131 yapmaktay\u0131z.\",\"potentialAction\":[{\"@type\":\"SearchAction\",\"target\":{\"@type\":\"EntryPoint\",\"urlTemplate\":\"https:\/\/www.teknocanta.com\/?s={search_term_string}\"},\"query-input\":{\"@type\":\"PropertyValueSpecification\",\"valueRequired\":true,\"valueName\":\"search_term_string\"}}],\"inLanguage\":\"it-IT\"}]}<\/script>\n<!-- \/ Yoast SEO plugin. -->","yoast_head_json":{"title":"Borsa da sella Postman - Tekno \u00c7anta - Promosyon Toptan \u00c7anta \u0130malat\u0131","robots":{"index":"index","follow":"follow","max-snippet":"max-snippet:-1","max-image-preview":"max-image-preview:large","max-video-preview":"max-video-preview:-1"},"canonical":"https:\/\/www.teknocanta.com\/borsa-da-sella-postman\/","og_locale":"it_IT","og_type":"article","og_title":"Borsa da sella Postman - Tekno \u00c7anta - Promosyon Toptan \u00c7anta \u0130malat\u0131","og_description":"Postino &#8211; Borsa da sella Realizzato in tessuto impermeabile imperteks 600 denari. Pu\u00f2 essere prodotto in diversi colori. Lo stesso modello pu\u00f2 essere prodotto in tessuto grezzo o in fibra. Dimensioni del prodotto: 38 cm x 28 cm Pu\u00f2 essere prodotto in dimensioni pi\u00f9 piccole o pi\u00f9 grandi a seconda delle esigenze. \u00c8 possibile stampare&hellip;","og_url":"https:\/\/www.teknocanta.com\/borsa-da-sella-postman\/","og_site_name":"Tekno \u00c7anta - Promosyon Toptan \u00c7anta \u0130malat\u0131","twitter_card":"summary_large_image","schema":{"@context":"https:\/\/schema.org","@graph":[{"@type":"WebPage","@id":"https:\/\/www.teknocanta.com\/borsa-da-sella-postman\/","url":"https:\/\/www.teknocanta.com\/borsa-da-sella-postman\/","name":"Borsa da sella Postman - Tekno \u00c7anta - Promosyon Toptan \u00c7anta \u0130malat\u0131","isPartOf":{"@id":"https:\/\/www.teknocanta.com\/#website"},"primaryImageOfPage":{"@id":"https:\/\/www.teknocanta.com\/borsa-da-sella-postman\/#primaryimage"},"image":{"@id":"https:\/\/www.teknocanta.com\/borsa-da-sella-postman\/#primaryimage"},"thumbnailUrl":"https:\/\/www.teknocanta.com\/wp-content\/uploads\/2021\/10\/AV010_postacheybetipicanta.jpg","datePublished":"2021-10-14T12:55:39+00:00","breadcrumb":{"@id":"https:\/\/www.teknocanta.com\/borsa-da-sella-postman\/#breadcrumb"},"inLanguage":"it-IT","potentialAction":[{"@type":"ReadAction","target":["https:\/\/www.teknocanta.com\/borsa-da-sella-postman\/"]}]},{"@type":"ImageObject","inLanguage":"it-IT","@id":"https:\/\/www.teknocanta.com\/borsa-da-sella-postman\/#primaryimage","url":"https:\/\/www.teknocanta.com\/wp-content\/uploads\/2021\/10\/AV010_postacheybetipicanta.jpg","contentUrl":"https:\/\/www.teknocanta.com\/wp-content\/uploads\/2021\/10\/AV010_postacheybetipicanta.jpg","width":600,"height":600},{"@type":"BreadcrumbList","@id":"https:\/\/www.teknocanta.com\/borsa-da-sella-postman\/#breadcrumb","itemListElement":[{"@type":"ListItem","position":1,"name":"Ana sayfa","item":"https:\/\/www.teknocanta.com\/it\/"},{"@type":"ListItem","position":2,"name":"\u00dcr\u00fcnler","item":"https:\/\/www.teknocanta.com\/urunler\/"},{"@type":"ListItem","position":3,"name":"Borsa da sella Postman"}]},{"@type":"WebSite","@id":"https:\/\/www.teknocanta.com\/#website","url":"https:\/\/www.teknocanta.com\/","name":"Tekno \u00c7anta - Promosyon Toptan \u00c7anta \u0130malat\u0131","description":"Toptan \u00e7anta imalat\u0131, ham bez \u00e7anta, s\u0131rt \u00e7antalar\u0131, laptop ve evrak \u00e7antalar\u0131, kongre \u00e7antalar\u0131, fuar \u00e7antas\u0131 ve ipli b\u00fczg\u00fcl\u00fc \u00e7anta imalat\u0131 yapmaktay\u0131z.","potentialAction":[{"@type":"SearchAction","target":{"@type":"EntryPoint","urlTemplate":"https:\/\/www.teknocanta.com\/?s={search_term_string}"},"query-input":{"@type":"PropertyValueSpecification","valueRequired":true,"valueName":"search_term_string"}}],"inLanguage":"it-IT"}]}},"_links":{"self":[{"href":"https:\/\/www.teknocanta.com\/it\/wp-json\/wp\/v2\/product\/44682","targetHints":{"allow":["GET"]}}],"collection":[{"href":"https:\/\/www.teknocanta.com\/it\/wp-json\/wp\/v2\/product"}],"about":[{"href":"https:\/\/www.teknocanta.com\/it\/wp-json\/wp\/v2\/types\/product"}],"replies":[{"embeddable":true,"href":"https:\/\/www.teknocanta.com\/it\/wp-json\/wp\/v2\/comments?post=44682"}],"wp:featuredmedia":[{"embeddable":true,"href":"https:\/\/www.teknocanta.com\/it\/wp-json\/wp\/v2\/media\/42252"}],"wp:attachment":[{"href":"https:\/\/www.teknocanta.com\/it\/wp-json\/wp\/v2\/media?parent=44682"}],"wp:term":[{"taxonomy":"product_brand","embeddable":true,"href":"https:\/\/www.teknocanta.com\/it\/wp-json\/wp\/v2\/product_brand?post=44682"},{"taxonomy":"product_cat","embeddable":true,"href":"https:\/\/www.teknocanta.com\/it\/wp-json\/wp\/v2\/product_cat?post=44682"},{"taxonomy":"product_tag","embeddable":true,"href":"https:\/\/www.teknocanta.com\/it\/wp-json\/wp\/v2\/product_tag?post=44682"}],"curies":[{"name":"wp","href":"https:\/\/api.w.org\/{rel}","templated":true}]}}