{"id":44673,"date":"2021-10-14T15:56:01","date_gmt":"2021-10-14T12:56:01","guid":{"rendered":"https:\/\/www.teknocanta.com\/promozione-zaino\/"},"modified":"2021-10-14T15:56:01","modified_gmt":"2021-10-14T12:56:01","slug":"zaino-promozione","status":"publish","type":"product","link":"https:\/\/www.teknocanta.com\/it\/prodotto\/zaino-promozione\/","title":{"rendered":"Promozione zaino"},"content":{"rendered":"<p class=\"MsoNormal\" style=\"line-height: normal; margin-bottom: 0pt;\"><font color=\"#6e6f70\" face=\"Verdana, serif, arial\"><span style=\"font-size: 12px;\">Promozione zaino<\/span><\/font><\/p>\n<p class=\"MsoNormal\" style=\"line-height: normal; margin-bottom: 0pt;\"><span style=\"color: rgb(110, 111, 112); font-family: Verdana, serif, arial; font-size: 9pt;\"><br \/><\/span><\/p>\n<p class=\"MsoNormal\" style=\"line-height: normal; margin-bottom: 0pt;\"><span style=\"color: rgb(110, 111, 112); font-family: Verdana, serif, arial; font-size: 9pt;\">Il prezzo \u00e8 indicato per 500 pezzi. L&#8217;IVA dell&#8217;8% e le spese di stampa non sono incluse nel prezzo. Per le vostre richieste di prezzo in quantit\u00e0 diverse, potete richiedere un prezzo inviando una e-mail al nostro indirizzo di posta elettronica nella sezione contatti. Per produzioni speciali a partire da 150 pezzi, \u00e8 possibile cambiare il colore del tessuto, della fodera e della cerniera.<\/span><\/p>\n<p class=\"MsoNormal\" style=\"color: rgb(110, 111, 112); line-height: normal; font-family: Verdana, serif, arial; font-size: 14px; margin-bottom: 0pt;\"><span style=\"font-size: 9pt;\"><br \/><\/span><\/p>\n<p class=\"MsoNormal\" style=\"color: rgb(110, 111, 112); line-height: normal; font-family: Verdana, serif, arial; font-size: 14px; margin-bottom: 0pt;\"><span style=\"font-size: 9pt;\">si tratta di un prodotto in stock, \u00e8 possibile ordinare la quantit\u00e0 desiderata dal magazzino, la borsa ha 3 colori diversi,&nbsp;<\/span><\/p>\n<p class=\"MsoNormal\" style=\"color: rgb(110, 111, 112); line-height: normal; font-family: Verdana, serif, arial; font-size: 14px; margin-bottom: 0pt;\"><span style=\"font-size: 9pt;\"><br \/><\/span><\/p>\n<p class=\"MsoNormal\" style=\"color: rgb(110, 111, 112); line-height: normal; font-family: Verdana, serif, arial; font-size: 14px; margin-bottom: 0pt;\"><span style=\"font-size: 9pt;\"><\/span><\/p>\n<p class=\"MsoNormal\" style=\"color: rgb(110, 111, 112); line-height: normal; font-family: Verdana, serif, arial; font-size: 14px; margin-bottom: 0pt;\"><span style=\"font-size: 9pt;\">Dimensioni della&nbsp; Le dimensioni sono 40x30x10 cm. Lo zaino \u00e8 composto da 3 scomparti principali. Si utilizza schiuma di 8 mm di spessore e cerniere di qualit\u00e0 di tipo 8.&nbsp;<\/span><span style=\"font-size: 9pt;\">Nella borsa \u00e8 presente uno scomparto per il computer portatile. Realizzato in tessuto impermeabile di lino imperteks. Il tessuto impertex 270 denari \u00e8 utilizzato per la fodera interna.<\/span><\/p>\n<p class=\"MsoNormal\" style=\"color: rgb(110, 111, 112); line-height: normal; font-family: Verdana, serif, arial; font-size: 14px; margin-bottom: 0pt;\"><span style=\"font-size: 9pt;\"><br \/>La stampa a trasferimento o serigrafica pu\u00f2 essere effettuata all&#8217;interno o all&#8217;esterno della borsa. La quantit\u00e0 dell&#8217;ordine deve essere di almeno 150 pezzi per la stampa del ricamo.<o:p><\/o:p><\/span><\/p>\n<p class=\"MsoNormal\" style=\"color: rgb(110, 111, 112); line-height: normal; font-family: Verdana, serif, arial; font-size: 14px; margin-bottom: 0pt;\"><span style=\"font-size: 9pt;\">I tempi di produzione degli zaini promozionali sono in media di 10 giorni, ma possono essere anticipati a seconda dell&#8217;importanza del lavoro.&nbsp;<o:p><\/o:p><\/span><\/p>\n<p class=\"MsoNormal\" style=\"color: rgb(110, 111, 112); line-height: normal; font-family: Verdana, serif, arial; font-size: 14px; margin-bottom: 0pt;\"><span style=\"font-size: 9pt;\">I prodotti in stock possono essere consegnati il giorno stesso senza stampa. Se i prodotti in stock vengono stampati, possono essere necessari alcuni giorni a seconda della situazione. Si prega di ottenere informazioni aggiornate sulle scorte.<\/p>\n<p>Gli zaini promozionali sono un utile prodotto promozionale che potete utilizzare in tutti i tipi di eventi, come congressi, simposi e seminari, per scopi promozionali e che potete regalare ai vostri clienti.<\/span><\/p>\n","protected":false},"excerpt":{"rendered":"<p>Promozione zaino Il prezzo \u00e8 indicato per 500 pezzi. L&#8217;IVA dell&#8217;8% e le spese di stampa non sono incluse nel prezzo. Per le vostre richieste di prezzo in quantit\u00e0 diverse, potete richiedere un prezzo inviando una e-mail al nostro indirizzo di posta elettronica nella sezione contatti. Per produzioni speciali a partire da 150 pezzi, \u00e8&hellip;<\/p>\n","protected":false},"featured_media":42279,"comment_status":"open","ping_status":"closed","template":"","meta":[],"product_brand":[],"product_cat":[1364,1377,1375],"product_tag":[1833,1586,1840,1839,1831,1835,1827,1829,1838,1834,1843,1832,1450,1837,1841,1830,1842,1836,1828],"class_list":{"0":"post-44673","1":"product","2":"type-product","3":"status-publish","4":"has-post-thumbnail","6":"product_cat-borsa-per-congressi-e-simposi","7":"product_cat-borse-rifornite","8":"product_cat-zaino","9":"product_tag-aziende-di-borse-promozionali","10":"product_tag-aziende-produttrici-di-borse","11":"product_tag-borsa-congressi-istanbul","12":"product_tag-borsa-da-conferenza","13":"product_tag-borsa-del-congresso","14":"product_tag-borsa-del-simposio","15":"product_tag-borsa-per-seminari","16":"product_tag-borsa-promozionale-per-congressi","17":"product_tag-borse-di-qualita-allingrosso-it","18":"product_tag-borse-promozionali","19":"product_tag-grossisti-di-borse-istoc","20":"product_tag-prezzi-degli-zaini-promozionali","21":"product_tag-produttori-di-borse","22":"product_tag-stampa-della-borsa-dello-zaino","23":"product_tag-zaino-con-scomparto-per-laptop-a-buon-mercato","24":"product_tag-zaino-del-congresso","25":"product_tag-zaino-istoc","26":"product_tag-zaino-per-laptop-it","27":"product_tag-zaino-promozionale","28":"description-off","30":"first","31":"instock","32":"shipping-taxable","33":"purchasable","34":"product-type-simple"},"yoast_head":"<!-- This site is optimized with the Yoast SEO plugin v26.6 - https:\/\/yoast.com\/wordpress\/plugins\/seo\/ -->\n<title>Promozione zaino - Tekno \u00c7anta - Promosyon Toptan \u00c7anta \u0130malat\u0131<\/title>\n<meta name=\"robots\" content=\"index, follow, max-snippet:-1, max-image-preview:large, max-video-preview:-1\" \/>\n<link rel=\"canonical\" href=\"https:\/\/www.teknocanta.com\/promozione-zaino\/\" \/>\n<meta property=\"og:locale\" content=\"it_IT\" \/>\n<meta property=\"og:type\" content=\"article\" \/>\n<meta property=\"og:title\" content=\"Promozione zaino - Tekno \u00c7anta - Promosyon Toptan \u00c7anta \u0130malat\u0131\" \/>\n<meta property=\"og:description\" content=\"Promozione zaino Il prezzo \u00e8 indicato per 500 pezzi. L&#8217;IVA dell&#8217;8% e le spese di stampa non sono incluse nel prezzo. Per le vostre richieste di prezzo in quantit\u00e0 diverse, potete richiedere un prezzo inviando una e-mail al nostro indirizzo di posta elettronica nella sezione contatti. Per produzioni speciali a partire da 150 pezzi, \u00e8&hellip;\" \/>\n<meta property=\"og:url\" content=\"https:\/\/www.teknocanta.com\/promozione-zaino\/\" \/>\n<meta property=\"og:site_name\" content=\"Tekno \u00c7anta - Promosyon Toptan \u00c7anta \u0130malat\u0131\" \/>\n<meta name=\"twitter:card\" content=\"summary_large_image\" \/>\n<meta name=\"twitter:label1\" content=\"Tempo di lettura stimato\" \/>\n\t<meta name=\"twitter:data1\" content=\"1 minuto\" \/>\n<script type=\"application\/ld+json\" class=\"yoast-schema-graph\">{\"@context\":\"https:\/\/schema.org\",\"@graph\":[{\"@type\":\"WebPage\",\"@id\":\"https:\/\/www.teknocanta.com\/promozione-zaino\/\",\"url\":\"https:\/\/www.teknocanta.com\/promozione-zaino\/\",\"name\":\"Promozione zaino - Tekno \u00c7anta - Promosyon Toptan \u00c7anta \u0130malat\u0131\",\"isPartOf\":{\"@id\":\"https:\/\/www.teknocanta.com\/#website\"},\"primaryImageOfPage\":{\"@id\":\"https:\/\/www.teknocanta.com\/promozione-zaino\/#primaryimage\"},\"image\":{\"@id\":\"https:\/\/www.teknocanta.com\/promozione-zaino\/#primaryimage\"},\"thumbnailUrl\":\"https:\/\/www.teknocanta.com\/wp-content\/uploads\/2021\/10\/sirtcantasipromosyon5.jpeg\",\"datePublished\":\"2021-10-14T12:56:01+00:00\",\"breadcrumb\":{\"@id\":\"https:\/\/www.teknocanta.com\/promozione-zaino\/#breadcrumb\"},\"inLanguage\":\"it-IT\",\"potentialAction\":[{\"@type\":\"ReadAction\",\"target\":[\"https:\/\/www.teknocanta.com\/promozione-zaino\/\"]}]},{\"@type\":\"ImageObject\",\"inLanguage\":\"it-IT\",\"@id\":\"https:\/\/www.teknocanta.com\/promozione-zaino\/#primaryimage\",\"url\":\"https:\/\/www.teknocanta.com\/wp-content\/uploads\/2021\/10\/sirtcantasipromosyon5.jpeg\",\"contentUrl\":\"https:\/\/www.teknocanta.com\/wp-content\/uploads\/2021\/10\/sirtcantasipromosyon5.jpeg\",\"width\":841,\"height\":1012},{\"@type\":\"BreadcrumbList\",\"@id\":\"https:\/\/www.teknocanta.com\/promozione-zaino\/#breadcrumb\",\"itemListElement\":[{\"@type\":\"ListItem\",\"position\":1,\"name\":\"Ana sayfa\",\"item\":\"https:\/\/www.teknocanta.com\/it\/\"},{\"@type\":\"ListItem\",\"position\":2,\"name\":\"\u00dcr\u00fcnler\",\"item\":\"https:\/\/www.teknocanta.com\/urunler\/\"},{\"@type\":\"ListItem\",\"position\":3,\"name\":\"Promozione zaino\"}]},{\"@type\":\"WebSite\",\"@id\":\"https:\/\/www.teknocanta.com\/#website\",\"url\":\"https:\/\/www.teknocanta.com\/\",\"name\":\"Tekno \u00c7anta - Promosyon Toptan \u00c7anta \u0130malat\u0131\",\"description\":\"Toptan \u00e7anta imalat\u0131, ham bez \u00e7anta, s\u0131rt \u00e7antalar\u0131, laptop ve evrak \u00e7antalar\u0131, kongre \u00e7antalar\u0131, fuar \u00e7antas\u0131 ve ipli b\u00fczg\u00fcl\u00fc \u00e7anta imalat\u0131 yapmaktay\u0131z.\",\"potentialAction\":[{\"@type\":\"SearchAction\",\"target\":{\"@type\":\"EntryPoint\",\"urlTemplate\":\"https:\/\/www.teknocanta.com\/?s={search_term_string}\"},\"query-input\":{\"@type\":\"PropertyValueSpecification\",\"valueRequired\":true,\"valueName\":\"search_term_string\"}}],\"inLanguage\":\"it-IT\"}]}<\/script>\n<!-- \/ Yoast SEO plugin. -->","yoast_head_json":{"title":"Promozione zaino - Tekno \u00c7anta - Promosyon Toptan \u00c7anta \u0130malat\u0131","robots":{"index":"index","follow":"follow","max-snippet":"max-snippet:-1","max-image-preview":"max-image-preview:large","max-video-preview":"max-video-preview:-1"},"canonical":"https:\/\/www.teknocanta.com\/promozione-zaino\/","og_locale":"it_IT","og_type":"article","og_title":"Promozione zaino - Tekno \u00c7anta - Promosyon Toptan \u00c7anta \u0130malat\u0131","og_description":"Promozione zaino Il prezzo \u00e8 indicato per 500 pezzi. L&#8217;IVA dell&#8217;8% e le spese di stampa non sono incluse nel prezzo. Per le vostre richieste di prezzo in quantit\u00e0 diverse, potete richiedere un prezzo inviando una e-mail al nostro indirizzo di posta elettronica nella sezione contatti. Per produzioni speciali a partire da 150 pezzi, \u00e8&hellip;","og_url":"https:\/\/www.teknocanta.com\/promozione-zaino\/","og_site_name":"Tekno \u00c7anta - Promosyon Toptan \u00c7anta \u0130malat\u0131","twitter_card":"summary_large_image","twitter_misc":{"Tempo di lettura stimato":"1 minuto"},"schema":{"@context":"https:\/\/schema.org","@graph":[{"@type":"WebPage","@id":"https:\/\/www.teknocanta.com\/promozione-zaino\/","url":"https:\/\/www.teknocanta.com\/promozione-zaino\/","name":"Promozione zaino - Tekno \u00c7anta - Promosyon Toptan \u00c7anta \u0130malat\u0131","isPartOf":{"@id":"https:\/\/www.teknocanta.com\/#website"},"primaryImageOfPage":{"@id":"https:\/\/www.teknocanta.com\/promozione-zaino\/#primaryimage"},"image":{"@id":"https:\/\/www.teknocanta.com\/promozione-zaino\/#primaryimage"},"thumbnailUrl":"https:\/\/www.teknocanta.com\/wp-content\/uploads\/2021\/10\/sirtcantasipromosyon5.jpeg","datePublished":"2021-10-14T12:56:01+00:00","breadcrumb":{"@id":"https:\/\/www.teknocanta.com\/promozione-zaino\/#breadcrumb"},"inLanguage":"it-IT","potentialAction":[{"@type":"ReadAction","target":["https:\/\/www.teknocanta.com\/promozione-zaino\/"]}]},{"@type":"ImageObject","inLanguage":"it-IT","@id":"https:\/\/www.teknocanta.com\/promozione-zaino\/#primaryimage","url":"https:\/\/www.teknocanta.com\/wp-content\/uploads\/2021\/10\/sirtcantasipromosyon5.jpeg","contentUrl":"https:\/\/www.teknocanta.com\/wp-content\/uploads\/2021\/10\/sirtcantasipromosyon5.jpeg","width":841,"height":1012},{"@type":"BreadcrumbList","@id":"https:\/\/www.teknocanta.com\/promozione-zaino\/#breadcrumb","itemListElement":[{"@type":"ListItem","position":1,"name":"Ana sayfa","item":"https:\/\/www.teknocanta.com\/it\/"},{"@type":"ListItem","position":2,"name":"\u00dcr\u00fcnler","item":"https:\/\/www.teknocanta.com\/urunler\/"},{"@type":"ListItem","position":3,"name":"Promozione zaino"}]},{"@type":"WebSite","@id":"https:\/\/www.teknocanta.com\/#website","url":"https:\/\/www.teknocanta.com\/","name":"Tekno \u00c7anta - Promosyon Toptan \u00c7anta \u0130malat\u0131","description":"Toptan \u00e7anta imalat\u0131, ham bez \u00e7anta, s\u0131rt \u00e7antalar\u0131, laptop ve evrak \u00e7antalar\u0131, kongre \u00e7antalar\u0131, fuar \u00e7antas\u0131 ve ipli b\u00fczg\u00fcl\u00fc \u00e7anta imalat\u0131 yapmaktay\u0131z.","potentialAction":[{"@type":"SearchAction","target":{"@type":"EntryPoint","urlTemplate":"https:\/\/www.teknocanta.com\/?s={search_term_string}"},"query-input":{"@type":"PropertyValueSpecification","valueRequired":true,"valueName":"search_term_string"}}],"inLanguage":"it-IT"}]}},"_links":{"self":[{"href":"https:\/\/www.teknocanta.com\/it\/wp-json\/wp\/v2\/product\/44673","targetHints":{"allow":["GET"]}}],"collection":[{"href":"https:\/\/www.teknocanta.com\/it\/wp-json\/wp\/v2\/product"}],"about":[{"href":"https:\/\/www.teknocanta.com\/it\/wp-json\/wp\/v2\/types\/product"}],"replies":[{"embeddable":true,"href":"https:\/\/www.teknocanta.com\/it\/wp-json\/wp\/v2\/comments?post=44673"}],"wp:featuredmedia":[{"embeddable":true,"href":"https:\/\/www.teknocanta.com\/it\/wp-json\/wp\/v2\/media\/42279"}],"wp:attachment":[{"href":"https:\/\/www.teknocanta.com\/it\/wp-json\/wp\/v2\/media?parent=44673"}],"wp:term":[{"taxonomy":"product_brand","embeddable":true,"href":"https:\/\/www.teknocanta.com\/it\/wp-json\/wp\/v2\/product_brand?post=44673"},{"taxonomy":"product_cat","embeddable":true,"href":"https:\/\/www.teknocanta.com\/it\/wp-json\/wp\/v2\/product_cat?post=44673"},{"taxonomy":"product_tag","embeddable":true,"href":"https:\/\/www.teknocanta.com\/it\/wp-json\/wp\/v2\/product_tag?post=44673"}],"curies":[{"name":"wp","href":"https:\/\/api.w.org\/{rel}","templated":true}]}}