{"id":44670,"date":"2021-10-14T15:56:01","date_gmt":"2021-10-14T12:56:01","guid":{"rendered":"https:\/\/www.teknocanta.com\/borsa-in-tela-grezza-con-soffietto-sul-fondo\/"},"modified":"2025-04-12T21:52:29","modified_gmt":"2025-04-12T18:52:29","slug":"borsa-di-base-ondulata-in-tela-grezza","status":"publish","type":"product","link":"https:\/\/www.teknocanta.com\/it\/prodotto\/borsa-di-base-ondulata-in-tela-grezza\/","title":{"rendered":"Borsa in tela grezza con soffietto sul fondo"},"content":{"rendered":"<div>Borsa in tela grezza con soffietto sul fondo<\/div>\n<div>Lunghezza 35 cm<\/div>\n<div>Altezza 40 cm&nbsp;<\/div>\n<div>Soffietto inferiore 8 cm<\/div>\n<div>46 fili\/140 gr. tessuto grezzo<\/div>\n<div>Modello con impugnatura lunga<\/div>\n<div>Tempo di produzione 7 giorni<\/div>\n<div><\/div>\n<div>Per le vostre richieste di prezzo in quantit\u00e0 e dimensioni diverse, potete richiedere un prezzo inviando una e-mail al nostro indirizzo di posta elettronica nella sezione contatti.<\/div>\n<div><\/div>\n<div>Se state pensando di ordinare una borsa a soffietto o se volete avere informazioni sui prezzi, inviate un&#8217;e-mail al nostro indirizzo di posta elettronica nella sezione contatti con la quantit\u00e0 ordinata, l&#8217;immagine da stampare sulla borsa e le informazioni sulle dimensioni, senza dimenticare di specificare se si tratta di un manico corto o lungo.<\/div>\n<div>Il numero di colori della stampa, la tecnica di stampa in base all&#8217;immagine da stampare e il numero di ordini sono i fattori che incidono sul prezzo. Il nostro rappresentante clienti vi risponder\u00e0 il prima possibile, il giorno stesso.&nbsp;<\/div>\n<div><\/div>\n<div>Lo spessore del tessuto utilizzato nelle borse a soffietto con base promozionale \u00e8 in media di 46 fili \/ 140 gr \/ m2. \u00c8 possibile scegliere la lunghezza dei manici delle borse tote grezze: manici lunghi con tracolla o manici corti con maniglie. Il formato preferito \u00e8 35x40x8 cm. \u00c8 possibile produrre in orizzontale e in verticale in diverse dimensioni.&nbsp;<\/div>\n<div><\/div>\n<div>Il tempo medio di produzione delle tote bag \u00e8 di una settimana, ma pu\u00f2 essere anticipato a seconda dell&#8217;importanza del lavoro. Le stampe monocolore o multicolore possono essere realizzate in base al numero di colori del vostro logo. \u00c8 possibile utilizzare diverse tecniche di stampa in base all&#8217;immagine da stampare. La stampa pu\u00f2 essere effettuata su un lato della borsa o su entrambi i lati. L&#8217;immagine da stampare sul sacchetto pu\u00f2 essere stampata su una parte o su tutto il sacchetto. Ekonomik olmas\u0131 a\u00e7\u0131s\u0131ndan Genelde tek renk tek taraf bask\u0131 tercih edilmektedir,&nbsp;<\/div>\n<div><\/div>\n<div>I sacchetti di tela grezza a soffietto sono uno dei tipi di sacchetti preferiti perch\u00e9 sono riciclabili e rispettosi dell&#8217;ambiente. Le tote bag grezze sono nei loro colori naturali grezzi. In base alle preferenze del cliente, i tessuti in colori grezzi possono essere tinti nel colore desiderato. Bu durum fiyat\u0131 fazlaca art\u0131rd\u0131\u011f\u0131ndan dolay\u0131 \u00e7ok tercih edilen bir durum de\u011fildir. \u00c8 possibile lavare i sacchetti di tela grezza a mano o in lavatrice; il lavaggio del prodotto non causer\u00e0 il distacco della stampa.<\/div>\n<div><\/div>\n<div>Le tote bag promozionali sono un utile prodotto promozionale che potete utilizzare in tutti i tipi di eventi, come fiere e simposi, per scopi promozionali e che potete regalare ai vostri clienti.<\/div>\n<div><\/div>\n<div>Possiamo consegnare i prodotti in base alla sede della vostra azienda o consegnarli in tutta la Turchia con la nostra societ\u00e0 di trasporto merci.<\/div>\n<div><\/div>\n","protected":false},"excerpt":{"rendered":"<p>Borsa in tela grezza con soffietto sul fondo Lunghezza 35 cm Altezza 40 cm&nbsp; Soffietto inferiore 8 cm 46 fili\/140 gr. tessuto grezzo Modello con impugnatura lunga Tempo di produzione 7 giorni Per le vostre richieste di prezzo in quantit\u00e0 e dimensioni diverse, potete richiedere un prezzo inviando una e-mail al nostro indirizzo di posta&hellip;<\/p>\n","protected":false},"featured_media":42276,"comment_status":"open","ping_status":"closed","template":"","meta":[],"product_brand":[],"product_cat":[1393],"product_tag":[1787,1788,1790,1792,1791,1749,1789],"class_list":{"0":"post-44670","1":"product","2":"type-product","3":"status-publish","4":"has-post-thumbnail","6":"product_cat-borsa-in-tela-grezza","7":"product_tag-borsa-di-stoffa-istanbul","8":"product_tag-borsa-di-tela-allingrosso","9":"product_tag-borsa-di-tela-istoc","10":"product_tag-borsa-tote-stampata","11":"product_tag-produttori-di-borse-in-tessuto","12":"product_tag-produzione-di-borse-di-tela","13":"product_tag-produzione-di-borse-di-tela-a-istanbul","14":"description-off","16":"first","17":"instock","18":"shipping-taxable","19":"purchasable","20":"product-type-simple"},"yoast_head":"<!-- This site is optimized with the Yoast SEO plugin v26.6 - https:\/\/yoast.com\/wordpress\/plugins\/seo\/ -->\n<title>Borsa in tela grezza con soffietto sul fondo - Tekno \u00c7anta - Promosyon Toptan \u00c7anta \u0130malat\u0131<\/title>\n<meta name=\"robots\" content=\"index, follow, max-snippet:-1, max-image-preview:large, max-video-preview:-1\" \/>\n<link rel=\"canonical\" href=\"https:\/\/www.teknocanta.com\/borsa-in-tela-grezza-con-soffietto-sul-fondo\/\" \/>\n<meta property=\"og:locale\" content=\"it_IT\" \/>\n<meta property=\"og:type\" content=\"article\" \/>\n<meta property=\"og:title\" content=\"Borsa in tela grezza con soffietto sul fondo - Tekno \u00c7anta - Promosyon Toptan \u00c7anta \u0130malat\u0131\" \/>\n<meta property=\"og:description\" content=\"Borsa in tela grezza con soffietto sul fondo Lunghezza 35 cm Altezza 40 cm&nbsp; Soffietto inferiore 8 cm 46 fili\/140 gr. tessuto grezzo Modello con impugnatura lunga Tempo di produzione 7 giorni Per le vostre richieste di prezzo in quantit\u00e0 e dimensioni diverse, potete richiedere un prezzo inviando una e-mail al nostro indirizzo di posta&hellip;\" \/>\n<meta property=\"og:url\" content=\"https:\/\/www.teknocanta.com\/borsa-in-tela-grezza-con-soffietto-sul-fondo\/\" \/>\n<meta property=\"og:site_name\" content=\"Tekno \u00c7anta - Promosyon Toptan \u00c7anta \u0130malat\u0131\" \/>\n<meta property=\"article:modified_time\" content=\"2025-04-12T18:52:29+00:00\" \/>\n<meta name=\"twitter:card\" content=\"summary_large_image\" \/>\n<meta name=\"twitter:label1\" content=\"Tempo di lettura stimato\" \/>\n\t<meta name=\"twitter:data1\" content=\"2 minuti\" \/>\n<script type=\"application\/ld+json\" class=\"yoast-schema-graph\">{\"@context\":\"https:\/\/schema.org\",\"@graph\":[{\"@type\":\"WebPage\",\"@id\":\"https:\/\/www.teknocanta.com\/borsa-in-tela-grezza-con-soffietto-sul-fondo\/\",\"url\":\"https:\/\/www.teknocanta.com\/borsa-in-tela-grezza-con-soffietto-sul-fondo\/\",\"name\":\"Borsa in tela grezza con soffietto sul fondo - Tekno \u00c7anta - Promosyon Toptan \u00c7anta \u0130malat\u0131\",\"isPartOf\":{\"@id\":\"https:\/\/www.teknocanta.com\/#website\"},\"primaryImageOfPage\":{\"@id\":\"https:\/\/www.teknocanta.com\/borsa-in-tela-grezza-con-soffietto-sul-fondo\/#primaryimage\"},\"image\":{\"@id\":\"https:\/\/www.teknocanta.com\/borsa-in-tela-grezza-con-soffietto-sul-fondo\/#primaryimage\"},\"thumbnailUrl\":\"https:\/\/www.teknocanta.com\/wp-content\/uploads\/2021\/10\/taban_koruklu_ham_bez_canta500x550.jpg\",\"datePublished\":\"2021-10-14T12:56:01+00:00\",\"dateModified\":\"2025-04-12T18:52:29+00:00\",\"breadcrumb\":{\"@id\":\"https:\/\/www.teknocanta.com\/borsa-in-tela-grezza-con-soffietto-sul-fondo\/#breadcrumb\"},\"inLanguage\":\"it-IT\",\"potentialAction\":[{\"@type\":\"ReadAction\",\"target\":[\"https:\/\/www.teknocanta.com\/borsa-in-tela-grezza-con-soffietto-sul-fondo\/\"]}]},{\"@type\":\"ImageObject\",\"inLanguage\":\"it-IT\",\"@id\":\"https:\/\/www.teknocanta.com\/borsa-in-tela-grezza-con-soffietto-sul-fondo\/#primaryimage\",\"url\":\"https:\/\/www.teknocanta.com\/wp-content\/uploads\/2021\/10\/taban_koruklu_ham_bez_canta500x550.jpg\",\"contentUrl\":\"https:\/\/www.teknocanta.com\/wp-content\/uploads\/2021\/10\/taban_koruklu_ham_bez_canta500x550.jpg\",\"width\":500,\"height\":550},{\"@type\":\"BreadcrumbList\",\"@id\":\"https:\/\/www.teknocanta.com\/borsa-in-tela-grezza-con-soffietto-sul-fondo\/#breadcrumb\",\"itemListElement\":[{\"@type\":\"ListItem\",\"position\":1,\"name\":\"Ana sayfa\",\"item\":\"https:\/\/www.teknocanta.com\/it\/\"},{\"@type\":\"ListItem\",\"position\":2,\"name\":\"\u00dcr\u00fcnler\",\"item\":\"https:\/\/www.teknocanta.com\/urunler\/\"},{\"@type\":\"ListItem\",\"position\":3,\"name\":\"Borsa in tela grezza con soffietto sul fondo\"}]},{\"@type\":\"WebSite\",\"@id\":\"https:\/\/www.teknocanta.com\/#website\",\"url\":\"https:\/\/www.teknocanta.com\/\",\"name\":\"Tekno \u00c7anta - Promosyon Toptan \u00c7anta \u0130malat\u0131\",\"description\":\"Toptan \u00e7anta imalat\u0131, ham bez \u00e7anta, s\u0131rt \u00e7antalar\u0131, laptop ve evrak \u00e7antalar\u0131, kongre \u00e7antalar\u0131, fuar \u00e7antas\u0131 ve ipli b\u00fczg\u00fcl\u00fc \u00e7anta imalat\u0131 yapmaktay\u0131z.\",\"potentialAction\":[{\"@type\":\"SearchAction\",\"target\":{\"@type\":\"EntryPoint\",\"urlTemplate\":\"https:\/\/www.teknocanta.com\/?s={search_term_string}\"},\"query-input\":{\"@type\":\"PropertyValueSpecification\",\"valueRequired\":true,\"valueName\":\"search_term_string\"}}],\"inLanguage\":\"it-IT\"}]}<\/script>\n<!-- \/ Yoast SEO plugin. -->","yoast_head_json":{"title":"Borsa in tela grezza con soffietto sul fondo - Tekno \u00c7anta - Promosyon Toptan \u00c7anta \u0130malat\u0131","robots":{"index":"index","follow":"follow","max-snippet":"max-snippet:-1","max-image-preview":"max-image-preview:large","max-video-preview":"max-video-preview:-1"},"canonical":"https:\/\/www.teknocanta.com\/borsa-in-tela-grezza-con-soffietto-sul-fondo\/","og_locale":"it_IT","og_type":"article","og_title":"Borsa in tela grezza con soffietto sul fondo - Tekno \u00c7anta - Promosyon Toptan \u00c7anta \u0130malat\u0131","og_description":"Borsa in tela grezza con soffietto sul fondo Lunghezza 35 cm Altezza 40 cm&nbsp; Soffietto inferiore 8 cm 46 fili\/140 gr. tessuto grezzo Modello con impugnatura lunga Tempo di produzione 7 giorni Per le vostre richieste di prezzo in quantit\u00e0 e dimensioni diverse, potete richiedere un prezzo inviando una e-mail al nostro indirizzo di posta&hellip;","og_url":"https:\/\/www.teknocanta.com\/borsa-in-tela-grezza-con-soffietto-sul-fondo\/","og_site_name":"Tekno \u00c7anta - Promosyon Toptan \u00c7anta \u0130malat\u0131","article_modified_time":"2025-04-12T18:52:29+00:00","twitter_card":"summary_large_image","twitter_misc":{"Tempo di lettura stimato":"2 minuti"},"schema":{"@context":"https:\/\/schema.org","@graph":[{"@type":"WebPage","@id":"https:\/\/www.teknocanta.com\/borsa-in-tela-grezza-con-soffietto-sul-fondo\/","url":"https:\/\/www.teknocanta.com\/borsa-in-tela-grezza-con-soffietto-sul-fondo\/","name":"Borsa in tela grezza con soffietto sul fondo - Tekno \u00c7anta - Promosyon Toptan \u00c7anta \u0130malat\u0131","isPartOf":{"@id":"https:\/\/www.teknocanta.com\/#website"},"primaryImageOfPage":{"@id":"https:\/\/www.teknocanta.com\/borsa-in-tela-grezza-con-soffietto-sul-fondo\/#primaryimage"},"image":{"@id":"https:\/\/www.teknocanta.com\/borsa-in-tela-grezza-con-soffietto-sul-fondo\/#primaryimage"},"thumbnailUrl":"https:\/\/www.teknocanta.com\/wp-content\/uploads\/2021\/10\/taban_koruklu_ham_bez_canta500x550.jpg","datePublished":"2021-10-14T12:56:01+00:00","dateModified":"2025-04-12T18:52:29+00:00","breadcrumb":{"@id":"https:\/\/www.teknocanta.com\/borsa-in-tela-grezza-con-soffietto-sul-fondo\/#breadcrumb"},"inLanguage":"it-IT","potentialAction":[{"@type":"ReadAction","target":["https:\/\/www.teknocanta.com\/borsa-in-tela-grezza-con-soffietto-sul-fondo\/"]}]},{"@type":"ImageObject","inLanguage":"it-IT","@id":"https:\/\/www.teknocanta.com\/borsa-in-tela-grezza-con-soffietto-sul-fondo\/#primaryimage","url":"https:\/\/www.teknocanta.com\/wp-content\/uploads\/2021\/10\/taban_koruklu_ham_bez_canta500x550.jpg","contentUrl":"https:\/\/www.teknocanta.com\/wp-content\/uploads\/2021\/10\/taban_koruklu_ham_bez_canta500x550.jpg","width":500,"height":550},{"@type":"BreadcrumbList","@id":"https:\/\/www.teknocanta.com\/borsa-in-tela-grezza-con-soffietto-sul-fondo\/#breadcrumb","itemListElement":[{"@type":"ListItem","position":1,"name":"Ana sayfa","item":"https:\/\/www.teknocanta.com\/it\/"},{"@type":"ListItem","position":2,"name":"\u00dcr\u00fcnler","item":"https:\/\/www.teknocanta.com\/urunler\/"},{"@type":"ListItem","position":3,"name":"Borsa in tela grezza con soffietto sul fondo"}]},{"@type":"WebSite","@id":"https:\/\/www.teknocanta.com\/#website","url":"https:\/\/www.teknocanta.com\/","name":"Tekno \u00c7anta - Promosyon Toptan \u00c7anta \u0130malat\u0131","description":"Toptan \u00e7anta imalat\u0131, ham bez \u00e7anta, s\u0131rt \u00e7antalar\u0131, laptop ve evrak \u00e7antalar\u0131, kongre \u00e7antalar\u0131, fuar \u00e7antas\u0131 ve ipli b\u00fczg\u00fcl\u00fc \u00e7anta imalat\u0131 yapmaktay\u0131z.","potentialAction":[{"@type":"SearchAction","target":{"@type":"EntryPoint","urlTemplate":"https:\/\/www.teknocanta.com\/?s={search_term_string}"},"query-input":{"@type":"PropertyValueSpecification","valueRequired":true,"valueName":"search_term_string"}}],"inLanguage":"it-IT"}]}},"_links":{"self":[{"href":"https:\/\/www.teknocanta.com\/it\/wp-json\/wp\/v2\/product\/44670","targetHints":{"allow":["GET"]}}],"collection":[{"href":"https:\/\/www.teknocanta.com\/it\/wp-json\/wp\/v2\/product"}],"about":[{"href":"https:\/\/www.teknocanta.com\/it\/wp-json\/wp\/v2\/types\/product"}],"replies":[{"embeddable":true,"href":"https:\/\/www.teknocanta.com\/it\/wp-json\/wp\/v2\/comments?post=44670"}],"wp:featuredmedia":[{"embeddable":true,"href":"https:\/\/www.teknocanta.com\/it\/wp-json\/wp\/v2\/media\/42276"}],"wp:attachment":[{"href":"https:\/\/www.teknocanta.com\/it\/wp-json\/wp\/v2\/media?parent=44670"}],"wp:term":[{"taxonomy":"product_brand","embeddable":true,"href":"https:\/\/www.teknocanta.com\/it\/wp-json\/wp\/v2\/product_brand?post=44670"},{"taxonomy":"product_cat","embeddable":true,"href":"https:\/\/www.teknocanta.com\/it\/wp-json\/wp\/v2\/product_cat?post=44670"},{"taxonomy":"product_tag","embeddable":true,"href":"https:\/\/www.teknocanta.com\/it\/wp-json\/wp\/v2\/product_tag?post=44670"}],"curies":[{"name":"wp","href":"https:\/\/api.w.org\/{rel}","templated":true}]}}