{"id":44661,"date":"2021-10-14T15:56:24","date_gmt":"2021-10-14T12:56:24","guid":{"rendered":"https:\/\/www.teknocanta.com\/borsa-da-spiaggia-in-gabardine\/"},"modified":"2021-10-14T15:56:24","modified_gmt":"2021-10-14T12:56:24","slug":"gabardine-beach-bag-2","status":"publish","type":"product","link":"https:\/\/www.teknocanta.com\/it\/prodotto\/gabardine-beach-bag-2\/","title":{"rendered":"Borsa da spiaggia in gabardine"},"content":{"rendered":"<div>Lunghezza 35 cm<\/div>\n<div>Altezza 40 cm<\/div>\n<div>Soffietto inferiore 8 cm&nbsp;<\/div>\n<div>280 tessuto gabardine<\/div>\n<div>manico lungo<\/div>\n<div>Tempo di produzione 7 giorni<\/div>\n<div><\/div>\n<div>Se state pensando di ordinare una borsa da spiaggia in tessuto gabardine o se volete avere informazioni sui prezzi, inviate un&#8217;e-mail al nostro indirizzo di posta elettronica nella sezione contatti con la quantit\u00e0 ordinata, l&#8217;immagine da stampare sulla borsa e le informazioni sulle dimensioni, senza dimenticare di specificare se si tratta di un manico corto o lungo. Il numero di colori della stampa, la tecnica di stampa in base all&#8217;immagine da stampare e il numero di ordini sono i fattori che incidono sul prezzo. Il nostro rappresentante clienti vi risponder\u00e0 il prima possibile, il giorno stesso.&nbsp;<\/div>\n<div>&nbsp;<\/div>\n<div>Gli spessori di tessuto utilizzati per le borse da spiaggia in tessuto gabardine promozionali hanno un peso medio di 170 gr\/mq. \u00c8 possibile scegliere la lunghezza dei manici delle borse tote grezze: manici lunghi con tracolla o manici corti con maniglie. Il formato preferito \u00e8 35&#215;40 cm. \u00c8 possibile produrre in orizzontale e in verticale in diverse dimensioni.&nbsp;<\/div>\n<div>&nbsp;<\/div>\n<div>Il tempo medio di produzione delle borse in tessuto Gabardine \u00e8 di una settimana, ma pu\u00f2 essere anticipato a seconda dell&#8217;importanza del lavoro. Le stampe monocolore o multicolore possono essere realizzate in base al numero di colori del vostro logo. \u00c8 possibile utilizzare diverse tecniche di stampa in base all&#8217;immagine da stampare. La stampa pu\u00f2 essere effettuata su un lato della borsa o su entrambi i lati. L&#8217;immagine da stampare sul sacchetto pu\u00f2 essere stampata su una parte o su tutto il sacchetto. Ekonomik olmas\u0131 a\u00e7\u0131s\u0131ndan Genelde tek renk tek taraf bask\u0131 tercih edilmektedir,&nbsp;<\/div>\n<div>&nbsp;<\/div>\n<div>Le borse in gabardine, realizzate al 100% in cotone, sono uno dei tipi di borse preferite perch\u00e9 si tratta di un prodotto riciclabile e rispettoso dell&#8217;ambiente. Le tote bag grezze sono nei loro colori naturali grezzi. In base alle preferenze del cliente, i tessuti in colori grezzi possono essere tinti nel colore desiderato. Bu durum fiyat\u0131 fazlaca art\u0131rd\u0131\u011f\u0131ndan dolay\u0131 \u00e7ok tercih edilen bir durum de\u011fildir. \u00c8 possibile lavare i sacchetti di tela grezza a mano o in lavatrice; il lavaggio del prodotto non causer\u00e0 il distacco della stampa.<\/div>\n<div>&nbsp;<\/div>\n<div>Le borse in gabardine sono un utile prodotto promozionale che potete utilizzare in tutti i tipi di eventi come fiere e simposi per scopi promozionali e che potete regalare ai vostri clienti,&nbsp;<\/div>\n<div>&nbsp;<\/div>\n<div>Possiamo consegnare i prodotti in base alla sede della vostra azienda o consegnarli in tutta la Turchia con la nostra societ\u00e0 di trasporto merci.<\/div>\n","protected":false},"excerpt":{"rendered":"<p>Lunghezza 35 cm Altezza 40 cm Soffietto inferiore 8 cm&nbsp; 280 tessuto gabardine manico lungo Tempo di produzione 7 giorni Se state pensando di ordinare una borsa da spiaggia in tessuto gabardine o se volete avere informazioni sui prezzi, inviate un&#8217;e-mail al nostro indirizzo di posta elettronica nella sezione contatti con la quantit\u00e0 ordinata, l&#8217;immagine&hellip;<\/p>\n","protected":false},"featured_media":42354,"comment_status":"open","ping_status":"closed","template":"","meta":[],"product_brand":[],"product_cat":[1393],"product_tag":[1751,1750,1749,1752,1753],"class_list":{"0":"post-44661","1":"product","2":"type-product","3":"status-publish","4":"has-post-thumbnail","6":"product_cat-borsa-in-tela-grezza","7":"product_tag-borsa-da-spiaggia-in-gabardine","8":"product_tag-borsa-di-tela-spessa","9":"product_tag-produzione-di-borse-di-tela","10":"product_tag-produzione-di-borse-in-gabardine","11":"product_tag-produzione-di-borse-in-tessuto-gabardine","12":"description-off","14":"first","15":"instock","16":"shipping-taxable","17":"purchasable","18":"product-type-simple"},"yoast_head":"<!-- This site is optimized with the Yoast SEO plugin v26.6 - https:\/\/yoast.com\/wordpress\/plugins\/seo\/ -->\n<title>Borsa da spiaggia in gabardine - Tekno \u00c7anta - Promosyon Toptan \u00c7anta \u0130malat\u0131<\/title>\n<meta name=\"robots\" content=\"index, follow, max-snippet:-1, max-image-preview:large, max-video-preview:-1\" \/>\n<link rel=\"canonical\" href=\"https:\/\/www.teknocanta.com\/borsa-da-spiaggia-in-gabardine\/\" \/>\n<meta property=\"og:locale\" content=\"it_IT\" \/>\n<meta property=\"og:type\" content=\"article\" \/>\n<meta property=\"og:title\" content=\"Borsa da spiaggia in gabardine - Tekno \u00c7anta - Promosyon Toptan \u00c7anta \u0130malat\u0131\" \/>\n<meta property=\"og:description\" content=\"Lunghezza 35 cm Altezza 40 cm Soffietto inferiore 8 cm&nbsp; 280 tessuto gabardine manico lungo Tempo di produzione 7 giorni Se state pensando di ordinare una borsa da spiaggia in tessuto gabardine o se volete avere informazioni sui prezzi, inviate un&#8217;e-mail al nostro indirizzo di posta elettronica nella sezione contatti con la quantit\u00e0 ordinata, l&#8217;immagine&hellip;\" \/>\n<meta property=\"og:url\" content=\"https:\/\/www.teknocanta.com\/borsa-da-spiaggia-in-gabardine\/\" \/>\n<meta property=\"og:site_name\" content=\"Tekno \u00c7anta - Promosyon Toptan \u00c7anta \u0130malat\u0131\" \/>\n<meta name=\"twitter:card\" content=\"summary_large_image\" \/>\n<meta name=\"twitter:label1\" content=\"Tempo di lettura stimato\" \/>\n\t<meta name=\"twitter:data1\" content=\"2 minuti\" \/>\n<script type=\"application\/ld+json\" class=\"yoast-schema-graph\">{\"@context\":\"https:\/\/schema.org\",\"@graph\":[{\"@type\":\"WebPage\",\"@id\":\"https:\/\/www.teknocanta.com\/borsa-da-spiaggia-in-gabardine\/\",\"url\":\"https:\/\/www.teknocanta.com\/borsa-da-spiaggia-in-gabardine\/\",\"name\":\"Borsa da spiaggia in gabardine - Tekno \u00c7anta - Promosyon Toptan \u00c7anta \u0130malat\u0131\",\"isPartOf\":{\"@id\":\"https:\/\/www.teknocanta.com\/#website\"},\"primaryImageOfPage\":{\"@id\":\"https:\/\/www.teknocanta.com\/borsa-da-spiaggia-in-gabardine\/#primaryimage\"},\"image\":{\"@id\":\"https:\/\/www.teknocanta.com\/borsa-da-spiaggia-in-gabardine\/#primaryimage\"},\"thumbnailUrl\":\"https:\/\/www.teknocanta.com\/wp-content\/uploads\/2021\/10\/gabardin_plaj_cantasi_3.jpg\",\"datePublished\":\"2021-10-14T12:56:24+00:00\",\"breadcrumb\":{\"@id\":\"https:\/\/www.teknocanta.com\/borsa-da-spiaggia-in-gabardine\/#breadcrumb\"},\"inLanguage\":\"it-IT\",\"potentialAction\":[{\"@type\":\"ReadAction\",\"target\":[\"https:\/\/www.teknocanta.com\/borsa-da-spiaggia-in-gabardine\/\"]}]},{\"@type\":\"ImageObject\",\"inLanguage\":\"it-IT\",\"@id\":\"https:\/\/www.teknocanta.com\/borsa-da-spiaggia-in-gabardine\/#primaryimage\",\"url\":\"https:\/\/www.teknocanta.com\/wp-content\/uploads\/2021\/10\/gabardin_plaj_cantasi_3.jpg\",\"contentUrl\":\"https:\/\/www.teknocanta.com\/wp-content\/uploads\/2021\/10\/gabardin_plaj_cantasi_3.jpg\",\"width\":780,\"height\":794},{\"@type\":\"BreadcrumbList\",\"@id\":\"https:\/\/www.teknocanta.com\/borsa-da-spiaggia-in-gabardine\/#breadcrumb\",\"itemListElement\":[{\"@type\":\"ListItem\",\"position\":1,\"name\":\"Ana sayfa\",\"item\":\"https:\/\/www.teknocanta.com\/it\/\"},{\"@type\":\"ListItem\",\"position\":2,\"name\":\"\u00dcr\u00fcnler\",\"item\":\"https:\/\/www.teknocanta.com\/urunler\/\"},{\"@type\":\"ListItem\",\"position\":3,\"name\":\"Borsa da spiaggia in gabardine\"}]},{\"@type\":\"WebSite\",\"@id\":\"https:\/\/www.teknocanta.com\/#website\",\"url\":\"https:\/\/www.teknocanta.com\/\",\"name\":\"Tekno \u00c7anta - Promosyon Toptan \u00c7anta \u0130malat\u0131\",\"description\":\"Toptan \u00e7anta imalat\u0131, ham bez \u00e7anta, s\u0131rt \u00e7antalar\u0131, laptop ve evrak \u00e7antalar\u0131, kongre \u00e7antalar\u0131, fuar \u00e7antas\u0131 ve ipli b\u00fczg\u00fcl\u00fc \u00e7anta imalat\u0131 yapmaktay\u0131z.\",\"potentialAction\":[{\"@type\":\"SearchAction\",\"target\":{\"@type\":\"EntryPoint\",\"urlTemplate\":\"https:\/\/www.teknocanta.com\/?s={search_term_string}\"},\"query-input\":{\"@type\":\"PropertyValueSpecification\",\"valueRequired\":true,\"valueName\":\"search_term_string\"}}],\"inLanguage\":\"it-IT\"}]}<\/script>\n<!-- \/ Yoast SEO plugin. -->","yoast_head_json":{"title":"Borsa da spiaggia in gabardine - Tekno \u00c7anta - Promosyon Toptan \u00c7anta \u0130malat\u0131","robots":{"index":"index","follow":"follow","max-snippet":"max-snippet:-1","max-image-preview":"max-image-preview:large","max-video-preview":"max-video-preview:-1"},"canonical":"https:\/\/www.teknocanta.com\/borsa-da-spiaggia-in-gabardine\/","og_locale":"it_IT","og_type":"article","og_title":"Borsa da spiaggia in gabardine - Tekno \u00c7anta - Promosyon Toptan \u00c7anta \u0130malat\u0131","og_description":"Lunghezza 35 cm Altezza 40 cm Soffietto inferiore 8 cm&nbsp; 280 tessuto gabardine manico lungo Tempo di produzione 7 giorni Se state pensando di ordinare una borsa da spiaggia in tessuto gabardine o se volete avere informazioni sui prezzi, inviate un&#8217;e-mail al nostro indirizzo di posta elettronica nella sezione contatti con la quantit\u00e0 ordinata, l&#8217;immagine&hellip;","og_url":"https:\/\/www.teknocanta.com\/borsa-da-spiaggia-in-gabardine\/","og_site_name":"Tekno \u00c7anta - Promosyon Toptan \u00c7anta \u0130malat\u0131","twitter_card":"summary_large_image","twitter_misc":{"Tempo di lettura stimato":"2 minuti"},"schema":{"@context":"https:\/\/schema.org","@graph":[{"@type":"WebPage","@id":"https:\/\/www.teknocanta.com\/borsa-da-spiaggia-in-gabardine\/","url":"https:\/\/www.teknocanta.com\/borsa-da-spiaggia-in-gabardine\/","name":"Borsa da spiaggia in gabardine - Tekno \u00c7anta - Promosyon Toptan \u00c7anta \u0130malat\u0131","isPartOf":{"@id":"https:\/\/www.teknocanta.com\/#website"},"primaryImageOfPage":{"@id":"https:\/\/www.teknocanta.com\/borsa-da-spiaggia-in-gabardine\/#primaryimage"},"image":{"@id":"https:\/\/www.teknocanta.com\/borsa-da-spiaggia-in-gabardine\/#primaryimage"},"thumbnailUrl":"https:\/\/www.teknocanta.com\/wp-content\/uploads\/2021\/10\/gabardin_plaj_cantasi_3.jpg","datePublished":"2021-10-14T12:56:24+00:00","breadcrumb":{"@id":"https:\/\/www.teknocanta.com\/borsa-da-spiaggia-in-gabardine\/#breadcrumb"},"inLanguage":"it-IT","potentialAction":[{"@type":"ReadAction","target":["https:\/\/www.teknocanta.com\/borsa-da-spiaggia-in-gabardine\/"]}]},{"@type":"ImageObject","inLanguage":"it-IT","@id":"https:\/\/www.teknocanta.com\/borsa-da-spiaggia-in-gabardine\/#primaryimage","url":"https:\/\/www.teknocanta.com\/wp-content\/uploads\/2021\/10\/gabardin_plaj_cantasi_3.jpg","contentUrl":"https:\/\/www.teknocanta.com\/wp-content\/uploads\/2021\/10\/gabardin_plaj_cantasi_3.jpg","width":780,"height":794},{"@type":"BreadcrumbList","@id":"https:\/\/www.teknocanta.com\/borsa-da-spiaggia-in-gabardine\/#breadcrumb","itemListElement":[{"@type":"ListItem","position":1,"name":"Ana sayfa","item":"https:\/\/www.teknocanta.com\/it\/"},{"@type":"ListItem","position":2,"name":"\u00dcr\u00fcnler","item":"https:\/\/www.teknocanta.com\/urunler\/"},{"@type":"ListItem","position":3,"name":"Borsa da spiaggia in gabardine"}]},{"@type":"WebSite","@id":"https:\/\/www.teknocanta.com\/#website","url":"https:\/\/www.teknocanta.com\/","name":"Tekno \u00c7anta - Promosyon Toptan \u00c7anta \u0130malat\u0131","description":"Toptan \u00e7anta imalat\u0131, ham bez \u00e7anta, s\u0131rt \u00e7antalar\u0131, laptop ve evrak \u00e7antalar\u0131, kongre \u00e7antalar\u0131, fuar \u00e7antas\u0131 ve ipli b\u00fczg\u00fcl\u00fc \u00e7anta imalat\u0131 yapmaktay\u0131z.","potentialAction":[{"@type":"SearchAction","target":{"@type":"EntryPoint","urlTemplate":"https:\/\/www.teknocanta.com\/?s={search_term_string}"},"query-input":{"@type":"PropertyValueSpecification","valueRequired":true,"valueName":"search_term_string"}}],"inLanguage":"it-IT"}]}},"_links":{"self":[{"href":"https:\/\/www.teknocanta.com\/it\/wp-json\/wp\/v2\/product\/44661","targetHints":{"allow":["GET"]}}],"collection":[{"href":"https:\/\/www.teknocanta.com\/it\/wp-json\/wp\/v2\/product"}],"about":[{"href":"https:\/\/www.teknocanta.com\/it\/wp-json\/wp\/v2\/types\/product"}],"replies":[{"embeddable":true,"href":"https:\/\/www.teknocanta.com\/it\/wp-json\/wp\/v2\/comments?post=44661"}],"wp:featuredmedia":[{"embeddable":true,"href":"https:\/\/www.teknocanta.com\/it\/wp-json\/wp\/v2\/media\/42354"}],"wp:attachment":[{"href":"https:\/\/www.teknocanta.com\/it\/wp-json\/wp\/v2\/media?parent=44661"}],"wp:term":[{"taxonomy":"product_brand","embeddable":true,"href":"https:\/\/www.teknocanta.com\/it\/wp-json\/wp\/v2\/product_brand?post=44661"},{"taxonomy":"product_cat","embeddable":true,"href":"https:\/\/www.teknocanta.com\/it\/wp-json\/wp\/v2\/product_cat?post=44661"},{"taxonomy":"product_tag","embeddable":true,"href":"https:\/\/www.teknocanta.com\/it\/wp-json\/wp\/v2\/product_tag?post=44661"}],"curies":[{"name":"wp","href":"https:\/\/api.w.org\/{rel}","templated":true}]}}