{"id":44658,"date":"2021-10-14T15:56:25","date_gmt":"2021-10-14T12:56:25","guid":{"rendered":"https:\/\/www.teknocanta.com\/borsa-per-laptop-con-soffietto-promozionale\/"},"modified":"2021-10-14T15:56:25","modified_gmt":"2021-10-14T12:56:25","slug":"borsa-promozionale-protetta-per-laptop","status":"publish","type":"product","link":"https:\/\/www.teknocanta.com\/it\/prodotto\/borsa-promozionale-protetta-per-laptop\/","title":{"rendered":"Borsa per laptop con soffietto promozionale"},"content":{"rendered":"<div>Borsa per laptop con soffietto promozionale<\/div>\n<div>\u00c8 possibile ordinare borse promozionali stampate o non stampate nella quantit\u00e0 desiderata: I prezzi delle borse promozionali variano a seconda del numero di ordini e della stampa sulla borsa. I prezzi si riferiscono a 500 pezzi. Le spese di stampa e l&#8217;IVA non sono incluse nel prezzo.&nbsp;<\/div>\n<div><\/div>\n<div>Il nostro modello di borsa promozionale a soffietto per computer portatili \u00e8 disponibile in magazzino come scorta, si pu\u00f2 ordinare con o senza stampa. \u00c8 possibile ottenerlo il giorno stesso prendendolo non stampato. Il colore del prodotto in magazzino \u00e8 nero.<\/div>\n<div><\/div>\n<div>Per ordini pari o superiori a 200 pezzi, il colore e il tipo di tessuto, il colore della fodera interna o il colore della cerniera della borsa possono essere modificati con una produzione speciale.<\/div>\n<div><\/div>\n<div>Le parti esterne della borsa sono realizzate in tessuto impermeabile imperteks 1900 denari e le fodere in tessuto imperteks 270 denari, le dimensioni della borsa sono 32x42x15 cm. La borsa \u00e8 composta da 2 tasche anteriori, 2 scomparti superiori e 2 scomparti posteriori; all&#8217;interno della borsa sono presenti altre piccole tasche e uno scomparto per laptop con supporto in schiuma. I corpi dei sacchi sono supportati da una spugna di 8 mm di spessore. Viene utilizzata una cerniera di qualit\u00e0 di tipo 8.&nbsp;La borsa \u00e8 dotata di una cerniera e di un soffietto nascosto sul fondo, in modo da potersi espandere se necessario.&nbsp;<\/div>\n<div><\/div>\n<div>Promosyon k\u00f6r\u00fckl\u00fc Laptop \u00c7antalar\u0131n\u0131n i\u00e7ine veya d\u0131\u015f\u0131na istedi\u011finiz bir alana Logo bask\u0131 yapmak m\u00fcmk\u00fcnd\u00fcr. Sulla borsa possono essere applicati anche il ricamo, la stampa a trasferimento, la serigrafia classica o la fibbia metallica stampata al laser. Ayr\u0131ca suni deri \u00fczerine s\u0131cak kabartma bask\u0131 yaparak \u00e7anta \u00fczerine imalat esnas\u0131nda dikilebilmektedir. I costi di stampa variano in base al numero di colori dell&#8217;immagine da stampare, alla tecnica di stampa e al numero di ordini. Le borse per computer portatili a soffietto in stock possono essere stampate tecnicamente solo con la stampa del logo a 1 colore o con la stampa a trasferimento.<\/div>\n<div><\/div>\n<div>I tempi di produzione della borsa per laptop a soffietto stampata con logo variano in base al numero di ordini. Logo bask\u0131l\u0131 Stoklu promosyon k\u00f6r\u00fckl\u00fc \u00e7anta modelleri bask\u0131l\u0131 olarak birka\u00e7 g\u00fcn i\u00e7erisinde verilebilmektedir.&nbsp;<\/div>\n<div><\/div>\n<div>Chiedere informazioni sulle scorte attuali e sui tempi di produzione<\/div>\n<div><\/div>\n<div>Le aziende che producono cartelle a soffietto con stampa del logo sono generalmente societ\u00e0 di organizzazione di congressi, associazioni o aziende. Promosyon k\u00f6r\u00fckl\u00fc laptop ve evrak \u00e7antas\u0131 imalat\u0131 yapt\u0131rmak uzun vadeli etkili ve kal\u0131c\u0131 bir tan\u0131t\u0131m arac\u0131d\u0131r.<\/div>\n<div><\/div>\n<div>Potete vedere i modelli di borse promozionali che produciamo venendo presso il nostro ufficio vendite Avrupa \u00c7anta nel sito dei grossisti di ISTOC e potete richiedere un campione prima di ordinare per i vostri acquisti all&#8217;ingrosso. \u00c8 inoltre possibile seguire le fasi di produzione e stampa visitando il nostro laboratorio di produzione di borse a Zeytinburnu, Istanbul.&nbsp;<\/div>\n<div><\/div>\n<div>La nostra azienda, che produce borse promozionali, continua a produrre borse per tutti i vostri eventi come fiere, congressi e simposi. Spediamo le borse che produciamo a prezzi convenienti con le societ\u00e0 di spedizione o di trasporto con cui abbiamo stipulato un contratto all&#8217;interno e all&#8217;esterno di Istanbul.<\/div>\n","protected":false},"excerpt":{"rendered":"<p>Borsa per laptop con soffietto promozionale \u00c8 possibile ordinare borse promozionali stampate o non stampate nella quantit\u00e0 desiderata: I prezzi delle borse promozionali variano a seconda del numero di ordini e della stampa sulla borsa. I prezzi si riferiscono a 500 pezzi. Le spese di stampa e l&#8217;IVA non sono incluse nel prezzo.&nbsp; Il nostro&hellip;<\/p>\n","protected":false},"featured_media":42417,"comment_status":"open","ping_status":"closed","template":"","meta":[],"product_brand":[],"product_cat":[1364,1377,1366],"product_tag":[1738,1660],"class_list":{"0":"post-44658","1":"product","2":"type-product","3":"status-publish","4":"has-post-thumbnail","6":"product_cat-borsa-per-congressi-e-simposi","7":"product_cat-borse-rifornite","8":"product_cat-computer-portatile-e-valigetta","9":"product_tag-borsa-per-laptop-a-soffietto","10":"product_tag-borse-allingrosso","11":"description-off","13":"first","14":"instock","15":"shipping-taxable","16":"purchasable","17":"product-type-simple"},"yoast_head":"<!-- This site is optimized with the Yoast SEO plugin v26.6 - https:\/\/yoast.com\/wordpress\/plugins\/seo\/ -->\n<title>Borsa per laptop con soffietto promozionale - Tekno \u00c7anta - Promosyon Toptan \u00c7anta \u0130malat\u0131<\/title>\n<meta name=\"robots\" content=\"index, follow, max-snippet:-1, max-image-preview:large, max-video-preview:-1\" \/>\n<link rel=\"canonical\" href=\"https:\/\/www.teknocanta.com\/borsa-per-laptop-con-soffietto-promozionale\/\" \/>\n<meta property=\"og:locale\" content=\"it_IT\" \/>\n<meta property=\"og:type\" content=\"article\" \/>\n<meta property=\"og:title\" content=\"Borsa per laptop con soffietto promozionale - Tekno \u00c7anta - Promosyon Toptan \u00c7anta \u0130malat\u0131\" \/>\n<meta property=\"og:description\" content=\"Borsa per laptop con soffietto promozionale \u00c8 possibile ordinare borse promozionali stampate o non stampate nella quantit\u00e0 desiderata: I prezzi delle borse promozionali variano a seconda del numero di ordini e della stampa sulla borsa. I prezzi si riferiscono a 500 pezzi. Le spese di stampa e l&#8217;IVA non sono incluse nel prezzo.&nbsp; Il nostro&hellip;\" \/>\n<meta property=\"og:url\" content=\"https:\/\/www.teknocanta.com\/borsa-per-laptop-con-soffietto-promozionale\/\" \/>\n<meta property=\"og:site_name\" content=\"Tekno \u00c7anta - Promosyon Toptan \u00c7anta \u0130malat\u0131\" \/>\n<meta name=\"twitter:card\" content=\"summary_large_image\" \/>\n<meta name=\"twitter:label1\" content=\"Tempo di lettura stimato\" \/>\n\t<meta name=\"twitter:data1\" content=\"3 minuti\" \/>\n<script type=\"application\/ld+json\" class=\"yoast-schema-graph\">{\"@context\":\"https:\/\/schema.org\",\"@graph\":[{\"@type\":\"WebPage\",\"@id\":\"https:\/\/www.teknocanta.com\/borsa-per-laptop-con-soffietto-promozionale\/\",\"url\":\"https:\/\/www.teknocanta.com\/borsa-per-laptop-con-soffietto-promozionale\/\",\"name\":\"Borsa per laptop con soffietto promozionale - Tekno \u00c7anta - Promosyon Toptan \u00c7anta \u0130malat\u0131\",\"isPartOf\":{\"@id\":\"https:\/\/www.teknocanta.com\/#website\"},\"primaryImageOfPage\":{\"@id\":\"https:\/\/www.teknocanta.com\/borsa-per-laptop-con-soffietto-promozionale\/#primaryimage\"},\"image\":{\"@id\":\"https:\/\/www.teknocanta.com\/borsa-per-laptop-con-soffietto-promozionale\/#primaryimage\"},\"thumbnailUrl\":\"https:\/\/www.teknocanta.com\/wp-content\/uploads\/2021\/10\/promosyonkoruklulaptopcanntasion.jpg\",\"datePublished\":\"2021-10-14T12:56:25+00:00\",\"breadcrumb\":{\"@id\":\"https:\/\/www.teknocanta.com\/borsa-per-laptop-con-soffietto-promozionale\/#breadcrumb\"},\"inLanguage\":\"it-IT\",\"potentialAction\":[{\"@type\":\"ReadAction\",\"target\":[\"https:\/\/www.teknocanta.com\/borsa-per-laptop-con-soffietto-promozionale\/\"]}]},{\"@type\":\"ImageObject\",\"inLanguage\":\"it-IT\",\"@id\":\"https:\/\/www.teknocanta.com\/borsa-per-laptop-con-soffietto-promozionale\/#primaryimage\",\"url\":\"https:\/\/www.teknocanta.com\/wp-content\/uploads\/2021\/10\/promosyonkoruklulaptopcanntasion.jpg\",\"contentUrl\":\"https:\/\/www.teknocanta.com\/wp-content\/uploads\/2021\/10\/promosyonkoruklulaptopcanntasion.jpg\",\"width\":1000,\"height\":1000},{\"@type\":\"BreadcrumbList\",\"@id\":\"https:\/\/www.teknocanta.com\/borsa-per-laptop-con-soffietto-promozionale\/#breadcrumb\",\"itemListElement\":[{\"@type\":\"ListItem\",\"position\":1,\"name\":\"Ana sayfa\",\"item\":\"https:\/\/www.teknocanta.com\/it\/\"},{\"@type\":\"ListItem\",\"position\":2,\"name\":\"\u00dcr\u00fcnler\",\"item\":\"https:\/\/www.teknocanta.com\/urunler\/\"},{\"@type\":\"ListItem\",\"position\":3,\"name\":\"Borsa per laptop con soffietto promozionale\"}]},{\"@type\":\"WebSite\",\"@id\":\"https:\/\/www.teknocanta.com\/#website\",\"url\":\"https:\/\/www.teknocanta.com\/\",\"name\":\"Tekno \u00c7anta - Promosyon Toptan \u00c7anta \u0130malat\u0131\",\"description\":\"Toptan \u00e7anta imalat\u0131, ham bez \u00e7anta, s\u0131rt \u00e7antalar\u0131, laptop ve evrak \u00e7antalar\u0131, kongre \u00e7antalar\u0131, fuar \u00e7antas\u0131 ve ipli b\u00fczg\u00fcl\u00fc \u00e7anta imalat\u0131 yapmaktay\u0131z.\",\"potentialAction\":[{\"@type\":\"SearchAction\",\"target\":{\"@type\":\"EntryPoint\",\"urlTemplate\":\"https:\/\/www.teknocanta.com\/?s={search_term_string}\"},\"query-input\":{\"@type\":\"PropertyValueSpecification\",\"valueRequired\":true,\"valueName\":\"search_term_string\"}}],\"inLanguage\":\"it-IT\"}]}<\/script>\n<!-- \/ Yoast SEO plugin. -->","yoast_head_json":{"title":"Borsa per laptop con soffietto promozionale - Tekno \u00c7anta - Promosyon Toptan \u00c7anta \u0130malat\u0131","robots":{"index":"index","follow":"follow","max-snippet":"max-snippet:-1","max-image-preview":"max-image-preview:large","max-video-preview":"max-video-preview:-1"},"canonical":"https:\/\/www.teknocanta.com\/borsa-per-laptop-con-soffietto-promozionale\/","og_locale":"it_IT","og_type":"article","og_title":"Borsa per laptop con soffietto promozionale - Tekno \u00c7anta - Promosyon Toptan \u00c7anta \u0130malat\u0131","og_description":"Borsa per laptop con soffietto promozionale \u00c8 possibile ordinare borse promozionali stampate o non stampate nella quantit\u00e0 desiderata: I prezzi delle borse promozionali variano a seconda del numero di ordini e della stampa sulla borsa. I prezzi si riferiscono a 500 pezzi. Le spese di stampa e l&#8217;IVA non sono incluse nel prezzo.&nbsp; Il nostro&hellip;","og_url":"https:\/\/www.teknocanta.com\/borsa-per-laptop-con-soffietto-promozionale\/","og_site_name":"Tekno \u00c7anta - Promosyon Toptan \u00c7anta \u0130malat\u0131","twitter_card":"summary_large_image","twitter_misc":{"Tempo di lettura stimato":"3 minuti"},"schema":{"@context":"https:\/\/schema.org","@graph":[{"@type":"WebPage","@id":"https:\/\/www.teknocanta.com\/borsa-per-laptop-con-soffietto-promozionale\/","url":"https:\/\/www.teknocanta.com\/borsa-per-laptop-con-soffietto-promozionale\/","name":"Borsa per laptop con soffietto promozionale - Tekno \u00c7anta - Promosyon Toptan \u00c7anta \u0130malat\u0131","isPartOf":{"@id":"https:\/\/www.teknocanta.com\/#website"},"primaryImageOfPage":{"@id":"https:\/\/www.teknocanta.com\/borsa-per-laptop-con-soffietto-promozionale\/#primaryimage"},"image":{"@id":"https:\/\/www.teknocanta.com\/borsa-per-laptop-con-soffietto-promozionale\/#primaryimage"},"thumbnailUrl":"https:\/\/www.teknocanta.com\/wp-content\/uploads\/2021\/10\/promosyonkoruklulaptopcanntasion.jpg","datePublished":"2021-10-14T12:56:25+00:00","breadcrumb":{"@id":"https:\/\/www.teknocanta.com\/borsa-per-laptop-con-soffietto-promozionale\/#breadcrumb"},"inLanguage":"it-IT","potentialAction":[{"@type":"ReadAction","target":["https:\/\/www.teknocanta.com\/borsa-per-laptop-con-soffietto-promozionale\/"]}]},{"@type":"ImageObject","inLanguage":"it-IT","@id":"https:\/\/www.teknocanta.com\/borsa-per-laptop-con-soffietto-promozionale\/#primaryimage","url":"https:\/\/www.teknocanta.com\/wp-content\/uploads\/2021\/10\/promosyonkoruklulaptopcanntasion.jpg","contentUrl":"https:\/\/www.teknocanta.com\/wp-content\/uploads\/2021\/10\/promosyonkoruklulaptopcanntasion.jpg","width":1000,"height":1000},{"@type":"BreadcrumbList","@id":"https:\/\/www.teknocanta.com\/borsa-per-laptop-con-soffietto-promozionale\/#breadcrumb","itemListElement":[{"@type":"ListItem","position":1,"name":"Ana sayfa","item":"https:\/\/www.teknocanta.com\/it\/"},{"@type":"ListItem","position":2,"name":"\u00dcr\u00fcnler","item":"https:\/\/www.teknocanta.com\/urunler\/"},{"@type":"ListItem","position":3,"name":"Borsa per laptop con soffietto promozionale"}]},{"@type":"WebSite","@id":"https:\/\/www.teknocanta.com\/#website","url":"https:\/\/www.teknocanta.com\/","name":"Tekno \u00c7anta - Promosyon Toptan \u00c7anta \u0130malat\u0131","description":"Toptan \u00e7anta imalat\u0131, ham bez \u00e7anta, s\u0131rt \u00e7antalar\u0131, laptop ve evrak \u00e7antalar\u0131, kongre \u00e7antalar\u0131, fuar \u00e7antas\u0131 ve ipli b\u00fczg\u00fcl\u00fc \u00e7anta imalat\u0131 yapmaktay\u0131z.","potentialAction":[{"@type":"SearchAction","target":{"@type":"EntryPoint","urlTemplate":"https:\/\/www.teknocanta.com\/?s={search_term_string}"},"query-input":{"@type":"PropertyValueSpecification","valueRequired":true,"valueName":"search_term_string"}}],"inLanguage":"it-IT"}]}},"_links":{"self":[{"href":"https:\/\/www.teknocanta.com\/it\/wp-json\/wp\/v2\/product\/44658","targetHints":{"allow":["GET"]}}],"collection":[{"href":"https:\/\/www.teknocanta.com\/it\/wp-json\/wp\/v2\/product"}],"about":[{"href":"https:\/\/www.teknocanta.com\/it\/wp-json\/wp\/v2\/types\/product"}],"replies":[{"embeddable":true,"href":"https:\/\/www.teknocanta.com\/it\/wp-json\/wp\/v2\/comments?post=44658"}],"wp:featuredmedia":[{"embeddable":true,"href":"https:\/\/www.teknocanta.com\/it\/wp-json\/wp\/v2\/media\/42417"}],"wp:attachment":[{"href":"https:\/\/www.teknocanta.com\/it\/wp-json\/wp\/v2\/media?parent=44658"}],"wp:term":[{"taxonomy":"product_brand","embeddable":true,"href":"https:\/\/www.teknocanta.com\/it\/wp-json\/wp\/v2\/product_brand?post=44658"},{"taxonomy":"product_cat","embeddable":true,"href":"https:\/\/www.teknocanta.com\/it\/wp-json\/wp\/v2\/product_cat?post=44658"},{"taxonomy":"product_tag","embeddable":true,"href":"https:\/\/www.teknocanta.com\/it\/wp-json\/wp\/v2\/product_tag?post=44658"}],"curies":[{"name":"wp","href":"https:\/\/api.w.org\/{rel}","templated":true}]}}