{"id":44632,"date":"2021-10-14T15:57:34","date_gmt":"2021-10-14T12:57:34","guid":{"rendered":"https:\/\/www.teknocanta.com\/zaino-promozionale-rifornito\/"},"modified":"2021-10-14T15:57:34","modified_gmt":"2021-10-14T12:57:34","slug":"borsa-promozionale-con-retroscena","status":"publish","type":"product","link":"https:\/\/www.teknocanta.com\/it\/prodotto\/borsa-promozionale-con-retroscena\/","title":{"rendered":"Zaino promozionale rifornito"},"content":{"rendered":"<p>Zaino promozionale rifornito<\/p>\n<p>I prezzi degli zaini riportati sulla nostra pagina web saranno validi per ordini di 500 pezzi. Ci sar\u00e0 un aumento di prezzo per gli acquisti inferiori. Questo \u00e8 un prodotto in stock. La quantit\u00e0 minima ordinabile per i prodotti esauriti \u00e8 di 200 pezzi. L&#8217;IVA 8% e le spese di stampa non sono incluse nel prezzo. Si prega di richiedere un listino prezzi per quantit\u00e0 diverse.<\/p>\n<p>Lo zaino \u00e8 realizzato in tessuto impertex di lino, impermeabile e privo di sostanze cancerogene. La superficie del tessuto \u00e8 adatta a tutti i tipi di stampa. La stampa a trasferimento, la serigrafia, la classica stampa a vernice o la stampa a ricamo possono essere effettuate all&#8217;interno o all&#8217;esterno della borsa.&nbsp;<\/p>\n<p>La stampa a ricamo non \u00e8 tecnicamente possibile sugli zaini in stock e pu\u00f2 essere utilizzata solo la tecnica serigrafica classica a un colore. \u00c8 possibile realizzare tutti i tipi di stampa nei vostri ordini di produzione speciali.&nbsp;<\/p>\n<p>Per ordini pari o superiori a 200 pezzi, \u00e8 possibile cambiare il colore del tessuto, della fodera e della cerniera. \u00c8 possibile modificare il modello della borsa pagando una differenza di prezzo.<\/p>\n<p>Le dimensioni della borsa sono 30x40x8 cm. La borsa \u00e8 composta da una parte superiore e da una parte anteriore. La borsa \u00e8 realizzata con schiuma spessa 8 mm e cerniera di qualit\u00e0 di tipo 8. Nella borsa \u00e8 presente uno scomparto per il computer portatile.&nbsp;<\/p>\n<p>Per gli ordini di zaini su misura, i tempi di produzione sono di almeno una settimana, a seconda della quantit\u00e0. I prodotti in stock possono essere consegnati il giorno stesso senza stampa. I tempi di stampa per i prodotti in stock sono di qualche giorno.<\/p>\n<p>Le borse rifornite vi verranno in soccorso in caso di necessit\u00e0 di borse urgenti Gli zaini in stock soddisfano rapidamente le vostre esigenze con o senza stampa, senza dover attendere i tempi di produzione. Poich\u00e9 la produzione di zaini richiede in media almeno una settimana, le istituzioni che non hanno tempo e hanno bisogno di una borsa in anticipo saranno una buona soluzione.&nbsp;<\/p>\n<p>Gli zaini sono molto comodi per gli studenti al di fuori di congressi e simposi. \u00c8 un prodotto con una capacit\u00e0 sufficiente a soddisfare le esigenze quotidiane \u00c8 un modello di zaino leggero e funzionale.<\/p>\n<p>Gli zaini promozionali sono un utile prodotto promozionale che potete utilizzare in tutti i tipi di eventi, come congressi, simposi e seminari, per scopi promozionali e che potete regalare ai vostri clienti.<\/p>\n<p>Il luogo di produzione \u00e8 Istanbul ed \u00e8 un prodotto al 100% nazionale. La nostra officina si trova nel distretto di K\u00fc\u00e7\u00fck\u00e7ekmece, il nostro ufficio vendite e lo showroom sono nel distretto di Ba\u011fc\u0131lar, nel sito dei grossisti di Isto\u00e7.<\/p>\n<p>I nostri prodotti possono essere spediti dal nostro indirizzo di isto\u00e7 in tutta la Turchia a prezzi economici con le nostre societ\u00e0 di trasporto o di magazzino.<\/p>\n","protected":false},"excerpt":{"rendered":"<p>Zaino promozionale rifornito I prezzi degli zaini riportati sulla nostra pagina web saranno validi per ordini di 500 pezzi. Ci sar\u00e0 un aumento di prezzo per gli acquisti inferiori. Questo \u00e8 un prodotto in stock. La quantit\u00e0 minima ordinabile per i prodotti esauriti \u00e8 di 200 pezzi. L&#8217;IVA 8% e le spese di stampa non&hellip;<\/p>\n","protected":false},"featured_media":42600,"comment_status":"open","ping_status":"closed","template":"","meta":[],"product_brand":[],"product_cat":[1364,1377,1375],"product_tag":[1707,1708,1535,1706],"class_list":{"0":"post-44632","1":"product","2":"type-product","3":"status-publish","4":"has-post-thumbnail","6":"product_cat-borsa-per-congressi-e-simposi","7":"product_cat-borse-rifornite","8":"product_cat-zaino","9":"product_tag-aziende-di-borse-allingrosso-di-istanbul","10":"product_tag-aziende-di-borse-istoc","11":"product_tag-borsa-rifornita","12":"product_tag-borse-istoc-allingrosso","13":"description-off","15":"first","16":"instock","17":"shipping-taxable","18":"purchasable","19":"product-type-simple"},"yoast_head":"<!-- This site is optimized with the Yoast SEO plugin v26.6 - https:\/\/yoast.com\/wordpress\/plugins\/seo\/ -->\n<title>Zaino promozionale rifornito - Tekno \u00c7anta - Promosyon Toptan \u00c7anta \u0130malat\u0131<\/title>\n<meta name=\"robots\" content=\"index, follow, max-snippet:-1, max-image-preview:large, max-video-preview:-1\" \/>\n<link rel=\"canonical\" href=\"https:\/\/www.teknocanta.com\/zaino-promozionale-rifornito\/\" \/>\n<meta property=\"og:locale\" content=\"it_IT\" \/>\n<meta property=\"og:type\" content=\"article\" \/>\n<meta property=\"og:title\" content=\"Zaino promozionale rifornito - Tekno \u00c7anta - Promosyon Toptan \u00c7anta \u0130malat\u0131\" \/>\n<meta property=\"og:description\" content=\"Zaino promozionale rifornito I prezzi degli zaini riportati sulla nostra pagina web saranno validi per ordini di 500 pezzi. Ci sar\u00e0 un aumento di prezzo per gli acquisti inferiori. Questo \u00e8 un prodotto in stock. La quantit\u00e0 minima ordinabile per i prodotti esauriti \u00e8 di 200 pezzi. L&#8217;IVA 8% e le spese di stampa non&hellip;\" \/>\n<meta property=\"og:url\" content=\"https:\/\/www.teknocanta.com\/zaino-promozionale-rifornito\/\" \/>\n<meta property=\"og:site_name\" content=\"Tekno \u00c7anta - Promosyon Toptan \u00c7anta \u0130malat\u0131\" \/>\n<meta name=\"twitter:card\" content=\"summary_large_image\" \/>\n<meta name=\"twitter:label1\" content=\"Tempo di lettura stimato\" \/>\n\t<meta name=\"twitter:data1\" content=\"2 minuti\" \/>\n<script type=\"application\/ld+json\" class=\"yoast-schema-graph\">{\"@context\":\"https:\/\/schema.org\",\"@graph\":[{\"@type\":\"WebPage\",\"@id\":\"https:\/\/www.teknocanta.com\/zaino-promozionale-rifornito\/\",\"url\":\"https:\/\/www.teknocanta.com\/zaino-promozionale-rifornito\/\",\"name\":\"Zaino promozionale rifornito - Tekno \u00c7anta - Promosyon Toptan \u00c7anta \u0130malat\u0131\",\"isPartOf\":{\"@id\":\"https:\/\/www.teknocanta.com\/#website\"},\"primaryImageOfPage\":{\"@id\":\"https:\/\/www.teknocanta.com\/zaino-promozionale-rifornito\/#primaryimage\"},\"image\":{\"@id\":\"https:\/\/www.teknocanta.com\/zaino-promozionale-rifornito\/#primaryimage\"},\"thumbnailUrl\":\"https:\/\/www.teknocanta.com\/wp-content\/uploads\/2021\/10\/promosyonstoklusirtcantasianaresim.jpg\",\"datePublished\":\"2021-10-14T12:57:34+00:00\",\"breadcrumb\":{\"@id\":\"https:\/\/www.teknocanta.com\/zaino-promozionale-rifornito\/#breadcrumb\"},\"inLanguage\":\"it-IT\",\"potentialAction\":[{\"@type\":\"ReadAction\",\"target\":[\"https:\/\/www.teknocanta.com\/zaino-promozionale-rifornito\/\"]}]},{\"@type\":\"ImageObject\",\"inLanguage\":\"it-IT\",\"@id\":\"https:\/\/www.teknocanta.com\/zaino-promozionale-rifornito\/#primaryimage\",\"url\":\"https:\/\/www.teknocanta.com\/wp-content\/uploads\/2021\/10\/promosyonstoklusirtcantasianaresim.jpg\",\"contentUrl\":\"https:\/\/www.teknocanta.com\/wp-content\/uploads\/2021\/10\/promosyonstoklusirtcantasianaresim.jpg\",\"width\":742,\"height\":934},{\"@type\":\"BreadcrumbList\",\"@id\":\"https:\/\/www.teknocanta.com\/zaino-promozionale-rifornito\/#breadcrumb\",\"itemListElement\":[{\"@type\":\"ListItem\",\"position\":1,\"name\":\"Ana sayfa\",\"item\":\"https:\/\/www.teknocanta.com\/it\/\"},{\"@type\":\"ListItem\",\"position\":2,\"name\":\"\u00dcr\u00fcnler\",\"item\":\"https:\/\/www.teknocanta.com\/urunler\/\"},{\"@type\":\"ListItem\",\"position\":3,\"name\":\"Zaino promozionale rifornito\"}]},{\"@type\":\"WebSite\",\"@id\":\"https:\/\/www.teknocanta.com\/#website\",\"url\":\"https:\/\/www.teknocanta.com\/\",\"name\":\"Tekno \u00c7anta - Promosyon Toptan \u00c7anta \u0130malat\u0131\",\"description\":\"Toptan \u00e7anta imalat\u0131, ham bez \u00e7anta, s\u0131rt \u00e7antalar\u0131, laptop ve evrak \u00e7antalar\u0131, kongre \u00e7antalar\u0131, fuar \u00e7antas\u0131 ve ipli b\u00fczg\u00fcl\u00fc \u00e7anta imalat\u0131 yapmaktay\u0131z.\",\"potentialAction\":[{\"@type\":\"SearchAction\",\"target\":{\"@type\":\"EntryPoint\",\"urlTemplate\":\"https:\/\/www.teknocanta.com\/?s={search_term_string}\"},\"query-input\":{\"@type\":\"PropertyValueSpecification\",\"valueRequired\":true,\"valueName\":\"search_term_string\"}}],\"inLanguage\":\"it-IT\"}]}<\/script>\n<!-- \/ Yoast SEO plugin. -->","yoast_head_json":{"title":"Zaino promozionale rifornito - Tekno \u00c7anta - Promosyon Toptan \u00c7anta \u0130malat\u0131","robots":{"index":"index","follow":"follow","max-snippet":"max-snippet:-1","max-image-preview":"max-image-preview:large","max-video-preview":"max-video-preview:-1"},"canonical":"https:\/\/www.teknocanta.com\/zaino-promozionale-rifornito\/","og_locale":"it_IT","og_type":"article","og_title":"Zaino promozionale rifornito - Tekno \u00c7anta - Promosyon Toptan \u00c7anta \u0130malat\u0131","og_description":"Zaino promozionale rifornito I prezzi degli zaini riportati sulla nostra pagina web saranno validi per ordini di 500 pezzi. Ci sar\u00e0 un aumento di prezzo per gli acquisti inferiori. Questo \u00e8 un prodotto in stock. La quantit\u00e0 minima ordinabile per i prodotti esauriti \u00e8 di 200 pezzi. L&#8217;IVA 8% e le spese di stampa non&hellip;","og_url":"https:\/\/www.teknocanta.com\/zaino-promozionale-rifornito\/","og_site_name":"Tekno \u00c7anta - Promosyon Toptan \u00c7anta \u0130malat\u0131","twitter_card":"summary_large_image","twitter_misc":{"Tempo di lettura stimato":"2 minuti"},"schema":{"@context":"https:\/\/schema.org","@graph":[{"@type":"WebPage","@id":"https:\/\/www.teknocanta.com\/zaino-promozionale-rifornito\/","url":"https:\/\/www.teknocanta.com\/zaino-promozionale-rifornito\/","name":"Zaino promozionale rifornito - Tekno \u00c7anta - Promosyon Toptan \u00c7anta \u0130malat\u0131","isPartOf":{"@id":"https:\/\/www.teknocanta.com\/#website"},"primaryImageOfPage":{"@id":"https:\/\/www.teknocanta.com\/zaino-promozionale-rifornito\/#primaryimage"},"image":{"@id":"https:\/\/www.teknocanta.com\/zaino-promozionale-rifornito\/#primaryimage"},"thumbnailUrl":"https:\/\/www.teknocanta.com\/wp-content\/uploads\/2021\/10\/promosyonstoklusirtcantasianaresim.jpg","datePublished":"2021-10-14T12:57:34+00:00","breadcrumb":{"@id":"https:\/\/www.teknocanta.com\/zaino-promozionale-rifornito\/#breadcrumb"},"inLanguage":"it-IT","potentialAction":[{"@type":"ReadAction","target":["https:\/\/www.teknocanta.com\/zaino-promozionale-rifornito\/"]}]},{"@type":"ImageObject","inLanguage":"it-IT","@id":"https:\/\/www.teknocanta.com\/zaino-promozionale-rifornito\/#primaryimage","url":"https:\/\/www.teknocanta.com\/wp-content\/uploads\/2021\/10\/promosyonstoklusirtcantasianaresim.jpg","contentUrl":"https:\/\/www.teknocanta.com\/wp-content\/uploads\/2021\/10\/promosyonstoklusirtcantasianaresim.jpg","width":742,"height":934},{"@type":"BreadcrumbList","@id":"https:\/\/www.teknocanta.com\/zaino-promozionale-rifornito\/#breadcrumb","itemListElement":[{"@type":"ListItem","position":1,"name":"Ana sayfa","item":"https:\/\/www.teknocanta.com\/it\/"},{"@type":"ListItem","position":2,"name":"\u00dcr\u00fcnler","item":"https:\/\/www.teknocanta.com\/urunler\/"},{"@type":"ListItem","position":3,"name":"Zaino promozionale rifornito"}]},{"@type":"WebSite","@id":"https:\/\/www.teknocanta.com\/#website","url":"https:\/\/www.teknocanta.com\/","name":"Tekno \u00c7anta - Promosyon Toptan \u00c7anta \u0130malat\u0131","description":"Toptan \u00e7anta imalat\u0131, ham bez \u00e7anta, s\u0131rt \u00e7antalar\u0131, laptop ve evrak \u00e7antalar\u0131, kongre \u00e7antalar\u0131, fuar \u00e7antas\u0131 ve ipli b\u00fczg\u00fcl\u00fc \u00e7anta imalat\u0131 yapmaktay\u0131z.","potentialAction":[{"@type":"SearchAction","target":{"@type":"EntryPoint","urlTemplate":"https:\/\/www.teknocanta.com\/?s={search_term_string}"},"query-input":{"@type":"PropertyValueSpecification","valueRequired":true,"valueName":"search_term_string"}}],"inLanguage":"it-IT"}]}},"_links":{"self":[{"href":"https:\/\/www.teknocanta.com\/it\/wp-json\/wp\/v2\/product\/44632","targetHints":{"allow":["GET"]}}],"collection":[{"href":"https:\/\/www.teknocanta.com\/it\/wp-json\/wp\/v2\/product"}],"about":[{"href":"https:\/\/www.teknocanta.com\/it\/wp-json\/wp\/v2\/types\/product"}],"replies":[{"embeddable":true,"href":"https:\/\/www.teknocanta.com\/it\/wp-json\/wp\/v2\/comments?post=44632"}],"wp:featuredmedia":[{"embeddable":true,"href":"https:\/\/www.teknocanta.com\/it\/wp-json\/wp\/v2\/media\/42600"}],"wp:attachment":[{"href":"https:\/\/www.teknocanta.com\/it\/wp-json\/wp\/v2\/media?parent=44632"}],"wp:term":[{"taxonomy":"product_brand","embeddable":true,"href":"https:\/\/www.teknocanta.com\/it\/wp-json\/wp\/v2\/product_brand?post=44632"},{"taxonomy":"product_cat","embeddable":true,"href":"https:\/\/www.teknocanta.com\/it\/wp-json\/wp\/v2\/product_cat?post=44632"},{"taxonomy":"product_tag","embeddable":true,"href":"https:\/\/www.teknocanta.com\/it\/wp-json\/wp\/v2\/product_tag?post=44632"}],"curies":[{"name":"wp","href":"https:\/\/api.w.org\/{rel}","templated":true}]}}