{"id":44623,"date":"2021-10-14T15:57:35","date_gmt":"2021-10-14T12:57:35","guid":{"rendered":"https:\/\/www.teknocanta.com\/promozione-borsa-fiera\/"},"modified":"2021-10-14T15:57:35","modified_gmt":"2021-10-14T12:57:35","slug":"borsa-promozionale","status":"publish","type":"product","link":"https:\/\/www.teknocanta.com\/it\/prodotto\/borsa-promozionale\/","title":{"rendered":"Promozione Borsa Fiera"},"content":{"rendered":"<div>Promozione Borsa Fiera<\/div>\n<div>Il prezzo delle borse da esposizione indicato sulla nostra pagina web sar\u00e0 valido per ordini di 500 pezzi. Ci sar\u00e0 un aumento di prezzo per gli acquisti inferiori. Questo \u00e8 un prodotto in stock. Disponibile in magazzino in grigio. \u00c8 possibile ordinare sacchetti di colori diversi per gli ordini di produzione speciali. L&#8217;IVA 8% e le spese di stampa non sono incluse nel prezzo. Si prega di richiedere un listino prezzi per quantit\u00e0 diverse.<\/div>\n<div><\/div>\n<div>Le dimensioni della borsa da fiera sono 43x32x13 cm. La borsa \u00e8 composta da 1 parte superiore e 2 parti anteriori e sezioni. La borsa \u00e8 realizzata con schiuma spessa 8 mm e cerniera di qualit\u00e0 di tipo 8. Nella borsa \u00e8 presente uno scomparto per il computer portatile.&nbsp;<\/div>\n<div><\/div>\n<div>Lo zaino promozionale Fair \u00e8 realizzato in tessuto di lino imperteks di lusso, impermeabile e privo di sostanze cancerogene.<\/div>\n<div><\/div>\n<div>Nella produzione di borse speciali da esposizione da 200 pezzi in su, \u00e8 possibile cambiare il colore del tessuto, della fodera e della cerniera. \u00c8 possibile modificare il modello della borsa pagando una differenza di prezzo.<\/div>\n<div><\/div>\n<div>Kuma\u015f y\u00fczeyi her t\u00fcrl\u00fc bask\u0131 i\u00e7in uygundur. La stampa a trasferimento, la serigrafia, la classica stampa a vernice o la stampa a ricamo possono essere effettuate all&#8217;interno o all&#8217;esterno della borsa.&nbsp;<\/div>\n<div><\/div>\n<div>Le borse promozionali da esposizione non possono essere tecnicamente ricamate e possono essere stampate solo con la tecnica serigrafica classica a un colore. \u00c8 possibile realizzare tutti i tipi di stampa nei vostri ordini di produzione speciali. La quantit\u00e0 minima d&#8217;ordine per i prodotti di produzione speciale \u00e8 di 200 pezzi.<\/div>\n<div><\/div>\n<div>I tempi di produzione per gli ordini di borse da esposizione all&#8217;ingrosso sono di almeno una settimana, a seconda della quantit\u00e0. I prodotti in stock possono essere consegnati il giorno stesso senza stampa. I tempi di stampa per i prodotti in stock sono di qualche giorno.<\/div>\n<div><\/div>\n<div>Gli zaini forniti vi verranno in soccorso per le vostre urgenti necessit\u00e0 di borse da esposizione. Le borse promozionali in stock soddisfano rapidamente le vostre esigenze con o senza stampa, senza dover attendere i tempi di produzione. Poich\u00e9 la produzione di sacchetti richiede in media almeno una settimana, le organizzazioni che non hanno tempo e hanno bisogno di un sacchetto in anticipo saranno una buona soluzione.&nbsp;<\/div>\n<div><\/div>\n<div>Le borse promozionali da esposizione all&#8217;ingrosso sono molto adatte alle aziende, ai congressi e ai simposi. \u00c8 un prodotto con una capacit\u00e0 sufficiente a soddisfare le esigenze quotidiane \u00c8 un modello di valigetta leggero e funzionale.<\/div>\n<div><\/div>\n<div>Le borse promozionali per fiere sono un utile prodotto promozionale che potete utilizzare in tutti i tipi di eventi, come congressi, simposi e seminari, e che potete regalare ai vostri clienti.<\/div>\n<div><\/div>\n<div>La sede di produzione di Avrupa Bag \u00e8 Istanbul ed \u00e8 un prodotto al 100% nazionale. La nostra officina si trova nel distretto di K\u00fc\u00e7\u00fck\u00e7ekmece, il nostro ufficio vendite e lo showroom sono nel distretto di Ba\u011fc\u0131lar, nel sito dei grossisti di Istoc.<\/div>\n<div><\/div>\n<div>I nostri prodotti possono essere spediti in tutta la Turchia a prezzi economici con le nostre societ\u00e0 di trasporto o di magazzino dal nostro indirizzo di isto\u00e7.<\/div>\n","protected":false},"excerpt":{"rendered":"<p>Promozione Borsa Fiera Il prezzo delle borse da esposizione indicato sulla nostra pagina web sar\u00e0 valido per ordini di 500 pezzi. Ci sar\u00e0 un aumento di prezzo per gli acquisti inferiori. Questo \u00e8 un prodotto in stock. Disponibile in magazzino in grigio. \u00c8 possibile ordinare sacchetti di colori diversi per gli ordini di produzione speciali.&hellip;<\/p>\n","protected":false},"featured_media":42636,"comment_status":"open","ping_status":"closed","template":"","meta":[],"product_brand":[],"product_cat":[1364,1375],"product_tag":[1684],"class_list":{"0":"post-44623","1":"product","2":"type-product","3":"status-publish","4":"has-post-thumbnail","6":"product_cat-borsa-per-congressi-e-simposi","7":"product_cat-zaino","8":"product_tag-borsa-da-esposizione","9":"description-off","11":"first","12":"instock","13":"shipping-taxable","14":"purchasable","15":"product-type-simple"},"yoast_head":"<!-- This site is optimized with the Yoast SEO plugin v26.6 - https:\/\/yoast.com\/wordpress\/plugins\/seo\/ -->\n<title>Promozione Borsa Fiera - Tekno \u00c7anta - Promosyon Toptan \u00c7anta \u0130malat\u0131<\/title>\n<meta name=\"robots\" content=\"index, follow, max-snippet:-1, max-image-preview:large, max-video-preview:-1\" \/>\n<link rel=\"canonical\" href=\"https:\/\/www.teknocanta.com\/promozione-borsa-fiera\/\" \/>\n<meta property=\"og:locale\" content=\"it_IT\" \/>\n<meta property=\"og:type\" content=\"article\" \/>\n<meta property=\"og:title\" content=\"Promozione Borsa Fiera - Tekno \u00c7anta - Promosyon Toptan \u00c7anta \u0130malat\u0131\" \/>\n<meta property=\"og:description\" content=\"Promozione Borsa Fiera Il prezzo delle borse da esposizione indicato sulla nostra pagina web sar\u00e0 valido per ordini di 500 pezzi. Ci sar\u00e0 un aumento di prezzo per gli acquisti inferiori. Questo \u00e8 un prodotto in stock. Disponibile in magazzino in grigio. \u00c8 possibile ordinare sacchetti di colori diversi per gli ordini di produzione speciali.&hellip;\" \/>\n<meta property=\"og:url\" content=\"https:\/\/www.teknocanta.com\/promozione-borsa-fiera\/\" \/>\n<meta property=\"og:site_name\" content=\"Tekno \u00c7anta - Promosyon Toptan \u00c7anta \u0130malat\u0131\" \/>\n<meta name=\"twitter:card\" content=\"summary_large_image\" \/>\n<meta name=\"twitter:label1\" content=\"Tempo di lettura stimato\" \/>\n\t<meta name=\"twitter:data1\" content=\"2 minuti\" \/>\n<script type=\"application\/ld+json\" class=\"yoast-schema-graph\">{\"@context\":\"https:\/\/schema.org\",\"@graph\":[{\"@type\":\"WebPage\",\"@id\":\"https:\/\/www.teknocanta.com\/promozione-borsa-fiera\/\",\"url\":\"https:\/\/www.teknocanta.com\/promozione-borsa-fiera\/\",\"name\":\"Promozione Borsa Fiera - Tekno \u00c7anta - Promosyon Toptan \u00c7anta \u0130malat\u0131\",\"isPartOf\":{\"@id\":\"https:\/\/www.teknocanta.com\/#website\"},\"primaryImageOfPage\":{\"@id\":\"https:\/\/www.teknocanta.com\/promozione-borsa-fiera\/#primaryimage\"},\"image\":{\"@id\":\"https:\/\/www.teknocanta.com\/promozione-borsa-fiera\/#primaryimage\"},\"thumbnailUrl\":\"https:\/\/www.teknocanta.com\/wp-content\/uploads\/2021\/10\/promosyon_fuar_cantasi_ana_poz_9.jpg\",\"datePublished\":\"2021-10-14T12:57:35+00:00\",\"breadcrumb\":{\"@id\":\"https:\/\/www.teknocanta.com\/promozione-borsa-fiera\/#breadcrumb\"},\"inLanguage\":\"it-IT\",\"potentialAction\":[{\"@type\":\"ReadAction\",\"target\":[\"https:\/\/www.teknocanta.com\/promozione-borsa-fiera\/\"]}]},{\"@type\":\"ImageObject\",\"inLanguage\":\"it-IT\",\"@id\":\"https:\/\/www.teknocanta.com\/promozione-borsa-fiera\/#primaryimage\",\"url\":\"https:\/\/www.teknocanta.com\/wp-content\/uploads\/2021\/10\/promosyon_fuar_cantasi_ana_poz_9.jpg\",\"contentUrl\":\"https:\/\/www.teknocanta.com\/wp-content\/uploads\/2021\/10\/promosyon_fuar_cantasi_ana_poz_9.jpg\",\"width\":735,\"height\":888},{\"@type\":\"BreadcrumbList\",\"@id\":\"https:\/\/www.teknocanta.com\/promozione-borsa-fiera\/#breadcrumb\",\"itemListElement\":[{\"@type\":\"ListItem\",\"position\":1,\"name\":\"Ana sayfa\",\"item\":\"https:\/\/www.teknocanta.com\/it\/\"},{\"@type\":\"ListItem\",\"position\":2,\"name\":\"\u00dcr\u00fcnler\",\"item\":\"https:\/\/www.teknocanta.com\/urunler\/\"},{\"@type\":\"ListItem\",\"position\":3,\"name\":\"Promozione Borsa Fiera\"}]},{\"@type\":\"WebSite\",\"@id\":\"https:\/\/www.teknocanta.com\/#website\",\"url\":\"https:\/\/www.teknocanta.com\/\",\"name\":\"Tekno \u00c7anta - Promosyon Toptan \u00c7anta \u0130malat\u0131\",\"description\":\"Toptan \u00e7anta imalat\u0131, ham bez \u00e7anta, s\u0131rt \u00e7antalar\u0131, laptop ve evrak \u00e7antalar\u0131, kongre \u00e7antalar\u0131, fuar \u00e7antas\u0131 ve ipli b\u00fczg\u00fcl\u00fc \u00e7anta imalat\u0131 yapmaktay\u0131z.\",\"potentialAction\":[{\"@type\":\"SearchAction\",\"target\":{\"@type\":\"EntryPoint\",\"urlTemplate\":\"https:\/\/www.teknocanta.com\/?s={search_term_string}\"},\"query-input\":{\"@type\":\"PropertyValueSpecification\",\"valueRequired\":true,\"valueName\":\"search_term_string\"}}],\"inLanguage\":\"it-IT\"}]}<\/script>\n<!-- \/ Yoast SEO plugin. -->","yoast_head_json":{"title":"Promozione Borsa Fiera - Tekno \u00c7anta - Promosyon Toptan \u00c7anta \u0130malat\u0131","robots":{"index":"index","follow":"follow","max-snippet":"max-snippet:-1","max-image-preview":"max-image-preview:large","max-video-preview":"max-video-preview:-1"},"canonical":"https:\/\/www.teknocanta.com\/promozione-borsa-fiera\/","og_locale":"it_IT","og_type":"article","og_title":"Promozione Borsa Fiera - Tekno \u00c7anta - Promosyon Toptan \u00c7anta \u0130malat\u0131","og_description":"Promozione Borsa Fiera Il prezzo delle borse da esposizione indicato sulla nostra pagina web sar\u00e0 valido per ordini di 500 pezzi. Ci sar\u00e0 un aumento di prezzo per gli acquisti inferiori. Questo \u00e8 un prodotto in stock. Disponibile in magazzino in grigio. \u00c8 possibile ordinare sacchetti di colori diversi per gli ordini di produzione speciali.&hellip;","og_url":"https:\/\/www.teknocanta.com\/promozione-borsa-fiera\/","og_site_name":"Tekno \u00c7anta - Promosyon Toptan \u00c7anta \u0130malat\u0131","twitter_card":"summary_large_image","twitter_misc":{"Tempo di lettura stimato":"2 minuti"},"schema":{"@context":"https:\/\/schema.org","@graph":[{"@type":"WebPage","@id":"https:\/\/www.teknocanta.com\/promozione-borsa-fiera\/","url":"https:\/\/www.teknocanta.com\/promozione-borsa-fiera\/","name":"Promozione Borsa Fiera - Tekno \u00c7anta - Promosyon Toptan \u00c7anta \u0130malat\u0131","isPartOf":{"@id":"https:\/\/www.teknocanta.com\/#website"},"primaryImageOfPage":{"@id":"https:\/\/www.teknocanta.com\/promozione-borsa-fiera\/#primaryimage"},"image":{"@id":"https:\/\/www.teknocanta.com\/promozione-borsa-fiera\/#primaryimage"},"thumbnailUrl":"https:\/\/www.teknocanta.com\/wp-content\/uploads\/2021\/10\/promosyon_fuar_cantasi_ana_poz_9.jpg","datePublished":"2021-10-14T12:57:35+00:00","breadcrumb":{"@id":"https:\/\/www.teknocanta.com\/promozione-borsa-fiera\/#breadcrumb"},"inLanguage":"it-IT","potentialAction":[{"@type":"ReadAction","target":["https:\/\/www.teknocanta.com\/promozione-borsa-fiera\/"]}]},{"@type":"ImageObject","inLanguage":"it-IT","@id":"https:\/\/www.teknocanta.com\/promozione-borsa-fiera\/#primaryimage","url":"https:\/\/www.teknocanta.com\/wp-content\/uploads\/2021\/10\/promosyon_fuar_cantasi_ana_poz_9.jpg","contentUrl":"https:\/\/www.teknocanta.com\/wp-content\/uploads\/2021\/10\/promosyon_fuar_cantasi_ana_poz_9.jpg","width":735,"height":888},{"@type":"BreadcrumbList","@id":"https:\/\/www.teknocanta.com\/promozione-borsa-fiera\/#breadcrumb","itemListElement":[{"@type":"ListItem","position":1,"name":"Ana sayfa","item":"https:\/\/www.teknocanta.com\/it\/"},{"@type":"ListItem","position":2,"name":"\u00dcr\u00fcnler","item":"https:\/\/www.teknocanta.com\/urunler\/"},{"@type":"ListItem","position":3,"name":"Promozione Borsa Fiera"}]},{"@type":"WebSite","@id":"https:\/\/www.teknocanta.com\/#website","url":"https:\/\/www.teknocanta.com\/","name":"Tekno \u00c7anta - Promosyon Toptan \u00c7anta \u0130malat\u0131","description":"Toptan \u00e7anta imalat\u0131, ham bez \u00e7anta, s\u0131rt \u00e7antalar\u0131, laptop ve evrak \u00e7antalar\u0131, kongre \u00e7antalar\u0131, fuar \u00e7antas\u0131 ve ipli b\u00fczg\u00fcl\u00fc \u00e7anta imalat\u0131 yapmaktay\u0131z.","potentialAction":[{"@type":"SearchAction","target":{"@type":"EntryPoint","urlTemplate":"https:\/\/www.teknocanta.com\/?s={search_term_string}"},"query-input":{"@type":"PropertyValueSpecification","valueRequired":true,"valueName":"search_term_string"}}],"inLanguage":"it-IT"}]}},"_links":{"self":[{"href":"https:\/\/www.teknocanta.com\/it\/wp-json\/wp\/v2\/product\/44623","targetHints":{"allow":["GET"]}}],"collection":[{"href":"https:\/\/www.teknocanta.com\/it\/wp-json\/wp\/v2\/product"}],"about":[{"href":"https:\/\/www.teknocanta.com\/it\/wp-json\/wp\/v2\/types\/product"}],"replies":[{"embeddable":true,"href":"https:\/\/www.teknocanta.com\/it\/wp-json\/wp\/v2\/comments?post=44623"}],"wp:featuredmedia":[{"embeddable":true,"href":"https:\/\/www.teknocanta.com\/it\/wp-json\/wp\/v2\/media\/42636"}],"wp:attachment":[{"href":"https:\/\/www.teknocanta.com\/it\/wp-json\/wp\/v2\/media?parent=44623"}],"wp:term":[{"taxonomy":"product_brand","embeddable":true,"href":"https:\/\/www.teknocanta.com\/it\/wp-json\/wp\/v2\/product_brand?post=44623"},{"taxonomy":"product_cat","embeddable":true,"href":"https:\/\/www.teknocanta.com\/it\/wp-json\/wp\/v2\/product_cat?post=44623"},{"taxonomy":"product_tag","embeddable":true,"href":"https:\/\/www.teknocanta.com\/it\/wp-json\/wp\/v2\/product_tag?post=44623"}],"curies":[{"name":"wp","href":"https:\/\/api.w.org\/{rel}","templated":true}]}}