{"id":44617,"date":"2021-10-14T15:57:57","date_gmt":"2021-10-14T12:57:57","guid":{"rendered":"https:\/\/www.teknocanta.com\/borsa-congressuale-promozionale\/"},"modified":"2021-10-14T15:57:57","modified_gmt":"2021-10-14T12:57:57","slug":"borsa-congresso-promozionale","status":"publish","type":"product","link":"https:\/\/www.teknocanta.com\/it\/prodotto\/borsa-congresso-promozionale\/","title":{"rendered":"Borsa congressuale promozionale"},"content":{"rendered":"<p>Borsa congressuale promozionale<\/p>\n<p>Il prezzo promozionale della borsa da congresso indicato sulla nostra pagina web sar\u00e0 valido per ordini di 500 pezzi. Si prega di richiedere un listino prezzi per quantit\u00e0 diverse.<\/p>\n<p>Questo \u00e8 un prodotto in stock. Il colore della borsa in stock \u00e8 grigio.&nbsp;<\/p>\n<p>L&#8217;IVA 8% e le spese di stampa non sono incluse nel prezzo.&nbsp;<\/p>\n<p>Le dimensioni della borsa sono 44x30x14 cm. La borsa \u00e8 composta da 1 parte superiore e 2 parti anteriori e sezioni. La borsa \u00e8 realizzata con schiuma spessa 8 mm e cerniera di qualit\u00e0 di tipo 8. La borsa \u00e8 dotata di uno scomparto per il computer portatile e di piccole tasche per i piccoli oggetti di uso quotidiano, come le penne.&nbsp;<\/p>\n<p>Lo zaino promozionale per congressi \u00e8 realizzato in tessuto di lino imperteks di lusso, impermeabile e privo di sostanze cancerogene. Kuma\u015f y\u00fczeyi teknik a\u00e7\u0131dan her t\u00fcrl\u00fc bask\u0131 i\u00e7in uygundur. La stampa a trasferimento, la serigrafia o la stampa a ricamo possono essere effettuate su qualsiasi area interna o esterna della borsa. Se lo desiderate, il vostro logo pu\u00f2 essere stampato sulla piastra metallica con tecnica di stampa laser e montato sulla borsa.<\/p>\n<p>Per ordini pari o superiori a 200 pezzi, il colore del tessuto, della fodera e della cerniera pu\u00f2 essere prodotto nel colore desiderato. \u00c8 possibile scegliere il colore del tessuto dalla tabella dei colori del tessuto \u00c8 possibile scegliere una lunghezza maggiore o minore della borsa.<\/p>\n<p>La stampa di ricami non \u00e8 tecnicamente possibile sulle borse congressuali in stock promozionale. La stampa del ricamo viene effettuata anche sul tessuto in questione durante la produzione. Nelle borse pronte, la stampa serigrafica \u00e8 possibile per i loghi monocolore, mentre la tecnica di stampa transfer \u00e8 possibile per i loghi a due o pi\u00f9 colori.&nbsp;<\/p>\n<p>I tempi di produzione per gli ordini di borse per congressi all&#8217;ingrosso sono di almeno una settimana, a seconda della quantit\u00e0. I prodotti in stock possono essere consegnati il giorno stesso senza stampa. I tempi di stampa per i prodotti in stock sono di qualche giorno.<\/p>\n<p>Le borse per congressi rifornite verranno in vostro soccorso in caso di necessit\u00e0 di borse per congressi urgenti. Le borse promozionali in stock soddisfano rapidamente le vostre esigenze con o senza stampa, senza dover attendere i tempi di produzione. Poich\u00e9 la produzione di sacchetti richiede in media almeno una settimana, le organizzazioni che non hanno tempo e hanno bisogno di un sacchetto in anticipo saranno una buona soluzione.&nbsp;<\/p>\n<p>Gli zaini promozionali all&#8217;ingrosso sono molto adatti alle aziende, ai congressi e ai simposi. \u00c8 un prodotto con una capacit\u00e0 sufficiente a soddisfare le esigenze quotidiane \u00c8 un modello di valigetta leggero e funzionale.<\/p>\n<p>Gli zaini promozionali sono un utile prodotto promozionale che potete utilizzare in tutti i tipi di eventi come congressi, simposi e seminari e che potete regalare ai vostri clienti.<\/p>\n<p>La sede di produzione di Avrupa Bag \u00e8 Istanbul ed \u00e8 un prodotto al 100% nazionale. La nostra officina si trova nel distretto di K\u00fc\u00e7\u00fck\u00e7ekmece, il nostro ufficio vendite e lo showroom sono nel distretto di Ba\u011fc\u0131lar, nel sito dei grossisti di Istoc.<\/p>\n<p>I nostri prodotti possono essere spediti in tutta la Turchia a prezzi economici con le nostre societ\u00e0 di trasporto o di magazzino dal nostro indirizzo di isto\u00e7.<\/p>\n","protected":false},"excerpt":{"rendered":"<p>Borsa congressuale promozionale Il prezzo promozionale della borsa da congresso indicato sulla nostra pagina web sar\u00e0 valido per ordini di 500 pezzi. Si prega di richiedere un listino prezzi per quantit\u00e0 diverse. Questo \u00e8 un prodotto in stock. Il colore della borsa in stock \u00e8 grigio.&nbsp; L&#8217;IVA 8% e le spese di stampa non sono&hellip;<\/p>\n","protected":false},"featured_media":42783,"comment_status":"open","ping_status":"closed","template":"","meta":[],"product_brand":[],"product_cat":[1364,1377,1375],"product_tag":[1678,1467],"class_list":{"0":"post-44617","1":"product","2":"type-product","3":"status-publish","4":"has-post-thumbnail","6":"product_cat-borsa-per-congressi-e-simposi","7":"product_cat-borse-rifornite","8":"product_cat-zaino","9":"product_tag-borsa-di-emergenza","10":"product_tag-borsa-di-istanbul","11":"description-off","13":"first","14":"instock","15":"shipping-taxable","16":"purchasable","17":"product-type-simple"},"yoast_head":"<!-- This site is optimized with the Yoast SEO plugin v26.6 - https:\/\/yoast.com\/wordpress\/plugins\/seo\/ -->\n<title>Borsa congressuale promozionale - Tekno \u00c7anta - Promosyon Toptan \u00c7anta \u0130malat\u0131<\/title>\n<meta name=\"robots\" content=\"index, follow, max-snippet:-1, max-image-preview:large, max-video-preview:-1\" \/>\n<link rel=\"canonical\" href=\"https:\/\/www.teknocanta.com\/borsa-congressuale-promozionale\/\" \/>\n<meta property=\"og:locale\" content=\"it_IT\" \/>\n<meta property=\"og:type\" content=\"article\" \/>\n<meta property=\"og:title\" content=\"Borsa congressuale promozionale - Tekno \u00c7anta - Promosyon Toptan \u00c7anta \u0130malat\u0131\" \/>\n<meta property=\"og:description\" content=\"Borsa congressuale promozionale Il prezzo promozionale della borsa da congresso indicato sulla nostra pagina web sar\u00e0 valido per ordini di 500 pezzi. Si prega di richiedere un listino prezzi per quantit\u00e0 diverse. Questo \u00e8 un prodotto in stock. Il colore della borsa in stock \u00e8 grigio.&nbsp; L&#8217;IVA 8% e le spese di stampa non sono&hellip;\" \/>\n<meta property=\"og:url\" content=\"https:\/\/www.teknocanta.com\/borsa-congressuale-promozionale\/\" \/>\n<meta property=\"og:site_name\" content=\"Tekno \u00c7anta - Promosyon Toptan \u00c7anta \u0130malat\u0131\" \/>\n<meta name=\"twitter:card\" content=\"summary_large_image\" \/>\n<meta name=\"twitter:label1\" content=\"Tempo di lettura stimato\" \/>\n\t<meta name=\"twitter:data1\" content=\"3 minuti\" \/>\n<script type=\"application\/ld+json\" class=\"yoast-schema-graph\">{\"@context\":\"https:\/\/schema.org\",\"@graph\":[{\"@type\":\"WebPage\",\"@id\":\"https:\/\/www.teknocanta.com\/borsa-congressuale-promozionale\/\",\"url\":\"https:\/\/www.teknocanta.com\/borsa-congressuale-promozionale\/\",\"name\":\"Borsa congressuale promozionale - Tekno \u00c7anta - Promosyon Toptan \u00c7anta \u0130malat\u0131\",\"isPartOf\":{\"@id\":\"https:\/\/www.teknocanta.com\/#website\"},\"primaryImageOfPage\":{\"@id\":\"https:\/\/www.teknocanta.com\/borsa-congressuale-promozionale\/#primaryimage\"},\"image\":{\"@id\":\"https:\/\/www.teknocanta.com\/borsa-congressuale-promozionale\/#primaryimage\"},\"thumbnailUrl\":\"https:\/\/www.teknocanta.com\/wp-content\/uploads\/2021\/10\/promosyon_kongre_cantasi_yeni_ana_1.jpg\",\"datePublished\":\"2021-10-14T12:57:57+00:00\",\"breadcrumb\":{\"@id\":\"https:\/\/www.teknocanta.com\/borsa-congressuale-promozionale\/#breadcrumb\"},\"inLanguage\":\"it-IT\",\"potentialAction\":[{\"@type\":\"ReadAction\",\"target\":[\"https:\/\/www.teknocanta.com\/borsa-congressuale-promozionale\/\"]}]},{\"@type\":\"ImageObject\",\"inLanguage\":\"it-IT\",\"@id\":\"https:\/\/www.teknocanta.com\/borsa-congressuale-promozionale\/#primaryimage\",\"url\":\"https:\/\/www.teknocanta.com\/wp-content\/uploads\/2021\/10\/promosyon_kongre_cantasi_yeni_ana_1.jpg\",\"contentUrl\":\"https:\/\/www.teknocanta.com\/wp-content\/uploads\/2021\/10\/promosyon_kongre_cantasi_yeni_ana_1.jpg\",\"width\":985,\"height\":1305},{\"@type\":\"BreadcrumbList\",\"@id\":\"https:\/\/www.teknocanta.com\/borsa-congressuale-promozionale\/#breadcrumb\",\"itemListElement\":[{\"@type\":\"ListItem\",\"position\":1,\"name\":\"Ana sayfa\",\"item\":\"https:\/\/www.teknocanta.com\/it\/\"},{\"@type\":\"ListItem\",\"position\":2,\"name\":\"\u00dcr\u00fcnler\",\"item\":\"https:\/\/www.teknocanta.com\/urunler\/\"},{\"@type\":\"ListItem\",\"position\":3,\"name\":\"Borsa congressuale promozionale\"}]},{\"@type\":\"WebSite\",\"@id\":\"https:\/\/www.teknocanta.com\/#website\",\"url\":\"https:\/\/www.teknocanta.com\/\",\"name\":\"Tekno \u00c7anta - Promosyon Toptan \u00c7anta \u0130malat\u0131\",\"description\":\"Toptan \u00e7anta imalat\u0131, ham bez \u00e7anta, s\u0131rt \u00e7antalar\u0131, laptop ve evrak \u00e7antalar\u0131, kongre \u00e7antalar\u0131, fuar \u00e7antas\u0131 ve ipli b\u00fczg\u00fcl\u00fc \u00e7anta imalat\u0131 yapmaktay\u0131z.\",\"potentialAction\":[{\"@type\":\"SearchAction\",\"target\":{\"@type\":\"EntryPoint\",\"urlTemplate\":\"https:\/\/www.teknocanta.com\/?s={search_term_string}\"},\"query-input\":{\"@type\":\"PropertyValueSpecification\",\"valueRequired\":true,\"valueName\":\"search_term_string\"}}],\"inLanguage\":\"it-IT\"}]}<\/script>\n<!-- \/ Yoast SEO plugin. -->","yoast_head_json":{"title":"Borsa congressuale promozionale - Tekno \u00c7anta - Promosyon Toptan \u00c7anta \u0130malat\u0131","robots":{"index":"index","follow":"follow","max-snippet":"max-snippet:-1","max-image-preview":"max-image-preview:large","max-video-preview":"max-video-preview:-1"},"canonical":"https:\/\/www.teknocanta.com\/borsa-congressuale-promozionale\/","og_locale":"it_IT","og_type":"article","og_title":"Borsa congressuale promozionale - Tekno \u00c7anta - Promosyon Toptan \u00c7anta \u0130malat\u0131","og_description":"Borsa congressuale promozionale Il prezzo promozionale della borsa da congresso indicato sulla nostra pagina web sar\u00e0 valido per ordini di 500 pezzi. Si prega di richiedere un listino prezzi per quantit\u00e0 diverse. Questo \u00e8 un prodotto in stock. Il colore della borsa in stock \u00e8 grigio.&nbsp; L&#8217;IVA 8% e le spese di stampa non sono&hellip;","og_url":"https:\/\/www.teknocanta.com\/borsa-congressuale-promozionale\/","og_site_name":"Tekno \u00c7anta - Promosyon Toptan \u00c7anta \u0130malat\u0131","twitter_card":"summary_large_image","twitter_misc":{"Tempo di lettura stimato":"3 minuti"},"schema":{"@context":"https:\/\/schema.org","@graph":[{"@type":"WebPage","@id":"https:\/\/www.teknocanta.com\/borsa-congressuale-promozionale\/","url":"https:\/\/www.teknocanta.com\/borsa-congressuale-promozionale\/","name":"Borsa congressuale promozionale - Tekno \u00c7anta - Promosyon Toptan \u00c7anta \u0130malat\u0131","isPartOf":{"@id":"https:\/\/www.teknocanta.com\/#website"},"primaryImageOfPage":{"@id":"https:\/\/www.teknocanta.com\/borsa-congressuale-promozionale\/#primaryimage"},"image":{"@id":"https:\/\/www.teknocanta.com\/borsa-congressuale-promozionale\/#primaryimage"},"thumbnailUrl":"https:\/\/www.teknocanta.com\/wp-content\/uploads\/2021\/10\/promosyon_kongre_cantasi_yeni_ana_1.jpg","datePublished":"2021-10-14T12:57:57+00:00","breadcrumb":{"@id":"https:\/\/www.teknocanta.com\/borsa-congressuale-promozionale\/#breadcrumb"},"inLanguage":"it-IT","potentialAction":[{"@type":"ReadAction","target":["https:\/\/www.teknocanta.com\/borsa-congressuale-promozionale\/"]}]},{"@type":"ImageObject","inLanguage":"it-IT","@id":"https:\/\/www.teknocanta.com\/borsa-congressuale-promozionale\/#primaryimage","url":"https:\/\/www.teknocanta.com\/wp-content\/uploads\/2021\/10\/promosyon_kongre_cantasi_yeni_ana_1.jpg","contentUrl":"https:\/\/www.teknocanta.com\/wp-content\/uploads\/2021\/10\/promosyon_kongre_cantasi_yeni_ana_1.jpg","width":985,"height":1305},{"@type":"BreadcrumbList","@id":"https:\/\/www.teknocanta.com\/borsa-congressuale-promozionale\/#breadcrumb","itemListElement":[{"@type":"ListItem","position":1,"name":"Ana sayfa","item":"https:\/\/www.teknocanta.com\/it\/"},{"@type":"ListItem","position":2,"name":"\u00dcr\u00fcnler","item":"https:\/\/www.teknocanta.com\/urunler\/"},{"@type":"ListItem","position":3,"name":"Borsa congressuale promozionale"}]},{"@type":"WebSite","@id":"https:\/\/www.teknocanta.com\/#website","url":"https:\/\/www.teknocanta.com\/","name":"Tekno \u00c7anta - Promosyon Toptan \u00c7anta \u0130malat\u0131","description":"Toptan \u00e7anta imalat\u0131, ham bez \u00e7anta, s\u0131rt \u00e7antalar\u0131, laptop ve evrak \u00e7antalar\u0131, kongre \u00e7antalar\u0131, fuar \u00e7antas\u0131 ve ipli b\u00fczg\u00fcl\u00fc \u00e7anta imalat\u0131 yapmaktay\u0131z.","potentialAction":[{"@type":"SearchAction","target":{"@type":"EntryPoint","urlTemplate":"https:\/\/www.teknocanta.com\/?s={search_term_string}"},"query-input":{"@type":"PropertyValueSpecification","valueRequired":true,"valueName":"search_term_string"}}],"inLanguage":"it-IT"}]}},"_links":{"self":[{"href":"https:\/\/www.teknocanta.com\/it\/wp-json\/wp\/v2\/product\/44617","targetHints":{"allow":["GET"]}}],"collection":[{"href":"https:\/\/www.teknocanta.com\/it\/wp-json\/wp\/v2\/product"}],"about":[{"href":"https:\/\/www.teknocanta.com\/it\/wp-json\/wp\/v2\/types\/product"}],"replies":[{"embeddable":true,"href":"https:\/\/www.teknocanta.com\/it\/wp-json\/wp\/v2\/comments?post=44617"}],"wp:featuredmedia":[{"embeddable":true,"href":"https:\/\/www.teknocanta.com\/it\/wp-json\/wp\/v2\/media\/42783"}],"wp:attachment":[{"href":"https:\/\/www.teknocanta.com\/it\/wp-json\/wp\/v2\/media?parent=44617"}],"wp:term":[{"taxonomy":"product_brand","embeddable":true,"href":"https:\/\/www.teknocanta.com\/it\/wp-json\/wp\/v2\/product_brand?post=44617"},{"taxonomy":"product_cat","embeddable":true,"href":"https:\/\/www.teknocanta.com\/it\/wp-json\/wp\/v2\/product_cat?post=44617"},{"taxonomy":"product_tag","embeddable":true,"href":"https:\/\/www.teknocanta.com\/it\/wp-json\/wp\/v2\/product_tag?post=44617"}],"curies":[{"name":"wp","href":"https:\/\/api.w.org\/{rel}","templated":true}]}}