{"id":44593,"date":"2021-10-14T15:58:20","date_gmt":"2021-10-14T12:58:20","guid":{"rendered":"https:\/\/www.teknocanta.com\/zaino-da-congresso-promozionale\/"},"modified":"2021-10-14T15:58:20","modified_gmt":"2021-10-14T12:58:20","slug":"zaino-promozionale-per-il-congresso","status":"publish","type":"product","link":"https:\/\/www.teknocanta.com\/it\/prodotto\/zaino-promozionale-per-il-congresso\/","title":{"rendered":"Zaino da congresso promozionale"},"content":{"rendered":"<p class=\"MsoNormal\">Zaino da congresso promozionale<\/p>\n<p class=\"MsoNormal\">Prezzo dello zaino da congresso promozionale scritto sulla nostra pagina web<br \/>\nSar\u00e0 valido per ordini di 500 pezzi. Listino prezzi per diverse quantit\u00e0<br \/>\nchiedere.<o:p><\/o:p><\/p>\n<p class=\"MsoNormal\">Si tratta di un prodotto in stock. Il colore della borsa in stock \u00e8 grigio. <o:p><\/o:p><\/p>\n<p class=\"MsoNormal\">L&#8217;IVA 8% e le spese di stampa non sono incluse nel prezzo.<\/p>\n<p class=\"MsoNormal\">Le dimensioni della borsa sono 45x30x14 cm. Borsa 2 superiore e 2 anteriore<br \/>\ne si compone di sezioni. Schiuma di 8 mm di spessore nel sacchetto e qualit\u00e0 di tipo 8<br \/>\nViene utilizzata una chiusura a zip. La borsa contiene uno scomparto per il computer portatile e piccoli oggetti di uso quotidiano come penne e matite.<br \/>\nSono presenti piccole tasche per riporre gli oggetti.<\/p>\n<p class=\"MsoNormal\">Zaino da congresso promozionale impermeabile e sostanza cancerogena<br \/>\nin lussuoso tessuto di lino impertex. Superficie del tessuto tecnica<br \/>\nAdatto a tutti i tipi di stampa da qualsiasi angolazione. Nessun danno all&#8217;interno o all&#8217;esterno della borsa<br \/>\n\u00c8 possibile eseguire la stampa a trasferimento, la serigrafia o la stampa a ricamo sull&#8217;area. Se si desidera<br \/>\nil vostro logo viene stampato sulla piastra metallica con tecnica di stampa laser e montato sulla borsa<br \/>\nSi pu\u00f2 fare.<\/p>\n<p class=\"MsoNormal\">200 pezzi e pi\u00f9 di tessuto per i vostri ordini di borse speciali di produzione<br \/>\ncolore, il colore della fodera e il colore della cerniera possono essere prodotti in qualsiasi colore desiderato. Colore del tessuto<br \/>\n\u00e8 possibile scegliere un colore di tessuto dal campionario. Lunghezza della borsa pi\u00f9 lunga o pi\u00f9 corta<br \/>\nsi pu\u00f2 preferire.<\/p>\n<p class=\"MsoNormal\">Ricamo tecnico su borse promozionali per congressi<br \/>\npressione non \u00e8 possibile. La stampa a ricamo viene applicata anche al tessuto in questione durante la produzione.<br \/>\nsono in corso di realizzazione. Stampa serigrafica di loghi a un colore su borse pronte, a due o tre colori.<br \/>\nLa tecnica di stampa transfer \u00e8 possibile per i loghi con pi\u00f9 colori.<\/p>\n<p class=\"MsoNormal\">Tempi di produzione per i vostri ordini di borse congressuali all&#8217;ingrosso<br \/>\nalmeno una settimana, a seconda del tempo. Prodotti in stock senza stampa il giorno stesso<br \/>\npu\u00f2 essere consegnato. I tempi di stampa per i prodotti in stock sono di qualche giorno.<\/p>\n<p class=\"MsoNormal\">Borse da congresso rifornite per le vostre esigenze di borse da congresso urgenti<br \/>\nverr\u00e0 in vostro soccorso. Borse promozionali stoccate tempo di produzione in attesa<br \/>\nsenza la necessit\u00e0 di stampare o dis-stampare rapidamente a seconda delle esigenze<br \/>\nrisolver\u00e0 il problema. Dal momento che la fabbricazione della borsa richiede in media almeno una settimana<br \/>\nuna buona soluzione per le organizzazioni che non hanno e hanno bisogno di una borsa in un momento precedente<br \/>\nsar\u00e0.<\/p>\n<p class=\"MsoNormal\">Zaini promozionali all&#8217;ingrosso per congressi e simposi<br \/>\n\u00c8 anche molto adatto alle aziende. Esigenze quotidiane<br \/>\nSi tratta di un prodotto con una capacit\u00e0 sufficiente a soddisfare. Leggero e funzionale<br \/>\nmodello di valigetta.<\/p>\n<p class=\"MsoNormal\">Zaini promozionali, ad esempio per congressi, simposi e seminari<br \/>\nsi pu\u00f2 utilizzare in tutti i tipi di eventi, regalare ai propri clienti<br \/>\n\u00e8 un utile prodotto promozionale che potete utilizzare.<\/p>\n<p class=\"MsoNormal\">La sede di produzione delle borse europee \u00e8 Istanbul e la produzione \u00e8 al 100% nazionale.<br \/>\n\u00e8 un prodotto. La nostra officina si trova nel quartiere di K\u00fc\u00e7\u00fck\u00e7ekmece, il nostro ufficio vendite e lo showroom<br \/>\nsi trova nel distretto di Ba\u011fc\u0131lar, nel sito dei grossisti istoc.<\/p>\n<p class=\"MsoNormal\">I nostri prodotti sono il nostro carico contrattuale dal nostro indirizzo istoc<br \/>\no aziende di magazzinaggio con prezzi economici in tutta la Turchia<br \/>\n.pu\u00f2 essere realizzato<o:p><\/o:p><\/p>\n","protected":false},"excerpt":{"rendered":"<p>Zaino da congresso promozionale Prezzo dello zaino da congresso promozionale scritto sulla nostra pagina web Sar\u00e0 valido per ordini di 500 pezzi. Listino prezzi per diverse quantit\u00e0 chiedere. Si tratta di un prodotto in stock. Il colore della borsa in stock \u00e8 grigio. L&#8217;IVA 8% e le spese di stampa non sono incluse nel prezzo.&hellip;<\/p>\n","protected":false},"featured_media":42798,"comment_status":"open","ping_status":"closed","template":"","meta":[],"product_brand":[],"product_cat":[1364,1377,1375],"product_tag":[1569,1657],"class_list":{"0":"post-44593","1":"product","2":"type-product","3":"status-publish","4":"has-post-thumbnail","6":"product_cat-borsa-per-congressi-e-simposi","7":"product_cat-borse-rifornite","8":"product_cat-zaino","9":"product_tag-produttore-di-borse-it","10":"product_tag-produttori-di-sacchi-in-istocta","11":"description-off","13":"first","14":"instock","15":"shipping-taxable","16":"purchasable","17":"product-type-simple"},"yoast_head":"<!-- This site is optimized with the Yoast SEO plugin v26.6 - https:\/\/yoast.com\/wordpress\/plugins\/seo\/ -->\n<title>Zaino da congresso promozionale - Tekno \u00c7anta - Promosyon Toptan \u00c7anta \u0130malat\u0131<\/title>\n<meta name=\"robots\" content=\"index, follow, max-snippet:-1, max-image-preview:large, max-video-preview:-1\" \/>\n<link rel=\"canonical\" href=\"https:\/\/www.teknocanta.com\/zaino-da-congresso-promozionale\/\" \/>\n<meta property=\"og:locale\" content=\"it_IT\" \/>\n<meta property=\"og:type\" content=\"article\" \/>\n<meta property=\"og:title\" content=\"Zaino da congresso promozionale - Tekno \u00c7anta - Promosyon Toptan \u00c7anta \u0130malat\u0131\" \/>\n<meta property=\"og:description\" content=\"Zaino da congresso promozionale Prezzo dello zaino da congresso promozionale scritto sulla nostra pagina web Sar\u00e0 valido per ordini di 500 pezzi. Listino prezzi per diverse quantit\u00e0 chiedere. Si tratta di un prodotto in stock. Il colore della borsa in stock \u00e8 grigio. L&#8217;IVA 8% e le spese di stampa non sono incluse nel prezzo.&hellip;\" \/>\n<meta property=\"og:url\" content=\"https:\/\/www.teknocanta.com\/zaino-da-congresso-promozionale\/\" \/>\n<meta property=\"og:site_name\" content=\"Tekno \u00c7anta - Promosyon Toptan \u00c7anta \u0130malat\u0131\" \/>\n<meta name=\"twitter:card\" content=\"summary_large_image\" \/>\n<meta name=\"twitter:label1\" content=\"Tempo di lettura stimato\" \/>\n\t<meta name=\"twitter:data1\" content=\"3 minuti\" \/>\n<script type=\"application\/ld+json\" class=\"yoast-schema-graph\">{\"@context\":\"https:\/\/schema.org\",\"@graph\":[{\"@type\":\"WebPage\",\"@id\":\"https:\/\/www.teknocanta.com\/zaino-da-congresso-promozionale\/\",\"url\":\"https:\/\/www.teknocanta.com\/zaino-da-congresso-promozionale\/\",\"name\":\"Zaino da congresso promozionale - Tekno \u00c7anta - Promosyon Toptan \u00c7anta \u0130malat\u0131\",\"isPartOf\":{\"@id\":\"https:\/\/www.teknocanta.com\/#website\"},\"primaryImageOfPage\":{\"@id\":\"https:\/\/www.teknocanta.com\/zaino-da-congresso-promozionale\/#primaryimage\"},\"image\":{\"@id\":\"https:\/\/www.teknocanta.com\/zaino-da-congresso-promozionale\/#primaryimage\"},\"thumbnailUrl\":\"https:\/\/www.teknocanta.com\/wp-content\/uploads\/2021\/10\/promosyonkongresirtcantasianaresim98.jpg\",\"datePublished\":\"2021-10-14T12:58:20+00:00\",\"breadcrumb\":{\"@id\":\"https:\/\/www.teknocanta.com\/zaino-da-congresso-promozionale\/#breadcrumb\"},\"inLanguage\":\"it-IT\",\"potentialAction\":[{\"@type\":\"ReadAction\",\"target\":[\"https:\/\/www.teknocanta.com\/zaino-da-congresso-promozionale\/\"]}]},{\"@type\":\"ImageObject\",\"inLanguage\":\"it-IT\",\"@id\":\"https:\/\/www.teknocanta.com\/zaino-da-congresso-promozionale\/#primaryimage\",\"url\":\"https:\/\/www.teknocanta.com\/wp-content\/uploads\/2021\/10\/promosyonkongresirtcantasianaresim98.jpg\",\"contentUrl\":\"https:\/\/www.teknocanta.com\/wp-content\/uploads\/2021\/10\/promosyonkongresirtcantasianaresim98.jpg\",\"width\":580,\"height\":681},{\"@type\":\"BreadcrumbList\",\"@id\":\"https:\/\/www.teknocanta.com\/zaino-da-congresso-promozionale\/#breadcrumb\",\"itemListElement\":[{\"@type\":\"ListItem\",\"position\":1,\"name\":\"Ana sayfa\",\"item\":\"https:\/\/www.teknocanta.com\/it\/\"},{\"@type\":\"ListItem\",\"position\":2,\"name\":\"\u00dcr\u00fcnler\",\"item\":\"https:\/\/www.teknocanta.com\/urunler\/\"},{\"@type\":\"ListItem\",\"position\":3,\"name\":\"Zaino da congresso promozionale\"}]},{\"@type\":\"WebSite\",\"@id\":\"https:\/\/www.teknocanta.com\/#website\",\"url\":\"https:\/\/www.teknocanta.com\/\",\"name\":\"Tekno \u00c7anta - Promosyon Toptan \u00c7anta \u0130malat\u0131\",\"description\":\"Toptan \u00e7anta imalat\u0131, ham bez \u00e7anta, s\u0131rt \u00e7antalar\u0131, laptop ve evrak \u00e7antalar\u0131, kongre \u00e7antalar\u0131, fuar \u00e7antas\u0131 ve ipli b\u00fczg\u00fcl\u00fc \u00e7anta imalat\u0131 yapmaktay\u0131z.\",\"potentialAction\":[{\"@type\":\"SearchAction\",\"target\":{\"@type\":\"EntryPoint\",\"urlTemplate\":\"https:\/\/www.teknocanta.com\/?s={search_term_string}\"},\"query-input\":{\"@type\":\"PropertyValueSpecification\",\"valueRequired\":true,\"valueName\":\"search_term_string\"}}],\"inLanguage\":\"it-IT\"}]}<\/script>\n<!-- \/ Yoast SEO plugin. -->","yoast_head_json":{"title":"Zaino da congresso promozionale - Tekno \u00c7anta - Promosyon Toptan \u00c7anta \u0130malat\u0131","robots":{"index":"index","follow":"follow","max-snippet":"max-snippet:-1","max-image-preview":"max-image-preview:large","max-video-preview":"max-video-preview:-1"},"canonical":"https:\/\/www.teknocanta.com\/zaino-da-congresso-promozionale\/","og_locale":"it_IT","og_type":"article","og_title":"Zaino da congresso promozionale - Tekno \u00c7anta - Promosyon Toptan \u00c7anta \u0130malat\u0131","og_description":"Zaino da congresso promozionale Prezzo dello zaino da congresso promozionale scritto sulla nostra pagina web Sar\u00e0 valido per ordini di 500 pezzi. Listino prezzi per diverse quantit\u00e0 chiedere. Si tratta di un prodotto in stock. Il colore della borsa in stock \u00e8 grigio. L&#8217;IVA 8% e le spese di stampa non sono incluse nel prezzo.&hellip;","og_url":"https:\/\/www.teknocanta.com\/zaino-da-congresso-promozionale\/","og_site_name":"Tekno \u00c7anta - Promosyon Toptan \u00c7anta \u0130malat\u0131","twitter_card":"summary_large_image","twitter_misc":{"Tempo di lettura stimato":"3 minuti"},"schema":{"@context":"https:\/\/schema.org","@graph":[{"@type":"WebPage","@id":"https:\/\/www.teknocanta.com\/zaino-da-congresso-promozionale\/","url":"https:\/\/www.teknocanta.com\/zaino-da-congresso-promozionale\/","name":"Zaino da congresso promozionale - Tekno \u00c7anta - Promosyon Toptan \u00c7anta \u0130malat\u0131","isPartOf":{"@id":"https:\/\/www.teknocanta.com\/#website"},"primaryImageOfPage":{"@id":"https:\/\/www.teknocanta.com\/zaino-da-congresso-promozionale\/#primaryimage"},"image":{"@id":"https:\/\/www.teknocanta.com\/zaino-da-congresso-promozionale\/#primaryimage"},"thumbnailUrl":"https:\/\/www.teknocanta.com\/wp-content\/uploads\/2021\/10\/promosyonkongresirtcantasianaresim98.jpg","datePublished":"2021-10-14T12:58:20+00:00","breadcrumb":{"@id":"https:\/\/www.teknocanta.com\/zaino-da-congresso-promozionale\/#breadcrumb"},"inLanguage":"it-IT","potentialAction":[{"@type":"ReadAction","target":["https:\/\/www.teknocanta.com\/zaino-da-congresso-promozionale\/"]}]},{"@type":"ImageObject","inLanguage":"it-IT","@id":"https:\/\/www.teknocanta.com\/zaino-da-congresso-promozionale\/#primaryimage","url":"https:\/\/www.teknocanta.com\/wp-content\/uploads\/2021\/10\/promosyonkongresirtcantasianaresim98.jpg","contentUrl":"https:\/\/www.teknocanta.com\/wp-content\/uploads\/2021\/10\/promosyonkongresirtcantasianaresim98.jpg","width":580,"height":681},{"@type":"BreadcrumbList","@id":"https:\/\/www.teknocanta.com\/zaino-da-congresso-promozionale\/#breadcrumb","itemListElement":[{"@type":"ListItem","position":1,"name":"Ana sayfa","item":"https:\/\/www.teknocanta.com\/it\/"},{"@type":"ListItem","position":2,"name":"\u00dcr\u00fcnler","item":"https:\/\/www.teknocanta.com\/urunler\/"},{"@type":"ListItem","position":3,"name":"Zaino da congresso promozionale"}]},{"@type":"WebSite","@id":"https:\/\/www.teknocanta.com\/#website","url":"https:\/\/www.teknocanta.com\/","name":"Tekno \u00c7anta - Promosyon Toptan \u00c7anta \u0130malat\u0131","description":"Toptan \u00e7anta imalat\u0131, ham bez \u00e7anta, s\u0131rt \u00e7antalar\u0131, laptop ve evrak \u00e7antalar\u0131, kongre \u00e7antalar\u0131, fuar \u00e7antas\u0131 ve ipli b\u00fczg\u00fcl\u00fc \u00e7anta imalat\u0131 yapmaktay\u0131z.","potentialAction":[{"@type":"SearchAction","target":{"@type":"EntryPoint","urlTemplate":"https:\/\/www.teknocanta.com\/?s={search_term_string}"},"query-input":{"@type":"PropertyValueSpecification","valueRequired":true,"valueName":"search_term_string"}}],"inLanguage":"it-IT"}]}},"_links":{"self":[{"href":"https:\/\/www.teknocanta.com\/it\/wp-json\/wp\/v2\/product\/44593","targetHints":{"allow":["GET"]}}],"collection":[{"href":"https:\/\/www.teknocanta.com\/it\/wp-json\/wp\/v2\/product"}],"about":[{"href":"https:\/\/www.teknocanta.com\/it\/wp-json\/wp\/v2\/types\/product"}],"replies":[{"embeddable":true,"href":"https:\/\/www.teknocanta.com\/it\/wp-json\/wp\/v2\/comments?post=44593"}],"wp:featuredmedia":[{"embeddable":true,"href":"https:\/\/www.teknocanta.com\/it\/wp-json\/wp\/v2\/media\/42798"}],"wp:attachment":[{"href":"https:\/\/www.teknocanta.com\/it\/wp-json\/wp\/v2\/media?parent=44593"}],"wp:term":[{"taxonomy":"product_brand","embeddable":true,"href":"https:\/\/www.teknocanta.com\/it\/wp-json\/wp\/v2\/product_brand?post=44593"},{"taxonomy":"product_cat","embeddable":true,"href":"https:\/\/www.teknocanta.com\/it\/wp-json\/wp\/v2\/product_cat?post=44593"},{"taxonomy":"product_tag","embeddable":true,"href":"https:\/\/www.teknocanta.com\/it\/wp-json\/wp\/v2\/product_tag?post=44593"}],"curies":[{"name":"wp","href":"https:\/\/api.w.org\/{rel}","templated":true}]}}