{"id":44590,"date":"2021-10-14T15:58:43","date_gmt":"2021-10-14T12:58:43","guid":{"rendered":"https:\/\/www.teknocanta.com\/borsa-promozionale-con-manico-in-metallo\/"},"modified":"2021-10-14T15:58:43","modified_gmt":"2021-10-14T12:58:43","slug":"borsa-promozionale-con-manico-in-metallo","status":"publish","type":"product","link":"https:\/\/www.teknocanta.com\/it\/prodotto\/borsa-promozionale-con-manico-in-metallo\/","title":{"rendered":"Borsa promozionale con manico in metallo"},"content":{"rendered":"<div>I prezzi delle borse variano in base alla quantit\u00e0 dell&#8217;ordine, si prega di considerare i prezzi scritti sopra. L&#8217;IVA 8% e le spese di stampa non sono incluse nel prezzo.<\/div>\n<div>Si tratta di un prodotto pronto in magazzino. Il colore della borsa in stock \u00e8 grigio.<\/div>\n<div><\/div>\n<div>Le dimensioni della borsa sono 44x30x14 cm. Il manico della borsa \u00e8 in alluminio. Sono presenti 2 scomparti principali con chiusura a zip sulla parte superiore e 2 taschini separati con chiusura a zip nascosta sul davanti. \u00c7anta imalat\u0131nda 8 mm kal\u0131nl\u0131\u011f\u0131nda s\u00fcnger ve tip 8 kalitesinde fermuar metal elcik kullan\u0131lm\u0131\u015ft\u0131r. Nella borsa \u00e8 presente uno scomparto per il computer portatile.<\/div>\n<div><\/div>\n<div>Zaino per laptop con maniglia in metallo; \u00e8 realizzato in tessuto di lino di lusso importato che non passa l&#8217;acqua e non contiene sostanze cancerogene (privo di ftalati). La stampa a trasferimento, la serigrafia o la stampa a ricamo possono essere effettuate su qualsiasi area interna o esterna della borsa. Se lo desiderate, il vostro logo pu\u00f2 essere stampato sulla piastra metallica con tecnica di stampa laser e montato sulla borsa. \u00c8 possibile ottenere informazioni sulla tecnica di stampa pi\u00f9 accurata e sul costo condividendo il logo che si desidera stampare con il nostro rappresentante clienti. La tecnica di stampa \u00e8 spesso legata al numero di colori del logo.<\/div>\n<div><\/div>\n<div>Per ordini pari o superiori a 150 pezzi, il colore del tessuto, della fodera e della cerniera pu\u00f2 essere prodotto nel colore desiderato. \u00c8 possibile scegliere il colore del tessuto e della cerniera dalla tabella dei colori dei tessuti.<\/div>\n<div><\/div>\n<div>La stampa di ricami non \u00e8 tecnicamente possibile sulle borse pronte in magazzino. I loghi ricamati vengono applicati sulla parte della borsa interessata durante la produzione e poi cuciti alla borsa. Le stampe dei loghi monocolore sugli zaini gi\u00e0 pronti sono serigrafate, mentre per i loghi a due o pi\u00f9 colori si applica la tecnica del transfer.<\/div>\n<div><\/div>\n<div>I tempi di produzione per gli ordini di zaini per laptop con maniglia in metallo all&#8217;ingrosso sono di almeno una settimana, a seconda della quantit\u00e0. I prodotti in stock possono essere consegnati il giorno stesso senza stampa. I tempi di stampa per i prodotti in stock sono di qualche giorno.<\/div>\n<div><\/div>\n<div>Gli zaini riforniti verranno in vostro soccorso per le vostre urgenti necessit\u00e0 di borse promozionali. Le borse all&#8217;ingrosso disponibili a magazzino soddisfano rapidamente le vostre esigenze, con o senza stampa, senza dover attendere i tempi di produzione. Poich\u00e9 la produzione di sacchetti richiede in media almeno una settimana, le organizzazioni che non hanno tempo e hanno bisogno di un sacchetto in anticipo saranno una buona soluzione.<\/div>\n<div><\/div>\n<div>Gli zaini all&#8217;ingrosso sono molto adatti alle aziende, ai congressi e ai simposi. \u00c8 un prodotto con una capacit\u00e0 sufficiente a soddisfare le esigenze quotidiane \u00c8 un modello di valigetta leggero e funzionale.<\/div>\n<div><\/div>\n<div>Gli zaini promozionali sono un utile prodotto promozionale che potete utilizzare in tutti i tipi di eventi come congressi, simposi e seminari e che potete regalare ai vostri clienti.<\/div>\n<div><\/div>\n<div>La sede di produzione di Avrupa Bag \u00e8 Istanbul ed \u00e8 un prodotto al 100% nazionale. La nostra officina si trova nel distretto di K\u00fc\u00e7\u00fck\u00e7ekmece, mentre l&#8217;ufficio vendite e lo showroom si trovano nel distretto di Ba\u011fc\u0131lar, nel sito dei grossisti di \u0130stoc.<\/div>\n<div><\/div>\n<div>I nostri prodotti possono essere spediti in tutta la Turchia a prezzi economici con le nostre societ\u00e0 di trasporto o di magazzino dal nostro indirizzo di Istoc.<\/div>\n<div><\/div>\n","protected":false},"excerpt":{"rendered":"<p>I prezzi delle borse variano in base alla quantit\u00e0 dell&#8217;ordine, si prega di considerare i prezzi scritti sopra. L&#8217;IVA 8% e le spese di stampa non sono incluse nel prezzo. Si tratta di un prodotto pronto in magazzino. Il colore della borsa in stock \u00e8 grigio. Le dimensioni della borsa sono 44x30x14 cm. Il manico&hellip;<\/p>\n","protected":false},"featured_media":44093,"comment_status":"open","ping_status":"closed","template":"","meta":[],"product_brand":[],"product_cat":[1364,1377,1375],"product_tag":[1586,1654],"class_list":{"0":"post-44590","1":"product","2":"type-product","3":"status-publish","4":"has-post-thumbnail","6":"product_cat-borsa-per-congressi-e-simposi","7":"product_cat-borse-rifornite","8":"product_cat-zaino","9":"product_tag-aziende-produttrici-di-borse","10":"product_tag-grossisti-di-borse-istanbul","11":"description-off","13":"first","14":"instock","15":"shipping-taxable","16":"purchasable","17":"product-type-simple"},"yoast_head":"<!-- This site is optimized with the Yoast SEO plugin v26.6 - https:\/\/yoast.com\/wordpress\/plugins\/seo\/ -->\n<title>Borsa promozionale con manico in metallo - Tekno \u00c7anta - Promosyon Toptan \u00c7anta \u0130malat\u0131<\/title>\n<meta name=\"robots\" content=\"index, follow, max-snippet:-1, max-image-preview:large, max-video-preview:-1\" \/>\n<link rel=\"canonical\" href=\"https:\/\/www.teknocanta.com\/borsa-promozionale-con-manico-in-metallo\/\" \/>\n<meta property=\"og:locale\" content=\"it_IT\" \/>\n<meta property=\"og:type\" content=\"article\" \/>\n<meta property=\"og:title\" content=\"Borsa promozionale con manico in metallo - Tekno \u00c7anta - Promosyon Toptan \u00c7anta \u0130malat\u0131\" \/>\n<meta property=\"og:description\" content=\"I prezzi delle borse variano in base alla quantit\u00e0 dell&#8217;ordine, si prega di considerare i prezzi scritti sopra. L&#8217;IVA 8% e le spese di stampa non sono incluse nel prezzo. Si tratta di un prodotto pronto in magazzino. Il colore della borsa in stock \u00e8 grigio. Le dimensioni della borsa sono 44x30x14 cm. Il manico&hellip;\" \/>\n<meta property=\"og:url\" content=\"https:\/\/www.teknocanta.com\/borsa-promozionale-con-manico-in-metallo\/\" \/>\n<meta property=\"og:site_name\" content=\"Tekno \u00c7anta - Promosyon Toptan \u00c7anta \u0130malat\u0131\" \/>\n<meta name=\"twitter:card\" content=\"summary_large_image\" \/>\n<meta name=\"twitter:label1\" content=\"Tempo di lettura stimato\" \/>\n\t<meta name=\"twitter:data1\" content=\"3 minuti\" \/>\n<script type=\"application\/ld+json\" class=\"yoast-schema-graph\">{\"@context\":\"https:\/\/schema.org\",\"@graph\":[{\"@type\":\"WebPage\",\"@id\":\"https:\/\/www.teknocanta.com\/borsa-promozionale-con-manico-in-metallo\/\",\"url\":\"https:\/\/www.teknocanta.com\/borsa-promozionale-con-manico-in-metallo\/\",\"name\":\"Borsa promozionale con manico in metallo - Tekno \u00c7anta - Promosyon Toptan \u00c7anta \u0130malat\u0131\",\"isPartOf\":{\"@id\":\"https:\/\/www.teknocanta.com\/#website\"},\"primaryImageOfPage\":{\"@id\":\"https:\/\/www.teknocanta.com\/borsa-promozionale-con-manico-in-metallo\/#primaryimage\"},\"image\":{\"@id\":\"https:\/\/www.teknocanta.com\/borsa-promozionale-con-manico-in-metallo\/#primaryimage\"},\"thumbnailUrl\":\"https:\/\/www.teknocanta.com\/wp-content\/uploads\/2021\/10\/AV024pg-2.jpg\",\"datePublished\":\"2021-10-14T12:58:43+00:00\",\"breadcrumb\":{\"@id\":\"https:\/\/www.teknocanta.com\/borsa-promozionale-con-manico-in-metallo\/#breadcrumb\"},\"inLanguage\":\"it-IT\",\"potentialAction\":[{\"@type\":\"ReadAction\",\"target\":[\"https:\/\/www.teknocanta.com\/borsa-promozionale-con-manico-in-metallo\/\"]}]},{\"@type\":\"ImageObject\",\"inLanguage\":\"it-IT\",\"@id\":\"https:\/\/www.teknocanta.com\/borsa-promozionale-con-manico-in-metallo\/#primaryimage\",\"url\":\"https:\/\/www.teknocanta.com\/wp-content\/uploads\/2021\/10\/AV024pg-2.jpg\",\"contentUrl\":\"https:\/\/www.teknocanta.com\/wp-content\/uploads\/2021\/10\/AV024pg-2.jpg\",\"width\":1000,\"height\":1000},{\"@type\":\"BreadcrumbList\",\"@id\":\"https:\/\/www.teknocanta.com\/borsa-promozionale-con-manico-in-metallo\/#breadcrumb\",\"itemListElement\":[{\"@type\":\"ListItem\",\"position\":1,\"name\":\"Ana sayfa\",\"item\":\"https:\/\/www.teknocanta.com\/it\/\"},{\"@type\":\"ListItem\",\"position\":2,\"name\":\"\u00dcr\u00fcnler\",\"item\":\"https:\/\/www.teknocanta.com\/urunler\/\"},{\"@type\":\"ListItem\",\"position\":3,\"name\":\"Borsa promozionale con manico in metallo\"}]},{\"@type\":\"WebSite\",\"@id\":\"https:\/\/www.teknocanta.com\/#website\",\"url\":\"https:\/\/www.teknocanta.com\/\",\"name\":\"Tekno \u00c7anta - Promosyon Toptan \u00c7anta \u0130malat\u0131\",\"description\":\"Toptan \u00e7anta imalat\u0131, ham bez \u00e7anta, s\u0131rt \u00e7antalar\u0131, laptop ve evrak \u00e7antalar\u0131, kongre \u00e7antalar\u0131, fuar \u00e7antas\u0131 ve ipli b\u00fczg\u00fcl\u00fc \u00e7anta imalat\u0131 yapmaktay\u0131z.\",\"potentialAction\":[{\"@type\":\"SearchAction\",\"target\":{\"@type\":\"EntryPoint\",\"urlTemplate\":\"https:\/\/www.teknocanta.com\/?s={search_term_string}\"},\"query-input\":{\"@type\":\"PropertyValueSpecification\",\"valueRequired\":true,\"valueName\":\"search_term_string\"}}],\"inLanguage\":\"it-IT\"}]}<\/script>\n<!-- \/ Yoast SEO plugin. -->","yoast_head_json":{"title":"Borsa promozionale con manico in metallo - Tekno \u00c7anta - Promosyon Toptan \u00c7anta \u0130malat\u0131","robots":{"index":"index","follow":"follow","max-snippet":"max-snippet:-1","max-image-preview":"max-image-preview:large","max-video-preview":"max-video-preview:-1"},"canonical":"https:\/\/www.teknocanta.com\/borsa-promozionale-con-manico-in-metallo\/","og_locale":"it_IT","og_type":"article","og_title":"Borsa promozionale con manico in metallo - Tekno \u00c7anta - Promosyon Toptan \u00c7anta \u0130malat\u0131","og_description":"I prezzi delle borse variano in base alla quantit\u00e0 dell&#8217;ordine, si prega di considerare i prezzi scritti sopra. L&#8217;IVA 8% e le spese di stampa non sono incluse nel prezzo. Si tratta di un prodotto pronto in magazzino. Il colore della borsa in stock \u00e8 grigio. Le dimensioni della borsa sono 44x30x14 cm. Il manico&hellip;","og_url":"https:\/\/www.teknocanta.com\/borsa-promozionale-con-manico-in-metallo\/","og_site_name":"Tekno \u00c7anta - Promosyon Toptan \u00c7anta \u0130malat\u0131","twitter_card":"summary_large_image","twitter_misc":{"Tempo di lettura stimato":"3 minuti"},"schema":{"@context":"https:\/\/schema.org","@graph":[{"@type":"WebPage","@id":"https:\/\/www.teknocanta.com\/borsa-promozionale-con-manico-in-metallo\/","url":"https:\/\/www.teknocanta.com\/borsa-promozionale-con-manico-in-metallo\/","name":"Borsa promozionale con manico in metallo - Tekno \u00c7anta - Promosyon Toptan \u00c7anta \u0130malat\u0131","isPartOf":{"@id":"https:\/\/www.teknocanta.com\/#website"},"primaryImageOfPage":{"@id":"https:\/\/www.teknocanta.com\/borsa-promozionale-con-manico-in-metallo\/#primaryimage"},"image":{"@id":"https:\/\/www.teknocanta.com\/borsa-promozionale-con-manico-in-metallo\/#primaryimage"},"thumbnailUrl":"https:\/\/www.teknocanta.com\/wp-content\/uploads\/2021\/10\/AV024pg-2.jpg","datePublished":"2021-10-14T12:58:43+00:00","breadcrumb":{"@id":"https:\/\/www.teknocanta.com\/borsa-promozionale-con-manico-in-metallo\/#breadcrumb"},"inLanguage":"it-IT","potentialAction":[{"@type":"ReadAction","target":["https:\/\/www.teknocanta.com\/borsa-promozionale-con-manico-in-metallo\/"]}]},{"@type":"ImageObject","inLanguage":"it-IT","@id":"https:\/\/www.teknocanta.com\/borsa-promozionale-con-manico-in-metallo\/#primaryimage","url":"https:\/\/www.teknocanta.com\/wp-content\/uploads\/2021\/10\/AV024pg-2.jpg","contentUrl":"https:\/\/www.teknocanta.com\/wp-content\/uploads\/2021\/10\/AV024pg-2.jpg","width":1000,"height":1000},{"@type":"BreadcrumbList","@id":"https:\/\/www.teknocanta.com\/borsa-promozionale-con-manico-in-metallo\/#breadcrumb","itemListElement":[{"@type":"ListItem","position":1,"name":"Ana sayfa","item":"https:\/\/www.teknocanta.com\/it\/"},{"@type":"ListItem","position":2,"name":"\u00dcr\u00fcnler","item":"https:\/\/www.teknocanta.com\/urunler\/"},{"@type":"ListItem","position":3,"name":"Borsa promozionale con manico in metallo"}]},{"@type":"WebSite","@id":"https:\/\/www.teknocanta.com\/#website","url":"https:\/\/www.teknocanta.com\/","name":"Tekno \u00c7anta - Promosyon Toptan \u00c7anta \u0130malat\u0131","description":"Toptan \u00e7anta imalat\u0131, ham bez \u00e7anta, s\u0131rt \u00e7antalar\u0131, laptop ve evrak \u00e7antalar\u0131, kongre \u00e7antalar\u0131, fuar \u00e7antas\u0131 ve ipli b\u00fczg\u00fcl\u00fc \u00e7anta imalat\u0131 yapmaktay\u0131z.","potentialAction":[{"@type":"SearchAction","target":{"@type":"EntryPoint","urlTemplate":"https:\/\/www.teknocanta.com\/?s={search_term_string}"},"query-input":{"@type":"PropertyValueSpecification","valueRequired":true,"valueName":"search_term_string"}}],"inLanguage":"it-IT"}]}},"_links":{"self":[{"href":"https:\/\/www.teknocanta.com\/it\/wp-json\/wp\/v2\/product\/44590","targetHints":{"allow":["GET"]}}],"collection":[{"href":"https:\/\/www.teknocanta.com\/it\/wp-json\/wp\/v2\/product"}],"about":[{"href":"https:\/\/www.teknocanta.com\/it\/wp-json\/wp\/v2\/types\/product"}],"replies":[{"embeddable":true,"href":"https:\/\/www.teknocanta.com\/it\/wp-json\/wp\/v2\/comments?post=44590"}],"wp:featuredmedia":[{"embeddable":true,"href":"https:\/\/www.teknocanta.com\/it\/wp-json\/wp\/v2\/media\/44093"}],"wp:attachment":[{"href":"https:\/\/www.teknocanta.com\/it\/wp-json\/wp\/v2\/media?parent=44590"}],"wp:term":[{"taxonomy":"product_brand","embeddable":true,"href":"https:\/\/www.teknocanta.com\/it\/wp-json\/wp\/v2\/product_brand?post=44590"},{"taxonomy":"product_cat","embeddable":true,"href":"https:\/\/www.teknocanta.com\/it\/wp-json\/wp\/v2\/product_cat?post=44590"},{"taxonomy":"product_tag","embeddable":true,"href":"https:\/\/www.teknocanta.com\/it\/wp-json\/wp\/v2\/product_tag?post=44590"}],"curies":[{"name":"wp","href":"https:\/\/api.w.org\/{rel}","templated":true}]}}