{"id":44575,"date":"2021-10-14T15:59:28","date_gmt":"2021-10-14T12:59:28","guid":{"rendered":"https:\/\/www.teknocanta.com\/zaino-rifornito-con-maniglia-in-metallo\/"},"modified":"2021-10-14T15:59:28","modified_gmt":"2021-10-14T12:59:28","slug":"borsa-con-manico-in-metallo-e-scorta-di-schiena","status":"publish","type":"product","link":"https:\/\/www.teknocanta.com\/it\/prodotto\/borsa-con-manico-in-metallo-e-scorta-di-schiena\/","title":{"rendered":"Zaino rifornito con maniglia in metallo"},"content":{"rendered":"<div>Le spese di stampa e l&#8217;IVA dell&#8217;8% non sono incluse nel prezzo. I prezzi delle borse variano a seconda della quantit\u00e0 ordinata.<\/div>\n<div>Si tratta di un prodotto in stock, il colore della borsa in stock \u00e8 quello mostrato nell&#8217;immagine. Si prega di ottenere informazioni aggiornate sui colori e sulle scorte.<\/div>\n<div><\/div>\n<div><b><u>Quantit\u00e0 minima di produzione<\/u><\/b><\/div>\n<div>\u00c8 possibile ordinare la quantit\u00e0 desiderata dai sacchi gi\u00e0 pronti disponibili nel nostro magazzino. Per gli ordini di borse di colore speciale e di dimensioni speciali diverse da quelle gi\u00e0 pronte in magazzino, la quantit\u00e0 minima ordinabile \u00e8 di 200 pezzi.&nbsp; Per ordini speciali di almeno 200 pezzi, \u00e8 possibile modificare il colore del tessuto, della fodera interna o della cerniera.&nbsp;<\/div>\n<div><\/div>\n<div><u><b>Materiale, dettaglio<\/b><\/u><\/div>\n<div>Il manico della borsa \u00e8 in alluminio inossidabile. Il tessuto esterno della borsa \u00e8 in lino grigio e nero, mentre la fodera interna \u00e8 in tessuto impermeabile di lusso da 270 denari, privo di ftalati. Il materiale Airteks \u00e8 utilizzato sulle spalline posteriori per garantire il comfort del trasporto. I corpi dei sacchi sono supportati da schiuma di 8 mm di spessore. Vengono utilizzate cerniere di qualit\u00e0 di tipo 8 e maniglie in metallo artificiale. L&#8217;interno della borsa \u00e8 dotato di uno scomparto per il computer portatile e di una piccola tasca separata per il materiale del computer portatile. La parte esterna della borsa \u00e8 composta da 1 tasca superiore e 1 anteriore con chiusura a zip,<\/div>\n<div><\/div>\n<div><b><u>Dimensione<\/u><\/b><\/div>\n<div>Le dimensioni della borsa sono 32x42x12 cm. \u00c8 possibile produrre sacchi di dimensioni speciali.&nbsp;<\/div>\n<div><\/div>\n<div><u><b>Tipi di stampa, costi di stampa e tempi di consegna per la produzione di sacchetti<\/b><\/u><\/div>\n<div>\u00c8 tecnicamente possibile stampare qualsiasi tipo di stampa su qualsiasi parte desiderata della borsa; i tipi di stampa sono la serigrafia classica monocromatica o multicolore, la stampa a trasferimento, la marcatura laser su piastra metallica e la stampa a ricamo. I costi di stampa variano in base al numero di colori dell&#8217;immagine da stampare, al formato, alla quantit\u00e0 e al tipo di stampa. I tempi di produzione variano in base alla quantit\u00e0 dell&#8217;ordine e il tempo medio di produzione \u00e8 di 7-15 giorni per ordini tra 200-500 pezzi.<\/div>\n<div><\/div>\n<div><b><u>Tipi di stampa, costi di stampa e tempi di consegna per le borse Stock Ready&nbsp;<\/u><\/b><\/div>\n<div>Non disponiamo di un servizio di stampa per gli ordini di borse inferiori a 50 pezzi. Non \u00e8 tecnicamente possibile realizzare una stampa a ricamo su borse gi\u00e0 pronte. Sono possibili solo la serigrafia a un colore, la marcatura laser su lastre metalliche e le tecniche di stampa transfer. I costi di stampa variano in base al numero di colori dell&#8217;immagine da stampare, al formato, alla quantit\u00e0 e al tipo di stampa. Le borse pronte in magazzino non stampate possono essere consegnate in giornata, mentre quelle stampate possono essere consegnate in 2-7 giorni a seconda del tipo di stampa e della quantit\u00e0 ordinata.<\/div>\n<div><\/div>\n<div><b><u>Aree di utilizzo<\/u><\/b><\/div>\n<div>Lo zaino promozionale \u00e8 un prodotto promozionale e pubblicitario utile e duraturo che potete presentare ai vostri visitatori in tutti i tipi di eventi come congressi, simposi, conferenze e seminari, nonch\u00e9 nelle fiere settoriali a cui partecipate. Gli studenti possono utilizzarlo come zaino scolastico promozionale, adatto anche all&#8217;uso quotidiano per donne e uomini.&nbsp;<\/div>\n<div><\/div>\n<div><b><u>Consegna<\/u><\/b><\/div>\n<div>Forniamo spedizioni ai nostri clienti che ordinano da fuori Istanbul a prezzi convenienti con la compagnia di trasporto o le compagnie di trasporto con cui abbiamo stipulato un contratto. I nostri clienti di Istanbul possono ritirare personalmente i prodotti presso la nostra officina o l&#8217;ufficio vendite di \u0130sto\u00e7, noi possiamo spedirli via cargo o tramite le nostre societ\u00e0 di trasporto convenzionate.<\/div>\n","protected":false},"excerpt":{"rendered":"<p>Le spese di stampa e l&#8217;IVA dell&#8217;8% non sono incluse nel prezzo. I prezzi delle borse variano a seconda della quantit\u00e0 ordinata. Si tratta di un prodotto in stock, il colore della borsa in stock \u00e8 quello mostrato nell&#8217;immagine. Si prega di ottenere informazioni aggiornate sui colori e sulle scorte. Quantit\u00e0 minima di produzione \u00c8&hellip;<\/p>\n","protected":false},"featured_media":43071,"comment_status":"open","ping_status":"closed","template":"","meta":[],"product_brand":[],"product_cat":[1364,1377,1375],"product_tag":[1633,1534,1632],"class_list":{"0":"post-44575","1":"product","2":"type-product","3":"status-publish","4":"has-post-thumbnail","6":"product_cat-borsa-per-congressi-e-simposi","7":"product_cat-borse-rifornite","8":"product_cat-zaino","9":"product_tag-produttore-di-zaini","10":"product_tag-zaino-con-stock","11":"product_tag-zaino-pronto-allingrosso","12":"description-off","14":"first","15":"instock","16":"shipping-taxable","17":"purchasable","18":"product-type-simple"},"yoast_head":"<!-- This site is optimized with the Yoast SEO plugin v26.6 - https:\/\/yoast.com\/wordpress\/plugins\/seo\/ -->\n<title>Zaino rifornito con maniglia in metallo - Tekno \u00c7anta - Promosyon Toptan \u00c7anta \u0130malat\u0131<\/title>\n<meta name=\"robots\" content=\"index, follow, max-snippet:-1, max-image-preview:large, max-video-preview:-1\" \/>\n<link rel=\"canonical\" href=\"https:\/\/www.teknocanta.com\/zaino-rifornito-con-maniglia-in-metallo\/\" \/>\n<meta property=\"og:locale\" content=\"it_IT\" \/>\n<meta property=\"og:type\" content=\"article\" \/>\n<meta property=\"og:title\" content=\"Zaino rifornito con maniglia in metallo - Tekno \u00c7anta - Promosyon Toptan \u00c7anta \u0130malat\u0131\" \/>\n<meta property=\"og:description\" content=\"Le spese di stampa e l&#8217;IVA dell&#8217;8% non sono incluse nel prezzo. I prezzi delle borse variano a seconda della quantit\u00e0 ordinata. Si tratta di un prodotto in stock, il colore della borsa in stock \u00e8 quello mostrato nell&#8217;immagine. Si prega di ottenere informazioni aggiornate sui colori e sulle scorte. Quantit\u00e0 minima di produzione \u00c8&hellip;\" \/>\n<meta property=\"og:url\" content=\"https:\/\/www.teknocanta.com\/zaino-rifornito-con-maniglia-in-metallo\/\" \/>\n<meta property=\"og:site_name\" content=\"Tekno \u00c7anta - Promosyon Toptan \u00c7anta \u0130malat\u0131\" \/>\n<meta name=\"twitter:card\" content=\"summary_large_image\" \/>\n<meta name=\"twitter:label1\" content=\"Tempo di lettura stimato\" \/>\n\t<meta name=\"twitter:data1\" content=\"3 minuti\" \/>\n<script type=\"application\/ld+json\" class=\"yoast-schema-graph\">{\"@context\":\"https:\/\/schema.org\",\"@graph\":[{\"@type\":\"WebPage\",\"@id\":\"https:\/\/www.teknocanta.com\/zaino-rifornito-con-maniglia-in-metallo\/\",\"url\":\"https:\/\/www.teknocanta.com\/zaino-rifornito-con-maniglia-in-metallo\/\",\"name\":\"Zaino rifornito con maniglia in metallo - Tekno \u00c7anta - Promosyon Toptan \u00c7anta \u0130malat\u0131\",\"isPartOf\":{\"@id\":\"https:\/\/www.teknocanta.com\/#website\"},\"primaryImageOfPage\":{\"@id\":\"https:\/\/www.teknocanta.com\/zaino-rifornito-con-maniglia-in-metallo\/#primaryimage\"},\"image\":{\"@id\":\"https:\/\/www.teknocanta.com\/zaino-rifornito-con-maniglia-in-metallo\/#primaryimage\"},\"thumbnailUrl\":\"https:\/\/www.teknocanta.com\/wp-content\/uploads\/2021\/10\/metal_sapli_stoklu_sirt_cantasi_ana_resim_02.jpg\",\"datePublished\":\"2021-10-14T12:59:28+00:00\",\"breadcrumb\":{\"@id\":\"https:\/\/www.teknocanta.com\/zaino-rifornito-con-maniglia-in-metallo\/#breadcrumb\"},\"inLanguage\":\"it-IT\",\"potentialAction\":[{\"@type\":\"ReadAction\",\"target\":[\"https:\/\/www.teknocanta.com\/zaino-rifornito-con-maniglia-in-metallo\/\"]}]},{\"@type\":\"ImageObject\",\"inLanguage\":\"it-IT\",\"@id\":\"https:\/\/www.teknocanta.com\/zaino-rifornito-con-maniglia-in-metallo\/#primaryimage\",\"url\":\"https:\/\/www.teknocanta.com\/wp-content\/uploads\/2021\/10\/metal_sapli_stoklu_sirt_cantasi_ana_resim_02.jpg\",\"contentUrl\":\"https:\/\/www.teknocanta.com\/wp-content\/uploads\/2021\/10\/metal_sapli_stoklu_sirt_cantasi_ana_resim_02.jpg\",\"width\":582,\"height\":730},{\"@type\":\"BreadcrumbList\",\"@id\":\"https:\/\/www.teknocanta.com\/zaino-rifornito-con-maniglia-in-metallo\/#breadcrumb\",\"itemListElement\":[{\"@type\":\"ListItem\",\"position\":1,\"name\":\"Ana sayfa\",\"item\":\"https:\/\/www.teknocanta.com\/it\/\"},{\"@type\":\"ListItem\",\"position\":2,\"name\":\"\u00dcr\u00fcnler\",\"item\":\"https:\/\/www.teknocanta.com\/urunler\/\"},{\"@type\":\"ListItem\",\"position\":3,\"name\":\"Zaino rifornito con maniglia in metallo\"}]},{\"@type\":\"WebSite\",\"@id\":\"https:\/\/www.teknocanta.com\/#website\",\"url\":\"https:\/\/www.teknocanta.com\/\",\"name\":\"Tekno \u00c7anta - Promosyon Toptan \u00c7anta \u0130malat\u0131\",\"description\":\"Toptan \u00e7anta imalat\u0131, ham bez \u00e7anta, s\u0131rt \u00e7antalar\u0131, laptop ve evrak \u00e7antalar\u0131, kongre \u00e7antalar\u0131, fuar \u00e7antas\u0131 ve ipli b\u00fczg\u00fcl\u00fc \u00e7anta imalat\u0131 yapmaktay\u0131z.\",\"potentialAction\":[{\"@type\":\"SearchAction\",\"target\":{\"@type\":\"EntryPoint\",\"urlTemplate\":\"https:\/\/www.teknocanta.com\/?s={search_term_string}\"},\"query-input\":{\"@type\":\"PropertyValueSpecification\",\"valueRequired\":true,\"valueName\":\"search_term_string\"}}],\"inLanguage\":\"it-IT\"}]}<\/script>\n<!-- \/ Yoast SEO plugin. -->","yoast_head_json":{"title":"Zaino rifornito con maniglia in metallo - Tekno \u00c7anta - Promosyon Toptan \u00c7anta \u0130malat\u0131","robots":{"index":"index","follow":"follow","max-snippet":"max-snippet:-1","max-image-preview":"max-image-preview:large","max-video-preview":"max-video-preview:-1"},"canonical":"https:\/\/www.teknocanta.com\/zaino-rifornito-con-maniglia-in-metallo\/","og_locale":"it_IT","og_type":"article","og_title":"Zaino rifornito con maniglia in metallo - Tekno \u00c7anta - Promosyon Toptan \u00c7anta \u0130malat\u0131","og_description":"Le spese di stampa e l&#8217;IVA dell&#8217;8% non sono incluse nel prezzo. I prezzi delle borse variano a seconda della quantit\u00e0 ordinata. Si tratta di un prodotto in stock, il colore della borsa in stock \u00e8 quello mostrato nell&#8217;immagine. Si prega di ottenere informazioni aggiornate sui colori e sulle scorte. Quantit\u00e0 minima di produzione \u00c8&hellip;","og_url":"https:\/\/www.teknocanta.com\/zaino-rifornito-con-maniglia-in-metallo\/","og_site_name":"Tekno \u00c7anta - Promosyon Toptan \u00c7anta \u0130malat\u0131","twitter_card":"summary_large_image","twitter_misc":{"Tempo di lettura stimato":"3 minuti"},"schema":{"@context":"https:\/\/schema.org","@graph":[{"@type":"WebPage","@id":"https:\/\/www.teknocanta.com\/zaino-rifornito-con-maniglia-in-metallo\/","url":"https:\/\/www.teknocanta.com\/zaino-rifornito-con-maniglia-in-metallo\/","name":"Zaino rifornito con maniglia in metallo - Tekno \u00c7anta - Promosyon Toptan \u00c7anta \u0130malat\u0131","isPartOf":{"@id":"https:\/\/www.teknocanta.com\/#website"},"primaryImageOfPage":{"@id":"https:\/\/www.teknocanta.com\/zaino-rifornito-con-maniglia-in-metallo\/#primaryimage"},"image":{"@id":"https:\/\/www.teknocanta.com\/zaino-rifornito-con-maniglia-in-metallo\/#primaryimage"},"thumbnailUrl":"https:\/\/www.teknocanta.com\/wp-content\/uploads\/2021\/10\/metal_sapli_stoklu_sirt_cantasi_ana_resim_02.jpg","datePublished":"2021-10-14T12:59:28+00:00","breadcrumb":{"@id":"https:\/\/www.teknocanta.com\/zaino-rifornito-con-maniglia-in-metallo\/#breadcrumb"},"inLanguage":"it-IT","potentialAction":[{"@type":"ReadAction","target":["https:\/\/www.teknocanta.com\/zaino-rifornito-con-maniglia-in-metallo\/"]}]},{"@type":"ImageObject","inLanguage":"it-IT","@id":"https:\/\/www.teknocanta.com\/zaino-rifornito-con-maniglia-in-metallo\/#primaryimage","url":"https:\/\/www.teknocanta.com\/wp-content\/uploads\/2021\/10\/metal_sapli_stoklu_sirt_cantasi_ana_resim_02.jpg","contentUrl":"https:\/\/www.teknocanta.com\/wp-content\/uploads\/2021\/10\/metal_sapli_stoklu_sirt_cantasi_ana_resim_02.jpg","width":582,"height":730},{"@type":"BreadcrumbList","@id":"https:\/\/www.teknocanta.com\/zaino-rifornito-con-maniglia-in-metallo\/#breadcrumb","itemListElement":[{"@type":"ListItem","position":1,"name":"Ana sayfa","item":"https:\/\/www.teknocanta.com\/it\/"},{"@type":"ListItem","position":2,"name":"\u00dcr\u00fcnler","item":"https:\/\/www.teknocanta.com\/urunler\/"},{"@type":"ListItem","position":3,"name":"Zaino rifornito con maniglia in metallo"}]},{"@type":"WebSite","@id":"https:\/\/www.teknocanta.com\/#website","url":"https:\/\/www.teknocanta.com\/","name":"Tekno \u00c7anta - Promosyon Toptan \u00c7anta \u0130malat\u0131","description":"Toptan \u00e7anta imalat\u0131, ham bez \u00e7anta, s\u0131rt \u00e7antalar\u0131, laptop ve evrak \u00e7antalar\u0131, kongre \u00e7antalar\u0131, fuar \u00e7antas\u0131 ve ipli b\u00fczg\u00fcl\u00fc \u00e7anta imalat\u0131 yapmaktay\u0131z.","potentialAction":[{"@type":"SearchAction","target":{"@type":"EntryPoint","urlTemplate":"https:\/\/www.teknocanta.com\/?s={search_term_string}"},"query-input":{"@type":"PropertyValueSpecification","valueRequired":true,"valueName":"search_term_string"}}],"inLanguage":"it-IT"}]}},"_links":{"self":[{"href":"https:\/\/www.teknocanta.com\/it\/wp-json\/wp\/v2\/product\/44575","targetHints":{"allow":["GET"]}}],"collection":[{"href":"https:\/\/www.teknocanta.com\/it\/wp-json\/wp\/v2\/product"}],"about":[{"href":"https:\/\/www.teknocanta.com\/it\/wp-json\/wp\/v2\/types\/product"}],"replies":[{"embeddable":true,"href":"https:\/\/www.teknocanta.com\/it\/wp-json\/wp\/v2\/comments?post=44575"}],"wp:featuredmedia":[{"embeddable":true,"href":"https:\/\/www.teknocanta.com\/it\/wp-json\/wp\/v2\/media\/43071"}],"wp:attachment":[{"href":"https:\/\/www.teknocanta.com\/it\/wp-json\/wp\/v2\/media?parent=44575"}],"wp:term":[{"taxonomy":"product_brand","embeddable":true,"href":"https:\/\/www.teknocanta.com\/it\/wp-json\/wp\/v2\/product_brand?post=44575"},{"taxonomy":"product_cat","embeddable":true,"href":"https:\/\/www.teknocanta.com\/it\/wp-json\/wp\/v2\/product_cat?post=44575"},{"taxonomy":"product_tag","embeddable":true,"href":"https:\/\/www.teknocanta.com\/it\/wp-json\/wp\/v2\/product_tag?post=44575"}],"curies":[{"name":"wp","href":"https:\/\/api.w.org\/{rel}","templated":true}]}}