{"id":44500,"date":"2021-10-14T16:02:13","date_gmt":"2021-10-14T13:02:13","guid":{"rendered":"https:\/\/www.teknocanta.com\/zaino-per-laptop\/"},"modified":"2021-10-14T16:02:13","modified_gmt":"2021-10-14T13:02:13","slug":"zaino-per-computer-portatile","status":"publish","type":"product","link":"https:\/\/www.teknocanta.com\/it\/prodotto\/zaino-per-computer-portatile\/","title":{"rendered":"Zaino per laptop"},"content":{"rendered":"<p>I prezzi delle borse variano a seconda della quantit\u00e0 ordinata. L&#8217;IVA 8% e le spese di stampa non sono incluse nel prezzo.<\/p>\n<p>La borsa \u00e8 un prodotto in stock, la borsa in stock \u00e8 in ecopelle marrone e tessuto di lino grigio come da foto. \u00c8 possibile ordinare sacchetti di colori diversi per gli ordini di produzione speciali.&nbsp;<\/p>\n<p>La borsa \u00e8 progettata per essere portata sia in mano che sulla schiena. La borsa \u00e8 progettata per essere portata sia in mano che sulla schiena. Quando si desidera trasportarlo sulla schiena, \u00e8 possibile rimuovere gli spallacci e utilizzare questo scomparto per altri oggetti.<\/p>\n<p>Le dimensioni del nostro modello di borsa, che pu\u00f2 essere un laptop e uno zaino, sono 40x30x8 cm. La borsa \u00e8 composta da 1 sezione superiore e 2 sezioni anteriori. La borsa \u00e8 realizzata con schiuma spessa 8 mm e cerniera di qualit\u00e0 di tipo 8. All&#8217;interno della borsa \u00e8 presente uno scomparto per laptop e tablet. \u00c8 presente anche una tasca aggiuntiva sul retro quando viene utilizzato come zaino. La borsa \u00e8 dotata di una doppia cerniera metallica di qualit\u00e0.&nbsp;&nbsp;<\/p>\n<p>La borsa e il tessuto di rivestimento sono realizzati in tessuto impertex, contenente uno speciale poliestere con propriet\u00e0 idrorepellenti.<\/p>\n<p>Nella produzione di borse speciali da esposizione da 200 pezzi in su, \u00e8 possibile cambiare il colore del tessuto, della fodera e della cerniera. \u00c8 possibile modificare il modello della borsa pagando una differenza di prezzo.<\/p>\n<p>La superficie del tessuto \u00e8 adatta a tutti i tipi di stampa. La stampa a trasferimento, la serigrafia, la classica stampa a vernice o la stampa a ricamo possono essere effettuate all&#8217;interno o all&#8217;esterno della borsa.&nbsp;<\/p>\n<p>Le borse promozionali in stock non possono essere tecnicamente stampate con il ricamo e possono essere stampate solo con la tecnica serigrafica classica a un colore. \u00c8 possibile realizzare tutti i tipi di stampa nei vostri ordini di produzione speciali. La quantit\u00e0 minima d&#8217;ordine per i prodotti di produzione speciale \u00e8 di 200 pezzi.<\/p>\n<p>I tempi di produzione per gli ordini di zaini all&#8217;ingrosso sono di almeno una settimana, a seconda della quantit\u00e0. I prodotti in stock possono essere consegnati il giorno stesso senza stampa. I tempi di stampa per i prodotti in stock sono di qualche giorno.<\/p>\n<p>Gli zaini forniti vi verranno in soccorso per le vostre esigenze di zaino d&#8217;emergenza. Le borse promozionali in stock soddisfano rapidamente le vostre esigenze con o senza stampa, senza dover attendere i tempi di produzione. Poich\u00e9 la produzione di sacchetti richiede in media almeno una settimana, le organizzazioni che non hanno tempo e hanno bisogno di un sacchetto in anticipo saranno una buona soluzione.&nbsp;<\/p>\n<p>Le borse promozionali da esposizione all&#8217;ingrosso sono molto adatte alle aziende, ai congressi e ai simposi. \u00c8 un prodotto con una capacit\u00e0 sufficiente a soddisfare le esigenze quotidiane \u00c8 un modello di valigetta leggero e funzionale.<\/p>\n<p>Le borse promozionali per fiere sono un utile prodotto promozionale che potete utilizzare in tutti i tipi di eventi, come congressi, simposi e seminari, e che potete regalare ai vostri clienti.<\/p>\n<p>La sede di produzione di Avrupa Bag \u00e8 Istanbul ed \u00e8 un prodotto al 100% nazionale. La nostra officina si trova nel distretto di K\u00fc\u00e7\u00fck\u00e7ekmece, mentre l&#8217;ufficio vendite e lo showroom si trovano nel distretto di Ba\u011fc\u0131lar, nel sito dei grossisti di \u0130stoc.<\/p>\n<p>I nostri prodotti possono essere spediti in tutta la Turchia a prezzi economici con le nostre societ\u00e0 di trasporto o di magazzino dal nostro indirizzo di Istoc.<\/p>\n<p>La borsa \u00e8 adatta per laptop o tablet fino a 15,6 pollici. La tasca laterale anteriore \u00e8 dotata di ulteriori tasche per oggetti come adattatori di corrente, cavi, penne e quaderni.<\/p>\n","protected":false},"excerpt":{"rendered":"<p>I prezzi delle borse variano a seconda della quantit\u00e0 ordinata. L&#8217;IVA 8% e le spese di stampa non sono incluse nel prezzo. La borsa \u00e8 un prodotto in stock, la borsa in stock \u00e8 in ecopelle marrone e tessuto di lino grigio come da foto. \u00c8 possibile ordinare sacchetti di colori diversi per gli ordini&hellip;<\/p>\n","protected":false},"featured_media":43554,"comment_status":"open","ping_status":"closed","template":"","meta":[],"product_brand":[],"product_cat":[1364,1377,1375],"product_tag":[1467,1468],"class_list":{"0":"post-44500","1":"product","2":"type-product","3":"status-publish","4":"has-post-thumbnail","6":"product_cat-borsa-per-congressi-e-simposi","7":"product_cat-borse-rifornite","8":"product_cat-zaino","9":"product_tag-borsa-di-istanbul","10":"product_tag-zaino-per-laptop","11":"description-off","13":"first","14":"instock","15":"shipping-taxable","16":"purchasable","17":"product-type-simple"},"yoast_head":"<!-- This site is optimized with the Yoast SEO plugin v26.6 - https:\/\/yoast.com\/wordpress\/plugins\/seo\/ -->\n<title>Zaino per laptop - Tekno \u00c7anta - Promosyon Toptan \u00c7anta \u0130malat\u0131<\/title>\n<meta name=\"robots\" content=\"index, follow, max-snippet:-1, max-image-preview:large, max-video-preview:-1\" \/>\n<link rel=\"canonical\" href=\"https:\/\/www.teknocanta.com\/zaino-per-laptop\/\" \/>\n<meta property=\"og:locale\" content=\"it_IT\" \/>\n<meta property=\"og:type\" content=\"article\" \/>\n<meta property=\"og:title\" content=\"Zaino per laptop - Tekno \u00c7anta - Promosyon Toptan \u00c7anta \u0130malat\u0131\" \/>\n<meta property=\"og:description\" content=\"I prezzi delle borse variano a seconda della quantit\u00e0 ordinata. L&#8217;IVA 8% e le spese di stampa non sono incluse nel prezzo. La borsa \u00e8 un prodotto in stock, la borsa in stock \u00e8 in ecopelle marrone e tessuto di lino grigio come da foto. \u00c8 possibile ordinare sacchetti di colori diversi per gli ordini&hellip;\" \/>\n<meta property=\"og:url\" content=\"https:\/\/www.teknocanta.com\/zaino-per-laptop\/\" \/>\n<meta property=\"og:site_name\" content=\"Tekno \u00c7anta - Promosyon Toptan \u00c7anta \u0130malat\u0131\" \/>\n<meta name=\"twitter:card\" content=\"summary_large_image\" \/>\n<meta name=\"twitter:label1\" content=\"Tempo di lettura stimato\" \/>\n\t<meta name=\"twitter:data1\" content=\"3 minuti\" \/>\n<script type=\"application\/ld+json\" class=\"yoast-schema-graph\">{\"@context\":\"https:\/\/schema.org\",\"@graph\":[{\"@type\":\"WebPage\",\"@id\":\"https:\/\/www.teknocanta.com\/zaino-per-laptop\/\",\"url\":\"https:\/\/www.teknocanta.com\/zaino-per-laptop\/\",\"name\":\"Zaino per laptop - Tekno \u00c7anta - Promosyon Toptan \u00c7anta \u0130malat\u0131\",\"isPartOf\":{\"@id\":\"https:\/\/www.teknocanta.com\/#website\"},\"primaryImageOfPage\":{\"@id\":\"https:\/\/www.teknocanta.com\/zaino-per-laptop\/#primaryimage\"},\"image\":{\"@id\":\"https:\/\/www.teknocanta.com\/zaino-per-laptop\/#primaryimage\"},\"thumbnailUrl\":\"https:\/\/www.teknocanta.com\/wp-content\/uploads\/2021\/10\/dizustu_bilgisayar_sirt_cantasi_ana_resim_dik.jpg\",\"datePublished\":\"2021-10-14T13:02:13+00:00\",\"breadcrumb\":{\"@id\":\"https:\/\/www.teknocanta.com\/zaino-per-laptop\/#breadcrumb\"},\"inLanguage\":\"it-IT\",\"potentialAction\":[{\"@type\":\"ReadAction\",\"target\":[\"https:\/\/www.teknocanta.com\/zaino-per-laptop\/\"]}]},{\"@type\":\"ImageObject\",\"inLanguage\":\"it-IT\",\"@id\":\"https:\/\/www.teknocanta.com\/zaino-per-laptop\/#primaryimage\",\"url\":\"https:\/\/www.teknocanta.com\/wp-content\/uploads\/2021\/10\/dizustu_bilgisayar_sirt_cantasi_ana_resim_dik.jpg\",\"contentUrl\":\"https:\/\/www.teknocanta.com\/wp-content\/uploads\/2021\/10\/dizustu_bilgisayar_sirt_cantasi_ana_resim_dik.jpg\",\"width\":899,\"height\":1077},{\"@type\":\"BreadcrumbList\",\"@id\":\"https:\/\/www.teknocanta.com\/zaino-per-laptop\/#breadcrumb\",\"itemListElement\":[{\"@type\":\"ListItem\",\"position\":1,\"name\":\"Ana sayfa\",\"item\":\"https:\/\/www.teknocanta.com\/it\/\"},{\"@type\":\"ListItem\",\"position\":2,\"name\":\"\u00dcr\u00fcnler\",\"item\":\"https:\/\/www.teknocanta.com\/urunler\/\"},{\"@type\":\"ListItem\",\"position\":3,\"name\":\"Zaino per laptop\"}]},{\"@type\":\"WebSite\",\"@id\":\"https:\/\/www.teknocanta.com\/#website\",\"url\":\"https:\/\/www.teknocanta.com\/\",\"name\":\"Tekno \u00c7anta - Promosyon Toptan \u00c7anta \u0130malat\u0131\",\"description\":\"Toptan \u00e7anta imalat\u0131, ham bez \u00e7anta, s\u0131rt \u00e7antalar\u0131, laptop ve evrak \u00e7antalar\u0131, kongre \u00e7antalar\u0131, fuar \u00e7antas\u0131 ve ipli b\u00fczg\u00fcl\u00fc \u00e7anta imalat\u0131 yapmaktay\u0131z.\",\"potentialAction\":[{\"@type\":\"SearchAction\",\"target\":{\"@type\":\"EntryPoint\",\"urlTemplate\":\"https:\/\/www.teknocanta.com\/?s={search_term_string}\"},\"query-input\":{\"@type\":\"PropertyValueSpecification\",\"valueRequired\":true,\"valueName\":\"search_term_string\"}}],\"inLanguage\":\"it-IT\"}]}<\/script>\n<!-- \/ Yoast SEO plugin. -->","yoast_head_json":{"title":"Zaino per laptop - Tekno \u00c7anta - Promosyon Toptan \u00c7anta \u0130malat\u0131","robots":{"index":"index","follow":"follow","max-snippet":"max-snippet:-1","max-image-preview":"max-image-preview:large","max-video-preview":"max-video-preview:-1"},"canonical":"https:\/\/www.teknocanta.com\/zaino-per-laptop\/","og_locale":"it_IT","og_type":"article","og_title":"Zaino per laptop - Tekno \u00c7anta - Promosyon Toptan \u00c7anta \u0130malat\u0131","og_description":"I prezzi delle borse variano a seconda della quantit\u00e0 ordinata. L&#8217;IVA 8% e le spese di stampa non sono incluse nel prezzo. La borsa \u00e8 un prodotto in stock, la borsa in stock \u00e8 in ecopelle marrone e tessuto di lino grigio come da foto. \u00c8 possibile ordinare sacchetti di colori diversi per gli ordini&hellip;","og_url":"https:\/\/www.teknocanta.com\/zaino-per-laptop\/","og_site_name":"Tekno \u00c7anta - Promosyon Toptan \u00c7anta \u0130malat\u0131","twitter_card":"summary_large_image","twitter_misc":{"Tempo di lettura stimato":"3 minuti"},"schema":{"@context":"https:\/\/schema.org","@graph":[{"@type":"WebPage","@id":"https:\/\/www.teknocanta.com\/zaino-per-laptop\/","url":"https:\/\/www.teknocanta.com\/zaino-per-laptop\/","name":"Zaino per laptop - Tekno \u00c7anta - Promosyon Toptan \u00c7anta \u0130malat\u0131","isPartOf":{"@id":"https:\/\/www.teknocanta.com\/#website"},"primaryImageOfPage":{"@id":"https:\/\/www.teknocanta.com\/zaino-per-laptop\/#primaryimage"},"image":{"@id":"https:\/\/www.teknocanta.com\/zaino-per-laptop\/#primaryimage"},"thumbnailUrl":"https:\/\/www.teknocanta.com\/wp-content\/uploads\/2021\/10\/dizustu_bilgisayar_sirt_cantasi_ana_resim_dik.jpg","datePublished":"2021-10-14T13:02:13+00:00","breadcrumb":{"@id":"https:\/\/www.teknocanta.com\/zaino-per-laptop\/#breadcrumb"},"inLanguage":"it-IT","potentialAction":[{"@type":"ReadAction","target":["https:\/\/www.teknocanta.com\/zaino-per-laptop\/"]}]},{"@type":"ImageObject","inLanguage":"it-IT","@id":"https:\/\/www.teknocanta.com\/zaino-per-laptop\/#primaryimage","url":"https:\/\/www.teknocanta.com\/wp-content\/uploads\/2021\/10\/dizustu_bilgisayar_sirt_cantasi_ana_resim_dik.jpg","contentUrl":"https:\/\/www.teknocanta.com\/wp-content\/uploads\/2021\/10\/dizustu_bilgisayar_sirt_cantasi_ana_resim_dik.jpg","width":899,"height":1077},{"@type":"BreadcrumbList","@id":"https:\/\/www.teknocanta.com\/zaino-per-laptop\/#breadcrumb","itemListElement":[{"@type":"ListItem","position":1,"name":"Ana sayfa","item":"https:\/\/www.teknocanta.com\/it\/"},{"@type":"ListItem","position":2,"name":"\u00dcr\u00fcnler","item":"https:\/\/www.teknocanta.com\/urunler\/"},{"@type":"ListItem","position":3,"name":"Zaino per laptop"}]},{"@type":"WebSite","@id":"https:\/\/www.teknocanta.com\/#website","url":"https:\/\/www.teknocanta.com\/","name":"Tekno \u00c7anta - Promosyon Toptan \u00c7anta \u0130malat\u0131","description":"Toptan \u00e7anta imalat\u0131, ham bez \u00e7anta, s\u0131rt \u00e7antalar\u0131, laptop ve evrak \u00e7antalar\u0131, kongre \u00e7antalar\u0131, fuar \u00e7antas\u0131 ve ipli b\u00fczg\u00fcl\u00fc \u00e7anta imalat\u0131 yapmaktay\u0131z.","potentialAction":[{"@type":"SearchAction","target":{"@type":"EntryPoint","urlTemplate":"https:\/\/www.teknocanta.com\/?s={search_term_string}"},"query-input":{"@type":"PropertyValueSpecification","valueRequired":true,"valueName":"search_term_string"}}],"inLanguage":"it-IT"}]}},"_links":{"self":[{"href":"https:\/\/www.teknocanta.com\/it\/wp-json\/wp\/v2\/product\/44500","targetHints":{"allow":["GET"]}}],"collection":[{"href":"https:\/\/www.teknocanta.com\/it\/wp-json\/wp\/v2\/product"}],"about":[{"href":"https:\/\/www.teknocanta.com\/it\/wp-json\/wp\/v2\/types\/product"}],"replies":[{"embeddable":true,"href":"https:\/\/www.teknocanta.com\/it\/wp-json\/wp\/v2\/comments?post=44500"}],"wp:featuredmedia":[{"embeddable":true,"href":"https:\/\/www.teknocanta.com\/it\/wp-json\/wp\/v2\/media\/43554"}],"wp:attachment":[{"href":"https:\/\/www.teknocanta.com\/it\/wp-json\/wp\/v2\/media?parent=44500"}],"wp:term":[{"taxonomy":"product_brand","embeddable":true,"href":"https:\/\/www.teknocanta.com\/it\/wp-json\/wp\/v2\/product_brand?post=44500"},{"taxonomy":"product_cat","embeddable":true,"href":"https:\/\/www.teknocanta.com\/it\/wp-json\/wp\/v2\/product_cat?post=44500"},{"taxonomy":"product_tag","embeddable":true,"href":"https:\/\/www.teknocanta.com\/it\/wp-json\/wp\/v2\/product_tag?post=44500"}],"curies":[{"name":"wp","href":"https:\/\/api.w.org\/{rel}","templated":true}]}}