{"id":37379,"date":"2021-10-14T15:52:30","date_gmt":"2021-10-14T12:52:30","guid":{"rendered":"https:\/\/www.teknocanta.com\/?post_type=product&#038;p=37379"},"modified":"2025-11-04T20:16:18","modified_gmt":"2025-11-04T17:16:18","slug":"bez-market-cantasi","status":"publish","type":"product","link":"https:\/\/www.teknocanta.com\/it\/urun\/bez-market-cantasi\/","title":{"rendered":"Bez Market \u00c7antas\u0131"},"content":{"rendered":"<p class=\"MsoNormal\" style=\"text-align: justify; color: rgb(110, 111, 112); line-height: normal; font-family: Verdana, serif, arial; font-size: 14px; margin-bottom: 0pt;\"><span style=\"color: rgb(34, 34, 34); font-size: 10pt;\">En: 40 cm<\/span><span style=\"font-size: 10pt;\"><o:p><\/o:p><\/span><\/p>\n<p class=\"MsoNormal\" style=\"text-align: justify; color: rgb(110, 111, 112); line-height: normal; font-family: Verdana, serif, arial; font-size: 14px; margin-bottom: 0pt;\"><span style=\"color: rgb(34, 34, 34); font-size: 10pt;\">Y\u00fckseklik: 45 cm&nbsp;<\/span><\/p>\n<p class=\"MsoNormal\" style=\"text-align: justify; color: rgb(110, 111, 112); line-height: normal; font-family: Verdana, serif, arial; font-size: 14px; margin-bottom: 0pt;\"><span style=\"color: rgb(34, 34, 34); font-size: 10pt;\">K\u00f6r\u00fck 10 cm<\/span><span style=\"font-size: 10pt;\"><o:p><\/o:p><\/span><\/p>\n<p class=\"MsoNormal\" style=\"text-align: justify; color: rgb(110, 111, 112); line-height: normal; font-family: Verdana, serif, arial; font-size: 14px; margin-bottom: 0pt;\"><span style=\"color: rgb(34, 34, 34); font-size: 10pt;\">46 tel\/140 gr. ham bez kuma\u015f<\/span><\/p>\n<p class=\"MsoNormal\" style=\"text-align: justify; color: rgb(110, 111, 112); line-height: normal; font-family: Verdana, serif, arial; font-size: 14px; margin-bottom: 0pt;\"><span style=\"color: rgb(34, 34, 34); font-size: 10pt;\">dokuma kolon sap<\/span><span style=\"font-size: 10pt;\"><o:p><\/o:p><\/span><\/p>\n<p class=\"MsoNormal\" style=\"text-align: justify; color: rgb(110, 111, 112); line-height: normal; font-family: Verdana, serif, arial; font-size: 14px; margin-bottom: 0pt;\"><span style=\"color: rgb(34, 34, 34); font-size: 10pt;\">Uzun sapl\u0131 model<\/span><span style=\"font-size: 10pt;\"><o:p><\/o:p><\/span><\/p>\n<p class=\"MsoNormal\" style=\"text-align: justify; color: rgb(110, 111, 112); line-height: normal; font-family: Verdana, serif, arial; font-size: 14px; margin-bottom: 0pt;\"><span style=\"color: rgb(34, 34, 34); font-size: 10pt;\">\u0130malat s\u00fcresi 10 g\u00fcn<\/span><\/p>\n<p class=\"MsoNormal\" style=\"text-align: justify; color: rgb(110, 111, 112); line-height: normal; font-family: Verdana, serif, arial; font-size: 14px; margin-bottom: 0pt;\"><span style=\"color: rgb(34, 34, 34); font-size: 10pt;\"><br \/><\/span><\/p>\n<p class=\"MsoNormal\" style=\"text-align: justify; color: rgb(110, 111, 112); line-height: normal; font-family: Verdana, serif, arial; font-size: 14px; margin-bottom: 0pt;\"><font color=\"#222222\"><span style=\"font-size: 13.33px;\">Marketlerde al\u0131\u015fveri\u015f torbas\u0131 olarak kullanmak i\u00e7in uygundur. Y\u00fcksek adetlerdeki sipari\u015fleriniz i\u00e7in l\u00fctfen fiyat isteyiniz. Ebat, adet ve bask\u0131 g\u00f6rseli fiyat\u0131 etkileyecek unsurlard\u0131r. %100 do\u011fal pamuktan \u00fcretilmi\u015ftir. Bez market \u00e7antalar\u0131 Geri d\u00f6n\u00fc\u015f\u00fcml\u00fc do\u011fa dostu do\u011fada \u00e7\u00f6z\u00fcnen kanserojen madde i\u00e7ermeyen kuma\u015flardan \u00fcretilmektedir.&nbsp;<\/span><\/font><\/p>\n<p class=\"MsoNormal\" style=\"text-align: justify; color: rgb(110, 111, 112); line-height: normal; font-family: Verdana, serif, arial; font-size: 14px; margin-bottom: 0pt;\"><font color=\"#222222\"><span style=\"font-size: 13.33px;\"><br \/><\/span><\/font><\/p>\n<p class=\"MsoNormal\" style=\"text-align: justify; color: rgb(110, 111, 112); line-height: normal; font-family: Verdana, serif, arial; font-size: 14px; margin-bottom: 0pt;\"><font color=\"#222222\"><span style=\"font-size: 13.33px;\">Siz de plastik po\u015fet yerine bez al\u0131\u015fveri\u015f \u00e7antas\u0131 kullanarak \u00e7evreye katk\u0131da bulunabilirsiniz.&nbsp;<\/span><\/font><\/p>\n","protected":false},"excerpt":{"rendered":"<p>En: 40 cm Y\u00fckseklik: 45 cm&nbsp; K\u00f6r\u00fck 10 cm 46 tel\/140 gr. ham bez kuma\u015f dokuma kolon sap Uzun sapl\u0131 model \u0130malat s\u00fcresi 10 g\u00fcn Marketlerde al\u0131\u015fveri\u015f torbas\u0131 olarak kullanmak i\u00e7in uygundur. Y\u00fcksek adetlerdeki sipari\u015fleriniz i\u00e7in l\u00fctfen fiyat isteyiniz. Ebat, adet ve bask\u0131 g\u00f6rseli fiyat\u0131 etkileyecek unsurlard\u0131r. %100 do\u011fal pamuktan \u00fcretilmi\u015ftir. Bez market \u00e7antalar\u0131 Geri&hellip;<\/p>\n","protected":false},"featured_media":37447,"comment_status":"open","ping_status":"closed","template":"","meta":[],"product_brand":[],"product_cat":[950],"product_tag":[982,983,984,985,986,987,988],"class_list":{"0":"post-37379","1":"product","2":"type-product","3":"status-publish","4":"has-post-thumbnail","6":"product_cat-market-torbasi","7":"product_tag-bez-market-canta-fiyatlari","8":"product_tag-bez-market-cantasi-fiyatlari","9":"product_tag-bez-market-cantasi-yapimi","10":"product_tag-bez-market-poseti","11":"product_tag-bez-market-torba-fiyatlari","12":"product_tag-bez-market-torbasi","13":"product_tag-market-torbasi","14":"description-off","16":"first","17":"instock","18":"shipping-taxable","19":"purchasable","20":"product-type-simple"},"yoast_head":"<!-- This site is optimized with the Yoast SEO plugin v26.6 - https:\/\/yoast.com\/wordpress\/plugins\/seo\/ -->\n<title>Bez Market \u00c7antas\u0131 - Tekno \u00c7anta - Promosyon Toptan \u00c7anta \u0130malat\u0131<\/title>\n<meta name=\"robots\" content=\"index, follow, max-snippet:-1, max-image-preview:large, max-video-preview:-1\" \/>\n<link rel=\"canonical\" href=\"https:\/\/www.teknocanta.com\/bez-market-cantasi\/\" \/>\n<meta property=\"og:locale\" content=\"it_IT\" \/>\n<meta property=\"og:type\" content=\"article\" \/>\n<meta property=\"og:title\" content=\"Bez Market \u00c7antas\u0131 - Tekno \u00c7anta - Promosyon Toptan \u00c7anta \u0130malat\u0131\" \/>\n<meta property=\"og:description\" content=\"En: 40 cm Y\u00fckseklik: 45 cm&nbsp; K\u00f6r\u00fck 10 cm 46 tel\/140 gr. ham bez kuma\u015f dokuma kolon sap Uzun sapl\u0131 model \u0130malat s\u00fcresi 10 g\u00fcn Marketlerde al\u0131\u015fveri\u015f torbas\u0131 olarak kullanmak i\u00e7in uygundur. Y\u00fcksek adetlerdeki sipari\u015fleriniz i\u00e7in l\u00fctfen fiyat isteyiniz. Ebat, adet ve bask\u0131 g\u00f6rseli fiyat\u0131 etkileyecek unsurlard\u0131r. %100 do\u011fal pamuktan \u00fcretilmi\u015ftir. Bez market \u00e7antalar\u0131 Geri&hellip;\" \/>\n<meta property=\"og:url\" content=\"https:\/\/www.teknocanta.com\/bez-market-cantasi\/\" \/>\n<meta property=\"og:site_name\" content=\"Tekno \u00c7anta - Promosyon Toptan \u00c7anta \u0130malat\u0131\" \/>\n<meta property=\"article:modified_time\" content=\"2025-11-04T17:16:18+00:00\" \/>\n<meta property=\"og:image\" content=\"https:\/\/www.teknocanta.com\/wp-content\/uploads\/2021\/10\/AV87bez_market_cantasi.jpeg\" \/>\n\t<meta property=\"og:image:width\" content=\"600\" \/>\n\t<meta property=\"og:image:height\" content=\"600\" \/>\n\t<meta property=\"og:image:type\" content=\"image\/jpeg\" \/>\n<meta name=\"twitter:card\" content=\"summary_large_image\" \/>\n<script type=\"application\/ld+json\" class=\"yoast-schema-graph\">{\"@context\":\"https:\/\/schema.org\",\"@graph\":[{\"@type\":\"WebPage\",\"@id\":\"https:\/\/www.teknocanta.com\/bez-market-cantasi\/\",\"url\":\"https:\/\/www.teknocanta.com\/bez-market-cantasi\/\",\"name\":\"Bez Market \u00c7antas\u0131 - Tekno \u00c7anta - Promosyon Toptan \u00c7anta \u0130malat\u0131\",\"isPartOf\":{\"@id\":\"https:\/\/www.teknocanta.com\/#website\"},\"primaryImageOfPage\":{\"@id\":\"https:\/\/www.teknocanta.com\/bez-market-cantasi\/#primaryimage\"},\"image\":{\"@id\":\"https:\/\/www.teknocanta.com\/bez-market-cantasi\/#primaryimage\"},\"thumbnailUrl\":\"https:\/\/www.teknocanta.com\/wp-content\/uploads\/2021\/10\/AV87bez_market_cantasi.jpeg\",\"datePublished\":\"2021-10-14T12:52:30+00:00\",\"dateModified\":\"2025-11-04T17:16:18+00:00\",\"breadcrumb\":{\"@id\":\"https:\/\/www.teknocanta.com\/bez-market-cantasi\/#breadcrumb\"},\"inLanguage\":\"it-IT\",\"potentialAction\":[{\"@type\":\"ReadAction\",\"target\":[\"https:\/\/www.teknocanta.com\/bez-market-cantasi\/\"]}]},{\"@type\":\"ImageObject\",\"inLanguage\":\"it-IT\",\"@id\":\"https:\/\/www.teknocanta.com\/bez-market-cantasi\/#primaryimage\",\"url\":\"https:\/\/www.teknocanta.com\/wp-content\/uploads\/2021\/10\/AV87bez_market_cantasi.jpeg\",\"contentUrl\":\"https:\/\/www.teknocanta.com\/wp-content\/uploads\/2021\/10\/AV87bez_market_cantasi.jpeg\",\"width\":600,\"height\":600},{\"@type\":\"BreadcrumbList\",\"@id\":\"https:\/\/www.teknocanta.com\/bez-market-cantasi\/#breadcrumb\",\"itemListElement\":[{\"@type\":\"ListItem\",\"position\":1,\"name\":\"Ana sayfa\",\"item\":\"https:\/\/www.teknocanta.com\/it\/\"},{\"@type\":\"ListItem\",\"position\":2,\"name\":\"\u00dcr\u00fcnler\",\"item\":\"https:\/\/www.teknocanta.com\/urunler\/\"},{\"@type\":\"ListItem\",\"position\":3,\"name\":\"Bez Market \u00c7antas\u0131\"}]},{\"@type\":\"WebSite\",\"@id\":\"https:\/\/www.teknocanta.com\/#website\",\"url\":\"https:\/\/www.teknocanta.com\/\",\"name\":\"Tekno \u00c7anta - Promosyon Toptan \u00c7anta \u0130malat\u0131\",\"description\":\"Toptan \u00e7anta imalat\u0131, ham bez \u00e7anta, s\u0131rt \u00e7antalar\u0131, laptop ve evrak \u00e7antalar\u0131, kongre \u00e7antalar\u0131, fuar \u00e7antas\u0131 ve ipli b\u00fczg\u00fcl\u00fc \u00e7anta imalat\u0131 yapmaktay\u0131z.\",\"potentialAction\":[{\"@type\":\"SearchAction\",\"target\":{\"@type\":\"EntryPoint\",\"urlTemplate\":\"https:\/\/www.teknocanta.com\/?s={search_term_string}\"},\"query-input\":{\"@type\":\"PropertyValueSpecification\",\"valueRequired\":true,\"valueName\":\"search_term_string\"}}],\"inLanguage\":\"it-IT\"}]}<\/script>\n<!-- \/ Yoast SEO plugin. -->","yoast_head_json":{"title":"Bez Market \u00c7antas\u0131 - Tekno \u00c7anta - Promosyon Toptan \u00c7anta \u0130malat\u0131","robots":{"index":"index","follow":"follow","max-snippet":"max-snippet:-1","max-image-preview":"max-image-preview:large","max-video-preview":"max-video-preview:-1"},"canonical":"https:\/\/www.teknocanta.com\/bez-market-cantasi\/","og_locale":"it_IT","og_type":"article","og_title":"Bez Market \u00c7antas\u0131 - Tekno \u00c7anta - Promosyon Toptan \u00c7anta \u0130malat\u0131","og_description":"En: 40 cm Y\u00fckseklik: 45 cm&nbsp; K\u00f6r\u00fck 10 cm 46 tel\/140 gr. ham bez kuma\u015f dokuma kolon sap Uzun sapl\u0131 model \u0130malat s\u00fcresi 10 g\u00fcn Marketlerde al\u0131\u015fveri\u015f torbas\u0131 olarak kullanmak i\u00e7in uygundur. Y\u00fcksek adetlerdeki sipari\u015fleriniz i\u00e7in l\u00fctfen fiyat isteyiniz. Ebat, adet ve bask\u0131 g\u00f6rseli fiyat\u0131 etkileyecek unsurlard\u0131r. %100 do\u011fal pamuktan \u00fcretilmi\u015ftir. Bez market \u00e7antalar\u0131 Geri&hellip;","og_url":"https:\/\/www.teknocanta.com\/bez-market-cantasi\/","og_site_name":"Tekno \u00c7anta - Promosyon Toptan \u00c7anta \u0130malat\u0131","article_modified_time":"2025-11-04T17:16:18+00:00","og_image":[{"width":600,"height":600,"url":"https:\/\/www.teknocanta.com\/wp-content\/uploads\/2021\/10\/AV87bez_market_cantasi.jpeg","type":"image\/jpeg"}],"twitter_card":"summary_large_image","schema":{"@context":"https:\/\/schema.org","@graph":[{"@type":"WebPage","@id":"https:\/\/www.teknocanta.com\/bez-market-cantasi\/","url":"https:\/\/www.teknocanta.com\/bez-market-cantasi\/","name":"Bez Market \u00c7antas\u0131 - Tekno \u00c7anta - Promosyon Toptan \u00c7anta \u0130malat\u0131","isPartOf":{"@id":"https:\/\/www.teknocanta.com\/#website"},"primaryImageOfPage":{"@id":"https:\/\/www.teknocanta.com\/bez-market-cantasi\/#primaryimage"},"image":{"@id":"https:\/\/www.teknocanta.com\/bez-market-cantasi\/#primaryimage"},"thumbnailUrl":"https:\/\/www.teknocanta.com\/wp-content\/uploads\/2021\/10\/AV87bez_market_cantasi.jpeg","datePublished":"2021-10-14T12:52:30+00:00","dateModified":"2025-11-04T17:16:18+00:00","breadcrumb":{"@id":"https:\/\/www.teknocanta.com\/bez-market-cantasi\/#breadcrumb"},"inLanguage":"it-IT","potentialAction":[{"@type":"ReadAction","target":["https:\/\/www.teknocanta.com\/bez-market-cantasi\/"]}]},{"@type":"ImageObject","inLanguage":"it-IT","@id":"https:\/\/www.teknocanta.com\/bez-market-cantasi\/#primaryimage","url":"https:\/\/www.teknocanta.com\/wp-content\/uploads\/2021\/10\/AV87bez_market_cantasi.jpeg","contentUrl":"https:\/\/www.teknocanta.com\/wp-content\/uploads\/2021\/10\/AV87bez_market_cantasi.jpeg","width":600,"height":600},{"@type":"BreadcrumbList","@id":"https:\/\/www.teknocanta.com\/bez-market-cantasi\/#breadcrumb","itemListElement":[{"@type":"ListItem","position":1,"name":"Ana sayfa","item":"https:\/\/www.teknocanta.com\/it\/"},{"@type":"ListItem","position":2,"name":"\u00dcr\u00fcnler","item":"https:\/\/www.teknocanta.com\/urunler\/"},{"@type":"ListItem","position":3,"name":"Bez Market \u00c7antas\u0131"}]},{"@type":"WebSite","@id":"https:\/\/www.teknocanta.com\/#website","url":"https:\/\/www.teknocanta.com\/","name":"Tekno \u00c7anta - Promosyon Toptan \u00c7anta \u0130malat\u0131","description":"Toptan \u00e7anta imalat\u0131, ham bez \u00e7anta, s\u0131rt \u00e7antalar\u0131, laptop ve evrak \u00e7antalar\u0131, kongre \u00e7antalar\u0131, fuar \u00e7antas\u0131 ve ipli b\u00fczg\u00fcl\u00fc \u00e7anta imalat\u0131 yapmaktay\u0131z.","potentialAction":[{"@type":"SearchAction","target":{"@type":"EntryPoint","urlTemplate":"https:\/\/www.teknocanta.com\/?s={search_term_string}"},"query-input":{"@type":"PropertyValueSpecification","valueRequired":true,"valueName":"search_term_string"}}],"inLanguage":"it-IT"}]}},"_links":{"self":[{"href":"https:\/\/www.teknocanta.com\/it\/wp-json\/wp\/v2\/product\/37379","targetHints":{"allow":["GET"]}}],"collection":[{"href":"https:\/\/www.teknocanta.com\/it\/wp-json\/wp\/v2\/product"}],"about":[{"href":"https:\/\/www.teknocanta.com\/it\/wp-json\/wp\/v2\/types\/product"}],"replies":[{"embeddable":true,"href":"https:\/\/www.teknocanta.com\/it\/wp-json\/wp\/v2\/comments?post=37379"}],"wp:featuredmedia":[{"embeddable":true,"href":"https:\/\/www.teknocanta.com\/it\/wp-json\/wp\/v2\/media\/37447"}],"wp:attachment":[{"href":"https:\/\/www.teknocanta.com\/it\/wp-json\/wp\/v2\/media?parent=37379"}],"wp:term":[{"taxonomy":"product_brand","embeddable":true,"href":"https:\/\/www.teknocanta.com\/it\/wp-json\/wp\/v2\/product_brand?post=37379"},{"taxonomy":"product_cat","embeddable":true,"href":"https:\/\/www.teknocanta.com\/it\/wp-json\/wp\/v2\/product_cat?post=37379"},{"taxonomy":"product_tag","embeddable":true,"href":"https:\/\/www.teknocanta.com\/it\/wp-json\/wp\/v2\/product_tag?post=37379"}],"curies":[{"name":"wp","href":"https:\/\/api.w.org\/{rel}","templated":true}]}}