{"id":37378,"date":"2021-10-14T15:52:29","date_gmt":"2021-10-14T12:52:29","guid":{"rendered":"https:\/\/www.teknocanta.com\/?post_type=product&#038;p=37378"},"modified":"2026-04-06T15:28:09","modified_gmt":"2026-04-06T12:28:09","slug":"termos-canta","status":"publish","type":"product","link":"https:\/\/www.teknocanta.com\/it\/urun\/termos-canta\/","title":{"rendered":"Termos \u00c7anta"},"content":{"rendered":"<p class=\"MsoNormal\" style=\"text-align: justify; color: rgb(110, 111, 112); line-height: normal; font-family: Verdana, serif, arial; font-size: 14px; margin-bottom: 6.4pt;\">Termos \u00c7anta<\/p>\n<p class=\"MsoNormal\" style=\"text-align: justify; color: rgb(110, 111, 112); line-height: normal; font-family: Verdana, serif, arial; font-size: 14px; margin-bottom: 6.4pt;\">Promosyon ama\u00e7l\u0131 termos \u00e7antalar\u0131n fiyatlar\u0131 sipari\u015f \u00e2detine g\u00f6re ve \u00e7antan\u0131n b\u00fcy\u00fckl\u00fc\u011f\u00fcne de\u011fi\u015fmektedir.<o:p><\/o:p><\/p>\n<p class=\"MsoNormal\" style=\"text-align: justify; color: rgb(110, 111, 112); line-height: normal; font-family: Verdana, serif, arial; font-size: 14px; margin-bottom: 6.4pt;\">Fiyatland\u0131rma 500 adet i\u00e7in yap\u0131lm\u0131\u015ft\u0131r. Daha d\u00fc\u015f\u00fck adetlerde de sipari\u015f verebilirsiniz. Daha d\u00fc\u015f\u00fck veya daha y\u00fcksek adetlerde fiyatlar de\u011fi\u015fecektir.&nbsp;<o:p><\/o:p><\/p>\n<p class=\"MsoNormal\" style=\"text-align: justify; color: rgb(110, 111, 112); line-height: normal; font-family: Verdana, serif, arial; font-size: 14px; margin-bottom: 6.4pt;\">Stoklu \u00fcr\u00fcn de\u011fildir. Sipari\u015f \u00fczerine \u00fcretilmekte olup en az sipari\u015f adedi 200 adettir.&nbsp; Fiyatlara bask\u0131 \u00fccreti ve&nbsp; %8 KDV d\u00e2hil de\u011fildir.&nbsp;<o:p><\/o:p><\/p>\n<p class=\"MsoNormal\" style=\"text-align: justify; color: rgb(110, 111, 112); line-height: normal; font-family: Verdana, serif, arial; font-size: 14px; margin-bottom: 0pt;\">20x17x14 cm ebad\u0131nda, kapasite olarak 6 adet yar\u0131m litrelik haz\u0131r me\u015frubat kutusu s\u0131\u011facak b\u00fcy\u00fckl\u00fcktedir.<o:p><\/o:p><\/p>\n<p class=\"MsoNormal\" style=\"text-align: justify; color: rgb(110, 111, 112); line-height: normal; font-family: Verdana, serif, arial; font-size: 14px; margin-bottom: 6.4pt;\">Promosyon So\u011futucu \u00e7antalara imalat esnas\u0131nda kurumsal firmalar\u0131n logolar\u0131n\u0131 basmak m\u00fcmk\u00fcnd\u00fcr. Firmalar taraf\u0131ndan reklam ama\u00e7l\u0131 logo bask\u0131l\u0131 olarak tercih edilmektedir.<o:p><\/o:p><\/p>\n<p class=\"MsoNormal\" style=\"text-align: justify; color: rgb(110, 111, 112); line-height: normal; font-family: Verdana, serif, arial; font-size: 14px; margin-bottom: 6.4pt;\">\u00c7anta \u00fczerine yap\u0131lacak olan logolardaki renk say\u0131s\u0131 ve bask\u0131 tekni\u011fi de fiyat\u0131 etkileyebilecek unsurlardand\u0131r. Genellikle tek renkli veya \u00e7ok renkli serigrafi bask\u0131 tekni\u011fi kullan\u0131lmaktad\u0131r. Tercihe veya bas\u0131lacak g\u00f6rsele g\u00f6re transfer bask\u0131 da yap\u0131labilir.<o:p><\/o:p><\/p>\n<p class=\"MsoNormal\" style=\"text-align: justify; color: rgb(110, 111, 112); line-height: normal; font-family: Verdana, serif, arial; font-size: 14px; margin-bottom: 6.4pt;\">So\u011futucu \u00c7antalar ve so\u011fuk tutan&nbsp; \u00e7antalar so\u011fuk ve s\u0131ca\u011f\u0131 belirli bir s\u00fcre muhafaza edebilen \u00e7antalard\u0131r. D\u0131\u015f kuma\u015f\u0131n i\u00e7erisine kaplanan \u00f6zel bir malzeme sayesinde malzemenin de kalite ve yo\u011funlu\u011fu ile alakal\u0131 olarak 4 saate kadar s\u0131ca\u011f\u0131 ve so\u011fu\u011fu muhafaza edebilirler. Yaz aylar\u0131nda so\u011fuk me\u015frubat veya di\u011fer g\u0131dalar\u0131n \u0131s\u0131nmas\u0131n\u0131 engellemek i\u00e7in, k\u0131\u015f aylar\u0131nda ise yine s\u0131cak \u00e7ay gibi me\u015frubatlar\u0131n so\u011fumas\u0131n\u0131 engellemek i\u00e7in kullan\u0131lmaktad\u0131r.<o:p><\/o:p><\/p>\n<p class=\"MsoNormal\" style=\"text-align: justify; color: rgb(110, 111, 112); line-height: normal; font-family: Verdana, serif, arial; font-size: 14px; margin-bottom: 6.4pt;\">Di\u011fer ad\u0131 ile piknik \u00c7antalar\u0131 genellikle yaz aylar\u0131nda pikniklerde \u00e7ok\u00e7a kullan\u0131lmaktad\u0131r.&nbsp; Piknik \u00c7antalar\u0131n\u0131 i\u00e7erisine konulacak g\u0131dalar\u0131n \u00e7oklu\u011funa ve kullan\u0131m alan\u0131na g\u00f6re her ebatta \u00fcretmek m\u00fcmk\u00fcnd\u00fcr.<o:p><\/o:p><\/p>\n<p class=\"MsoNormal\" style=\"text-align: justify; color: rgb(110, 111, 112); line-height: normal; font-family: Verdana, serif, arial; font-size: 14px; margin-bottom: 6.4pt;\">So\u011futucu Termos \u00e7antalar\u0131n d\u0131\u015f kuma\u015flar\u0131 genellikle elyaf tela nonwoven kuma\u015flardan \u00fcretilmektedir.&nbsp;<\/p>\n","protected":false},"excerpt":{"rendered":"<p>Termos \u00c7anta Promosyon ama\u00e7l\u0131 termos \u00e7antalar\u0131n fiyatlar\u0131 sipari\u015f \u00e2detine g\u00f6re ve \u00e7antan\u0131n b\u00fcy\u00fckl\u00fc\u011f\u00fcne de\u011fi\u015fmektedir. Fiyatland\u0131rma 500 adet i\u00e7in yap\u0131lm\u0131\u015ft\u0131r. Daha d\u00fc\u015f\u00fck adetlerde de sipari\u015f verebilirsiniz. Daha d\u00fc\u015f\u00fck veya daha y\u00fcksek adetlerde fiyatlar de\u011fi\u015fecektir.&nbsp; Stoklu \u00fcr\u00fcn de\u011fildir. Sipari\u015f \u00fczerine \u00fcretilmekte olup en az sipari\u015f adedi 200 adettir.&nbsp; Fiyatlara bask\u0131 \u00fccreti ve&nbsp; %8 KDV d\u00e2hil de\u011fildir.&nbsp; 20x17x14&hellip;<\/p>\n","protected":false},"featured_media":37446,"comment_status":"open","ping_status":"closed","template":"","meta":[],"product_brand":[],"product_cat":[970],"product_tag":[971,973,974,975,976,981,977,978,979,980],"class_list":{"0":"post-37378","1":"product","2":"type-product","3":"status-publish","4":"has-post-thumbnail","6":"product_cat-termos-cantalar","7":"product_tag-istoc-termos-canta","8":"product_tag-soguk-tutan-canta","9":"product_tag-soguk-tutan-canta-imalati","10":"product_tag-sogutucu-canta","11":"product_tag-sogutucu-canta-imalati","12":"product_tag-termos-canta","13":"product_tag-termos-canta-imalatcilari-istanbul","14":"product_tag-termos-canta-imalati","15":"product_tag-toptan-sogutucu-canta","16":"product_tag-toptan-termos-canta","17":"description-off","19":"first","20":"instock","21":"shipping-taxable","22":"purchasable","23":"product-type-simple"},"yoast_head":"<!-- This site is optimized with the Yoast SEO plugin v26.6 - https:\/\/yoast.com\/wordpress\/plugins\/seo\/ -->\n<title>Termos \u00c7anta - Tekno \u00c7anta - Promosyon Toptan \u00c7anta \u0130malat\u0131<\/title>\n<meta name=\"robots\" content=\"index, follow, max-snippet:-1, max-image-preview:large, max-video-preview:-1\" \/>\n<link rel=\"canonical\" href=\"https:\/\/www.teknocanta.com\/termos-canta\/\" \/>\n<meta property=\"og:locale\" content=\"it_IT\" \/>\n<meta property=\"og:type\" content=\"article\" \/>\n<meta property=\"og:title\" content=\"Termos \u00c7anta - Tekno \u00c7anta - Promosyon Toptan \u00c7anta \u0130malat\u0131\" \/>\n<meta property=\"og:description\" content=\"Termos \u00c7anta Promosyon ama\u00e7l\u0131 termos \u00e7antalar\u0131n fiyatlar\u0131 sipari\u015f \u00e2detine g\u00f6re ve \u00e7antan\u0131n b\u00fcy\u00fckl\u00fc\u011f\u00fcne de\u011fi\u015fmektedir. Fiyatland\u0131rma 500 adet i\u00e7in yap\u0131lm\u0131\u015ft\u0131r. Daha d\u00fc\u015f\u00fck adetlerde de sipari\u015f verebilirsiniz. Daha d\u00fc\u015f\u00fck veya daha y\u00fcksek adetlerde fiyatlar de\u011fi\u015fecektir.&nbsp; Stoklu \u00fcr\u00fcn de\u011fildir. Sipari\u015f \u00fczerine \u00fcretilmekte olup en az sipari\u015f adedi 200 adettir.&nbsp; Fiyatlara bask\u0131 \u00fccreti ve&nbsp; %8 KDV d\u00e2hil de\u011fildir.&nbsp; 20x17x14&hellip;\" \/>\n<meta property=\"og:url\" content=\"https:\/\/www.teknocanta.com\/termos-canta\/\" \/>\n<meta property=\"og:site_name\" content=\"Tekno \u00c7anta - Promosyon Toptan \u00c7anta \u0130malat\u0131\" \/>\n<meta property=\"article:modified_time\" content=\"2026-04-06T12:28:09+00:00\" \/>\n<meta property=\"og:image\" content=\"https:\/\/www.teknocanta.com\/wp-content\/uploads\/2021\/10\/AV014termos_canta.jpeg\" \/>\n\t<meta property=\"og:image:width\" content=\"600\" \/>\n\t<meta property=\"og:image:height\" content=\"600\" \/>\n\t<meta property=\"og:image:type\" content=\"image\/jpeg\" \/>\n<meta name=\"twitter:card\" content=\"summary_large_image\" \/>\n<meta name=\"twitter:label1\" content=\"Tempo di lettura stimato\" \/>\n\t<meta name=\"twitter:data1\" content=\"2 minuti\" \/>\n<script type=\"application\/ld+json\" class=\"yoast-schema-graph\">{\"@context\":\"https:\/\/schema.org\",\"@graph\":[{\"@type\":\"WebPage\",\"@id\":\"https:\/\/www.teknocanta.com\/termos-canta\/\",\"url\":\"https:\/\/www.teknocanta.com\/termos-canta\/\",\"name\":\"Termos \u00c7anta - Tekno \u00c7anta - Promosyon Toptan \u00c7anta \u0130malat\u0131\",\"isPartOf\":{\"@id\":\"https:\/\/www.teknocanta.com\/#website\"},\"primaryImageOfPage\":{\"@id\":\"https:\/\/www.teknocanta.com\/termos-canta\/#primaryimage\"},\"image\":{\"@id\":\"https:\/\/www.teknocanta.com\/termos-canta\/#primaryimage\"},\"thumbnailUrl\":\"https:\/\/www.teknocanta.com\/wp-content\/uploads\/2021\/10\/AV014termos_canta.jpeg\",\"datePublished\":\"2021-10-14T12:52:29+00:00\",\"dateModified\":\"2026-04-06T12:28:09+00:00\",\"breadcrumb\":{\"@id\":\"https:\/\/www.teknocanta.com\/termos-canta\/#breadcrumb\"},\"inLanguage\":\"it-IT\",\"potentialAction\":[{\"@type\":\"ReadAction\",\"target\":[\"https:\/\/www.teknocanta.com\/termos-canta\/\"]}]},{\"@type\":\"ImageObject\",\"inLanguage\":\"it-IT\",\"@id\":\"https:\/\/www.teknocanta.com\/termos-canta\/#primaryimage\",\"url\":\"https:\/\/www.teknocanta.com\/wp-content\/uploads\/2021\/10\/AV014termos_canta.jpeg\",\"contentUrl\":\"https:\/\/www.teknocanta.com\/wp-content\/uploads\/2021\/10\/AV014termos_canta.jpeg\",\"width\":600,\"height\":600},{\"@type\":\"BreadcrumbList\",\"@id\":\"https:\/\/www.teknocanta.com\/termos-canta\/#breadcrumb\",\"itemListElement\":[{\"@type\":\"ListItem\",\"position\":1,\"name\":\"Ana sayfa\",\"item\":\"https:\/\/www.teknocanta.com\/it\/\"},{\"@type\":\"ListItem\",\"position\":2,\"name\":\"\u00dcr\u00fcnler\",\"item\":\"https:\/\/www.teknocanta.com\/urunler\/\"},{\"@type\":\"ListItem\",\"position\":3,\"name\":\"Termos \u00c7anta\"}]},{\"@type\":\"WebSite\",\"@id\":\"https:\/\/www.teknocanta.com\/#website\",\"url\":\"https:\/\/www.teknocanta.com\/\",\"name\":\"Tekno \u00c7anta - Promosyon Toptan \u00c7anta \u0130malat\u0131\",\"description\":\"Toptan \u00e7anta imalat\u0131, ham bez \u00e7anta, s\u0131rt \u00e7antalar\u0131, laptop ve evrak \u00e7antalar\u0131, kongre \u00e7antalar\u0131, fuar \u00e7antas\u0131 ve ipli b\u00fczg\u00fcl\u00fc \u00e7anta imalat\u0131 yapmaktay\u0131z.\",\"potentialAction\":[{\"@type\":\"SearchAction\",\"target\":{\"@type\":\"EntryPoint\",\"urlTemplate\":\"https:\/\/www.teknocanta.com\/?s={search_term_string}\"},\"query-input\":{\"@type\":\"PropertyValueSpecification\",\"valueRequired\":true,\"valueName\":\"search_term_string\"}}],\"inLanguage\":\"it-IT\"}]}<\/script>\n<!-- \/ Yoast SEO plugin. -->","yoast_head_json":{"title":"Termos \u00c7anta - Tekno \u00c7anta - Promosyon Toptan \u00c7anta \u0130malat\u0131","robots":{"index":"index","follow":"follow","max-snippet":"max-snippet:-1","max-image-preview":"max-image-preview:large","max-video-preview":"max-video-preview:-1"},"canonical":"https:\/\/www.teknocanta.com\/termos-canta\/","og_locale":"it_IT","og_type":"article","og_title":"Termos \u00c7anta - Tekno \u00c7anta - Promosyon Toptan \u00c7anta \u0130malat\u0131","og_description":"Termos \u00c7anta Promosyon ama\u00e7l\u0131 termos \u00e7antalar\u0131n fiyatlar\u0131 sipari\u015f \u00e2detine g\u00f6re ve \u00e7antan\u0131n b\u00fcy\u00fckl\u00fc\u011f\u00fcne de\u011fi\u015fmektedir. Fiyatland\u0131rma 500 adet i\u00e7in yap\u0131lm\u0131\u015ft\u0131r. Daha d\u00fc\u015f\u00fck adetlerde de sipari\u015f verebilirsiniz. Daha d\u00fc\u015f\u00fck veya daha y\u00fcksek adetlerde fiyatlar de\u011fi\u015fecektir.&nbsp; Stoklu \u00fcr\u00fcn de\u011fildir. Sipari\u015f \u00fczerine \u00fcretilmekte olup en az sipari\u015f adedi 200 adettir.&nbsp; Fiyatlara bask\u0131 \u00fccreti ve&nbsp; %8 KDV d\u00e2hil de\u011fildir.&nbsp; 20x17x14&hellip;","og_url":"https:\/\/www.teknocanta.com\/termos-canta\/","og_site_name":"Tekno \u00c7anta - Promosyon Toptan \u00c7anta \u0130malat\u0131","article_modified_time":"2026-04-06T12:28:09+00:00","og_image":[{"width":600,"height":600,"url":"https:\/\/www.teknocanta.com\/wp-content\/uploads\/2021\/10\/AV014termos_canta.jpeg","type":"image\/jpeg"}],"twitter_card":"summary_large_image","twitter_misc":{"Tempo di lettura stimato":"2 minuti"},"schema":{"@context":"https:\/\/schema.org","@graph":[{"@type":"WebPage","@id":"https:\/\/www.teknocanta.com\/termos-canta\/","url":"https:\/\/www.teknocanta.com\/termos-canta\/","name":"Termos \u00c7anta - Tekno \u00c7anta - Promosyon Toptan \u00c7anta \u0130malat\u0131","isPartOf":{"@id":"https:\/\/www.teknocanta.com\/#website"},"primaryImageOfPage":{"@id":"https:\/\/www.teknocanta.com\/termos-canta\/#primaryimage"},"image":{"@id":"https:\/\/www.teknocanta.com\/termos-canta\/#primaryimage"},"thumbnailUrl":"https:\/\/www.teknocanta.com\/wp-content\/uploads\/2021\/10\/AV014termos_canta.jpeg","datePublished":"2021-10-14T12:52:29+00:00","dateModified":"2026-04-06T12:28:09+00:00","breadcrumb":{"@id":"https:\/\/www.teknocanta.com\/termos-canta\/#breadcrumb"},"inLanguage":"it-IT","potentialAction":[{"@type":"ReadAction","target":["https:\/\/www.teknocanta.com\/termos-canta\/"]}]},{"@type":"ImageObject","inLanguage":"it-IT","@id":"https:\/\/www.teknocanta.com\/termos-canta\/#primaryimage","url":"https:\/\/www.teknocanta.com\/wp-content\/uploads\/2021\/10\/AV014termos_canta.jpeg","contentUrl":"https:\/\/www.teknocanta.com\/wp-content\/uploads\/2021\/10\/AV014termos_canta.jpeg","width":600,"height":600},{"@type":"BreadcrumbList","@id":"https:\/\/www.teknocanta.com\/termos-canta\/#breadcrumb","itemListElement":[{"@type":"ListItem","position":1,"name":"Ana sayfa","item":"https:\/\/www.teknocanta.com\/it\/"},{"@type":"ListItem","position":2,"name":"\u00dcr\u00fcnler","item":"https:\/\/www.teknocanta.com\/urunler\/"},{"@type":"ListItem","position":3,"name":"Termos \u00c7anta"}]},{"@type":"WebSite","@id":"https:\/\/www.teknocanta.com\/#website","url":"https:\/\/www.teknocanta.com\/","name":"Tekno \u00c7anta - Promosyon Toptan \u00c7anta \u0130malat\u0131","description":"Toptan \u00e7anta imalat\u0131, ham bez \u00e7anta, s\u0131rt \u00e7antalar\u0131, laptop ve evrak \u00e7antalar\u0131, kongre \u00e7antalar\u0131, fuar \u00e7antas\u0131 ve ipli b\u00fczg\u00fcl\u00fc \u00e7anta imalat\u0131 yapmaktay\u0131z.","potentialAction":[{"@type":"SearchAction","target":{"@type":"EntryPoint","urlTemplate":"https:\/\/www.teknocanta.com\/?s={search_term_string}"},"query-input":{"@type":"PropertyValueSpecification","valueRequired":true,"valueName":"search_term_string"}}],"inLanguage":"it-IT"}]}},"_links":{"self":[{"href":"https:\/\/www.teknocanta.com\/it\/wp-json\/wp\/v2\/product\/37378","targetHints":{"allow":["GET"]}}],"collection":[{"href":"https:\/\/www.teknocanta.com\/it\/wp-json\/wp\/v2\/product"}],"about":[{"href":"https:\/\/www.teknocanta.com\/it\/wp-json\/wp\/v2\/types\/product"}],"replies":[{"embeddable":true,"href":"https:\/\/www.teknocanta.com\/it\/wp-json\/wp\/v2\/comments?post=37378"}],"wp:featuredmedia":[{"embeddable":true,"href":"https:\/\/www.teknocanta.com\/it\/wp-json\/wp\/v2\/media\/37446"}],"wp:attachment":[{"href":"https:\/\/www.teknocanta.com\/it\/wp-json\/wp\/v2\/media?parent=37378"}],"wp:term":[{"taxonomy":"product_brand","embeddable":true,"href":"https:\/\/www.teknocanta.com\/it\/wp-json\/wp\/v2\/product_brand?post=37378"},{"taxonomy":"product_cat","embeddable":true,"href":"https:\/\/www.teknocanta.com\/it\/wp-json\/wp\/v2\/product_cat?post=37378"},{"taxonomy":"product_tag","embeddable":true,"href":"https:\/\/www.teknocanta.com\/it\/wp-json\/wp\/v2\/product_tag?post=37378"}],"curies":[{"name":"wp","href":"https:\/\/api.w.org\/{rel}","templated":true}]}}