{"id":37307,"date":"2021-10-14T15:51:22","date_gmt":"2021-10-14T12:51:22","guid":{"rendered":"https:\/\/www.teknocanta.com\/?post_type=product&#038;p=37307"},"modified":"2024-02-07T00:51:20","modified_gmt":"2024-02-06T21:51:20","slug":"postaci-kongre-cantasi","status":"publish","type":"product","link":"https:\/\/www.teknocanta.com\/it\/urun\/postaci-kongre-cantasi\/","title":{"rendered":"Postac\u0131 Kongre \u00c7antas\u0131"},"content":{"rendered":"<p style=\"color: rgb(110, 111, 112); font-family: Verdana, serif, arial; font-size: 14px;\">Promosyon Postac\u0131 Kongre \u00c7antas\u0131<\/p>\n<p style=\"color: rgb(110, 111, 112); font-family: Verdana, serif, arial; font-size: 14px;\">Fiyatland\u0131rma 500 adet i\u00e7in yap\u0131lm\u0131\u015ft\u0131r. Daha d\u00fc\u015f\u00fck adetlerde al\u0131m yapabilirsiniz. Farkl\u0131 adetlerdeki fiyat talepleriniz i\u00e7in ileti\u015fim k\u0131sm\u0131ndaki mail adresimize mail atarak fiyat isteyebilirsiniz. %8 KDV ve bask\u0131 \u00fccreti fiyata dahil de\u011fildir. Bas\u0131lacak g\u00f6rsele g\u00f6re bask\u0131 \u00fccretini sorunuz.<\/p>\n<p style=\"color: rgb(110, 111, 112); font-family: Verdana, serif, arial; font-size: 14px;\">200 adet ve \u00fczeri sipari\u015flerinizde kuma\u015f rengi, astar rengi veya fermuar rengi de\u011fi\u015ftirebilir. \u00c7antan\u0131n d\u0131\u015f\u0131nda kullan\u0131lan kuma\u015f keten imperteks, i\u00e7 astarlar 270 denye imperteks kuma\u015ftan \u00fcretilmi\u015ftir.<\/p>\n<p style=\"color: rgb(110, 111, 112); font-family: Verdana, serif, arial; font-size: 14px;\">\u00c7anta ebad\u0131 38x28x10 cm b\u00fcy\u00fckl\u00fc\u011f\u00fcndedir. \u00c7anta fermuarl\u0131 1 \u00f6n b\u00f6l\u00fcmden ve 1 i\u00e7 b\u00f6l\u00fcmden olu\u015fmaktad\u0131r. \u00d6n kapak c\u0131rt ile ana g\u00f6vdeye tutturulmaktad\u0131r. Kapak alt\u0131nda 2 adet cep yer almaktad\u0131r. \u00c7antan\u0131n i\u00e7 k\u0131sm\u0131nda laptop b\u00f6lmesi yer almaktad\u0131r. Omuz ask\u0131s\u0131 ile omuzdan ta\u015f\u0131nabilmektedir.<\/p>\n<p style=\"color: rgb(110, 111, 112); font-family: Verdana, serif, arial; font-size: 14px;\">\u00c7anta g\u00f6vdeleri ve i\u00e7 laptop b\u00f6lmesi 8 mm kal\u0131nl\u0131\u011f\u0131nda k\u00f6p\u00fck ile desteklenmi\u015ftir.&nbsp; Tip 8 kalitesinde fermuar kullan\u0131lm\u0131\u015ft\u0131r.<\/p>\n<p style=\"color: rgb(110, 111, 112); font-family: Verdana, serif, arial; font-size: 14px;\">\u00c7antan\u0131n i\u00e7ine veya d\u0131\u015f\u0131na bask\u0131 yapmak m\u00fcmk\u00fcnd\u00fcr. Kongre ve postac\u0131 model \u00e7antalarda genelde kongre ismi veya logosu tek renk olarak \u00e7antan\u0131n i\u00e7ine bas\u0131lmaktad\u0131r.<\/p>\n<p style=\"color: rgb(110, 111, 112); font-family: Verdana, serif, arial; font-size: 14px;\">Toptan postac\u0131 kongre \u00e7antalar\u0131nda \u0130malat s\u00fcreleri sipari\u015f adetine g\u00f6re de\u011fi\u015fmekte olup ortalama 15 g\u00fcnd\u00fcr, i\u015fin \u00f6nemine g\u00f6re daha erken de verilebilir. Stoktaki \u00fcr\u00fcnler bask\u0131s\u0131z olarak ayn\u0131 g\u00fcn teslim edilebilir. Stoktaki \u00fcr\u00fcnlere bask\u0131 yap\u0131l\u0131r ise duruma g\u00f6re bir ka\u00e7 g\u00fcn s\u00fcrebilir. L\u00fctfen g\u00fcncel stok bilgisi al\u0131n\u0131z.<\/p>\n<p style=\"color: rgb(110, 111, 112); font-family: Verdana, serif, arial; font-size: 14px;\">Toptan postac\u0131 kongre \u00e7antalar\u0131 Promosyon ama\u00e7l\u0131 kongre, Sempozyum, konferans ve seminer gibi her t\u00fcrl\u00fc etkinliklerinizde kullanabilece\u011finiz, m\u00fc\u015fterilerinize hediye edebilece\u011finiz, kullan\u0131\u015fl\u0131 bir promosyon \u00fcr\u00fcn\u00fcd\u00fcr.<\/p>\n","protected":false},"excerpt":{"rendered":"<p>Promosyon Postac\u0131 Kongre \u00c7antas\u0131 Fiyatland\u0131rma 500 adet i\u00e7in yap\u0131lm\u0131\u015ft\u0131r. Daha d\u00fc\u015f\u00fck adetlerde al\u0131m yapabilirsiniz. Farkl\u0131 adetlerdeki fiyat talepleriniz i\u00e7in ileti\u015fim k\u0131sm\u0131ndaki mail adresimize mail atarak fiyat isteyebilirsiniz. %8 KDV ve bask\u0131 \u00fccreti fiyata dahil de\u011fildir. Bas\u0131lacak g\u00f6rsele g\u00f6re bask\u0131 \u00fccretini sorunuz. 200 adet ve \u00fczeri sipari\u015flerinizde kuma\u015f rengi, astar rengi veya fermuar rengi de\u011fi\u015ftirebilir. \u00c7antan\u0131n&hellip;<\/p>\n","protected":false},"featured_media":37408,"comment_status":"open","ping_status":"closed","template":"","meta":[],"product_brand":[],"product_cat":[875,789],"product_tag":[793,960,961,962,963,493,165,964,965,213],"class_list":{"0":"post-37307","1":"product","2":"type-product","3":"status-publish","4":"has-post-thumbnail","6":"product_cat-kongre-ve-sempozyum-cantasi","7":"product_cat-postaci-omuz-cantasi","8":"product_tag-fermuarli-bez-canta","9":"product_tag-konferans-postaci-canta","10":"product_tag-kongre-omuz-cantasi","11":"product_tag-kongre-postaci-canta","12":"product_tag-postaci-canta-imalati","13":"product_tag-postaci-kongre-cantasi","14":"product_tag-promosyon-canta","15":"product_tag-promosyon-postaci-kongre-cantasi","16":"product_tag-seminer-postaci-canta","17":"product_tag-toptan-postaci-canta","18":"description-off","20":"first","21":"instock","22":"shipping-taxable","23":"purchasable","24":"product-type-simple"},"yoast_head":"<!-- This site is optimized with the Yoast SEO plugin v26.6 - https:\/\/yoast.com\/wordpress\/plugins\/seo\/ -->\n<title>Postac\u0131 Kongre \u00c7antas\u0131 - Tekno \u00c7anta - Promosyon Toptan \u00c7anta \u0130malat\u0131<\/title>\n<meta name=\"robots\" content=\"index, follow, max-snippet:-1, max-image-preview:large, max-video-preview:-1\" \/>\n<link rel=\"canonical\" href=\"https:\/\/www.teknocanta.com\/postaci-kongre-cantasi\/\" \/>\n<meta property=\"og:locale\" content=\"it_IT\" \/>\n<meta property=\"og:type\" content=\"article\" \/>\n<meta property=\"og:title\" content=\"Postac\u0131 Kongre \u00c7antas\u0131 - Tekno \u00c7anta - Promosyon Toptan \u00c7anta \u0130malat\u0131\" \/>\n<meta property=\"og:description\" content=\"Promosyon Postac\u0131 Kongre \u00c7antas\u0131 Fiyatland\u0131rma 500 adet i\u00e7in yap\u0131lm\u0131\u015ft\u0131r. Daha d\u00fc\u015f\u00fck adetlerde al\u0131m yapabilirsiniz. Farkl\u0131 adetlerdeki fiyat talepleriniz i\u00e7in ileti\u015fim k\u0131sm\u0131ndaki mail adresimize mail atarak fiyat isteyebilirsiniz. %8 KDV ve bask\u0131 \u00fccreti fiyata dahil de\u011fildir. Bas\u0131lacak g\u00f6rsele g\u00f6re bask\u0131 \u00fccretini sorunuz. 200 adet ve \u00fczeri sipari\u015flerinizde kuma\u015f rengi, astar rengi veya fermuar rengi de\u011fi\u015ftirebilir. \u00c7antan\u0131n&hellip;\" \/>\n<meta property=\"og:url\" content=\"https:\/\/www.teknocanta.com\/postaci-kongre-cantasi\/\" \/>\n<meta property=\"og:site_name\" content=\"Tekno \u00c7anta - Promosyon Toptan \u00c7anta \u0130malat\u0131\" \/>\n<meta property=\"article:modified_time\" content=\"2024-02-06T21:51:20+00:00\" \/>\n<meta property=\"og:image\" content=\"https:\/\/www.teknocanta.com\/wp-content\/uploads\/2021\/10\/av455_postaci_kongre_cantasi_1.jpg\" \/>\n\t<meta property=\"og:image:width\" content=\"600\" \/>\n\t<meta property=\"og:image:height\" content=\"600\" \/>\n\t<meta property=\"og:image:type\" content=\"image\/jpeg\" \/>\n<meta name=\"twitter:card\" content=\"summary_large_image\" \/>\n<meta name=\"twitter:label1\" content=\"Tempo di lettura stimato\" \/>\n\t<meta name=\"twitter:data1\" content=\"2 minuti\" \/>\n<script type=\"application\/ld+json\" class=\"yoast-schema-graph\">{\"@context\":\"https:\/\/schema.org\",\"@graph\":[{\"@type\":\"WebPage\",\"@id\":\"https:\/\/www.teknocanta.com\/postaci-kongre-cantasi\/\",\"url\":\"https:\/\/www.teknocanta.com\/postaci-kongre-cantasi\/\",\"name\":\"Postac\u0131 Kongre \u00c7antas\u0131 - Tekno \u00c7anta - Promosyon Toptan \u00c7anta \u0130malat\u0131\",\"isPartOf\":{\"@id\":\"https:\/\/www.teknocanta.com\/#website\"},\"primaryImageOfPage\":{\"@id\":\"https:\/\/www.teknocanta.com\/postaci-kongre-cantasi\/#primaryimage\"},\"image\":{\"@id\":\"https:\/\/www.teknocanta.com\/postaci-kongre-cantasi\/#primaryimage\"},\"thumbnailUrl\":\"https:\/\/www.teknocanta.com\/wp-content\/uploads\/2021\/10\/av455_postaci_kongre_cantasi_1.jpg\",\"datePublished\":\"2021-10-14T12:51:22+00:00\",\"dateModified\":\"2024-02-06T21:51:20+00:00\",\"breadcrumb\":{\"@id\":\"https:\/\/www.teknocanta.com\/postaci-kongre-cantasi\/#breadcrumb\"},\"inLanguage\":\"it-IT\",\"potentialAction\":[{\"@type\":\"ReadAction\",\"target\":[\"https:\/\/www.teknocanta.com\/postaci-kongre-cantasi\/\"]}]},{\"@type\":\"ImageObject\",\"inLanguage\":\"it-IT\",\"@id\":\"https:\/\/www.teknocanta.com\/postaci-kongre-cantasi\/#primaryimage\",\"url\":\"https:\/\/www.teknocanta.com\/wp-content\/uploads\/2021\/10\/av455_postaci_kongre_cantasi_1.jpg\",\"contentUrl\":\"https:\/\/www.teknocanta.com\/wp-content\/uploads\/2021\/10\/av455_postaci_kongre_cantasi_1.jpg\",\"width\":600,\"height\":600},{\"@type\":\"BreadcrumbList\",\"@id\":\"https:\/\/www.teknocanta.com\/postaci-kongre-cantasi\/#breadcrumb\",\"itemListElement\":[{\"@type\":\"ListItem\",\"position\":1,\"name\":\"Ana sayfa\",\"item\":\"https:\/\/www.teknocanta.com\/it\/\"},{\"@type\":\"ListItem\",\"position\":2,\"name\":\"\u00dcr\u00fcnler\",\"item\":\"https:\/\/www.teknocanta.com\/urunler\/\"},{\"@type\":\"ListItem\",\"position\":3,\"name\":\"Postac\u0131 Kongre \u00c7antas\u0131\"}]},{\"@type\":\"WebSite\",\"@id\":\"https:\/\/www.teknocanta.com\/#website\",\"url\":\"https:\/\/www.teknocanta.com\/\",\"name\":\"Tekno \u00c7anta - Promosyon Toptan \u00c7anta \u0130malat\u0131\",\"description\":\"Toptan \u00e7anta imalat\u0131, ham bez \u00e7anta, s\u0131rt \u00e7antalar\u0131, laptop ve evrak \u00e7antalar\u0131, kongre \u00e7antalar\u0131, fuar \u00e7antas\u0131 ve ipli b\u00fczg\u00fcl\u00fc \u00e7anta imalat\u0131 yapmaktay\u0131z.\",\"potentialAction\":[{\"@type\":\"SearchAction\",\"target\":{\"@type\":\"EntryPoint\",\"urlTemplate\":\"https:\/\/www.teknocanta.com\/?s={search_term_string}\"},\"query-input\":{\"@type\":\"PropertyValueSpecification\",\"valueRequired\":true,\"valueName\":\"search_term_string\"}}],\"inLanguage\":\"it-IT\"}]}<\/script>\n<!-- \/ Yoast SEO plugin. -->","yoast_head_json":{"title":"Postac\u0131 Kongre \u00c7antas\u0131 - Tekno \u00c7anta - Promosyon Toptan \u00c7anta \u0130malat\u0131","robots":{"index":"index","follow":"follow","max-snippet":"max-snippet:-1","max-image-preview":"max-image-preview:large","max-video-preview":"max-video-preview:-1"},"canonical":"https:\/\/www.teknocanta.com\/postaci-kongre-cantasi\/","og_locale":"it_IT","og_type":"article","og_title":"Postac\u0131 Kongre \u00c7antas\u0131 - Tekno \u00c7anta - Promosyon Toptan \u00c7anta \u0130malat\u0131","og_description":"Promosyon Postac\u0131 Kongre \u00c7antas\u0131 Fiyatland\u0131rma 500 adet i\u00e7in yap\u0131lm\u0131\u015ft\u0131r. Daha d\u00fc\u015f\u00fck adetlerde al\u0131m yapabilirsiniz. Farkl\u0131 adetlerdeki fiyat talepleriniz i\u00e7in ileti\u015fim k\u0131sm\u0131ndaki mail adresimize mail atarak fiyat isteyebilirsiniz. %8 KDV ve bask\u0131 \u00fccreti fiyata dahil de\u011fildir. Bas\u0131lacak g\u00f6rsele g\u00f6re bask\u0131 \u00fccretini sorunuz. 200 adet ve \u00fczeri sipari\u015flerinizde kuma\u015f rengi, astar rengi veya fermuar rengi de\u011fi\u015ftirebilir. \u00c7antan\u0131n&hellip;","og_url":"https:\/\/www.teknocanta.com\/postaci-kongre-cantasi\/","og_site_name":"Tekno \u00c7anta - Promosyon Toptan \u00c7anta \u0130malat\u0131","article_modified_time":"2024-02-06T21:51:20+00:00","og_image":[{"width":600,"height":600,"url":"https:\/\/www.teknocanta.com\/wp-content\/uploads\/2021\/10\/av455_postaci_kongre_cantasi_1.jpg","type":"image\/jpeg"}],"twitter_card":"summary_large_image","twitter_misc":{"Tempo di lettura stimato":"2 minuti"},"schema":{"@context":"https:\/\/schema.org","@graph":[{"@type":"WebPage","@id":"https:\/\/www.teknocanta.com\/postaci-kongre-cantasi\/","url":"https:\/\/www.teknocanta.com\/postaci-kongre-cantasi\/","name":"Postac\u0131 Kongre \u00c7antas\u0131 - Tekno \u00c7anta - Promosyon Toptan \u00c7anta \u0130malat\u0131","isPartOf":{"@id":"https:\/\/www.teknocanta.com\/#website"},"primaryImageOfPage":{"@id":"https:\/\/www.teknocanta.com\/postaci-kongre-cantasi\/#primaryimage"},"image":{"@id":"https:\/\/www.teknocanta.com\/postaci-kongre-cantasi\/#primaryimage"},"thumbnailUrl":"https:\/\/www.teknocanta.com\/wp-content\/uploads\/2021\/10\/av455_postaci_kongre_cantasi_1.jpg","datePublished":"2021-10-14T12:51:22+00:00","dateModified":"2024-02-06T21:51:20+00:00","breadcrumb":{"@id":"https:\/\/www.teknocanta.com\/postaci-kongre-cantasi\/#breadcrumb"},"inLanguage":"it-IT","potentialAction":[{"@type":"ReadAction","target":["https:\/\/www.teknocanta.com\/postaci-kongre-cantasi\/"]}]},{"@type":"ImageObject","inLanguage":"it-IT","@id":"https:\/\/www.teknocanta.com\/postaci-kongre-cantasi\/#primaryimage","url":"https:\/\/www.teknocanta.com\/wp-content\/uploads\/2021\/10\/av455_postaci_kongre_cantasi_1.jpg","contentUrl":"https:\/\/www.teknocanta.com\/wp-content\/uploads\/2021\/10\/av455_postaci_kongre_cantasi_1.jpg","width":600,"height":600},{"@type":"BreadcrumbList","@id":"https:\/\/www.teknocanta.com\/postaci-kongre-cantasi\/#breadcrumb","itemListElement":[{"@type":"ListItem","position":1,"name":"Ana sayfa","item":"https:\/\/www.teknocanta.com\/it\/"},{"@type":"ListItem","position":2,"name":"\u00dcr\u00fcnler","item":"https:\/\/www.teknocanta.com\/urunler\/"},{"@type":"ListItem","position":3,"name":"Postac\u0131 Kongre \u00c7antas\u0131"}]},{"@type":"WebSite","@id":"https:\/\/www.teknocanta.com\/#website","url":"https:\/\/www.teknocanta.com\/","name":"Tekno \u00c7anta - Promosyon Toptan \u00c7anta \u0130malat\u0131","description":"Toptan \u00e7anta imalat\u0131, ham bez \u00e7anta, s\u0131rt \u00e7antalar\u0131, laptop ve evrak \u00e7antalar\u0131, kongre \u00e7antalar\u0131, fuar \u00e7antas\u0131 ve ipli b\u00fczg\u00fcl\u00fc \u00e7anta imalat\u0131 yapmaktay\u0131z.","potentialAction":[{"@type":"SearchAction","target":{"@type":"EntryPoint","urlTemplate":"https:\/\/www.teknocanta.com\/?s={search_term_string}"},"query-input":{"@type":"PropertyValueSpecification","valueRequired":true,"valueName":"search_term_string"}}],"inLanguage":"it-IT"}]}},"_links":{"self":[{"href":"https:\/\/www.teknocanta.com\/it\/wp-json\/wp\/v2\/product\/37307","targetHints":{"allow":["GET"]}}],"collection":[{"href":"https:\/\/www.teknocanta.com\/it\/wp-json\/wp\/v2\/product"}],"about":[{"href":"https:\/\/www.teknocanta.com\/it\/wp-json\/wp\/v2\/types\/product"}],"replies":[{"embeddable":true,"href":"https:\/\/www.teknocanta.com\/it\/wp-json\/wp\/v2\/comments?post=37307"}],"wp:featuredmedia":[{"embeddable":true,"href":"https:\/\/www.teknocanta.com\/it\/wp-json\/wp\/v2\/media\/37408"}],"wp:attachment":[{"href":"https:\/\/www.teknocanta.com\/it\/wp-json\/wp\/v2\/media?parent=37307"}],"wp:term":[{"taxonomy":"product_brand","embeddable":true,"href":"https:\/\/www.teknocanta.com\/it\/wp-json\/wp\/v2\/product_brand?post=37307"},{"taxonomy":"product_cat","embeddable":true,"href":"https:\/\/www.teknocanta.com\/it\/wp-json\/wp\/v2\/product_cat?post=37307"},{"taxonomy":"product_tag","embeddable":true,"href":"https:\/\/www.teknocanta.com\/it\/wp-json\/wp\/v2\/product_tag?post=37307"}],"curies":[{"name":"wp","href":"https:\/\/api.w.org\/{rel}","templated":true}]}}