{"id":37303,"date":"2021-10-14T15:51:22","date_gmt":"2021-10-14T12:51:22","guid":{"rendered":"https:\/\/www.teknocanta.com\/?post_type=product&#038;p=37303"},"modified":"2026-02-28T01:54:31","modified_gmt":"2026-02-27T22:54:31","slug":"kanvas-kumas-postaci-canta","status":"publish","type":"product","link":"https:\/\/www.teknocanta.com\/it\/urun\/kanvas-kumas-postaci-canta\/","title":{"rendered":"Kanvas Kuma\u015f Postac\u0131 \u00c7anta"},"content":{"rendered":"<p style=\"color: rgb(110, 111, 112); font-family: Verdana, serif, arial; font-size: 14px;\">Kanvas keten kuma\u015f postac\u0131 model \u00e7anta<\/p>\n<p style=\"color: rgb(110, 111, 112); font-family: Verdana, serif, arial; font-size: 14px;\">sipari\u015f \u00fczerine \u00fcretilmektedir. Stoklu \u00fcr\u00fcn de\u011fildir. Fiyatlar bask\u0131 t\u00fcr\u00fcne ve adete g\u00f6re de\u011fi\u015fmektedir. En az \u00fcretim adedi 200 adettir. Fiyat 500 adet i\u00e7in verilmi\u015ftir.<\/p>\n<p style=\"\"><font color=\"#6e6f70\" face=\"Verdana, serif, arial\"><span style=\"font-size: 14px;\">Promosyon Postac\u0131 \u00c7anta imalat\u0131&nbsp;<\/span><\/font><\/p>\n","protected":false},"excerpt":{"rendered":"<p>Kanvas keten kuma\u015f postac\u0131 model \u00e7anta sipari\u015f \u00fczerine \u00fcretilmektedir. Stoklu \u00fcr\u00fcn de\u011fildir. Fiyatlar bask\u0131 t\u00fcr\u00fcne ve adete g\u00f6re de\u011fi\u015fmektedir. En az \u00fcretim adedi 200 adettir. Fiyat 500 adet i\u00e7in verilmi\u015ftir. Promosyon Postac\u0131 \u00c7anta imalat\u0131&nbsp;<\/p>\n","protected":false},"featured_media":37401,"comment_status":"open","ping_status":"closed","template":"","meta":[],"product_brand":[],"product_cat":[789],"product_tag":[214,211,209,200,208,207,202,212,201,203,206,204,205,199,165,217,210,215,213,216],"class_list":{"0":"post-37303","1":"product","2":"type-product","3":"status-publish","4":"has-post-thumbnail","6":"product_cat-postaci-omuz-cantasi","7":"product_tag-bez-canta-fiyatlari","8":"product_tag-bez-capraz-canta","9":"product_tag-bez-postaci-canta","10":"product_tag-bez-sirt-canta-modelleri","11":"product_tag-capraz-canta-fiyatlari","12":"product_tag-capraz-canta-modelleri","13":"product_tag-ham-bez-canta-toptan","14":"product_tag-ham-bez-postaci-canta","15":"product_tag-ham-keten-canta","16":"product_tag-kumas-cantalar","17":"product_tag-postaci-canta-promosyon","18":"product_tag-postaci-cantasi","19":"product_tag-postaci-model-canta","20":"product_tag-postaci-model-tela-canta","21":"product_tag-promosyon-canta","22":"product_tag-promosyon-capraz-canta","23":"product_tag-tela-postaci-canta","24":"product_tag-toptan-canta-istanbul","25":"product_tag-toptan-postaci-canta","26":"product_tag-toptan-postaci-model-canta","27":"description-off","29":"first","30":"instock","31":"shipping-taxable","32":"purchasable","33":"product-type-simple"},"yoast_head":"<!-- This site is optimized with the Yoast SEO plugin v26.6 - https:\/\/yoast.com\/wordpress\/plugins\/seo\/ -->\n<title>Kanvas Kuma\u015f Postac\u0131 \u00c7anta - Tekno \u00c7anta - Promosyon Toptan \u00c7anta \u0130malat\u0131<\/title>\n<meta name=\"robots\" content=\"index, follow, max-snippet:-1, max-image-preview:large, max-video-preview:-1\" \/>\n<link rel=\"canonical\" href=\"https:\/\/www.teknocanta.com\/kanvas-kumas-postaci-canta\/\" \/>\n<meta property=\"og:locale\" content=\"it_IT\" \/>\n<meta property=\"og:type\" content=\"article\" \/>\n<meta property=\"og:title\" content=\"Kanvas Kuma\u015f Postac\u0131 \u00c7anta - Tekno \u00c7anta - Promosyon Toptan \u00c7anta \u0130malat\u0131\" \/>\n<meta property=\"og:description\" content=\"Kanvas keten kuma\u015f postac\u0131 model \u00e7anta sipari\u015f \u00fczerine \u00fcretilmektedir. Stoklu \u00fcr\u00fcn de\u011fildir. Fiyatlar bask\u0131 t\u00fcr\u00fcne ve adete g\u00f6re de\u011fi\u015fmektedir. En az \u00fcretim adedi 200 adettir. Fiyat 500 adet i\u00e7in verilmi\u015ftir. Promosyon Postac\u0131 \u00c7anta imalat\u0131&nbsp;\" \/>\n<meta property=\"og:url\" content=\"https:\/\/www.teknocanta.com\/kanvas-kumas-postaci-canta\/\" \/>\n<meta property=\"og:site_name\" content=\"Tekno \u00c7anta - Promosyon Toptan \u00c7anta \u0130malat\u0131\" \/>\n<meta property=\"article:modified_time\" content=\"2026-02-27T22:54:31+00:00\" \/>\n<meta property=\"og:image\" content=\"https:\/\/www.teknocanta.com\/wp-content\/uploads\/2021\/10\/keten001_kanvas_kumas_postaci_canta500x550.jpg\" \/>\n\t<meta property=\"og:image:width\" content=\"600\" \/>\n\t<meta property=\"og:image:height\" content=\"600\" \/>\n\t<meta property=\"og:image:type\" content=\"image\/jpeg\" \/>\n<meta name=\"twitter:card\" content=\"summary_large_image\" \/>\n<script type=\"application\/ld+json\" class=\"yoast-schema-graph\">{\"@context\":\"https:\/\/schema.org\",\"@graph\":[{\"@type\":\"WebPage\",\"@id\":\"https:\/\/www.teknocanta.com\/kanvas-kumas-postaci-canta\/\",\"url\":\"https:\/\/www.teknocanta.com\/kanvas-kumas-postaci-canta\/\",\"name\":\"Kanvas Kuma\u015f Postac\u0131 \u00c7anta - Tekno \u00c7anta - Promosyon Toptan \u00c7anta \u0130malat\u0131\",\"isPartOf\":{\"@id\":\"https:\/\/www.teknocanta.com\/#website\"},\"primaryImageOfPage\":{\"@id\":\"https:\/\/www.teknocanta.com\/kanvas-kumas-postaci-canta\/#primaryimage\"},\"image\":{\"@id\":\"https:\/\/www.teknocanta.com\/kanvas-kumas-postaci-canta\/#primaryimage\"},\"thumbnailUrl\":\"https:\/\/www.teknocanta.com\/wp-content\/uploads\/2021\/10\/keten001_kanvas_kumas_postaci_canta500x550.jpg\",\"datePublished\":\"2021-10-14T12:51:22+00:00\",\"dateModified\":\"2026-02-27T22:54:31+00:00\",\"breadcrumb\":{\"@id\":\"https:\/\/www.teknocanta.com\/kanvas-kumas-postaci-canta\/#breadcrumb\"},\"inLanguage\":\"it-IT\",\"potentialAction\":[{\"@type\":\"ReadAction\",\"target\":[\"https:\/\/www.teknocanta.com\/kanvas-kumas-postaci-canta\/\"]}]},{\"@type\":\"ImageObject\",\"inLanguage\":\"it-IT\",\"@id\":\"https:\/\/www.teknocanta.com\/kanvas-kumas-postaci-canta\/#primaryimage\",\"url\":\"https:\/\/www.teknocanta.com\/wp-content\/uploads\/2021\/10\/keten001_kanvas_kumas_postaci_canta500x550.jpg\",\"contentUrl\":\"https:\/\/www.teknocanta.com\/wp-content\/uploads\/2021\/10\/keten001_kanvas_kumas_postaci_canta500x550.jpg\",\"width\":600,\"height\":600},{\"@type\":\"BreadcrumbList\",\"@id\":\"https:\/\/www.teknocanta.com\/kanvas-kumas-postaci-canta\/#breadcrumb\",\"itemListElement\":[{\"@type\":\"ListItem\",\"position\":1,\"name\":\"Ana sayfa\",\"item\":\"https:\/\/www.teknocanta.com\/it\/\"},{\"@type\":\"ListItem\",\"position\":2,\"name\":\"\u00dcr\u00fcnler\",\"item\":\"https:\/\/www.teknocanta.com\/urunler\/\"},{\"@type\":\"ListItem\",\"position\":3,\"name\":\"Kanvas Kuma\u015f Postac\u0131 \u00c7anta\"}]},{\"@type\":\"WebSite\",\"@id\":\"https:\/\/www.teknocanta.com\/#website\",\"url\":\"https:\/\/www.teknocanta.com\/\",\"name\":\"Tekno \u00c7anta - Promosyon Toptan \u00c7anta \u0130malat\u0131\",\"description\":\"Toptan \u00e7anta imalat\u0131, ham bez \u00e7anta, s\u0131rt \u00e7antalar\u0131, laptop ve evrak \u00e7antalar\u0131, kongre \u00e7antalar\u0131, fuar \u00e7antas\u0131 ve ipli b\u00fczg\u00fcl\u00fc \u00e7anta imalat\u0131 yapmaktay\u0131z.\",\"potentialAction\":[{\"@type\":\"SearchAction\",\"target\":{\"@type\":\"EntryPoint\",\"urlTemplate\":\"https:\/\/www.teknocanta.com\/?s={search_term_string}\"},\"query-input\":{\"@type\":\"PropertyValueSpecification\",\"valueRequired\":true,\"valueName\":\"search_term_string\"}}],\"inLanguage\":\"it-IT\"}]}<\/script>\n<!-- \/ Yoast SEO plugin. -->","yoast_head_json":{"title":"Kanvas Kuma\u015f Postac\u0131 \u00c7anta - Tekno \u00c7anta - Promosyon Toptan \u00c7anta \u0130malat\u0131","robots":{"index":"index","follow":"follow","max-snippet":"max-snippet:-1","max-image-preview":"max-image-preview:large","max-video-preview":"max-video-preview:-1"},"canonical":"https:\/\/www.teknocanta.com\/kanvas-kumas-postaci-canta\/","og_locale":"it_IT","og_type":"article","og_title":"Kanvas Kuma\u015f Postac\u0131 \u00c7anta - Tekno \u00c7anta - Promosyon Toptan \u00c7anta \u0130malat\u0131","og_description":"Kanvas keten kuma\u015f postac\u0131 model \u00e7anta sipari\u015f \u00fczerine \u00fcretilmektedir. Stoklu \u00fcr\u00fcn de\u011fildir. Fiyatlar bask\u0131 t\u00fcr\u00fcne ve adete g\u00f6re de\u011fi\u015fmektedir. En az \u00fcretim adedi 200 adettir. Fiyat 500 adet i\u00e7in verilmi\u015ftir. Promosyon Postac\u0131 \u00c7anta imalat\u0131&nbsp;","og_url":"https:\/\/www.teknocanta.com\/kanvas-kumas-postaci-canta\/","og_site_name":"Tekno \u00c7anta - Promosyon Toptan \u00c7anta \u0130malat\u0131","article_modified_time":"2026-02-27T22:54:31+00:00","og_image":[{"width":600,"height":600,"url":"https:\/\/www.teknocanta.com\/wp-content\/uploads\/2021\/10\/keten001_kanvas_kumas_postaci_canta500x550.jpg","type":"image\/jpeg"}],"twitter_card":"summary_large_image","schema":{"@context":"https:\/\/schema.org","@graph":[{"@type":"WebPage","@id":"https:\/\/www.teknocanta.com\/kanvas-kumas-postaci-canta\/","url":"https:\/\/www.teknocanta.com\/kanvas-kumas-postaci-canta\/","name":"Kanvas Kuma\u015f Postac\u0131 \u00c7anta - Tekno \u00c7anta - Promosyon Toptan \u00c7anta \u0130malat\u0131","isPartOf":{"@id":"https:\/\/www.teknocanta.com\/#website"},"primaryImageOfPage":{"@id":"https:\/\/www.teknocanta.com\/kanvas-kumas-postaci-canta\/#primaryimage"},"image":{"@id":"https:\/\/www.teknocanta.com\/kanvas-kumas-postaci-canta\/#primaryimage"},"thumbnailUrl":"https:\/\/www.teknocanta.com\/wp-content\/uploads\/2021\/10\/keten001_kanvas_kumas_postaci_canta500x550.jpg","datePublished":"2021-10-14T12:51:22+00:00","dateModified":"2026-02-27T22:54:31+00:00","breadcrumb":{"@id":"https:\/\/www.teknocanta.com\/kanvas-kumas-postaci-canta\/#breadcrumb"},"inLanguage":"it-IT","potentialAction":[{"@type":"ReadAction","target":["https:\/\/www.teknocanta.com\/kanvas-kumas-postaci-canta\/"]}]},{"@type":"ImageObject","inLanguage":"it-IT","@id":"https:\/\/www.teknocanta.com\/kanvas-kumas-postaci-canta\/#primaryimage","url":"https:\/\/www.teknocanta.com\/wp-content\/uploads\/2021\/10\/keten001_kanvas_kumas_postaci_canta500x550.jpg","contentUrl":"https:\/\/www.teknocanta.com\/wp-content\/uploads\/2021\/10\/keten001_kanvas_kumas_postaci_canta500x550.jpg","width":600,"height":600},{"@type":"BreadcrumbList","@id":"https:\/\/www.teknocanta.com\/kanvas-kumas-postaci-canta\/#breadcrumb","itemListElement":[{"@type":"ListItem","position":1,"name":"Ana sayfa","item":"https:\/\/www.teknocanta.com\/it\/"},{"@type":"ListItem","position":2,"name":"\u00dcr\u00fcnler","item":"https:\/\/www.teknocanta.com\/urunler\/"},{"@type":"ListItem","position":3,"name":"Kanvas Kuma\u015f Postac\u0131 \u00c7anta"}]},{"@type":"WebSite","@id":"https:\/\/www.teknocanta.com\/#website","url":"https:\/\/www.teknocanta.com\/","name":"Tekno \u00c7anta - Promosyon Toptan \u00c7anta \u0130malat\u0131","description":"Toptan \u00e7anta imalat\u0131, ham bez \u00e7anta, s\u0131rt \u00e7antalar\u0131, laptop ve evrak \u00e7antalar\u0131, kongre \u00e7antalar\u0131, fuar \u00e7antas\u0131 ve ipli b\u00fczg\u00fcl\u00fc \u00e7anta imalat\u0131 yapmaktay\u0131z.","potentialAction":[{"@type":"SearchAction","target":{"@type":"EntryPoint","urlTemplate":"https:\/\/www.teknocanta.com\/?s={search_term_string}"},"query-input":{"@type":"PropertyValueSpecification","valueRequired":true,"valueName":"search_term_string"}}],"inLanguage":"it-IT"}]}},"_links":{"self":[{"href":"https:\/\/www.teknocanta.com\/it\/wp-json\/wp\/v2\/product\/37303","targetHints":{"allow":["GET"]}}],"collection":[{"href":"https:\/\/www.teknocanta.com\/it\/wp-json\/wp\/v2\/product"}],"about":[{"href":"https:\/\/www.teknocanta.com\/it\/wp-json\/wp\/v2\/types\/product"}],"replies":[{"embeddable":true,"href":"https:\/\/www.teknocanta.com\/it\/wp-json\/wp\/v2\/comments?post=37303"}],"wp:featuredmedia":[{"embeddable":true,"href":"https:\/\/www.teknocanta.com\/it\/wp-json\/wp\/v2\/media\/37401"}],"wp:attachment":[{"href":"https:\/\/www.teknocanta.com\/it\/wp-json\/wp\/v2\/media?parent=37303"}],"wp:term":[{"taxonomy":"product_brand","embeddable":true,"href":"https:\/\/www.teknocanta.com\/it\/wp-json\/wp\/v2\/product_brand?post=37303"},{"taxonomy":"product_cat","embeddable":true,"href":"https:\/\/www.teknocanta.com\/it\/wp-json\/wp\/v2\/product_cat?post=37303"},{"taxonomy":"product_tag","embeddable":true,"href":"https:\/\/www.teknocanta.com\/it\/wp-json\/wp\/v2\/product_tag?post=37303"}],"curies":[{"name":"wp","href":"https:\/\/api.w.org\/{rel}","templated":true}]}}