{"id":37263,"date":"2021-10-14T15:50:53","date_gmt":"2021-10-14T12:50:53","guid":{"rendered":"https:\/\/www.teknocanta.com\/?post_type=product&#038;p=37263"},"modified":"2021-10-14T15:52:41","modified_gmt":"2021-10-14T12:52:41","slug":"elyaf-bez-canta","status":"publish","type":"product","link":"https:\/\/www.teknocanta.com\/it\/urun\/elyaf-bez-canta\/","title":{"rendered":"Elyaf Bez \u00c7anta"},"content":{"rendered":"<p class=\"MsoNormal\" style=\"color: rgb(110, 111, 112); line-height: normal; font-family: Verdana, serif, arial; font-size: 14px; margin-bottom: 0pt;\"><span style=\"font-size: 10pt;\">En: 40 cm<o:p><\/o:p><\/span><\/p>\n<p class=\"MsoNormal\" style=\"color: rgb(110, 111, 112); line-height: normal; font-family: Verdana, serif, arial; font-size: 14px; margin-bottom: 0pt;\"><span style=\"font-size: 10pt;\">Y\u00fckseklik: 40 cm<o:p><\/o:p><\/span><\/p>\n<p class=\"MsoNormal\" style=\"color: rgb(110, 111, 112); line-height: normal; font-family: Verdana, serif, arial; font-size: 14px; margin-bottom: 0pt;\"><span style=\"font-size: 10pt;\">K\u00f6r\u00fck: 10 cm<\/span><\/p>\n<p class=\"MsoNormal\" style=\"color: rgb(110, 111, 112); line-height: normal; font-family: Verdana, serif, arial; font-size: 14px; margin-bottom: 0pt;\"><span style=\"font-size: 10pt;\">100 gram elyaf kuma\u015f<\/span><\/p>\n<p class=\"MsoNormal\" style=\"color: rgb(110, 111, 112); line-height: normal; font-family: Verdana, serif, arial; font-size: 14px; margin-bottom: 0pt;\"><span style=\"font-size: 13.33px;\">Ayarlanabilir tokal\u0131 sap<\/span><\/p>\n<p class=\"MsoNormal\" style=\"color: rgb(110, 111, 112); line-height: normal; font-family: Verdana, serif, arial; font-size: 14px; margin-bottom: 0pt;\"><span style=\"font-size: 10pt;\">\u0130malat s\u00fcresi 7 i\u015f g\u00fcn\u00fc<\/span><\/p>\n<p class=\"MsoNormal\" style=\"color: rgb(110, 111, 112); line-height: normal; font-family: Verdana, serif, arial; font-size: 14px; margin-bottom: 0pt;\"><span style=\"font-size: 10pt;\"><o:p>&nbsp;<\/o:p><\/span><\/p>\n<p class=\"MsoNormal\" style=\"color: rgb(110, 111, 112); line-height: normal; font-family: Verdana, serif, arial; font-size: 14px; margin-bottom: 0pt;\"><span style=\"font-size: 10pt;\">Bask\u0131l\u0131 bez \u00e7anta fiyatlar\u0131 sipari\u015f adedi ve ebatlara g\u00f6re de\u011fi\u015fecektir. Fonksiyonel bez \u00e7anta, \u00e7ok cepli ekonomik kongre \u00e7antas\u0131.<o:p><\/o:p><\/span><\/p>\n<p class=\"MsoNormal\" style=\"color: rgb(110, 111, 112); line-height: normal; font-family: Verdana, serif, arial; font-size: 14px; margin-bottom: 0pt;\"><span style=\"font-size: 10pt;\"><o:p>&nbsp;<\/o:p><\/span><\/p>\n<p class=\"MsoNormal\" style=\"color: rgb(110, 111, 112); line-height: normal; font-family: Verdana, serif, arial; font-size: 14px; margin-bottom: 0pt;\"><span style=\"font-size: 10pt;\">Tela kongre \u00e7antas\u0131 ortalama imalat s\u00fcresi bir haftad\u0131r. Bez sempozyum \u00e7antas\u0131 Geri d\u00f6n\u00fc\u015f\u00fcml\u00fc ve \u00e7evreci bir \u00fcr\u00fcnd\u00fcr. Nonwoven konferans \u00e7antas\u0131 beyaz veya renkli olarak tercih edilebilir. Bez kongre \u00e7antas\u0131 elde veya \u00e7ama\u015f\u0131r makinesinde y\u0131kanabilir.<o:p><\/o:p><\/span><\/p>\n<p class=\"MsoNormal\" style=\"color: rgb(110, 111, 112); line-height: normal; font-family: Verdana, serif, arial; font-size: 14px; margin-bottom: 0pt;\"><span style=\"font-size: 10pt;\">&nbsp;<o:p><\/o:p><\/span><\/p>\n<p class=\"MsoNormal\" style=\"color: rgb(110, 111, 112); line-height: normal; font-family: Verdana, serif, arial; font-size: 14px; margin-bottom: 0pt;\"><span style=\"font-size: 10pt;\">Bask\u0131l\u0131 bez \u00e7antalar Promosyon ama\u00e7l\u0131 Fuar, kongre, konferans, seminer, \u00e7al\u0131\u015ftay ve sempozyum gibi bir \u00e7ok etkinlikte kullan\u0131labilecek ekonomik bir reklam arac\u0131d\u0131r.&nbsp;<\/span><\/p>\n","protected":false},"excerpt":{"rendered":"<p>En: 40 cm Y\u00fckseklik: 40 cm K\u00f6r\u00fck: 10 cm 100 gram elyaf kuma\u015f Ayarlanabilir tokal\u0131 sap \u0130malat s\u00fcresi 7 i\u015f g\u00fcn\u00fc &nbsp; Bask\u0131l\u0131 bez \u00e7anta fiyatlar\u0131 sipari\u015f adedi ve ebatlara g\u00f6re de\u011fi\u015fecektir. Fonksiyonel bez \u00e7anta, \u00e7ok cepli ekonomik kongre \u00e7antas\u0131. &nbsp; Tela kongre \u00e7antas\u0131 ortalama imalat s\u00fcresi bir haftad\u0131r. Bez sempozyum \u00e7antas\u0131 Geri d\u00f6n\u00fc\u015f\u00fcml\u00fc ve&hellip;<\/p>\n","protected":false},"featured_media":37393,"comment_status":"open","ping_status":"closed","template":"","meta":[],"product_brand":[],"product_cat":[789,855],"product_tag":[953,954,955,956,935,957,739,165],"class_list":{"0":"post-37263","1":"product","2":"type-product","3":"status-publish","4":"has-post-thumbnail","6":"product_cat-postaci-omuz-cantasi","7":"product_cat-tela-bez-canta","8":"product_tag-bez-canta-ebatlari","9":"product_tag-bez-torba-canta-izmir","10":"product_tag-elyaf-bez-canta","11":"product_tag-elyaf-canta-ankara","12":"product_tag-elyaf-canta-fiyatlari","13":"product_tag-izmir-bez-canta-ureticileri","14":"product_tag-koruklu-bez-canta","15":"product_tag-promosyon-canta","16":"description-off","18":"first","19":"instock","20":"shipping-taxable","21":"purchasable","22":"product-type-simple"},"yoast_head":"<!-- This site is optimized with the Yoast SEO plugin v26.6 - https:\/\/yoast.com\/wordpress\/plugins\/seo\/ -->\n<title>Elyaf Bez \u00c7anta - Tekno \u00c7anta - Promosyon Toptan \u00c7anta \u0130malat\u0131<\/title>\n<meta name=\"robots\" content=\"index, follow, max-snippet:-1, max-image-preview:large, max-video-preview:-1\" \/>\n<link rel=\"canonical\" href=\"https:\/\/www.teknocanta.com\/elyaf-bez-canta\/\" \/>\n<meta property=\"og:locale\" content=\"it_IT\" \/>\n<meta property=\"og:type\" content=\"article\" \/>\n<meta property=\"og:title\" content=\"Elyaf Bez \u00c7anta - Tekno \u00c7anta - Promosyon Toptan \u00c7anta \u0130malat\u0131\" \/>\n<meta property=\"og:description\" content=\"En: 40 cm Y\u00fckseklik: 40 cm K\u00f6r\u00fck: 10 cm 100 gram elyaf kuma\u015f Ayarlanabilir tokal\u0131 sap \u0130malat s\u00fcresi 7 i\u015f g\u00fcn\u00fc &nbsp; Bask\u0131l\u0131 bez \u00e7anta fiyatlar\u0131 sipari\u015f adedi ve ebatlara g\u00f6re de\u011fi\u015fecektir. Fonksiyonel bez \u00e7anta, \u00e7ok cepli ekonomik kongre \u00e7antas\u0131. &nbsp; Tela kongre \u00e7antas\u0131 ortalama imalat s\u00fcresi bir haftad\u0131r. Bez sempozyum \u00e7antas\u0131 Geri d\u00f6n\u00fc\u015f\u00fcml\u00fc ve&hellip;\" \/>\n<meta property=\"og:url\" content=\"https:\/\/www.teknocanta.com\/elyaf-bez-canta\/\" \/>\n<meta property=\"og:site_name\" content=\"Tekno \u00c7anta - Promosyon Toptan \u00c7anta \u0130malat\u0131\" \/>\n<meta property=\"article:modified_time\" content=\"2021-10-14T12:52:41+00:00\" \/>\n<meta property=\"og:image\" content=\"https:\/\/www.teknocanta.com\/wp-content\/uploads\/2021\/10\/AV096_elyaf_bez_canta_1.jpeg\" \/>\n\t<meta property=\"og:image:width\" content=\"600\" \/>\n\t<meta property=\"og:image:height\" content=\"600\" \/>\n\t<meta property=\"og:image:type\" content=\"image\/jpeg\" \/>\n<meta name=\"twitter:card\" content=\"summary_large_image\" \/>\n<meta name=\"twitter:label1\" content=\"Tempo di lettura stimato\" \/>\n\t<meta name=\"twitter:data1\" content=\"1 minuto\" \/>\n<script type=\"application\/ld+json\" class=\"yoast-schema-graph\">{\"@context\":\"https:\/\/schema.org\",\"@graph\":[{\"@type\":\"WebPage\",\"@id\":\"https:\/\/www.teknocanta.com\/elyaf-bez-canta\/\",\"url\":\"https:\/\/www.teknocanta.com\/elyaf-bez-canta\/\",\"name\":\"Elyaf Bez \u00c7anta - Tekno \u00c7anta - Promosyon Toptan \u00c7anta \u0130malat\u0131\",\"isPartOf\":{\"@id\":\"https:\/\/www.teknocanta.com\/#website\"},\"primaryImageOfPage\":{\"@id\":\"https:\/\/www.teknocanta.com\/elyaf-bez-canta\/#primaryimage\"},\"image\":{\"@id\":\"https:\/\/www.teknocanta.com\/elyaf-bez-canta\/#primaryimage\"},\"thumbnailUrl\":\"https:\/\/www.teknocanta.com\/wp-content\/uploads\/2021\/10\/AV096_elyaf_bez_canta_1.jpeg\",\"datePublished\":\"2021-10-14T12:50:53+00:00\",\"dateModified\":\"2021-10-14T12:52:41+00:00\",\"breadcrumb\":{\"@id\":\"https:\/\/www.teknocanta.com\/elyaf-bez-canta\/#breadcrumb\"},\"inLanguage\":\"it-IT\",\"potentialAction\":[{\"@type\":\"ReadAction\",\"target\":[\"https:\/\/www.teknocanta.com\/elyaf-bez-canta\/\"]}]},{\"@type\":\"ImageObject\",\"inLanguage\":\"it-IT\",\"@id\":\"https:\/\/www.teknocanta.com\/elyaf-bez-canta\/#primaryimage\",\"url\":\"https:\/\/www.teknocanta.com\/wp-content\/uploads\/2021\/10\/AV096_elyaf_bez_canta_1.jpeg\",\"contentUrl\":\"https:\/\/www.teknocanta.com\/wp-content\/uploads\/2021\/10\/AV096_elyaf_bez_canta_1.jpeg\",\"width\":600,\"height\":600},{\"@type\":\"BreadcrumbList\",\"@id\":\"https:\/\/www.teknocanta.com\/elyaf-bez-canta\/#breadcrumb\",\"itemListElement\":[{\"@type\":\"ListItem\",\"position\":1,\"name\":\"Ana sayfa\",\"item\":\"https:\/\/www.teknocanta.com\/it\/\"},{\"@type\":\"ListItem\",\"position\":2,\"name\":\"\u00dcr\u00fcnler\",\"item\":\"https:\/\/www.teknocanta.com\/urunler\/\"},{\"@type\":\"ListItem\",\"position\":3,\"name\":\"Elyaf Bez \u00c7anta\"}]},{\"@type\":\"WebSite\",\"@id\":\"https:\/\/www.teknocanta.com\/#website\",\"url\":\"https:\/\/www.teknocanta.com\/\",\"name\":\"Tekno \u00c7anta - Promosyon Toptan \u00c7anta \u0130malat\u0131\",\"description\":\"Toptan \u00e7anta imalat\u0131, ham bez \u00e7anta, s\u0131rt \u00e7antalar\u0131, laptop ve evrak \u00e7antalar\u0131, kongre \u00e7antalar\u0131, fuar \u00e7antas\u0131 ve ipli b\u00fczg\u00fcl\u00fc \u00e7anta imalat\u0131 yapmaktay\u0131z.\",\"potentialAction\":[{\"@type\":\"SearchAction\",\"target\":{\"@type\":\"EntryPoint\",\"urlTemplate\":\"https:\/\/www.teknocanta.com\/?s={search_term_string}\"},\"query-input\":{\"@type\":\"PropertyValueSpecification\",\"valueRequired\":true,\"valueName\":\"search_term_string\"}}],\"inLanguage\":\"it-IT\"}]}<\/script>\n<!-- \/ Yoast SEO plugin. -->","yoast_head_json":{"title":"Elyaf Bez \u00c7anta - Tekno \u00c7anta - Promosyon Toptan \u00c7anta \u0130malat\u0131","robots":{"index":"index","follow":"follow","max-snippet":"max-snippet:-1","max-image-preview":"max-image-preview:large","max-video-preview":"max-video-preview:-1"},"canonical":"https:\/\/www.teknocanta.com\/elyaf-bez-canta\/","og_locale":"it_IT","og_type":"article","og_title":"Elyaf Bez \u00c7anta - Tekno \u00c7anta - Promosyon Toptan \u00c7anta \u0130malat\u0131","og_description":"En: 40 cm Y\u00fckseklik: 40 cm K\u00f6r\u00fck: 10 cm 100 gram elyaf kuma\u015f Ayarlanabilir tokal\u0131 sap \u0130malat s\u00fcresi 7 i\u015f g\u00fcn\u00fc &nbsp; Bask\u0131l\u0131 bez \u00e7anta fiyatlar\u0131 sipari\u015f adedi ve ebatlara g\u00f6re de\u011fi\u015fecektir. Fonksiyonel bez \u00e7anta, \u00e7ok cepli ekonomik kongre \u00e7antas\u0131. &nbsp; Tela kongre \u00e7antas\u0131 ortalama imalat s\u00fcresi bir haftad\u0131r. Bez sempozyum \u00e7antas\u0131 Geri d\u00f6n\u00fc\u015f\u00fcml\u00fc ve&hellip;","og_url":"https:\/\/www.teknocanta.com\/elyaf-bez-canta\/","og_site_name":"Tekno \u00c7anta - Promosyon Toptan \u00c7anta \u0130malat\u0131","article_modified_time":"2021-10-14T12:52:41+00:00","og_image":[{"width":600,"height":600,"url":"https:\/\/www.teknocanta.com\/wp-content\/uploads\/2021\/10\/AV096_elyaf_bez_canta_1.jpeg","type":"image\/jpeg"}],"twitter_card":"summary_large_image","twitter_misc":{"Tempo di lettura stimato":"1 minuto"},"schema":{"@context":"https:\/\/schema.org","@graph":[{"@type":"WebPage","@id":"https:\/\/www.teknocanta.com\/elyaf-bez-canta\/","url":"https:\/\/www.teknocanta.com\/elyaf-bez-canta\/","name":"Elyaf Bez \u00c7anta - Tekno \u00c7anta - Promosyon Toptan \u00c7anta \u0130malat\u0131","isPartOf":{"@id":"https:\/\/www.teknocanta.com\/#website"},"primaryImageOfPage":{"@id":"https:\/\/www.teknocanta.com\/elyaf-bez-canta\/#primaryimage"},"image":{"@id":"https:\/\/www.teknocanta.com\/elyaf-bez-canta\/#primaryimage"},"thumbnailUrl":"https:\/\/www.teknocanta.com\/wp-content\/uploads\/2021\/10\/AV096_elyaf_bez_canta_1.jpeg","datePublished":"2021-10-14T12:50:53+00:00","dateModified":"2021-10-14T12:52:41+00:00","breadcrumb":{"@id":"https:\/\/www.teknocanta.com\/elyaf-bez-canta\/#breadcrumb"},"inLanguage":"it-IT","potentialAction":[{"@type":"ReadAction","target":["https:\/\/www.teknocanta.com\/elyaf-bez-canta\/"]}]},{"@type":"ImageObject","inLanguage":"it-IT","@id":"https:\/\/www.teknocanta.com\/elyaf-bez-canta\/#primaryimage","url":"https:\/\/www.teknocanta.com\/wp-content\/uploads\/2021\/10\/AV096_elyaf_bez_canta_1.jpeg","contentUrl":"https:\/\/www.teknocanta.com\/wp-content\/uploads\/2021\/10\/AV096_elyaf_bez_canta_1.jpeg","width":600,"height":600},{"@type":"BreadcrumbList","@id":"https:\/\/www.teknocanta.com\/elyaf-bez-canta\/#breadcrumb","itemListElement":[{"@type":"ListItem","position":1,"name":"Ana sayfa","item":"https:\/\/www.teknocanta.com\/it\/"},{"@type":"ListItem","position":2,"name":"\u00dcr\u00fcnler","item":"https:\/\/www.teknocanta.com\/urunler\/"},{"@type":"ListItem","position":3,"name":"Elyaf Bez \u00c7anta"}]},{"@type":"WebSite","@id":"https:\/\/www.teknocanta.com\/#website","url":"https:\/\/www.teknocanta.com\/","name":"Tekno \u00c7anta - Promosyon Toptan \u00c7anta \u0130malat\u0131","description":"Toptan \u00e7anta imalat\u0131, ham bez \u00e7anta, s\u0131rt \u00e7antalar\u0131, laptop ve evrak \u00e7antalar\u0131, kongre \u00e7antalar\u0131, fuar \u00e7antas\u0131 ve ipli b\u00fczg\u00fcl\u00fc \u00e7anta imalat\u0131 yapmaktay\u0131z.","potentialAction":[{"@type":"SearchAction","target":{"@type":"EntryPoint","urlTemplate":"https:\/\/www.teknocanta.com\/?s={search_term_string}"},"query-input":{"@type":"PropertyValueSpecification","valueRequired":true,"valueName":"search_term_string"}}],"inLanguage":"it-IT"}]}},"_links":{"self":[{"href":"https:\/\/www.teknocanta.com\/it\/wp-json\/wp\/v2\/product\/37263","targetHints":{"allow":["GET"]}}],"collection":[{"href":"https:\/\/www.teknocanta.com\/it\/wp-json\/wp\/v2\/product"}],"about":[{"href":"https:\/\/www.teknocanta.com\/it\/wp-json\/wp\/v2\/types\/product"}],"replies":[{"embeddable":true,"href":"https:\/\/www.teknocanta.com\/it\/wp-json\/wp\/v2\/comments?post=37263"}],"wp:featuredmedia":[{"embeddable":true,"href":"https:\/\/www.teknocanta.com\/it\/wp-json\/wp\/v2\/media\/37393"}],"wp:attachment":[{"href":"https:\/\/www.teknocanta.com\/it\/wp-json\/wp\/v2\/media?parent=37263"}],"wp:term":[{"taxonomy":"product_brand","embeddable":true,"href":"https:\/\/www.teknocanta.com\/it\/wp-json\/wp\/v2\/product_brand?post=37263"},{"taxonomy":"product_cat","embeddable":true,"href":"https:\/\/www.teknocanta.com\/it\/wp-json\/wp\/v2\/product_cat?post=37263"},{"taxonomy":"product_tag","embeddable":true,"href":"https:\/\/www.teknocanta.com\/it\/wp-json\/wp\/v2\/product_tag?post=37263"}],"curies":[{"name":"wp","href":"https:\/\/api.w.org\/{rel}","templated":true}]}}