{"id":37260,"date":"2021-10-14T15:50:52","date_gmt":"2021-10-14T12:50:52","guid":{"rendered":"https:\/\/www.teknocanta.com\/?post_type=product&#038;p=37260"},"modified":"2021-10-14T15:52:36","modified_gmt":"2021-10-14T12:52:36","slug":"postaci-model-bez-canta","status":"publish","type":"product","link":"https:\/\/www.teknocanta.com\/it\/urun\/postaci-model-bez-canta\/","title":{"rendered":"Postac\u0131 Model Bez \u00c7anta"},"content":{"rendered":"<p class=\"MsoNormal\" style=\"text-align: justify; color: rgb(110, 111, 112); line-height: normal; font-family: Verdana, serif, arial; font-size: 14px; margin-bottom: 0pt;\"><span style=\"color: rgb(34, 34, 34); font-size: 10pt;\">En: 30 cm<\/span><span style=\"font-size: 10pt;\"><o:p><\/o:p><\/span><\/p>\n<p class=\"MsoNormal\" style=\"text-align: justify; color: rgb(110, 111, 112); line-height: normal; font-family: Verdana, serif, arial; font-size: 14px; margin-bottom: 0pt;\"><span style=\"color: rgb(34, 34, 34); font-size: 10pt;\">Y\u00fckseklik: 40 cm<\/span><span style=\"font-size: 10pt;\"><o:p><\/o:p><\/span><\/p>\n<p class=\"MsoNormal\" style=\"text-align: justify; color: rgb(110, 111, 112); line-height: normal; font-family: Verdana, serif, arial; font-size: 14px; margin-bottom: 0pt;\"><span style=\"color: rgb(34, 34, 34); font-size: 10pt;\">K\u00f6r\u00fck: 8 cm&nbsp;<\/span><span style=\"font-size: 10pt;\"><o:p><\/o:p><\/span><\/p>\n<p class=\"MsoNormal\" style=\"text-align: justify; color: rgb(110, 111, 112); line-height: normal; font-family: Verdana, serif, arial; font-size: 14px; margin-bottom: 0pt;\"><span style=\"color: rgb(34, 34, 34); font-size: 10pt;\">100 gr. beyaz elyaf kuma\u015f<\/span><\/p>\n<p class=\"MsoNormal\" style=\"text-align: justify; color: rgb(110, 111, 112); line-height: normal; font-family: Verdana, serif, arial; font-size: 14px; margin-bottom: 0pt;\"><span style=\"color: rgb(34, 34, 34); font-size: 10pt;\">\u0130malat s\u00fcresi 7 g\u00fcn<\/span><\/p>\n<p class=\"MsoNormal\" style=\"text-align: justify; color: rgb(110, 111, 112); line-height: normal; font-family: Verdana, serif, arial; font-size: 14px; margin-bottom: 0pt;\"><span style=\"font-size: 10pt;\"><o:p>&nbsp;<\/o:p><\/span><\/p>\n<p class=\"MsoNormal\" style=\"text-align: justify; color: rgb(110, 111, 112); line-height: normal; font-family: Verdana, serif, arial; font-size: 14px; margin-bottom: 0pt;\"><u><span style=\"color: rgb(34, 34, 34); font-size: 10pt;\">Farkl\u0131 adet ve ebatlardaki fiyat istekleriniz i\u00e7in ileti\u015fim k\u0131sm\u0131ndaki mail adresimize mail atarak fiyat isteyebilirsiniz.<\/span><\/u><span style=\"font-size: 10pt;\"><o:p><\/o:p><\/span><\/p>\n<p class=\"MsoNormal\" style=\"text-align: justify; color: rgb(110, 111, 112); line-height: normal; font-family: Verdana, serif, arial; font-size: 14px; margin-bottom: 0pt;\"><span style=\"color: rgb(34, 34, 34); font-size: 10pt;\"><br \/><\/span><span style=\"font-size: 10pt;\"><o:p><\/o:p><\/span><\/p>\n<p class=\"MsoNormal\" style=\"text-align: justify; color: rgb(110, 111, 112); line-height: normal; font-family: Verdana, serif, arial; font-size: 14px; margin-bottom: 0pt;\"><span style=\"color: rgb(34, 34, 34); font-size: 10pt;\">Postac\u0131 model bez \u00e7anta \u00e7anta sipari\u015f vermeyi d\u00fc\u015f\u00fcn\u00fcyorsan\u0131z veya fiyat bilgisi almak istiyorsan\u0131z, sipari\u015f adedinizi, \u00e7anta \u00fczerine bas\u0131lacak g\u00f6rseli ve ebat bilgisi ile birlikte ileti\u015fim k\u0131sm\u0131nda bulunan e-mail adresimize l\u00fctfen e-mail at\u0131n\u0131z. Bask\u0131daki renk say\u0131s\u0131, bas\u0131lacak g\u00f6rsele g\u00f6re bask\u0131 tekni\u011fi ve sipari\u015f adedi fiyat\u0131 etkileyen unsurlard\u0131r. M\u00fc\u015fteri temsilcimiz ayn\u0131 g\u00fcn i\u00e7erisinde en k\u0131sa zamanda taraf\u0131n\u0131za d\u00f6n\u00fc\u015f sa\u011flayacakt\u0131r.&nbsp;<\/span><\/p>\n<p class=\"MsoNormal\" style=\"text-align: justify; color: rgb(110, 111, 112); line-height: normal; font-family: Verdana, serif, arial; font-size: 14px; margin-bottom: 0pt;\"><span style=\"color: rgb(34, 34, 34); font-size: 10pt;\"><br \/><\/span><\/p>\n<p class=\"MsoNormal\" style=\"text-align: justify; color: rgb(110, 111, 112); line-height: normal; font-family: Verdana, serif, arial; font-size: 14px; margin-bottom: 0pt;\"><span style=\"color: rgb(34, 34, 34); font-size: 10pt;\">Promosyon postac\u0131 model bez \u00e7antalarda kullan\u0131lan kuma\u015f kal\u0131nl\u0131klar\u0131 ortalama 80-100 gr\/m2 a\u011f\u0131rl\u0131\u011f\u0131ndad\u0131r. Postac\u0131 model bez \u00e7antalar\u0131n Kulplar\u0131 uzundur ve omuzdan asmak \u00fczere tasarlanm\u0131\u015ft\u0131r. En \u00e7ok tercih edilen ebat 30x40x8 cm. dir. Postac\u0131 model bez \u00e7antalarda kullan\u0131lan kuma\u015flar genelde elyaf bez kuma\u015ft\u0131r. Elyaf bez kuma\u015flar tela veya nonwoven kuma\u015f olarak ta bilinirler.<\/span><span style=\"font-size: 10pt;\"><o:p><\/o:p><\/span><\/p>\n<p class=\"MsoNormal\" style=\"text-align: justify; color: rgb(110, 111, 112); line-height: normal; font-family: Verdana, serif, arial; font-size: 14px; margin-bottom: 0pt;\"><span style=\"font-size: 10pt;\">&nbsp;<\/span><span style=\"font-size: 10pt;\"><o:p><\/o:p><\/span><\/p>\n<p class=\"MsoNormal\" style=\"text-align: justify; color: rgb(110, 111, 112); line-height: normal; font-family: Verdana, serif, arial; font-size: 14px; margin-bottom: 0pt;\"><span style=\"color: rgb(34, 34, 34); font-size: 10pt;\">Postac\u0131 model bez \u00e7antalar\u0131n ortalama imalat s\u00fcreleri bir haftad\u0131r, i\u015fin \u00f6nemine g\u00f6re daha erken de verilebilir. Logonuzdaki renk say\u0131s\u0131na g\u00f6re bir renk veya \u00e7ok renkli bask\u0131lar yap\u0131labilmektedir. Bas\u0131lacak g\u00f6rsele g\u00f6re farkl\u0131 bask\u0131 teknikleri kullan\u0131labilir. Bask\u0131 \u00e7antan\u0131n bir y\u00fcz\u00fcne dilerseniz iki taraf\u0131na da yap\u0131labilir. \u00c7anta \u00fczerine bas\u0131lacak g\u00f6rsel \u00e7antan\u0131n bir k\u0131sm\u0131na veya tamam\u0131n\u0131 kaplayacak \u015fekilde bas\u0131labilmektedir. Ekonomik olmas\u0131 a\u00e7\u0131s\u0131ndan Genelde iki tarafa tek renk bask\u0131 tercih edilmektedir,&nbsp;<\/span><span style=\"font-size: 10pt;\"><o:p><\/o:p><\/span><\/p>\n<p class=\"MsoNormal\" style=\"text-align: justify; color: rgb(110, 111, 112); line-height: normal; font-family: Verdana, serif, arial; font-size: 14px; margin-bottom: 0pt;\"><span style=\"font-size: 10pt;\">&nbsp;<\/span><span style=\"font-size: 10pt;\"><o:p><\/o:p><\/span><\/p>\n<p class=\"MsoNormal\" style=\"text-align: justify; color: rgb(110, 111, 112); line-height: normal; font-family: Verdana, serif, arial; font-size: 14px; margin-bottom: 0pt;\"><span style=\"color: rgb(34, 34, 34); font-size: 10pt;\">Postac\u0131 model bez \u00e7antalar Geri d\u00f6n\u00fc\u015f\u00fcml\u00fc ve \u00e7evreci bir \u00fcr\u00fcn oldu\u011fundan dolay\u0131 en \u00e7ok tercih edilen \u00e7anta t\u00fcrlerindendir. Postac\u0131 model bez \u00e7antalar\u0131 beyaz veya renkli olarak tercih edebilirsiniz. Postac\u0131 model bez \u00e7antalar\u0131 elde veya \u00e7ama\u015f\u0131r makinesinde y\u0131kaman\u0131zda mahsur yoktur, \u00fcr\u00fcn\u00fcn y\u0131kanmas\u0131 \u00fczerindeki bask\u0131n\u0131n \u00e7\u0131kmas\u0131na sebep olmaz.<\/span><span style=\"font-size: 10pt;\"><o:p><\/o:p><\/span><\/p>\n<p class=\"MsoNormal\" style=\"text-align: justify; color: rgb(110, 111, 112); line-height: normal; font-family: Verdana, serif, arial; font-size: 14px; margin-bottom: 0pt;\"><span style=\"color: rgb(34, 34, 34); font-size: 10pt;\">&nbsp;<\/span><span style=\"font-size: 10pt;\"><o:p><\/o:p><\/span><\/p>\n<p class=\"MsoNormal\" style=\"text-align: justify; color: rgb(110, 111, 112); line-height: normal; font-family: Verdana, serif, arial; font-size: 14px; margin-bottom: 0pt;\"><span style=\"color: rgb(34, 34, 34); font-size: 10pt;\">Postac\u0131 model bez \u00e7antalar Promosyon ama\u00e7l\u0131 Fuar ve Sempozyum gibi Her T\u00fcrl\u00fc etkinliklerinizde kullanabilece\u011finiz, m\u00fc\u015fterilerinize hediye edebilece\u011finiz, kullan\u0131\u015fl\u0131 bir Promosyon \u00fcr\u00fcn\u00fcd\u00fcr,&nbsp;<\/span><span style=\"font-size: 10pt;\"><o:p><\/o:p><\/span><\/p>\n<p class=\"MsoNormal\" style=\"text-align: justify; color: rgb(110, 111, 112); line-height: normal; font-family: Verdana, serif, arial; font-size: 14px; margin-bottom: 0pt;\"><span style=\"color: rgb(34, 34, 34); font-size: 10pt;\">&nbsp;<\/span><span style=\"font-size: 10pt;\"><o:p><\/o:p><\/span><\/p>\n<p class=\"MsoNormal\" style=\"text-align: justify; color: rgb(110, 111, 112); line-height: normal; font-family: Verdana, serif, arial; font-size: 14px; margin-bottom: 0pt;\"><span style=\"color: rgb(34, 34, 34); font-size: 10pt;\">\u015eirketinizin konumuna g\u00f6re \u00fcr\u00fcnleri teslim edebiliriz veya anla\u015fmal\u0131 oldu\u011fumuz kargo \u015firketi ile t\u00fcm T\u00fcrkiye&#8217;ye ula\u015ft\u0131rmaktay\u0131z.<\/span><\/p>\n","protected":false},"excerpt":{"rendered":"<p>En: 30 cm Y\u00fckseklik: 40 cm K\u00f6r\u00fck: 8 cm&nbsp; 100 gr. beyaz elyaf kuma\u015f \u0130malat s\u00fcresi 7 g\u00fcn &nbsp; Farkl\u0131 adet ve ebatlardaki fiyat istekleriniz i\u00e7in ileti\u015fim k\u0131sm\u0131ndaki mail adresimize mail atarak fiyat isteyebilirsiniz. Postac\u0131 model bez \u00e7anta \u00e7anta sipari\u015f vermeyi d\u00fc\u015f\u00fcn\u00fcyorsan\u0131z veya fiyat bilgisi almak istiyorsan\u0131z, sipari\u015f adedinizi, \u00e7anta \u00fczerine bas\u0131lacak g\u00f6rseli ve ebat&hellip;<\/p>\n","protected":false},"featured_media":37388,"comment_status":"open","ping_status":"closed","template":"","meta":[],"product_brand":[],"product_cat":[789,855],"product_tag":[706,857,641,717,214,799,744,858,719,859,768,860,861,715,862,856,863,864,865,742,724],"class_list":{"0":"post-37260","1":"product","2":"type-product","3":"status-publish","4":"has-post-thumbnail","6":"product_cat-postaci-omuz-cantasi","7":"product_cat-tela-bez-canta","8":"product_tag-baskili-bez-canta-fiyatlari","9":"product_tag-baskili-tela-canta","10":"product_tag-baskisiz-bez-canta","11":"product_tag-bez-canta","12":"product_tag-bez-canta-fiyatlari","13":"product_tag-bez-canta-imalatcilari","14":"product_tag-bez-canta-imalati","15":"product_tag-bez-canta-istanbul","16":"product_tag-bez-torba-fiyatlari","17":"product_tag-canta-imalati-yapan-firmalar","18":"product_tag-elyaf-canta","19":"product_tag-fuar-cantasi","20":"product_tag-istanbul-canta-imalati","21":"product_tag-promosyon","22":"product_tag-promosyon-tela-bez-canta","23":"product_tag-tela-canta","24":"product_tag-tela-canta-fiyatlari","25":"product_tag-tela-canta-imalati","26":"product_tag-tela-canta-ureticileri","27":"product_tag-toptan-bez-canta","28":"product_tag-toptan-canta","29":"description-off","31":"first","32":"instock","33":"shipping-taxable","34":"purchasable","35":"product-type-simple"},"yoast_head":"<!-- This site is optimized with the Yoast SEO plugin v26.6 - https:\/\/yoast.com\/wordpress\/plugins\/seo\/ -->\n<title>Postac\u0131 Model Bez \u00c7anta - Tekno \u00c7anta - Promosyon Toptan \u00c7anta \u0130malat\u0131<\/title>\n<meta name=\"robots\" content=\"index, follow, max-snippet:-1, max-image-preview:large, max-video-preview:-1\" \/>\n<link rel=\"canonical\" href=\"https:\/\/www.teknocanta.com\/postaci-model-bez-canta\/\" \/>\n<meta property=\"og:locale\" content=\"it_IT\" \/>\n<meta property=\"og:type\" content=\"article\" \/>\n<meta property=\"og:title\" content=\"Postac\u0131 Model Bez \u00c7anta - Tekno \u00c7anta - Promosyon Toptan \u00c7anta \u0130malat\u0131\" \/>\n<meta property=\"og:description\" content=\"En: 30 cm Y\u00fckseklik: 40 cm K\u00f6r\u00fck: 8 cm&nbsp; 100 gr. beyaz elyaf kuma\u015f \u0130malat s\u00fcresi 7 g\u00fcn &nbsp; Farkl\u0131 adet ve ebatlardaki fiyat istekleriniz i\u00e7in ileti\u015fim k\u0131sm\u0131ndaki mail adresimize mail atarak fiyat isteyebilirsiniz. Postac\u0131 model bez \u00e7anta \u00e7anta sipari\u015f vermeyi d\u00fc\u015f\u00fcn\u00fcyorsan\u0131z veya fiyat bilgisi almak istiyorsan\u0131z, sipari\u015f adedinizi, \u00e7anta \u00fczerine bas\u0131lacak g\u00f6rseli ve ebat&hellip;\" \/>\n<meta property=\"og:url\" content=\"https:\/\/www.teknocanta.com\/postaci-model-bez-canta\/\" \/>\n<meta property=\"og:site_name\" content=\"Tekno \u00c7anta - Promosyon Toptan \u00c7anta \u0130malat\u0131\" \/>\n<meta property=\"article:modified_time\" content=\"2021-10-14T12:52:36+00:00\" \/>\n<meta property=\"og:image\" content=\"https:\/\/www.teknocanta.com\/wp-content\/uploads\/2021\/10\/Elyaf009_postaci_model_bez_canta_1.jpg\" \/>\n\t<meta property=\"og:image:width\" content=\"600\" \/>\n\t<meta property=\"og:image:height\" content=\"600\" \/>\n\t<meta property=\"og:image:type\" content=\"image\/jpeg\" \/>\n<meta name=\"twitter:card\" content=\"summary_large_image\" \/>\n<meta name=\"twitter:label1\" content=\"Tempo di lettura stimato\" \/>\n\t<meta name=\"twitter:data1\" content=\"2 minuti\" \/>\n<script type=\"application\/ld+json\" class=\"yoast-schema-graph\">{\"@context\":\"https:\/\/schema.org\",\"@graph\":[{\"@type\":\"WebPage\",\"@id\":\"https:\/\/www.teknocanta.com\/postaci-model-bez-canta\/\",\"url\":\"https:\/\/www.teknocanta.com\/postaci-model-bez-canta\/\",\"name\":\"Postac\u0131 Model Bez \u00c7anta - Tekno \u00c7anta - Promosyon Toptan \u00c7anta \u0130malat\u0131\",\"isPartOf\":{\"@id\":\"https:\/\/www.teknocanta.com\/#website\"},\"primaryImageOfPage\":{\"@id\":\"https:\/\/www.teknocanta.com\/postaci-model-bez-canta\/#primaryimage\"},\"image\":{\"@id\":\"https:\/\/www.teknocanta.com\/postaci-model-bez-canta\/#primaryimage\"},\"thumbnailUrl\":\"https:\/\/www.teknocanta.com\/wp-content\/uploads\/2021\/10\/Elyaf009_postaci_model_bez_canta_1.jpg\",\"datePublished\":\"2021-10-14T12:50:52+00:00\",\"dateModified\":\"2021-10-14T12:52:36+00:00\",\"breadcrumb\":{\"@id\":\"https:\/\/www.teknocanta.com\/postaci-model-bez-canta\/#breadcrumb\"},\"inLanguage\":\"it-IT\",\"potentialAction\":[{\"@type\":\"ReadAction\",\"target\":[\"https:\/\/www.teknocanta.com\/postaci-model-bez-canta\/\"]}]},{\"@type\":\"ImageObject\",\"inLanguage\":\"it-IT\",\"@id\":\"https:\/\/www.teknocanta.com\/postaci-model-bez-canta\/#primaryimage\",\"url\":\"https:\/\/www.teknocanta.com\/wp-content\/uploads\/2021\/10\/Elyaf009_postaci_model_bez_canta_1.jpg\",\"contentUrl\":\"https:\/\/www.teknocanta.com\/wp-content\/uploads\/2021\/10\/Elyaf009_postaci_model_bez_canta_1.jpg\",\"width\":600,\"height\":600},{\"@type\":\"BreadcrumbList\",\"@id\":\"https:\/\/www.teknocanta.com\/postaci-model-bez-canta\/#breadcrumb\",\"itemListElement\":[{\"@type\":\"ListItem\",\"position\":1,\"name\":\"Ana sayfa\",\"item\":\"https:\/\/www.teknocanta.com\/it\/\"},{\"@type\":\"ListItem\",\"position\":2,\"name\":\"\u00dcr\u00fcnler\",\"item\":\"https:\/\/www.teknocanta.com\/urunler\/\"},{\"@type\":\"ListItem\",\"position\":3,\"name\":\"Postac\u0131 Model Bez \u00c7anta\"}]},{\"@type\":\"WebSite\",\"@id\":\"https:\/\/www.teknocanta.com\/#website\",\"url\":\"https:\/\/www.teknocanta.com\/\",\"name\":\"Tekno \u00c7anta - Promosyon Toptan \u00c7anta \u0130malat\u0131\",\"description\":\"Toptan \u00e7anta imalat\u0131, ham bez \u00e7anta, s\u0131rt \u00e7antalar\u0131, laptop ve evrak \u00e7antalar\u0131, kongre \u00e7antalar\u0131, fuar \u00e7antas\u0131 ve ipli b\u00fczg\u00fcl\u00fc \u00e7anta imalat\u0131 yapmaktay\u0131z.\",\"potentialAction\":[{\"@type\":\"SearchAction\",\"target\":{\"@type\":\"EntryPoint\",\"urlTemplate\":\"https:\/\/www.teknocanta.com\/?s={search_term_string}\"},\"query-input\":{\"@type\":\"PropertyValueSpecification\",\"valueRequired\":true,\"valueName\":\"search_term_string\"}}],\"inLanguage\":\"it-IT\"}]}<\/script>\n<!-- \/ Yoast SEO plugin. -->","yoast_head_json":{"title":"Postac\u0131 Model Bez \u00c7anta - Tekno \u00c7anta - Promosyon Toptan \u00c7anta \u0130malat\u0131","robots":{"index":"index","follow":"follow","max-snippet":"max-snippet:-1","max-image-preview":"max-image-preview:large","max-video-preview":"max-video-preview:-1"},"canonical":"https:\/\/www.teknocanta.com\/postaci-model-bez-canta\/","og_locale":"it_IT","og_type":"article","og_title":"Postac\u0131 Model Bez \u00c7anta - Tekno \u00c7anta - Promosyon Toptan \u00c7anta \u0130malat\u0131","og_description":"En: 30 cm Y\u00fckseklik: 40 cm K\u00f6r\u00fck: 8 cm&nbsp; 100 gr. beyaz elyaf kuma\u015f \u0130malat s\u00fcresi 7 g\u00fcn &nbsp; Farkl\u0131 adet ve ebatlardaki fiyat istekleriniz i\u00e7in ileti\u015fim k\u0131sm\u0131ndaki mail adresimize mail atarak fiyat isteyebilirsiniz. Postac\u0131 model bez \u00e7anta \u00e7anta sipari\u015f vermeyi d\u00fc\u015f\u00fcn\u00fcyorsan\u0131z veya fiyat bilgisi almak istiyorsan\u0131z, sipari\u015f adedinizi, \u00e7anta \u00fczerine bas\u0131lacak g\u00f6rseli ve ebat&hellip;","og_url":"https:\/\/www.teknocanta.com\/postaci-model-bez-canta\/","og_site_name":"Tekno \u00c7anta - Promosyon Toptan \u00c7anta \u0130malat\u0131","article_modified_time":"2021-10-14T12:52:36+00:00","og_image":[{"width":600,"height":600,"url":"https:\/\/www.teknocanta.com\/wp-content\/uploads\/2021\/10\/Elyaf009_postaci_model_bez_canta_1.jpg","type":"image\/jpeg"}],"twitter_card":"summary_large_image","twitter_misc":{"Tempo di lettura stimato":"2 minuti"},"schema":{"@context":"https:\/\/schema.org","@graph":[{"@type":"WebPage","@id":"https:\/\/www.teknocanta.com\/postaci-model-bez-canta\/","url":"https:\/\/www.teknocanta.com\/postaci-model-bez-canta\/","name":"Postac\u0131 Model Bez \u00c7anta - Tekno \u00c7anta - Promosyon Toptan \u00c7anta \u0130malat\u0131","isPartOf":{"@id":"https:\/\/www.teknocanta.com\/#website"},"primaryImageOfPage":{"@id":"https:\/\/www.teknocanta.com\/postaci-model-bez-canta\/#primaryimage"},"image":{"@id":"https:\/\/www.teknocanta.com\/postaci-model-bez-canta\/#primaryimage"},"thumbnailUrl":"https:\/\/www.teknocanta.com\/wp-content\/uploads\/2021\/10\/Elyaf009_postaci_model_bez_canta_1.jpg","datePublished":"2021-10-14T12:50:52+00:00","dateModified":"2021-10-14T12:52:36+00:00","breadcrumb":{"@id":"https:\/\/www.teknocanta.com\/postaci-model-bez-canta\/#breadcrumb"},"inLanguage":"it-IT","potentialAction":[{"@type":"ReadAction","target":["https:\/\/www.teknocanta.com\/postaci-model-bez-canta\/"]}]},{"@type":"ImageObject","inLanguage":"it-IT","@id":"https:\/\/www.teknocanta.com\/postaci-model-bez-canta\/#primaryimage","url":"https:\/\/www.teknocanta.com\/wp-content\/uploads\/2021\/10\/Elyaf009_postaci_model_bez_canta_1.jpg","contentUrl":"https:\/\/www.teknocanta.com\/wp-content\/uploads\/2021\/10\/Elyaf009_postaci_model_bez_canta_1.jpg","width":600,"height":600},{"@type":"BreadcrumbList","@id":"https:\/\/www.teknocanta.com\/postaci-model-bez-canta\/#breadcrumb","itemListElement":[{"@type":"ListItem","position":1,"name":"Ana sayfa","item":"https:\/\/www.teknocanta.com\/it\/"},{"@type":"ListItem","position":2,"name":"\u00dcr\u00fcnler","item":"https:\/\/www.teknocanta.com\/urunler\/"},{"@type":"ListItem","position":3,"name":"Postac\u0131 Model Bez \u00c7anta"}]},{"@type":"WebSite","@id":"https:\/\/www.teknocanta.com\/#website","url":"https:\/\/www.teknocanta.com\/","name":"Tekno \u00c7anta - Promosyon Toptan \u00c7anta \u0130malat\u0131","description":"Toptan \u00e7anta imalat\u0131, ham bez \u00e7anta, s\u0131rt \u00e7antalar\u0131, laptop ve evrak \u00e7antalar\u0131, kongre \u00e7antalar\u0131, fuar \u00e7antas\u0131 ve ipli b\u00fczg\u00fcl\u00fc \u00e7anta imalat\u0131 yapmaktay\u0131z.","potentialAction":[{"@type":"SearchAction","target":{"@type":"EntryPoint","urlTemplate":"https:\/\/www.teknocanta.com\/?s={search_term_string}"},"query-input":{"@type":"PropertyValueSpecification","valueRequired":true,"valueName":"search_term_string"}}],"inLanguage":"it-IT"}]}},"_links":{"self":[{"href":"https:\/\/www.teknocanta.com\/it\/wp-json\/wp\/v2\/product\/37260","targetHints":{"allow":["GET"]}}],"collection":[{"href":"https:\/\/www.teknocanta.com\/it\/wp-json\/wp\/v2\/product"}],"about":[{"href":"https:\/\/www.teknocanta.com\/it\/wp-json\/wp\/v2\/types\/product"}],"replies":[{"embeddable":true,"href":"https:\/\/www.teknocanta.com\/it\/wp-json\/wp\/v2\/comments?post=37260"}],"wp:featuredmedia":[{"embeddable":true,"href":"https:\/\/www.teknocanta.com\/it\/wp-json\/wp\/v2\/media\/37388"}],"wp:attachment":[{"href":"https:\/\/www.teknocanta.com\/it\/wp-json\/wp\/v2\/media?parent=37260"}],"wp:term":[{"taxonomy":"product_brand","embeddable":true,"href":"https:\/\/www.teknocanta.com\/it\/wp-json\/wp\/v2\/product_brand?post=37260"},{"taxonomy":"product_cat","embeddable":true,"href":"https:\/\/www.teknocanta.com\/it\/wp-json\/wp\/v2\/product_cat?post=37260"},{"taxonomy":"product_tag","embeddable":true,"href":"https:\/\/www.teknocanta.com\/it\/wp-json\/wp\/v2\/product_tag?post=37260"}],"curies":[{"name":"wp","href":"https:\/\/api.w.org\/{rel}","templated":true}]}}