{"id":37208,"date":"2021-10-14T15:50:29","date_gmt":"2021-10-14T12:50:29","guid":{"rendered":"https:\/\/www.teknocanta.com\/?post_type=product&#038;p=37208"},"modified":"2024-07-06T03:56:22","modified_gmt":"2024-07-06T00:56:22","slug":"kongre-cantasi","status":"publish","type":"product","link":"https:\/\/www.teknocanta.com\/it\/urun\/kongre-cantasi\/","title":{"rendered":"Kongre \u00c7antas\u0131"},"content":{"rendered":"<p class=\"MsoNormal\" style=\"color: rgb(110, 111, 112); line-height: normal; font-family: Verdana, serif, arial; font-size: 14px; margin-bottom: 6.4pt;\">Fiyatland\u0131rma 500 adet i\u00e7in yap\u0131lm\u0131\u015ft\u0131r. Daha d\u00fc\u015f\u00fck adetlerde de sipari\u015f verebilirsiniz. Daha d\u00fc\u015f\u00fck veya daha y\u00fcksek adetlerde fiyatlar de\u011fi\u015fecektir. Farkl\u0131 adetlerdeki fiyat talepleriniz i\u00e7in ileti\u015fim k\u0131sm\u0131ndaki mail adresimize mail atarak fiyat isteyebilirsiniz. %8 KDV ve bask\u0131 \u00fccreti fiyata d\u00e2hil de\u011fildir.<o:p><\/o:p><\/p>\n<p class=\"MsoNormal\" style=\"color: rgb(110, 111, 112); line-height: normal; font-family: Verdana, serif, arial; font-size: 14px; margin-bottom: 6.4pt;\">250 adet ve \u00fczeri sipari\u015flerinizde kuma\u015f rengi, astar rengi veya fermuar rengi de\u011fi\u015ftirebilir. \u00c7antan\u0131n d\u0131\u015f k\u0131s\u0131mlar\u0131 600 denye, astarlar 270 denye kuma\u015ftan \u00fcretilmi\u015ftir.<o:p><\/o:p><\/p>\n<p class=\"MsoNormal\" style=\"color: rgb(110, 111, 112); line-height: normal; font-family: Verdana, serif, arial; font-size: 14px; margin-bottom: 6.4pt;\">\u00c7anta ebad\u0131 30x40x8 cm b\u00fcy\u00fckl\u00fc\u011f\u00fcndedir. \u00c7anta fermuarl\u0131 1 \u00f6n b\u00f6lme ve 1 \u00fcst b\u00f6l\u00fcmden olu\u015fmaktad\u0131r. \u00c7antan\u0131n i\u00e7 k\u0131sm\u0131nda laptop b\u00f6lmesi vard\u0131r.<o:p><\/o:p><\/p>\n<p class=\"MsoNormal\" style=\"color: rgb(110, 111, 112); line-height: normal; font-family: Verdana, serif, arial; font-size: 14px; margin-bottom: 6.4pt;\">\u00c7anta g\u00f6vdeleri 8 mm kal\u0131nl\u0131\u011f\u0131nda k\u00f6p\u00fck ile desteklenmi\u015ftir. Tip 8 kalitesinde fermuar kullan\u0131lm\u0131\u015ft\u0131r.<o:p><\/o:p><\/p>\n<p class=\"MsoNormal\" style=\"color: rgb(110, 111, 112); line-height: normal; font-family: Verdana, serif, arial; font-size: 14px; margin-bottom: 6.4pt;\">\u00c7antan\u0131n i\u00e7ine veya d\u0131\u015f\u0131na renkli bask\u0131lar yapmak m\u00fcmk\u00fcnd\u00fcr. \u0130ste\u011fe ba\u011fl\u0131 olarak nak\u0131\u015f bask\u0131 da yap\u0131labilir. Bask\u0131 \u00fccretleri bas\u0131lacak g\u00f6rseldeki renk say\u0131s\u0131na g\u00f6re de\u011fi\u015fmektedir.<o:p><\/o:p><\/p>\n<p class=\"MsoNormal\" style=\"color: rgb(110, 111, 112); line-height: normal; font-family: Verdana, serif, arial; font-size: 14px; margin-bottom: 6.4pt;\">Kongre \u00e7antalar\u0131nda \u0130malat s\u00fcreleri sipari\u015f adetine g\u00f6re de\u011fi\u015fmekte ve ortalama imalat s\u00fcresi 15 g\u00fcnd\u00fcr, i\u015fin \u00f6nemine g\u00f6re daha erken de verilebilmektedir. Stoktaki \u00e7antalar bask\u0131s\u0131z olarak ayn\u0131 g\u00fcn verilebilir. Stoktaki \u00fcr\u00fcnler bask\u0131l\u0131 olarak tercih edilir ise bask\u0131 s\u00fcresi yo\u011funlu\u011fa g\u00f6re bir ka\u00e7 g\u00fcn s\u00fcrebilir.<o:p><\/o:p><\/p>\n<p class=\"MsoNormal\" style=\"color: rgb(110, 111, 112); line-height: normal; font-family: Verdana, serif, arial; font-size: 14px; margin-bottom: 6.4pt;\">L\u00fctfen g\u00fcncel stok bilgisi al\u0131n\u0131z.<o:p><\/o:p><\/p>\n<p style=\"color: rgb(110, 111, 112); font-family: Verdana, serif, arial; font-size: 14px;\">\n<p class=\"MsoNormal\" style=\"color: rgb(110, 111, 112); line-height: normal; font-family: Verdana, serif, arial; font-size: 14px; margin-bottom: 6.4pt;\">kongre \u00e7antalar\u0131 genellikle&nbsp;<span>kongre, sempozyum, konferans ve seminer gibi her t\u00fcrl\u00fc etkinliklerinizde kullanabilece\u011finiz, m\u00fc\u015fterilerinize hediye edebilece\u011finiz, kullan\u0131\u015fl\u0131 bir promosyon \u00fcr\u00fcn\u00fcd\u00fcr.<\/span><\/p>\n<p class=\"MsoNormal\" style=\"text-align: justify; color: rgb(110, 111, 112); font-family: Verdana, serif, arial; font-size: 14px;\"><em><span style=\"font-family: Calibri, sans-serif;\">Promosyon Laptop Ve Evrak \u00c7antalar\u0131n\u0131; m\u00fc\u015fterilerimizin istedikleri model renk ve boyutlarda \u00fcretebilmekteyiz. Web sitemizde olmayan, \u00d6rne\u011fi sizde olan modeller i\u00e7in de bizden fiyat teklifi isteyebilirsiniz.<\/span><\/em><em><span style=\"font-family: Calibri, sans-serif; font-style: normal;\"><o:p><\/o:p><\/span><\/em><\/p>\n<p class=\"MsoNormal\" style=\"text-align: justify; color: rgb(110, 111, 112); font-family: Verdana, serif, arial; font-size: 14px;\"><em><span style=\"font-family: Calibri, sans-serif;\">Promosyon Laptop Ve Evrak \u00c7antas\u0131 Nedir?<\/span><\/em><em><span style=\"font-family: Calibri, sans-serif; font-style: normal;\"><o:p><\/o:p><\/span><\/em><\/p>\n<p class=\"MsoNormal\" style=\"text-align: justify; color: rgb(110, 111, 112); font-family: Verdana, serif, arial; font-size: 14px;\"><em><span style=\"font-family: Calibri, sans-serif;\">Laptop ve evrak \u00e7antalar\u0131 diz\u00fcst\u00fc bilgisayar\u0131n\u0131z\u0131 veya \u00f6nemli evraklar\u0131n\u0131z\u0131 ta\u015f\u0131mak ve korumak i\u00e7indir, promosyon laptop veya promosyon evrak \u00e7antas\u0131 ebatlar\u0131 bilgisayar\u0131n\u0131z\u0131n b\u00fcy\u00fckl\u00fc\u011f\u00fcne g\u00f6re de\u011fi\u015fmektedir. Genelde Kongre ve Sempozyum gibi etkinliklerde tercih edilmesinin yan\u0131 s\u0131ra fiyat ve kalitesine g\u00f6re t\u00fcm firmalar\u0131n zaman zaman ihtiya\u00e7 duydu\u011fu bir promosyon \u00fcr\u00fcn\u00fcd\u00fcr.<\/span><\/em><em><span style=\"font-family: Calibri, sans-serif; font-style: normal;\"><o:p><\/o:p><\/span><\/em><\/p>\n<p class=\"MsoNormal\" style=\"text-align: justify; color: rgb(110, 111, 112); font-family: Verdana, serif, arial; font-size: 14px;\"><em><span style=\"font-family: Calibri, sans-serif;\">Promosyon Laptop ve evrak \u00e7antalar\u0131 genelde su ge\u00e7irmez imperteks kuma\u015ftan \u00fcretilmektedir. Promosyon \u00c7antalarda Bask\u0131 t\u00fcr\u00fc olarak genelde serigrafi tercih edilse de nak\u0131\u015f bask\u0131 y\u00f6ntemini de tercih edenler olmaktad\u0131r.&nbsp; Standart modellerimiz d\u0131\u015f\u0131nda m\u00fc\u015fterilerimizin istedi\u011fi model ve kalitede promosyon \u00e7anta \u00fcretebilmekteyiz. Promosyon Kongre Ve sempozyum \u00e7anta fiyatlar\u0131 genelde adet ve kalite bazl\u0131 olarak de\u011fi\u015f<\/span><\/em><em><span style=\"font-family: Calibri, sans-serif; font-style: normal;\">mekte olup ortalama 10 TL ile 50<\/span><\/em><em><span style=\"font-family: Calibri, sans-serif;\">&nbsp;TL aras\u0131nda de\u011fi\u015fmektedir.<\/span><\/em><\/p>\n","protected":false},"excerpt":{"rendered":"<p>Fiyatland\u0131rma 500 adet i\u00e7in yap\u0131lm\u0131\u015ft\u0131r. Daha d\u00fc\u015f\u00fck adetlerde de sipari\u015f verebilirsiniz. Daha d\u00fc\u015f\u00fck veya daha y\u00fcksek adetlerde fiyatlar de\u011fi\u015fecektir. Farkl\u0131 adetlerdeki fiyat talepleriniz i\u00e7in ileti\u015fim k\u0131sm\u0131ndaki mail adresimize mail atarak fiyat isteyebilirsiniz. %8 KDV ve bask\u0131 \u00fccreti fiyata d\u00e2hil de\u011fildir. 250 adet ve \u00fczeri sipari\u015flerinizde kuma\u015f rengi, astar rengi veya fermuar rengi de\u011fi\u015ftirebilir. \u00c7antan\u0131n d\u0131\u015f&hellip;<\/p>\n","protected":false},"featured_media":37317,"comment_status":"open","ping_status":"closed","template":"","meta":[],"product_brand":[],"product_cat":[875,876,891],"product_tag":[158,159,160,161,162,163,164,177,165,166,167,168,169,170,171,172,173,174,175,176],"class_list":{"0":"post-37208","1":"product","2":"type-product","3":"status-publish","4":"has-post-thumbnail","6":"product_cat-kongre-ve-sempozyum-cantasi","7":"product_cat-laptop-evrak-cantasi","8":"product_cat-stoklu-cantalar","9":"product_tag-canta-imalatcilari-istanbul","10":"product_tag-canta-imalatcilari-zeytinburnu","11":"product_tag-canta-uretimi-yapan-firmalar","12":"product_tag-evrak-cantasi-imalati","13":"product_tag-kongre-cantasi","14":"product_tag-kongre-cantasi-fiyatlari","15":"product_tag-laptop-cantasi-promosyon","16":"product_tag-laptop-ve-evrak-cantasi","17":"product_tag-promosyon-canta","18":"product_tag-promosyon-canta-firmalari","19":"product_tag-promosyon-canta-imalati","20":"product_tag-promosyon-evrak-cantasi","21":"product_tag-promosyon-kongre-cantasi","22":"product_tag-promosyon-okul-cantasi","23":"product_tag-promosyon-postaci-cantasi","24":"product_tag-promosyon-sirt-cantasi","25":"product_tag-seminer-cantasi","26":"product_tag-toptan-evrak-cantasi","27":"product_tag-toptan-evrak-cantasi-fiyatlari","28":"product_tag-toptan-promosyon-canta","29":"description-off","31":"first","32":"instock","33":"shipping-taxable","34":"purchasable","35":"product-type-simple"},"yoast_head":"<!-- This site is optimized with the Yoast SEO plugin v26.6 - https:\/\/yoast.com\/wordpress\/plugins\/seo\/ -->\n<title>Kongre \u00c7antas\u0131 - Tekno \u00c7anta - Promosyon Toptan \u00c7anta \u0130malat\u0131<\/title>\n<meta name=\"robots\" content=\"index, follow, max-snippet:-1, max-image-preview:large, max-video-preview:-1\" \/>\n<link rel=\"canonical\" href=\"https:\/\/www.teknocanta.com\/kongre-cantasi\/\" \/>\n<meta property=\"og:locale\" content=\"it_IT\" \/>\n<meta property=\"og:type\" content=\"article\" \/>\n<meta property=\"og:title\" content=\"Kongre \u00c7antas\u0131 - Tekno \u00c7anta - Promosyon Toptan \u00c7anta \u0130malat\u0131\" \/>\n<meta property=\"og:description\" content=\"Fiyatland\u0131rma 500 adet i\u00e7in yap\u0131lm\u0131\u015ft\u0131r. Daha d\u00fc\u015f\u00fck adetlerde de sipari\u015f verebilirsiniz. Daha d\u00fc\u015f\u00fck veya daha y\u00fcksek adetlerde fiyatlar de\u011fi\u015fecektir. Farkl\u0131 adetlerdeki fiyat talepleriniz i\u00e7in ileti\u015fim k\u0131sm\u0131ndaki mail adresimize mail atarak fiyat isteyebilirsiniz. %8 KDV ve bask\u0131 \u00fccreti fiyata d\u00e2hil de\u011fildir. 250 adet ve \u00fczeri sipari\u015flerinizde kuma\u015f rengi, astar rengi veya fermuar rengi de\u011fi\u015ftirebilir. \u00c7antan\u0131n d\u0131\u015f&hellip;\" \/>\n<meta property=\"og:url\" content=\"https:\/\/www.teknocanta.com\/kongre-cantasi\/\" \/>\n<meta property=\"og:site_name\" content=\"Tekno \u00c7anta - Promosyon Toptan \u00c7anta \u0130malat\u0131\" \/>\n<meta property=\"article:modified_time\" content=\"2024-07-06T00:56:22+00:00\" \/>\n<meta property=\"og:image\" content=\"https:\/\/www.teknocanta.com\/wp-content\/uploads\/2021\/10\/kongre_cantasi_son_ana_resim_01.jpeg\" \/>\n\t<meta property=\"og:image:width\" content=\"791\" \/>\n\t<meta property=\"og:image:height\" content=\"711\" \/>\n\t<meta property=\"og:image:type\" content=\"image\/jpeg\" \/>\n<meta name=\"twitter:card\" content=\"summary_large_image\" \/>\n<meta name=\"twitter:label1\" content=\"Tempo di lettura stimato\" \/>\n\t<meta name=\"twitter:data1\" content=\"2 minuti\" \/>\n<script type=\"application\/ld+json\" class=\"yoast-schema-graph\">{\"@context\":\"https:\/\/schema.org\",\"@graph\":[{\"@type\":\"WebPage\",\"@id\":\"https:\/\/www.teknocanta.com\/kongre-cantasi\/\",\"url\":\"https:\/\/www.teknocanta.com\/kongre-cantasi\/\",\"name\":\"Kongre \u00c7antas\u0131 - Tekno \u00c7anta - Promosyon Toptan \u00c7anta \u0130malat\u0131\",\"isPartOf\":{\"@id\":\"https:\/\/www.teknocanta.com\/#website\"},\"primaryImageOfPage\":{\"@id\":\"https:\/\/www.teknocanta.com\/kongre-cantasi\/#primaryimage\"},\"image\":{\"@id\":\"https:\/\/www.teknocanta.com\/kongre-cantasi\/#primaryimage\"},\"thumbnailUrl\":\"https:\/\/www.teknocanta.com\/wp-content\/uploads\/2021\/10\/kongre_cantasi_son_ana_resim_01.jpeg\",\"datePublished\":\"2021-10-14T12:50:29+00:00\",\"dateModified\":\"2024-07-06T00:56:22+00:00\",\"breadcrumb\":{\"@id\":\"https:\/\/www.teknocanta.com\/kongre-cantasi\/#breadcrumb\"},\"inLanguage\":\"it-IT\",\"potentialAction\":[{\"@type\":\"ReadAction\",\"target\":[\"https:\/\/www.teknocanta.com\/kongre-cantasi\/\"]}]},{\"@type\":\"ImageObject\",\"inLanguage\":\"it-IT\",\"@id\":\"https:\/\/www.teknocanta.com\/kongre-cantasi\/#primaryimage\",\"url\":\"https:\/\/www.teknocanta.com\/wp-content\/uploads\/2021\/10\/kongre_cantasi_son_ana_resim_01.jpeg\",\"contentUrl\":\"https:\/\/www.teknocanta.com\/wp-content\/uploads\/2021\/10\/kongre_cantasi_son_ana_resim_01.jpeg\",\"width\":791,\"height\":711},{\"@type\":\"BreadcrumbList\",\"@id\":\"https:\/\/www.teknocanta.com\/kongre-cantasi\/#breadcrumb\",\"itemListElement\":[{\"@type\":\"ListItem\",\"position\":1,\"name\":\"Ana sayfa\",\"item\":\"https:\/\/www.teknocanta.com\/it\/\"},{\"@type\":\"ListItem\",\"position\":2,\"name\":\"\u00dcr\u00fcnler\",\"item\":\"https:\/\/www.teknocanta.com\/urunler\/\"},{\"@type\":\"ListItem\",\"position\":3,\"name\":\"Kongre \u00c7antas\u0131\"}]},{\"@type\":\"WebSite\",\"@id\":\"https:\/\/www.teknocanta.com\/#website\",\"url\":\"https:\/\/www.teknocanta.com\/\",\"name\":\"Tekno \u00c7anta - Promosyon Toptan \u00c7anta \u0130malat\u0131\",\"description\":\"Toptan \u00e7anta imalat\u0131, ham bez \u00e7anta, s\u0131rt \u00e7antalar\u0131, laptop ve evrak \u00e7antalar\u0131, kongre \u00e7antalar\u0131, fuar \u00e7antas\u0131 ve ipli b\u00fczg\u00fcl\u00fc \u00e7anta imalat\u0131 yapmaktay\u0131z.\",\"potentialAction\":[{\"@type\":\"SearchAction\",\"target\":{\"@type\":\"EntryPoint\",\"urlTemplate\":\"https:\/\/www.teknocanta.com\/?s={search_term_string}\"},\"query-input\":{\"@type\":\"PropertyValueSpecification\",\"valueRequired\":true,\"valueName\":\"search_term_string\"}}],\"inLanguage\":\"it-IT\"}]}<\/script>\n<!-- \/ Yoast SEO plugin. -->","yoast_head_json":{"title":"Kongre \u00c7antas\u0131 - Tekno \u00c7anta - Promosyon Toptan \u00c7anta \u0130malat\u0131","robots":{"index":"index","follow":"follow","max-snippet":"max-snippet:-1","max-image-preview":"max-image-preview:large","max-video-preview":"max-video-preview:-1"},"canonical":"https:\/\/www.teknocanta.com\/kongre-cantasi\/","og_locale":"it_IT","og_type":"article","og_title":"Kongre \u00c7antas\u0131 - Tekno \u00c7anta - Promosyon Toptan \u00c7anta \u0130malat\u0131","og_description":"Fiyatland\u0131rma 500 adet i\u00e7in yap\u0131lm\u0131\u015ft\u0131r. Daha d\u00fc\u015f\u00fck adetlerde de sipari\u015f verebilirsiniz. Daha d\u00fc\u015f\u00fck veya daha y\u00fcksek adetlerde fiyatlar de\u011fi\u015fecektir. Farkl\u0131 adetlerdeki fiyat talepleriniz i\u00e7in ileti\u015fim k\u0131sm\u0131ndaki mail adresimize mail atarak fiyat isteyebilirsiniz. %8 KDV ve bask\u0131 \u00fccreti fiyata d\u00e2hil de\u011fildir. 250 adet ve \u00fczeri sipari\u015flerinizde kuma\u015f rengi, astar rengi veya fermuar rengi de\u011fi\u015ftirebilir. \u00c7antan\u0131n d\u0131\u015f&hellip;","og_url":"https:\/\/www.teknocanta.com\/kongre-cantasi\/","og_site_name":"Tekno \u00c7anta - Promosyon Toptan \u00c7anta \u0130malat\u0131","article_modified_time":"2024-07-06T00:56:22+00:00","og_image":[{"width":791,"height":711,"url":"https:\/\/www.teknocanta.com\/wp-content\/uploads\/2021\/10\/kongre_cantasi_son_ana_resim_01.jpeg","type":"image\/jpeg"}],"twitter_card":"summary_large_image","twitter_misc":{"Tempo di lettura stimato":"2 minuti"},"schema":{"@context":"https:\/\/schema.org","@graph":[{"@type":"WebPage","@id":"https:\/\/www.teknocanta.com\/kongre-cantasi\/","url":"https:\/\/www.teknocanta.com\/kongre-cantasi\/","name":"Kongre \u00c7antas\u0131 - Tekno \u00c7anta - Promosyon Toptan \u00c7anta \u0130malat\u0131","isPartOf":{"@id":"https:\/\/www.teknocanta.com\/#website"},"primaryImageOfPage":{"@id":"https:\/\/www.teknocanta.com\/kongre-cantasi\/#primaryimage"},"image":{"@id":"https:\/\/www.teknocanta.com\/kongre-cantasi\/#primaryimage"},"thumbnailUrl":"https:\/\/www.teknocanta.com\/wp-content\/uploads\/2021\/10\/kongre_cantasi_son_ana_resim_01.jpeg","datePublished":"2021-10-14T12:50:29+00:00","dateModified":"2024-07-06T00:56:22+00:00","breadcrumb":{"@id":"https:\/\/www.teknocanta.com\/kongre-cantasi\/#breadcrumb"},"inLanguage":"it-IT","potentialAction":[{"@type":"ReadAction","target":["https:\/\/www.teknocanta.com\/kongre-cantasi\/"]}]},{"@type":"ImageObject","inLanguage":"it-IT","@id":"https:\/\/www.teknocanta.com\/kongre-cantasi\/#primaryimage","url":"https:\/\/www.teknocanta.com\/wp-content\/uploads\/2021\/10\/kongre_cantasi_son_ana_resim_01.jpeg","contentUrl":"https:\/\/www.teknocanta.com\/wp-content\/uploads\/2021\/10\/kongre_cantasi_son_ana_resim_01.jpeg","width":791,"height":711},{"@type":"BreadcrumbList","@id":"https:\/\/www.teknocanta.com\/kongre-cantasi\/#breadcrumb","itemListElement":[{"@type":"ListItem","position":1,"name":"Ana sayfa","item":"https:\/\/www.teknocanta.com\/it\/"},{"@type":"ListItem","position":2,"name":"\u00dcr\u00fcnler","item":"https:\/\/www.teknocanta.com\/urunler\/"},{"@type":"ListItem","position":3,"name":"Kongre \u00c7antas\u0131"}]},{"@type":"WebSite","@id":"https:\/\/www.teknocanta.com\/#website","url":"https:\/\/www.teknocanta.com\/","name":"Tekno \u00c7anta - Promosyon Toptan \u00c7anta \u0130malat\u0131","description":"Toptan \u00e7anta imalat\u0131, ham bez \u00e7anta, s\u0131rt \u00e7antalar\u0131, laptop ve evrak \u00e7antalar\u0131, kongre \u00e7antalar\u0131, fuar \u00e7antas\u0131 ve ipli b\u00fczg\u00fcl\u00fc \u00e7anta imalat\u0131 yapmaktay\u0131z.","potentialAction":[{"@type":"SearchAction","target":{"@type":"EntryPoint","urlTemplate":"https:\/\/www.teknocanta.com\/?s={search_term_string}"},"query-input":{"@type":"PropertyValueSpecification","valueRequired":true,"valueName":"search_term_string"}}],"inLanguage":"it-IT"}]}},"_links":{"self":[{"href":"https:\/\/www.teknocanta.com\/it\/wp-json\/wp\/v2\/product\/37208","targetHints":{"allow":["GET"]}}],"collection":[{"href":"https:\/\/www.teknocanta.com\/it\/wp-json\/wp\/v2\/product"}],"about":[{"href":"https:\/\/www.teknocanta.com\/it\/wp-json\/wp\/v2\/types\/product"}],"replies":[{"embeddable":true,"href":"https:\/\/www.teknocanta.com\/it\/wp-json\/wp\/v2\/comments?post=37208"}],"wp:featuredmedia":[{"embeddable":true,"href":"https:\/\/www.teknocanta.com\/it\/wp-json\/wp\/v2\/media\/37317"}],"wp:attachment":[{"href":"https:\/\/www.teknocanta.com\/it\/wp-json\/wp\/v2\/media?parent=37208"}],"wp:term":[{"taxonomy":"product_brand","embeddable":true,"href":"https:\/\/www.teknocanta.com\/it\/wp-json\/wp\/v2\/product_brand?post=37208"},{"taxonomy":"product_cat","embeddable":true,"href":"https:\/\/www.teknocanta.com\/it\/wp-json\/wp\/v2\/product_cat?post=37208"},{"taxonomy":"product_tag","embeddable":true,"href":"https:\/\/www.teknocanta.com\/it\/wp-json\/wp\/v2\/product_tag?post=37208"}],"curies":[{"name":"wp","href":"https:\/\/api.w.org\/{rel}","templated":true}]}}