{"id":37201,"date":"2021-10-14T15:50:28","date_gmt":"2021-10-14T12:50:28","guid":{"rendered":"https:\/\/www.teknocanta.com\/?post_type=product&#038;p=37201"},"modified":"2024-08-18T19:38:47","modified_gmt":"2024-08-18T16:38:47","slug":"ozel-baskili-cepli-bez-canta","status":"publish","type":"product","link":"https:\/\/www.teknocanta.com\/it\/urun\/ozel-baskili-cepli-bez-canta\/","title":{"rendered":"\u00d6zel Bask\u0131l\u0131 Cepli Bez \u00c7anta"},"content":{"rendered":"<div>32&#215;45 cm ebat<\/div>\n<div>Renkli ham bez pamuk kuma\u015f<\/div>\n<div>2 taraf komple bask\u0131 imk\u00e2n\u0131<\/div>\n<div>\u0130malat s\u00fcresi 7 g\u00fcn<\/div>\n<div>Metal halka, ku\u015f g\u00f6z\u00fc<\/div>\n<div>Farkl\u0131 renk ve farkl\u0131 kuma\u015f t\u00fcr\u00fc se\u00e7enekleri<\/div>\n<div>Yerli kuma\u015f, yerli imalat<\/div>\n<div><\/div>\n<div>Stoklu \u00fcr\u00fcn de\u011fildir, sipari\u015f \u00fczerine \u00fcretilmektedir. En az sipari\u015f miktar\u0131 250 adettir.<\/div>\n<div><\/div>\n<div>Full ofset veya emprime bask\u0131l\u0131 ve cepli \u0130pli \u00e7anta sipari\u015f vermeyi ve fiyat teklifi almak istiyorsan\u0131z, sipari\u015f miktar\u0131n\u0131, bask\u0131 g\u00f6rseli ve \u00e7anta ebad\u0131n\u0131 l\u00fctfen mail at\u0131n\u0131z. Bask\u0131daki renk say\u0131s\u0131, bask\u0131 tekni\u011fi ve sipari\u015f adedi fiyat\u0131 etkileyecektir. En k\u0131sa zamanda taraf\u0131n\u0131za d\u00f6n\u00fc\u015f sa\u011flanacakt\u0131r.<\/div>\n<div><\/div>\n<div>Fiyatlar\u0131ndan dolay\u0131 \u0130pli ve cepli bez \u00e7antalarda en \u00e7ok tercih edilen kuma\u015f kal\u0131nl\u0131klar\u0131 46 tel\/140 gr\/m2 a\u011f\u0131rl\u0131\u011f\u0131ndad\u0131r. Daha kal\u0131n kuma\u015flar ile de ipli bez torba ve ipli bo\u011fmal\u0131 s\u0131rt \u00e7antas\u0131 modelleri \u00fcretilebilmektedir. B\u00fczg\u00fcl\u00fc bez \u00e7antalar\u0131 bask\u0131s\u0131z olarak ta sipari\u015f verebilirsiniz. Farkl\u0131 renklerde bez kuma\u015flar tercih edilebilir.<\/div>\n<div><\/div>\n<div>Ofset bask\u0131l\u0131 b\u00fczg\u00fcl\u00fc bez \u00e7antalar\u0131n ortalama imalat s\u00fcreleri bir haftad\u0131r.&nbsp;<\/div>\n<div><\/div>\n<div>Promosyon \u0130pli bez \u00e7anta imalat\u0131 %100 pamuk kuma\u015ftan yap\u0131lmaktad\u0131r. Pamuk bez kuma\u015flar geri d\u00f6n\u00fc\u015ft\u00fcr\u00fclebilir ve do\u011fa dostu olduklar\u0131ndan dolay\u0131 en bez \u00e7anta imalat\u0131nda \u00e7ok tercih edilen kuma\u015f t\u00fcr\u00fcd\u00fcr. Bez \u00e7anta kuma\u015flar\u0131 kendi do\u011fal ham renklerindedir. \u0130ste\u011fe ba\u011fl\u0131 olarak Ham renkteki bez kuma\u015flar istenilen pantone rengine boyand\u0131ktan sonra bask\u0131 yap\u0131labilir. Bez kuma\u015f boyama i\u015flemi \u00e7anta fiyat\u0131n\u0131 etkileyece\u011fi i\u00e7in \u00e7ok fazla tercih edilmemektedir.&nbsp;<\/div>\n<div><\/div>\n<div>Renkli bask\u0131l\u0131 bez \u00e7antalar elde veya makinede y\u0131kanabilir. Y\u0131kama i\u015flemi bask\u0131n\u0131n \u00e7\u0131kmas\u0131na sebep olmaz. Her y\u0131kamada bir miktar solma olabilir.&nbsp;<\/div>\n<div><\/div>\n<div>\u0130pli b\u00fczg\u00fcl\u00fc renkli bez torbalar ve ipli bez s\u0131rt \u00e7antalar\u0131 Promosyon ama\u00e7l\u0131 Fuar ve Sempozyum gibi Her T\u00fcrl\u00fc etkinliklerinizde kullanabilece\u011finiz, m\u00fc\u015fterilerinize hediye edebilece\u011finiz, kullan\u0131\u015fl\u0131 bir \u00e7anta t\u00fcr\u00fcd\u00fcr.<\/div>\n<div><\/div>\n<div>Avrupa \u00c7anta \u0130malat yeri \u0130stanbul\u2019dur ve %100 yerli imalat bir \u00fcr\u00fcnd\u00fcr. \u0130malathanemiz K\u00fc\u00e7\u00fck\u00e7ekmece il\u00e7esinde, sat\u0131\u015f ofisimiz ve showroom ise Ba\u011fc\u0131lar il\u00e7esi isto\u00e7 toptanc\u0131lar sitesindedir.<\/div>\n<div><\/div>\n<div>\u00dcr\u00fcnlerimiz isto\u00e7 adresimizden anla\u015fmal\u0131 oldu\u011fumuz kargo veya ambar \u015firketleri ile ekonomik fiyatlara T\u00fcm T\u00fcrkiye\u2019ye sevk edilebilmektedir.<\/div>\n","protected":false},"excerpt":{"rendered":"<p>32&#215;45 cm ebat Renkli ham bez pamuk kuma\u015f 2 taraf komple bask\u0131 imk\u00e2n\u0131 \u0130malat s\u00fcresi 7 g\u00fcn Metal halka, ku\u015f g\u00f6z\u00fc Farkl\u0131 renk ve farkl\u0131 kuma\u015f t\u00fcr\u00fc se\u00e7enekleri Yerli kuma\u015f, yerli imalat Stoklu \u00fcr\u00fcn de\u011fildir, sipari\u015f \u00fczerine \u00fcretilmektedir. En az sipari\u015f miktar\u0131 250 adettir. Full ofset veya emprime bask\u0131l\u0131 ve cepli \u0130pli \u00e7anta sipari\u015f vermeyi&hellip;<\/p>\n","protected":false},"featured_media":37273,"comment_status":"open","ping_status":"closed","template":"","meta":[],"product_brand":[],"product_cat":[763,223],"product_tag":[873,874],"class_list":{"0":"post-37201","1":"product","2":"type-product","3":"status-publish","4":"has-post-thumbnail","6":"product_cat-ipli-buzgulu-canta-2","7":"product_cat-hambez-canta","8":"product_tag-bez-canta-toptancilari","9":"product_tag-bez-canta-ureticileri","10":"description-off","12":"first","13":"instock","14":"shipping-taxable","15":"purchasable","16":"product-type-simple"},"yoast_head":"<!-- This site is optimized with the Yoast SEO plugin v26.6 - https:\/\/yoast.com\/wordpress\/plugins\/seo\/ -->\n<title>\u00d6zel Bask\u0131l\u0131 Cepli Bez \u00c7anta - Tekno \u00c7anta - Promosyon Toptan \u00c7anta \u0130malat\u0131<\/title>\n<meta name=\"robots\" content=\"index, follow, max-snippet:-1, max-image-preview:large, max-video-preview:-1\" \/>\n<link rel=\"canonical\" href=\"https:\/\/www.teknocanta.com\/ozel-baskili-cepli-bez-canta\/\" \/>\n<meta property=\"og:locale\" content=\"it_IT\" \/>\n<meta property=\"og:type\" content=\"article\" \/>\n<meta property=\"og:title\" content=\"\u00d6zel Bask\u0131l\u0131 Cepli Bez \u00c7anta - Tekno \u00c7anta - Promosyon Toptan \u00c7anta \u0130malat\u0131\" \/>\n<meta property=\"og:description\" content=\"32&#215;45 cm ebat Renkli ham bez pamuk kuma\u015f 2 taraf komple bask\u0131 imk\u00e2n\u0131 \u0130malat s\u00fcresi 7 g\u00fcn Metal halka, ku\u015f g\u00f6z\u00fc Farkl\u0131 renk ve farkl\u0131 kuma\u015f t\u00fcr\u00fc se\u00e7enekleri Yerli kuma\u015f, yerli imalat Stoklu \u00fcr\u00fcn de\u011fildir, sipari\u015f \u00fczerine \u00fcretilmektedir. En az sipari\u015f miktar\u0131 250 adettir. Full ofset veya emprime bask\u0131l\u0131 ve cepli \u0130pli \u00e7anta sipari\u015f vermeyi&hellip;\" \/>\n<meta property=\"og:url\" content=\"https:\/\/www.teknocanta.com\/ozel-baskili-cepli-bez-canta\/\" \/>\n<meta property=\"og:site_name\" content=\"Tekno \u00c7anta - Promosyon Toptan \u00c7anta \u0130malat\u0131\" \/>\n<meta property=\"article:modified_time\" content=\"2024-08-18T16:38:47+00:00\" \/>\n<meta property=\"og:image\" content=\"https:\/\/www.teknocanta.com\/wp-content\/uploads\/2021\/10\/hambez033_basklceplibezanta.jpg\" \/>\n\t<meta property=\"og:image:width\" content=\"600\" \/>\n\t<meta property=\"og:image:height\" content=\"600\" \/>\n\t<meta property=\"og:image:type\" content=\"image\/jpeg\" \/>\n<meta name=\"twitter:card\" content=\"summary_large_image\" \/>\n<meta name=\"twitter:label1\" content=\"Tempo di lettura stimato\" \/>\n\t<meta name=\"twitter:data1\" content=\"2 minuti\" \/>\n<script type=\"application\/ld+json\" class=\"yoast-schema-graph\">{\"@context\":\"https:\/\/schema.org\",\"@graph\":[{\"@type\":\"WebPage\",\"@id\":\"https:\/\/www.teknocanta.com\/ozel-baskili-cepli-bez-canta\/\",\"url\":\"https:\/\/www.teknocanta.com\/ozel-baskili-cepli-bez-canta\/\",\"name\":\"\u00d6zel Bask\u0131l\u0131 Cepli Bez \u00c7anta - Tekno \u00c7anta - Promosyon Toptan \u00c7anta \u0130malat\u0131\",\"isPartOf\":{\"@id\":\"https:\/\/www.teknocanta.com\/#website\"},\"primaryImageOfPage\":{\"@id\":\"https:\/\/www.teknocanta.com\/ozel-baskili-cepli-bez-canta\/#primaryimage\"},\"image\":{\"@id\":\"https:\/\/www.teknocanta.com\/ozel-baskili-cepli-bez-canta\/#primaryimage\"},\"thumbnailUrl\":\"https:\/\/www.teknocanta.com\/wp-content\/uploads\/2021\/10\/hambez033_basklceplibezanta.jpg\",\"datePublished\":\"2021-10-14T12:50:28+00:00\",\"dateModified\":\"2024-08-18T16:38:47+00:00\",\"breadcrumb\":{\"@id\":\"https:\/\/www.teknocanta.com\/ozel-baskili-cepli-bez-canta\/#breadcrumb\"},\"inLanguage\":\"it-IT\",\"potentialAction\":[{\"@type\":\"ReadAction\",\"target\":[\"https:\/\/www.teknocanta.com\/ozel-baskili-cepli-bez-canta\/\"]}]},{\"@type\":\"ImageObject\",\"inLanguage\":\"it-IT\",\"@id\":\"https:\/\/www.teknocanta.com\/ozel-baskili-cepli-bez-canta\/#primaryimage\",\"url\":\"https:\/\/www.teknocanta.com\/wp-content\/uploads\/2021\/10\/hambez033_basklceplibezanta.jpg\",\"contentUrl\":\"https:\/\/www.teknocanta.com\/wp-content\/uploads\/2021\/10\/hambez033_basklceplibezanta.jpg\",\"width\":600,\"height\":600},{\"@type\":\"BreadcrumbList\",\"@id\":\"https:\/\/www.teknocanta.com\/ozel-baskili-cepli-bez-canta\/#breadcrumb\",\"itemListElement\":[{\"@type\":\"ListItem\",\"position\":1,\"name\":\"Ana sayfa\",\"item\":\"https:\/\/www.teknocanta.com\/it\/\"},{\"@type\":\"ListItem\",\"position\":2,\"name\":\"\u00dcr\u00fcnler\",\"item\":\"https:\/\/www.teknocanta.com\/urunler\/\"},{\"@type\":\"ListItem\",\"position\":3,\"name\":\"\u00d6zel Bask\u0131l\u0131 Cepli Bez \u00c7anta\"}]},{\"@type\":\"WebSite\",\"@id\":\"https:\/\/www.teknocanta.com\/#website\",\"url\":\"https:\/\/www.teknocanta.com\/\",\"name\":\"Tekno \u00c7anta - Promosyon Toptan \u00c7anta \u0130malat\u0131\",\"description\":\"Toptan \u00e7anta imalat\u0131, ham bez \u00e7anta, s\u0131rt \u00e7antalar\u0131, laptop ve evrak \u00e7antalar\u0131, kongre \u00e7antalar\u0131, fuar \u00e7antas\u0131 ve ipli b\u00fczg\u00fcl\u00fc \u00e7anta imalat\u0131 yapmaktay\u0131z.\",\"potentialAction\":[{\"@type\":\"SearchAction\",\"target\":{\"@type\":\"EntryPoint\",\"urlTemplate\":\"https:\/\/www.teknocanta.com\/?s={search_term_string}\"},\"query-input\":{\"@type\":\"PropertyValueSpecification\",\"valueRequired\":true,\"valueName\":\"search_term_string\"}}],\"inLanguage\":\"it-IT\"}]}<\/script>\n<!-- \/ Yoast SEO plugin. -->","yoast_head_json":{"title":"\u00d6zel Bask\u0131l\u0131 Cepli Bez \u00c7anta - Tekno \u00c7anta - Promosyon Toptan \u00c7anta \u0130malat\u0131","robots":{"index":"index","follow":"follow","max-snippet":"max-snippet:-1","max-image-preview":"max-image-preview:large","max-video-preview":"max-video-preview:-1"},"canonical":"https:\/\/www.teknocanta.com\/ozel-baskili-cepli-bez-canta\/","og_locale":"it_IT","og_type":"article","og_title":"\u00d6zel Bask\u0131l\u0131 Cepli Bez \u00c7anta - Tekno \u00c7anta - Promosyon Toptan \u00c7anta \u0130malat\u0131","og_description":"32&#215;45 cm ebat Renkli ham bez pamuk kuma\u015f 2 taraf komple bask\u0131 imk\u00e2n\u0131 \u0130malat s\u00fcresi 7 g\u00fcn Metal halka, ku\u015f g\u00f6z\u00fc Farkl\u0131 renk ve farkl\u0131 kuma\u015f t\u00fcr\u00fc se\u00e7enekleri Yerli kuma\u015f, yerli imalat Stoklu \u00fcr\u00fcn de\u011fildir, sipari\u015f \u00fczerine \u00fcretilmektedir. En az sipari\u015f miktar\u0131 250 adettir. Full ofset veya emprime bask\u0131l\u0131 ve cepli \u0130pli \u00e7anta sipari\u015f vermeyi&hellip;","og_url":"https:\/\/www.teknocanta.com\/ozel-baskili-cepli-bez-canta\/","og_site_name":"Tekno \u00c7anta - Promosyon Toptan \u00c7anta \u0130malat\u0131","article_modified_time":"2024-08-18T16:38:47+00:00","og_image":[{"width":600,"height":600,"url":"https:\/\/www.teknocanta.com\/wp-content\/uploads\/2021\/10\/hambez033_basklceplibezanta.jpg","type":"image\/jpeg"}],"twitter_card":"summary_large_image","twitter_misc":{"Tempo di lettura stimato":"2 minuti"},"schema":{"@context":"https:\/\/schema.org","@graph":[{"@type":"WebPage","@id":"https:\/\/www.teknocanta.com\/ozel-baskili-cepli-bez-canta\/","url":"https:\/\/www.teknocanta.com\/ozel-baskili-cepli-bez-canta\/","name":"\u00d6zel Bask\u0131l\u0131 Cepli Bez \u00c7anta - Tekno \u00c7anta - Promosyon Toptan \u00c7anta \u0130malat\u0131","isPartOf":{"@id":"https:\/\/www.teknocanta.com\/#website"},"primaryImageOfPage":{"@id":"https:\/\/www.teknocanta.com\/ozel-baskili-cepli-bez-canta\/#primaryimage"},"image":{"@id":"https:\/\/www.teknocanta.com\/ozel-baskili-cepli-bez-canta\/#primaryimage"},"thumbnailUrl":"https:\/\/www.teknocanta.com\/wp-content\/uploads\/2021\/10\/hambez033_basklceplibezanta.jpg","datePublished":"2021-10-14T12:50:28+00:00","dateModified":"2024-08-18T16:38:47+00:00","breadcrumb":{"@id":"https:\/\/www.teknocanta.com\/ozel-baskili-cepli-bez-canta\/#breadcrumb"},"inLanguage":"it-IT","potentialAction":[{"@type":"ReadAction","target":["https:\/\/www.teknocanta.com\/ozel-baskili-cepli-bez-canta\/"]}]},{"@type":"ImageObject","inLanguage":"it-IT","@id":"https:\/\/www.teknocanta.com\/ozel-baskili-cepli-bez-canta\/#primaryimage","url":"https:\/\/www.teknocanta.com\/wp-content\/uploads\/2021\/10\/hambez033_basklceplibezanta.jpg","contentUrl":"https:\/\/www.teknocanta.com\/wp-content\/uploads\/2021\/10\/hambez033_basklceplibezanta.jpg","width":600,"height":600},{"@type":"BreadcrumbList","@id":"https:\/\/www.teknocanta.com\/ozel-baskili-cepli-bez-canta\/#breadcrumb","itemListElement":[{"@type":"ListItem","position":1,"name":"Ana sayfa","item":"https:\/\/www.teknocanta.com\/it\/"},{"@type":"ListItem","position":2,"name":"\u00dcr\u00fcnler","item":"https:\/\/www.teknocanta.com\/urunler\/"},{"@type":"ListItem","position":3,"name":"\u00d6zel Bask\u0131l\u0131 Cepli Bez \u00c7anta"}]},{"@type":"WebSite","@id":"https:\/\/www.teknocanta.com\/#website","url":"https:\/\/www.teknocanta.com\/","name":"Tekno \u00c7anta - Promosyon Toptan \u00c7anta \u0130malat\u0131","description":"Toptan \u00e7anta imalat\u0131, ham bez \u00e7anta, s\u0131rt \u00e7antalar\u0131, laptop ve evrak \u00e7antalar\u0131, kongre \u00e7antalar\u0131, fuar \u00e7antas\u0131 ve ipli b\u00fczg\u00fcl\u00fc \u00e7anta imalat\u0131 yapmaktay\u0131z.","potentialAction":[{"@type":"SearchAction","target":{"@type":"EntryPoint","urlTemplate":"https:\/\/www.teknocanta.com\/?s={search_term_string}"},"query-input":{"@type":"PropertyValueSpecification","valueRequired":true,"valueName":"search_term_string"}}],"inLanguage":"it-IT"}]}},"_links":{"self":[{"href":"https:\/\/www.teknocanta.com\/it\/wp-json\/wp\/v2\/product\/37201","targetHints":{"allow":["GET"]}}],"collection":[{"href":"https:\/\/www.teknocanta.com\/it\/wp-json\/wp\/v2\/product"}],"about":[{"href":"https:\/\/www.teknocanta.com\/it\/wp-json\/wp\/v2\/types\/product"}],"replies":[{"embeddable":true,"href":"https:\/\/www.teknocanta.com\/it\/wp-json\/wp\/v2\/comments?post=37201"}],"wp:featuredmedia":[{"embeddable":true,"href":"https:\/\/www.teknocanta.com\/it\/wp-json\/wp\/v2\/media\/37273"}],"wp:attachment":[{"href":"https:\/\/www.teknocanta.com\/it\/wp-json\/wp\/v2\/media?parent=37201"}],"wp:term":[{"taxonomy":"product_brand","embeddable":true,"href":"https:\/\/www.teknocanta.com\/it\/wp-json\/wp\/v2\/product_brand?post=37201"},{"taxonomy":"product_cat","embeddable":true,"href":"https:\/\/www.teknocanta.com\/it\/wp-json\/wp\/v2\/product_cat?post=37201"},{"taxonomy":"product_tag","embeddable":true,"href":"https:\/\/www.teknocanta.com\/it\/wp-json\/wp\/v2\/product_tag?post=37201"}],"curies":[{"name":"wp","href":"https:\/\/api.w.org\/{rel}","templated":true}]}}