{"id":37145,"date":"2021-10-14T15:50:02","date_gmt":"2021-10-14T12:50:02","guid":{"rendered":"https:\/\/www.teknocanta.com\/?post_type=product&#038;p=37145"},"modified":"2025-07-17T03:32:18","modified_gmt":"2025-07-17T00:32:18","slug":"gabardin-plaj-cantasi","status":"publish","type":"product","link":"https:\/\/www.teknocanta.com\/it\/urun\/gabardin-plaj-cantasi\/","title":{"rendered":"Gabardin Plaj \u00c7antas\u0131"},"content":{"rendered":"<div><font face=\"Calibri, sans-serif\"><span style=\"font-size: 13.3333px;\">Gabardin Plaj \u00c7antas\u0131<\/span><\/font><\/div>\n<div><font face=\"Calibri, sans-serif\"><span style=\"font-size: 13.3333px;\"><br \/><\/span><\/font><\/div>\n<div><font face=\"Calibri, sans-serif\"><span style=\"font-size: 13.3333px;\">En: 45 cm<\/span><\/font><\/div>\n<div><font face=\"Calibri, sans-serif\"><span style=\"font-size: 13.3333px;\">Y\u00fckseklik: 45 cm&nbsp;<\/span><\/font><\/div>\n<div><font face=\"Calibri, sans-serif\"><span style=\"font-size: 13.3333px;\">K\u00f6r\u00fck: 15 cm<\/span><\/font><\/div>\n<div><font face=\"Calibri, sans-serif\"><span style=\"font-size: 13.3333px;\">300 gr gabardin bez kuma\u015f<\/span><\/font><\/div>\n<div><font face=\"Calibri, sans-serif\"><span style=\"font-size: 13.3333px;\">Uzun veya k\u0131sa sapl\u0131 model<\/span><\/font><\/div>\n<div><font face=\"Calibri, sans-serif\"><span style=\"font-size: 13.3333px;\">\u0130malat s\u00fcresi 7 g\u00fcn<\/span><\/font><\/div>\n<div><font face=\"Calibri, sans-serif\"><span style=\"font-size: 13.3333px;\"><br \/><\/span><\/font><\/div>\n<div><font face=\"Calibri, sans-serif\"><span style=\"font-size: 13.3333px;\">Farkl\u0131 adet ve ebatlardaki fiyat istekleriniz i\u00e7in ileti\u015fim k\u0131sm\u0131ndaki mail adresimize mail atarak fiyat isteyebilirsiniz.<\/span><\/font><\/div>\n<div><font face=\"Calibri, sans-serif\"><span style=\"font-size: 13.3333px;\"><br \/><\/span><\/font><\/div>\n<div><font face=\"Calibri, sans-serif\"><span style=\"font-size: 13.3333px;\">Gabardin bez kuma\u015f plaj \u00e7antas\u0131 sipari\u015f vermeyi d\u00fc\u015f\u00fcn\u00fcyorsan\u0131z veya fiyat bilgisi almak istiyorsan\u0131z, sipari\u015f adedinizi, \u00e7anta \u00fczerine bas\u0131lacak g\u00f6rseli ve ebat bilgisi ile birlikte ileti\u015fim k\u0131sm\u0131nda bulunan e-mail adresimize l\u00fctfen e-mail at\u0131n\u0131z.<\/span><\/font><\/div>\n<div><font face=\"Calibri, sans-serif\"><span style=\"font-size: 13.3333px;\"><br \/><\/span><\/font><\/div>\n<div><font face=\"Calibri, sans-serif\"><span style=\"font-size: 13.3333px;\">Gabardin Plaj \u00e7antalar\u0131n ortalama imalat s\u00fcreleri ortalama 10 i\u015f g\u00fcn\u00fcd\u00fcr.&nbsp;<\/span><\/font><\/div>\n<div><font face=\"Calibri, sans-serif\"><span style=\"font-size: 13.3333px;\"><br \/><\/span><\/font><\/div>\n<div><font face=\"Calibri, sans-serif\"><span style=\"font-size: 13.3333px;\">Gabardin Bez \u00e7antalar %100 pamuktan \u00fcretilmi\u015ftir, Geri d\u00f6n\u00fc\u015f\u00fcml\u00fc ve \u00e7evreci bir \u00fcr\u00fcn oldu\u011fundan dolay\u0131 en \u00e7ok tercih edilen \u00e7anta t\u00fcrlerindendir. Gabardin \u00e7antalar kendi do\u011fal ham renklerindedir. M\u00fc\u015fteri tercihine g\u00f6re Ham renkteki kuma\u015flar boyanarak istenilen renge \u00e7evrilebilir. Bu durum fiyat\u0131 fazlaca art\u0131rd\u0131\u011f\u0131ndan dolay\u0131 \u00e7ok tercih edilen bir durum de\u011fildir. Gabardin \u00e7antalar\u0131 elde veya \u00e7ama\u015f\u0131r makinesinde y\u0131kaman\u0131zda mahsur yoktur, \u00fcr\u00fcn\u00fcn y\u0131kanmas\u0131 \u00fczerindeki bask\u0131n\u0131n \u00e7\u0131kmas\u0131na sebep olmaz.<\/span><\/font><\/div>\n<div><font face=\"Calibri, sans-serif\"><span style=\"font-size: 13.3333px;\"><br \/><\/span><\/font><\/div>\n<div><font face=\"Calibri, sans-serif\"><span style=\"font-size: 13.3333px;\">Gabardin Plaj \u00e7antalar\u0131 Promosyon ama\u00e7l\u0131 Fuar ve Sempozyum gibi Her T\u00fcrl\u00fc etkinliklerinizde kullanabilece\u011finiz, m\u00fc\u015fterilerinize hediye edebilece\u011finiz, kullan\u0131\u015fl\u0131 bir Promosyon \u00fcr\u00fcn\u00fcd\u00fcr.<\/span><\/font><\/div>\n<div><font face=\"Calibri, sans-serif\"><span style=\"font-size: 13.3333px;\"><br \/><\/span><\/font><\/div>\n<div><font face=\"Calibri, sans-serif\"><span style=\"font-size: 13.3333px;\">\u015eirketinizin konumuna g\u00f6re \u00fcr\u00fcnleri teslim edebiliriz veya anla\u015fmal\u0131 oldu\u011fumuz kargo \u015firketi ile t\u00fcm T\u00fcrkiye&#8217;ye ula\u015ft\u0131rmaktay\u0131z.<\/span><\/font><span style=\"font-size: 18px;\">\ufeff<\/span><\/div>\n","protected":false},"excerpt":{"rendered":"<p>Gabardin Plaj \u00c7antas\u0131 En: 45 cm Y\u00fckseklik: 45 cm&nbsp; K\u00f6r\u00fck: 15 cm 300 gr gabardin bez kuma\u015f Uzun veya k\u0131sa sapl\u0131 model \u0130malat s\u00fcresi 7 g\u00fcn Farkl\u0131 adet ve ebatlardaki fiyat istekleriniz i\u00e7in ileti\u015fim k\u0131sm\u0131ndaki mail adresimize mail atarak fiyat isteyebilirsiniz. Gabardin bez kuma\u015f plaj \u00e7antas\u0131 sipari\u015f vermeyi d\u00fc\u015f\u00fcn\u00fcyorsan\u0131z veya fiyat bilgisi almak istiyorsan\u0131z, sipari\u015f&hellip;<\/p>\n","protected":false},"featured_media":37188,"comment_status":"open","ping_status":"closed","template":"","meta":[],"product_brand":[],"product_cat":[223,226],"product_tag":[764,769,784,765,428,785,783],"class_list":{"0":"post-37145","1":"product","2":"type-product","3":"status-publish","4":"has-post-thumbnail","6":"product_cat-hambez-canta","7":"product_cat-plaj-cantasi","8":"product_tag-gabardin-bez-canta","9":"product_tag-gabardin-canta","10":"product_tag-gabardin-plaj-cantasi","11":"product_tag-kanvas-canta","12":"product_tag-plaj-cantasi","13":"product_tag-plaj-cantasi-imalatcilari","14":"product_tag-toptan-gabardin-canta","15":"description-off","17":"first","18":"instock","19":"shipping-taxable","20":"purchasable","21":"product-type-simple"},"yoast_head":"<!-- This site is optimized with the Yoast SEO plugin v26.6 - https:\/\/yoast.com\/wordpress\/plugins\/seo\/ -->\n<title>Gabardin Plaj \u00c7antas\u0131 - Tekno \u00c7anta - Promosyon Toptan \u00c7anta \u0130malat\u0131<\/title>\n<meta name=\"robots\" content=\"index, follow, max-snippet:-1, max-image-preview:large, max-video-preview:-1\" \/>\n<link rel=\"canonical\" href=\"https:\/\/www.teknocanta.com\/gabardin-plaj-cantasi\/\" \/>\n<meta property=\"og:locale\" content=\"it_IT\" \/>\n<meta property=\"og:type\" content=\"article\" \/>\n<meta property=\"og:title\" content=\"Gabardin Plaj \u00c7antas\u0131 - Tekno \u00c7anta - Promosyon Toptan \u00c7anta \u0130malat\u0131\" \/>\n<meta property=\"og:description\" content=\"Gabardin Plaj \u00c7antas\u0131 En: 45 cm Y\u00fckseklik: 45 cm&nbsp; K\u00f6r\u00fck: 15 cm 300 gr gabardin bez kuma\u015f Uzun veya k\u0131sa sapl\u0131 model \u0130malat s\u00fcresi 7 g\u00fcn Farkl\u0131 adet ve ebatlardaki fiyat istekleriniz i\u00e7in ileti\u015fim k\u0131sm\u0131ndaki mail adresimize mail atarak fiyat isteyebilirsiniz. Gabardin bez kuma\u015f plaj \u00e7antas\u0131 sipari\u015f vermeyi d\u00fc\u015f\u00fcn\u00fcyorsan\u0131z veya fiyat bilgisi almak istiyorsan\u0131z, sipari\u015f&hellip;\" \/>\n<meta property=\"og:url\" content=\"https:\/\/www.teknocanta.com\/gabardin-plaj-cantasi\/\" \/>\n<meta property=\"og:site_name\" content=\"Tekno \u00c7anta - Promosyon Toptan \u00c7anta \u0130malat\u0131\" \/>\n<meta property=\"article:modified_time\" content=\"2025-07-17T00:32:18+00:00\" \/>\n<meta property=\"og:image\" content=\"https:\/\/www.teknocanta.com\/wp-content\/uploads\/2021\/10\/gabardin_plaj_cantasi_1.jpeg\" \/>\n\t<meta property=\"og:image:width\" content=\"600\" \/>\n\t<meta property=\"og:image:height\" content=\"600\" \/>\n\t<meta property=\"og:image:type\" content=\"image\/jpeg\" \/>\n<meta name=\"twitter:card\" content=\"summary_large_image\" \/>\n<meta name=\"twitter:label1\" content=\"Tempo di lettura stimato\" \/>\n\t<meta name=\"twitter:data1\" content=\"1 minuto\" \/>\n<script type=\"application\/ld+json\" class=\"yoast-schema-graph\">{\"@context\":\"https:\/\/schema.org\",\"@graph\":[{\"@type\":\"WebPage\",\"@id\":\"https:\/\/www.teknocanta.com\/gabardin-plaj-cantasi\/\",\"url\":\"https:\/\/www.teknocanta.com\/gabardin-plaj-cantasi\/\",\"name\":\"Gabardin Plaj \u00c7antas\u0131 - Tekno \u00c7anta - Promosyon Toptan \u00c7anta \u0130malat\u0131\",\"isPartOf\":{\"@id\":\"https:\/\/www.teknocanta.com\/#website\"},\"primaryImageOfPage\":{\"@id\":\"https:\/\/www.teknocanta.com\/gabardin-plaj-cantasi\/#primaryimage\"},\"image\":{\"@id\":\"https:\/\/www.teknocanta.com\/gabardin-plaj-cantasi\/#primaryimage\"},\"thumbnailUrl\":\"https:\/\/www.teknocanta.com\/wp-content\/uploads\/2021\/10\/gabardin_plaj_cantasi_1.jpeg\",\"datePublished\":\"2021-10-14T12:50:02+00:00\",\"dateModified\":\"2025-07-17T00:32:18+00:00\",\"breadcrumb\":{\"@id\":\"https:\/\/www.teknocanta.com\/gabardin-plaj-cantasi\/#breadcrumb\"},\"inLanguage\":\"it-IT\",\"potentialAction\":[{\"@type\":\"ReadAction\",\"target\":[\"https:\/\/www.teknocanta.com\/gabardin-plaj-cantasi\/\"]}]},{\"@type\":\"ImageObject\",\"inLanguage\":\"it-IT\",\"@id\":\"https:\/\/www.teknocanta.com\/gabardin-plaj-cantasi\/#primaryimage\",\"url\":\"https:\/\/www.teknocanta.com\/wp-content\/uploads\/2021\/10\/gabardin_plaj_cantasi_1.jpeg\",\"contentUrl\":\"https:\/\/www.teknocanta.com\/wp-content\/uploads\/2021\/10\/gabardin_plaj_cantasi_1.jpeg\",\"width\":600,\"height\":600},{\"@type\":\"BreadcrumbList\",\"@id\":\"https:\/\/www.teknocanta.com\/gabardin-plaj-cantasi\/#breadcrumb\",\"itemListElement\":[{\"@type\":\"ListItem\",\"position\":1,\"name\":\"Ana sayfa\",\"item\":\"https:\/\/www.teknocanta.com\/it\/\"},{\"@type\":\"ListItem\",\"position\":2,\"name\":\"\u00dcr\u00fcnler\",\"item\":\"https:\/\/www.teknocanta.com\/urunler\/\"},{\"@type\":\"ListItem\",\"position\":3,\"name\":\"Gabardin Plaj \u00c7antas\u0131\"}]},{\"@type\":\"WebSite\",\"@id\":\"https:\/\/www.teknocanta.com\/#website\",\"url\":\"https:\/\/www.teknocanta.com\/\",\"name\":\"Tekno \u00c7anta - Promosyon Toptan \u00c7anta \u0130malat\u0131\",\"description\":\"Toptan \u00e7anta imalat\u0131, ham bez \u00e7anta, s\u0131rt \u00e7antalar\u0131, laptop ve evrak \u00e7antalar\u0131, kongre \u00e7antalar\u0131, fuar \u00e7antas\u0131 ve ipli b\u00fczg\u00fcl\u00fc \u00e7anta imalat\u0131 yapmaktay\u0131z.\",\"potentialAction\":[{\"@type\":\"SearchAction\",\"target\":{\"@type\":\"EntryPoint\",\"urlTemplate\":\"https:\/\/www.teknocanta.com\/?s={search_term_string}\"},\"query-input\":{\"@type\":\"PropertyValueSpecification\",\"valueRequired\":true,\"valueName\":\"search_term_string\"}}],\"inLanguage\":\"it-IT\"}]}<\/script>\n<!-- \/ Yoast SEO plugin. -->","yoast_head_json":{"title":"Gabardin Plaj \u00c7antas\u0131 - Tekno \u00c7anta - Promosyon Toptan \u00c7anta \u0130malat\u0131","robots":{"index":"index","follow":"follow","max-snippet":"max-snippet:-1","max-image-preview":"max-image-preview:large","max-video-preview":"max-video-preview:-1"},"canonical":"https:\/\/www.teknocanta.com\/gabardin-plaj-cantasi\/","og_locale":"it_IT","og_type":"article","og_title":"Gabardin Plaj \u00c7antas\u0131 - Tekno \u00c7anta - Promosyon Toptan \u00c7anta \u0130malat\u0131","og_description":"Gabardin Plaj \u00c7antas\u0131 En: 45 cm Y\u00fckseklik: 45 cm&nbsp; K\u00f6r\u00fck: 15 cm 300 gr gabardin bez kuma\u015f Uzun veya k\u0131sa sapl\u0131 model \u0130malat s\u00fcresi 7 g\u00fcn Farkl\u0131 adet ve ebatlardaki fiyat istekleriniz i\u00e7in ileti\u015fim k\u0131sm\u0131ndaki mail adresimize mail atarak fiyat isteyebilirsiniz. Gabardin bez kuma\u015f plaj \u00e7antas\u0131 sipari\u015f vermeyi d\u00fc\u015f\u00fcn\u00fcyorsan\u0131z veya fiyat bilgisi almak istiyorsan\u0131z, sipari\u015f&hellip;","og_url":"https:\/\/www.teknocanta.com\/gabardin-plaj-cantasi\/","og_site_name":"Tekno \u00c7anta - Promosyon Toptan \u00c7anta \u0130malat\u0131","article_modified_time":"2025-07-17T00:32:18+00:00","og_image":[{"width":600,"height":600,"url":"https:\/\/www.teknocanta.com\/wp-content\/uploads\/2021\/10\/gabardin_plaj_cantasi_1.jpeg","type":"image\/jpeg"}],"twitter_card":"summary_large_image","twitter_misc":{"Tempo di lettura stimato":"1 minuto"},"schema":{"@context":"https:\/\/schema.org","@graph":[{"@type":"WebPage","@id":"https:\/\/www.teknocanta.com\/gabardin-plaj-cantasi\/","url":"https:\/\/www.teknocanta.com\/gabardin-plaj-cantasi\/","name":"Gabardin Plaj \u00c7antas\u0131 - Tekno \u00c7anta - Promosyon Toptan \u00c7anta \u0130malat\u0131","isPartOf":{"@id":"https:\/\/www.teknocanta.com\/#website"},"primaryImageOfPage":{"@id":"https:\/\/www.teknocanta.com\/gabardin-plaj-cantasi\/#primaryimage"},"image":{"@id":"https:\/\/www.teknocanta.com\/gabardin-plaj-cantasi\/#primaryimage"},"thumbnailUrl":"https:\/\/www.teknocanta.com\/wp-content\/uploads\/2021\/10\/gabardin_plaj_cantasi_1.jpeg","datePublished":"2021-10-14T12:50:02+00:00","dateModified":"2025-07-17T00:32:18+00:00","breadcrumb":{"@id":"https:\/\/www.teknocanta.com\/gabardin-plaj-cantasi\/#breadcrumb"},"inLanguage":"it-IT","potentialAction":[{"@type":"ReadAction","target":["https:\/\/www.teknocanta.com\/gabardin-plaj-cantasi\/"]}]},{"@type":"ImageObject","inLanguage":"it-IT","@id":"https:\/\/www.teknocanta.com\/gabardin-plaj-cantasi\/#primaryimage","url":"https:\/\/www.teknocanta.com\/wp-content\/uploads\/2021\/10\/gabardin_plaj_cantasi_1.jpeg","contentUrl":"https:\/\/www.teknocanta.com\/wp-content\/uploads\/2021\/10\/gabardin_plaj_cantasi_1.jpeg","width":600,"height":600},{"@type":"BreadcrumbList","@id":"https:\/\/www.teknocanta.com\/gabardin-plaj-cantasi\/#breadcrumb","itemListElement":[{"@type":"ListItem","position":1,"name":"Ana sayfa","item":"https:\/\/www.teknocanta.com\/it\/"},{"@type":"ListItem","position":2,"name":"\u00dcr\u00fcnler","item":"https:\/\/www.teknocanta.com\/urunler\/"},{"@type":"ListItem","position":3,"name":"Gabardin Plaj \u00c7antas\u0131"}]},{"@type":"WebSite","@id":"https:\/\/www.teknocanta.com\/#website","url":"https:\/\/www.teknocanta.com\/","name":"Tekno \u00c7anta - Promosyon Toptan \u00c7anta \u0130malat\u0131","description":"Toptan \u00e7anta imalat\u0131, ham bez \u00e7anta, s\u0131rt \u00e7antalar\u0131, laptop ve evrak \u00e7antalar\u0131, kongre \u00e7antalar\u0131, fuar \u00e7antas\u0131 ve ipli b\u00fczg\u00fcl\u00fc \u00e7anta imalat\u0131 yapmaktay\u0131z.","potentialAction":[{"@type":"SearchAction","target":{"@type":"EntryPoint","urlTemplate":"https:\/\/www.teknocanta.com\/?s={search_term_string}"},"query-input":{"@type":"PropertyValueSpecification","valueRequired":true,"valueName":"search_term_string"}}],"inLanguage":"it-IT"}]}},"_links":{"self":[{"href":"https:\/\/www.teknocanta.com\/it\/wp-json\/wp\/v2\/product\/37145","targetHints":{"allow":["GET"]}}],"collection":[{"href":"https:\/\/www.teknocanta.com\/it\/wp-json\/wp\/v2\/product"}],"about":[{"href":"https:\/\/www.teknocanta.com\/it\/wp-json\/wp\/v2\/types\/product"}],"replies":[{"embeddable":true,"href":"https:\/\/www.teknocanta.com\/it\/wp-json\/wp\/v2\/comments?post=37145"}],"wp:featuredmedia":[{"embeddable":true,"href":"https:\/\/www.teknocanta.com\/it\/wp-json\/wp\/v2\/media\/37188"}],"wp:attachment":[{"href":"https:\/\/www.teknocanta.com\/it\/wp-json\/wp\/v2\/media?parent=37145"}],"wp:term":[{"taxonomy":"product_brand","embeddable":true,"href":"https:\/\/www.teknocanta.com\/it\/wp-json\/wp\/v2\/product_brand?post=37145"},{"taxonomy":"product_cat","embeddable":true,"href":"https:\/\/www.teknocanta.com\/it\/wp-json\/wp\/v2\/product_cat?post=37145"},{"taxonomy":"product_tag","embeddable":true,"href":"https:\/\/www.teknocanta.com\/it\/wp-json\/wp\/v2\/product_tag?post=37145"}],"curies":[{"name":"wp","href":"https:\/\/api.w.org\/{rel}","templated":true}]}}