{"id":44125,"date":"2018-12-10T16:15:39","date_gmt":"2018-12-10T13:15:39","guid":{"rendered":"https:\/\/www.teknocanta.com\/riferimenti\/"},"modified":"2023-05-27T14:52:17","modified_gmt":"2023-05-27T11:52:17","slug":"riferimenti","status":"publish","type":"page","link":"https:\/\/www.teknocanta.com\/it\/riferimenti\/","title":{"rendered":"Riferimenti"},"content":{"rendered":"<div class=\"wpb-content-wrapper\"><p>[vc_row][vc_column][vc_column_text]\n\t\t\t<style type='text\/css'>\n\t\t\t\t#gallery-1 {\n\t\t\t\t\tmargin: auto;\n\t\t\t\t}\n\t\t\t\t#gallery-1 .gallery-item {\n\t\t\t\t\tfloat: left;\n\t\t\t\t\tmargin-top: 10px;\n\t\t\t\t\ttext-align: center;\n\t\t\t\t\twidth: 33%;\n\t\t\t\t}\n\t\t\t\t#gallery-1 img {\n\t\t\t\t\tborder: 2px solid #cfcfcf;\n\t\t\t\t}\n\t\t\t\t#gallery-1 .gallery-caption {\n\t\t\t\t\tmargin-left: 0;\n\t\t\t\t}\n\t\t\t\t\/* see gallery_shortcode() in wp-includes\/media.php *\/\n\t\t\t<\/style>\n\t\t<div id='gallery-1' class='dt-gallery-container gallery galleryid-44125 gallery-columns-3 gallery-size-thumbnail'><dl class='gallery-item'>\n\t\t\t\t<dt class='gallery-icon landscape'>\n\t\t\t\t\t<a class=\"rollover rollover-zoom dt-pswp-item\" title=\"fibabanka\" data-dt-img-description=\"\" data-large_image_width=\"146\" data-large_image_height=\"85\"href='https:\/\/www.teknocanta.com\/wp-content\/uploads\/2018\/12\/fibabanka.jpg'><img decoding=\"async\" width=\"146\" height=\"85\" src=\"https:\/\/www.teknocanta.com\/wp-content\/uploads\/2018\/12\/fibabanka.jpg\" class=\"attachment-thumbnail size-thumbnail\" alt=\"\" \/><\/a>\n\t\t\t\t<\/dt><\/dl><dl class='gallery-item'>\n\t\t\t\t<dt class='gallery-icon landscape'>\n\t\t\t\t\t<a class=\"rollover rollover-zoom dt-pswp-item\" title=\"kahramanmaras-sutcu-imam-universitesi\" data-dt-img-description=\"\" data-large_image_width=\"146\" data-large_image_height=\"85\"href='https:\/\/www.teknocanta.com\/wp-content\/uploads\/2018\/12\/kahramanmaras-sutcu-imam-universitesi.jpg'><img decoding=\"async\" width=\"146\" height=\"85\" src=\"https:\/\/www.teknocanta.com\/wp-content\/uploads\/2018\/12\/kahramanmaras-sutcu-imam-universitesi.jpg\" class=\"attachment-thumbnail size-thumbnail\" alt=\"\" \/><\/a>\n\t\t\t\t<\/dt><\/dl><dl class='gallery-item'>\n\t\t\t\t<dt class='gallery-icon landscape'>\n\t\t\t\t\t<a class=\"rollover rollover-zoom dt-pswp-item\" title=\"mustafa-kemal-universitesi\" data-dt-img-description=\"\" data-large_image_width=\"146\" data-large_image_height=\"85\"href='https:\/\/www.teknocanta.com\/wp-content\/uploads\/2018\/12\/mustafa-kemal-universitesi.jpg'><img decoding=\"async\" width=\"146\" height=\"85\" src=\"https:\/\/www.teknocanta.com\/wp-content\/uploads\/2018\/12\/mustafa-kemal-universitesi.jpg\" class=\"attachment-thumbnail size-thumbnail\" alt=\"\" \/><\/a>\n\t\t\t\t<\/dt><\/dl><br style=\"clear: both\" \/><dl class='gallery-item'>\n\t\t\t\t<dt class='gallery-icon landscape'>\n\t\t\t\t\t<a class=\"rollover rollover-zoom dt-pswp-item\" title=\"hp\" data-dt-img-description=\"\" data-large_image_width=\"146\" data-large_image_height=\"85\"href='https:\/\/www.teknocanta.com\/wp-content\/uploads\/2018\/12\/hp.jpg'><img decoding=\"async\" width=\"146\" height=\"85\" src=\"https:\/\/www.teknocanta.com\/wp-content\/uploads\/2018\/12\/hp.jpg\" class=\"attachment-thumbnail size-thumbnail\" alt=\"\" \/><\/a>\n\t\t\t\t<\/dt><\/dl><dl class='gallery-item'>\n\t\t\t\t<dt class='gallery-icon landscape'>\n\t\t\t\t\t<a class=\"rollover rollover-zoom dt-pswp-item\" title=\"akbank\" data-dt-img-description=\"\" data-large_image_width=\"146\" data-large_image_height=\"85\"href='https:\/\/www.teknocanta.com\/wp-content\/uploads\/2018\/12\/akbank.jpg'><img decoding=\"async\" width=\"146\" height=\"85\" src=\"https:\/\/www.teknocanta.com\/wp-content\/uploads\/2018\/12\/akbank.jpg\" class=\"attachment-thumbnail size-thumbnail\" alt=\"\" \/><\/a>\n\t\t\t\t<\/dt><\/dl><dl class='gallery-item'>\n\t\t\t\t<dt class='gallery-icon landscape'>\n\t\t\t\t\t<a class=\"rollover rollover-zoom dt-pswp-item\" title=\"istalbul-zam-universitesi\" data-dt-img-description=\"\" data-large_image_width=\"146\" data-large_image_height=\"85\"href='https:\/\/www.teknocanta.com\/wp-content\/uploads\/2018\/12\/istalbul-zam-universitesi.jpg'><img decoding=\"async\" width=\"146\" height=\"85\" src=\"https:\/\/www.teknocanta.com\/wp-content\/uploads\/2018\/12\/istalbul-zam-universitesi.jpg\" class=\"attachment-thumbnail size-thumbnail\" alt=\"\" \/><\/a>\n\t\t\t\t<\/dt><\/dl><br style=\"clear: both\" \/><dl class='gallery-item'>\n\t\t\t\t<dt class='gallery-icon landscape'>\n\t\t\t\t\t<a class=\"rollover rollover-zoom dt-pswp-item\" title=\"namik-kemal-universitesi\" data-dt-img-description=\"\" data-large_image_width=\"146\" data-large_image_height=\"85\"href='https:\/\/www.teknocanta.com\/wp-content\/uploads\/2018\/12\/namik-kemal-universitesi.jpg'><img decoding=\"async\" width=\"146\" height=\"85\" src=\"https:\/\/www.teknocanta.com\/wp-content\/uploads\/2018\/12\/namik-kemal-universitesi.jpg\" class=\"attachment-thumbnail size-thumbnail\" alt=\"\" \/><\/a>\n\t\t\t\t<\/dt><\/dl><dl class='gallery-item'>\n\t\t\t\t<dt class='gallery-icon landscape'>\n\t\t\t\t\t<a class=\"rollover rollover-zoom dt-pswp-item\" title=\"ets-mice\" data-dt-img-description=\"\" data-large_image_width=\"146\" data-large_image_height=\"85\"href='https:\/\/www.teknocanta.com\/wp-content\/uploads\/2018\/12\/ets-mice.jpg'><img decoding=\"async\" width=\"146\" height=\"85\" src=\"https:\/\/www.teknocanta.com\/wp-content\/uploads\/2018\/12\/ets-mice.jpg\" class=\"attachment-thumbnail size-thumbnail\" alt=\"\" \/><\/a>\n\t\t\t\t<\/dt><\/dl><dl class='gallery-item'>\n\t\t\t\t<dt class='gallery-icon landscape'>\n\t\t\t\t\t<a class=\"rollover rollover-zoom dt-pswp-item\" title=\"nestle\" data-dt-img-description=\"\" data-large_image_width=\"146\" data-large_image_height=\"85\"href='https:\/\/www.teknocanta.com\/wp-content\/uploads\/2018\/12\/nestle.jpg'><img decoding=\"async\" width=\"146\" height=\"85\" src=\"https:\/\/www.teknocanta.com\/wp-content\/uploads\/2018\/12\/nestle.jpg\" class=\"attachment-thumbnail size-thumbnail\" alt=\"\" \/><\/a>\n\t\t\t\t<\/dt><\/dl><br style=\"clear: both\" \/><dl class='gallery-item'>\n\t\t\t\t<dt class='gallery-icon landscape'>\n\t\t\t\t\t<a class=\"rollover rollover-zoom dt-pswp-item\" title=\"hilton-hotel\" data-dt-img-description=\"\" data-large_image_width=\"146\" data-large_image_height=\"85\"href='https:\/\/www.teknocanta.com\/wp-content\/uploads\/2018\/12\/hilton-hotel.jpg'><img decoding=\"async\" width=\"146\" height=\"85\" src=\"https:\/\/www.teknocanta.com\/wp-content\/uploads\/2018\/12\/hilton-hotel.jpg\" class=\"attachment-thumbnail size-thumbnail\" alt=\"\" \/><\/a>\n\t\t\t\t<\/dt><\/dl><dl class='gallery-item'>\n\t\t\t\t<dt class='gallery-icon landscape'>\n\t\t\t\t\t<a class=\"rollover rollover-zoom dt-pswp-item\" title=\"toyota\" data-dt-img-description=\"\" data-large_image_width=\"146\" data-large_image_height=\"85\"href='https:\/\/www.teknocanta.com\/wp-content\/uploads\/2018\/12\/toyota.jpg'><img decoding=\"async\" width=\"146\" height=\"85\" src=\"https:\/\/www.teknocanta.com\/wp-content\/uploads\/2018\/12\/toyota.jpg\" class=\"attachment-thumbnail size-thumbnail\" alt=\"\" \/><\/a>\n\t\t\t\t<\/dt><\/dl><dl class='gallery-item'>\n\t\t\t\t<dt class='gallery-icon landscape'>\n\t\t\t\t\t<a class=\"rollover rollover-zoom dt-pswp-item\" title=\"amasya-universitesi\" data-dt-img-description=\"\" data-large_image_width=\"146\" data-large_image_height=\"85\"href='https:\/\/www.teknocanta.com\/wp-content\/uploads\/2018\/12\/amasya-universitesi.jpg'><img decoding=\"async\" width=\"146\" height=\"85\" src=\"https:\/\/www.teknocanta.com\/wp-content\/uploads\/2018\/12\/amasya-universitesi.jpg\" class=\"attachment-thumbnail size-thumbnail\" alt=\"\" \/><\/a>\n\t\t\t\t<\/dt><\/dl><br style=\"clear: both\" \/><dl class='gallery-item'>\n\t\t\t\t<dt class='gallery-icon landscape'>\n\t\t\t\t\t<a class=\"rollover rollover-zoom dt-pswp-item\" title=\"defacto\" data-dt-img-description=\"\" data-large_image_width=\"146\" data-large_image_height=\"85\"href='https:\/\/www.teknocanta.com\/wp-content\/uploads\/2018\/12\/defacto.jpg'><img decoding=\"async\" width=\"146\" height=\"85\" src=\"https:\/\/www.teknocanta.com\/wp-content\/uploads\/2018\/12\/defacto.jpg\" class=\"attachment-thumbnail size-thumbnail\" alt=\"\" \/><\/a>\n\t\t\t\t<\/dt><\/dl><dl class='gallery-item'>\n\t\t\t\t<dt class='gallery-icon landscape'>\n\t\t\t\t\t<a class=\"rollover rollover-zoom dt-pswp-item\" title=\"isuzu\" data-dt-img-description=\"\" data-large_image_width=\"146\" data-large_image_height=\"85\"href='https:\/\/www.teknocanta.com\/wp-content\/uploads\/2018\/12\/isuzu.jpg'><img decoding=\"async\" width=\"146\" height=\"85\" src=\"https:\/\/www.teknocanta.com\/wp-content\/uploads\/2018\/12\/isuzu.jpg\" class=\"attachment-thumbnail size-thumbnail\" alt=\"\" \/><\/a>\n\t\t\t\t<\/dt><\/dl><dl class='gallery-item'>\n\t\t\t\t<dt class='gallery-icon landscape'>\n\t\t\t\t\t<a class=\"rollover rollover-zoom dt-pswp-item\" title=\"acibadem\" data-dt-img-description=\"\" data-large_image_width=\"146\" data-large_image_height=\"85\"href='https:\/\/www.teknocanta.com\/wp-content\/uploads\/2018\/12\/acibadem.jpg'><img decoding=\"async\" width=\"146\" height=\"85\" src=\"https:\/\/www.teknocanta.com\/wp-content\/uploads\/2018\/12\/acibadem.jpg\" class=\"attachment-thumbnail size-thumbnail\" alt=\"\" \/><\/a>\n\t\t\t\t<\/dt><\/dl><br style=\"clear: both\" \/><dl class='gallery-item'>\n\t\t\t\t<dt class='gallery-icon landscape'>\n\t\t\t\t\t<a class=\"rollover rollover-zoom dt-pswp-item\" title=\"duzce-universitesi\" data-dt-img-description=\"\" data-large_image_width=\"146\" data-large_image_height=\"85\"href='https:\/\/www.teknocanta.com\/wp-content\/uploads\/2018\/12\/duzce-universitesi.jpg'><img decoding=\"async\" width=\"146\" height=\"85\" src=\"https:\/\/www.teknocanta.com\/wp-content\/uploads\/2018\/12\/duzce-universitesi.jpg\" class=\"attachment-thumbnail size-thumbnail\" alt=\"\" \/><\/a>\n\t\t\t\t<\/dt><\/dl><dl class='gallery-item'>\n\t\t\t\t<dt class='gallery-icon landscape'>\n\t\t\t\t\t<a class=\"rollover rollover-zoom dt-pswp-item\" title=\"skoda\" data-dt-img-description=\"\" data-large_image_width=\"146\" data-large_image_height=\"85\"href='https:\/\/www.teknocanta.com\/wp-content\/uploads\/2018\/12\/skoda.jpg'><img decoding=\"async\" width=\"146\" height=\"85\" src=\"https:\/\/www.teknocanta.com\/wp-content\/uploads\/2018\/12\/skoda.jpg\" class=\"attachment-thumbnail size-thumbnail\" alt=\"\" \/><\/a>\n\t\t\t\t<\/dt><\/dl><dl class='gallery-item'>\n\t\t\t\t<dt class='gallery-icon landscape'>\n\t\t\t\t\t<a class=\"rollover rollover-zoom dt-pswp-item\" title=\"memorial\" data-dt-img-description=\"\" data-large_image_width=\"146\" data-large_image_height=\"85\"href='https:\/\/www.teknocanta.com\/wp-content\/uploads\/2018\/12\/memorial.jpg'><img decoding=\"async\" width=\"146\" height=\"85\" src=\"https:\/\/www.teknocanta.com\/wp-content\/uploads\/2018\/12\/memorial.jpg\" class=\"attachment-thumbnail size-thumbnail\" alt=\"\" \/><\/a>\n\t\t\t\t<\/dt><\/dl><br style=\"clear: both\" \/><dl class='gallery-item'>\n\t\t\t\t<dt class='gallery-icon landscape'>\n\t\t\t\t\t<a class=\"rollover rollover-zoom dt-pswp-item\" title=\"gaziosmanpasa-universitesi\" data-dt-img-description=\"\" data-large_image_width=\"146\" data-large_image_height=\"85\"href='https:\/\/www.teknocanta.com\/wp-content\/uploads\/2018\/12\/gaziosmanpasa-universitesi.jpg'><img decoding=\"async\" width=\"146\" height=\"85\" src=\"https:\/\/www.teknocanta.com\/wp-content\/uploads\/2018\/12\/gaziosmanpasa-universitesi.jpg\" class=\"attachment-thumbnail size-thumbnail\" alt=\"\" \/><\/a>\n\t\t\t\t<\/dt><\/dl><dl class='gallery-item'>\n\t\t\t\t<dt class='gallery-icon landscape'>\n\t\t\t\t\t<a class=\"rollover rollover-zoom dt-pswp-item\" title=\"viessmann\" data-dt-img-description=\"\" data-large_image_width=\"146\" data-large_image_height=\"85\"href='https:\/\/www.teknocanta.com\/wp-content\/uploads\/2018\/12\/viessmann.jpg'><img decoding=\"async\" width=\"146\" height=\"85\" src=\"https:\/\/www.teknocanta.com\/wp-content\/uploads\/2018\/12\/viessmann.jpg\" class=\"attachment-thumbnail size-thumbnail\" alt=\"\" \/><\/a>\n\t\t\t\t<\/dt><\/dl><dl class='gallery-item'>\n\t\t\t\t<dt class='gallery-icon landscape'>\n\t\t\t\t\t<a class=\"rollover rollover-zoom dt-pswp-item\" title=\"garanti-bankasi\" data-dt-img-description=\"\" data-large_image_width=\"146\" data-large_image_height=\"85\"href='https:\/\/www.teknocanta.com\/wp-content\/uploads\/2018\/12\/garanti-bankasi.jpg'><img decoding=\"async\" width=\"146\" height=\"85\" src=\"https:\/\/www.teknocanta.com\/wp-content\/uploads\/2018\/12\/garanti-bankasi.jpg\" class=\"attachment-thumbnail size-thumbnail\" alt=\"\" \/><\/a>\n\t\t\t\t<\/dt><\/dl><br style=\"clear: both\" \/><dl class='gallery-item'>\n\t\t\t\t<dt class='gallery-icon landscape'>\n\t\t\t\t\t<a class=\"rollover rollover-zoom dt-pswp-item\" title=\"wavin-pilsa\" data-dt-img-description=\"\" data-large_image_width=\"146\" data-large_image_height=\"85\"href='https:\/\/www.teknocanta.com\/wp-content\/uploads\/2018\/12\/wavin-pilsa.jpg'><img decoding=\"async\" width=\"146\" height=\"85\" src=\"https:\/\/www.teknocanta.com\/wp-content\/uploads\/2018\/12\/wavin-pilsa.jpg\" class=\"attachment-thumbnail size-thumbnail\" alt=\"\" \/><\/a>\n\t\t\t\t<\/dt><\/dl><dl class='gallery-item'>\n\t\t\t\t<dt class='gallery-icon landscape'>\n\t\t\t\t\t<a class=\"rollover rollover-zoom dt-pswp-item\" title=\"deutsche-bank\" data-dt-img-description=\"\" data-large_image_width=\"146\" data-large_image_height=\"85\"href='https:\/\/www.teknocanta.com\/wp-content\/uploads\/2018\/12\/deutsche-bank.jpg'><img decoding=\"async\" width=\"146\" height=\"85\" src=\"https:\/\/www.teknocanta.com\/wp-content\/uploads\/2018\/12\/deutsche-bank.jpg\" class=\"attachment-thumbnail size-thumbnail\" alt=\"\" \/><\/a>\n\t\t\t\t<\/dt><\/dl><dl class='gallery-item'>\n\t\t\t\t<dt class='gallery-icon landscape'>\n\t\t\t\t\t<a class=\"rollover rollover-zoom dt-pswp-item\" title=\"yildirim-beyazit-universitesi\" data-dt-img-description=\"\" data-large_image_width=\"146\" data-large_image_height=\"85\"href='https:\/\/www.teknocanta.com\/wp-content\/uploads\/2018\/12\/yildirim-beyazit-universitesi.jpg'><img decoding=\"async\" width=\"146\" height=\"85\" src=\"https:\/\/www.teknocanta.com\/wp-content\/uploads\/2018\/12\/yildirim-beyazit-universitesi.jpg\" class=\"attachment-thumbnail size-thumbnail\" alt=\"\" \/><\/a>\n\t\t\t\t<\/dt><\/dl><br style=\"clear: both\" \/><dl class='gallery-item'>\n\t\t\t\t<dt class='gallery-icon landscape'>\n\t\t\t\t\t<a class=\"rollover rollover-zoom dt-pswp-item\" title=\"itu\" data-dt-img-description=\"\" data-large_image_width=\"146\" data-large_image_height=\"85\"href='https:\/\/www.teknocanta.com\/wp-content\/uploads\/2018\/12\/itu.jpg'><img decoding=\"async\" width=\"146\" height=\"85\" src=\"https:\/\/www.teknocanta.com\/wp-content\/uploads\/2018\/12\/itu.jpg\" class=\"attachment-thumbnail size-thumbnail\" alt=\"\" \/><\/a>\n\t\t\t\t<\/dt><\/dl>\n\t\t\t\t<br style='clear: both' \/>\n\t\t\t<\/div>\n[\/vc_column_text][\/vc_column][\/vc_row]<\/p>\n<\/div>","protected":false},"excerpt":{"rendered":"<p>[vc_row][vc_column][vc_column_text][\/vc_column_text][\/vc_column][\/vc_row]<\/p>\n","protected":false},"author":1,"featured_media":0,"parent":0,"menu_order":0,"comment_status":"closed","ping_status":"closed","template":"","meta":{"footnotes":""},"class_list":["post-44125","page","type-page","status-publish","hentry","description-off"],"yoast_head":"<!-- This site is optimized with the Yoast SEO plugin v26.6 - https:\/\/yoast.com\/wordpress\/plugins\/seo\/ -->\n<title>Riferimenti - Tekno \u00c7anta - Promosyon Toptan \u00c7anta \u0130malat\u0131<\/title>\n<meta name=\"robots\" content=\"index, follow, max-snippet:-1, max-image-preview:large, max-video-preview:-1\" \/>\n<link rel=\"canonical\" href=\"https:\/\/www.teknocanta.com\/it\/riferimenti\/\" \/>\n<meta property=\"og:locale\" content=\"it_IT\" \/>\n<meta property=\"og:type\" content=\"article\" \/>\n<meta property=\"og:title\" content=\"Riferimenti - Tekno \u00c7anta - Promosyon Toptan \u00c7anta \u0130malat\u0131\" \/>\n<meta property=\"og:description\" content=\"[vc_row][vc_column][vc_column_text][\/vc_column_text][\/vc_column][\/vc_row]\" \/>\n<meta property=\"og:url\" content=\"https:\/\/www.teknocanta.com\/it\/riferimenti\/\" \/>\n<meta property=\"og:site_name\" content=\"Tekno \u00c7anta - Promosyon Toptan \u00c7anta \u0130malat\u0131\" \/>\n<meta property=\"article:modified_time\" content=\"2023-05-27T11:52:17+00:00\" \/>\n<meta property=\"og:image\" content=\"https:\/\/www.teknocanta.com\/wp-content\/uploads\/2018\/12\/fibabanka.jpg\" \/>\n<meta name=\"twitter:card\" content=\"summary_large_image\" \/>\n<script type=\"application\/ld+json\" class=\"yoast-schema-graph\">{\"@context\":\"https:\/\/schema.org\",\"@graph\":[{\"@type\":\"WebPage\",\"@id\":\"https:\/\/www.teknocanta.com\/it\/riferimenti\/\",\"url\":\"https:\/\/www.teknocanta.com\/it\/riferimenti\/\",\"name\":\"Riferimenti - Tekno \u00c7anta - Promosyon Toptan \u00c7anta \u0130malat\u0131\",\"isPartOf\":{\"@id\":\"https:\/\/www.teknocanta.com\/#website\"},\"datePublished\":\"2018-12-10T13:15:39+00:00\",\"dateModified\":\"2023-05-27T11:52:17+00:00\",\"breadcrumb\":{\"@id\":\"https:\/\/www.teknocanta.com\/it\/riferimenti\/#breadcrumb\"},\"inLanguage\":\"it-IT\",\"potentialAction\":[{\"@type\":\"ReadAction\",\"target\":[\"https:\/\/www.teknocanta.com\/it\/riferimenti\/\"]}]},{\"@type\":\"BreadcrumbList\",\"@id\":\"https:\/\/www.teknocanta.com\/it\/riferimenti\/#breadcrumb\",\"itemListElement\":[{\"@type\":\"ListItem\",\"position\":1,\"name\":\"Ana sayfa\",\"item\":\"https:\/\/www.teknocanta.com\/it\/\"},{\"@type\":\"ListItem\",\"position\":2,\"name\":\"Riferimenti\"}]},{\"@type\":\"WebSite\",\"@id\":\"https:\/\/www.teknocanta.com\/#website\",\"url\":\"https:\/\/www.teknocanta.com\/\",\"name\":\"Tekno \u00c7anta - Promosyon Toptan \u00c7anta \u0130malat\u0131\",\"description\":\"Toptan \u00e7anta imalat\u0131, ham bez \u00e7anta, s\u0131rt \u00e7antalar\u0131, laptop ve evrak \u00e7antalar\u0131, kongre \u00e7antalar\u0131, fuar \u00e7antas\u0131 ve ipli b\u00fczg\u00fcl\u00fc \u00e7anta imalat\u0131 yapmaktay\u0131z.\",\"potentialAction\":[{\"@type\":\"SearchAction\",\"target\":{\"@type\":\"EntryPoint\",\"urlTemplate\":\"https:\/\/www.teknocanta.com\/?s={search_term_string}\"},\"query-input\":{\"@type\":\"PropertyValueSpecification\",\"valueRequired\":true,\"valueName\":\"search_term_string\"}}],\"inLanguage\":\"it-IT\"}]}<\/script>\n<!-- \/ Yoast SEO plugin. -->","yoast_head_json":{"title":"Riferimenti - Tekno \u00c7anta - Promosyon Toptan \u00c7anta \u0130malat\u0131","robots":{"index":"index","follow":"follow","max-snippet":"max-snippet:-1","max-image-preview":"max-image-preview:large","max-video-preview":"max-video-preview:-1"},"canonical":"https:\/\/www.teknocanta.com\/it\/riferimenti\/","og_locale":"it_IT","og_type":"article","og_title":"Riferimenti - Tekno \u00c7anta - Promosyon Toptan \u00c7anta \u0130malat\u0131","og_description":"[vc_row][vc_column][vc_column_text][\/vc_column_text][\/vc_column][\/vc_row]","og_url":"https:\/\/www.teknocanta.com\/it\/riferimenti\/","og_site_name":"Tekno \u00c7anta - Promosyon Toptan \u00c7anta \u0130malat\u0131","article_modified_time":"2023-05-27T11:52:17+00:00","og_image":[{"url":"https:\/\/www.teknocanta.com\/wp-content\/uploads\/2018\/12\/fibabanka.jpg","type":"","width":"","height":""}],"twitter_card":"summary_large_image","schema":{"@context":"https:\/\/schema.org","@graph":[{"@type":"WebPage","@id":"https:\/\/www.teknocanta.com\/it\/riferimenti\/","url":"https:\/\/www.teknocanta.com\/it\/riferimenti\/","name":"Riferimenti - Tekno \u00c7anta - Promosyon Toptan \u00c7anta \u0130malat\u0131","isPartOf":{"@id":"https:\/\/www.teknocanta.com\/#website"},"datePublished":"2018-12-10T13:15:39+00:00","dateModified":"2023-05-27T11:52:17+00:00","breadcrumb":{"@id":"https:\/\/www.teknocanta.com\/it\/riferimenti\/#breadcrumb"},"inLanguage":"it-IT","potentialAction":[{"@type":"ReadAction","target":["https:\/\/www.teknocanta.com\/it\/riferimenti\/"]}]},{"@type":"BreadcrumbList","@id":"https:\/\/www.teknocanta.com\/it\/riferimenti\/#breadcrumb","itemListElement":[{"@type":"ListItem","position":1,"name":"Ana sayfa","item":"https:\/\/www.teknocanta.com\/it\/"},{"@type":"ListItem","position":2,"name":"Riferimenti"}]},{"@type":"WebSite","@id":"https:\/\/www.teknocanta.com\/#website","url":"https:\/\/www.teknocanta.com\/","name":"Tekno \u00c7anta - Promosyon Toptan \u00c7anta \u0130malat\u0131","description":"Toptan \u00e7anta imalat\u0131, ham bez \u00e7anta, s\u0131rt \u00e7antalar\u0131, laptop ve evrak \u00e7antalar\u0131, kongre \u00e7antalar\u0131, fuar \u00e7antas\u0131 ve ipli b\u00fczg\u00fcl\u00fc \u00e7anta imalat\u0131 yapmaktay\u0131z.","potentialAction":[{"@type":"SearchAction","target":{"@type":"EntryPoint","urlTemplate":"https:\/\/www.teknocanta.com\/?s={search_term_string}"},"query-input":{"@type":"PropertyValueSpecification","valueRequired":true,"valueName":"search_term_string"}}],"inLanguage":"it-IT"}]}},"_links":{"self":[{"href":"https:\/\/www.teknocanta.com\/it\/wp-json\/wp\/v2\/pages\/44125","targetHints":{"allow":["GET"]}}],"collection":[{"href":"https:\/\/www.teknocanta.com\/it\/wp-json\/wp\/v2\/pages"}],"about":[{"href":"https:\/\/www.teknocanta.com\/it\/wp-json\/wp\/v2\/types\/page"}],"author":[{"embeddable":true,"href":"https:\/\/www.teknocanta.com\/it\/wp-json\/wp\/v2\/users\/1"}],"replies":[{"embeddable":true,"href":"https:\/\/www.teknocanta.com\/it\/wp-json\/wp\/v2\/comments?post=44125"}],"version-history":[{"count":1,"href":"https:\/\/www.teknocanta.com\/it\/wp-json\/wp\/v2\/pages\/44125\/revisions"}],"predecessor-version":[{"id":44126,"href":"https:\/\/www.teknocanta.com\/it\/wp-json\/wp\/v2\/pages\/44125\/revisions\/44126"}],"wp:attachment":[{"href":"https:\/\/www.teknocanta.com\/it\/wp-json\/wp\/v2\/media?parent=44125"}],"curies":[{"name":"wp","href":"https:\/\/api.w.org\/{rel}","templated":true}]}}