{"id":44759,"date":"2021-10-14T15:52:54","date_gmt":"2021-10-14T12:52:54","guid":{"rendered":"https:\/\/www.teknocanta.com\/sac-a-dos-congres\/"},"modified":"2021-10-14T15:52:54","modified_gmt":"2021-10-14T12:52:54","slug":"sac-a-dos-congres","status":"publish","type":"product","link":"https:\/\/www.teknocanta.com\/fr\/produit\/sac-a-dos-congres\/","title":{"rendered":"Sac \u00e0 dos Congr\u00e8s"},"content":{"rendered":"<div>\n<div>Les frais d&rsquo;impression et la TVA de 8% ne sont pas inclus dans le prix. Le prix des sacs varie en fonction de la quantit\u00e9 command\u00e9e.<\/div>\n<div><\/div>\n<div>Il s&rsquo;agit d&rsquo;un produit en stock, la couleur du sac en stock est celle de la photo. Veuillez obtenir des informations sur les couleurs et les stocks actuels.<\/div>\n<\/div>\n<div><\/div>\n<div>Pour les commandes de 250 pi\u00e8ces ou plus, la couleur du tissu, la couleur de la doublure ou la couleur de la fermeture \u00e9clair peuvent \u00eatre modifi\u00e9es. Le sac est en impertex de lin, les doublures int\u00e9rieures sont en impertex 270 deniers.<\/div>\n<div><\/div>\n<div>La taille du sac est de 43x32x13 cm. Le sac contient un compartiment pour ordinateur portable et une bouteille d&rsquo;eau sur les c\u00f4t\u00e9s. Le sac contient un compartiment pour ordinateur portable et une bouteille d&rsquo;eau sur les c\u00f4t\u00e9s.<\/div>\n<div><\/div>\n<div>Le corps du sac et le compartiment int\u00e9rieur pour ordinateur portable sont soutenus par une mousse de 8 mm d&rsquo;\u00e9paisseur.&nbsp; Un zip de qualit\u00e9 de type 8 est utilis\u00e9.<\/div>\n<div><\/div>\n<div>Il est possible de r\u00e9aliser des impressions color\u00e9es \u00e0 l&rsquo;int\u00e9rieur ou \u00e0 l&rsquo;ext\u00e9rieur du sac. L&rsquo;impression de broderies est \u00e9galement possible en option. Dans les sacs de congr\u00e8s, le nom ou le logo du congr\u00e8s est g\u00e9n\u00e9ralement imprim\u00e9 en une seule couleur \u00e0 l&rsquo;int\u00e9rieur du sac. Les frais d&rsquo;impression varient en fonction du nombre de couleurs de l&rsquo;image \u00e0 imprimer.<\/div>\n<div><\/div>\n<div>Les d\u00e9lais de fabrication des sacs \u00e0 dos Congress wholesale varient en fonction du nombre de commandes et sont en moyenne de 15 jours, en fonction de l&rsquo;importance du travail, ils peuvent \u00eatre donn\u00e9s plus t\u00f4t. Les produits en stock peuvent \u00eatre livr\u00e9s le jour m\u00eame sans impression. Si les produits en stock sont imprim\u00e9s, cela peut prendre quelques jours en fonction de la situation. Veuillez obtenir des informations sur les stocks actuels.<\/div>\n<div><\/div>\n<div>Les sacs \u00e0 dos de congr\u00e8s sont un produit promotionnel utile que vous pouvez utiliser dans toutes sortes d&rsquo;\u00e9v\u00e9nements tels que les congr\u00e8s, les symposiums, les conf\u00e9rences et les s\u00e9minaires \u00e0 des fins promotionnelles et que vous pouvez offrir \u00e0 vos clients.<\/div>\n","protected":false},"excerpt":{"rendered":"<p>Les frais d&rsquo;impression et la TVA de 8% ne sont pas inclus dans le prix. Le prix des sacs varie en fonction de la quantit\u00e9 command\u00e9e. Il s&rsquo;agit d&rsquo;un produit en stock, la couleur du sac en stock est celle de la photo. Veuillez obtenir des informations sur les couleurs et les stocks actuels. Pour&hellip;<\/p>\n","protected":false},"featured_media":41450,"comment_status":"open","ping_status":"closed","template":"","meta":[],"product_brand":[],"product_cat":[1374,1363,1376],"product_tag":[1448,1870,2154,1820,1815,2001,2184,1813,1481,1819,1811,1822,1814,1823,1812,1818,1810,2000,1949],"class_list":{"0":"post-44759","1":"product","2":"type-product","3":"status-publish","4":"has-post-thumbnail","6":"product_cat-sac-a-dos","7":"product_cat-sac-de-congres-et-de-symposium","8":"product_cat-sacs-approvisionnes","9":"product_tag-fabricants-de-sacs","10":"product_tag-fabricants-de-sacs-istanbul-fr","11":"product_tag-fabricants-de-sacs-zeytinburnu","12":"product_tag-impression-de-sacs-a-dos","13":"product_tag-prix-des-sacs-a-dos-promotionnels","14":"product_tag-prix-des-sacs-promotionnels","15":"product_tag-sac-a-dos-avec-compartiment-pour-ordinateur-portable","16":"product_tag-sac-a-dos-congres","17":"product_tag-sac-a-dos-en-gros","18":"product_tag-sac-a-dos-pour-ordinateur-portable-fr","19":"product_tag-sac-a-dos-promotionnel","20":"product_tag-sac-de-conference","21":"product_tag-sac-de-congres","22":"product_tag-sac-de-congres-istanbul","23":"product_tag-sac-de-congres-promotionnel","24":"product_tag-sac-du-symposium","25":"product_tag-sacoche-de-seminaire","26":"product_tag-sacs-promotionnels-en-gros","27":"product_tag-sacs-promotionnels-istanbul","28":"description-off","30":"first","31":"instock","32":"shipping-taxable","33":"purchasable","34":"product-type-simple"},"yoast_head":"<!-- This site is optimized with the Yoast SEO plugin v26.6 - https:\/\/yoast.com\/wordpress\/plugins\/seo\/ -->\n<title>Sac \u00e0 dos Congr\u00e8s - Tekno \u00c7anta - Promosyon Toptan \u00c7anta \u0130malat\u0131<\/title>\n<meta name=\"robots\" content=\"index, follow, max-snippet:-1, max-image-preview:large, max-video-preview:-1\" \/>\n<link rel=\"canonical\" href=\"https:\/\/www.teknocanta.com\/sac-a-dos-congres\/\" \/>\n<meta property=\"og:locale\" content=\"fr_FR\" \/>\n<meta property=\"og:type\" content=\"article\" \/>\n<meta property=\"og:title\" content=\"Sac \u00e0 dos Congr\u00e8s - Tekno \u00c7anta - Promosyon Toptan \u00c7anta \u0130malat\u0131\" \/>\n<meta property=\"og:description\" content=\"Les frais d&rsquo;impression et la TVA de 8% ne sont pas inclus dans le prix. Le prix des sacs varie en fonction de la quantit\u00e9 command\u00e9e. Il s&rsquo;agit d&rsquo;un produit en stock, la couleur du sac en stock est celle de la photo. Veuillez obtenir des informations sur les couleurs et les stocks actuels. Pour&hellip;\" \/>\n<meta property=\"og:url\" content=\"https:\/\/www.teknocanta.com\/sac-a-dos-congres\/\" \/>\n<meta property=\"og:site_name\" content=\"Tekno \u00c7anta - Promosyon Toptan \u00c7anta \u0130malat\u0131\" \/>\n<meta name=\"twitter:card\" content=\"summary_large_image\" \/>\n<meta name=\"twitter:label1\" content=\"Dur\u00e9e de lecture estim\u00e9e\" \/>\n\t<meta name=\"twitter:data1\" content=\"2 minutes\" \/>\n<script type=\"application\/ld+json\" class=\"yoast-schema-graph\">{\"@context\":\"https:\/\/schema.org\",\"@graph\":[{\"@type\":\"WebPage\",\"@id\":\"https:\/\/www.teknocanta.com\/sac-a-dos-congres\/\",\"url\":\"https:\/\/www.teknocanta.com\/sac-a-dos-congres\/\",\"name\":\"Sac \u00e0 dos Congr\u00e8s - Tekno \u00c7anta - Promosyon Toptan \u00c7anta \u0130malat\u0131\",\"isPartOf\":{\"@id\":\"https:\/\/www.teknocanta.com\/#website\"},\"primaryImageOfPage\":{\"@id\":\"https:\/\/www.teknocanta.com\/sac-a-dos-congres\/#primaryimage\"},\"image\":{\"@id\":\"https:\/\/www.teknocanta.com\/sac-a-dos-congres\/#primaryimage\"},\"thumbnailUrl\":\"https:\/\/www.teknocanta.com\/wp-content\/uploads\/2021\/10\/kongresirtcantasianaresim1.jpg\",\"datePublished\":\"2021-10-14T12:52:54+00:00\",\"breadcrumb\":{\"@id\":\"https:\/\/www.teknocanta.com\/sac-a-dos-congres\/#breadcrumb\"},\"inLanguage\":\"fr-FR\",\"potentialAction\":[{\"@type\":\"ReadAction\",\"target\":[\"https:\/\/www.teknocanta.com\/sac-a-dos-congres\/\"]}]},{\"@type\":\"ImageObject\",\"inLanguage\":\"fr-FR\",\"@id\":\"https:\/\/www.teknocanta.com\/sac-a-dos-congres\/#primaryimage\",\"url\":\"https:\/\/www.teknocanta.com\/wp-content\/uploads\/2021\/10\/kongresirtcantasianaresim1.jpg\",\"contentUrl\":\"https:\/\/www.teknocanta.com\/wp-content\/uploads\/2021\/10\/kongresirtcantasianaresim1.jpg\",\"width\":665,\"height\":751},{\"@type\":\"BreadcrumbList\",\"@id\":\"https:\/\/www.teknocanta.com\/sac-a-dos-congres\/#breadcrumb\",\"itemListElement\":[{\"@type\":\"ListItem\",\"position\":1,\"name\":\"Ana sayfa\",\"item\":\"https:\/\/www.teknocanta.com\/fr\/\"},{\"@type\":\"ListItem\",\"position\":2,\"name\":\"\u00dcr\u00fcnler\",\"item\":\"https:\/\/www.teknocanta.com\/urunler\/\"},{\"@type\":\"ListItem\",\"position\":3,\"name\":\"Sac \u00e0 dos Congr\u00e8s\"}]},{\"@type\":\"WebSite\",\"@id\":\"https:\/\/www.teknocanta.com\/#website\",\"url\":\"https:\/\/www.teknocanta.com\/\",\"name\":\"Tekno \u00c7anta - Promosyon Toptan \u00c7anta \u0130malat\u0131\",\"description\":\"Toptan \u00e7anta imalat\u0131, ham bez \u00e7anta, s\u0131rt \u00e7antalar\u0131, laptop ve evrak \u00e7antalar\u0131, kongre \u00e7antalar\u0131, fuar \u00e7antas\u0131 ve ipli b\u00fczg\u00fcl\u00fc \u00e7anta imalat\u0131 yapmaktay\u0131z.\",\"potentialAction\":[{\"@type\":\"SearchAction\",\"target\":{\"@type\":\"EntryPoint\",\"urlTemplate\":\"https:\/\/www.teknocanta.com\/?s={search_term_string}\"},\"query-input\":{\"@type\":\"PropertyValueSpecification\",\"valueRequired\":true,\"valueName\":\"search_term_string\"}}],\"inLanguage\":\"fr-FR\"}]}<\/script>\n<!-- \/ Yoast SEO plugin. -->","yoast_head_json":{"title":"Sac \u00e0 dos Congr\u00e8s - Tekno \u00c7anta - Promosyon Toptan \u00c7anta \u0130malat\u0131","robots":{"index":"index","follow":"follow","max-snippet":"max-snippet:-1","max-image-preview":"max-image-preview:large","max-video-preview":"max-video-preview:-1"},"canonical":"https:\/\/www.teknocanta.com\/sac-a-dos-congres\/","og_locale":"fr_FR","og_type":"article","og_title":"Sac \u00e0 dos Congr\u00e8s - Tekno \u00c7anta - Promosyon Toptan \u00c7anta \u0130malat\u0131","og_description":"Les frais d&rsquo;impression et la TVA de 8% ne sont pas inclus dans le prix. Le prix des sacs varie en fonction de la quantit\u00e9 command\u00e9e. Il s&rsquo;agit d&rsquo;un produit en stock, la couleur du sac en stock est celle de la photo. Veuillez obtenir des informations sur les couleurs et les stocks actuels. Pour&hellip;","og_url":"https:\/\/www.teknocanta.com\/sac-a-dos-congres\/","og_site_name":"Tekno \u00c7anta - Promosyon Toptan \u00c7anta \u0130malat\u0131","twitter_card":"summary_large_image","twitter_misc":{"Dur\u00e9e de lecture estim\u00e9e":"2 minutes"},"schema":{"@context":"https:\/\/schema.org","@graph":[{"@type":"WebPage","@id":"https:\/\/www.teknocanta.com\/sac-a-dos-congres\/","url":"https:\/\/www.teknocanta.com\/sac-a-dos-congres\/","name":"Sac \u00e0 dos Congr\u00e8s - Tekno \u00c7anta - Promosyon Toptan \u00c7anta \u0130malat\u0131","isPartOf":{"@id":"https:\/\/www.teknocanta.com\/#website"},"primaryImageOfPage":{"@id":"https:\/\/www.teknocanta.com\/sac-a-dos-congres\/#primaryimage"},"image":{"@id":"https:\/\/www.teknocanta.com\/sac-a-dos-congres\/#primaryimage"},"thumbnailUrl":"https:\/\/www.teknocanta.com\/wp-content\/uploads\/2021\/10\/kongresirtcantasianaresim1.jpg","datePublished":"2021-10-14T12:52:54+00:00","breadcrumb":{"@id":"https:\/\/www.teknocanta.com\/sac-a-dos-congres\/#breadcrumb"},"inLanguage":"fr-FR","potentialAction":[{"@type":"ReadAction","target":["https:\/\/www.teknocanta.com\/sac-a-dos-congres\/"]}]},{"@type":"ImageObject","inLanguage":"fr-FR","@id":"https:\/\/www.teknocanta.com\/sac-a-dos-congres\/#primaryimage","url":"https:\/\/www.teknocanta.com\/wp-content\/uploads\/2021\/10\/kongresirtcantasianaresim1.jpg","contentUrl":"https:\/\/www.teknocanta.com\/wp-content\/uploads\/2021\/10\/kongresirtcantasianaresim1.jpg","width":665,"height":751},{"@type":"BreadcrumbList","@id":"https:\/\/www.teknocanta.com\/sac-a-dos-congres\/#breadcrumb","itemListElement":[{"@type":"ListItem","position":1,"name":"Ana sayfa","item":"https:\/\/www.teknocanta.com\/fr\/"},{"@type":"ListItem","position":2,"name":"\u00dcr\u00fcnler","item":"https:\/\/www.teknocanta.com\/urunler\/"},{"@type":"ListItem","position":3,"name":"Sac \u00e0 dos Congr\u00e8s"}]},{"@type":"WebSite","@id":"https:\/\/www.teknocanta.com\/#website","url":"https:\/\/www.teknocanta.com\/","name":"Tekno \u00c7anta - Promosyon Toptan \u00c7anta \u0130malat\u0131","description":"Toptan \u00e7anta imalat\u0131, ham bez \u00e7anta, s\u0131rt \u00e7antalar\u0131, laptop ve evrak \u00e7antalar\u0131, kongre \u00e7antalar\u0131, fuar \u00e7antas\u0131 ve ipli b\u00fczg\u00fcl\u00fc \u00e7anta imalat\u0131 yapmaktay\u0131z.","potentialAction":[{"@type":"SearchAction","target":{"@type":"EntryPoint","urlTemplate":"https:\/\/www.teknocanta.com\/?s={search_term_string}"},"query-input":{"@type":"PropertyValueSpecification","valueRequired":true,"valueName":"search_term_string"}}],"inLanguage":"fr-FR"}]}},"_links":{"self":[{"href":"https:\/\/www.teknocanta.com\/fr\/wp-json\/wp\/v2\/product\/44759","targetHints":{"allow":["GET"]}}],"collection":[{"href":"https:\/\/www.teknocanta.com\/fr\/wp-json\/wp\/v2\/product"}],"about":[{"href":"https:\/\/www.teknocanta.com\/fr\/wp-json\/wp\/v2\/types\/product"}],"replies":[{"embeddable":true,"href":"https:\/\/www.teknocanta.com\/fr\/wp-json\/wp\/v2\/comments?post=44759"}],"wp:featuredmedia":[{"embeddable":true,"href":"https:\/\/www.teknocanta.com\/fr\/wp-json\/wp\/v2\/media\/41450"}],"wp:attachment":[{"href":"https:\/\/www.teknocanta.com\/fr\/wp-json\/wp\/v2\/media?parent=44759"}],"wp:term":[{"taxonomy":"product_brand","embeddable":true,"href":"https:\/\/www.teknocanta.com\/fr\/wp-json\/wp\/v2\/product_brand?post=44759"},{"taxonomy":"product_cat","embeddable":true,"href":"https:\/\/www.teknocanta.com\/fr\/wp-json\/wp\/v2\/product_cat?post=44759"},{"taxonomy":"product_tag","embeddable":true,"href":"https:\/\/www.teknocanta.com\/fr\/wp-json\/wp\/v2\/product_tag?post=44759"}],"curies":[{"name":"wp","href":"https:\/\/api.w.org\/{rel}","templated":true}]}}