{"id":44756,"date":"2021-10-14T15:52:54","date_gmt":"2021-10-14T12:52:54","guid":{"rendered":"https:\/\/www.teknocanta.com\/sac-a-dos-du-congres-approvisionne\/"},"modified":"2023-06-20T16:10:32","modified_gmt":"2023-06-20T13:10:32","slug":"sac-a-dos-du-congres-stocke","status":"publish","type":"product","link":"https:\/\/www.teknocanta.com\/fr\/produit\/sac-a-dos-du-congres-stocke\/","title":{"rendered":"Sac \u00e0 dos du Congr\u00e8s approvisionn\u00e9"},"content":{"rendered":"<div><span style=\"font-size: 12px;\">Sac \u00e0 dos du Congr\u00e8s approvisionn\u00e9<\/span><\/div>\n<div><span style=\"font-size: 12px;\">Les prix des sacs \u00e0 dos indiqu\u00e9s sur notre page web sont valables pour des commandes de 500 pi\u00e8ces. La quantit\u00e9 minimale de commande pour les produits en rupture de stock est de 200 pi\u00e8ces. La TVA de 8% et les frais d&rsquo;impression ne sont pas inclus dans le prix. Veuillez demander une liste de prix pour des quantit\u00e9s diff\u00e9rentes.<\/span><\/div>\n<div><\/div>\n<div><span style=\"font-size: 12px;\">Le produit est fabriqu\u00e9 en tissu imperm\u00e9able 1900 deniers import\u00e9. Il s&rsquo;agit d&rsquo;un type de tissu qui ne contient pas de phtalates, c&rsquo;est-\u00e0-dire de substances canc\u00e9rig\u00e8nes. La surface du tissu convient \u00e0 tous les types d&rsquo;impression. L&rsquo;impression par transfert, la s\u00e9rigraphie, l&rsquo;impression par peinture classique ou la broderie peuvent \u00eatre r\u00e9alis\u00e9es \u00e0 l&rsquo;int\u00e9rieur ou \u00e0 l&rsquo;ext\u00e9rieur du sac. Les produits pr\u00eats \u00e0 l&#8217;emploi ne peuvent pas \u00eatre brod\u00e9s techniquement et ne peuvent \u00eatre imprim\u00e9s qu&rsquo;avec une technique de s\u00e9rigraphie classique \u00e0 une couleur. Il est possible de r\u00e9aliser toutes sortes d&rsquo;impressions dans vos commandes de fabrication sp\u00e9ciales.&nbsp;<\/span><\/div>\n<div><span style=\"font-size: 12px;\"><br \/><\/span><\/div>\n<div><span style=\"font-size: 12px;\">Pour les commandes sp\u00e9ciales de 200 pi\u00e8ces et plus, la couleur du tissu, la couleur de la doublure et la couleur de la fermeture \u00e0 glissi\u00e8re peuvent \u00eatre modifi\u00e9es. Il est possible de modifier le mod\u00e8le du sac en payant une diff\u00e9rence de prix.<\/span><\/div>\n<div><span style=\"font-size: 12px;\"><br \/><\/span><\/div>\n<div><span style=\"font-size: 12px;\">La taille du sac est de 30x40x8 cm. Le sac se compose d&rsquo;une partie sup\u00e9rieure et d&rsquo;une partie frontale. Un compartiment cach\u00e9 avec fermeture \u00e0 glissi\u00e8re se trouve au bas du dos du sac. Une mousse de 8 mm d&rsquo;\u00e9paisseur et une fermeture \u00e9clair de qualit\u00e9 de type 8 sont utilis\u00e9es. Le sac comporte un compartiment pour ordinateur portable. Les tissus de la doublure int\u00e9rieure sont des impertextiles de luxe 270 deniers sans phtalates. Le dos du sac est recouvert d&rsquo;un mat\u00e9riau souple, l&rsquo;airteks, important pour la sant\u00e9 humaine.&nbsp;<\/span><\/div>\n<div><\/div>\n<div><span style=\"font-size: 12px;\">Pour les commandes de sacs sur mesure, le d\u00e9lai de production est d&rsquo;au moins une semaine en fonction de la quantit\u00e9. Les produits en stock peuvent \u00eatre livr\u00e9s le jour m\u00eame sans impression. Si les produits en stock sont imprim\u00e9s, cela peut prendre quelques jours en fonction de la situation.&nbsp;<\/span><\/div>\n<div><span style=\"font-size: 12px;\"><br \/><\/span><\/div>\n<div><span style=\"font-size: 12px;\">Outre les congr\u00e8s et les symposiums, le sac \u00e0 dos est tr\u00e8s pratique pour les \u00e9tudiants. Il s&rsquo;agit d&rsquo;un produit dont la capacit\u00e9 est suffisante pour r\u00e9pondre aux besoins quotidiens. Il s&rsquo;agit d&rsquo;un mod\u00e8le de sac \u00e0 dos l\u00e9ger et fonctionnel.<\/span><\/div>\n<div><\/div>\n<div><span style=\"font-size: 12px;\">Les sacs \u00e0 dos promotionnels sont un produit promotionnel utile que vous pouvez utiliser lors de toutes sortes d&rsquo;\u00e9v\u00e9nements tels que des congr\u00e8s, des symposiums et des s\u00e9minaires \u00e0 des fins promotionnelles et que vous pouvez offrir \u00e0 vos clients.<\/span><\/div>\n<div><span style=\"font-size: 12px;\"><br \/><\/span><\/div>\n<div><span style=\"font-size: 12px;\">Le lieu de fabrication est Istanbul et il s&rsquo;agit d&rsquo;un produit de production nationale \u00e0 100 %. Notre atelier est situ\u00e9 dans le district de K\u00fc\u00e7\u00fck\u00e7ekmece, notre bureau de vente et notre salle d&rsquo;exposition sont situ\u00e9s dans le district de Ba\u011fc\u0131lar, site des grossistes d&rsquo;isto\u00e7.<\/span><\/div>\n<div><span style=\"font-size: 12px;\"><br \/><\/span><\/div>\n<div><span style=\"font-size: 12px;\">Nos produits peuvent \u00eatre exp\u00e9di\u00e9s depuis notre adresse d&rsquo;isto\u00e7 vers toute la Turquie \u00e0 des prix \u00e9conomiques par l&rsquo;interm\u00e9diaire de nos soci\u00e9t\u00e9s de fret ou d&rsquo;entreposage sous contrat.&nbsp;<\/span><\/div>\n","protected":false},"excerpt":{"rendered":"<p>Sac \u00e0 dos du Congr\u00e8s approvisionn\u00e9 Les prix des sacs \u00e0 dos indiqu\u00e9s sur notre page web sont valables pour des commandes de 500 pi\u00e8ces. La quantit\u00e9 minimale de commande pour les produits en rupture de stock est de 200 pi\u00e8ces. La TVA de 8% et les frais d&rsquo;impression ne sont pas inclus dans le&hellip;<\/p>\n","protected":false},"featured_media":41447,"comment_status":"open","ping_status":"closed","template":"","meta":[],"product_brand":[],"product_cat":[1374,1363],"product_tag":[2156,1815,1530,2079,1811,2150,2043,2279,2278],"class_list":{"0":"post-44756","1":"product","2":"type-product","3":"status-publish","4":"has-post-thumbnail","6":"product_cat-sac-a-dos","7":"product_cat-sac-de-congres-et-de-symposium","8":"product_tag-porte-documents-promotionnel","9":"product_tag-prix-des-sacs-a-dos-promotionnels","10":"product_tag-sac-a-dos-avec-stock","11":"product_tag-sac-a-dos-congres-avec-stock","12":"product_tag-sac-a-dos-promotionnel","13":"product_tag-sac-decole-promotionnel","14":"product_tag-sac-promotionnel-a-cordon-coulissant","15":"product_tag-sac-promotionnel-ankara","16":"product_tag-sacs-promotionnels-izmir","17":"description-off","19":"first","20":"instock","21":"shipping-taxable","22":"purchasable","23":"product-type-simple"},"yoast_head":"<!-- This site is optimized with the Yoast SEO plugin v26.6 - https:\/\/yoast.com\/wordpress\/plugins\/seo\/ -->\n<title>Sac \u00e0 dos du Congr\u00e8s approvisionn\u00e9 - Tekno \u00c7anta - Promosyon Toptan \u00c7anta \u0130malat\u0131<\/title>\n<meta name=\"robots\" content=\"index, follow, max-snippet:-1, max-image-preview:large, max-video-preview:-1\" \/>\n<link rel=\"canonical\" href=\"https:\/\/www.teknocanta.com\/fr\/produit\/sac-a-dos-du-congres-stocke\/\" \/>\n<meta property=\"og:locale\" content=\"fr_FR\" \/>\n<meta property=\"og:type\" content=\"article\" \/>\n<meta property=\"og:title\" content=\"Sac \u00e0 dos du Congr\u00e8s approvisionn\u00e9 - Tekno \u00c7anta - Promosyon Toptan \u00c7anta \u0130malat\u0131\" \/>\n<meta property=\"og:description\" content=\"Sac \u00e0 dos du Congr\u00e8s approvisionn\u00e9 Les prix des sacs \u00e0 dos indiqu\u00e9s sur notre page web sont valables pour des commandes de 500 pi\u00e8ces. La quantit\u00e9 minimale de commande pour les produits en rupture de stock est de 200 pi\u00e8ces. La TVA de 8% et les frais d&rsquo;impression ne sont pas inclus dans le&hellip;\" \/>\n<meta property=\"og:url\" content=\"https:\/\/www.teknocanta.com\/fr\/produit\/sac-a-dos-du-congres-stocke\/\" \/>\n<meta property=\"og:site_name\" content=\"Tekno \u00c7anta - Promosyon Toptan \u00c7anta \u0130malat\u0131\" \/>\n<meta property=\"article:modified_time\" content=\"2023-06-20T13:10:32+00:00\" \/>\n<meta property=\"og:image\" content=\"https:\/\/www.teknocanta.com\/wp-content\/uploads\/2021\/10\/stoklu_kongre_sirtcantasi_en_son_ana_1.jpg\" \/>\n\t<meta property=\"og:image:width\" content=\"1000\" \/>\n\t<meta property=\"og:image:height\" content=\"1370\" \/>\n\t<meta property=\"og:image:type\" content=\"image\/jpeg\" \/>\n<meta name=\"twitter:card\" content=\"summary_large_image\" \/>\n<meta name=\"twitter:label1\" content=\"Dur\u00e9e de lecture estim\u00e9e\" \/>\n\t<meta name=\"twitter:data1\" content=\"3 minutes\" \/>\n<script type=\"application\/ld+json\" class=\"yoast-schema-graph\">{\"@context\":\"https:\/\/schema.org\",\"@graph\":[{\"@type\":\"WebPage\",\"@id\":\"https:\/\/www.teknocanta.com\/fr\/produit\/sac-a-dos-du-congres-stocke\/\",\"url\":\"https:\/\/www.teknocanta.com\/fr\/produit\/sac-a-dos-du-congres-stocke\/\",\"name\":\"Sac \u00e0 dos du Congr\u00e8s approvisionn\u00e9 - Tekno \u00c7anta - Promosyon Toptan \u00c7anta \u0130malat\u0131\",\"isPartOf\":{\"@id\":\"https:\/\/www.teknocanta.com\/#website\"},\"primaryImageOfPage\":{\"@id\":\"https:\/\/www.teknocanta.com\/fr\/produit\/sac-a-dos-du-congres-stocke\/#primaryimage\"},\"image\":{\"@id\":\"https:\/\/www.teknocanta.com\/fr\/produit\/sac-a-dos-du-congres-stocke\/#primaryimage\"},\"thumbnailUrl\":\"https:\/\/www.teknocanta.com\/wp-content\/uploads\/2021\/10\/stoklu_kongre_sirtcantasi_en_son_ana_1.jpg\",\"datePublished\":\"2021-10-14T12:52:54+00:00\",\"dateModified\":\"2023-06-20T13:10:32+00:00\",\"breadcrumb\":{\"@id\":\"https:\/\/www.teknocanta.com\/fr\/produit\/sac-a-dos-du-congres-stocke\/#breadcrumb\"},\"inLanguage\":\"fr-FR\",\"potentialAction\":[{\"@type\":\"ReadAction\",\"target\":[\"https:\/\/www.teknocanta.com\/fr\/produit\/sac-a-dos-du-congres-stocke\/\"]}]},{\"@type\":\"ImageObject\",\"inLanguage\":\"fr-FR\",\"@id\":\"https:\/\/www.teknocanta.com\/fr\/produit\/sac-a-dos-du-congres-stocke\/#primaryimage\",\"url\":\"https:\/\/www.teknocanta.com\/wp-content\/uploads\/2021\/10\/stoklu_kongre_sirtcantasi_en_son_ana_1.jpg\",\"contentUrl\":\"https:\/\/www.teknocanta.com\/wp-content\/uploads\/2021\/10\/stoklu_kongre_sirtcantasi_en_son_ana_1.jpg\",\"width\":1000,\"height\":1370},{\"@type\":\"BreadcrumbList\",\"@id\":\"https:\/\/www.teknocanta.com\/fr\/produit\/sac-a-dos-du-congres-stocke\/#breadcrumb\",\"itemListElement\":[{\"@type\":\"ListItem\",\"position\":1,\"name\":\"Ana sayfa\",\"item\":\"https:\/\/www.teknocanta.com\/fr\/\"},{\"@type\":\"ListItem\",\"position\":2,\"name\":\"\u00dcr\u00fcnler\",\"item\":\"https:\/\/www.teknocanta.com\/urunler\/\"},{\"@type\":\"ListItem\",\"position\":3,\"name\":\"Sac \u00e0 dos du Congr\u00e8s approvisionn\u00e9\"}]},{\"@type\":\"WebSite\",\"@id\":\"https:\/\/www.teknocanta.com\/#website\",\"url\":\"https:\/\/www.teknocanta.com\/\",\"name\":\"Tekno \u00c7anta - Promosyon Toptan \u00c7anta \u0130malat\u0131\",\"description\":\"Toptan \u00e7anta imalat\u0131, ham bez \u00e7anta, s\u0131rt \u00e7antalar\u0131, laptop ve evrak \u00e7antalar\u0131, kongre \u00e7antalar\u0131, fuar \u00e7antas\u0131 ve ipli b\u00fczg\u00fcl\u00fc \u00e7anta imalat\u0131 yapmaktay\u0131z.\",\"potentialAction\":[{\"@type\":\"SearchAction\",\"target\":{\"@type\":\"EntryPoint\",\"urlTemplate\":\"https:\/\/www.teknocanta.com\/?s={search_term_string}\"},\"query-input\":{\"@type\":\"PropertyValueSpecification\",\"valueRequired\":true,\"valueName\":\"search_term_string\"}}],\"inLanguage\":\"fr-FR\"}]}<\/script>\n<!-- \/ Yoast SEO plugin. -->","yoast_head_json":{"title":"Sac \u00e0 dos du Congr\u00e8s approvisionn\u00e9 - Tekno \u00c7anta - Promosyon Toptan \u00c7anta \u0130malat\u0131","robots":{"index":"index","follow":"follow","max-snippet":"max-snippet:-1","max-image-preview":"max-image-preview:large","max-video-preview":"max-video-preview:-1"},"canonical":"https:\/\/www.teknocanta.com\/fr\/produit\/sac-a-dos-du-congres-stocke\/","og_locale":"fr_FR","og_type":"article","og_title":"Sac \u00e0 dos du Congr\u00e8s approvisionn\u00e9 - Tekno \u00c7anta - Promosyon Toptan \u00c7anta \u0130malat\u0131","og_description":"Sac \u00e0 dos du Congr\u00e8s approvisionn\u00e9 Les prix des sacs \u00e0 dos indiqu\u00e9s sur notre page web sont valables pour des commandes de 500 pi\u00e8ces. La quantit\u00e9 minimale de commande pour les produits en rupture de stock est de 200 pi\u00e8ces. La TVA de 8% et les frais d&rsquo;impression ne sont pas inclus dans le&hellip;","og_url":"https:\/\/www.teknocanta.com\/fr\/produit\/sac-a-dos-du-congres-stocke\/","og_site_name":"Tekno \u00c7anta - Promosyon Toptan \u00c7anta \u0130malat\u0131","article_modified_time":"2023-06-20T13:10:32+00:00","og_image":[{"width":1000,"height":1370,"url":"https:\/\/www.teknocanta.com\/wp-content\/uploads\/2021\/10\/stoklu_kongre_sirtcantasi_en_son_ana_1.jpg","type":"image\/jpeg"}],"twitter_card":"summary_large_image","twitter_misc":{"Dur\u00e9e de lecture estim\u00e9e":"3 minutes"},"schema":{"@context":"https:\/\/schema.org","@graph":[{"@type":"WebPage","@id":"https:\/\/www.teknocanta.com\/fr\/produit\/sac-a-dos-du-congres-stocke\/","url":"https:\/\/www.teknocanta.com\/fr\/produit\/sac-a-dos-du-congres-stocke\/","name":"Sac \u00e0 dos du Congr\u00e8s approvisionn\u00e9 - Tekno \u00c7anta - Promosyon Toptan \u00c7anta \u0130malat\u0131","isPartOf":{"@id":"https:\/\/www.teknocanta.com\/#website"},"primaryImageOfPage":{"@id":"https:\/\/www.teknocanta.com\/fr\/produit\/sac-a-dos-du-congres-stocke\/#primaryimage"},"image":{"@id":"https:\/\/www.teknocanta.com\/fr\/produit\/sac-a-dos-du-congres-stocke\/#primaryimage"},"thumbnailUrl":"https:\/\/www.teknocanta.com\/wp-content\/uploads\/2021\/10\/stoklu_kongre_sirtcantasi_en_son_ana_1.jpg","datePublished":"2021-10-14T12:52:54+00:00","dateModified":"2023-06-20T13:10:32+00:00","breadcrumb":{"@id":"https:\/\/www.teknocanta.com\/fr\/produit\/sac-a-dos-du-congres-stocke\/#breadcrumb"},"inLanguage":"fr-FR","potentialAction":[{"@type":"ReadAction","target":["https:\/\/www.teknocanta.com\/fr\/produit\/sac-a-dos-du-congres-stocke\/"]}]},{"@type":"ImageObject","inLanguage":"fr-FR","@id":"https:\/\/www.teknocanta.com\/fr\/produit\/sac-a-dos-du-congres-stocke\/#primaryimage","url":"https:\/\/www.teknocanta.com\/wp-content\/uploads\/2021\/10\/stoklu_kongre_sirtcantasi_en_son_ana_1.jpg","contentUrl":"https:\/\/www.teknocanta.com\/wp-content\/uploads\/2021\/10\/stoklu_kongre_sirtcantasi_en_son_ana_1.jpg","width":1000,"height":1370},{"@type":"BreadcrumbList","@id":"https:\/\/www.teknocanta.com\/fr\/produit\/sac-a-dos-du-congres-stocke\/#breadcrumb","itemListElement":[{"@type":"ListItem","position":1,"name":"Ana sayfa","item":"https:\/\/www.teknocanta.com\/fr\/"},{"@type":"ListItem","position":2,"name":"\u00dcr\u00fcnler","item":"https:\/\/www.teknocanta.com\/urunler\/"},{"@type":"ListItem","position":3,"name":"Sac \u00e0 dos du Congr\u00e8s approvisionn\u00e9"}]},{"@type":"WebSite","@id":"https:\/\/www.teknocanta.com\/#website","url":"https:\/\/www.teknocanta.com\/","name":"Tekno \u00c7anta - Promosyon Toptan \u00c7anta \u0130malat\u0131","description":"Toptan \u00e7anta imalat\u0131, ham bez \u00e7anta, s\u0131rt \u00e7antalar\u0131, laptop ve evrak \u00e7antalar\u0131, kongre \u00e7antalar\u0131, fuar \u00e7antas\u0131 ve ipli b\u00fczg\u00fcl\u00fc \u00e7anta imalat\u0131 yapmaktay\u0131z.","potentialAction":[{"@type":"SearchAction","target":{"@type":"EntryPoint","urlTemplate":"https:\/\/www.teknocanta.com\/?s={search_term_string}"},"query-input":{"@type":"PropertyValueSpecification","valueRequired":true,"valueName":"search_term_string"}}],"inLanguage":"fr-FR"}]}},"_links":{"self":[{"href":"https:\/\/www.teknocanta.com\/fr\/wp-json\/wp\/v2\/product\/44756","targetHints":{"allow":["GET"]}}],"collection":[{"href":"https:\/\/www.teknocanta.com\/fr\/wp-json\/wp\/v2\/product"}],"about":[{"href":"https:\/\/www.teknocanta.com\/fr\/wp-json\/wp\/v2\/types\/product"}],"replies":[{"embeddable":true,"href":"https:\/\/www.teknocanta.com\/fr\/wp-json\/wp\/v2\/comments?post=44756"}],"wp:featuredmedia":[{"embeddable":true,"href":"https:\/\/www.teknocanta.com\/fr\/wp-json\/wp\/v2\/media\/41447"}],"wp:attachment":[{"href":"https:\/\/www.teknocanta.com\/fr\/wp-json\/wp\/v2\/media?parent=44756"}],"wp:term":[{"taxonomy":"product_brand","embeddable":true,"href":"https:\/\/www.teknocanta.com\/fr\/wp-json\/wp\/v2\/product_brand?post=44756"},{"taxonomy":"product_cat","embeddable":true,"href":"https:\/\/www.teknocanta.com\/fr\/wp-json\/wp\/v2\/product_cat?post=44756"},{"taxonomy":"product_tag","embeddable":true,"href":"https:\/\/www.teknocanta.com\/fr\/wp-json\/wp\/v2\/product_tag?post=44756"}],"curies":[{"name":"wp","href":"https:\/\/api.w.org\/{rel}","templated":true}]}}