{"id":44753,"date":"2021-10-14T15:52:54","date_gmt":"2021-10-14T12:52:54","guid":{"rendered":"https:\/\/www.teknocanta.com\/sac-a-dos-vip\/"},"modified":"2021-10-14T15:52:54","modified_gmt":"2021-10-14T12:52:54","slug":"sac-a-dos-vip","status":"publish","type":"product","link":"https:\/\/www.teknocanta.com\/fr\/produit\/sac-a-dos-vip\/","title":{"rendered":"Sac \u00e0 dos Vip"},"content":{"rendered":"<div>Sac \u00e0 dos promotionnel Vip<\/div>\n<div><\/div>\n<div>FiyLes prix sont \u00e9tablis pour 500 pi\u00e8ces. Vous pouvez acheter des quantit\u00e9s inf\u00e9rieures. Pour vos demandes de prix en diff\u00e9rentes quantit\u00e9s, vous pouvez demander un prix en envoyant un e-mail \u00e0 notre adresse e-mail dans la section contact. La TVA de 8% et les frais d&rsquo;impression ne sont pas inclus dans le prix. Demandez le tarif d&rsquo;impression en fonction de l&rsquo;image \u00e0 imprimer.<\/div>\n<div><\/div>\n<div>Pour les commandes de 250 pi\u00e8ces ou plus, la couleur du tissu, la couleur de la doublure ou la couleur de la fermeture \u00e9clair peuvent \u00eatre modifi\u00e9es. Le tissu utilis\u00e9 pour l&rsquo;ext\u00e9rieur du sac est un tissu imperm\u00e9able 1900 deniers et les doublures int\u00e9rieures sont en tissu imperm\u00e9able 270 deniers.<\/div>\n<div><\/div>\n<div>La taille du sac est de 44x30x15 cm. Le sac se compose de 3 sections avec fermeture \u00e0 glissi\u00e8re. Un compartiment pour ordinateur portable se trouve \u00e0 l&rsquo;int\u00e9rieur du sac.<\/div>\n<div><\/div>\n<div>Le corps du sac et le compartiment int\u00e9rieur pour ordinateur portable sont soutenus par une mousse de 8 mm d&rsquo;\u00e9paisseur.&nbsp; Un zip de qualit\u00e9 de type 8 est utilis\u00e9.<\/div>\n<div><\/div>\n<div>Il est possible d&rsquo;imprimer \u00e0 l&rsquo;int\u00e9rieur ou \u00e0 l&rsquo;ext\u00e9rieur du sac. Dans les sacs de congr\u00e8s, le nom ou le logo du congr\u00e8s est g\u00e9n\u00e9ralement imprim\u00e9 en une seule couleur \u00e0 l&rsquo;int\u00e9rieur du sac.<\/div>\n<div><\/div>\n<div>Les d\u00e9lais de fabrication des sacs \u00e0 dos VIP en gros varient en fonction du nombre de commandes et sont en moyenne de 15 jours, en fonction de l&rsquo;importance du travail, ils peuvent \u00eatre donn\u00e9s plus t\u00f4t. Les produits en stock peuvent \u00eatre livr\u00e9s le jour m\u00eame sans impression. Si les produits en stock sont imprim\u00e9s, cela peut prendre quelques jours en fonction de la situation. Veuillez obtenir des informations sur les stocks actuels.<\/div>\n<div><\/div>\n<div>Les sacs \u00e0 dos VIp en gros sont un produit promotionnel utile que vous pouvez utiliser dans toutes sortes d&rsquo;\u00e9v\u00e9nements tels que les congr\u00e8s, les symposiums, les conf\u00e9rences et les s\u00e9minaires \u00e0 des fins promotionnelles et que vous pouvez offrir \u00e0 vos clients.<\/div>\n","protected":false},"excerpt":{"rendered":"<p>Sac \u00e0 dos promotionnel Vip FiyLes prix sont \u00e9tablis pour 500 pi\u00e8ces. Vous pouvez acheter des quantit\u00e9s inf\u00e9rieures. Pour vos demandes de prix en diff\u00e9rentes quantit\u00e9s, vous pouvez demander un prix en envoyant un e-mail \u00e0 notre adresse e-mail dans la section contact. La TVA de 8% et les frais d&rsquo;impression ne sont pas inclus&hellip;<\/p>\n","protected":false},"featured_media":41465,"comment_status":"open","ping_status":"closed","template":"","meta":[],"product_brand":[],"product_cat":[1374,1363,1376],"product_tag":[1508,1759,1530,2269,2270,2268,1760,2271],"class_list":{"0":"post-44753","1":"product","2":"type-product","3":"status-publish","4":"has-post-thumbnail","6":"product_cat-sac-a-dos","7":"product_cat-sac-de-congres-et-de-symposium","8":"product_cat-sacs-approvisionnes","9":"product_tag-fabrication-de-sacs-a-dos","10":"product_tag-istoc-wholesale-sac-a-dos","11":"product_tag-sac-a-dos-avec-stock","12":"product_tag-sac-a-dos-de-bonne-qualite","13":"product_tag-sac-a-dos-en-gros-istanbul-fr","14":"product_tag-sac-a-dos-en-gros-pas-cher-fr","15":"product_tag-sac-a-dos-imprime-avec-logo","16":"product_tag-sac-a-dos-vip","17":"description-off","19":"first","20":"instock","21":"shipping-taxable","22":"purchasable","23":"product-type-simple"},"yoast_head":"<!-- This site is optimized with the Yoast SEO plugin v26.6 - https:\/\/yoast.com\/wordpress\/plugins\/seo\/ -->\n<title>Sac \u00e0 dos Vip - Tekno \u00c7anta - Promosyon Toptan \u00c7anta \u0130malat\u0131<\/title>\n<meta name=\"robots\" content=\"index, follow, max-snippet:-1, max-image-preview:large, max-video-preview:-1\" \/>\n<link rel=\"canonical\" href=\"https:\/\/www.teknocanta.com\/sac-a-dos-vip\/\" \/>\n<meta property=\"og:locale\" content=\"fr_FR\" \/>\n<meta property=\"og:type\" content=\"article\" \/>\n<meta property=\"og:title\" content=\"Sac \u00e0 dos Vip - Tekno \u00c7anta - Promosyon Toptan \u00c7anta \u0130malat\u0131\" \/>\n<meta property=\"og:description\" content=\"Sac \u00e0 dos promotionnel Vip FiyLes prix sont \u00e9tablis pour 500 pi\u00e8ces. Vous pouvez acheter des quantit\u00e9s inf\u00e9rieures. Pour vos demandes de prix en diff\u00e9rentes quantit\u00e9s, vous pouvez demander un prix en envoyant un e-mail \u00e0 notre adresse e-mail dans la section contact. La TVA de 8% et les frais d&rsquo;impression ne sont pas inclus&hellip;\" \/>\n<meta property=\"og:url\" content=\"https:\/\/www.teknocanta.com\/sac-a-dos-vip\/\" \/>\n<meta property=\"og:site_name\" content=\"Tekno \u00c7anta - Promosyon Toptan \u00c7anta \u0130malat\u0131\" \/>\n<meta name=\"twitter:card\" content=\"summary_large_image\" \/>\n<meta name=\"twitter:label1\" content=\"Dur\u00e9e de lecture estim\u00e9e\" \/>\n\t<meta name=\"twitter:data1\" content=\"2 minutes\" \/>\n<script type=\"application\/ld+json\" class=\"yoast-schema-graph\">{\"@context\":\"https:\/\/schema.org\",\"@graph\":[{\"@type\":\"WebPage\",\"@id\":\"https:\/\/www.teknocanta.com\/sac-a-dos-vip\/\",\"url\":\"https:\/\/www.teknocanta.com\/sac-a-dos-vip\/\",\"name\":\"Sac \u00e0 dos Vip - Tekno \u00c7anta - Promosyon Toptan \u00c7anta \u0130malat\u0131\",\"isPartOf\":{\"@id\":\"https:\/\/www.teknocanta.com\/#website\"},\"primaryImageOfPage\":{\"@id\":\"https:\/\/www.teknocanta.com\/sac-a-dos-vip\/#primaryimage\"},\"image\":{\"@id\":\"https:\/\/www.teknocanta.com\/sac-a-dos-vip\/#primaryimage\"},\"thumbnailUrl\":\"https:\/\/www.teknocanta.com\/wp-content\/uploads\/2021\/10\/vip_sirt_cantasi_anaresim.jpg\",\"datePublished\":\"2021-10-14T12:52:54+00:00\",\"breadcrumb\":{\"@id\":\"https:\/\/www.teknocanta.com\/sac-a-dos-vip\/#breadcrumb\"},\"inLanguage\":\"fr-FR\",\"potentialAction\":[{\"@type\":\"ReadAction\",\"target\":[\"https:\/\/www.teknocanta.com\/sac-a-dos-vip\/\"]}]},{\"@type\":\"ImageObject\",\"inLanguage\":\"fr-FR\",\"@id\":\"https:\/\/www.teknocanta.com\/sac-a-dos-vip\/#primaryimage\",\"url\":\"https:\/\/www.teknocanta.com\/wp-content\/uploads\/2021\/10\/vip_sirt_cantasi_anaresim.jpg\",\"contentUrl\":\"https:\/\/www.teknocanta.com\/wp-content\/uploads\/2021\/10\/vip_sirt_cantasi_anaresim.jpg\",\"width\":750,\"height\":893},{\"@type\":\"BreadcrumbList\",\"@id\":\"https:\/\/www.teknocanta.com\/sac-a-dos-vip\/#breadcrumb\",\"itemListElement\":[{\"@type\":\"ListItem\",\"position\":1,\"name\":\"Ana sayfa\",\"item\":\"https:\/\/www.teknocanta.com\/fr\/\"},{\"@type\":\"ListItem\",\"position\":2,\"name\":\"\u00dcr\u00fcnler\",\"item\":\"https:\/\/www.teknocanta.com\/urunler\/\"},{\"@type\":\"ListItem\",\"position\":3,\"name\":\"Sac \u00e0 dos Vip\"}]},{\"@type\":\"WebSite\",\"@id\":\"https:\/\/www.teknocanta.com\/#website\",\"url\":\"https:\/\/www.teknocanta.com\/\",\"name\":\"Tekno \u00c7anta - Promosyon Toptan \u00c7anta \u0130malat\u0131\",\"description\":\"Toptan \u00e7anta imalat\u0131, ham bez \u00e7anta, s\u0131rt \u00e7antalar\u0131, laptop ve evrak \u00e7antalar\u0131, kongre \u00e7antalar\u0131, fuar \u00e7antas\u0131 ve ipli b\u00fczg\u00fcl\u00fc \u00e7anta imalat\u0131 yapmaktay\u0131z.\",\"potentialAction\":[{\"@type\":\"SearchAction\",\"target\":{\"@type\":\"EntryPoint\",\"urlTemplate\":\"https:\/\/www.teknocanta.com\/?s={search_term_string}\"},\"query-input\":{\"@type\":\"PropertyValueSpecification\",\"valueRequired\":true,\"valueName\":\"search_term_string\"}}],\"inLanguage\":\"fr-FR\"}]}<\/script>\n<!-- \/ Yoast SEO plugin. -->","yoast_head_json":{"title":"Sac \u00e0 dos Vip - Tekno \u00c7anta - Promosyon Toptan \u00c7anta \u0130malat\u0131","robots":{"index":"index","follow":"follow","max-snippet":"max-snippet:-1","max-image-preview":"max-image-preview:large","max-video-preview":"max-video-preview:-1"},"canonical":"https:\/\/www.teknocanta.com\/sac-a-dos-vip\/","og_locale":"fr_FR","og_type":"article","og_title":"Sac \u00e0 dos Vip - Tekno \u00c7anta - Promosyon Toptan \u00c7anta \u0130malat\u0131","og_description":"Sac \u00e0 dos promotionnel Vip FiyLes prix sont \u00e9tablis pour 500 pi\u00e8ces. Vous pouvez acheter des quantit\u00e9s inf\u00e9rieures. Pour vos demandes de prix en diff\u00e9rentes quantit\u00e9s, vous pouvez demander un prix en envoyant un e-mail \u00e0 notre adresse e-mail dans la section contact. La TVA de 8% et les frais d&rsquo;impression ne sont pas inclus&hellip;","og_url":"https:\/\/www.teknocanta.com\/sac-a-dos-vip\/","og_site_name":"Tekno \u00c7anta - Promosyon Toptan \u00c7anta \u0130malat\u0131","twitter_card":"summary_large_image","twitter_misc":{"Dur\u00e9e de lecture estim\u00e9e":"2 minutes"},"schema":{"@context":"https:\/\/schema.org","@graph":[{"@type":"WebPage","@id":"https:\/\/www.teknocanta.com\/sac-a-dos-vip\/","url":"https:\/\/www.teknocanta.com\/sac-a-dos-vip\/","name":"Sac \u00e0 dos Vip - Tekno \u00c7anta - Promosyon Toptan \u00c7anta \u0130malat\u0131","isPartOf":{"@id":"https:\/\/www.teknocanta.com\/#website"},"primaryImageOfPage":{"@id":"https:\/\/www.teknocanta.com\/sac-a-dos-vip\/#primaryimage"},"image":{"@id":"https:\/\/www.teknocanta.com\/sac-a-dos-vip\/#primaryimage"},"thumbnailUrl":"https:\/\/www.teknocanta.com\/wp-content\/uploads\/2021\/10\/vip_sirt_cantasi_anaresim.jpg","datePublished":"2021-10-14T12:52:54+00:00","breadcrumb":{"@id":"https:\/\/www.teknocanta.com\/sac-a-dos-vip\/#breadcrumb"},"inLanguage":"fr-FR","potentialAction":[{"@type":"ReadAction","target":["https:\/\/www.teknocanta.com\/sac-a-dos-vip\/"]}]},{"@type":"ImageObject","inLanguage":"fr-FR","@id":"https:\/\/www.teknocanta.com\/sac-a-dos-vip\/#primaryimage","url":"https:\/\/www.teknocanta.com\/wp-content\/uploads\/2021\/10\/vip_sirt_cantasi_anaresim.jpg","contentUrl":"https:\/\/www.teknocanta.com\/wp-content\/uploads\/2021\/10\/vip_sirt_cantasi_anaresim.jpg","width":750,"height":893},{"@type":"BreadcrumbList","@id":"https:\/\/www.teknocanta.com\/sac-a-dos-vip\/#breadcrumb","itemListElement":[{"@type":"ListItem","position":1,"name":"Ana sayfa","item":"https:\/\/www.teknocanta.com\/fr\/"},{"@type":"ListItem","position":2,"name":"\u00dcr\u00fcnler","item":"https:\/\/www.teknocanta.com\/urunler\/"},{"@type":"ListItem","position":3,"name":"Sac \u00e0 dos Vip"}]},{"@type":"WebSite","@id":"https:\/\/www.teknocanta.com\/#website","url":"https:\/\/www.teknocanta.com\/","name":"Tekno \u00c7anta - Promosyon Toptan \u00c7anta \u0130malat\u0131","description":"Toptan \u00e7anta imalat\u0131, ham bez \u00e7anta, s\u0131rt \u00e7antalar\u0131, laptop ve evrak \u00e7antalar\u0131, kongre \u00e7antalar\u0131, fuar \u00e7antas\u0131 ve ipli b\u00fczg\u00fcl\u00fc \u00e7anta imalat\u0131 yapmaktay\u0131z.","potentialAction":[{"@type":"SearchAction","target":{"@type":"EntryPoint","urlTemplate":"https:\/\/www.teknocanta.com\/?s={search_term_string}"},"query-input":{"@type":"PropertyValueSpecification","valueRequired":true,"valueName":"search_term_string"}}],"inLanguage":"fr-FR"}]}},"_links":{"self":[{"href":"https:\/\/www.teknocanta.com\/fr\/wp-json\/wp\/v2\/product\/44753","targetHints":{"allow":["GET"]}}],"collection":[{"href":"https:\/\/www.teknocanta.com\/fr\/wp-json\/wp\/v2\/product"}],"about":[{"href":"https:\/\/www.teknocanta.com\/fr\/wp-json\/wp\/v2\/types\/product"}],"replies":[{"embeddable":true,"href":"https:\/\/www.teknocanta.com\/fr\/wp-json\/wp\/v2\/comments?post=44753"}],"wp:featuredmedia":[{"embeddable":true,"href":"https:\/\/www.teknocanta.com\/fr\/wp-json\/wp\/v2\/media\/41465"}],"wp:attachment":[{"href":"https:\/\/www.teknocanta.com\/fr\/wp-json\/wp\/v2\/media?parent=44753"}],"wp:term":[{"taxonomy":"product_brand","embeddable":true,"href":"https:\/\/www.teknocanta.com\/fr\/wp-json\/wp\/v2\/product_brand?post=44753"},{"taxonomy":"product_cat","embeddable":true,"href":"https:\/\/www.teknocanta.com\/fr\/wp-json\/wp\/v2\/product_cat?post=44753"},{"taxonomy":"product_tag","embeddable":true,"href":"https:\/\/www.teknocanta.com\/fr\/wp-json\/wp\/v2\/product_tag?post=44753"}],"curies":[{"name":"wp","href":"https:\/\/api.w.org\/{rel}","templated":true}]}}