{"id":44744,"date":"2021-10-14T15:52:55","date_gmt":"2021-10-14T12:52:55","guid":{"rendered":"https:\/\/www.teknocanta.com\/sac-a-dos-impertex\/"},"modified":"2021-10-14T15:52:55","modified_gmt":"2021-10-14T12:52:55","slug":"sac-a-dos-imperteks","status":"publish","type":"product","link":"https:\/\/www.teknocanta.com\/fr\/produit\/sac-a-dos-imperteks\/","title":{"rendered":"Sac \u00e0 dos Impertex"},"content":{"rendered":"<div><span style=\"font-size: 13.3333px;\">Sac \u00e0 dos Impertex<\/span><\/div>\n<div><span style=\"font-size: 13.3333px;\">Les frais d&rsquo;impression et la TVA de 8% ne sont pas inclus dans le prix. Le prix des sacs varie en fonction de la quantit\u00e9 command\u00e9e.<\/span><\/div>\n<div><span style=\"font-size: 13.3333px;\"><br \/><\/span><\/div>\n<div><span style=\"font-size: 13.3333px;\">Il s&rsquo;agit d&rsquo;un produit en stock, la couleur du sac en stock est celle de la photo. Veuillez obtenir des informations sur les couleurs et les stocks actuels.<\/span><\/div>\n<div><span style=\"font-size: 13.3333px;\"><br \/><\/span><\/div>\n<div><span style=\"font-size: 13.3333px;\"><b><u>Quantit\u00e9 minimale de production<\/u><\/b><\/span><\/div>\n<div><span style=\"font-size: 13.3333px;\">Vous pouvez commander la quantit\u00e9 que vous souhaitez \u00e0 partir de nos sacs pr\u00eats \u00e0 l&#8217;emploi disponibles dans notre entrep\u00f4t. Pour les commandes de sacs de couleurs et de tailles sp\u00e9ciales autres que les couleurs des sacs pr\u00eats \u00e0 l&#8217;emploi en stock, la quantit\u00e9 minimale de commande est de 200 pi\u00e8ces.&nbsp; Pour les commandes sp\u00e9ciales de 200 pi\u00e8ces ou plus, la couleur du tissu, la couleur de la doublure int\u00e9rieure ou la couleur de la fermeture \u00e0 glissi\u00e8re peuvent \u00eatre modifi\u00e9es.&nbsp;<\/span><\/div>\n<div><span style=\"font-size: 13.3333px;\"><br \/><\/span><\/div>\n<div><span style=\"font-size: 13.3333px;\"><b><u>Mati\u00e8re, d\u00e9tail<\/u><\/b><\/span><\/div>\n<div><span style=\"font-size: 13.3333px;\">Le tissu ext\u00e9rieur du sac est en lin gris et noir, la doublure int\u00e9rieure est en tissu de luxe 270 deniers imperm\u00e9able et sans phtalates. Le mat\u00e9riau Airteks est utilis\u00e9 sur les \u00e9paulettes arri\u00e8re pour un meilleur confort de portage. Les corps des sacs sont soutenus par une mousse de 8 mm d&rsquo;\u00e9paisseur. Une fermeture \u00e0 glissi\u00e8re de qualit\u00e9 de type 8 et des poign\u00e9es en m\u00e9tal artificiel sont utilis\u00e9es. L&rsquo;int\u00e9rieur du sac comporte un compartiment pour l&rsquo;ordinateur portable et une petite poche s\u00e9par\u00e9e pour le mat\u00e9riel de l&rsquo;ordinateur portable. La partie ext\u00e9rieure du sac se compose d&rsquo;une poche sup\u00e9rieure et de deux poches frontales avec fermeture \u00e0 glissi\u00e8re. Des poches sur les c\u00f4t\u00e9s du sac permettent de ranger des objets tels que des bouteilles d&rsquo;animaux ou des parapluies.&nbsp;<\/span><\/div>\n<div><span style=\"font-size: 13.3333px;\"><br \/><\/span><\/div>\n<div><span style=\"font-size: 13.3333px;\"><b><u>Taille<\/u><\/b><\/span><\/div>\n<div><span style=\"font-size: 13.3333px;\">La taille du sac est de 32x42x12 cm. Il est possible de produire des sacs de taille sp\u00e9ciale.&nbsp;<\/span><\/div>\n<div><span style=\"font-size: 13.3333px;\"><br \/><\/span><\/div>\n<div><span style=\"font-size: 13.3333px;\"><u><b>Types d&rsquo;impression, frais d&rsquo;impression et d\u00e9lais de fabrication des sacs.<\/b><\/u><\/span><\/div>\n<div><span style=\"font-size: 13.3333px;\">Il est techniquement possible d&rsquo;imprimer n&rsquo;importe quel type d&rsquo;impression sur n&rsquo;importe quelle partie du sac. Les types d&rsquo;impression sont la s\u00e9rigraphie classique monochrome ou multicolore, l&rsquo;impression par transfert, le marquage laser sur plaque m\u00e9tallique et l&rsquo;impression par broderie. Les frais d&rsquo;impression varient en fonction du nombre de couleurs de l&rsquo;image \u00e0 imprimer, de la taille de l&rsquo;impression, de la quantit\u00e9 d&rsquo;impression et du type d&rsquo;impression. Le temps de fabrication varie en fonction de la quantit\u00e9 command\u00e9e et le temps de fabrication moyen est de 7 \u00e0 15 jours pour les commandes de 200 \u00e0 500 pi\u00e8ces.<\/span><\/div>\n<div><span style=\"font-size: 13.3333px;\"><br \/><\/span><\/div>\n<div><span style=\"font-size: 13.3333px;\"><b><u>Types d&rsquo;impression, frais d&rsquo;impression et d\u00e9lais d&rsquo;ex\u00e9cution pour les sacs pr\u00eats \u00e0 l&#8217;emploi&nbsp;<\/u><\/b><\/span><\/div>\n<div><span style=\"font-size: 13.3333px;\">Nous ne disposons pas de service d&rsquo;impression pour les commandes de sacs de moins de 50 pi\u00e8ces. Il n&rsquo;est pas techniquement possible d&rsquo;imprimer des broderies sur des sacs pr\u00eats \u00e0 l&#8217;emploi. Seules les techniques de s\u00e9rigraphie monochrome, de marquage laser sur plaques m\u00e9talliques et d&rsquo;impression par transfert sont possibles. Les frais d&rsquo;impression varient en fonction du nombre de couleurs de l&rsquo;image \u00e0 imprimer, de la taille de l&rsquo;impression, de la quantit\u00e9 d&rsquo;impression et du type d&rsquo;impression. Les sacs pr\u00eats \u00e0 l&#8217;emploi non imprim\u00e9s peuvent \u00eatre livr\u00e9s le jour m\u00eame, tandis que les sacs imprim\u00e9s peuvent \u00eatre livr\u00e9s dans un d\u00e9lai de 2 \u00e0 7 jours, en fonction du type d&rsquo;impression et de la quantit\u00e9 command\u00e9e.<\/span><\/div>\n<div><span style=\"font-size: 13.3333px;\"><br \/><\/span><\/div>\n<div><span style=\"font-size: 13.3333px;\"><u><b>Domaines d&rsquo;utilisation<\/b><\/u><\/span><\/div>\n<div><span style=\"font-size: 13.3333px;\">Sac \u00e0 dos promotionnel Wholesale Backpack est un produit promotionnel et publicitaire utile et durable que vous pouvez pr\u00e9senter \u00e0 vos visiteurs lors de toutes sortes d&rsquo;\u00e9v\u00e9nements tels que congr\u00e8s, symposiums, conf\u00e9rences et s\u00e9minaires, ainsi que lors des foires sectorielles auxquelles vous participez. Les \u00e9tudiants peuvent l&rsquo;utiliser comme sac d&rsquo;\u00e9cole promotionnel, mais il convient \u00e9galement \u00e0 l&rsquo;usage quotidien des femmes et des hommes.&nbsp;<\/span><\/div>\n<div><span style=\"font-size: 13.3333px;\"><br \/><\/span><\/div>\n<div><span style=\"font-size: 13.3333px;\"><u><b>Livraison<\/b><\/u><\/span><\/div>\n<div><span style=\"font-size: 13.3333px;\">Nous proposons \u00e0 nos clients qui commandent depuis l&rsquo;ext\u00e9rieur d&rsquo;Istanbul des services d&rsquo;exp\u00e9dition \u00e0 des prix abordables par l&rsquo;interm\u00e9diaire de la soci\u00e9t\u00e9 de fret ou des soci\u00e9t\u00e9s de transport avec lesquelles nous avons pass\u00e9 un contrat. Nos clients d&rsquo;Istanbul peuvent venir chercher eux-m\u00eames les produits \u00e0 notre atelier ou au bureau de vente d&rsquo;\u0130sto\u00e7, nous pouvons les envoyer par cargo ou par nos soci\u00e9t\u00e9s de transport sous contrat.<\/span><\/div>\n","protected":false},"excerpt":{"rendered":"<p>Sac \u00e0 dos Impertex Les frais d&rsquo;impression et la TVA de 8% ne sont pas inclus dans le prix. Le prix des sacs varie en fonction de la quantit\u00e9 command\u00e9e. Il s&rsquo;agit d&rsquo;un produit en stock, la couleur du sac en stock est celle de la photo. Veuillez obtenir des informations sur les couleurs et&hellip;<\/p>\n","protected":false},"featured_media":41606,"comment_status":"open","ping_status":"closed","template":"","meta":[],"product_brand":[],"product_cat":[1374,1363,1376],"product_tag":[1816,1459,1820,1815,2002,2001,1824,1813,1481,1819,1811,1822,1814,1823,1812,1696,1810,1821,2235,1949],"class_list":{"0":"post-44744","1":"product","2":"type-product","3":"status-publish","4":"has-post-thumbnail","6":"product_cat-sac-a-dos","7":"product_cat-sac-de-congres-et-de-symposium","8":"product_cat-sacs-approvisionnes","9":"product_tag-entreprises-de-sacs-promotionnels","10":"product_tag-fabricants-de-sacs-fr","11":"product_tag-impression-de-sacs-a-dos","12":"product_tag-prix-des-sacs-a-dos-promotionnels","13":"product_tag-prix-des-sacs-en-gros-istoc","14":"product_tag-prix-des-sacs-promotionnels","15":"product_tag-sac-a-dos-avec-compartiment-pour-ordinateur-portable-pas-cher","16":"product_tag-sac-a-dos-congres","17":"product_tag-sac-a-dos-en-gros","18":"product_tag-sac-a-dos-pour-ordinateur-portable-fr","19":"product_tag-sac-a-dos-promotionnel","20":"product_tag-sac-de-conference","21":"product_tag-sac-de-congres","22":"product_tag-sac-de-congres-istanbul","23":"product_tag-sac-de-congres-promotionnel","24":"product_tag-sac-en-gros-istoc","25":"product_tag-sacoche-de-seminaire","26":"product_tag-sacs-de-qualite-en-gros","27":"product_tag-sacs-en-gros-bon-marche","28":"product_tag-sacs-promotionnels-istanbul","29":"description-off","31":"first","32":"instock","33":"shipping-taxable","34":"purchasable","35":"product-type-simple"},"yoast_head":"<!-- This site is optimized with the Yoast SEO plugin v26.6 - https:\/\/yoast.com\/wordpress\/plugins\/seo\/ -->\n<title>Sac \u00e0 dos Impertex - Tekno \u00c7anta - Promosyon Toptan \u00c7anta \u0130malat\u0131<\/title>\n<meta name=\"robots\" content=\"index, follow, max-snippet:-1, max-image-preview:large, max-video-preview:-1\" \/>\n<link rel=\"canonical\" href=\"https:\/\/www.teknocanta.com\/sac-a-dos-impertex\/\" \/>\n<meta property=\"og:locale\" content=\"fr_FR\" \/>\n<meta property=\"og:type\" content=\"article\" \/>\n<meta property=\"og:title\" content=\"Sac \u00e0 dos Impertex - Tekno \u00c7anta - Promosyon Toptan \u00c7anta \u0130malat\u0131\" \/>\n<meta property=\"og:description\" content=\"Sac \u00e0 dos Impertex Les frais d&rsquo;impression et la TVA de 8% ne sont pas inclus dans le prix. Le prix des sacs varie en fonction de la quantit\u00e9 command\u00e9e. Il s&rsquo;agit d&rsquo;un produit en stock, la couleur du sac en stock est celle de la photo. Veuillez obtenir des informations sur les couleurs et&hellip;\" \/>\n<meta property=\"og:url\" content=\"https:\/\/www.teknocanta.com\/sac-a-dos-impertex\/\" \/>\n<meta property=\"og:site_name\" content=\"Tekno \u00c7anta - Promosyon Toptan \u00c7anta \u0130malat\u0131\" \/>\n<meta name=\"twitter:card\" content=\"summary_large_image\" \/>\n<meta name=\"twitter:label1\" content=\"Dur\u00e9e de lecture estim\u00e9e\" \/>\n\t<meta name=\"twitter:data1\" content=\"3 minutes\" \/>\n<script type=\"application\/ld+json\" class=\"yoast-schema-graph\">{\"@context\":\"https:\/\/schema.org\",\"@graph\":[{\"@type\":\"WebPage\",\"@id\":\"https:\/\/www.teknocanta.com\/sac-a-dos-impertex\/\",\"url\":\"https:\/\/www.teknocanta.com\/sac-a-dos-impertex\/\",\"name\":\"Sac \u00e0 dos Impertex - Tekno \u00c7anta - Promosyon Toptan \u00c7anta \u0130malat\u0131\",\"isPartOf\":{\"@id\":\"https:\/\/www.teknocanta.com\/#website\"},\"primaryImageOfPage\":{\"@id\":\"https:\/\/www.teknocanta.com\/sac-a-dos-impertex\/#primaryimage\"},\"image\":{\"@id\":\"https:\/\/www.teknocanta.com\/sac-a-dos-impertex\/#primaryimage\"},\"thumbnailUrl\":\"https:\/\/www.teknocanta.com\/wp-content\/uploads\/2021\/10\/sirtcantasiimperteksanaresim11.jpg\",\"datePublished\":\"2021-10-14T12:52:55+00:00\",\"breadcrumb\":{\"@id\":\"https:\/\/www.teknocanta.com\/sac-a-dos-impertex\/#breadcrumb\"},\"inLanguage\":\"fr-FR\",\"potentialAction\":[{\"@type\":\"ReadAction\",\"target\":[\"https:\/\/www.teknocanta.com\/sac-a-dos-impertex\/\"]}]},{\"@type\":\"ImageObject\",\"inLanguage\":\"fr-FR\",\"@id\":\"https:\/\/www.teknocanta.com\/sac-a-dos-impertex\/#primaryimage\",\"url\":\"https:\/\/www.teknocanta.com\/wp-content\/uploads\/2021\/10\/sirtcantasiimperteksanaresim11.jpg\",\"contentUrl\":\"https:\/\/www.teknocanta.com\/wp-content\/uploads\/2021\/10\/sirtcantasiimperteksanaresim11.jpg\",\"width\":546,\"height\":729},{\"@type\":\"BreadcrumbList\",\"@id\":\"https:\/\/www.teknocanta.com\/sac-a-dos-impertex\/#breadcrumb\",\"itemListElement\":[{\"@type\":\"ListItem\",\"position\":1,\"name\":\"Ana sayfa\",\"item\":\"https:\/\/www.teknocanta.com\/fr\/\"},{\"@type\":\"ListItem\",\"position\":2,\"name\":\"\u00dcr\u00fcnler\",\"item\":\"https:\/\/www.teknocanta.com\/urunler\/\"},{\"@type\":\"ListItem\",\"position\":3,\"name\":\"Sac \u00e0 dos Impertex\"}]},{\"@type\":\"WebSite\",\"@id\":\"https:\/\/www.teknocanta.com\/#website\",\"url\":\"https:\/\/www.teknocanta.com\/\",\"name\":\"Tekno \u00c7anta - Promosyon Toptan \u00c7anta \u0130malat\u0131\",\"description\":\"Toptan \u00e7anta imalat\u0131, ham bez \u00e7anta, s\u0131rt \u00e7antalar\u0131, laptop ve evrak \u00e7antalar\u0131, kongre \u00e7antalar\u0131, fuar \u00e7antas\u0131 ve ipli b\u00fczg\u00fcl\u00fc \u00e7anta imalat\u0131 yapmaktay\u0131z.\",\"potentialAction\":[{\"@type\":\"SearchAction\",\"target\":{\"@type\":\"EntryPoint\",\"urlTemplate\":\"https:\/\/www.teknocanta.com\/?s={search_term_string}\"},\"query-input\":{\"@type\":\"PropertyValueSpecification\",\"valueRequired\":true,\"valueName\":\"search_term_string\"}}],\"inLanguage\":\"fr-FR\"}]}<\/script>\n<!-- \/ Yoast SEO plugin. -->","yoast_head_json":{"title":"Sac \u00e0 dos Impertex - Tekno \u00c7anta - Promosyon Toptan \u00c7anta \u0130malat\u0131","robots":{"index":"index","follow":"follow","max-snippet":"max-snippet:-1","max-image-preview":"max-image-preview:large","max-video-preview":"max-video-preview:-1"},"canonical":"https:\/\/www.teknocanta.com\/sac-a-dos-impertex\/","og_locale":"fr_FR","og_type":"article","og_title":"Sac \u00e0 dos Impertex - Tekno \u00c7anta - Promosyon Toptan \u00c7anta \u0130malat\u0131","og_description":"Sac \u00e0 dos Impertex Les frais d&rsquo;impression et la TVA de 8% ne sont pas inclus dans le prix. Le prix des sacs varie en fonction de la quantit\u00e9 command\u00e9e. Il s&rsquo;agit d&rsquo;un produit en stock, la couleur du sac en stock est celle de la photo. Veuillez obtenir des informations sur les couleurs et&hellip;","og_url":"https:\/\/www.teknocanta.com\/sac-a-dos-impertex\/","og_site_name":"Tekno \u00c7anta - Promosyon Toptan \u00c7anta \u0130malat\u0131","twitter_card":"summary_large_image","twitter_misc":{"Dur\u00e9e de lecture estim\u00e9e":"3 minutes"},"schema":{"@context":"https:\/\/schema.org","@graph":[{"@type":"WebPage","@id":"https:\/\/www.teknocanta.com\/sac-a-dos-impertex\/","url":"https:\/\/www.teknocanta.com\/sac-a-dos-impertex\/","name":"Sac \u00e0 dos Impertex - Tekno \u00c7anta - Promosyon Toptan \u00c7anta \u0130malat\u0131","isPartOf":{"@id":"https:\/\/www.teknocanta.com\/#website"},"primaryImageOfPage":{"@id":"https:\/\/www.teknocanta.com\/sac-a-dos-impertex\/#primaryimage"},"image":{"@id":"https:\/\/www.teknocanta.com\/sac-a-dos-impertex\/#primaryimage"},"thumbnailUrl":"https:\/\/www.teknocanta.com\/wp-content\/uploads\/2021\/10\/sirtcantasiimperteksanaresim11.jpg","datePublished":"2021-10-14T12:52:55+00:00","breadcrumb":{"@id":"https:\/\/www.teknocanta.com\/sac-a-dos-impertex\/#breadcrumb"},"inLanguage":"fr-FR","potentialAction":[{"@type":"ReadAction","target":["https:\/\/www.teknocanta.com\/sac-a-dos-impertex\/"]}]},{"@type":"ImageObject","inLanguage":"fr-FR","@id":"https:\/\/www.teknocanta.com\/sac-a-dos-impertex\/#primaryimage","url":"https:\/\/www.teknocanta.com\/wp-content\/uploads\/2021\/10\/sirtcantasiimperteksanaresim11.jpg","contentUrl":"https:\/\/www.teknocanta.com\/wp-content\/uploads\/2021\/10\/sirtcantasiimperteksanaresim11.jpg","width":546,"height":729},{"@type":"BreadcrumbList","@id":"https:\/\/www.teknocanta.com\/sac-a-dos-impertex\/#breadcrumb","itemListElement":[{"@type":"ListItem","position":1,"name":"Ana sayfa","item":"https:\/\/www.teknocanta.com\/fr\/"},{"@type":"ListItem","position":2,"name":"\u00dcr\u00fcnler","item":"https:\/\/www.teknocanta.com\/urunler\/"},{"@type":"ListItem","position":3,"name":"Sac \u00e0 dos Impertex"}]},{"@type":"WebSite","@id":"https:\/\/www.teknocanta.com\/#website","url":"https:\/\/www.teknocanta.com\/","name":"Tekno \u00c7anta - Promosyon Toptan \u00c7anta \u0130malat\u0131","description":"Toptan \u00e7anta imalat\u0131, ham bez \u00e7anta, s\u0131rt \u00e7antalar\u0131, laptop ve evrak \u00e7antalar\u0131, kongre \u00e7antalar\u0131, fuar \u00e7antas\u0131 ve ipli b\u00fczg\u00fcl\u00fc \u00e7anta imalat\u0131 yapmaktay\u0131z.","potentialAction":[{"@type":"SearchAction","target":{"@type":"EntryPoint","urlTemplate":"https:\/\/www.teknocanta.com\/?s={search_term_string}"},"query-input":{"@type":"PropertyValueSpecification","valueRequired":true,"valueName":"search_term_string"}}],"inLanguage":"fr-FR"}]}},"_links":{"self":[{"href":"https:\/\/www.teknocanta.com\/fr\/wp-json\/wp\/v2\/product\/44744","targetHints":{"allow":["GET"]}}],"collection":[{"href":"https:\/\/www.teknocanta.com\/fr\/wp-json\/wp\/v2\/product"}],"about":[{"href":"https:\/\/www.teknocanta.com\/fr\/wp-json\/wp\/v2\/types\/product"}],"replies":[{"embeddable":true,"href":"https:\/\/www.teknocanta.com\/fr\/wp-json\/wp\/v2\/comments?post=44744"}],"wp:featuredmedia":[{"embeddable":true,"href":"https:\/\/www.teknocanta.com\/fr\/wp-json\/wp\/v2\/media\/41606"}],"wp:attachment":[{"href":"https:\/\/www.teknocanta.com\/fr\/wp-json\/wp\/v2\/media?parent=44744"}],"wp:term":[{"taxonomy":"product_brand","embeddable":true,"href":"https:\/\/www.teknocanta.com\/fr\/wp-json\/wp\/v2\/product_brand?post=44744"},{"taxonomy":"product_cat","embeddable":true,"href":"https:\/\/www.teknocanta.com\/fr\/wp-json\/wp\/v2\/product_cat?post=44744"},{"taxonomy":"product_tag","embeddable":true,"href":"https:\/\/www.teknocanta.com\/fr\/wp-json\/wp\/v2\/product_tag?post=44744"}],"curies":[{"name":"wp","href":"https:\/\/api.w.org\/{rel}","templated":true}]}}