{"id":44738,"date":"2021-10-14T15:52:55","date_gmt":"2021-10-14T12:52:55","guid":{"rendered":"https:\/\/www.teknocanta.com\/sac-a-dos-pour-ordinateur-portable-3\/"},"modified":"2021-10-14T15:52:55","modified_gmt":"2021-10-14T12:52:55","slug":"sac-a-dos-pour-ordinateur-portable-et-documents-2","status":"publish","type":"product","link":"https:\/\/www.teknocanta.com\/fr\/produit\/sac-a-dos-pour-ordinateur-portable-et-documents-2\/","title":{"rendered":"Sac \u00e0 dos pour ordinateur portable"},"content":{"rendered":"<div>Il s&rsquo;agit d&rsquo;un produit stock\u00e9. La couleur du sac en stock est le gris. La TVA de 8% et les frais d&rsquo;impression ne sont pas inclus dans le prix.&nbsp;<\/div>\n<div>Le tissu imperm\u00e9able Oxford aux propri\u00e9t\u00e9s hydrofuges est utilis\u00e9 sur l&rsquo;ext\u00e9rieur du sac et le tissu imperm\u00e9able de luxe 270 d est utilis\u00e9 sur la doublure int\u00e9rieure. La surface arri\u00e8re du sac est soutenue par des Airteks et une \u00e9ponge. Les bretelles sont ergonomiques et confortables. Le zip T8 est utilis\u00e9.&nbsp;<\/div>\n<div><\/div>\n<div>Dimensions du sac 45 x 33 x 16 cm, poids 850 grammes. La sacoche est suffisamment grande pour accueillir des ordinateurs portables de 17 pouces. Il se compose de deux sections frontales et de deux sections sup\u00e9rieures. Le sac est dot\u00e9 d&rsquo;un compartiment pour ordinateur portable et de petites poches pour les petits objets quotidiens tels que les stylos.&nbsp;<\/div>\n<div><\/div>\n<div>Le sac est con\u00e7u et fabriqu\u00e9 pour \u00eatre globalement confortable, \u00e9l\u00e9gant, ultral\u00e9ger et durable. Id\u00e9al pour toutes les activit\u00e9s de plein air telles que la randonn\u00e9e, les universit\u00e9s, le travail et le shopping, les voyages et le camping, comme sac de sport et de cyclisme et pour l&rsquo;alpinisme. Ce sac \u00e0 dos convient aux hommes, aux femmes et aux amateurs de voyage.<\/div>\n<div><\/div>\n<div>La surface du tissu est techniquement adapt\u00e9e \u00e0 tous les types d&rsquo;impression. L&rsquo;impression par transfert, la s\u00e9rigraphie ou la broderie peuvent \u00eatre r\u00e9alis\u00e9es sur n&rsquo;importe quelle zone \u00e0 l&rsquo;int\u00e9rieur ou \u00e0 l&rsquo;ext\u00e9rieur du sac. Si vous le souhaitez, votre logo peut \u00eatre imprim\u00e9 sur la plaque m\u00e9tallique \u00e0 l&rsquo;aide d&rsquo;une technique d&rsquo;impression au laser et mont\u00e9 sur le sac.<\/div>\n<div><\/div>\n<div>Pour les commandes de 200 pi\u00e8ces ou plus, la couleur du tissu, la couleur de la doublure et la couleur de la fermeture \u00e9clair peuvent \u00eatre modifi\u00e9es.&nbsp;<\/div>\n<div>L&rsquo;impression de broderies est possible \u00e0 partir de 200 pi\u00e8ces. La s\u00e9rigraphie en une couleur ou l&rsquo;impression par transfert est possible sur les sacs d\u00e9j\u00e0 stock\u00e9s.<\/div>\n<div><\/div>\n<div>Pour les commandes sp\u00e9ciales, les d\u00e9lais de production sont d&rsquo;au moins une semaine en fonction de la quantit\u00e9. Les produits pr\u00eats \u00e0 l&#8217;emploi en stock peuvent \u00eatre livr\u00e9s le jour m\u00eame sans impression. Le d\u00e9lai d&rsquo;impression pour les produits en stock est de quelques jours.<\/div>\n<div><\/div>\n<div>Le sac Avrupa est fabriqu\u00e9 \u00e0 Istanbul et il s&rsquo;agit d&rsquo;un produit de fabrication 100 % nationale. Notre atelier est situ\u00e9 dans le district de K\u00fc\u00e7\u00fck\u00e7ekmece, notre bureau de vente et notre salle d&rsquo;exposition sont situ\u00e9s dans le district de Ba\u011fc\u0131lar, site des grossistes d&rsquo;isto\u00e7.<\/div>\n<div><\/div>\n<div>Nos produits peuvent \u00eatre exp\u00e9di\u00e9s dans toute la Turquie \u00e0 des prix \u00e9conomiques par nos soci\u00e9t\u00e9s de fret ou d&rsquo;entreposage sous contrat \u00e0 partir de notre adresse d&rsquo;Isto\u00e7.<\/div>\n","protected":false},"excerpt":{"rendered":"<p>Il s&rsquo;agit d&rsquo;un produit stock\u00e9. La couleur du sac en stock est le gris. La TVA de 8% et les frais d&rsquo;impression ne sont pas inclus dans le prix.&nbsp; Le tissu imperm\u00e9able Oxford aux propri\u00e9t\u00e9s hydrofuges est utilis\u00e9 sur l&rsquo;ext\u00e9rieur du sac et le tissu imperm\u00e9able de luxe 270 d est utilis\u00e9 sur la doublure&hellip;<\/p>\n","protected":false},"featured_media":41543,"comment_status":"open","ping_status":"closed","template":"","meta":[],"product_brand":[],"product_cat":[1374,1363,1376],"product_tag":[1448,1870,2154,1820,1815,2002,2001,1824,1819,1811,1822,1814,1823,1812,1818,1696,1810,2000,1949],"class_list":{"0":"post-44738","1":"product","2":"type-product","3":"status-publish","4":"has-post-thumbnail","6":"product_cat-sac-a-dos","7":"product_cat-sac-de-congres-et-de-symposium","8":"product_cat-sacs-approvisionnes","9":"product_tag-fabricants-de-sacs","10":"product_tag-fabricants-de-sacs-istanbul-fr","11":"product_tag-fabricants-de-sacs-zeytinburnu","12":"product_tag-impression-de-sacs-a-dos","13":"product_tag-prix-des-sacs-a-dos-promotionnels","14":"product_tag-prix-des-sacs-en-gros-istoc","15":"product_tag-prix-des-sacs-promotionnels","16":"product_tag-sac-a-dos-avec-compartiment-pour-ordinateur-portable-pas-cher","17":"product_tag-sac-a-dos-pour-ordinateur-portable-fr","18":"product_tag-sac-a-dos-promotionnel","19":"product_tag-sac-de-conference","20":"product_tag-sac-de-congres","21":"product_tag-sac-de-congres-istanbul","22":"product_tag-sac-de-congres-promotionnel","23":"product_tag-sac-du-symposium","24":"product_tag-sac-en-gros-istoc","25":"product_tag-sacoche-de-seminaire","26":"product_tag-sacs-promotionnels-en-gros","27":"product_tag-sacs-promotionnels-istanbul","28":"description-off","30":"first","31":"instock","32":"shipping-taxable","33":"purchasable","34":"product-type-simple"},"yoast_head":"<!-- This site is optimized with the Yoast SEO plugin v26.6 - https:\/\/yoast.com\/wordpress\/plugins\/seo\/ -->\n<title>Sac \u00e0 dos pour ordinateur portable - Tekno \u00c7anta - Promosyon Toptan \u00c7anta \u0130malat\u0131<\/title>\n<meta name=\"robots\" content=\"index, follow, max-snippet:-1, max-image-preview:large, max-video-preview:-1\" \/>\n<link rel=\"canonical\" href=\"https:\/\/www.teknocanta.com\/sac-a-dos-pour-ordinateur-portable-3\/\" \/>\n<meta property=\"og:locale\" content=\"fr_FR\" \/>\n<meta property=\"og:type\" content=\"article\" \/>\n<meta property=\"og:title\" content=\"Sac \u00e0 dos pour ordinateur portable - Tekno \u00c7anta - Promosyon Toptan \u00c7anta \u0130malat\u0131\" \/>\n<meta property=\"og:description\" content=\"Il s&rsquo;agit d&rsquo;un produit stock\u00e9. La couleur du sac en stock est le gris. La TVA de 8% et les frais d&rsquo;impression ne sont pas inclus dans le prix.&nbsp; Le tissu imperm\u00e9able Oxford aux propri\u00e9t\u00e9s hydrofuges est utilis\u00e9 sur l&rsquo;ext\u00e9rieur du sac et le tissu imperm\u00e9able de luxe 270 d est utilis\u00e9 sur la doublure&hellip;\" \/>\n<meta property=\"og:url\" content=\"https:\/\/www.teknocanta.com\/sac-a-dos-pour-ordinateur-portable-3\/\" \/>\n<meta property=\"og:site_name\" content=\"Tekno \u00c7anta - Promosyon Toptan \u00c7anta \u0130malat\u0131\" \/>\n<meta name=\"twitter:card\" content=\"summary_large_image\" \/>\n<meta name=\"twitter:label1\" content=\"Dur\u00e9e de lecture estim\u00e9e\" \/>\n\t<meta name=\"twitter:data1\" content=\"2 minutes\" \/>\n<script type=\"application\/ld+json\" class=\"yoast-schema-graph\">{\"@context\":\"https:\/\/schema.org\",\"@graph\":[{\"@type\":\"WebPage\",\"@id\":\"https:\/\/www.teknocanta.com\/sac-a-dos-pour-ordinateur-portable-3\/\",\"url\":\"https:\/\/www.teknocanta.com\/sac-a-dos-pour-ordinateur-portable-3\/\",\"name\":\"Sac \u00e0 dos pour ordinateur portable - Tekno \u00c7anta - Promosyon Toptan \u00c7anta \u0130malat\u0131\",\"isPartOf\":{\"@id\":\"https:\/\/www.teknocanta.com\/#website\"},\"primaryImageOfPage\":{\"@id\":\"https:\/\/www.teknocanta.com\/sac-a-dos-pour-ordinateur-portable-3\/#primaryimage\"},\"image\":{\"@id\":\"https:\/\/www.teknocanta.com\/sac-a-dos-pour-ordinateur-portable-3\/#primaryimage\"},\"thumbnailUrl\":\"https:\/\/www.teknocanta.com\/wp-content\/uploads\/2021\/10\/sirt_cantasi_toptan_siyah_ana_resim_1.jpg\",\"datePublished\":\"2021-10-14T12:52:55+00:00\",\"breadcrumb\":{\"@id\":\"https:\/\/www.teknocanta.com\/sac-a-dos-pour-ordinateur-portable-3\/#breadcrumb\"},\"inLanguage\":\"fr-FR\",\"potentialAction\":[{\"@type\":\"ReadAction\",\"target\":[\"https:\/\/www.teknocanta.com\/sac-a-dos-pour-ordinateur-portable-3\/\"]}]},{\"@type\":\"ImageObject\",\"inLanguage\":\"fr-FR\",\"@id\":\"https:\/\/www.teknocanta.com\/sac-a-dos-pour-ordinateur-portable-3\/#primaryimage\",\"url\":\"https:\/\/www.teknocanta.com\/wp-content\/uploads\/2021\/10\/sirt_cantasi_toptan_siyah_ana_resim_1.jpg\",\"contentUrl\":\"https:\/\/www.teknocanta.com\/wp-content\/uploads\/2021\/10\/sirt_cantasi_toptan_siyah_ana_resim_1.jpg\",\"width\":943,\"height\":1034},{\"@type\":\"BreadcrumbList\",\"@id\":\"https:\/\/www.teknocanta.com\/sac-a-dos-pour-ordinateur-portable-3\/#breadcrumb\",\"itemListElement\":[{\"@type\":\"ListItem\",\"position\":1,\"name\":\"Ana sayfa\",\"item\":\"https:\/\/www.teknocanta.com\/fr\/\"},{\"@type\":\"ListItem\",\"position\":2,\"name\":\"\u00dcr\u00fcnler\",\"item\":\"https:\/\/www.teknocanta.com\/urunler\/\"},{\"@type\":\"ListItem\",\"position\":3,\"name\":\"Sac \u00e0 dos pour ordinateur portable\"}]},{\"@type\":\"WebSite\",\"@id\":\"https:\/\/www.teknocanta.com\/#website\",\"url\":\"https:\/\/www.teknocanta.com\/\",\"name\":\"Tekno \u00c7anta - Promosyon Toptan \u00c7anta \u0130malat\u0131\",\"description\":\"Toptan \u00e7anta imalat\u0131, ham bez \u00e7anta, s\u0131rt \u00e7antalar\u0131, laptop ve evrak \u00e7antalar\u0131, kongre \u00e7antalar\u0131, fuar \u00e7antas\u0131 ve ipli b\u00fczg\u00fcl\u00fc \u00e7anta imalat\u0131 yapmaktay\u0131z.\",\"potentialAction\":[{\"@type\":\"SearchAction\",\"target\":{\"@type\":\"EntryPoint\",\"urlTemplate\":\"https:\/\/www.teknocanta.com\/?s={search_term_string}\"},\"query-input\":{\"@type\":\"PropertyValueSpecification\",\"valueRequired\":true,\"valueName\":\"search_term_string\"}}],\"inLanguage\":\"fr-FR\"}]}<\/script>\n<!-- \/ Yoast SEO plugin. -->","yoast_head_json":{"title":"Sac \u00e0 dos pour ordinateur portable - Tekno \u00c7anta - Promosyon Toptan \u00c7anta \u0130malat\u0131","robots":{"index":"index","follow":"follow","max-snippet":"max-snippet:-1","max-image-preview":"max-image-preview:large","max-video-preview":"max-video-preview:-1"},"canonical":"https:\/\/www.teknocanta.com\/sac-a-dos-pour-ordinateur-portable-3\/","og_locale":"fr_FR","og_type":"article","og_title":"Sac \u00e0 dos pour ordinateur portable - Tekno \u00c7anta - Promosyon Toptan \u00c7anta \u0130malat\u0131","og_description":"Il s&rsquo;agit d&rsquo;un produit stock\u00e9. La couleur du sac en stock est le gris. La TVA de 8% et les frais d&rsquo;impression ne sont pas inclus dans le prix.&nbsp; Le tissu imperm\u00e9able Oxford aux propri\u00e9t\u00e9s hydrofuges est utilis\u00e9 sur l&rsquo;ext\u00e9rieur du sac et le tissu imperm\u00e9able de luxe 270 d est utilis\u00e9 sur la doublure&hellip;","og_url":"https:\/\/www.teknocanta.com\/sac-a-dos-pour-ordinateur-portable-3\/","og_site_name":"Tekno \u00c7anta - Promosyon Toptan \u00c7anta \u0130malat\u0131","twitter_card":"summary_large_image","twitter_misc":{"Dur\u00e9e de lecture estim\u00e9e":"2 minutes"},"schema":{"@context":"https:\/\/schema.org","@graph":[{"@type":"WebPage","@id":"https:\/\/www.teknocanta.com\/sac-a-dos-pour-ordinateur-portable-3\/","url":"https:\/\/www.teknocanta.com\/sac-a-dos-pour-ordinateur-portable-3\/","name":"Sac \u00e0 dos pour ordinateur portable - Tekno \u00c7anta - Promosyon Toptan \u00c7anta \u0130malat\u0131","isPartOf":{"@id":"https:\/\/www.teknocanta.com\/#website"},"primaryImageOfPage":{"@id":"https:\/\/www.teknocanta.com\/sac-a-dos-pour-ordinateur-portable-3\/#primaryimage"},"image":{"@id":"https:\/\/www.teknocanta.com\/sac-a-dos-pour-ordinateur-portable-3\/#primaryimage"},"thumbnailUrl":"https:\/\/www.teknocanta.com\/wp-content\/uploads\/2021\/10\/sirt_cantasi_toptan_siyah_ana_resim_1.jpg","datePublished":"2021-10-14T12:52:55+00:00","breadcrumb":{"@id":"https:\/\/www.teknocanta.com\/sac-a-dos-pour-ordinateur-portable-3\/#breadcrumb"},"inLanguage":"fr-FR","potentialAction":[{"@type":"ReadAction","target":["https:\/\/www.teknocanta.com\/sac-a-dos-pour-ordinateur-portable-3\/"]}]},{"@type":"ImageObject","inLanguage":"fr-FR","@id":"https:\/\/www.teknocanta.com\/sac-a-dos-pour-ordinateur-portable-3\/#primaryimage","url":"https:\/\/www.teknocanta.com\/wp-content\/uploads\/2021\/10\/sirt_cantasi_toptan_siyah_ana_resim_1.jpg","contentUrl":"https:\/\/www.teknocanta.com\/wp-content\/uploads\/2021\/10\/sirt_cantasi_toptan_siyah_ana_resim_1.jpg","width":943,"height":1034},{"@type":"BreadcrumbList","@id":"https:\/\/www.teknocanta.com\/sac-a-dos-pour-ordinateur-portable-3\/#breadcrumb","itemListElement":[{"@type":"ListItem","position":1,"name":"Ana sayfa","item":"https:\/\/www.teknocanta.com\/fr\/"},{"@type":"ListItem","position":2,"name":"\u00dcr\u00fcnler","item":"https:\/\/www.teknocanta.com\/urunler\/"},{"@type":"ListItem","position":3,"name":"Sac \u00e0 dos pour ordinateur portable"}]},{"@type":"WebSite","@id":"https:\/\/www.teknocanta.com\/#website","url":"https:\/\/www.teknocanta.com\/","name":"Tekno \u00c7anta - Promosyon Toptan \u00c7anta \u0130malat\u0131","description":"Toptan \u00e7anta imalat\u0131, ham bez \u00e7anta, s\u0131rt \u00e7antalar\u0131, laptop ve evrak \u00e7antalar\u0131, kongre \u00e7antalar\u0131, fuar \u00e7antas\u0131 ve ipli b\u00fczg\u00fcl\u00fc \u00e7anta imalat\u0131 yapmaktay\u0131z.","potentialAction":[{"@type":"SearchAction","target":{"@type":"EntryPoint","urlTemplate":"https:\/\/www.teknocanta.com\/?s={search_term_string}"},"query-input":{"@type":"PropertyValueSpecification","valueRequired":true,"valueName":"search_term_string"}}],"inLanguage":"fr-FR"}]}},"_links":{"self":[{"href":"https:\/\/www.teknocanta.com\/fr\/wp-json\/wp\/v2\/product\/44738","targetHints":{"allow":["GET"]}}],"collection":[{"href":"https:\/\/www.teknocanta.com\/fr\/wp-json\/wp\/v2\/product"}],"about":[{"href":"https:\/\/www.teknocanta.com\/fr\/wp-json\/wp\/v2\/types\/product"}],"replies":[{"embeddable":true,"href":"https:\/\/www.teknocanta.com\/fr\/wp-json\/wp\/v2\/comments?post=44738"}],"wp:featuredmedia":[{"embeddable":true,"href":"https:\/\/www.teknocanta.com\/fr\/wp-json\/wp\/v2\/media\/41543"}],"wp:attachment":[{"href":"https:\/\/www.teknocanta.com\/fr\/wp-json\/wp\/v2\/media?parent=44738"}],"wp:term":[{"taxonomy":"product_brand","embeddable":true,"href":"https:\/\/www.teknocanta.com\/fr\/wp-json\/wp\/v2\/product_brand?post=44738"},{"taxonomy":"product_cat","embeddable":true,"href":"https:\/\/www.teknocanta.com\/fr\/wp-json\/wp\/v2\/product_cat?post=44738"},{"taxonomy":"product_tag","embeddable":true,"href":"https:\/\/www.teknocanta.com\/fr\/wp-json\/wp\/v2\/product_tag?post=44738"}],"curies":[{"name":"wp","href":"https:\/\/api.w.org\/{rel}","templated":true}]}}