{"id":44717,"date":"2021-10-14T15:53:18","date_gmt":"2021-10-14T12:53:18","guid":{"rendered":"https:\/\/www.teknocanta.com\/sacoche-pour-ordinateur-portable-du-congres\/"},"modified":"2021-10-14T15:53:18","modified_gmt":"2021-10-14T12:53:18","slug":"congress-laptop-case","status":"publish","type":"product","link":"https:\/\/www.teknocanta.com\/fr\/produit\/congress-laptop-case\/","title":{"rendered":"Sacoche pour ordinateur portable du Congr\u00e8s"},"content":{"rendered":"<div><font color=\"#222222\">Pour vos demandes de prix en diff\u00e9rentes quantit\u00e9s, vous pouvez demander un prix en envoyant un e-mail \u00e0 notre adresse e-mail dans la section contact. La TVA de 8% et les frais d&rsquo;impression ne sont pas inclus dans le prix.<\/font><\/div>\n<div><font color=\"#222222\"><br \/><\/font><\/div>\n<div><font color=\"#222222\">La combinaison rouge est appliqu\u00e9e en utilisant des fils \u00e0 coudre rouges avec la doublure et la fermeture \u00e9clair du sac. Ainsi, pour les commandes de 200 pi\u00e8ces ou plus, les couleurs souhait\u00e9es peuvent \u00eatre combin\u00e9es en changeant la couleur du tissu, la couleur de la doublure ou la couleur de la fermeture \u00e0 glissi\u00e8re. Les parties ext\u00e9rieures du sac sont fabriqu\u00e9es en tissu imperm\u00e9able en lin et les doublures en tissu imperm\u00e9able 270 deniers.<\/font><\/div>\n<div><font color=\"#222222\"><br \/><\/font><\/div>\n<div><font color=\"#222222\">La taille du sac est de 30x40x8 cm. Le sac se compose de deux parties frontales et d&rsquo;une partie sup\u00e9rieure. Un compartiment pour ordinateur portable se trouve \u00e0 l&rsquo;int\u00e9rieur du sac.<\/font><\/div>\n<div><font color=\"#222222\"><br \/><\/font><\/div>\n<div><font color=\"#222222\">Les corps des sacs sont soutenus par une mousse de 8 mm d&rsquo;\u00e9paisseur. Un zip de qualit\u00e9 de type 8 est utilis\u00e9.<\/font><\/div>\n<div><font color=\"#222222\"><br \/><\/font><\/div>\n<div><font color=\"#222222\">Il est possible de r\u00e9aliser des impressions color\u00e9es \u00e0 l&rsquo;int\u00e9rieur ou \u00e0 l&rsquo;ext\u00e9rieur du sac. L&rsquo;impression de broderies est \u00e9galement possible en option. Les frais d&rsquo;impression varient en fonction du nombre de couleurs de l&rsquo;image \u00e0 imprimer.<\/font><\/div>\n<div><font color=\"#222222\"><br \/><\/font><\/div>\n<div><font color=\"#222222\">Les d\u00e9lais de fabrication des sacs promotionnels pour ordinateurs portables Congress varient en fonction du nombre de commandes et le d\u00e9lai moyen de fabrication est de 15 jours, il peut \u00eatre plus court en fonction de l&rsquo;importance du travail. Les sacs en stock peuvent \u00eatre remis le jour m\u00eame sans impression. Si les produits en stock sont pr\u00e9f\u00e9r\u00e9s comme imprim\u00e9s, le d\u00e9lai d&rsquo;impression peut prendre quelques jours en fonction de l&rsquo;intensit\u00e9.<\/font><\/div>\n<div><font color=\"#222222\"><br \/><\/font><\/div>\n<div><font color=\"#222222\">Veuillez obtenir des informations sur les stocks actuels.<\/font><\/div>\n<div><font color=\"#222222\"><br \/><\/font><\/div>\n<div><font color=\"#222222\">Les sacs promotionnels pour ordinateurs portables de congr\u00e8s sont g\u00e9n\u00e9ralement un produit promotionnel utile que vous pouvez utiliser lors de toutes sortes d&rsquo;\u00e9v\u00e9nements tels que des congr\u00e8s, des symposiums, des conf\u00e9rences et des s\u00e9minaires et que vous pouvez offrir \u00e0 vos clients.<\/font><\/div>\n","protected":false},"excerpt":{"rendered":"<p>Pour vos demandes de prix en diff\u00e9rentes quantit\u00e9s, vous pouvez demander un prix en envoyant un e-mail \u00e0 notre adresse e-mail dans la section contact. La TVA de 8% et les frais d&rsquo;impression ne sont pas inclus dans le prix. La combinaison rouge est appliqu\u00e9e en utilisant des fils \u00e0 coudre rouges avec la doublure&hellip;<\/p>\n","protected":false},"featured_media":41864,"comment_status":"open","ping_status":"closed","template":"","meta":[],"product_brand":[],"product_cat":[1365,1363,1376],"product_tag":[2093,1820,2095,2092,2097,1948,1812,1818,1696,1531,2099,2094,1810,2098,2024,2096,1821,1949],"class_list":{"0":"post-44717","1":"product","2":"type-product","3":"status-publish","4":"has-post-thumbnail","6":"product_cat-ordinateur-portable-et-mallette","7":"product_cat-sac-de-congres-et-de-symposium","8":"product_cat-sacs-approvisionnes","9":"product_tag-fabrication-de-sacoches-dordinateurs-portables-pour-le-congres","10":"product_tag-impression-de-sacs-a-dos","11":"product_tag-modeles-de-sacoches-pour-ordinateurs-portables-du-congres","12":"product_tag-prix-des-sacoches-dordinateurs-portables-du-congres","13":"product_tag-sac-a-dos-promotionnel-pour-ordinateur-portable-congres","14":"product_tag-sac-ankara","15":"product_tag-sac-de-congres-promotionnel","16":"product_tag-sac-du-symposium","17":"product_tag-sac-en-gros-istoc","18":"product_tag-sac-garni","19":"product_tag-sacoche-dordinateur-portable-congres-en-gros","20":"product_tag-sacoche-de-congres-pour-ordinateur-portable-istanbul","21":"product_tag-sacoche-de-seminaire","22":"product_tag-sacoche-pour-ordinateur-portable-congressiste-avec-stock","23":"product_tag-sacoche-pour-ordinateur-portable-du-congres","24":"product_tag-sacoche-promotionnelle-pour-ordinateur-portable","25":"product_tag-sacs-de-qualite-en-gros","26":"product_tag-sacs-promotionnels-istanbul","27":"description-off","29":"first","30":"instock","31":"shipping-taxable","32":"purchasable","33":"product-type-simple"},"yoast_head":"<!-- This site is optimized with the Yoast SEO plugin v26.6 - https:\/\/yoast.com\/wordpress\/plugins\/seo\/ -->\n<title>Sacoche pour ordinateur portable du Congr\u00e8s - Tekno \u00c7anta - Promosyon Toptan \u00c7anta \u0130malat\u0131<\/title>\n<meta name=\"robots\" content=\"index, follow, max-snippet:-1, max-image-preview:large, max-video-preview:-1\" \/>\n<link rel=\"canonical\" href=\"https:\/\/www.teknocanta.com\/sacoche-pour-ordinateur-portable-du-congres\/\" \/>\n<meta property=\"og:locale\" content=\"fr_FR\" \/>\n<meta property=\"og:type\" content=\"article\" \/>\n<meta property=\"og:title\" content=\"Sacoche pour ordinateur portable du Congr\u00e8s - Tekno \u00c7anta - Promosyon Toptan \u00c7anta \u0130malat\u0131\" \/>\n<meta property=\"og:description\" content=\"Pour vos demandes de prix en diff\u00e9rentes quantit\u00e9s, vous pouvez demander un prix en envoyant un e-mail \u00e0 notre adresse e-mail dans la section contact. La TVA de 8% et les frais d&rsquo;impression ne sont pas inclus dans le prix. La combinaison rouge est appliqu\u00e9e en utilisant des fils \u00e0 coudre rouges avec la doublure&hellip;\" \/>\n<meta property=\"og:url\" content=\"https:\/\/www.teknocanta.com\/sacoche-pour-ordinateur-portable-du-congres\/\" \/>\n<meta property=\"og:site_name\" content=\"Tekno \u00c7anta - Promosyon Toptan \u00c7anta \u0130malat\u0131\" \/>\n<meta name=\"twitter:card\" content=\"summary_large_image\" \/>\n<meta name=\"twitter:label1\" content=\"Dur\u00e9e de lecture estim\u00e9e\" \/>\n\t<meta name=\"twitter:data1\" content=\"2 minutes\" \/>\n<script type=\"application\/ld+json\" class=\"yoast-schema-graph\">{\"@context\":\"https:\/\/schema.org\",\"@graph\":[{\"@type\":\"WebPage\",\"@id\":\"https:\/\/www.teknocanta.com\/sacoche-pour-ordinateur-portable-du-congres\/\",\"url\":\"https:\/\/www.teknocanta.com\/sacoche-pour-ordinateur-portable-du-congres\/\",\"name\":\"Sacoche pour ordinateur portable du Congr\u00e8s - Tekno \u00c7anta - Promosyon Toptan \u00c7anta \u0130malat\u0131\",\"isPartOf\":{\"@id\":\"https:\/\/www.teknocanta.com\/#website\"},\"primaryImageOfPage\":{\"@id\":\"https:\/\/www.teknocanta.com\/sacoche-pour-ordinateur-portable-du-congres\/#primaryimage\"},\"image\":{\"@id\":\"https:\/\/www.teknocanta.com\/sacoche-pour-ordinateur-portable-du-congres\/#primaryimage\"},\"thumbnailUrl\":\"https:\/\/www.teknocanta.com\/wp-content\/uploads\/2021\/10\/kongre_laptop_cantasi_son_ana.jpg\",\"datePublished\":\"2021-10-14T12:53:18+00:00\",\"breadcrumb\":{\"@id\":\"https:\/\/www.teknocanta.com\/sacoche-pour-ordinateur-portable-du-congres\/#breadcrumb\"},\"inLanguage\":\"fr-FR\",\"potentialAction\":[{\"@type\":\"ReadAction\",\"target\":[\"https:\/\/www.teknocanta.com\/sacoche-pour-ordinateur-portable-du-congres\/\"]}]},{\"@type\":\"ImageObject\",\"inLanguage\":\"fr-FR\",\"@id\":\"https:\/\/www.teknocanta.com\/sacoche-pour-ordinateur-portable-du-congres\/#primaryimage\",\"url\":\"https:\/\/www.teknocanta.com\/wp-content\/uploads\/2021\/10\/kongre_laptop_cantasi_son_ana.jpg\",\"contentUrl\":\"https:\/\/www.teknocanta.com\/wp-content\/uploads\/2021\/10\/kongre_laptop_cantasi_son_ana.jpg\",\"width\":1000,\"height\":899},{\"@type\":\"BreadcrumbList\",\"@id\":\"https:\/\/www.teknocanta.com\/sacoche-pour-ordinateur-portable-du-congres\/#breadcrumb\",\"itemListElement\":[{\"@type\":\"ListItem\",\"position\":1,\"name\":\"Ana sayfa\",\"item\":\"https:\/\/www.teknocanta.com\/fr\/\"},{\"@type\":\"ListItem\",\"position\":2,\"name\":\"\u00dcr\u00fcnler\",\"item\":\"https:\/\/www.teknocanta.com\/urunler\/\"},{\"@type\":\"ListItem\",\"position\":3,\"name\":\"Sacoche pour ordinateur portable du Congr\u00e8s\"}]},{\"@type\":\"WebSite\",\"@id\":\"https:\/\/www.teknocanta.com\/#website\",\"url\":\"https:\/\/www.teknocanta.com\/\",\"name\":\"Tekno \u00c7anta - Promosyon Toptan \u00c7anta \u0130malat\u0131\",\"description\":\"Toptan \u00e7anta imalat\u0131, ham bez \u00e7anta, s\u0131rt \u00e7antalar\u0131, laptop ve evrak \u00e7antalar\u0131, kongre \u00e7antalar\u0131, fuar \u00e7antas\u0131 ve ipli b\u00fczg\u00fcl\u00fc \u00e7anta imalat\u0131 yapmaktay\u0131z.\",\"potentialAction\":[{\"@type\":\"SearchAction\",\"target\":{\"@type\":\"EntryPoint\",\"urlTemplate\":\"https:\/\/www.teknocanta.com\/?s={search_term_string}\"},\"query-input\":{\"@type\":\"PropertyValueSpecification\",\"valueRequired\":true,\"valueName\":\"search_term_string\"}}],\"inLanguage\":\"fr-FR\"}]}<\/script>\n<!-- \/ Yoast SEO plugin. -->","yoast_head_json":{"title":"Sacoche pour ordinateur portable du Congr\u00e8s - Tekno \u00c7anta - Promosyon Toptan \u00c7anta \u0130malat\u0131","robots":{"index":"index","follow":"follow","max-snippet":"max-snippet:-1","max-image-preview":"max-image-preview:large","max-video-preview":"max-video-preview:-1"},"canonical":"https:\/\/www.teknocanta.com\/sacoche-pour-ordinateur-portable-du-congres\/","og_locale":"fr_FR","og_type":"article","og_title":"Sacoche pour ordinateur portable du Congr\u00e8s - Tekno \u00c7anta - Promosyon Toptan \u00c7anta \u0130malat\u0131","og_description":"Pour vos demandes de prix en diff\u00e9rentes quantit\u00e9s, vous pouvez demander un prix en envoyant un e-mail \u00e0 notre adresse e-mail dans la section contact. La TVA de 8% et les frais d&rsquo;impression ne sont pas inclus dans le prix. La combinaison rouge est appliqu\u00e9e en utilisant des fils \u00e0 coudre rouges avec la doublure&hellip;","og_url":"https:\/\/www.teknocanta.com\/sacoche-pour-ordinateur-portable-du-congres\/","og_site_name":"Tekno \u00c7anta - Promosyon Toptan \u00c7anta \u0130malat\u0131","twitter_card":"summary_large_image","twitter_misc":{"Dur\u00e9e de lecture estim\u00e9e":"2 minutes"},"schema":{"@context":"https:\/\/schema.org","@graph":[{"@type":"WebPage","@id":"https:\/\/www.teknocanta.com\/sacoche-pour-ordinateur-portable-du-congres\/","url":"https:\/\/www.teknocanta.com\/sacoche-pour-ordinateur-portable-du-congres\/","name":"Sacoche pour ordinateur portable du Congr\u00e8s - Tekno \u00c7anta - Promosyon Toptan \u00c7anta \u0130malat\u0131","isPartOf":{"@id":"https:\/\/www.teknocanta.com\/#website"},"primaryImageOfPage":{"@id":"https:\/\/www.teknocanta.com\/sacoche-pour-ordinateur-portable-du-congres\/#primaryimage"},"image":{"@id":"https:\/\/www.teknocanta.com\/sacoche-pour-ordinateur-portable-du-congres\/#primaryimage"},"thumbnailUrl":"https:\/\/www.teknocanta.com\/wp-content\/uploads\/2021\/10\/kongre_laptop_cantasi_son_ana.jpg","datePublished":"2021-10-14T12:53:18+00:00","breadcrumb":{"@id":"https:\/\/www.teknocanta.com\/sacoche-pour-ordinateur-portable-du-congres\/#breadcrumb"},"inLanguage":"fr-FR","potentialAction":[{"@type":"ReadAction","target":["https:\/\/www.teknocanta.com\/sacoche-pour-ordinateur-portable-du-congres\/"]}]},{"@type":"ImageObject","inLanguage":"fr-FR","@id":"https:\/\/www.teknocanta.com\/sacoche-pour-ordinateur-portable-du-congres\/#primaryimage","url":"https:\/\/www.teknocanta.com\/wp-content\/uploads\/2021\/10\/kongre_laptop_cantasi_son_ana.jpg","contentUrl":"https:\/\/www.teknocanta.com\/wp-content\/uploads\/2021\/10\/kongre_laptop_cantasi_son_ana.jpg","width":1000,"height":899},{"@type":"BreadcrumbList","@id":"https:\/\/www.teknocanta.com\/sacoche-pour-ordinateur-portable-du-congres\/#breadcrumb","itemListElement":[{"@type":"ListItem","position":1,"name":"Ana sayfa","item":"https:\/\/www.teknocanta.com\/fr\/"},{"@type":"ListItem","position":2,"name":"\u00dcr\u00fcnler","item":"https:\/\/www.teknocanta.com\/urunler\/"},{"@type":"ListItem","position":3,"name":"Sacoche pour ordinateur portable du Congr\u00e8s"}]},{"@type":"WebSite","@id":"https:\/\/www.teknocanta.com\/#website","url":"https:\/\/www.teknocanta.com\/","name":"Tekno \u00c7anta - Promosyon Toptan \u00c7anta \u0130malat\u0131","description":"Toptan \u00e7anta imalat\u0131, ham bez \u00e7anta, s\u0131rt \u00e7antalar\u0131, laptop ve evrak \u00e7antalar\u0131, kongre \u00e7antalar\u0131, fuar \u00e7antas\u0131 ve ipli b\u00fczg\u00fcl\u00fc \u00e7anta imalat\u0131 yapmaktay\u0131z.","potentialAction":[{"@type":"SearchAction","target":{"@type":"EntryPoint","urlTemplate":"https:\/\/www.teknocanta.com\/?s={search_term_string}"},"query-input":{"@type":"PropertyValueSpecification","valueRequired":true,"valueName":"search_term_string"}}],"inLanguage":"fr-FR"}]}},"_links":{"self":[{"href":"https:\/\/www.teknocanta.com\/fr\/wp-json\/wp\/v2\/product\/44717","targetHints":{"allow":["GET"]}}],"collection":[{"href":"https:\/\/www.teknocanta.com\/fr\/wp-json\/wp\/v2\/product"}],"about":[{"href":"https:\/\/www.teknocanta.com\/fr\/wp-json\/wp\/v2\/types\/product"}],"replies":[{"embeddable":true,"href":"https:\/\/www.teknocanta.com\/fr\/wp-json\/wp\/v2\/comments?post=44717"}],"wp:featuredmedia":[{"embeddable":true,"href":"https:\/\/www.teknocanta.com\/fr\/wp-json\/wp\/v2\/media\/41864"}],"wp:attachment":[{"href":"https:\/\/www.teknocanta.com\/fr\/wp-json\/wp\/v2\/media?parent=44717"}],"wp:term":[{"taxonomy":"product_brand","embeddable":true,"href":"https:\/\/www.teknocanta.com\/fr\/wp-json\/wp\/v2\/product_brand?post=44717"},{"taxonomy":"product_cat","embeddable":true,"href":"https:\/\/www.teknocanta.com\/fr\/wp-json\/wp\/v2\/product_cat?post=44717"},{"taxonomy":"product_tag","embeddable":true,"href":"https:\/\/www.teknocanta.com\/fr\/wp-json\/wp\/v2\/product_tag?post=44717"}],"curies":[{"name":"wp","href":"https:\/\/api.w.org\/{rel}","templated":true}]}}