{"id":44714,"date":"2021-10-14T15:54:07","date_gmt":"2021-10-14T12:54:07","guid":{"rendered":"https:\/\/www.teknocanta.com\/fabrication-de-sacs-promotionnels\/"},"modified":"2021-10-14T15:54:07","modified_gmt":"2021-10-14T12:54:07","slug":"sac-promotionnel-fabrication","status":"publish","type":"product","link":"https:\/\/www.teknocanta.com\/fr\/produit\/sac-promotionnel-fabrication\/","title":{"rendered":"Fabrication de sacs promotionnels"},"content":{"rendered":"<p>Fabrication de sacs promotionnels<\/p>\n<p>Vous pouvez commander des sacs imprim\u00e9s ou non imprim\u00e9s dans la quantit\u00e9 que vous souhaitez : Le prix des sacs varie en fonction du nombre de commandes et de l&rsquo;impression sur le sac. FiyLes prix sont \u00e9tablis pour 500 pi\u00e8ces. Les frais d&rsquo;impression ne sont pas inclus dans le prix. <\/p>\n<p>Notre mod\u00e8le de sac \u00e0 dos promotionnel est disponible en stock dans notre entrep\u00f4t, vous pouvez le commander imprim\u00e9 ou non imprim\u00e9. Veuillez demander un d\u00e9lai pour les produits en rupture de stock. <br \/>Pour les commandes de 200 pi\u00e8ces ou plus, la couleur et le type de tissu, la couleur de la doublure int\u00e9rieure ou la couleur de la fermeture \u00e9clair du sac peuvent \u00eatre modifi\u00e9s en r\u00e9alisant une production sp\u00e9ciale pour vous. <\/p>\n<p>Les parties ext\u00e9rieures du sac sont en tissu imperm\u00e9able en lin et les doublures sont en tissu imperm\u00e9able 270 deniers. Les dimensions du sac sont de 40x27x10 cm. Le sac se compose de deux poches frontales transversales avec fermeture \u00e0 glissi\u00e8re, de deux compartiments sup\u00e9rieurs et d&rsquo;un compartiment pour ordinateur portable avec support en mousse \u00e0 l&rsquo;int\u00e9rieur du sac. Les corps des sacs sont soutenus par une mousse \u00e9ponge de 8 mm d&rsquo;\u00e9paisseur. Un zip de qualit\u00e9 de type 8 est utilis\u00e9.<\/p>\n<p>Il est possible d&rsquo;imprimer un logo \u00e0 l&rsquo;int\u00e9rieur ou \u00e0 l&rsquo;ext\u00e9rieur du sac, \u00e0 l&rsquo;endroit de votre choix. La broderie, l&rsquo;impression par transfert, la s\u00e9rigraphie classique ou la boucle m\u00e9tallique imprim\u00e9e au laser peuvent \u00e9galement \u00eatre appliqu\u00e9es sur le sac. Logo, \u00e7antan\u0131n i\u00e7ine veya d\u0131\u015f\u0131na, sizin se\u00e7ece\u011finiz bir yere bas\u0131labilir. Les co\u00fbts d&rsquo;impression varient en fonction du nombre de couleurs de l&rsquo;image \u00e0 imprimer, de la technique d&rsquo;impression et du nombre de commandes. Techniquement, seule l&rsquo;impression d&rsquo;un logo en une couleur ou l&rsquo;impression par transfert peut \u00eatre r\u00e9alis\u00e9e sur les sacs pr\u00eats \u00e0 l&#8217;emploi stock\u00e9s. <\/p>\n<p>Les d\u00e9lais de fabrication des sacs promotionnels varient en fonction du nombre de commandes et du mod\u00e8le de sac. Les sacs pr\u00eats \u00e0 l&#8217;emploi en stock peuvent \u00eatre livr\u00e9s le jour m\u00eame sans impression. Si les mod\u00e8les de sacs en stock sont pr\u00e9f\u00e9r\u00e9s imprim\u00e9s, le d\u00e9lai d&rsquo;impression peut prendre quelques jours en fonction de l&rsquo;intensit\u00e9. <br \/>Veuillez v\u00e9rifier le stock actuel et&nbsp;temps de production&nbsp;des informations.<\/p>\n<p>Les entreprises de fabrication de sacs promotionnels sont g\u00e9n\u00e9ralement des organisations de congr\u00e8s, des associations ou des entreprises. La fabrication de sacs \u00e0 dos promotionnels est un outil promotionnel permanent et efficace \u00e0 long terme. <\/p>\n<p>Vous pouvez voir les mod\u00e8les de sacs promotionnels que nous fabriquons en venant dans notre bureau de vente Avrupa \u00c7anta \u00e0 ISTOC site des grossistes et vous pouvez demander un \u00e9chantillon avant de commander pour vos achats en gros. Vous pouvez \u00e9galement suivre les \u00e9tapes de production et d&rsquo;impression en vous rendant dans notre atelier de fabrication de sacs \u00e0 Zeytinburnu, \u00e0 Istanbul.&nbsp; <\/p>\n<p>Notre soci\u00e9t\u00e9, qui fabrique des sacs promotionnels, continue \u00e0 fabriquer des sacs pour tous vos \u00e9v\u00e9nements tels que les foires, les congr\u00e8s et les symposiums. Nous envoyons les sacs que nous fabriquons \u00e0 des prix abordables par l&rsquo;interm\u00e9diaire des soci\u00e9t\u00e9s d&rsquo;exp\u00e9dition ou de fret avec lesquelles nous avons pass\u00e9 des contrats \u00e0 l&rsquo;int\u00e9rieur et \u00e0 l&rsquo;ext\u00e9rieur d&rsquo;Istanbul.<\/p><\/p>\n","protected":false},"excerpt":{"rendered":"<p>Fabrication de sacs promotionnels Vous pouvez commander des sacs imprim\u00e9s ou non imprim\u00e9s dans la quantit\u00e9 que vous souhaitez : Le prix des sacs varie en fonction du nombre de commandes et de l&rsquo;impression sur le sac. FiyLes prix sont \u00e9tablis pour 500 pi\u00e8ces. Les frais d&rsquo;impression ne sont pas inclus dans le prix. Notre&hellip;<\/p>\n","protected":false},"featured_media":41990,"comment_status":"open","ping_status":"closed","template":"","meta":[],"product_brand":[],"product_cat":[1374,1363,1376],"product_tag":[1576,1855,1758,2077,1530,1854,1813,2079,2078,2076,1856,1533,1819],"class_list":{"0":"post-44714","1":"product","2":"type-product","3":"status-publish","4":"has-post-thumbnail","6":"product_cat-sac-a-dos","7":"product_cat-sac-de-congres-et-de-symposium","8":"product_cat-sacs-approvisionnes","9":"product_tag-fabricants-de-sacs-a-dos","10":"product_tag-fabricants-de-sacs-promotionnels-istanbul","11":"product_tag-fabrication-de-sacs-promotionnels","12":"product_tag-promotion-des-sacs-a-dos","13":"product_tag-sac-a-dos-avec-stock","14":"product_tag-sac-a-dos-cadeau-en-gros","15":"product_tag-sac-a-dos-congres","16":"product_tag-sac-a-dos-congres-avec-stock","17":"product_tag-sac-a-dos-de-conference","18":"product_tag-sac-a-dos-du-symposium","19":"product_tag-sac-a-dos-en-gros-istanbul","20":"product_tag-sac-a-dos-imprime","21":"product_tag-sac-a-dos-pour-ordinateur-portable-fr","22":"description-off","24":"first","25":"instock","26":"shipping-taxable","27":"purchasable","28":"product-type-simple"},"yoast_head":"<!-- This site is optimized with the Yoast SEO plugin v26.6 - https:\/\/yoast.com\/wordpress\/plugins\/seo\/ -->\n<title>Fabrication de sacs promotionnels - Tekno \u00c7anta - Promosyon Toptan \u00c7anta \u0130malat\u0131<\/title>\n<meta name=\"robots\" content=\"index, follow, max-snippet:-1, max-image-preview:large, max-video-preview:-1\" \/>\n<link rel=\"canonical\" href=\"https:\/\/www.teknocanta.com\/fabrication-de-sacs-promotionnels\/\" \/>\n<meta property=\"og:locale\" content=\"fr_FR\" \/>\n<meta property=\"og:type\" content=\"article\" \/>\n<meta property=\"og:title\" content=\"Fabrication de sacs promotionnels - Tekno \u00c7anta - Promosyon Toptan \u00c7anta \u0130malat\u0131\" \/>\n<meta property=\"og:description\" content=\"Fabrication de sacs promotionnels Vous pouvez commander des sacs imprim\u00e9s ou non imprim\u00e9s dans la quantit\u00e9 que vous souhaitez : Le prix des sacs varie en fonction du nombre de commandes et de l&rsquo;impression sur le sac. FiyLes prix sont \u00e9tablis pour 500 pi\u00e8ces. Les frais d&rsquo;impression ne sont pas inclus dans le prix. Notre&hellip;\" \/>\n<meta property=\"og:url\" content=\"https:\/\/www.teknocanta.com\/fabrication-de-sacs-promotionnels\/\" \/>\n<meta property=\"og:site_name\" content=\"Tekno \u00c7anta - Promosyon Toptan \u00c7anta \u0130malat\u0131\" \/>\n<meta name=\"twitter:card\" content=\"summary_large_image\" \/>\n<meta name=\"twitter:label1\" content=\"Dur\u00e9e de lecture estim\u00e9e\" \/>\n\t<meta name=\"twitter:data1\" content=\"3 minutes\" \/>\n<script type=\"application\/ld+json\" class=\"yoast-schema-graph\">{\"@context\":\"https:\/\/schema.org\",\"@graph\":[{\"@type\":\"WebPage\",\"@id\":\"https:\/\/www.teknocanta.com\/fabrication-de-sacs-promotionnels\/\",\"url\":\"https:\/\/www.teknocanta.com\/fabrication-de-sacs-promotionnels\/\",\"name\":\"Fabrication de sacs promotionnels - Tekno \u00c7anta - Promosyon Toptan \u00c7anta \u0130malat\u0131\",\"isPartOf\":{\"@id\":\"https:\/\/www.teknocanta.com\/#website\"},\"primaryImageOfPage\":{\"@id\":\"https:\/\/www.teknocanta.com\/fabrication-de-sacs-promotionnels\/#primaryimage\"},\"image\":{\"@id\":\"https:\/\/www.teknocanta.com\/fabrication-de-sacs-promotionnels\/#primaryimage\"},\"thumbnailUrl\":\"https:\/\/www.teknocanta.com\/wp-content\/uploads\/2021\/10\/promosyon_canta_imalati_yeni_ana_1.jpg\",\"datePublished\":\"2021-10-14T12:54:07+00:00\",\"breadcrumb\":{\"@id\":\"https:\/\/www.teknocanta.com\/fabrication-de-sacs-promotionnels\/#breadcrumb\"},\"inLanguage\":\"fr-FR\",\"potentialAction\":[{\"@type\":\"ReadAction\",\"target\":[\"https:\/\/www.teknocanta.com\/fabrication-de-sacs-promotionnels\/\"]}]},{\"@type\":\"ImageObject\",\"inLanguage\":\"fr-FR\",\"@id\":\"https:\/\/www.teknocanta.com\/fabrication-de-sacs-promotionnels\/#primaryimage\",\"url\":\"https:\/\/www.teknocanta.com\/wp-content\/uploads\/2021\/10\/promosyon_canta_imalati_yeni_ana_1.jpg\",\"contentUrl\":\"https:\/\/www.teknocanta.com\/wp-content\/uploads\/2021\/10\/promosyon_canta_imalati_yeni_ana_1.jpg\",\"width\":623,\"height\":797},{\"@type\":\"BreadcrumbList\",\"@id\":\"https:\/\/www.teknocanta.com\/fabrication-de-sacs-promotionnels\/#breadcrumb\",\"itemListElement\":[{\"@type\":\"ListItem\",\"position\":1,\"name\":\"Ana sayfa\",\"item\":\"https:\/\/www.teknocanta.com\/fr\/\"},{\"@type\":\"ListItem\",\"position\":2,\"name\":\"\u00dcr\u00fcnler\",\"item\":\"https:\/\/www.teknocanta.com\/urunler\/\"},{\"@type\":\"ListItem\",\"position\":3,\"name\":\"Fabrication de sacs promotionnels\"}]},{\"@type\":\"WebSite\",\"@id\":\"https:\/\/www.teknocanta.com\/#website\",\"url\":\"https:\/\/www.teknocanta.com\/\",\"name\":\"Tekno \u00c7anta - Promosyon Toptan \u00c7anta \u0130malat\u0131\",\"description\":\"Toptan \u00e7anta imalat\u0131, ham bez \u00e7anta, s\u0131rt \u00e7antalar\u0131, laptop ve evrak \u00e7antalar\u0131, kongre \u00e7antalar\u0131, fuar \u00e7antas\u0131 ve ipli b\u00fczg\u00fcl\u00fc \u00e7anta imalat\u0131 yapmaktay\u0131z.\",\"potentialAction\":[{\"@type\":\"SearchAction\",\"target\":{\"@type\":\"EntryPoint\",\"urlTemplate\":\"https:\/\/www.teknocanta.com\/?s={search_term_string}\"},\"query-input\":{\"@type\":\"PropertyValueSpecification\",\"valueRequired\":true,\"valueName\":\"search_term_string\"}}],\"inLanguage\":\"fr-FR\"}]}<\/script>\n<!-- \/ Yoast SEO plugin. -->","yoast_head_json":{"title":"Fabrication de sacs promotionnels - Tekno \u00c7anta - Promosyon Toptan \u00c7anta \u0130malat\u0131","robots":{"index":"index","follow":"follow","max-snippet":"max-snippet:-1","max-image-preview":"max-image-preview:large","max-video-preview":"max-video-preview:-1"},"canonical":"https:\/\/www.teknocanta.com\/fabrication-de-sacs-promotionnels\/","og_locale":"fr_FR","og_type":"article","og_title":"Fabrication de sacs promotionnels - Tekno \u00c7anta - Promosyon Toptan \u00c7anta \u0130malat\u0131","og_description":"Fabrication de sacs promotionnels Vous pouvez commander des sacs imprim\u00e9s ou non imprim\u00e9s dans la quantit\u00e9 que vous souhaitez : Le prix des sacs varie en fonction du nombre de commandes et de l&rsquo;impression sur le sac. FiyLes prix sont \u00e9tablis pour 500 pi\u00e8ces. Les frais d&rsquo;impression ne sont pas inclus dans le prix. Notre&hellip;","og_url":"https:\/\/www.teknocanta.com\/fabrication-de-sacs-promotionnels\/","og_site_name":"Tekno \u00c7anta - Promosyon Toptan \u00c7anta \u0130malat\u0131","twitter_card":"summary_large_image","twitter_misc":{"Dur\u00e9e de lecture estim\u00e9e":"3 minutes"},"schema":{"@context":"https:\/\/schema.org","@graph":[{"@type":"WebPage","@id":"https:\/\/www.teknocanta.com\/fabrication-de-sacs-promotionnels\/","url":"https:\/\/www.teknocanta.com\/fabrication-de-sacs-promotionnels\/","name":"Fabrication de sacs promotionnels - Tekno \u00c7anta - Promosyon Toptan \u00c7anta \u0130malat\u0131","isPartOf":{"@id":"https:\/\/www.teknocanta.com\/#website"},"primaryImageOfPage":{"@id":"https:\/\/www.teknocanta.com\/fabrication-de-sacs-promotionnels\/#primaryimage"},"image":{"@id":"https:\/\/www.teknocanta.com\/fabrication-de-sacs-promotionnels\/#primaryimage"},"thumbnailUrl":"https:\/\/www.teknocanta.com\/wp-content\/uploads\/2021\/10\/promosyon_canta_imalati_yeni_ana_1.jpg","datePublished":"2021-10-14T12:54:07+00:00","breadcrumb":{"@id":"https:\/\/www.teknocanta.com\/fabrication-de-sacs-promotionnels\/#breadcrumb"},"inLanguage":"fr-FR","potentialAction":[{"@type":"ReadAction","target":["https:\/\/www.teknocanta.com\/fabrication-de-sacs-promotionnels\/"]}]},{"@type":"ImageObject","inLanguage":"fr-FR","@id":"https:\/\/www.teknocanta.com\/fabrication-de-sacs-promotionnels\/#primaryimage","url":"https:\/\/www.teknocanta.com\/wp-content\/uploads\/2021\/10\/promosyon_canta_imalati_yeni_ana_1.jpg","contentUrl":"https:\/\/www.teknocanta.com\/wp-content\/uploads\/2021\/10\/promosyon_canta_imalati_yeni_ana_1.jpg","width":623,"height":797},{"@type":"BreadcrumbList","@id":"https:\/\/www.teknocanta.com\/fabrication-de-sacs-promotionnels\/#breadcrumb","itemListElement":[{"@type":"ListItem","position":1,"name":"Ana sayfa","item":"https:\/\/www.teknocanta.com\/fr\/"},{"@type":"ListItem","position":2,"name":"\u00dcr\u00fcnler","item":"https:\/\/www.teknocanta.com\/urunler\/"},{"@type":"ListItem","position":3,"name":"Fabrication de sacs promotionnels"}]},{"@type":"WebSite","@id":"https:\/\/www.teknocanta.com\/#website","url":"https:\/\/www.teknocanta.com\/","name":"Tekno \u00c7anta - Promosyon Toptan \u00c7anta \u0130malat\u0131","description":"Toptan \u00e7anta imalat\u0131, ham bez \u00e7anta, s\u0131rt \u00e7antalar\u0131, laptop ve evrak \u00e7antalar\u0131, kongre \u00e7antalar\u0131, fuar \u00e7antas\u0131 ve ipli b\u00fczg\u00fcl\u00fc \u00e7anta imalat\u0131 yapmaktay\u0131z.","potentialAction":[{"@type":"SearchAction","target":{"@type":"EntryPoint","urlTemplate":"https:\/\/www.teknocanta.com\/?s={search_term_string}"},"query-input":{"@type":"PropertyValueSpecification","valueRequired":true,"valueName":"search_term_string"}}],"inLanguage":"fr-FR"}]}},"_links":{"self":[{"href":"https:\/\/www.teknocanta.com\/fr\/wp-json\/wp\/v2\/product\/44714","targetHints":{"allow":["GET"]}}],"collection":[{"href":"https:\/\/www.teknocanta.com\/fr\/wp-json\/wp\/v2\/product"}],"about":[{"href":"https:\/\/www.teknocanta.com\/fr\/wp-json\/wp\/v2\/types\/product"}],"replies":[{"embeddable":true,"href":"https:\/\/www.teknocanta.com\/fr\/wp-json\/wp\/v2\/comments?post=44714"}],"wp:featuredmedia":[{"embeddable":true,"href":"https:\/\/www.teknocanta.com\/fr\/wp-json\/wp\/v2\/media\/41990"}],"wp:attachment":[{"href":"https:\/\/www.teknocanta.com\/fr\/wp-json\/wp\/v2\/media?parent=44714"}],"wp:term":[{"taxonomy":"product_brand","embeddable":true,"href":"https:\/\/www.teknocanta.com\/fr\/wp-json\/wp\/v2\/product_brand?post=44714"},{"taxonomy":"product_cat","embeddable":true,"href":"https:\/\/www.teknocanta.com\/fr\/wp-json\/wp\/v2\/product_cat?post=44714"},{"taxonomy":"product_tag","embeddable":true,"href":"https:\/\/www.teknocanta.com\/fr\/wp-json\/wp\/v2\/product_tag?post=44714"}],"curies":[{"name":"wp","href":"https:\/\/api.w.org\/{rel}","templated":true}]}}