{"id":44711,"date":"2021-10-14T15:54:07","date_gmt":"2021-10-14T12:54:07","guid":{"rendered":"https:\/\/www.teknocanta.com\/promotion-porte-documents-de-luxe\/"},"modified":"2021-10-14T15:54:07","modified_gmt":"2021-10-14T12:54:07","slug":"sac-a-documents-promotionnel-luxe","status":"publish","type":"product","link":"https:\/\/www.teknocanta.com\/fr\/produit\/sac-a-documents-promotionnel-luxe\/","title":{"rendered":"Promotion Porte-documents de luxe"},"content":{"rendered":"<p>Promotion Porte-documents de luxe<\/p>\n<p>Prix pour 500 pi\u00e8ces<br \/>\nsur commande. Des quantit\u00e9s inf\u00e9rieures peuvent \u00eatre achet\u00e9es. Plus d&rsquo;informations<br \/>\n pour obtenir des informations sur les prix en quantit\u00e9s inf\u00e9rieures ou sup\u00e9rieures, veuillez<br \/>\nDemandez la liste des prix actuels.&nbsp;<\/p>\n<p>La TVA de 8% et les frais d&rsquo;impression ne sont pas inclus dans le prix.&nbsp;<\/p>\n<p>Pour les commandes de 200 pi\u00e8ces ou plus, le type de tissu, la couleur du tissu, la couleur de la doublure ou la couleur de la fermeture \u00e9clair peuvent chan<\/p>\n<p>Votre sac<br \/>\n impertex en lin et parties ext\u00e9rieures sans substances canc\u00e9rig\u00e8nes<br \/>\nLe tissu et les doublures int\u00e9rieures sont en imperteks 270 deniers.<br \/>\nLes parties noires de la poign\u00e9e et des parties ext\u00e9rieures du sac sont mates.<br \/>\ncuir artificiel de qualit\u00e9.<\/p>\n<p>La taille du sac est de 30x40x5 cm.<br \/>\nLe sac se compose d&rsquo;une partie sup\u00e9rieure avec fermeture \u00e0 glissi\u00e8re. L&rsquo;int\u00e9rieur du sac contient \u00e9galement<br \/>\n Il n&rsquo;y a pas de compartiment pour ordinateur portable, mais une poche pour la souris et le capuchon.&nbsp;<\/p>\n<p>Les corps des sacs sont soutenus par une mousse de 8 mm d&rsquo;\u00e9paisseur. Un zip de qualit\u00e9 de type 8 est utilis\u00e9.<\/p>\n<p>Votre sac<br \/>\n Les broderies ou les impressions de peinture color\u00e9e peuvent \u00eatre r\u00e9alis\u00e9es \u00e0 l&rsquo;int\u00e9rieur ou \u00e0 l&rsquo;ext\u00e9rieur. Impression<br \/>\nen fonction du nombre de couleurs de l&rsquo;image \u00e0 imprimer et de l&rsquo;impression \u00e0 r\u00e9aliser.<br \/>\nvarie en fonction de la technique. Le type d&rsquo;impression le plus \u00e9conomique est l&rsquo;impression en une couleur<br \/>\ns\u00e9rigraphie. Technique d&rsquo;impression de broderie et d&rsquo;impression par transfert, impression<br \/>\nvarie en fonction de la taille et est en partie plus favorable que l&rsquo;autre type d&rsquo;aspect.<br \/>\nco\u00fbteux.<\/p>\n<p>D\u00e9lais de fabrication des porte-documents promotionnels de luxe<br \/>\nIl varie en fonction du nombre de commandes et le d\u00e9lai moyen de fabrication est de 15 jours,<br \/>\nIl peut \u00e9galement \u00eatre donn\u00e9 plus t\u00f4t en fonction de l&rsquo;importance du travail. Sacs en stock<br \/>\npeut \u00eatre donn\u00e9 le jour m\u00eame sans impression. Produits en stock tels qu&rsquo;imprim\u00e9s<br \/>\nSi vous le souhaitez, le temps d&rsquo;impression peut prendre quelques jours en fonction de l&rsquo;intensit\u00e9.<\/p>\n<p>Veuillez demander le stock actuel et la liste des prix.<\/p>\n<p>Promotion<br \/>\n Les mallettes de luxe sont g\u00e9n\u00e9ralement utilis\u00e9es pour les congr\u00e8s, les symposiums, les conf\u00e9rences et les s\u00e9minaires.<br \/>\n vous pouvez l&rsquo;utiliser pour toutes sortes d&rsquo;\u00e9v\u00e9nements tels que vos clients<br \/>\nest un produit promotionnel utile et permanent que vous pouvez offrir.<\/p>\n","protected":false},"excerpt":{"rendered":"<p>Promotion Porte-documents de luxe Prix pour 500 pi\u00e8ces sur commande. Des quantit\u00e9s inf\u00e9rieures peuvent \u00eatre achet\u00e9es. Plus d&rsquo;informations pour obtenir des informations sur les prix en quantit\u00e9s inf\u00e9rieures ou sup\u00e9rieures, veuillez Demandez la liste des prix actuels.&nbsp; La TVA de 8% et les frais d&rsquo;impression ne sont pas inclus dans le prix.&nbsp; Pour les commandes&hellip;<\/p>\n","protected":false},"featured_media":42029,"comment_status":"open","ping_status":"closed","template":"","meta":[],"product_brand":[],"product_cat":[1398],"product_tag":[1612,1817,2070],"class_list":{"0":"post-44711","1":"product","2":"type-product","3":"status-publish","4":"has-post-thumbnail","6":"product_cat-nouveaux-produits","7":"product_tag-sac-istoc","8":"product_tag-sacs-promotionnels","9":"product_tag-sacs-promotionnels-istoc","10":"description-off","12":"first","13":"instock","14":"shipping-taxable","15":"purchasable","16":"product-type-simple"},"yoast_head":"<!-- This site is optimized with the Yoast SEO plugin v26.6 - https:\/\/yoast.com\/wordpress\/plugins\/seo\/ -->\n<title>Promotion Porte-documents de luxe - Tekno \u00c7anta - Promosyon Toptan \u00c7anta \u0130malat\u0131<\/title>\n<meta name=\"robots\" content=\"index, follow, max-snippet:-1, max-image-preview:large, max-video-preview:-1\" \/>\n<link rel=\"canonical\" href=\"https:\/\/www.teknocanta.com\/promotion-porte-documents-de-luxe\/\" \/>\n<meta property=\"og:locale\" content=\"fr_FR\" \/>\n<meta property=\"og:type\" content=\"article\" \/>\n<meta property=\"og:title\" content=\"Promotion Porte-documents de luxe - Tekno \u00c7anta - Promosyon Toptan \u00c7anta \u0130malat\u0131\" \/>\n<meta property=\"og:description\" content=\"Promotion Porte-documents de luxe Prix pour 500 pi\u00e8ces sur commande. Des quantit\u00e9s inf\u00e9rieures peuvent \u00eatre achet\u00e9es. Plus d&rsquo;informations pour obtenir des informations sur les prix en quantit\u00e9s inf\u00e9rieures ou sup\u00e9rieures, veuillez Demandez la liste des prix actuels.&nbsp; La TVA de 8% et les frais d&rsquo;impression ne sont pas inclus dans le prix.&nbsp; Pour les commandes&hellip;\" \/>\n<meta property=\"og:url\" content=\"https:\/\/www.teknocanta.com\/promotion-porte-documents-de-luxe\/\" \/>\n<meta property=\"og:site_name\" content=\"Tekno \u00c7anta - Promosyon Toptan \u00c7anta \u0130malat\u0131\" \/>\n<meta name=\"twitter:card\" content=\"summary_large_image\" \/>\n<meta name=\"twitter:label1\" content=\"Dur\u00e9e de lecture estim\u00e9e\" \/>\n\t<meta name=\"twitter:data1\" content=\"2 minutes\" \/>\n<script type=\"application\/ld+json\" class=\"yoast-schema-graph\">{\"@context\":\"https:\/\/schema.org\",\"@graph\":[{\"@type\":\"WebPage\",\"@id\":\"https:\/\/www.teknocanta.com\/promotion-porte-documents-de-luxe\/\",\"url\":\"https:\/\/www.teknocanta.com\/promotion-porte-documents-de-luxe\/\",\"name\":\"Promotion Porte-documents de luxe - Tekno \u00c7anta - Promosyon Toptan \u00c7anta \u0130malat\u0131\",\"isPartOf\":{\"@id\":\"https:\/\/www.teknocanta.com\/#website\"},\"primaryImageOfPage\":{\"@id\":\"https:\/\/www.teknocanta.com\/promotion-porte-documents-de-luxe\/#primaryimage\"},\"image\":{\"@id\":\"https:\/\/www.teknocanta.com\/promotion-porte-documents-de-luxe\/#primaryimage\"},\"thumbnailUrl\":\"https:\/\/www.teknocanta.com\/wp-content\/uploads\/2021\/10\/AV6454_promosyon_luks_evrak_cantasi_1.jpeg\",\"datePublished\":\"2021-10-14T12:54:07+00:00\",\"breadcrumb\":{\"@id\":\"https:\/\/www.teknocanta.com\/promotion-porte-documents-de-luxe\/#breadcrumb\"},\"inLanguage\":\"fr-FR\",\"potentialAction\":[{\"@type\":\"ReadAction\",\"target\":[\"https:\/\/www.teknocanta.com\/promotion-porte-documents-de-luxe\/\"]}]},{\"@type\":\"ImageObject\",\"inLanguage\":\"fr-FR\",\"@id\":\"https:\/\/www.teknocanta.com\/promotion-porte-documents-de-luxe\/#primaryimage\",\"url\":\"https:\/\/www.teknocanta.com\/wp-content\/uploads\/2021\/10\/AV6454_promosyon_luks_evrak_cantasi_1.jpeg\",\"contentUrl\":\"https:\/\/www.teknocanta.com\/wp-content\/uploads\/2021\/10\/AV6454_promosyon_luks_evrak_cantasi_1.jpeg\",\"width\":600,\"height\":600},{\"@type\":\"BreadcrumbList\",\"@id\":\"https:\/\/www.teknocanta.com\/promotion-porte-documents-de-luxe\/#breadcrumb\",\"itemListElement\":[{\"@type\":\"ListItem\",\"position\":1,\"name\":\"Ana sayfa\",\"item\":\"https:\/\/www.teknocanta.com\/fr\/\"},{\"@type\":\"ListItem\",\"position\":2,\"name\":\"\u00dcr\u00fcnler\",\"item\":\"https:\/\/www.teknocanta.com\/urunler\/\"},{\"@type\":\"ListItem\",\"position\":3,\"name\":\"Promotion Porte-documents de luxe\"}]},{\"@type\":\"WebSite\",\"@id\":\"https:\/\/www.teknocanta.com\/#website\",\"url\":\"https:\/\/www.teknocanta.com\/\",\"name\":\"Tekno \u00c7anta - Promosyon Toptan \u00c7anta \u0130malat\u0131\",\"description\":\"Toptan \u00e7anta imalat\u0131, ham bez \u00e7anta, s\u0131rt \u00e7antalar\u0131, laptop ve evrak \u00e7antalar\u0131, kongre \u00e7antalar\u0131, fuar \u00e7antas\u0131 ve ipli b\u00fczg\u00fcl\u00fc \u00e7anta imalat\u0131 yapmaktay\u0131z.\",\"potentialAction\":[{\"@type\":\"SearchAction\",\"target\":{\"@type\":\"EntryPoint\",\"urlTemplate\":\"https:\/\/www.teknocanta.com\/?s={search_term_string}\"},\"query-input\":{\"@type\":\"PropertyValueSpecification\",\"valueRequired\":true,\"valueName\":\"search_term_string\"}}],\"inLanguage\":\"fr-FR\"}]}<\/script>\n<!-- \/ Yoast SEO plugin. -->","yoast_head_json":{"title":"Promotion Porte-documents de luxe - Tekno \u00c7anta - Promosyon Toptan \u00c7anta \u0130malat\u0131","robots":{"index":"index","follow":"follow","max-snippet":"max-snippet:-1","max-image-preview":"max-image-preview:large","max-video-preview":"max-video-preview:-1"},"canonical":"https:\/\/www.teknocanta.com\/promotion-porte-documents-de-luxe\/","og_locale":"fr_FR","og_type":"article","og_title":"Promotion Porte-documents de luxe - Tekno \u00c7anta - Promosyon Toptan \u00c7anta \u0130malat\u0131","og_description":"Promotion Porte-documents de luxe Prix pour 500 pi\u00e8ces sur commande. Des quantit\u00e9s inf\u00e9rieures peuvent \u00eatre achet\u00e9es. Plus d&rsquo;informations pour obtenir des informations sur les prix en quantit\u00e9s inf\u00e9rieures ou sup\u00e9rieures, veuillez Demandez la liste des prix actuels.&nbsp; La TVA de 8% et les frais d&rsquo;impression ne sont pas inclus dans le prix.&nbsp; Pour les commandes&hellip;","og_url":"https:\/\/www.teknocanta.com\/promotion-porte-documents-de-luxe\/","og_site_name":"Tekno \u00c7anta - Promosyon Toptan \u00c7anta \u0130malat\u0131","twitter_card":"summary_large_image","twitter_misc":{"Dur\u00e9e de lecture estim\u00e9e":"2 minutes"},"schema":{"@context":"https:\/\/schema.org","@graph":[{"@type":"WebPage","@id":"https:\/\/www.teknocanta.com\/promotion-porte-documents-de-luxe\/","url":"https:\/\/www.teknocanta.com\/promotion-porte-documents-de-luxe\/","name":"Promotion Porte-documents de luxe - Tekno \u00c7anta - Promosyon Toptan \u00c7anta \u0130malat\u0131","isPartOf":{"@id":"https:\/\/www.teknocanta.com\/#website"},"primaryImageOfPage":{"@id":"https:\/\/www.teknocanta.com\/promotion-porte-documents-de-luxe\/#primaryimage"},"image":{"@id":"https:\/\/www.teknocanta.com\/promotion-porte-documents-de-luxe\/#primaryimage"},"thumbnailUrl":"https:\/\/www.teknocanta.com\/wp-content\/uploads\/2021\/10\/AV6454_promosyon_luks_evrak_cantasi_1.jpeg","datePublished":"2021-10-14T12:54:07+00:00","breadcrumb":{"@id":"https:\/\/www.teknocanta.com\/promotion-porte-documents-de-luxe\/#breadcrumb"},"inLanguage":"fr-FR","potentialAction":[{"@type":"ReadAction","target":["https:\/\/www.teknocanta.com\/promotion-porte-documents-de-luxe\/"]}]},{"@type":"ImageObject","inLanguage":"fr-FR","@id":"https:\/\/www.teknocanta.com\/promotion-porte-documents-de-luxe\/#primaryimage","url":"https:\/\/www.teknocanta.com\/wp-content\/uploads\/2021\/10\/AV6454_promosyon_luks_evrak_cantasi_1.jpeg","contentUrl":"https:\/\/www.teknocanta.com\/wp-content\/uploads\/2021\/10\/AV6454_promosyon_luks_evrak_cantasi_1.jpeg","width":600,"height":600},{"@type":"BreadcrumbList","@id":"https:\/\/www.teknocanta.com\/promotion-porte-documents-de-luxe\/#breadcrumb","itemListElement":[{"@type":"ListItem","position":1,"name":"Ana sayfa","item":"https:\/\/www.teknocanta.com\/fr\/"},{"@type":"ListItem","position":2,"name":"\u00dcr\u00fcnler","item":"https:\/\/www.teknocanta.com\/urunler\/"},{"@type":"ListItem","position":3,"name":"Promotion Porte-documents de luxe"}]},{"@type":"WebSite","@id":"https:\/\/www.teknocanta.com\/#website","url":"https:\/\/www.teknocanta.com\/","name":"Tekno \u00c7anta - Promosyon Toptan \u00c7anta \u0130malat\u0131","description":"Toptan \u00e7anta imalat\u0131, ham bez \u00e7anta, s\u0131rt \u00e7antalar\u0131, laptop ve evrak \u00e7antalar\u0131, kongre \u00e7antalar\u0131, fuar \u00e7antas\u0131 ve ipli b\u00fczg\u00fcl\u00fc \u00e7anta imalat\u0131 yapmaktay\u0131z.","potentialAction":[{"@type":"SearchAction","target":{"@type":"EntryPoint","urlTemplate":"https:\/\/www.teknocanta.com\/?s={search_term_string}"},"query-input":{"@type":"PropertyValueSpecification","valueRequired":true,"valueName":"search_term_string"}}],"inLanguage":"fr-FR"}]}},"_links":{"self":[{"href":"https:\/\/www.teknocanta.com\/fr\/wp-json\/wp\/v2\/product\/44711","targetHints":{"allow":["GET"]}}],"collection":[{"href":"https:\/\/www.teknocanta.com\/fr\/wp-json\/wp\/v2\/product"}],"about":[{"href":"https:\/\/www.teknocanta.com\/fr\/wp-json\/wp\/v2\/types\/product"}],"replies":[{"embeddable":true,"href":"https:\/\/www.teknocanta.com\/fr\/wp-json\/wp\/v2\/comments?post=44711"}],"wp:featuredmedia":[{"embeddable":true,"href":"https:\/\/www.teknocanta.com\/fr\/wp-json\/wp\/v2\/media\/42029"}],"wp:attachment":[{"href":"https:\/\/www.teknocanta.com\/fr\/wp-json\/wp\/v2\/media?parent=44711"}],"wp:term":[{"taxonomy":"product_brand","embeddable":true,"href":"https:\/\/www.teknocanta.com\/fr\/wp-json\/wp\/v2\/product_brand?post=44711"},{"taxonomy":"product_cat","embeddable":true,"href":"https:\/\/www.teknocanta.com\/fr\/wp-json\/wp\/v2\/product_cat?post=44711"},{"taxonomy":"product_tag","embeddable":true,"href":"https:\/\/www.teknocanta.com\/fr\/wp-json\/wp\/v2\/product_tag?post=44711"}],"curies":[{"name":"wp","href":"https:\/\/api.w.org\/{rel}","templated":true}]}}