{"id":44705,"date":"2021-10-14T15:54:29","date_gmt":"2021-10-14T12:54:29","guid":{"rendered":"https:\/\/www.teknocanta.com\/sac-a-dos-de-seminaire\/"},"modified":"2021-10-14T15:54:29","modified_gmt":"2021-10-14T12:54:29","slug":"sac-a-dos-de-seminaire","status":"publish","type":"product","link":"https:\/\/www.teknocanta.com\/fr\/produit\/sac-a-dos-de-seminaire\/","title":{"rendered":"Sac \u00e0 dos de s\u00e9minaire"},"content":{"rendered":"<div>Sac \u00e0 dos de s\u00e9minaire<\/div>\n<div>FiyLes prix sont \u00e9tablis pour 500 pi\u00e8ces. Vous pouvez \u00e9galement commander de plus petites quantit\u00e9s. Les prix varient en fonction des quantit\u00e9s. Pour vos demandes de prix en diff\u00e9rentes quantit\u00e9s, vous pouvez demander un prix en envoyant un e-mail \u00e0 notre adresse e-mail dans la section contact. La TVA de 8% et les frais d&rsquo;impression ne sont pas inclus dans le prix.<\/div>\n<div><\/div>\n<div>Pour les commandes de 200 pi\u00e8ces ou plus, la couleur du tissu, la couleur de la doublure ou la couleur de la fermeture \u00e9clair peuvent \u00eatre modifi\u00e9es. Les parties ext\u00e9rieures du sac sont fabriqu\u00e9es en tissu imperm\u00e9able en lin et les doublures en tissu imperm\u00e9able 270 deniers.<\/div>\n<div><\/div>\n<div>La taille du sac est de 30x40x10 cm. Le sac se compose d&rsquo;une partie frontale et d&rsquo;une partie sup\u00e9rieure avec fermeture \u00e0 glissi\u00e8re. Un abreuvoir se trouve sur le c\u00f4t\u00e9 du sac. Un compartiment pour ordinateur portable se trouve \u00e0 l&rsquo;int\u00e9rieur du sac.<\/div>\n<div><\/div>\n<div>Les corps des sacs sont soutenus par une mousse de 8 mm d&rsquo;\u00e9paisseur. Un zip de qualit\u00e9 de type 8 est utilis\u00e9.<\/div>\n<div><\/div>\n<div>Il est possible de r\u00e9aliser des impressions color\u00e9es \u00e0 l&rsquo;int\u00e9rieur ou \u00e0 l&rsquo;ext\u00e9rieur du sac. L&rsquo;impression de broderies est \u00e9galement possible en option. Les frais d&rsquo;impression varient en fonction du nombre de couleurs de l&rsquo;image \u00e0 imprimer.<\/div>\n<div><\/div>\n<div>Les d\u00e9lais de fabrication des sacs de s\u00e9minaire promotionnels varient en fonction du nombre de commandes et le d\u00e9lai moyen de fabrication est de 15 jours, il peut \u00eatre plus court en fonction de l&rsquo;importance du travail. Les sacs en stock peuvent \u00eatre remis le jour m\u00eame sans impression. Si les produits en stock sont pr\u00e9f\u00e9r\u00e9s comme imprim\u00e9s, le d\u00e9lai d&rsquo;impression peut prendre quelques jours en fonction de l&rsquo;intensit\u00e9.<\/div>\n<div><\/div>\n<div>Veuillez obtenir des informations sur les stocks actuels.<\/div>\n<div><\/div>\n<div>Les sacs de s\u00e9minaire promotionnels sont g\u00e9n\u00e9ralement un produit promotionnel utile que vous pouvez utiliser lors de toutes sortes d&rsquo;\u00e9v\u00e9nements tels que des congr\u00e8s, des symposiums, des conf\u00e9rences et des s\u00e9minaires et que vous pouvez offrir \u00e0 vos clients.<\/div>\n","protected":false},"excerpt":{"rendered":"<p>Sac \u00e0 dos de s\u00e9minaire FiyLes prix sont \u00e9tablis pour 500 pi\u00e8ces. Vous pouvez \u00e9galement commander de plus petites quantit\u00e9s. Les prix varient en fonction des quantit\u00e9s. Pour vos demandes de prix en diff\u00e9rentes quantit\u00e9s, vous pouvez demander un prix en envoyant un e-mail \u00e0 notre adresse e-mail dans la section contact. La TVA de&hellip;<\/p>\n","protected":false},"featured_media":42071,"comment_status":"open","ping_status":"closed","template":"","meta":[],"product_brand":[],"product_cat":[1398],"product_tag":[1982,2050,2051],"class_list":{"0":"post-44705","1":"product","2":"type-product","3":"status-publish","4":"has-post-thumbnail","6":"product_cat-nouveaux-produits","7":"product_tag-fabrication-de-sacs-de-conference","8":"product_tag-fabrication-de-sacs-de-seminaire","9":"product_tag-sac-a-dos-de-seminaire","10":"description-off","12":"first","13":"instock","14":"shipping-taxable","15":"purchasable","16":"product-type-simple"},"yoast_head":"<!-- This site is optimized with the Yoast SEO plugin v26.6 - https:\/\/yoast.com\/wordpress\/plugins\/seo\/ -->\n<title>Sac \u00e0 dos de s\u00e9minaire - Tekno \u00c7anta - Promosyon Toptan \u00c7anta \u0130malat\u0131<\/title>\n<meta name=\"robots\" content=\"index, follow, max-snippet:-1, max-image-preview:large, max-video-preview:-1\" \/>\n<link rel=\"canonical\" href=\"https:\/\/www.teknocanta.com\/sac-a-dos-de-seminaire\/\" \/>\n<meta property=\"og:locale\" content=\"fr_FR\" \/>\n<meta property=\"og:type\" content=\"article\" \/>\n<meta property=\"og:title\" content=\"Sac \u00e0 dos de s\u00e9minaire - Tekno \u00c7anta - Promosyon Toptan \u00c7anta \u0130malat\u0131\" \/>\n<meta property=\"og:description\" content=\"Sac \u00e0 dos de s\u00e9minaire FiyLes prix sont \u00e9tablis pour 500 pi\u00e8ces. Vous pouvez \u00e9galement commander de plus petites quantit\u00e9s. Les prix varient en fonction des quantit\u00e9s. Pour vos demandes de prix en diff\u00e9rentes quantit\u00e9s, vous pouvez demander un prix en envoyant un e-mail \u00e0 notre adresse e-mail dans la section contact. La TVA de&hellip;\" \/>\n<meta property=\"og:url\" content=\"https:\/\/www.teknocanta.com\/sac-a-dos-de-seminaire\/\" \/>\n<meta property=\"og:site_name\" content=\"Tekno \u00c7anta - Promosyon Toptan \u00c7anta \u0130malat\u0131\" \/>\n<meta name=\"twitter:card\" content=\"summary_large_image\" \/>\n<meta name=\"twitter:label1\" content=\"Dur\u00e9e de lecture estim\u00e9e\" \/>\n\t<meta name=\"twitter:data1\" content=\"2 minutes\" \/>\n<script type=\"application\/ld+json\" class=\"yoast-schema-graph\">{\"@context\":\"https:\/\/schema.org\",\"@graph\":[{\"@type\":\"WebPage\",\"@id\":\"https:\/\/www.teknocanta.com\/sac-a-dos-de-seminaire\/\",\"url\":\"https:\/\/www.teknocanta.com\/sac-a-dos-de-seminaire\/\",\"name\":\"Sac \u00e0 dos de s\u00e9minaire - Tekno \u00c7anta - Promosyon Toptan \u00c7anta \u0130malat\u0131\",\"isPartOf\":{\"@id\":\"https:\/\/www.teknocanta.com\/#website\"},\"primaryImageOfPage\":{\"@id\":\"https:\/\/www.teknocanta.com\/sac-a-dos-de-seminaire\/#primaryimage\"},\"image\":{\"@id\":\"https:\/\/www.teknocanta.com\/sac-a-dos-de-seminaire\/#primaryimage\"},\"thumbnailUrl\":\"https:\/\/www.teknocanta.com\/wp-content\/uploads\/2021\/10\/AV181_konferans_sirt_cantasi_1.jpeg\",\"datePublished\":\"2021-10-14T12:54:29+00:00\",\"breadcrumb\":{\"@id\":\"https:\/\/www.teknocanta.com\/sac-a-dos-de-seminaire\/#breadcrumb\"},\"inLanguage\":\"fr-FR\",\"potentialAction\":[{\"@type\":\"ReadAction\",\"target\":[\"https:\/\/www.teknocanta.com\/sac-a-dos-de-seminaire\/\"]}]},{\"@type\":\"ImageObject\",\"inLanguage\":\"fr-FR\",\"@id\":\"https:\/\/www.teknocanta.com\/sac-a-dos-de-seminaire\/#primaryimage\",\"url\":\"https:\/\/www.teknocanta.com\/wp-content\/uploads\/2021\/10\/AV181_konferans_sirt_cantasi_1.jpeg\",\"contentUrl\":\"https:\/\/www.teknocanta.com\/wp-content\/uploads\/2021\/10\/AV181_konferans_sirt_cantasi_1.jpeg\",\"width\":600,\"height\":600},{\"@type\":\"BreadcrumbList\",\"@id\":\"https:\/\/www.teknocanta.com\/sac-a-dos-de-seminaire\/#breadcrumb\",\"itemListElement\":[{\"@type\":\"ListItem\",\"position\":1,\"name\":\"Ana sayfa\",\"item\":\"https:\/\/www.teknocanta.com\/fr\/\"},{\"@type\":\"ListItem\",\"position\":2,\"name\":\"\u00dcr\u00fcnler\",\"item\":\"https:\/\/www.teknocanta.com\/urunler\/\"},{\"@type\":\"ListItem\",\"position\":3,\"name\":\"Sac \u00e0 dos de s\u00e9minaire\"}]},{\"@type\":\"WebSite\",\"@id\":\"https:\/\/www.teknocanta.com\/#website\",\"url\":\"https:\/\/www.teknocanta.com\/\",\"name\":\"Tekno \u00c7anta - Promosyon Toptan \u00c7anta \u0130malat\u0131\",\"description\":\"Toptan \u00e7anta imalat\u0131, ham bez \u00e7anta, s\u0131rt \u00e7antalar\u0131, laptop ve evrak \u00e7antalar\u0131, kongre \u00e7antalar\u0131, fuar \u00e7antas\u0131 ve ipli b\u00fczg\u00fcl\u00fc \u00e7anta imalat\u0131 yapmaktay\u0131z.\",\"potentialAction\":[{\"@type\":\"SearchAction\",\"target\":{\"@type\":\"EntryPoint\",\"urlTemplate\":\"https:\/\/www.teknocanta.com\/?s={search_term_string}\"},\"query-input\":{\"@type\":\"PropertyValueSpecification\",\"valueRequired\":true,\"valueName\":\"search_term_string\"}}],\"inLanguage\":\"fr-FR\"}]}<\/script>\n<!-- \/ Yoast SEO plugin. -->","yoast_head_json":{"title":"Sac \u00e0 dos de s\u00e9minaire - Tekno \u00c7anta - Promosyon Toptan \u00c7anta \u0130malat\u0131","robots":{"index":"index","follow":"follow","max-snippet":"max-snippet:-1","max-image-preview":"max-image-preview:large","max-video-preview":"max-video-preview:-1"},"canonical":"https:\/\/www.teknocanta.com\/sac-a-dos-de-seminaire\/","og_locale":"fr_FR","og_type":"article","og_title":"Sac \u00e0 dos de s\u00e9minaire - Tekno \u00c7anta - Promosyon Toptan \u00c7anta \u0130malat\u0131","og_description":"Sac \u00e0 dos de s\u00e9minaire FiyLes prix sont \u00e9tablis pour 500 pi\u00e8ces. Vous pouvez \u00e9galement commander de plus petites quantit\u00e9s. Les prix varient en fonction des quantit\u00e9s. Pour vos demandes de prix en diff\u00e9rentes quantit\u00e9s, vous pouvez demander un prix en envoyant un e-mail \u00e0 notre adresse e-mail dans la section contact. La TVA de&hellip;","og_url":"https:\/\/www.teknocanta.com\/sac-a-dos-de-seminaire\/","og_site_name":"Tekno \u00c7anta - Promosyon Toptan \u00c7anta \u0130malat\u0131","twitter_card":"summary_large_image","twitter_misc":{"Dur\u00e9e de lecture estim\u00e9e":"2 minutes"},"schema":{"@context":"https:\/\/schema.org","@graph":[{"@type":"WebPage","@id":"https:\/\/www.teknocanta.com\/sac-a-dos-de-seminaire\/","url":"https:\/\/www.teknocanta.com\/sac-a-dos-de-seminaire\/","name":"Sac \u00e0 dos de s\u00e9minaire - Tekno \u00c7anta - Promosyon Toptan \u00c7anta \u0130malat\u0131","isPartOf":{"@id":"https:\/\/www.teknocanta.com\/#website"},"primaryImageOfPage":{"@id":"https:\/\/www.teknocanta.com\/sac-a-dos-de-seminaire\/#primaryimage"},"image":{"@id":"https:\/\/www.teknocanta.com\/sac-a-dos-de-seminaire\/#primaryimage"},"thumbnailUrl":"https:\/\/www.teknocanta.com\/wp-content\/uploads\/2021\/10\/AV181_konferans_sirt_cantasi_1.jpeg","datePublished":"2021-10-14T12:54:29+00:00","breadcrumb":{"@id":"https:\/\/www.teknocanta.com\/sac-a-dos-de-seminaire\/#breadcrumb"},"inLanguage":"fr-FR","potentialAction":[{"@type":"ReadAction","target":["https:\/\/www.teknocanta.com\/sac-a-dos-de-seminaire\/"]}]},{"@type":"ImageObject","inLanguage":"fr-FR","@id":"https:\/\/www.teknocanta.com\/sac-a-dos-de-seminaire\/#primaryimage","url":"https:\/\/www.teknocanta.com\/wp-content\/uploads\/2021\/10\/AV181_konferans_sirt_cantasi_1.jpeg","contentUrl":"https:\/\/www.teknocanta.com\/wp-content\/uploads\/2021\/10\/AV181_konferans_sirt_cantasi_1.jpeg","width":600,"height":600},{"@type":"BreadcrumbList","@id":"https:\/\/www.teknocanta.com\/sac-a-dos-de-seminaire\/#breadcrumb","itemListElement":[{"@type":"ListItem","position":1,"name":"Ana sayfa","item":"https:\/\/www.teknocanta.com\/fr\/"},{"@type":"ListItem","position":2,"name":"\u00dcr\u00fcnler","item":"https:\/\/www.teknocanta.com\/urunler\/"},{"@type":"ListItem","position":3,"name":"Sac \u00e0 dos de s\u00e9minaire"}]},{"@type":"WebSite","@id":"https:\/\/www.teknocanta.com\/#website","url":"https:\/\/www.teknocanta.com\/","name":"Tekno \u00c7anta - Promosyon Toptan \u00c7anta \u0130malat\u0131","description":"Toptan \u00e7anta imalat\u0131, ham bez \u00e7anta, s\u0131rt \u00e7antalar\u0131, laptop ve evrak \u00e7antalar\u0131, kongre \u00e7antalar\u0131, fuar \u00e7antas\u0131 ve ipli b\u00fczg\u00fcl\u00fc \u00e7anta imalat\u0131 yapmaktay\u0131z.","potentialAction":[{"@type":"SearchAction","target":{"@type":"EntryPoint","urlTemplate":"https:\/\/www.teknocanta.com\/?s={search_term_string}"},"query-input":{"@type":"PropertyValueSpecification","valueRequired":true,"valueName":"search_term_string"}}],"inLanguage":"fr-FR"}]}},"_links":{"self":[{"href":"https:\/\/www.teknocanta.com\/fr\/wp-json\/wp\/v2\/product\/44705","targetHints":{"allow":["GET"]}}],"collection":[{"href":"https:\/\/www.teknocanta.com\/fr\/wp-json\/wp\/v2\/product"}],"about":[{"href":"https:\/\/www.teknocanta.com\/fr\/wp-json\/wp\/v2\/types\/product"}],"replies":[{"embeddable":true,"href":"https:\/\/www.teknocanta.com\/fr\/wp-json\/wp\/v2\/comments?post=44705"}],"wp:featuredmedia":[{"embeddable":true,"href":"https:\/\/www.teknocanta.com\/fr\/wp-json\/wp\/v2\/media\/42071"}],"wp:attachment":[{"href":"https:\/\/www.teknocanta.com\/fr\/wp-json\/wp\/v2\/media?parent=44705"}],"wp:term":[{"taxonomy":"product_brand","embeddable":true,"href":"https:\/\/www.teknocanta.com\/fr\/wp-json\/wp\/v2\/product_brand?post=44705"},{"taxonomy":"product_cat","embeddable":true,"href":"https:\/\/www.teknocanta.com\/fr\/wp-json\/wp\/v2\/product_cat?post=44705"},{"taxonomy":"product_tag","embeddable":true,"href":"https:\/\/www.teknocanta.com\/fr\/wp-json\/wp\/v2\/product_tag?post=44705"}],"curies":[{"name":"wp","href":"https:\/\/api.w.org\/{rel}","templated":true}]}}