{"id":44702,"date":"2021-10-14T15:54:29","date_gmt":"2021-10-14T12:54:29","guid":{"rendered":"https:\/\/www.teknocanta.com\/sac-de-seminaire-promotionnel\/"},"modified":"2024-11-10T18:21:25","modified_gmt":"2024-11-10T15:21:25","slug":"sac-de-seminaire-promotionnel","status":"publish","type":"product","link":"https:\/\/www.teknocanta.com\/fr\/produit\/sac-de-seminaire-promotionnel\/","title":{"rendered":"Sac de s\u00e9minaire promotionnel"},"content":{"rendered":"<div>Sac de s\u00e9minaire promotionnel<\/div>\n<div>Les prix des sacs \u00e0 dos indiqu\u00e9s sur notre page web sont valables pour des commandes de 500 pi\u00e8ces. La quantit\u00e9 minimale de commande pour les produits en rupture de stock est de 200 pi\u00e8ces. La TVA de 8% et les frais d&rsquo;impression ne sont pas inclus dans le prix. Veuillez demander une liste de prix pour des quantit\u00e9s diff\u00e9rentes.<\/div>\n<div><\/div>\n<div>Le produit est fabriqu\u00e9 \u00e0 partir d&rsquo;un tissu imperm\u00e9able en lin import\u00e9. Il s&rsquo;agit d&rsquo;un type de tissu qui ne contient pas de phtalates, c&rsquo;est-\u00e0-dire de substances canc\u00e9rig\u00e8nes. La surface du tissu convient \u00e0 tous les types d&rsquo;impression. L&rsquo;impression par transfert, la s\u00e9rigraphie, l&rsquo;impression par peinture classique ou la broderie peuvent \u00eatre r\u00e9alis\u00e9es \u00e0 l&rsquo;int\u00e9rieur ou \u00e0 l&rsquo;ext\u00e9rieur du sac. Les produits pr\u00eats \u00e0 l&#8217;emploi ne peuvent pas \u00eatre brod\u00e9s techniquement et ne peuvent \u00eatre imprim\u00e9s qu&rsquo;avec une technique de s\u00e9rigraphie classique \u00e0 une couleur. Il est possible de r\u00e9aliser toutes sortes d&rsquo;impressions dans vos commandes de fabrication sp\u00e9ciales.&nbsp;<\/div>\n<div><\/div>\n<div>Pour les commandes sp\u00e9ciales de 200 pi\u00e8ces et plus, la couleur du tissu, la couleur de la doublure et la couleur de la fermeture \u00e0 glissi\u00e8re peuvent \u00eatre modifi\u00e9es. Il est possible de modifier le mod\u00e8le du sac en payant une diff\u00e9rence de prix.<\/div>\n<div><\/div>\n<div>La taille du sac est de 30x42x15 cm. Le sac se compose d&rsquo;une partie sup\u00e9rieure et de deux parties frontales. Le sac est compos\u00e9 d&rsquo;une mousse de 8 mm d&rsquo;\u00e9paisseur et d&rsquo;une fermeture \u00e0 glissi\u00e8re de qualit\u00e9 de type 8. Le sac comporte un compartiment pour ordinateur portable. Les tissus de la doublure int\u00e9rieure sont des impertextiles de luxe 270 deniers sans phtalates. Les parties brunes utilis\u00e9es dans les sacs sont en cuir artificiel.<\/div>\n<div><\/div>\n<div>Pour les commandes de sacs sur mesure, le d\u00e9lai de production est d&rsquo;au moins une semaine en fonction de la quantit\u00e9. Les produits en stock peuvent \u00eatre livr\u00e9s le jour m\u00eame sans impression. Si les produits en stock sont imprim\u00e9s, cela peut prendre quelques jours en fonction de la situation.&nbsp;<\/div>\n<div><\/div>\n<div>Sacs de s\u00e9minaire promotionnels Il s&rsquo;agit d&rsquo;un produit promotionnel utile que vous pouvez utiliser dans toutes sortes d&rsquo;\u00e9v\u00e9nements tels que des congr\u00e8s, des symposiums et des s\u00e9minaires \u00e0 des fins promotionnelles et que vous pouvez offrir \u00e0 vos clients.<\/div>\n<div><\/div>\n<div>Le lieu de fabrication est Istanbul et il s&rsquo;agit d&rsquo;un produit de production nationale \u00e0 100 %. Notre atelier est situ\u00e9 dans le district de K\u00fc\u00e7\u00fck\u00e7ekmece, et notre bureau de vente et notre salle d&rsquo;exposition se trouvent dans le district de Ba\u011fc\u0131lar \u0130sto\u00e7, sur le site des grossistes.<\/div>\n<div>Nos produits peuvent \u00eatre exp\u00e9di\u00e9s dans toute la Turquie \u00e0 des prix \u00e9conomiques par l&rsquo;interm\u00e9diaire de nos soci\u00e9t\u00e9s de fret ou d&rsquo;entreposage sous contrat depuis notre adresse d&rsquo;Isto\u00e7.<\/div>\n<div><\/div>\n","protected":false},"excerpt":{"rendered":"<p>Sac de s\u00e9minaire promotionnel Les prix des sacs \u00e0 dos indiqu\u00e9s sur notre page web sont valables pour des commandes de 500 pi\u00e8ces. La quantit\u00e9 minimale de commande pour les produits en rupture de stock est de 200 pi\u00e8ces. La TVA de 8% et les frais d&rsquo;impression ne sont pas inclus dans le prix. Veuillez&hellip;<\/p>\n","protected":false},"featured_media":42050,"comment_status":"open","ping_status":"closed","template":"","meta":[],"product_brand":[],"product_cat":[1398],"product_tag":[2042,2044,1815,1541,1531,2043,1817],"class_list":{"0":"post-44702","1":"product","2":"type-product","3":"status-publish","4":"has-post-thumbnail","6":"product_cat-nouveaux-produits","7":"product_tag-couture-de-sacs-promotionnels","8":"product_tag-fabricants-de-sacs-promotionnels-distanbul","9":"product_tag-prix-des-sacs-a-dos-promotionnels","10":"product_tag-sac-a-main-promotionnel-pour-homme","11":"product_tag-sac-garni","12":"product_tag-sac-promotionnel-a-cordon-coulissant","13":"product_tag-sacs-promotionnels","14":"description-off","16":"first","17":"instock","18":"shipping-taxable","19":"purchasable","20":"product-type-simple"},"yoast_head":"<!-- This site is optimized with the Yoast SEO plugin v26.6 - https:\/\/yoast.com\/wordpress\/plugins\/seo\/ -->\n<title>Sac de s\u00e9minaire promotionnel - Tekno \u00c7anta - Promosyon Toptan \u00c7anta \u0130malat\u0131<\/title>\n<meta name=\"robots\" content=\"index, follow, max-snippet:-1, max-image-preview:large, max-video-preview:-1\" \/>\n<link rel=\"canonical\" href=\"https:\/\/www.teknocanta.com\/sac-de-seminaire-promotionnel\/\" \/>\n<meta property=\"og:locale\" content=\"fr_FR\" \/>\n<meta property=\"og:type\" content=\"article\" \/>\n<meta property=\"og:title\" content=\"Sac de s\u00e9minaire promotionnel - Tekno \u00c7anta - Promosyon Toptan \u00c7anta \u0130malat\u0131\" \/>\n<meta property=\"og:description\" content=\"Sac de s\u00e9minaire promotionnel Les prix des sacs \u00e0 dos indiqu\u00e9s sur notre page web sont valables pour des commandes de 500 pi\u00e8ces. La quantit\u00e9 minimale de commande pour les produits en rupture de stock est de 200 pi\u00e8ces. La TVA de 8% et les frais d&rsquo;impression ne sont pas inclus dans le prix. Veuillez&hellip;\" \/>\n<meta property=\"og:url\" content=\"https:\/\/www.teknocanta.com\/sac-de-seminaire-promotionnel\/\" \/>\n<meta property=\"og:site_name\" content=\"Tekno \u00c7anta - Promosyon Toptan \u00c7anta \u0130malat\u0131\" \/>\n<meta property=\"article:modified_time\" content=\"2024-11-10T15:21:25+00:00\" \/>\n<meta name=\"twitter:card\" content=\"summary_large_image\" \/>\n<meta name=\"twitter:label1\" content=\"Dur\u00e9e de lecture estim\u00e9e\" \/>\n\t<meta name=\"twitter:data1\" content=\"2 minutes\" \/>\n<script type=\"application\/ld+json\" class=\"yoast-schema-graph\">{\"@context\":\"https:\/\/schema.org\",\"@graph\":[{\"@type\":\"WebPage\",\"@id\":\"https:\/\/www.teknocanta.com\/sac-de-seminaire-promotionnel\/\",\"url\":\"https:\/\/www.teknocanta.com\/sac-de-seminaire-promotionnel\/\",\"name\":\"Sac de s\u00e9minaire promotionnel - Tekno \u00c7anta - Promosyon Toptan \u00c7anta \u0130malat\u0131\",\"isPartOf\":{\"@id\":\"https:\/\/www.teknocanta.com\/#website\"},\"primaryImageOfPage\":{\"@id\":\"https:\/\/www.teknocanta.com\/sac-de-seminaire-promotionnel\/#primaryimage\"},\"image\":{\"@id\":\"https:\/\/www.teknocanta.com\/sac-de-seminaire-promotionnel\/#primaryimage\"},\"thumbnailUrl\":\"https:\/\/www.teknocanta.com\/wp-content\/uploads\/2021\/10\/AV182_promosyon_seminer_cantasi_1.jpeg\",\"datePublished\":\"2021-10-14T12:54:29+00:00\",\"dateModified\":\"2024-11-10T15:21:25+00:00\",\"breadcrumb\":{\"@id\":\"https:\/\/www.teknocanta.com\/sac-de-seminaire-promotionnel\/#breadcrumb\"},\"inLanguage\":\"fr-FR\",\"potentialAction\":[{\"@type\":\"ReadAction\",\"target\":[\"https:\/\/www.teknocanta.com\/sac-de-seminaire-promotionnel\/\"]}]},{\"@type\":\"ImageObject\",\"inLanguage\":\"fr-FR\",\"@id\":\"https:\/\/www.teknocanta.com\/sac-de-seminaire-promotionnel\/#primaryimage\",\"url\":\"https:\/\/www.teknocanta.com\/wp-content\/uploads\/2021\/10\/AV182_promosyon_seminer_cantasi_1.jpeg\",\"contentUrl\":\"https:\/\/www.teknocanta.com\/wp-content\/uploads\/2021\/10\/AV182_promosyon_seminer_cantasi_1.jpeg\",\"width\":600,\"height\":600},{\"@type\":\"BreadcrumbList\",\"@id\":\"https:\/\/www.teknocanta.com\/sac-de-seminaire-promotionnel\/#breadcrumb\",\"itemListElement\":[{\"@type\":\"ListItem\",\"position\":1,\"name\":\"Ana sayfa\",\"item\":\"https:\/\/www.teknocanta.com\/fr\/\"},{\"@type\":\"ListItem\",\"position\":2,\"name\":\"\u00dcr\u00fcnler\",\"item\":\"https:\/\/www.teknocanta.com\/urunler\/\"},{\"@type\":\"ListItem\",\"position\":3,\"name\":\"Sac de s\u00e9minaire promotionnel\"}]},{\"@type\":\"WebSite\",\"@id\":\"https:\/\/www.teknocanta.com\/#website\",\"url\":\"https:\/\/www.teknocanta.com\/\",\"name\":\"Tekno \u00c7anta - Promosyon Toptan \u00c7anta \u0130malat\u0131\",\"description\":\"Toptan \u00e7anta imalat\u0131, ham bez \u00e7anta, s\u0131rt \u00e7antalar\u0131, laptop ve evrak \u00e7antalar\u0131, kongre \u00e7antalar\u0131, fuar \u00e7antas\u0131 ve ipli b\u00fczg\u00fcl\u00fc \u00e7anta imalat\u0131 yapmaktay\u0131z.\",\"potentialAction\":[{\"@type\":\"SearchAction\",\"target\":{\"@type\":\"EntryPoint\",\"urlTemplate\":\"https:\/\/www.teknocanta.com\/?s={search_term_string}\"},\"query-input\":{\"@type\":\"PropertyValueSpecification\",\"valueRequired\":true,\"valueName\":\"search_term_string\"}}],\"inLanguage\":\"fr-FR\"}]}<\/script>\n<!-- \/ Yoast SEO plugin. -->","yoast_head_json":{"title":"Sac de s\u00e9minaire promotionnel - Tekno \u00c7anta - Promosyon Toptan \u00c7anta \u0130malat\u0131","robots":{"index":"index","follow":"follow","max-snippet":"max-snippet:-1","max-image-preview":"max-image-preview:large","max-video-preview":"max-video-preview:-1"},"canonical":"https:\/\/www.teknocanta.com\/sac-de-seminaire-promotionnel\/","og_locale":"fr_FR","og_type":"article","og_title":"Sac de s\u00e9minaire promotionnel - Tekno \u00c7anta - Promosyon Toptan \u00c7anta \u0130malat\u0131","og_description":"Sac de s\u00e9minaire promotionnel Les prix des sacs \u00e0 dos indiqu\u00e9s sur notre page web sont valables pour des commandes de 500 pi\u00e8ces. La quantit\u00e9 minimale de commande pour les produits en rupture de stock est de 200 pi\u00e8ces. La TVA de 8% et les frais d&rsquo;impression ne sont pas inclus dans le prix. Veuillez&hellip;","og_url":"https:\/\/www.teknocanta.com\/sac-de-seminaire-promotionnel\/","og_site_name":"Tekno \u00c7anta - Promosyon Toptan \u00c7anta \u0130malat\u0131","article_modified_time":"2024-11-10T15:21:25+00:00","twitter_card":"summary_large_image","twitter_misc":{"Dur\u00e9e de lecture estim\u00e9e":"2 minutes"},"schema":{"@context":"https:\/\/schema.org","@graph":[{"@type":"WebPage","@id":"https:\/\/www.teknocanta.com\/sac-de-seminaire-promotionnel\/","url":"https:\/\/www.teknocanta.com\/sac-de-seminaire-promotionnel\/","name":"Sac de s\u00e9minaire promotionnel - Tekno \u00c7anta - Promosyon Toptan \u00c7anta \u0130malat\u0131","isPartOf":{"@id":"https:\/\/www.teknocanta.com\/#website"},"primaryImageOfPage":{"@id":"https:\/\/www.teknocanta.com\/sac-de-seminaire-promotionnel\/#primaryimage"},"image":{"@id":"https:\/\/www.teknocanta.com\/sac-de-seminaire-promotionnel\/#primaryimage"},"thumbnailUrl":"https:\/\/www.teknocanta.com\/wp-content\/uploads\/2021\/10\/AV182_promosyon_seminer_cantasi_1.jpeg","datePublished":"2021-10-14T12:54:29+00:00","dateModified":"2024-11-10T15:21:25+00:00","breadcrumb":{"@id":"https:\/\/www.teknocanta.com\/sac-de-seminaire-promotionnel\/#breadcrumb"},"inLanguage":"fr-FR","potentialAction":[{"@type":"ReadAction","target":["https:\/\/www.teknocanta.com\/sac-de-seminaire-promotionnel\/"]}]},{"@type":"ImageObject","inLanguage":"fr-FR","@id":"https:\/\/www.teknocanta.com\/sac-de-seminaire-promotionnel\/#primaryimage","url":"https:\/\/www.teknocanta.com\/wp-content\/uploads\/2021\/10\/AV182_promosyon_seminer_cantasi_1.jpeg","contentUrl":"https:\/\/www.teknocanta.com\/wp-content\/uploads\/2021\/10\/AV182_promosyon_seminer_cantasi_1.jpeg","width":600,"height":600},{"@type":"BreadcrumbList","@id":"https:\/\/www.teknocanta.com\/sac-de-seminaire-promotionnel\/#breadcrumb","itemListElement":[{"@type":"ListItem","position":1,"name":"Ana sayfa","item":"https:\/\/www.teknocanta.com\/fr\/"},{"@type":"ListItem","position":2,"name":"\u00dcr\u00fcnler","item":"https:\/\/www.teknocanta.com\/urunler\/"},{"@type":"ListItem","position":3,"name":"Sac de s\u00e9minaire promotionnel"}]},{"@type":"WebSite","@id":"https:\/\/www.teknocanta.com\/#website","url":"https:\/\/www.teknocanta.com\/","name":"Tekno \u00c7anta - Promosyon Toptan \u00c7anta \u0130malat\u0131","description":"Toptan \u00e7anta imalat\u0131, ham bez \u00e7anta, s\u0131rt \u00e7antalar\u0131, laptop ve evrak \u00e7antalar\u0131, kongre \u00e7antalar\u0131, fuar \u00e7antas\u0131 ve ipli b\u00fczg\u00fcl\u00fc \u00e7anta imalat\u0131 yapmaktay\u0131z.","potentialAction":[{"@type":"SearchAction","target":{"@type":"EntryPoint","urlTemplate":"https:\/\/www.teknocanta.com\/?s={search_term_string}"},"query-input":{"@type":"PropertyValueSpecification","valueRequired":true,"valueName":"search_term_string"}}],"inLanguage":"fr-FR"}]}},"_links":{"self":[{"href":"https:\/\/www.teknocanta.com\/fr\/wp-json\/wp\/v2\/product\/44702","targetHints":{"allow":["GET"]}}],"collection":[{"href":"https:\/\/www.teknocanta.com\/fr\/wp-json\/wp\/v2\/product"}],"about":[{"href":"https:\/\/www.teknocanta.com\/fr\/wp-json\/wp\/v2\/types\/product"}],"replies":[{"embeddable":true,"href":"https:\/\/www.teknocanta.com\/fr\/wp-json\/wp\/v2\/comments?post=44702"}],"wp:featuredmedia":[{"embeddable":true,"href":"https:\/\/www.teknocanta.com\/fr\/wp-json\/wp\/v2\/media\/42050"}],"wp:attachment":[{"href":"https:\/\/www.teknocanta.com\/fr\/wp-json\/wp\/v2\/media?parent=44702"}],"wp:term":[{"taxonomy":"product_brand","embeddable":true,"href":"https:\/\/www.teknocanta.com\/fr\/wp-json\/wp\/v2\/product_brand?post=44702"},{"taxonomy":"product_cat","embeddable":true,"href":"https:\/\/www.teknocanta.com\/fr\/wp-json\/wp\/v2\/product_cat?post=44702"},{"taxonomy":"product_tag","embeddable":true,"href":"https:\/\/www.teknocanta.com\/fr\/wp-json\/wp\/v2\/product_tag?post=44702"}],"curies":[{"name":"wp","href":"https:\/\/api.w.org\/{rel}","templated":true}]}}