{"id":44684,"date":"2021-10-14T15:55:18","date_gmt":"2021-10-14T12:55:18","guid":{"rendered":"https:\/\/www.teknocanta.com\/porte-documents-promotionnel\/"},"modified":"2021-10-14T15:55:18","modified_gmt":"2021-10-14T12:55:18","slug":"sac-a-documents-promotionnel","status":"publish","type":"product","link":"https:\/\/www.teknocanta.com\/fr\/produit\/sac-a-documents-promotionnel\/","title":{"rendered":"Porte-documents promotionnel"},"content":{"rendered":"<div>Porte-documents promotionnel<\/div>\n<div>Les prix sont \u00e9tablis pour des commandes de 500 pi\u00e8ces. Des quantit\u00e9s inf\u00e9rieures peuvent \u00eatre achet\u00e9es. Pour obtenir des informations sur les prix pour des quantit\u00e9s inf\u00e9rieures ou sup\u00e9rieures, veuillez demander une liste de prix actuelle.&nbsp;<\/div>\n<div><\/div>\n<div>La TVA de 8% et les frais d&rsquo;impression ne sont pas inclus dans le prix.&nbsp;<\/div>\n<div><\/div>\n<div>Pour les commandes de 200 pi\u00e8ces ou plus, le type de tissu, la couleur du tissu, la couleur de la doublure ou la couleur de la fermeture \u00e9clair peuvent chan<\/div>\n<div><\/div>\n<div>Les parties ext\u00e9rieures du sac sont fabriqu\u00e9es en impertex de lin et en tissu non canc\u00e9rig\u00e8ne et les doublures int\u00e9rieures sont fabriqu\u00e9es en impertex 270 deniers.&nbsp;<\/div>\n<div><\/div>\n<div>La taille du sac est de 30x40x5 cm. Le sac se compose d&rsquo;une partie sup\u00e9rieure et d&rsquo;une partie frontale avec fermeture \u00e0 glissi\u00e8re. Le sac contient \u00e9galement un compartiment pour ordinateur portable.<\/div>\n<div>Les corps des sacs sont soutenus par une mousse de 8 mm d&rsquo;\u00e9paisseur. Un zip de qualit\u00e9 de type 8 est utilis\u00e9.<\/div>\n<div><\/div>\n<div>Des broderies ou des impressions de peinture color\u00e9e peuvent \u00eatre r\u00e9alis\u00e9es \u00e0 l&rsquo;int\u00e9rieur ou \u00e0 l&rsquo;ext\u00e9rieur du sac. Les frais d&rsquo;impression varient en fonction du nombre de couleurs de l&rsquo;image \u00e0 imprimer et de la technique d&rsquo;impression utilis\u00e9e. Le type d&rsquo;impression le plus \u00e9conomique est la s\u00e9rigraphie \u00e0 une couleur. Les techniques d&rsquo;impression de broderie et de transfert varient en fonction de la taille de l&rsquo;impression et sont l\u00e9g\u00e8rement plus co\u00fbteuses que les autres types d&rsquo;impression.<\/div>\n<div><\/div>\n<div>Mallette promotionnelle Les d\u00e9lais de fabrication varient en fonction du nombre de commandes et le d\u00e9lai moyen de fabrication est de 15 jours, il peut \u00eatre donn\u00e9 plus t\u00f4t en fonction de l&rsquo;importance du travail. Les sacs en stock peuvent \u00eatre remis le jour m\u00eame sans impression. Si les produits en stock sont pr\u00e9f\u00e9r\u00e9s comme imprim\u00e9s, le d\u00e9lai d&rsquo;impression peut prendre quelques jours en fonction de l&rsquo;intensit\u00e9.<\/div>\n<div>Veuillez demander le stock actuel et la liste des prix.<\/div>\n<div><\/div>\n<div>Le porte-documents promotionnel est un produit promotionnel utile et permanent que vous pouvez utiliser lors de toutes sortes d&rsquo;\u00e9v\u00e9nements tels que des congr\u00e8s, des symposiums, des conf\u00e9rences et des s\u00e9minaires et que vous pouvez offrir \u00e0 vos clients.<\/div>\n<div><\/div>\n","protected":false},"excerpt":{"rendered":"<p>Porte-documents promotionnel Les prix sont \u00e9tablis pour des commandes de 500 pi\u00e8ces. Des quantit\u00e9s inf\u00e9rieures peuvent \u00eatre achet\u00e9es. Pour obtenir des informations sur les prix pour des quantit\u00e9s inf\u00e9rieures ou sup\u00e9rieures, veuillez demander une liste de prix actuelle.&nbsp; La TVA de 8% et les frais d&rsquo;impression ne sont pas inclus dans le prix.&nbsp; Pour les&hellip;<\/p>\n","protected":false},"featured_media":42188,"comment_status":"open","ping_status":"closed","template":"","meta":[],"product_brand":[],"product_cat":[1365,1363,1376],"product_tag":[1663,1932,1817],"class_list":{"0":"post-44684","1":"product","2":"type-product","3":"status-publish","4":"has-post-thumbnail","6":"product_cat-ordinateur-portable-et-mallette","7":"product_cat-sac-de-congres-et-de-symposium","8":"product_cat-sacs-approvisionnes","9":"product_tag-fabricants-de-sacs-istoc","10":"product_tag-porte-documents-en-gros-fr","11":"product_tag-sacs-promotionnels","12":"description-off","14":"first","15":"instock","16":"shipping-taxable","17":"purchasable","18":"product-type-simple"},"yoast_head":"<!-- This site is optimized with the Yoast SEO plugin v26.6 - https:\/\/yoast.com\/wordpress\/plugins\/seo\/ -->\n<title>Porte-documents promotionnel - Tekno \u00c7anta - Promosyon Toptan \u00c7anta \u0130malat\u0131<\/title>\n<meta name=\"robots\" content=\"index, follow, max-snippet:-1, max-image-preview:large, max-video-preview:-1\" \/>\n<link rel=\"canonical\" href=\"https:\/\/www.teknocanta.com\/porte-documents-promotionnel\/\" \/>\n<meta property=\"og:locale\" content=\"fr_FR\" \/>\n<meta property=\"og:type\" content=\"article\" \/>\n<meta property=\"og:title\" content=\"Porte-documents promotionnel - Tekno \u00c7anta - Promosyon Toptan \u00c7anta \u0130malat\u0131\" \/>\n<meta property=\"og:description\" content=\"Porte-documents promotionnel Les prix sont \u00e9tablis pour des commandes de 500 pi\u00e8ces. Des quantit\u00e9s inf\u00e9rieures peuvent \u00eatre achet\u00e9es. Pour obtenir des informations sur les prix pour des quantit\u00e9s inf\u00e9rieures ou sup\u00e9rieures, veuillez demander une liste de prix actuelle.&nbsp; La TVA de 8% et les frais d&rsquo;impression ne sont pas inclus dans le prix.&nbsp; Pour les&hellip;\" \/>\n<meta property=\"og:url\" content=\"https:\/\/www.teknocanta.com\/porte-documents-promotionnel\/\" \/>\n<meta property=\"og:site_name\" content=\"Tekno \u00c7anta - Promosyon Toptan \u00c7anta \u0130malat\u0131\" \/>\n<meta name=\"twitter:card\" content=\"summary_large_image\" \/>\n<meta name=\"twitter:label1\" content=\"Dur\u00e9e de lecture estim\u00e9e\" \/>\n\t<meta name=\"twitter:data1\" content=\"2 minutes\" \/>\n<script type=\"application\/ld+json\" class=\"yoast-schema-graph\">{\"@context\":\"https:\/\/schema.org\",\"@graph\":[{\"@type\":\"WebPage\",\"@id\":\"https:\/\/www.teknocanta.com\/porte-documents-promotionnel\/\",\"url\":\"https:\/\/www.teknocanta.com\/porte-documents-promotionnel\/\",\"name\":\"Porte-documents promotionnel - Tekno \u00c7anta - Promosyon Toptan \u00c7anta \u0130malat\u0131\",\"isPartOf\":{\"@id\":\"https:\/\/www.teknocanta.com\/#website\"},\"primaryImageOfPage\":{\"@id\":\"https:\/\/www.teknocanta.com\/porte-documents-promotionnel\/#primaryimage\"},\"image\":{\"@id\":\"https:\/\/www.teknocanta.com\/porte-documents-promotionnel\/#primaryimage\"},\"thumbnailUrl\":\"https:\/\/www.teknocanta.com\/wp-content\/uploads\/2021\/10\/promosyon_evrak_cantasi_son_ana_resim.jpg\",\"datePublished\":\"2021-10-14T12:55:18+00:00\",\"breadcrumb\":{\"@id\":\"https:\/\/www.teknocanta.com\/porte-documents-promotionnel\/#breadcrumb\"},\"inLanguage\":\"fr-FR\",\"potentialAction\":[{\"@type\":\"ReadAction\",\"target\":[\"https:\/\/www.teknocanta.com\/porte-documents-promotionnel\/\"]}]},{\"@type\":\"ImageObject\",\"inLanguage\":\"fr-FR\",\"@id\":\"https:\/\/www.teknocanta.com\/porte-documents-promotionnel\/#primaryimage\",\"url\":\"https:\/\/www.teknocanta.com\/wp-content\/uploads\/2021\/10\/promosyon_evrak_cantasi_son_ana_resim.jpg\",\"contentUrl\":\"https:\/\/www.teknocanta.com\/wp-content\/uploads\/2021\/10\/promosyon_evrak_cantasi_son_ana_resim.jpg\",\"width\":1029,\"height\":871},{\"@type\":\"BreadcrumbList\",\"@id\":\"https:\/\/www.teknocanta.com\/porte-documents-promotionnel\/#breadcrumb\",\"itemListElement\":[{\"@type\":\"ListItem\",\"position\":1,\"name\":\"Ana sayfa\",\"item\":\"https:\/\/www.teknocanta.com\/fr\/\"},{\"@type\":\"ListItem\",\"position\":2,\"name\":\"\u00dcr\u00fcnler\",\"item\":\"https:\/\/www.teknocanta.com\/urunler\/\"},{\"@type\":\"ListItem\",\"position\":3,\"name\":\"Porte-documents promotionnel\"}]},{\"@type\":\"WebSite\",\"@id\":\"https:\/\/www.teknocanta.com\/#website\",\"url\":\"https:\/\/www.teknocanta.com\/\",\"name\":\"Tekno \u00c7anta - Promosyon Toptan \u00c7anta \u0130malat\u0131\",\"description\":\"Toptan \u00e7anta imalat\u0131, ham bez \u00e7anta, s\u0131rt \u00e7antalar\u0131, laptop ve evrak \u00e7antalar\u0131, kongre \u00e7antalar\u0131, fuar \u00e7antas\u0131 ve ipli b\u00fczg\u00fcl\u00fc \u00e7anta imalat\u0131 yapmaktay\u0131z.\",\"potentialAction\":[{\"@type\":\"SearchAction\",\"target\":{\"@type\":\"EntryPoint\",\"urlTemplate\":\"https:\/\/www.teknocanta.com\/?s={search_term_string}\"},\"query-input\":{\"@type\":\"PropertyValueSpecification\",\"valueRequired\":true,\"valueName\":\"search_term_string\"}}],\"inLanguage\":\"fr-FR\"}]}<\/script>\n<!-- \/ Yoast SEO plugin. -->","yoast_head_json":{"title":"Porte-documents promotionnel - Tekno \u00c7anta - Promosyon Toptan \u00c7anta \u0130malat\u0131","robots":{"index":"index","follow":"follow","max-snippet":"max-snippet:-1","max-image-preview":"max-image-preview:large","max-video-preview":"max-video-preview:-1"},"canonical":"https:\/\/www.teknocanta.com\/porte-documents-promotionnel\/","og_locale":"fr_FR","og_type":"article","og_title":"Porte-documents promotionnel - Tekno \u00c7anta - Promosyon Toptan \u00c7anta \u0130malat\u0131","og_description":"Porte-documents promotionnel Les prix sont \u00e9tablis pour des commandes de 500 pi\u00e8ces. Des quantit\u00e9s inf\u00e9rieures peuvent \u00eatre achet\u00e9es. Pour obtenir des informations sur les prix pour des quantit\u00e9s inf\u00e9rieures ou sup\u00e9rieures, veuillez demander une liste de prix actuelle.&nbsp; La TVA de 8% et les frais d&rsquo;impression ne sont pas inclus dans le prix.&nbsp; Pour les&hellip;","og_url":"https:\/\/www.teknocanta.com\/porte-documents-promotionnel\/","og_site_name":"Tekno \u00c7anta - Promosyon Toptan \u00c7anta \u0130malat\u0131","twitter_card":"summary_large_image","twitter_misc":{"Dur\u00e9e de lecture estim\u00e9e":"2 minutes"},"schema":{"@context":"https:\/\/schema.org","@graph":[{"@type":"WebPage","@id":"https:\/\/www.teknocanta.com\/porte-documents-promotionnel\/","url":"https:\/\/www.teknocanta.com\/porte-documents-promotionnel\/","name":"Porte-documents promotionnel - Tekno \u00c7anta - Promosyon Toptan \u00c7anta \u0130malat\u0131","isPartOf":{"@id":"https:\/\/www.teknocanta.com\/#website"},"primaryImageOfPage":{"@id":"https:\/\/www.teknocanta.com\/porte-documents-promotionnel\/#primaryimage"},"image":{"@id":"https:\/\/www.teknocanta.com\/porte-documents-promotionnel\/#primaryimage"},"thumbnailUrl":"https:\/\/www.teknocanta.com\/wp-content\/uploads\/2021\/10\/promosyon_evrak_cantasi_son_ana_resim.jpg","datePublished":"2021-10-14T12:55:18+00:00","breadcrumb":{"@id":"https:\/\/www.teknocanta.com\/porte-documents-promotionnel\/#breadcrumb"},"inLanguage":"fr-FR","potentialAction":[{"@type":"ReadAction","target":["https:\/\/www.teknocanta.com\/porte-documents-promotionnel\/"]}]},{"@type":"ImageObject","inLanguage":"fr-FR","@id":"https:\/\/www.teknocanta.com\/porte-documents-promotionnel\/#primaryimage","url":"https:\/\/www.teknocanta.com\/wp-content\/uploads\/2021\/10\/promosyon_evrak_cantasi_son_ana_resim.jpg","contentUrl":"https:\/\/www.teknocanta.com\/wp-content\/uploads\/2021\/10\/promosyon_evrak_cantasi_son_ana_resim.jpg","width":1029,"height":871},{"@type":"BreadcrumbList","@id":"https:\/\/www.teknocanta.com\/porte-documents-promotionnel\/#breadcrumb","itemListElement":[{"@type":"ListItem","position":1,"name":"Ana sayfa","item":"https:\/\/www.teknocanta.com\/fr\/"},{"@type":"ListItem","position":2,"name":"\u00dcr\u00fcnler","item":"https:\/\/www.teknocanta.com\/urunler\/"},{"@type":"ListItem","position":3,"name":"Porte-documents promotionnel"}]},{"@type":"WebSite","@id":"https:\/\/www.teknocanta.com\/#website","url":"https:\/\/www.teknocanta.com\/","name":"Tekno \u00c7anta - Promosyon Toptan \u00c7anta \u0130malat\u0131","description":"Toptan \u00e7anta imalat\u0131, ham bez \u00e7anta, s\u0131rt \u00e7antalar\u0131, laptop ve evrak \u00e7antalar\u0131, kongre \u00e7antalar\u0131, fuar \u00e7antas\u0131 ve ipli b\u00fczg\u00fcl\u00fc \u00e7anta imalat\u0131 yapmaktay\u0131z.","potentialAction":[{"@type":"SearchAction","target":{"@type":"EntryPoint","urlTemplate":"https:\/\/www.teknocanta.com\/?s={search_term_string}"},"query-input":{"@type":"PropertyValueSpecification","valueRequired":true,"valueName":"search_term_string"}}],"inLanguage":"fr-FR"}]}},"_links":{"self":[{"href":"https:\/\/www.teknocanta.com\/fr\/wp-json\/wp\/v2\/product\/44684","targetHints":{"allow":["GET"]}}],"collection":[{"href":"https:\/\/www.teknocanta.com\/fr\/wp-json\/wp\/v2\/product"}],"about":[{"href":"https:\/\/www.teknocanta.com\/fr\/wp-json\/wp\/v2\/types\/product"}],"replies":[{"embeddable":true,"href":"https:\/\/www.teknocanta.com\/fr\/wp-json\/wp\/v2\/comments?post=44684"}],"wp:featuredmedia":[{"embeddable":true,"href":"https:\/\/www.teknocanta.com\/fr\/wp-json\/wp\/v2\/media\/42188"}],"wp:attachment":[{"href":"https:\/\/www.teknocanta.com\/fr\/wp-json\/wp\/v2\/media?parent=44684"}],"wp:term":[{"taxonomy":"product_brand","embeddable":true,"href":"https:\/\/www.teknocanta.com\/fr\/wp-json\/wp\/v2\/product_brand?post=44684"},{"taxonomy":"product_cat","embeddable":true,"href":"https:\/\/www.teknocanta.com\/fr\/wp-json\/wp\/v2\/product_cat?post=44684"},{"taxonomy":"product_tag","embeddable":true,"href":"https:\/\/www.teknocanta.com\/fr\/wp-json\/wp\/v2\/product_tag?post=44684"}],"curies":[{"name":"wp","href":"https:\/\/api.w.org\/{rel}","templated":true}]}}