{"id":44681,"date":"2021-10-14T15:55:39","date_gmt":"2021-10-14T12:55:39","guid":{"rendered":"https:\/\/www.teknocanta.com\/sacoche-postman\/"},"modified":"2023-06-17T18:12:26","modified_gmt":"2023-06-17T15:12:26","slug":"sac-de-type-facteur-sac","status":"publish","type":"product","link":"https:\/\/www.teknocanta.com\/fr\/produit\/sac-de-type-facteur-sac\/","title":{"rendered":"Sacoche Postman"},"content":{"rendered":"<p>Postman &#8211; Sacoche de selle<\/p>\n<p>Fabriqu\u00e9 en tissu imperm\u00e9able imperteks 600 deniers. <\/p>\n<p>Peut \u00eatre produit en diff\u00e9rentes couleurs. Le m\u00eame mod\u00e8le peut \u00eatre produit \u00e0 partir de tissu brut ou de tissu en fibres.\n<\/p>\n<p>Taille du produit : 38 cm x 28 cm<\/p>\n<p>Il peut \u00eatre produit dans des tailles plus petites ou plus grandes selon les besoins. Toutes les couleurs peuvent \u00eatre imprim\u00e9es \u00e0 l&rsquo;int\u00e9rieur ou \u00e0 l&rsquo;ext\u00e9rieur du sac. <\/p>\n<p>La quantit\u00e9 minimale de production est de 500 pi\u00e8ces. Le prix est indiqu\u00e9 pour 500 pi\u00e8ces.<\/p>\n","protected":false},"excerpt":{"rendered":"<p>Postman &#8211; Sacoche de selle Fabriqu\u00e9 en tissu imperm\u00e9able imperteks 600 deniers. Peut \u00eatre produit en diff\u00e9rentes couleurs. Le m\u00eame mod\u00e8le peut \u00eatre produit \u00e0 partir de tissu brut ou de tissu en fibres. Taille du produit : 38 cm x 28 cm Il peut \u00eatre produit dans des tailles plus petites ou plus grandes&hellip;<\/p>\n","protected":false},"featured_media":42251,"comment_status":"open","ping_status":"closed","template":"","meta":[],"product_brand":[],"product_cat":[1398],"product_tag":[1911,1893,1907,1909,1904,1899,1910,1894,1906,1897,1900,1902,1901,1898,1905,1908,1903,1716,1896,1895,1817],"class_list":{"0":"post-44681","1":"product","2":"type-product","3":"status-publish","4":"has-post-thumbnail","6":"product_cat-nouveaux-produits","7":"product_tag-modele-de-sac-a-doublure-du-facteur","8":"product_tag-modeles-de-sacs-a-dos-en-tissu","9":"product_tag-modeles-de-sacs-croises","10":"product_tag-prix-des-sacs-croises","11":"product_tag-prix-des-sacs-en-tissu","12":"product_tag-promotion-du-sac-du-facteur","13":"product_tag-sac-du-facteur","14":"product_tag-sac-en-lin-brut","15":"product_tag-sac-en-tissu-a-bandouliere","16":"product_tag-sac-messager","17":"product_tag-sac-messager-en-tissu","18":"product_tag-sac-messager-en-tissu-brut","19":"product_tag-sac-messager-interligne","20":"product_tag-sac-modele-facteur","21":"product_tag-sac-modele-facteur-en-gros","22":"product_tag-sac-promotionnel-a-bandouliere","23":"product_tag-sacoche-de-messager-en-gros","24":"product_tag-sacs-en-gros-istanbul","25":"product_tag-sacs-en-tissu","26":"product_tag-sacs-en-tissu-brut-en-gros","27":"product_tag-sacs-promotionnels","28":"description-off","30":"first","31":"instock","32":"shipping-taxable","33":"purchasable","34":"product-type-simple"},"yoast_head":"<!-- This site is optimized with the Yoast SEO plugin v26.6 - https:\/\/yoast.com\/wordpress\/plugins\/seo\/ -->\n<title>Sacoche Postman - Tekno \u00c7anta - Promosyon Toptan \u00c7anta \u0130malat\u0131<\/title>\n<meta name=\"robots\" content=\"index, follow, max-snippet:-1, max-image-preview:large, max-video-preview:-1\" \/>\n<link rel=\"canonical\" href=\"https:\/\/www.teknocanta.com\/fr\/produit\/sac-de-type-facteur-sac\/\" \/>\n<meta property=\"og:locale\" content=\"fr_FR\" \/>\n<meta property=\"og:type\" content=\"article\" \/>\n<meta property=\"og:title\" content=\"Sacoche Postman - Tekno \u00c7anta - Promosyon Toptan \u00c7anta \u0130malat\u0131\" \/>\n<meta property=\"og:description\" content=\"Postman &#8211; Sacoche de selle Fabriqu\u00e9 en tissu imperm\u00e9able imperteks 600 deniers. Peut \u00eatre produit en diff\u00e9rentes couleurs. Le m\u00eame mod\u00e8le peut \u00eatre produit \u00e0 partir de tissu brut ou de tissu en fibres. Taille du produit : 38 cm x 28 cm Il peut \u00eatre produit dans des tailles plus petites ou plus grandes&hellip;\" \/>\n<meta property=\"og:url\" content=\"https:\/\/www.teknocanta.com\/fr\/produit\/sac-de-type-facteur-sac\/\" \/>\n<meta property=\"og:site_name\" content=\"Tekno \u00c7anta - Promosyon Toptan \u00c7anta \u0130malat\u0131\" \/>\n<meta property=\"article:modified_time\" content=\"2023-06-17T15:12:26+00:00\" \/>\n<meta property=\"og:image\" content=\"https:\/\/www.teknocanta.com\/wp-content\/uploads\/2021\/10\/AV010_postacheybetipicanta.jpg\" \/>\n\t<meta property=\"og:image:width\" content=\"600\" \/>\n\t<meta property=\"og:image:height\" content=\"600\" \/>\n\t<meta property=\"og:image:type\" content=\"image\/jpeg\" \/>\n<meta name=\"twitter:card\" content=\"summary_large_image\" \/>\n<script type=\"application\/ld+json\" class=\"yoast-schema-graph\">{\"@context\":\"https:\/\/schema.org\",\"@graph\":[{\"@type\":\"WebPage\",\"@id\":\"https:\/\/www.teknocanta.com\/fr\/produit\/sac-de-type-facteur-sac\/\",\"url\":\"https:\/\/www.teknocanta.com\/fr\/produit\/sac-de-type-facteur-sac\/\",\"name\":\"Sacoche Postman - Tekno \u00c7anta - Promosyon Toptan \u00c7anta \u0130malat\u0131\",\"isPartOf\":{\"@id\":\"https:\/\/www.teknocanta.com\/#website\"},\"primaryImageOfPage\":{\"@id\":\"https:\/\/www.teknocanta.com\/fr\/produit\/sac-de-type-facteur-sac\/#primaryimage\"},\"image\":{\"@id\":\"https:\/\/www.teknocanta.com\/fr\/produit\/sac-de-type-facteur-sac\/#primaryimage\"},\"thumbnailUrl\":\"https:\/\/www.teknocanta.com\/wp-content\/uploads\/2021\/10\/AV010_postacheybetipicanta.jpg\",\"datePublished\":\"2021-10-14T12:55:39+00:00\",\"dateModified\":\"2023-06-17T15:12:26+00:00\",\"breadcrumb\":{\"@id\":\"https:\/\/www.teknocanta.com\/fr\/produit\/sac-de-type-facteur-sac\/#breadcrumb\"},\"inLanguage\":\"fr-FR\",\"potentialAction\":[{\"@type\":\"ReadAction\",\"target\":[\"https:\/\/www.teknocanta.com\/fr\/produit\/sac-de-type-facteur-sac\/\"]}]},{\"@type\":\"ImageObject\",\"inLanguage\":\"fr-FR\",\"@id\":\"https:\/\/www.teknocanta.com\/fr\/produit\/sac-de-type-facteur-sac\/#primaryimage\",\"url\":\"https:\/\/www.teknocanta.com\/wp-content\/uploads\/2021\/10\/AV010_postacheybetipicanta.jpg\",\"contentUrl\":\"https:\/\/www.teknocanta.com\/wp-content\/uploads\/2021\/10\/AV010_postacheybetipicanta.jpg\",\"width\":600,\"height\":600},{\"@type\":\"BreadcrumbList\",\"@id\":\"https:\/\/www.teknocanta.com\/fr\/produit\/sac-de-type-facteur-sac\/#breadcrumb\",\"itemListElement\":[{\"@type\":\"ListItem\",\"position\":1,\"name\":\"Ana sayfa\",\"item\":\"https:\/\/www.teknocanta.com\/fr\/\"},{\"@type\":\"ListItem\",\"position\":2,\"name\":\"\u00dcr\u00fcnler\",\"item\":\"https:\/\/www.teknocanta.com\/urunler\/\"},{\"@type\":\"ListItem\",\"position\":3,\"name\":\"Sacoche Postman\"}]},{\"@type\":\"WebSite\",\"@id\":\"https:\/\/www.teknocanta.com\/#website\",\"url\":\"https:\/\/www.teknocanta.com\/\",\"name\":\"Tekno \u00c7anta - Promosyon Toptan \u00c7anta \u0130malat\u0131\",\"description\":\"Toptan \u00e7anta imalat\u0131, ham bez \u00e7anta, s\u0131rt \u00e7antalar\u0131, laptop ve evrak \u00e7antalar\u0131, kongre \u00e7antalar\u0131, fuar \u00e7antas\u0131 ve ipli b\u00fczg\u00fcl\u00fc \u00e7anta imalat\u0131 yapmaktay\u0131z.\",\"potentialAction\":[{\"@type\":\"SearchAction\",\"target\":{\"@type\":\"EntryPoint\",\"urlTemplate\":\"https:\/\/www.teknocanta.com\/?s={search_term_string}\"},\"query-input\":{\"@type\":\"PropertyValueSpecification\",\"valueRequired\":true,\"valueName\":\"search_term_string\"}}],\"inLanguage\":\"fr-FR\"}]}<\/script>\n<!-- \/ Yoast SEO plugin. -->","yoast_head_json":{"title":"Sacoche Postman - Tekno \u00c7anta - Promosyon Toptan \u00c7anta \u0130malat\u0131","robots":{"index":"index","follow":"follow","max-snippet":"max-snippet:-1","max-image-preview":"max-image-preview:large","max-video-preview":"max-video-preview:-1"},"canonical":"https:\/\/www.teknocanta.com\/fr\/produit\/sac-de-type-facteur-sac\/","og_locale":"fr_FR","og_type":"article","og_title":"Sacoche Postman - Tekno \u00c7anta - Promosyon Toptan \u00c7anta \u0130malat\u0131","og_description":"Postman &#8211; Sacoche de selle Fabriqu\u00e9 en tissu imperm\u00e9able imperteks 600 deniers. Peut \u00eatre produit en diff\u00e9rentes couleurs. Le m\u00eame mod\u00e8le peut \u00eatre produit \u00e0 partir de tissu brut ou de tissu en fibres. Taille du produit : 38 cm x 28 cm Il peut \u00eatre produit dans des tailles plus petites ou plus grandes&hellip;","og_url":"https:\/\/www.teknocanta.com\/fr\/produit\/sac-de-type-facteur-sac\/","og_site_name":"Tekno \u00c7anta - Promosyon Toptan \u00c7anta \u0130malat\u0131","article_modified_time":"2023-06-17T15:12:26+00:00","og_image":[{"width":600,"height":600,"url":"https:\/\/www.teknocanta.com\/wp-content\/uploads\/2021\/10\/AV010_postacheybetipicanta.jpg","type":"image\/jpeg"}],"twitter_card":"summary_large_image","schema":{"@context":"https:\/\/schema.org","@graph":[{"@type":"WebPage","@id":"https:\/\/www.teknocanta.com\/fr\/produit\/sac-de-type-facteur-sac\/","url":"https:\/\/www.teknocanta.com\/fr\/produit\/sac-de-type-facteur-sac\/","name":"Sacoche Postman - Tekno \u00c7anta - Promosyon Toptan \u00c7anta \u0130malat\u0131","isPartOf":{"@id":"https:\/\/www.teknocanta.com\/#website"},"primaryImageOfPage":{"@id":"https:\/\/www.teknocanta.com\/fr\/produit\/sac-de-type-facteur-sac\/#primaryimage"},"image":{"@id":"https:\/\/www.teknocanta.com\/fr\/produit\/sac-de-type-facteur-sac\/#primaryimage"},"thumbnailUrl":"https:\/\/www.teknocanta.com\/wp-content\/uploads\/2021\/10\/AV010_postacheybetipicanta.jpg","datePublished":"2021-10-14T12:55:39+00:00","dateModified":"2023-06-17T15:12:26+00:00","breadcrumb":{"@id":"https:\/\/www.teknocanta.com\/fr\/produit\/sac-de-type-facteur-sac\/#breadcrumb"},"inLanguage":"fr-FR","potentialAction":[{"@type":"ReadAction","target":["https:\/\/www.teknocanta.com\/fr\/produit\/sac-de-type-facteur-sac\/"]}]},{"@type":"ImageObject","inLanguage":"fr-FR","@id":"https:\/\/www.teknocanta.com\/fr\/produit\/sac-de-type-facteur-sac\/#primaryimage","url":"https:\/\/www.teknocanta.com\/wp-content\/uploads\/2021\/10\/AV010_postacheybetipicanta.jpg","contentUrl":"https:\/\/www.teknocanta.com\/wp-content\/uploads\/2021\/10\/AV010_postacheybetipicanta.jpg","width":600,"height":600},{"@type":"BreadcrumbList","@id":"https:\/\/www.teknocanta.com\/fr\/produit\/sac-de-type-facteur-sac\/#breadcrumb","itemListElement":[{"@type":"ListItem","position":1,"name":"Ana sayfa","item":"https:\/\/www.teknocanta.com\/fr\/"},{"@type":"ListItem","position":2,"name":"\u00dcr\u00fcnler","item":"https:\/\/www.teknocanta.com\/urunler\/"},{"@type":"ListItem","position":3,"name":"Sacoche Postman"}]},{"@type":"WebSite","@id":"https:\/\/www.teknocanta.com\/#website","url":"https:\/\/www.teknocanta.com\/","name":"Tekno \u00c7anta - Promosyon Toptan \u00c7anta \u0130malat\u0131","description":"Toptan \u00e7anta imalat\u0131, ham bez \u00e7anta, s\u0131rt \u00e7antalar\u0131, laptop ve evrak \u00e7antalar\u0131, kongre \u00e7antalar\u0131, fuar \u00e7antas\u0131 ve ipli b\u00fczg\u00fcl\u00fc \u00e7anta imalat\u0131 yapmaktay\u0131z.","potentialAction":[{"@type":"SearchAction","target":{"@type":"EntryPoint","urlTemplate":"https:\/\/www.teknocanta.com\/?s={search_term_string}"},"query-input":{"@type":"PropertyValueSpecification","valueRequired":true,"valueName":"search_term_string"}}],"inLanguage":"fr-FR"}]}},"_links":{"self":[{"href":"https:\/\/www.teknocanta.com\/fr\/wp-json\/wp\/v2\/product\/44681","targetHints":{"allow":["GET"]}}],"collection":[{"href":"https:\/\/www.teknocanta.com\/fr\/wp-json\/wp\/v2\/product"}],"about":[{"href":"https:\/\/www.teknocanta.com\/fr\/wp-json\/wp\/v2\/types\/product"}],"replies":[{"embeddable":true,"href":"https:\/\/www.teknocanta.com\/fr\/wp-json\/wp\/v2\/comments?post=44681"}],"wp:featuredmedia":[{"embeddable":true,"href":"https:\/\/www.teknocanta.com\/fr\/wp-json\/wp\/v2\/media\/42251"}],"wp:attachment":[{"href":"https:\/\/www.teknocanta.com\/fr\/wp-json\/wp\/v2\/media?parent=44681"}],"wp:term":[{"taxonomy":"product_brand","embeddable":true,"href":"https:\/\/www.teknocanta.com\/fr\/wp-json\/wp\/v2\/product_brand?post=44681"},{"taxonomy":"product_cat","embeddable":true,"href":"https:\/\/www.teknocanta.com\/fr\/wp-json\/wp\/v2\/product_cat?post=44681"},{"taxonomy":"product_tag","embeddable":true,"href":"https:\/\/www.teknocanta.com\/fr\/wp-json\/wp\/v2\/product_tag?post=44681"}],"curies":[{"name":"wp","href":"https:\/\/api.w.org\/{rel}","templated":true}]}}