{"id":44672,"date":"2021-10-14T15:56:01","date_gmt":"2021-10-14T12:56:01","guid":{"rendered":"https:\/\/www.teknocanta.com\/promotion-des-sacs-a-dos\/"},"modified":"2021-10-14T15:56:01","modified_gmt":"2021-10-14T12:56:01","slug":"sac-a-dos-promotion","status":"publish","type":"product","link":"https:\/\/www.teknocanta.com\/fr\/produit\/sac-a-dos-promotion\/","title":{"rendered":"Promotion des sacs \u00e0 dos"},"content":{"rendered":"<p class=\"MsoNormal\" style=\"line-height: normal; margin-bottom: 0pt;\"><font color=\"#6e6f70\" face=\"Verdana, serif, arial\"><span style=\"font-size: 12px;\">Promotion des sacs \u00e0 dos<\/span><\/font><\/p>\n<p class=\"MsoNormal\" style=\"line-height: normal; margin-bottom: 0pt;\"><span style=\"color: rgb(110, 111, 112); font-family: Verdana, serif, arial; font-size: 9pt;\"><br \/><\/span><\/p>\n<p class=\"MsoNormal\" style=\"line-height: normal; margin-bottom: 0pt;\"><span style=\"color: rgb(110, 111, 112); font-family: Verdana, serif, arial; font-size: 9pt;\">Le prix est indiqu\u00e9 pour 500 pi\u00e8ces. La TVA de 8% et les frais d&rsquo;impression ne sont pas inclus dans le prix. Pour vos demandes de prix en diff\u00e9rentes quantit\u00e9s, vous pouvez demander un prix en envoyant un e-mail \u00e0 notre adresse e-mail dans la section contact. Pour les productions sp\u00e9ciales de 150 pi\u00e8ces et plus, la couleur du tissu, la couleur de la doublure et la couleur de la fermeture \u00e9clair peuvent \u00eatre modifi\u00e9es.<\/span><\/p>\n<p class=\"MsoNormal\" style=\"color: rgb(110, 111, 112); line-height: normal; font-family: Verdana, serif, arial; font-size: 14px; margin-bottom: 0pt;\"><span style=\"font-size: 9pt;\"><br \/><\/span><\/p>\n<p class=\"MsoNormal\" style=\"color: rgb(110, 111, 112); line-height: normal; font-family: Verdana, serif, arial; font-size: 14px; margin-bottom: 0pt;\"><span style=\"font-size: 9pt;\">il s&rsquo;agit d&rsquo;un produit en stock, vous pouvez commander la quantit\u00e9 que vous souhaitez \u00e0 partir du stock, le sac a 3 couleurs diff\u00e9rentes,&nbsp;<\/span><\/p>\n<p class=\"MsoNormal\" style=\"color: rgb(110, 111, 112); line-height: normal; font-family: Verdana, serif, arial; font-size: 14px; margin-bottom: 0pt;\"><span style=\"font-size: 9pt;\"><br \/><\/span><\/p>\n<p class=\"MsoNormal\" style=\"color: rgb(110, 111, 112); line-height: normal; font-family: Verdana, serif, arial; font-size: 14px; margin-bottom: 0pt;\"><span style=\"font-size: 9pt;\"><\/span><\/p>\n<p class=\"MsoNormal\" style=\"color: rgb(110, 111, 112); line-height: normal; font-family: Verdana, serif, arial; font-size: 14px; margin-bottom: 0pt;\"><span style=\"font-size: 9pt;\">Taille du sac&nbsp; Ses dimensions sont de 40x30x10 cm. Le sac \u00e0 dos se compose de 3 compartiments principaux. Une mousse de 8 mm d&rsquo;\u00e9paisseur et une fermeture \u00e9clair de qualit\u00e9 de type 8 sont utilis\u00e9es.&nbsp;<\/span><span style=\"font-size: 9pt;\">Le sac comporte un compartiment pour ordinateur portable. Fabriqu\u00e9 en tissu imperm\u00e9able en lin. La doublure int\u00e9rieure est en impertex 270 deniers.<\/span><\/p>\n<p class=\"MsoNormal\" style=\"color: rgb(110, 111, 112); line-height: normal; font-family: Verdana, serif, arial; font-size: 14px; margin-bottom: 0pt;\"><span style=\"font-size: 9pt;\"><br \/>Le transfert ou la s\u00e9rigraphie peuvent \u00eatre r\u00e9alis\u00e9s \u00e0 l&rsquo;int\u00e9rieur ou \u00e0 l&rsquo;ext\u00e9rieur du sac. La quantit\u00e9 command\u00e9e doit \u00eatre d&rsquo;au moins 150 pi\u00e8ces pour l&rsquo;impression de la broderie.<o:p><\/o:p><\/span><\/p>\n<p class=\"MsoNormal\" style=\"color: rgb(110, 111, 112); line-height: normal; font-family: Verdana, serif, arial; font-size: 14px; margin-bottom: 0pt;\"><span style=\"font-size: 9pt;\">Le d\u00e9lai de fabrication des sacs \u00e0 dos promotionnels est de 10 jours en moyenne, il peut \u00eatre raccourci en fonction de l&rsquo;importance du travail.&nbsp;<o:p><\/o:p><\/span><\/p>\n<p class=\"MsoNormal\" style=\"color: rgb(110, 111, 112); line-height: normal; font-family: Verdana, serif, arial; font-size: 14px; margin-bottom: 0pt;\"><span style=\"font-size: 9pt;\">Les produits en stock peuvent \u00eatre livr\u00e9s le jour m\u00eame sans impression. Si les produits en stock sont imprim\u00e9s, cela peut prendre quelques jours en fonction de la situation. Veuillez obtenir des informations sur les stocks actuels.<\/p>\n<p>Les sacs \u00e0 dos promotionnels sont un produit promotionnel utile que vous pouvez utiliser lors de toutes sortes d&rsquo;\u00e9v\u00e9nements tels que des congr\u00e8s, des symposiums et des s\u00e9minaires \u00e0 des fins promotionnelles et que vous pouvez offrir \u00e0 vos clients.<\/span><\/p>\n","protected":false},"excerpt":{"rendered":"<p>Promotion des sacs \u00e0 dos Le prix est indiqu\u00e9 pour 500 pi\u00e8ces. La TVA de 8% et les frais d&rsquo;impression ne sont pas inclus dans le prix. Pour vos demandes de prix en diff\u00e9rentes quantit\u00e9s, vous pouvez demander un prix en envoyant un e-mail \u00e0 notre adresse e-mail dans la section contact. Pour les productions&hellip;<\/p>\n","protected":false},"featured_media":42278,"comment_status":"open","ping_status":"closed","template":"","meta":[],"product_brand":[],"product_cat":[1374,1363,1376],"product_tag":[1583,1816,1448,1826,1820,1815,1824,1813,1825,1819,1811,1822,1814,1823,1812,1818,1810,1821,1817],"class_list":{"0":"post-44672","1":"product","2":"type-product","3":"status-publish","4":"has-post-thumbnail","6":"product_cat-sac-a-dos","7":"product_cat-sac-de-congres-et-de-symposium","8":"product_cat-sacs-approvisionnes","9":"product_tag-entreprises-de-fabrication-de-sacs","10":"product_tag-entreprises-de-sacs-promotionnels","11":"product_tag-fabricants-de-sacs","12":"product_tag-grossistes-en-sacs-istoc","13":"product_tag-impression-de-sacs-a-dos","14":"product_tag-prix-des-sacs-a-dos-promotionnels","15":"product_tag-sac-a-dos-avec-compartiment-pour-ordinateur-portable-pas-cher","16":"product_tag-sac-a-dos-congres","17":"product_tag-sac-a-dos-istoc","18":"product_tag-sac-a-dos-pour-ordinateur-portable-fr","19":"product_tag-sac-a-dos-promotionnel","20":"product_tag-sac-de-conference","21":"product_tag-sac-de-congres","22":"product_tag-sac-de-congres-istanbul","23":"product_tag-sac-de-congres-promotionnel","24":"product_tag-sac-du-symposium","25":"product_tag-sacoche-de-seminaire","26":"product_tag-sacs-de-qualite-en-gros","27":"product_tag-sacs-promotionnels","28":"description-off","30":"first","31":"instock","32":"shipping-taxable","33":"purchasable","34":"product-type-simple"},"yoast_head":"<!-- This site is optimized with the Yoast SEO plugin v26.6 - https:\/\/yoast.com\/wordpress\/plugins\/seo\/ -->\n<title>Promotion des sacs \u00e0 dos - Tekno \u00c7anta - Promosyon Toptan \u00c7anta \u0130malat\u0131<\/title>\n<meta name=\"robots\" content=\"index, follow, max-snippet:-1, max-image-preview:large, max-video-preview:-1\" \/>\n<link rel=\"canonical\" href=\"https:\/\/www.teknocanta.com\/promotion-des-sacs-a-dos\/\" \/>\n<meta property=\"og:locale\" content=\"fr_FR\" \/>\n<meta property=\"og:type\" content=\"article\" \/>\n<meta property=\"og:title\" content=\"Promotion des sacs \u00e0 dos - Tekno \u00c7anta - Promosyon Toptan \u00c7anta \u0130malat\u0131\" \/>\n<meta property=\"og:description\" content=\"Promotion des sacs \u00e0 dos Le prix est indiqu\u00e9 pour 500 pi\u00e8ces. La TVA de 8% et les frais d&rsquo;impression ne sont pas inclus dans le prix. Pour vos demandes de prix en diff\u00e9rentes quantit\u00e9s, vous pouvez demander un prix en envoyant un e-mail \u00e0 notre adresse e-mail dans la section contact. Pour les productions&hellip;\" \/>\n<meta property=\"og:url\" content=\"https:\/\/www.teknocanta.com\/promotion-des-sacs-a-dos\/\" \/>\n<meta property=\"og:site_name\" content=\"Tekno \u00c7anta - Promosyon Toptan \u00c7anta \u0130malat\u0131\" \/>\n<meta name=\"twitter:card\" content=\"summary_large_image\" \/>\n<meta name=\"twitter:label1\" content=\"Dur\u00e9e de lecture estim\u00e9e\" \/>\n\t<meta name=\"twitter:data1\" content=\"2 minutes\" \/>\n<script type=\"application\/ld+json\" class=\"yoast-schema-graph\">{\"@context\":\"https:\/\/schema.org\",\"@graph\":[{\"@type\":\"WebPage\",\"@id\":\"https:\/\/www.teknocanta.com\/promotion-des-sacs-a-dos\/\",\"url\":\"https:\/\/www.teknocanta.com\/promotion-des-sacs-a-dos\/\",\"name\":\"Promotion des sacs \u00e0 dos - Tekno \u00c7anta - Promosyon Toptan \u00c7anta \u0130malat\u0131\",\"isPartOf\":{\"@id\":\"https:\/\/www.teknocanta.com\/#website\"},\"primaryImageOfPage\":{\"@id\":\"https:\/\/www.teknocanta.com\/promotion-des-sacs-a-dos\/#primaryimage\"},\"image\":{\"@id\":\"https:\/\/www.teknocanta.com\/promotion-des-sacs-a-dos\/#primaryimage\"},\"thumbnailUrl\":\"https:\/\/www.teknocanta.com\/wp-content\/uploads\/2021\/10\/sirtcantasipromosyon5.jpeg\",\"datePublished\":\"2021-10-14T12:56:01+00:00\",\"breadcrumb\":{\"@id\":\"https:\/\/www.teknocanta.com\/promotion-des-sacs-a-dos\/#breadcrumb\"},\"inLanguage\":\"fr-FR\",\"potentialAction\":[{\"@type\":\"ReadAction\",\"target\":[\"https:\/\/www.teknocanta.com\/promotion-des-sacs-a-dos\/\"]}]},{\"@type\":\"ImageObject\",\"inLanguage\":\"fr-FR\",\"@id\":\"https:\/\/www.teknocanta.com\/promotion-des-sacs-a-dos\/#primaryimage\",\"url\":\"https:\/\/www.teknocanta.com\/wp-content\/uploads\/2021\/10\/sirtcantasipromosyon5.jpeg\",\"contentUrl\":\"https:\/\/www.teknocanta.com\/wp-content\/uploads\/2021\/10\/sirtcantasipromosyon5.jpeg\",\"width\":841,\"height\":1012},{\"@type\":\"BreadcrumbList\",\"@id\":\"https:\/\/www.teknocanta.com\/promotion-des-sacs-a-dos\/#breadcrumb\",\"itemListElement\":[{\"@type\":\"ListItem\",\"position\":1,\"name\":\"Ana sayfa\",\"item\":\"https:\/\/www.teknocanta.com\/fr\/\"},{\"@type\":\"ListItem\",\"position\":2,\"name\":\"\u00dcr\u00fcnler\",\"item\":\"https:\/\/www.teknocanta.com\/urunler\/\"},{\"@type\":\"ListItem\",\"position\":3,\"name\":\"Promotion des sacs \u00e0 dos\"}]},{\"@type\":\"WebSite\",\"@id\":\"https:\/\/www.teknocanta.com\/#website\",\"url\":\"https:\/\/www.teknocanta.com\/\",\"name\":\"Tekno \u00c7anta - Promosyon Toptan \u00c7anta \u0130malat\u0131\",\"description\":\"Toptan \u00e7anta imalat\u0131, ham bez \u00e7anta, s\u0131rt \u00e7antalar\u0131, laptop ve evrak \u00e7antalar\u0131, kongre \u00e7antalar\u0131, fuar \u00e7antas\u0131 ve ipli b\u00fczg\u00fcl\u00fc \u00e7anta imalat\u0131 yapmaktay\u0131z.\",\"potentialAction\":[{\"@type\":\"SearchAction\",\"target\":{\"@type\":\"EntryPoint\",\"urlTemplate\":\"https:\/\/www.teknocanta.com\/?s={search_term_string}\"},\"query-input\":{\"@type\":\"PropertyValueSpecification\",\"valueRequired\":true,\"valueName\":\"search_term_string\"}}],\"inLanguage\":\"fr-FR\"}]}<\/script>\n<!-- \/ Yoast SEO plugin. -->","yoast_head_json":{"title":"Promotion des sacs \u00e0 dos - Tekno \u00c7anta - Promosyon Toptan \u00c7anta \u0130malat\u0131","robots":{"index":"index","follow":"follow","max-snippet":"max-snippet:-1","max-image-preview":"max-image-preview:large","max-video-preview":"max-video-preview:-1"},"canonical":"https:\/\/www.teknocanta.com\/promotion-des-sacs-a-dos\/","og_locale":"fr_FR","og_type":"article","og_title":"Promotion des sacs \u00e0 dos - Tekno \u00c7anta - Promosyon Toptan \u00c7anta \u0130malat\u0131","og_description":"Promotion des sacs \u00e0 dos Le prix est indiqu\u00e9 pour 500 pi\u00e8ces. La TVA de 8% et les frais d&rsquo;impression ne sont pas inclus dans le prix. Pour vos demandes de prix en diff\u00e9rentes quantit\u00e9s, vous pouvez demander un prix en envoyant un e-mail \u00e0 notre adresse e-mail dans la section contact. Pour les productions&hellip;","og_url":"https:\/\/www.teknocanta.com\/promotion-des-sacs-a-dos\/","og_site_name":"Tekno \u00c7anta - Promosyon Toptan \u00c7anta \u0130malat\u0131","twitter_card":"summary_large_image","twitter_misc":{"Dur\u00e9e de lecture estim\u00e9e":"2 minutes"},"schema":{"@context":"https:\/\/schema.org","@graph":[{"@type":"WebPage","@id":"https:\/\/www.teknocanta.com\/promotion-des-sacs-a-dos\/","url":"https:\/\/www.teknocanta.com\/promotion-des-sacs-a-dos\/","name":"Promotion des sacs \u00e0 dos - Tekno \u00c7anta - Promosyon Toptan \u00c7anta \u0130malat\u0131","isPartOf":{"@id":"https:\/\/www.teknocanta.com\/#website"},"primaryImageOfPage":{"@id":"https:\/\/www.teknocanta.com\/promotion-des-sacs-a-dos\/#primaryimage"},"image":{"@id":"https:\/\/www.teknocanta.com\/promotion-des-sacs-a-dos\/#primaryimage"},"thumbnailUrl":"https:\/\/www.teknocanta.com\/wp-content\/uploads\/2021\/10\/sirtcantasipromosyon5.jpeg","datePublished":"2021-10-14T12:56:01+00:00","breadcrumb":{"@id":"https:\/\/www.teknocanta.com\/promotion-des-sacs-a-dos\/#breadcrumb"},"inLanguage":"fr-FR","potentialAction":[{"@type":"ReadAction","target":["https:\/\/www.teknocanta.com\/promotion-des-sacs-a-dos\/"]}]},{"@type":"ImageObject","inLanguage":"fr-FR","@id":"https:\/\/www.teknocanta.com\/promotion-des-sacs-a-dos\/#primaryimage","url":"https:\/\/www.teknocanta.com\/wp-content\/uploads\/2021\/10\/sirtcantasipromosyon5.jpeg","contentUrl":"https:\/\/www.teknocanta.com\/wp-content\/uploads\/2021\/10\/sirtcantasipromosyon5.jpeg","width":841,"height":1012},{"@type":"BreadcrumbList","@id":"https:\/\/www.teknocanta.com\/promotion-des-sacs-a-dos\/#breadcrumb","itemListElement":[{"@type":"ListItem","position":1,"name":"Ana sayfa","item":"https:\/\/www.teknocanta.com\/fr\/"},{"@type":"ListItem","position":2,"name":"\u00dcr\u00fcnler","item":"https:\/\/www.teknocanta.com\/urunler\/"},{"@type":"ListItem","position":3,"name":"Promotion des sacs \u00e0 dos"}]},{"@type":"WebSite","@id":"https:\/\/www.teknocanta.com\/#website","url":"https:\/\/www.teknocanta.com\/","name":"Tekno \u00c7anta - Promosyon Toptan \u00c7anta \u0130malat\u0131","description":"Toptan \u00e7anta imalat\u0131, ham bez \u00e7anta, s\u0131rt \u00e7antalar\u0131, laptop ve evrak \u00e7antalar\u0131, kongre \u00e7antalar\u0131, fuar \u00e7antas\u0131 ve ipli b\u00fczg\u00fcl\u00fc \u00e7anta imalat\u0131 yapmaktay\u0131z.","potentialAction":[{"@type":"SearchAction","target":{"@type":"EntryPoint","urlTemplate":"https:\/\/www.teknocanta.com\/?s={search_term_string}"},"query-input":{"@type":"PropertyValueSpecification","valueRequired":true,"valueName":"search_term_string"}}],"inLanguage":"fr-FR"}]}},"_links":{"self":[{"href":"https:\/\/www.teknocanta.com\/fr\/wp-json\/wp\/v2\/product\/44672","targetHints":{"allow":["GET"]}}],"collection":[{"href":"https:\/\/www.teknocanta.com\/fr\/wp-json\/wp\/v2\/product"}],"about":[{"href":"https:\/\/www.teknocanta.com\/fr\/wp-json\/wp\/v2\/types\/product"}],"replies":[{"embeddable":true,"href":"https:\/\/www.teknocanta.com\/fr\/wp-json\/wp\/v2\/comments?post=44672"}],"wp:featuredmedia":[{"embeddable":true,"href":"https:\/\/www.teknocanta.com\/fr\/wp-json\/wp\/v2\/media\/42278"}],"wp:attachment":[{"href":"https:\/\/www.teknocanta.com\/fr\/wp-json\/wp\/v2\/media?parent=44672"}],"wp:term":[{"taxonomy":"product_brand","embeddable":true,"href":"https:\/\/www.teknocanta.com\/fr\/wp-json\/wp\/v2\/product_brand?post=44672"},{"taxonomy":"product_cat","embeddable":true,"href":"https:\/\/www.teknocanta.com\/fr\/wp-json\/wp\/v2\/product_cat?post=44672"},{"taxonomy":"product_tag","embeddable":true,"href":"https:\/\/www.teknocanta.com\/fr\/wp-json\/wp\/v2\/product_tag?post=44672"}],"curies":[{"name":"wp","href":"https:\/\/api.w.org\/{rel}","templated":true}]}}