{"id":44669,"date":"2021-10-14T15:56:01","date_gmt":"2021-10-14T12:56:01","guid":{"rendered":"https:\/\/www.teknocanta.com\/sac-en-tissu-brut-avec-soufflet-de-fond\/"},"modified":"2021-10-14T15:56:01","modified_gmt":"2021-10-14T12:56:01","slug":"sac-en-tissu-ondule-de-base","status":"publish","type":"product","link":"https:\/\/www.teknocanta.com\/fr\/produit\/sac-en-tissu-ondule-de-base\/","title":{"rendered":"Sac en tissu brut avec soufflet de fond"},"content":{"rendered":"<div>Sac en tissu brut avec soufflet de fond<\/div>\n<div>Fr : 35 cm<\/div>\n<div>Hauteur 40 cm&nbsp;<\/div>\n<div>Soufflet inf\u00e9rieur 8 cm<\/div>\n<div>46 fils\/140 gr. tissu brut tissu<\/div>\n<div>Mod\u00e8le \u00e0 poign\u00e9e longue<\/div>\n<div>D\u00e9lai de fabrication 7 jours<\/div>\n<div><\/div>\n<div>Pour vos demandes de prix en diff\u00e9rentes quantit\u00e9s et tailles, vous pouvez demander un prix en envoyant un e-mail \u00e0 notre adresse e-mail dans la section contact.<\/div>\n<div><\/div>\n<div>Si vous envisagez de commander un fourre-tout \u00e0 soufflet ou si vous souhaitez obtenir des informations sur les prix, veuillez envoyer un courriel \u00e0 notre adresse \u00e9lectronique dans la section contact en indiquant la quantit\u00e9 command\u00e9e, l&rsquo;image \u00e0 imprimer sur le fourre-tout et les dimensions, sans oublier de pr\u00e9ciser s&rsquo;il s&rsquo;agit d&rsquo;une poign\u00e9e courte ou d&rsquo;une poign\u00e9e longue.<\/div>\n<div>Le nombre de couleurs de l&rsquo;impression, la technique d&rsquo;impression en fonction de l&rsquo;image \u00e0 imprimer et le nombre de commandes sont les facteurs qui influencent le prix. Notre repr\u00e9sentant de la client\u00e8le vous r\u00e9pondra d\u00e8s que possible le jour m\u00eame.&nbsp;<\/div>\n<div><\/div>\n<div>Les \u00e9paisseurs de tissu utilis\u00e9es dans les sacs fourre-tout promotionnels \u00e0 soufflets sont en moyenne de 46 fils \/ 140 gr \/ m2. Vous pouvez choisir la longueur des poign\u00e9es des sacs fourre-tout bruts : poign\u00e9es longues avec bretelles ou poign\u00e9es courtes avec poign\u00e9es. La taille la plus courante est de 35x40x8 cm. Il est possible de produire horizontalement et verticalement en diff\u00e9rentes tailles.&nbsp;<\/div>\n<div><\/div>\n<div>Le d\u00e9lai moyen de fabrication des sacs fourre-tout est d&rsquo;une semaine, il peut \u00eatre raccourci en fonction de l&rsquo;importance du travail. Des impressions unicolores ou multicolores peuvent \u00eatre r\u00e9alis\u00e9es en fonction du nombre de couleurs de votre logo. Diff\u00e9rentes techniques d&rsquo;impression peuvent \u00eatre utilis\u00e9es en fonction de l&rsquo;image \u00e0 imprimer. L&rsquo;impression peut se faire sur une face du sac ou sur les deux faces. L&rsquo;image \u00e0 imprimer sur le sac peut \u00eatre imprim\u00e9e sur une partie ou sur la totalit\u00e9 du sac. En termes d&rsquo;\u00e9conomie, l&rsquo;impression d&rsquo;une seule couleur et d&rsquo;une seule face est g\u00e9n\u00e9ralement pr\u00e9f\u00e9r\u00e9e,&nbsp;<\/div>\n<div><\/div>\n<div>Les sacs \u00e0 soufflets en tissu brut sont l&rsquo;un des types de sacs les plus appr\u00e9ci\u00e9s car ils sont recyclables et respectueux de l&rsquo;environnement. Les sacs fourre-tout bruts sont dans leurs couleurs naturelles brutes. Selon les pr\u00e9f\u00e9rences du client, les tissus en couleurs brutes peuvent \u00eatre teints dans la couleur souhait\u00e9e. Cette situation n&rsquo;est pas tr\u00e8s souhaitable car elle augmente trop le prix. Les sacs en tissu brut peuvent \u00eatre lav\u00e9s \u00e0 la main ou \u00e0 la machine \u00e0 laver. Le lavage du produit n&rsquo;entra\u00eenera pas le d\u00e9collement de l&rsquo;impression.<\/div>\n<div><\/div>\n<div>Les sacs fourre-tout promotionnels sont un produit promotionnel utile que vous pouvez utiliser dans toutes sortes d&rsquo;\u00e9v\u00e9nements tels que les foires et les symposiums \u00e0 des fins promotionnelles et que vous pouvez offrir \u00e0 vos clients.<\/div>\n<div><\/div>\n<div>Nous pouvons livrer les produits en fonction de l&#8217;emplacement de votre entreprise ou nous les livrons dans toute la Turquie par l&rsquo;interm\u00e9diaire de notre soci\u00e9t\u00e9 de fret sous contrat.<\/div>\n<div><\/div>\n","protected":false},"excerpt":{"rendered":"<p>Sac en tissu brut avec soufflet de fond Fr : 35 cm Hauteur 40 cm&nbsp; Soufflet inf\u00e9rieur 8 cm 46 fils\/140 gr. tissu brut tissu Mod\u00e8le \u00e0 poign\u00e9e longue D\u00e9lai de fabrication 7 jours Pour vos demandes de prix en diff\u00e9rentes quantit\u00e9s et tailles, vous pouvez demander un prix en envoyant un e-mail \u00e0 notre&hellip;<\/p>\n","protected":false},"featured_media":42275,"comment_status":"open","ping_status":"closed","template":"","meta":[],"product_brand":[],"product_cat":[1392],"product_tag":[1785,1783,1744,1781,1782,1784,1786],"class_list":{"0":"post-44669","1":"product","2":"type-product","3":"status-publish","4":"has-post-thumbnail","6":"product_cat-sac-en-tissu-brut","7":"product_tag-fabricants-de-sacs-en-tissu","8":"product_tag-fabrication-de-sacs-en-tissu-istanbul","9":"product_tag-production-de-sacs-en-tissu","10":"product_tag-sac-en-tissu-distanbul","11":"product_tag-sac-en-tissu-en-gros","12":"product_tag-sac-en-tissu-istoc","13":"product_tag-sac-fourre-tout-imprime","14":"description-off","16":"first","17":"instock","18":"shipping-taxable","19":"purchasable","20":"product-type-simple"},"yoast_head":"<!-- This site is optimized with the Yoast SEO plugin v26.6 - https:\/\/yoast.com\/wordpress\/plugins\/seo\/ -->\n<title>Sac en tissu brut avec soufflet de fond - Tekno \u00c7anta - Promosyon Toptan \u00c7anta \u0130malat\u0131<\/title>\n<meta name=\"robots\" content=\"index, follow, max-snippet:-1, max-image-preview:large, max-video-preview:-1\" \/>\n<link rel=\"canonical\" href=\"https:\/\/www.teknocanta.com\/sac-en-tissu-brut-avec-soufflet-de-fond\/\" \/>\n<meta property=\"og:locale\" content=\"fr_FR\" \/>\n<meta property=\"og:type\" content=\"article\" \/>\n<meta property=\"og:title\" content=\"Sac en tissu brut avec soufflet de fond - Tekno \u00c7anta - Promosyon Toptan \u00c7anta \u0130malat\u0131\" \/>\n<meta property=\"og:description\" content=\"Sac en tissu brut avec soufflet de fond Fr : 35 cm Hauteur 40 cm&nbsp; Soufflet inf\u00e9rieur 8 cm 46 fils\/140 gr. tissu brut tissu Mod\u00e8le \u00e0 poign\u00e9e longue D\u00e9lai de fabrication 7 jours Pour vos demandes de prix en diff\u00e9rentes quantit\u00e9s et tailles, vous pouvez demander un prix en envoyant un e-mail \u00e0 notre&hellip;\" \/>\n<meta property=\"og:url\" content=\"https:\/\/www.teknocanta.com\/sac-en-tissu-brut-avec-soufflet-de-fond\/\" \/>\n<meta property=\"og:site_name\" content=\"Tekno \u00c7anta - Promosyon Toptan \u00c7anta \u0130malat\u0131\" \/>\n<meta name=\"twitter:card\" content=\"summary_large_image\" \/>\n<meta name=\"twitter:label1\" content=\"Dur\u00e9e de lecture estim\u00e9e\" \/>\n\t<meta name=\"twitter:data1\" content=\"2 minutes\" \/>\n<script type=\"application\/ld+json\" class=\"yoast-schema-graph\">{\"@context\":\"https:\/\/schema.org\",\"@graph\":[{\"@type\":\"WebPage\",\"@id\":\"https:\/\/www.teknocanta.com\/sac-en-tissu-brut-avec-soufflet-de-fond\/\",\"url\":\"https:\/\/www.teknocanta.com\/sac-en-tissu-brut-avec-soufflet-de-fond\/\",\"name\":\"Sac en tissu brut avec soufflet de fond - Tekno \u00c7anta - Promosyon Toptan \u00c7anta \u0130malat\u0131\",\"isPartOf\":{\"@id\":\"https:\/\/www.teknocanta.com\/#website\"},\"primaryImageOfPage\":{\"@id\":\"https:\/\/www.teknocanta.com\/sac-en-tissu-brut-avec-soufflet-de-fond\/#primaryimage\"},\"image\":{\"@id\":\"https:\/\/www.teknocanta.com\/sac-en-tissu-brut-avec-soufflet-de-fond\/#primaryimage\"},\"thumbnailUrl\":\"https:\/\/www.teknocanta.com\/wp-content\/uploads\/2021\/10\/taban_koruklu_ham_bez_canta500x550.jpg\",\"datePublished\":\"2021-10-14T12:56:01+00:00\",\"breadcrumb\":{\"@id\":\"https:\/\/www.teknocanta.com\/sac-en-tissu-brut-avec-soufflet-de-fond\/#breadcrumb\"},\"inLanguage\":\"fr-FR\",\"potentialAction\":[{\"@type\":\"ReadAction\",\"target\":[\"https:\/\/www.teknocanta.com\/sac-en-tissu-brut-avec-soufflet-de-fond\/\"]}]},{\"@type\":\"ImageObject\",\"inLanguage\":\"fr-FR\",\"@id\":\"https:\/\/www.teknocanta.com\/sac-en-tissu-brut-avec-soufflet-de-fond\/#primaryimage\",\"url\":\"https:\/\/www.teknocanta.com\/wp-content\/uploads\/2021\/10\/taban_koruklu_ham_bez_canta500x550.jpg\",\"contentUrl\":\"https:\/\/www.teknocanta.com\/wp-content\/uploads\/2021\/10\/taban_koruklu_ham_bez_canta500x550.jpg\",\"width\":500,\"height\":550},{\"@type\":\"BreadcrumbList\",\"@id\":\"https:\/\/www.teknocanta.com\/sac-en-tissu-brut-avec-soufflet-de-fond\/#breadcrumb\",\"itemListElement\":[{\"@type\":\"ListItem\",\"position\":1,\"name\":\"Ana sayfa\",\"item\":\"https:\/\/www.teknocanta.com\/fr\/\"},{\"@type\":\"ListItem\",\"position\":2,\"name\":\"\u00dcr\u00fcnler\",\"item\":\"https:\/\/www.teknocanta.com\/urunler\/\"},{\"@type\":\"ListItem\",\"position\":3,\"name\":\"Sac en tissu brut avec soufflet de fond\"}]},{\"@type\":\"WebSite\",\"@id\":\"https:\/\/www.teknocanta.com\/#website\",\"url\":\"https:\/\/www.teknocanta.com\/\",\"name\":\"Tekno \u00c7anta - Promosyon Toptan \u00c7anta \u0130malat\u0131\",\"description\":\"Toptan \u00e7anta imalat\u0131, ham bez \u00e7anta, s\u0131rt \u00e7antalar\u0131, laptop ve evrak \u00e7antalar\u0131, kongre \u00e7antalar\u0131, fuar \u00e7antas\u0131 ve ipli b\u00fczg\u00fcl\u00fc \u00e7anta imalat\u0131 yapmaktay\u0131z.\",\"potentialAction\":[{\"@type\":\"SearchAction\",\"target\":{\"@type\":\"EntryPoint\",\"urlTemplate\":\"https:\/\/www.teknocanta.com\/?s={search_term_string}\"},\"query-input\":{\"@type\":\"PropertyValueSpecification\",\"valueRequired\":true,\"valueName\":\"search_term_string\"}}],\"inLanguage\":\"fr-FR\"}]}<\/script>\n<!-- \/ Yoast SEO plugin. -->","yoast_head_json":{"title":"Sac en tissu brut avec soufflet de fond - Tekno \u00c7anta - Promosyon Toptan \u00c7anta \u0130malat\u0131","robots":{"index":"index","follow":"follow","max-snippet":"max-snippet:-1","max-image-preview":"max-image-preview:large","max-video-preview":"max-video-preview:-1"},"canonical":"https:\/\/www.teknocanta.com\/sac-en-tissu-brut-avec-soufflet-de-fond\/","og_locale":"fr_FR","og_type":"article","og_title":"Sac en tissu brut avec soufflet de fond - Tekno \u00c7anta - Promosyon Toptan \u00c7anta \u0130malat\u0131","og_description":"Sac en tissu brut avec soufflet de fond Fr : 35 cm Hauteur 40 cm&nbsp; Soufflet inf\u00e9rieur 8 cm 46 fils\/140 gr. tissu brut tissu Mod\u00e8le \u00e0 poign\u00e9e longue D\u00e9lai de fabrication 7 jours Pour vos demandes de prix en diff\u00e9rentes quantit\u00e9s et tailles, vous pouvez demander un prix en envoyant un e-mail \u00e0 notre&hellip;","og_url":"https:\/\/www.teknocanta.com\/sac-en-tissu-brut-avec-soufflet-de-fond\/","og_site_name":"Tekno \u00c7anta - Promosyon Toptan \u00c7anta \u0130malat\u0131","twitter_card":"summary_large_image","twitter_misc":{"Dur\u00e9e de lecture estim\u00e9e":"2 minutes"},"schema":{"@context":"https:\/\/schema.org","@graph":[{"@type":"WebPage","@id":"https:\/\/www.teknocanta.com\/sac-en-tissu-brut-avec-soufflet-de-fond\/","url":"https:\/\/www.teknocanta.com\/sac-en-tissu-brut-avec-soufflet-de-fond\/","name":"Sac en tissu brut avec soufflet de fond - Tekno \u00c7anta - Promosyon Toptan \u00c7anta \u0130malat\u0131","isPartOf":{"@id":"https:\/\/www.teknocanta.com\/#website"},"primaryImageOfPage":{"@id":"https:\/\/www.teknocanta.com\/sac-en-tissu-brut-avec-soufflet-de-fond\/#primaryimage"},"image":{"@id":"https:\/\/www.teknocanta.com\/sac-en-tissu-brut-avec-soufflet-de-fond\/#primaryimage"},"thumbnailUrl":"https:\/\/www.teknocanta.com\/wp-content\/uploads\/2021\/10\/taban_koruklu_ham_bez_canta500x550.jpg","datePublished":"2021-10-14T12:56:01+00:00","breadcrumb":{"@id":"https:\/\/www.teknocanta.com\/sac-en-tissu-brut-avec-soufflet-de-fond\/#breadcrumb"},"inLanguage":"fr-FR","potentialAction":[{"@type":"ReadAction","target":["https:\/\/www.teknocanta.com\/sac-en-tissu-brut-avec-soufflet-de-fond\/"]}]},{"@type":"ImageObject","inLanguage":"fr-FR","@id":"https:\/\/www.teknocanta.com\/sac-en-tissu-brut-avec-soufflet-de-fond\/#primaryimage","url":"https:\/\/www.teknocanta.com\/wp-content\/uploads\/2021\/10\/taban_koruklu_ham_bez_canta500x550.jpg","contentUrl":"https:\/\/www.teknocanta.com\/wp-content\/uploads\/2021\/10\/taban_koruklu_ham_bez_canta500x550.jpg","width":500,"height":550},{"@type":"BreadcrumbList","@id":"https:\/\/www.teknocanta.com\/sac-en-tissu-brut-avec-soufflet-de-fond\/#breadcrumb","itemListElement":[{"@type":"ListItem","position":1,"name":"Ana sayfa","item":"https:\/\/www.teknocanta.com\/fr\/"},{"@type":"ListItem","position":2,"name":"\u00dcr\u00fcnler","item":"https:\/\/www.teknocanta.com\/urunler\/"},{"@type":"ListItem","position":3,"name":"Sac en tissu brut avec soufflet de fond"}]},{"@type":"WebSite","@id":"https:\/\/www.teknocanta.com\/#website","url":"https:\/\/www.teknocanta.com\/","name":"Tekno \u00c7anta - Promosyon Toptan \u00c7anta \u0130malat\u0131","description":"Toptan \u00e7anta imalat\u0131, ham bez \u00e7anta, s\u0131rt \u00e7antalar\u0131, laptop ve evrak \u00e7antalar\u0131, kongre \u00e7antalar\u0131, fuar \u00e7antas\u0131 ve ipli b\u00fczg\u00fcl\u00fc \u00e7anta imalat\u0131 yapmaktay\u0131z.","potentialAction":[{"@type":"SearchAction","target":{"@type":"EntryPoint","urlTemplate":"https:\/\/www.teknocanta.com\/?s={search_term_string}"},"query-input":{"@type":"PropertyValueSpecification","valueRequired":true,"valueName":"search_term_string"}}],"inLanguage":"fr-FR"}]}},"_links":{"self":[{"href":"https:\/\/www.teknocanta.com\/fr\/wp-json\/wp\/v2\/product\/44669","targetHints":{"allow":["GET"]}}],"collection":[{"href":"https:\/\/www.teknocanta.com\/fr\/wp-json\/wp\/v2\/product"}],"about":[{"href":"https:\/\/www.teknocanta.com\/fr\/wp-json\/wp\/v2\/types\/product"}],"replies":[{"embeddable":true,"href":"https:\/\/www.teknocanta.com\/fr\/wp-json\/wp\/v2\/comments?post=44669"}],"wp:featuredmedia":[{"embeddable":true,"href":"https:\/\/www.teknocanta.com\/fr\/wp-json\/wp\/v2\/media\/42275"}],"wp:attachment":[{"href":"https:\/\/www.teknocanta.com\/fr\/wp-json\/wp\/v2\/media?parent=44669"}],"wp:term":[{"taxonomy":"product_brand","embeddable":true,"href":"https:\/\/www.teknocanta.com\/fr\/wp-json\/wp\/v2\/product_brand?post=44669"},{"taxonomy":"product_cat","embeddable":true,"href":"https:\/\/www.teknocanta.com\/fr\/wp-json\/wp\/v2\/product_cat?post=44669"},{"taxonomy":"product_tag","embeddable":true,"href":"https:\/\/www.teknocanta.com\/fr\/wp-json\/wp\/v2\/product_tag?post=44669"}],"curies":[{"name":"wp","href":"https:\/\/api.w.org\/{rel}","templated":true}]}}