{"id":44666,"date":"2021-10-14T15:56:24","date_gmt":"2021-10-14T12:56:24","guid":{"rendered":"https:\/\/www.teknocanta.com\/sac-de-congres-anthracite\/"},"modified":"2021-10-14T15:56:24","modified_gmt":"2021-10-14T12:56:24","slug":"sac-congres-anthracite","status":"publish","type":"product","link":"https:\/\/www.teknocanta.com\/fr\/produit\/sac-congres-anthracite\/","title":{"rendered":"Sac de congr\u00e8s &#8211; Anthracite"},"content":{"rendered":"<ul>\n<li>FiyLes prix sont \u00e9tablis pour 500 pi\u00e8ces. Vous pouvez \u00e9galement commander de plus petites quantit\u00e9s.&nbsp;<\/li>\n<li>Produit stock\u00e9. Les documents non imprim\u00e9s peuvent \u00eatre livr\u00e9s le jour m\u00eame.&nbsp;<\/li>\n<li>La TVA (8%) et les frais d&rsquo;impression ne sont pas inclus dans le prix.&nbsp;<\/li>\n<li>Pour les commandes de 250 pi\u00e8ces ou plus, la couleur du tissu, la couleur de la doublure ou la couleur de la fermeture \u00e9clair peuvent \u00eatre modifi\u00e9es.&nbsp;<\/li>\n<li>Le sac est en impertex de lin, les doublures sont en tissu 270 deniers.&nbsp;<\/li>\n<li>Des tissus sans phtalates et ne contenant pas de substances canc\u00e9rig\u00e8nes sont utilis\u00e9s.<\/li>\n<li>Taille du sac 30x40x8 cm. Il se compose d&rsquo;un compartiment avant, d&rsquo;un compartiment arri\u00e8re et d&rsquo;un compartiment sup\u00e9rieur.&nbsp;<\/li>\n<li>Un compartiment pour ordinateur portable se trouve \u00e0 l&rsquo;int\u00e9rieur du sac.&nbsp;<\/li>\n<li>Corps du sac en mousse de 8 mm d&rsquo;\u00e9paisseur. Zip de qualit\u00e9 de type 8<\/li>\n<li>Tous les types d&rsquo;impression sont possibles \u00e0 l&rsquo;int\u00e9rieur ou \u00e0 l&rsquo;ext\u00e9rieur du sac.<\/li>\n<li>D\u00e9lais de fabrication des sacs de congr\u00e8s promotionnels Le d\u00e9lai de fabrication moyen est de 15 jours.<\/li>\n<li>Veuillez obtenir des informations sur les stocks actuels.<\/li>\n<li>Les sacs de congr\u00e8s sont g\u00e9n\u00e9ralement un produit promotionnel utile que vous pouvez utiliser lors de toutes sortes d&rsquo;\u00e9v\u00e9nements tels que des congr\u00e8s, des symposiums, des conf\u00e9rences et des s\u00e9minaires et que vous pouvez offrir \u00e0 vos clients.<\/li>\n<\/ul>\n","protected":false},"excerpt":{"rendered":"<p>FiyLes prix sont \u00e9tablis pour 500 pi\u00e8ces. Vous pouvez \u00e9galement commander de plus petites quantit\u00e9s.&nbsp; Produit stock\u00e9. Les documents non imprim\u00e9s peuvent \u00eatre livr\u00e9s le jour m\u00eame.&nbsp; La TVA (8%) et les frais d&rsquo;impression ne sont pas inclus dans le prix.&nbsp; Pour les commandes de 250 pi\u00e8ces ou plus, la couleur du tissu, la couleur&hellip;<\/p>\n","protected":false},"featured_media":42380,"comment_status":"open","ping_status":"closed","template":"","meta":[],"product_brand":[],"product_cat":[1365,1363],"product_tag":[1770,1771,1769],"class_list":{"0":"post-44666","1":"product","2":"type-product","3":"status-publish","4":"has-post-thumbnail","6":"product_cat-ordinateur-portable-et-mallette","7":"product_cat-sac-de-congres-et-de-symposium","8":"product_tag-fabrication-de-mallettes","9":"product_tag-porte-documents-avec-stock","10":"product_tag-porte-documents-en-gros","11":"description-off","13":"first","14":"instock","15":"shipping-taxable","16":"purchasable","17":"product-type-simple"},"yoast_head":"<!-- This site is optimized with the Yoast SEO plugin v26.6 - https:\/\/yoast.com\/wordpress\/plugins\/seo\/ -->\n<title>Sac de congr\u00e8s - Anthracite - Tekno \u00c7anta - Promosyon Toptan \u00c7anta \u0130malat\u0131<\/title>\n<meta name=\"robots\" content=\"index, follow, max-snippet:-1, max-image-preview:large, max-video-preview:-1\" \/>\n<link rel=\"canonical\" href=\"https:\/\/www.teknocanta.com\/sac-de-congres-anthracite\/\" \/>\n<meta property=\"og:locale\" content=\"fr_FR\" \/>\n<meta property=\"og:type\" content=\"article\" \/>\n<meta property=\"og:title\" content=\"Sac de congr\u00e8s - Anthracite - Tekno \u00c7anta - Promosyon Toptan \u00c7anta \u0130malat\u0131\" \/>\n<meta property=\"og:description\" content=\"FiyLes prix sont \u00e9tablis pour 500 pi\u00e8ces. Vous pouvez \u00e9galement commander de plus petites quantit\u00e9s.&nbsp; Produit stock\u00e9. Les documents non imprim\u00e9s peuvent \u00eatre livr\u00e9s le jour m\u00eame.&nbsp; La TVA (8%) et les frais d&rsquo;impression ne sont pas inclus dans le prix.&nbsp; Pour les commandes de 250 pi\u00e8ces ou plus, la couleur du tissu, la couleur&hellip;\" \/>\n<meta property=\"og:url\" content=\"https:\/\/www.teknocanta.com\/sac-de-congres-anthracite\/\" \/>\n<meta property=\"og:site_name\" content=\"Tekno \u00c7anta - Promosyon Toptan \u00c7anta \u0130malat\u0131\" \/>\n<meta name=\"twitter:card\" content=\"summary_large_image\" \/>\n<meta name=\"twitter:label1\" content=\"Dur\u00e9e de lecture estim\u00e9e\" \/>\n\t<meta name=\"twitter:data1\" content=\"1 minute\" \/>\n<script type=\"application\/ld+json\" class=\"yoast-schema-graph\">{\"@context\":\"https:\/\/schema.org\",\"@graph\":[{\"@type\":\"WebPage\",\"@id\":\"https:\/\/www.teknocanta.com\/sac-de-congres-anthracite\/\",\"url\":\"https:\/\/www.teknocanta.com\/sac-de-congres-anthracite\/\",\"name\":\"Sac de congr\u00e8s - Anthracite - Tekno \u00c7anta - Promosyon Toptan \u00c7anta \u0130malat\u0131\",\"isPartOf\":{\"@id\":\"https:\/\/www.teknocanta.com\/#website\"},\"primaryImageOfPage\":{\"@id\":\"https:\/\/www.teknocanta.com\/sac-de-congres-anthracite\/#primaryimage\"},\"image\":{\"@id\":\"https:\/\/www.teknocanta.com\/sac-de-congres-anthracite\/#primaryimage\"},\"thumbnailUrl\":\"https:\/\/www.teknocanta.com\/wp-content\/uploads\/2021\/10\/kongre_cantasi_antrasit_son_ana_resim_3.jpg\",\"datePublished\":\"2021-10-14T12:56:24+00:00\",\"breadcrumb\":{\"@id\":\"https:\/\/www.teknocanta.com\/sac-de-congres-anthracite\/#breadcrumb\"},\"inLanguage\":\"fr-FR\",\"potentialAction\":[{\"@type\":\"ReadAction\",\"target\":[\"https:\/\/www.teknocanta.com\/sac-de-congres-anthracite\/\"]}]},{\"@type\":\"ImageObject\",\"inLanguage\":\"fr-FR\",\"@id\":\"https:\/\/www.teknocanta.com\/sac-de-congres-anthracite\/#primaryimage\",\"url\":\"https:\/\/www.teknocanta.com\/wp-content\/uploads\/2021\/10\/kongre_cantasi_antrasit_son_ana_resim_3.jpg\",\"contentUrl\":\"https:\/\/www.teknocanta.com\/wp-content\/uploads\/2021\/10\/kongre_cantasi_antrasit_son_ana_resim_3.jpg\",\"width\":905,\"height\":804},{\"@type\":\"BreadcrumbList\",\"@id\":\"https:\/\/www.teknocanta.com\/sac-de-congres-anthracite\/#breadcrumb\",\"itemListElement\":[{\"@type\":\"ListItem\",\"position\":1,\"name\":\"Ana sayfa\",\"item\":\"https:\/\/www.teknocanta.com\/fr\/\"},{\"@type\":\"ListItem\",\"position\":2,\"name\":\"\u00dcr\u00fcnler\",\"item\":\"https:\/\/www.teknocanta.com\/urunler\/\"},{\"@type\":\"ListItem\",\"position\":3,\"name\":\"Sac de congr\u00e8s &#8211; Anthracite\"}]},{\"@type\":\"WebSite\",\"@id\":\"https:\/\/www.teknocanta.com\/#website\",\"url\":\"https:\/\/www.teknocanta.com\/\",\"name\":\"Tekno \u00c7anta - Promosyon Toptan \u00c7anta \u0130malat\u0131\",\"description\":\"Toptan \u00e7anta imalat\u0131, ham bez \u00e7anta, s\u0131rt \u00e7antalar\u0131, laptop ve evrak \u00e7antalar\u0131, kongre \u00e7antalar\u0131, fuar \u00e7antas\u0131 ve ipli b\u00fczg\u00fcl\u00fc \u00e7anta imalat\u0131 yapmaktay\u0131z.\",\"potentialAction\":[{\"@type\":\"SearchAction\",\"target\":{\"@type\":\"EntryPoint\",\"urlTemplate\":\"https:\/\/www.teknocanta.com\/?s={search_term_string}\"},\"query-input\":{\"@type\":\"PropertyValueSpecification\",\"valueRequired\":true,\"valueName\":\"search_term_string\"}}],\"inLanguage\":\"fr-FR\"}]}<\/script>\n<!-- \/ Yoast SEO plugin. -->","yoast_head_json":{"title":"Sac de congr\u00e8s - Anthracite - Tekno \u00c7anta - Promosyon Toptan \u00c7anta \u0130malat\u0131","robots":{"index":"index","follow":"follow","max-snippet":"max-snippet:-1","max-image-preview":"max-image-preview:large","max-video-preview":"max-video-preview:-1"},"canonical":"https:\/\/www.teknocanta.com\/sac-de-congres-anthracite\/","og_locale":"fr_FR","og_type":"article","og_title":"Sac de congr\u00e8s - Anthracite - Tekno \u00c7anta - Promosyon Toptan \u00c7anta \u0130malat\u0131","og_description":"FiyLes prix sont \u00e9tablis pour 500 pi\u00e8ces. Vous pouvez \u00e9galement commander de plus petites quantit\u00e9s.&nbsp; Produit stock\u00e9. Les documents non imprim\u00e9s peuvent \u00eatre livr\u00e9s le jour m\u00eame.&nbsp; La TVA (8%) et les frais d&rsquo;impression ne sont pas inclus dans le prix.&nbsp; Pour les commandes de 250 pi\u00e8ces ou plus, la couleur du tissu, la couleur&hellip;","og_url":"https:\/\/www.teknocanta.com\/sac-de-congres-anthracite\/","og_site_name":"Tekno \u00c7anta - Promosyon Toptan \u00c7anta \u0130malat\u0131","twitter_card":"summary_large_image","twitter_misc":{"Dur\u00e9e de lecture estim\u00e9e":"1 minute"},"schema":{"@context":"https:\/\/schema.org","@graph":[{"@type":"WebPage","@id":"https:\/\/www.teknocanta.com\/sac-de-congres-anthracite\/","url":"https:\/\/www.teknocanta.com\/sac-de-congres-anthracite\/","name":"Sac de congr\u00e8s - Anthracite - Tekno \u00c7anta - Promosyon Toptan \u00c7anta \u0130malat\u0131","isPartOf":{"@id":"https:\/\/www.teknocanta.com\/#website"},"primaryImageOfPage":{"@id":"https:\/\/www.teknocanta.com\/sac-de-congres-anthracite\/#primaryimage"},"image":{"@id":"https:\/\/www.teknocanta.com\/sac-de-congres-anthracite\/#primaryimage"},"thumbnailUrl":"https:\/\/www.teknocanta.com\/wp-content\/uploads\/2021\/10\/kongre_cantasi_antrasit_son_ana_resim_3.jpg","datePublished":"2021-10-14T12:56:24+00:00","breadcrumb":{"@id":"https:\/\/www.teknocanta.com\/sac-de-congres-anthracite\/#breadcrumb"},"inLanguage":"fr-FR","potentialAction":[{"@type":"ReadAction","target":["https:\/\/www.teknocanta.com\/sac-de-congres-anthracite\/"]}]},{"@type":"ImageObject","inLanguage":"fr-FR","@id":"https:\/\/www.teknocanta.com\/sac-de-congres-anthracite\/#primaryimage","url":"https:\/\/www.teknocanta.com\/wp-content\/uploads\/2021\/10\/kongre_cantasi_antrasit_son_ana_resim_3.jpg","contentUrl":"https:\/\/www.teknocanta.com\/wp-content\/uploads\/2021\/10\/kongre_cantasi_antrasit_son_ana_resim_3.jpg","width":905,"height":804},{"@type":"BreadcrumbList","@id":"https:\/\/www.teknocanta.com\/sac-de-congres-anthracite\/#breadcrumb","itemListElement":[{"@type":"ListItem","position":1,"name":"Ana sayfa","item":"https:\/\/www.teknocanta.com\/fr\/"},{"@type":"ListItem","position":2,"name":"\u00dcr\u00fcnler","item":"https:\/\/www.teknocanta.com\/urunler\/"},{"@type":"ListItem","position":3,"name":"Sac de congr\u00e8s &#8211; Anthracite"}]},{"@type":"WebSite","@id":"https:\/\/www.teknocanta.com\/#website","url":"https:\/\/www.teknocanta.com\/","name":"Tekno \u00c7anta - Promosyon Toptan \u00c7anta \u0130malat\u0131","description":"Toptan \u00e7anta imalat\u0131, ham bez \u00e7anta, s\u0131rt \u00e7antalar\u0131, laptop ve evrak \u00e7antalar\u0131, kongre \u00e7antalar\u0131, fuar \u00e7antas\u0131 ve ipli b\u00fczg\u00fcl\u00fc \u00e7anta imalat\u0131 yapmaktay\u0131z.","potentialAction":[{"@type":"SearchAction","target":{"@type":"EntryPoint","urlTemplate":"https:\/\/www.teknocanta.com\/?s={search_term_string}"},"query-input":{"@type":"PropertyValueSpecification","valueRequired":true,"valueName":"search_term_string"}}],"inLanguage":"fr-FR"}]}},"_links":{"self":[{"href":"https:\/\/www.teknocanta.com\/fr\/wp-json\/wp\/v2\/product\/44666","targetHints":{"allow":["GET"]}}],"collection":[{"href":"https:\/\/www.teknocanta.com\/fr\/wp-json\/wp\/v2\/product"}],"about":[{"href":"https:\/\/www.teknocanta.com\/fr\/wp-json\/wp\/v2\/types\/product"}],"replies":[{"embeddable":true,"href":"https:\/\/www.teknocanta.com\/fr\/wp-json\/wp\/v2\/comments?post=44666"}],"wp:featuredmedia":[{"embeddable":true,"href":"https:\/\/www.teknocanta.com\/fr\/wp-json\/wp\/v2\/media\/42380"}],"wp:attachment":[{"href":"https:\/\/www.teknocanta.com\/fr\/wp-json\/wp\/v2\/media?parent=44666"}],"wp:term":[{"taxonomy":"product_brand","embeddable":true,"href":"https:\/\/www.teknocanta.com\/fr\/wp-json\/wp\/v2\/product_brand?post=44666"},{"taxonomy":"product_cat","embeddable":true,"href":"https:\/\/www.teknocanta.com\/fr\/wp-json\/wp\/v2\/product_cat?post=44666"},{"taxonomy":"product_tag","embeddable":true,"href":"https:\/\/www.teknocanta.com\/fr\/wp-json\/wp\/v2\/product_tag?post=44666"}],"curies":[{"name":"wp","href":"https:\/\/api.w.org\/{rel}","templated":true}]}}